{"id":15756,"date":"2023-07-15T07:43:13","date_gmt":"2023-07-15T07:43:13","guid":{"rendered":"https:\/\/www.ticketswhales.com\/private-tour-samana-whale-watching-cayo-levantado-bacardi-island-from-samana-port\/"},"modified":"2023-07-15T07:43:13","modified_gmt":"2023-07-15T07:43:13","slug":"private-tour-samana-whale-watching-cayo-levantado-bacardi-island-from-samana-port","status":"publish","type":"page","link":"https:\/\/www.boattoursamana.com\/ro\/tur-privat-samana-vizionarea-balenelor-cayo-levantado-insula-bacardi-din-portul-samana","title":{"rendered":"Tur privat Observarea balenelor Saman\u00e1 + Cayo Levantado (insula Bacardi) din portul Saman\u00e1"},"content":{"rendered":"<p>Excursie privat\u0103 de observare a balenelor \u00een golful Samana, Republica Dominican\u0103, cu ghizi de turism pentru localnici. Sim\u021bi\u021bi-v\u0103 liber s\u0103 v\u0103 seta\u021bi ora la sosire sau pentru a termina excursia. Pr\u00e2nzul \u0219i ora sunt stabilite singur. Rezerva\u021bi acum aceast\u0103 excursie \u00een golful Samana pentru o experien\u021b\u0103 bun\u0103 de vizionare a balenelor.<br \/>\nn<br \/>\nnNot\u0103: acest tur este un tur privat cu o plat\u0103 minim\u0103. V\u0103 rug\u0103m s\u0103 v\u0103 al\u0103tura\u021bi unui grup de observare a balenelor cu acela\u0219i pre\u021b \u00een Catamaran\u00a0 <a href=\"https:\/\/www.boattoursamana.com\/ro\/tours-excursions\/tours-and-excursions\/samana-whale-watching-cayo-levantado\/\">CLICK AICI.<\/a><br \/>\nn<br \/>\nn&nbsp;<br \/>\nn<br \/>\nn<em><strong>V\u0103 rug\u0103m s\u0103 selecta\u021bi data pentru excursie:<\/strong><\/em><\/p>\n<p>&nbsp;<\/p>\n<div class=\"vc_row wpb_row vc_row-fluid\" ><div class=\"wpb_column vc_column_container vc_col-sm-12\"><div class=\"vc_column-inner\"><div class=\"wpb_wrapper\"><div class=\"vc_empty_space\"   style=\"height: 32px\"><span class=\"vc_empty_space_inner\"><\/span><\/div><div class=\"mkdf-section-title-holder\" style=\"text-align: left\">\n\t<div class=\"mkdf-st-inner\">\n\t\t\t\t\t<h5 class=\"mkdf-st-subtitle\" >\n\t\t\t\tTur privat cu barca din portul Saman\u00e1\t\t\t<\/h5>\n\t\t\t\t\t\t\t<h3 class=\"mkdf-st-title\" >\n\t\t\t\tSamana Cayo Levantado + Whale Watching\t\t\t<\/h3>\n\t\t\t\t\t<\/div>\n<\/div><div class=\"vc_message_box vc_message_box-standard vc_message_box-rounded vc_color-info\" ><div class=\"vc_message_box-icon\"><i class=\"fas fa-info-circle\"><\/i><\/div><p>Acesta este un tur privat de minim 4 persoane. Pentru a rezerva aceea\u0219i excursie \u00een grupuri de catamaran <a href=\"https:\/\/www.boattoursamana.com\/ro\/tours-excursions\/tours-and-excursions\/samana-whale-watching-cayo-levantado\/\">Click aici.<\/a><br \/>\nn<br \/>\nnDac\u0103 sunte\u021bi mai pu\u021bin de 4 persoane \u0219i v\u0103 va pl\u0103cea Privat Contacta\u021bi-ne.<\/p>\n<\/div><div class=\"vc_empty_space\"   style=\"height: 32px\"><span class=\"vc_empty_space_inner\"><\/span><\/div><\/div><\/div><\/div><\/div><div class=\"vc_row wpb_row vc_row-fluid\" ><div class=\"wpb_column vc_column_container vc_col-sm-12\"><div class=\"vc_column-inner\"><div class=\"wpb_wrapper\"><div class=\"vc_btn3-container vc_btn3-inline\" ><a class=\"vc_general vc_btn3 vc_btn3-size-md vc_btn3-shape-rounded vc_btn3-style-modern vc_btn3-color-green\" href=\"https:\/\/bookingadventures.tours\/booking.php?tour_id=ccd2fafcfb0614232b46b749871336cb\" title=\"REZERVA ACUM\" rel=\"noopener\">REZERVA ACUM<\/a><\/div>\n\t<div class=\"wpb_text_column wpb_content_element\" >\n\t\t<div class=\"wpb_wrapper\">\n\t\t\t<p>\nn<\/p>\n<div class=\"vc_row wpb_row vc_row-fluid\">\nn<\/p>\n<div class=\"wpb_column vc_column_container vc_col-sm-12\">\nn<\/p>\n<div class=\"vc_column-inner\">\nn<\/p>\n<div class=\"wpb_wrapper\">\nn<\/p>\n<div class=\"wpb_text_column wpb_content_element\">\nn<\/p>\n<div class=\"wpb_wrapper\">\nn<\/p>\n<div class=\"vc_row wpb_row vc_row-fluid\">\nn<\/p>\n<div class=\"wpb_column vc_column_container vc_col-sm-12\">\nn<\/p>\n<div class=\"vc_column-inner\">\nn<\/p>\n<div class=\"wpb_wrapper\">\nn<\/p>\n<div class=\"wpb_text_column wpb_content_element\">\nn<\/p>\n<div class=\"wpb_wrapper\">\nn<\/p>\n<h4><b><i>Prezentare general\u0103<img decoding=\"async\" class=\"emoji\" draggable=\"false\" src=\"https:\/\/s.w.org\/images\/core\/emoji\/12.0.0-1\/svg\/1f433.svg\" alt=\" \" title=\"\"><\/i><\/b><\/h4>\n<p>n<strong>Evita\u021bi grupurile mari de turi\u0219ti<\/strong>\u00a0\u0219i face\u021bi-v\u0103 observarea balenelor \u00een golful Saman\u00e1 pornind din portul Saman\u00e1 \u00eentr-o barc\u0103 privat\u0103. Aceast\u0103 c\u0103l\u0103torie \u00eencepe la ora 9:00 \u0219i se termin\u0103 la ora 17:00. Dar pentru c\u0103 va fi o c\u0103l\u0103torie privat\u0103, pute\u021bi stabili ora de \u00eencepere \u0219i de terminare. \u00cent\u00e2lnire \u00eenainte \u00een biroul nostru de l\u00e2ng\u0103 Restaurantul Regal. Dup\u0103 ce am avortat barca noastr\u0103 pentru a vizita balenele \u00een propriul lor habitat. C\u0103pitanii no\u0219tri sunt instrui\u021bi s\u0103 se asigure c\u0103 vede\u021bi balene.<br \/>\nn<br \/>\nnDe la 9:00 am p\u00e2n\u0103 la 12:00-amiaz\u0103 Observatorul de observare a balenelor \u0219i Dup\u0103 aceast\u0103 excursie cu balene vom vizita Insula Bacardi \/ Cayo Levantado. \u00cen Insula Bacardi, va fi oferit pr\u00e2nz tip bufet \u00een stil tipic dominican (orez, fasole, pe\u0219te, salate...). C\u00e2nd pr\u00e2nzul este terminat, ave\u021bi voie s\u0103 \u00eenota\u021bi p\u00e2n\u0103 la ora 16:30. Turul se va termina la ora 17:00 \u00een acela\u0219i port de unde va \u00eencepe.<br \/>\nn<br \/>\nn<strong>Not\u0103:<\/strong>\u00a0Acest tur este privat. (Doar tu \u0219i familia sau prietenii la bord cu c\u0103pitanul \u0219i ghidul turistic).<br \/>\nn<\/p>\n<ul>\nn \t<\/p>\n<li>Excursie de observare a balenelor<\/li>\n<p>n \t<\/p>\n<li>Taxe de intrare la Observator<\/li>\n<p>n \t<\/p>\n<li>Include pr\u00e2nz tip bufet pe plaj\u0103<\/li>\n<p>n \t<\/p>\n<li>Transfer cu barca<\/li>\n<p>n \t<\/p>\n<li>C\u0103pitanul ofer\u0103 instruc\u021bie \u0219i supraveghere<\/li>\n<p>n \t<\/p>\n<li>Ghid turistic<\/li>\n<p>n<\/ul>\n<p>n&nbsp;<br \/>\nn<\/p>\n<h4><b>Incluziuni \u0219i excluderi<\/b><\/h4>\n<p>n&nbsp;<br \/>\nn<br \/>\nn<b>Incluziuni<\/b><br \/>\nn<br \/>\nn&nbsp;<br \/>\nn<\/p>\n<ol>\nn \t<\/p>\n<li>Pranz tip bufet pe plaja<\/li>\n<p>n \t<\/p>\n<li>Ghid turistic<\/li>\n<p>n \t<\/p>\n<li>Excursie cu catamaran sau cu barca<\/li>\n<p>n \t<\/p>\n<li>Toate taxele, taxele \u0219i taxele de manipulare<\/li>\n<p>n \t<\/p>\n<li>Taxe locale<\/li>\n<p>n \t<\/p>\n<li>B\u0103uturi<\/li>\n<p>n<\/ol>\n<p>n<b>Excluderile<\/b><br \/>\nn<\/p>\n<ol>\nn \t<\/p>\n<li>Gratuitatii<\/li>\n<p>n \t<\/p>\n<li>Ma\u0219in\u0103 de transfer<\/li>\n<p>n \t<\/p>\n<li>Bauturi alcoolice<\/li>\n<p>n<\/ol>\n<p>n&nbsp;<br \/>\nn<\/p>\n<h4><em><strong>Plecare \u0219i \u00eentoarcere<\/strong><\/em><\/h4>\n<p>nC\u0103l\u0103torul va primi un punct de \u00eent\u00e2lnire dup\u0103 procesul de rezervare. Tururile \u00eencep \u0219i se termin\u0103 \u00een punctele noastre de \u00eent\u00e2lnire.<br \/>\nn<br \/>\nn&nbsp;<br \/>\nn<\/p>\n<h4><b><i>La ce s\u0103 te a\u0219tep\u021bi?<\/i><\/b><\/h4>\n<p>n&nbsp;<br \/>\nn<br \/>\nn<em><strong>Ia-\u021bi biletele<\/strong><\/em>\u00a0pentru o zi tur privat de observare a balenelor \u00een golful Saman\u00e1 plus un pr\u00e2nz minunat \u0219i timp de plaj\u0103 pe insula Bacardi.<br \/>\nn<br \/>\nnPassul de o zi pentru observarea balenelor, organizat de \"Booking Adventures\", \u00eencepe la punctul de \u00eent\u00e2lnire stabilit cu ghidul turistic. Masa de pr\u00e2nz pe plaj\u0103 \u0219i pute\u021bi sta c\u00e2t dori\u021bi s\u0103 \u00eenota\u021bi \u00een jur. Dac\u0103 sunte\u021bi vegani, v\u0103 putem stabili \u0219i ceva de m\u00e2ncare.<br \/>\nn<br \/>\nn<strong>Orar:<\/strong><br \/>\nn<br \/>\nn8:45 AM - 5:00 PM<br \/>\nn<br \/>\nn&nbsp;<br \/>\nn<\/p>\n<h4><em><strong>Ce ar trebui s\u0103 aduci?<\/strong><\/em><\/h4>\n<p>n<\/p>\n<ul>\nn \t<\/p>\n<li>aparat foto<\/li>\n<p>n \t<\/p>\n<li>Muguri repelent<\/li>\n<p>n \t<\/p>\n<li>lotiune de plaja<\/li>\n<p>n \t<\/p>\n<li>P\u0103l\u0103rie<\/li>\n<p>n \t<\/p>\n<li>Pantaloni comozi<\/li>\n<p>n \t<\/p>\n<li>Sandale la plaj\u0103<\/li>\n<p>n \t<\/p>\n<li>\u00cembr\u0103c\u0103minte de \u00eenot<\/li>\n<p>n \t<\/p>\n<li>Cash pentru suveniruri<\/li>\n<p>n<\/ul>\n<p>n&nbsp;<br \/>\nn<\/p>\n<h4><b><i>Preluare la hotel<\/i><\/b><\/h4>\n<p>nPentru acest tur nu se ofer\u0103 servicii de preluare la hotel.<br \/>\nn<br \/>\nn&nbsp;<br \/>\nn<br \/>\nn<b>Not\u0103:<\/b>\u00a0dac\u0103 rezerva\u021bi \u00een 24 de ore de la ora plec\u0103rii turului\/excursiei, putem aranja preluarea de la hotel cu taxe suplimentare. Odat\u0103 ce achizi\u021bia dvs. este finalizat\u0103, v\u0103 vom trimite informa\u021bii complete de contact (num\u0103r de telefon, adres\u0103 de e-mail etc.) pentru ghidul nostru local pentru a organiza aranjamentele de ridicare.<br \/>\nn<\/p>\n<h4><b><i>Confirmare informa\u021bii suplimentare<\/i><\/b><\/h4>\n<p>n<\/p>\n<ol>\nn \t<\/p>\n<li>Biletele sunt Chitan\u021ba dup\u0103 plata acestui Tur. Pute\u021bi afi\u0219a plata pe telefon.<\/li>\n<p>n \t<\/p>\n<li>Punctul de \u00eent\u00e2lnire va fi primit dup\u0103 procesul de rezervare.<\/li>\n<p>n \t<\/p>\n<li>Copiii trebuie s\u0103 fie \u00eenso\u021bi\u021bi de un adult.<\/li>\n<p>n \t<\/p>\n<li>scaun cu rotile accesibil<\/li>\n<p>n \t<\/p>\n<li>Bebelu\u0219ii trebuie s\u0103 stea pe poale<\/li>\n<p>n \t<\/p>\n<li>Majoritatea c\u0103l\u0103torilor pot participa<\/li>\n<p>n<\/ol>\n<p>n<\/p>\n<h4><b><i>Politica de anulare<\/i><\/b><\/h4>\n<p>n<span style=\"font-weight: 400;\">Pentru o rambursare complet\u0103, v\u0103 rug\u0103m s\u0103 citi\u021bi politicile noastre de anulare\u00a0<a href=\"https:\/\/www.boattoursamana.com\/ro\/rezervare-online\/\" target=\"_blank\" rel=\"noopener\" data-saferedirecturl=\"https:\/\/www.google.com\/url?q=https:\/\/www.boattoursamana.com\/online-booking\/&amp;source=gmail&amp;ust=1672449202351000&amp;usg=AOvVaw1yAeVAPktmaVCqDujgUn90\">Click aici<\/a>. Fondurile se vor pierde dac\u0103 rezervarea este anulat\u0103 \u00een aceea\u0219i zi a c\u0103l\u0103toriei.<\/span><br \/>\nn<br \/>\nn<\/div>\n<p>n\n<\/p><\/div>\n<p>n\n<\/p><\/div>\n<p>n\n<\/p><\/div>\n<p>n\n<\/p><\/div>\n<p>n\n<\/p><\/div>\n<p>n\n<\/p><\/div>\n<p>n\n<\/p><\/div>\n<p>n\n<\/p><\/div>\n<p>n\n<\/p><\/div>\n<p>n\n<\/p><\/div>\n<p>n\n<\/p><\/div>\n<p>n<\/p>\n<div class=\"vc_row wpb_row vc_row-fluid\">\nn<\/p>\n<div class=\"wpb_column vc_column_container vc_col-sm-12\">\nn<\/p>\n<div class=\"vc_column-inner\">\nn<\/p>\n<div class=\"wpb_wrapper\">\nn<\/p>\n<div class=\"vc_empty_space\"><\/div>\n<p>n<\/p>\n<div class=\"wpb_text_column wpb_content_element\">\nn<\/p>\n<div class=\"wpb_wrapper\">\nn<\/p>\n<h4>Contacteaz\u0103-ne?<\/h4>\n<p>n<\/p>\n<h5><b><i>TUR BALENE SAMANA<\/i><\/b><\/h5>\n<p>n<em><strong>Localnicii<\/strong>\u00a0\u0219i\u00a0<strong>Na\u0163ionalii<\/strong>\u00a0Ghizi turistici \u0219i servicii pentru oaspe\u021bi<\/em><br \/>\nn<br \/>\nn<span class=\"text-turquoise\">Rezervari:<\/span>\u00a0Tururi \u0219i excursii \u00een Dom. Reprezentant.<br \/>\nn<br \/>\nn<img decoding=\"async\" class=\"emoji\" draggable=\"false\" src=\"https:\/\/s.w.org\/images\/core\/emoji\/11.2.0\/svg\/1f4de.svg\" alt=\" \" title=\"\">\u00a0Tel\/Whatsapp\u00a0\u00a0<a href=\"tel:+1-809-720-6035\">+1-809-720-6035<\/a>.<br \/>\nn<br \/>\nn<img decoding=\"async\" class=\"emoji\" draggable=\"false\" src=\"https:\/\/s.w.org\/images\/core\/emoji\/11.2.0\/svg\/1f4e9.svg\" alt=\" \" title=\"\">\u00a0<a href=\"mailto:info@bookingadventures.com.do\">info@bookingadventures.com.do<\/a><br \/>\nn<br \/>\nn<strong>Suntem flexibili, stabilim tururi private prin Whatsapp:\u00a0<a href=\"tel:+18097206035\">+18097206035.<\/a><\/strong><br \/>\nn<br \/>\nn<\/div>\n<p>n\n<\/p><\/div>\n<p>n\n<\/p><\/div>\n<p>n\n<\/p><\/div>\n<p>n\n<\/p><\/div>\n<p>n\n<\/p><\/div>\n<p>n<\/p>\n\n\t\t<\/div>\n\t<\/div>\n<div class=\"vc_btn3-container vc_btn3-inline\" ><a class=\"vc_general vc_btn3 vc_btn3-size-md vc_btn3-shape-rounded vc_btn3-style-modern vc_btn3-color-green\" href=\"https:\/\/bookingadventures.tours\/booking.php?tour_id=ccd2fafcfb0614232b46b749871336cb\" title=\"REZERVA ACUM\" rel=\"noopener\">REZERVA ACUM<\/a><\/div><\/div><\/div><\/div><\/div>","protected":false},"excerpt":{"rendered":"<p>Private whale watching trip in Samana bay, the Dominican Republic with Locals tours Guides. Feel free to set your time to arrived or to finish the Excursion. Lunch and timing are set by your self. Book Now this excursion in Samana bay for a Good whale watching trip experience. n nNote: This tour is a Private Tour with a Minimum Payment. To join a group for whale watching with the same price in Catamaran please\u00a0 CLICK HERE. n n&nbsp; n [&hellip;]<\/p>\n","protected":false},"author":2,"featured_media":0,"parent":0,"menu_order":0,"comment_status":"open","ping_status":"closed","template":"","meta":{"footnotes":""},"class_list":["post-15756","page","type-page","status-publish","hentry"],"_links":{"self":[{"href":"https:\/\/www.boattoursamana.com\/ro\/wp-json\/wp\/v2\/pages\/15756","targetHints":{"allow":["GET"]}}],"collection":[{"href":"https:\/\/www.boattoursamana.com\/ro\/wp-json\/wp\/v2\/pages"}],"about":[{"href":"https:\/\/www.boattoursamana.com\/ro\/wp-json\/wp\/v2\/types\/page"}],"author":[{"embeddable":true,"href":"https:\/\/www.boattoursamana.com\/ro\/wp-json\/wp\/v2\/users\/2"}],"replies":[{"embeddable":true,"href":"https:\/\/www.boattoursamana.com\/ro\/wp-json\/wp\/v2\/comments?post=15756"}],"version-history":[{"count":0,"href":"https:\/\/www.boattoursamana.com\/ro\/wp-json\/wp\/v2\/pages\/15756\/revisions"}],"wp:attachment":[{"href":"https:\/\/www.boattoursamana.com\/ro\/wp-json\/wp\/v2\/media?parent=15756"}],"curies":[{"name":"wp","href":"https:\/\/api.w.org\/{rel}","templated":true}]}}