{"id":15766,"date":"2023-07-15T07:43:13","date_gmt":"2023-07-15T07:43:13","guid":{"rendered":"https:\/\/www.ticketswhales.com\/miches-whales-watching-half-day-experience-media-luna-half-moon\/"},"modified":"2023-07-15T07:43:13","modified_gmt":"2023-07-15T07:43:13","slug":"miches-whales-watching-half-day-experience-media-luna-half-moon","status":"publish","type":"page","link":"https:\/\/www.boattoursamana.com\/ro\/miches-whales-watching-jumatate-zi-experienta-media-luna-half-moon-2","title":{"rendered":"Miches Whales Watching Half Day Experience \u2013 Media Luna (Half-Moon)."},"content":{"rendered":"<p><span style=\"vertical-align: inherit;\"><span style=\"vertical-align: inherit;\">Avistamiento de ballenas de medio d\u00eda en la bah\u00eda de Saman\u00e1, Rep\u00fablica Dominicana. <\/span><span style=\"vertical-align: inherit;\">Avistamiento de ballenas desde el puerto de Miches \u00eentr-un catamar\u00e1n sau botez confortabil. <\/span><span style=\"vertical-align: inherit;\">Rezerva\u021bi pentru diminea\u021ba dup\u0103 dejun pentru a vizita Media Luna (Media Luna) \u0219i Avistamiento de Ballenas. <\/span><span style=\"vertical-align: inherit;\">Rezerva\u021bi acum aceast\u0103 excursie \u00een bah\u00eda de Saman\u00e1 pentru a v\u0103 bucura de un bun avistamiento de ballenas \u0219i o experien\u021b\u0103 de c\u0103l\u0103torie \u00een mar.<\/span><\/span><br \/>\nn<br \/>\nn<span style=\"vertical-align: inherit;\"><span style=\"vertical-align: inherit;\">Selecta\u021bi data excursiei:<\/span><\/span><\/p>\n<p>&nbsp;<\/p>\n<div class=\"vc_row wpb_row vc_row-fluid\" ><div class=\"wpb_column vc_column_container vc_col-sm-12\"><div class=\"vc_column-inner\"><div class=\"wpb_wrapper\"><div class=\"vc_btn3-container vc_btn3-inline\" ><button class=\"vc_general vc_btn3 vc_btn3-size-md vc_btn3-shape-rounded vc_btn3-style-modern vc_btn3-color-green\">REZERVA ACUM<\/button><\/div><div class=\"mkdf-section-title-holder\" style=\"text-align: left\">\n\t<div class=\"mkdf-st-inner\">\n\t\t\t\t\t<h5 class=\"mkdf-st-subtitle\" >\n\t\t\t\tMedia Luna (semi-lun\u0103) inclus\u0103.\t\t\t<\/h5>\n\t\t\t\t\t\t\t<h3 class=\"mkdf-st-title\" >\n\t\t\t\tExperien\u021b\u0103 de jum\u0103tate de zi de observare a balenelor Miches\t\t\t<\/h3>\n\t\t\t\t\t<\/div>\n<\/div><\/div><\/div><\/div><\/div><div class=\"vc_row wpb_row vc_row-fluid\" ><\/div><div class=\"wpb_column vc_column_container vc_col-sm-12\"><div class=\"vc_column-inner\"><div class=\"wpb_wrapper\"><\/div><\/div><\/div><div class=\"vc_row wpb_row vc_row-fluid\" ><div class=\"wpb_column vc_column_container vc_col-sm-12\"><div class=\"vc_column-inner\"><div class=\"wpb_wrapper\"><div class=\"vc_btn3-container vc_btn3-inline\" ><button class=\"vc_general vc_btn3 vc_btn3-size-md vc_btn3-shape-rounded vc_btn3-style-modern vc_btn3-color-green\">REZERVA ACUM<\/button><\/div><\/div><\/div><\/div><\/div>","protected":false},"excerpt":{"rendered":"<p>Avistamiento de ballenas de medio d\u00eda en la bah\u00eda de Saman\u00e1, Rep\u00fablica Dominicana. Avistamiento de ballenas desde el puerto de Miches en un c\u00f3modo catamar\u00e1n o bote. Reserve por la ma\u00f1ana despu\u00e9s del desayuno para visitar Media Luna (Media Luna) y Avistamiento de Ballenas. Reserve ahora esta excursi\u00f3n en la bah\u00eda de Saman\u00e1 para disfrutar de un buen avistamiento de ballenas y una experiencia de viaje en el mar. n nSeleccione la fecha de la excursi\u00f3n: &nbsp;<\/p>","protected":false},"author":2,"featured_media":0,"parent":0,"menu_order":0,"comment_status":"open","ping_status":"closed","template":"","meta":{"footnotes":""},"class_list":["post-15766","page","type-page","status-publish","hentry"],"_links":{"self":[{"href":"https:\/\/www.boattoursamana.com\/ro\/wp-json\/wp\/v2\/pages\/15766","targetHints":{"allow":["GET"]}}],"collection":[{"href":"https:\/\/www.boattoursamana.com\/ro\/wp-json\/wp\/v2\/pages"}],"about":[{"href":"https:\/\/www.boattoursamana.com\/ro\/wp-json\/wp\/v2\/types\/page"}],"author":[{"embeddable":true,"href":"https:\/\/www.boattoursamana.com\/ro\/wp-json\/wp\/v2\/users\/2"}],"replies":[{"embeddable":true,"href":"https:\/\/www.boattoursamana.com\/ro\/wp-json\/wp\/v2\/comments?post=15766"}],"version-history":[{"count":0,"href":"https:\/\/www.boattoursamana.com\/ro\/wp-json\/wp\/v2\/pages\/15766\/revisions"}],"wp:attachment":[{"href":"https:\/\/www.boattoursamana.com\/ro\/wp-json\/wp\/v2\/media?parent=15766"}],"curies":[{"name":"wp","href":"https:\/\/api.w.org\/{rel}","templated":true}]}}