{"id":15768,"date":"2023-07-15T07:43:13","date_gmt":"2023-07-15T07:43:13","guid":{"rendered":"https:\/\/www.ticketswhales.com\/playa-rincon-rincon-beach-half-day-trip-samana-dominican-republic\/"},"modified":"2023-07-15T07:43:13","modified_gmt":"2023-07-15T07:43:13","slug":"playa-rincon-rincon-beach-half-day-trip-samana-dominican-republic","status":"publish","type":"page","link":"https:\/\/www.boattoursamana.com\/ro\/playa-rincon-rincon-beach-excursie-de-o-jumatate-zi-samana-republica-dominicana-2","title":{"rendered":"Playa Rinc\u00f3n (Plaja Rincon), Excursie de jum\u0103tate de zi, Saman\u00e1 \u2013 Republica Dominican\u0103."},"content":{"rendered":"<p>Vizitarea plajei Playa el Rincon cu pr\u00e2nz pe plaj\u0103, oprire pe drum \u00een Dominican House \u0219i magazin de fructe plus \u00eenot \u00een apele cristaline ale r\u00e2ului Cano Frio. Aceasta este o experien\u021b\u0103 de jum\u0103tate de zi a adev\u0103ratului Samana din Republica Dominican\u0103.<br \/>\nn<br \/>\nn&nbsp;<br \/>\nn<br \/>\nn<strong>V\u0103 rug\u0103m s\u0103 selecta\u021bi data pentru turneu:\u00a0<\/strong><\/p>\n<p>&nbsp;<\/p>\n<div class=\"vc_row wpb_row vc_row-fluid\" ><div class=\"wpb_column vc_column_container vc_col-sm-12\"><div class=\"vc_column-inner\"><div class=\"wpb_wrapper\"><div class=\"mkdf-section-title-holder\" style=\"text-align: left\">\n\t<div class=\"mkdf-st-inner\">\n\t\t\t\t\t<h5 class=\"mkdf-st-subtitle\" >\n\t\t\t\tPr\u00e2nz, plimbare cu barca \u0219i transport privat de la hoteluri.\t\t\t<\/h5>\n\t\t\t\t\t\t\t<h3 class=\"mkdf-st-title\" >\n\t\t\t\tPlaya Rinc\u00f3n, Playa Fronton + Playa Madame Beach, Saman\u00e1 - Republica Dominican\u0103.\t\t\t<\/h3>\n\t\t\t\t\t<\/div>\n<\/div><div class=\"vc_btn3-container vc_btn3-inline\" ><button class=\"vc_general vc_btn3 vc_btn3-size-md vc_btn3-shape-rounded vc_btn3-style-modern vc_btn3-color-green\">REZERVA ACUM<\/button><\/div>\n\t<div class=\"wpb_text_column wpb_content_element\" >\n\t\t<div class=\"wpb_wrapper\">\n\t\t\t<p>\nn<\/p>\n<h3><\/h3>\n<p>n<\/p>\n<h4><b><i>Prezentare general\u0103 <\/i><\/b><\/h4>\n<p>C\u0103l\u0103toria \u00eencepe s\u0103 te ia de la hotel sau de la aeroportul din zona Samana sau Las Galeras. Descoperi\u021bi \u00eempreun\u0103 cu noi plaja El Rincon, o plaj\u0103 curat\u0103 \u0219i lung\u0103 cu nisip alb, care m\u0103rgine\u0219te un golf de ape calme turcoaz, pres\u0103rat cu cocotieri, care capteaz\u0103 aten\u021bia tuturor vizitatorilor. El Rincon este una dintre cele mai bune zece plaje din lume. Pentru a ajunge la aceast\u0103 plaj\u0103 unic\u0103, v\u0103 ve\u021bi bucura de stilul de via\u021b\u0103 din Republica Dominican\u0103 \u00een timp ce v\u0103 \u00eendrepta\u021bi spre plaj\u0103. \u00centr-un autobuz ve\u021bi avea c\u00e2teva opriri \u00een magazinele de fructe de unde pute\u021bi cump\u0103ra, dac\u0103 dori\u021bi, ve\u021bi vedea casele locale \u0219i ve\u021bi afla despre via\u021ba real\u0103 dominican\u0103.<br \/>\nn<\/p>\n<ul>\nn \t<\/p>\n<li>Ve\u021bi lua pr\u00e2nzul cu degetele de la picioare \u00een nisip, \u00een timp ce melodiile de merengue \u0219i bachata vor fi c\u00e2ntate la \u201eEl Paraiso\u201d, unde vi se va servi o mas\u0103 complet\u0103, care include o m\u00e2ncare de pe\u0219te, \u00eenso\u021bit\u0103 de b\u0103uturi locale \u0219i cocktail-uri. Aici vei gasi o perla naturala care este considerata una dintre cele mai frumoase plaje din tara. Nisipul alb, fin, marea turcoaz \u0219i palmierii \u00eenal\u021bi de un metru vorbesc de la sine.<\/li>\n<p>n<\/ul>\n<p>n&nbsp;<br \/>\nn<\/p>\n<ul>\nn \t<\/p>\n<li>Ghid local cu experien\u021b\u0103 \u00een siguran\u021b\u0103 \u00een zon\u0103.<\/li>\n<p>n \t<\/p>\n<li>Transport privat<\/li>\n<p>n \t<\/p>\n<li>Taxe incluse<\/li>\n<p>n \t<\/p>\n<li>Pranz la plaja<\/li>\n<p>n \t<\/p>\n<li>Ghid turistic local \u00een spaniol\u0103, englez\u0103 sau francez\u0103.<\/li>\n<p>n \t<\/p>\n<li>Drume\u021bii<\/li>\n<p>n<\/ul>\n<p>n<\/p>\n<h4><b>Incluziuni \u0219i excluderi<\/b><\/h4>\n<p>n&nbsp;<br \/>\nn<br \/>\nn<b>Incluziuni<\/b><br \/>\nn<\/p>\n<ol>\nn \t<\/p>\n<li><span style=\"font-weight: 400;\">Ghid local cu experien\u021b\u0103 \u00een siguran\u021b\u0103 \u00een zon\u0103.<\/span><\/li>\n<p>n \t<\/p>\n<li>Transport privat pentru grupuri mici<\/li>\n<p>n \t<\/p>\n<li style=\"font-weight: 400;\">Plaja El Rincon<\/li>\n<p>n \t<\/p>\n<li>Dominican House Ranch<\/li>\n<p>n \t<\/p>\n<li>R\u00e2ul Cano Frio<\/li>\n<p>n \t<\/p>\n<li style=\"font-weight: 400;\"><span style=\"font-weight: 400;\">Toate taxele, taxele \u0219i taxele de manipulare<\/span><\/li>\n<p>n \t<\/p>\n<li style=\"font-weight: 400;\"><span style=\"font-weight: 400;\">Taxe locale<\/span><\/li>\n<p>n \t<\/p>\n<li>Pranz la plaja<\/li>\n<p>n \t<\/p>\n<li>Drume\u021bii<\/li>\n<p>n \t<\/p>\n<li style=\"font-weight: 400;\"><span style=\"font-weight: 400;\">Toate activit\u0103\u021bile<\/span><\/li>\n<p>n<\/ol>\n<p>n<b> Excluderile<\/b><br \/>\nn<\/p>\n<ol>\nn \t<\/p>\n<li style=\"font-weight: 400;\"><span style=\"font-weight: 400;\">Gratuitatii<\/span><\/li>\n<p>n \t<\/p>\n<li>Toate B\u0103uturile<\/li>\n<p>n<\/ol>\n<p>n<\/p>\n<h4><em><strong>Plecare \u0219i \u00eentoarcere<\/strong><\/em><\/h4>\n<p>n<span style=\"font-weight: 400;\">C\u0103l\u0103torul va primi un punct de \u00eent\u00e2lnire dup\u0103 Procesul de Rezervare. Tururile \u00eencep \u0219i se termin\u0103 \u00een punctele dvs. de \u00eent\u00e2lnire.<\/span><br \/>\nn<\/p>\n<h3>Playa Rinc\u00f3n (Plaja Rincon), Excursie de jum\u0103tate de zi, Saman\u00e1 \u2013 Republica Dominican\u0103.<\/h3>\n<p>n<\/p>\n<h4><em>La ce s\u0103 te a\u0219tep\u021bi?<\/em><\/h4>\n<p>Dup\u0103 ce a\u021bi plecat din zona hotelurilor Samana \u0219i ve\u021bi conduce pe str\u0103zile dominicane, ve\u021bi vedea \u0219i \u00eenv\u0103\u021ba despre stilul de via\u021b\u0103 local. Vizitarea Playa Rinc\u00f3n este o f\u00e2\u0219ie nealterat\u0103 de nisip alb care se \u00eentinde pe aproximativ 2,5 mile (4 kilometri) de-a lungul unei p\u0103r\u021bi nedezvoltate a coastei. M\u0103rginit\u0103 de o margine de palmieri de cocos \u0219i \u00eenconjurat\u0103 de v\u00e2rfuri de mun\u021bi \u0219i st\u00e2nci la ambele capete, aceast\u0103 plaj\u0103 retras\u0103 se simte ca o adev\u0103rat\u0103 utopie, rupt\u0103 de civiliza\u021bie. Aici apa este super limpede, iar un recif de corali \u00eenconjur\u0103tor asigur\u0103 siguran\u021ba plajei, ceea ce \u00eenseamn\u0103 c\u0103 pute\u021bi merge f\u0103r\u0103 riscuri. Vom vizita \u0219i r\u00e2ul Cano Frio.<br \/>\nn<br \/>\nn&nbsp;<br \/>\nn<br \/>\nnAcest tur, organizat de \u201eBooking Adventures\u201d, \u00eencepe la punctul de \u00eent\u00e2lnire stabilit cu Ghidul nostru Turistic. Vino cu Booking Adventures \u0219i ia pr\u00e2nzul la plaj\u0103 \u0219i bucur\u0103-te de una dintre cele mai uimitoare plaje din Samana, Republica Dominican\u0103.<br \/>\nn<\/p>\n<h4><em><strong>Ce ar trebui s\u0103 aduci?<\/strong><\/em><\/h4>\n<p>n<\/p>\n<ul>\nn \t<\/p>\n<li style=\"font-weight: 400;\"><span style=\"font-weight: 400;\">aparat foto<\/span><\/li>\n<p>n \t<\/p>\n<li style=\"font-weight: 400;\"><span style=\"font-weight: 400;\">Muguri repelent<\/span><\/li>\n<p>n \t<\/p>\n<li style=\"font-weight: 400;\"><span style=\"font-weight: 400;\">Lotiune de plaja<\/span><\/li>\n<p>n \t<\/p>\n<li>Ap\u0103<\/li>\n<p>n \t<\/p>\n<li style=\"font-weight: 400;\"><span style=\"font-weight: 400;\">P\u0103l\u0103rie<\/span><\/li>\n<p>n \t<\/p>\n<li style=\"font-weight: 400;\"><span style=\"font-weight: 400;\">Pantaloni comozi<\/span><\/li>\n<p>n \t<\/p>\n<li style=\"font-weight: 400;\"><span style=\"font-weight: 400;\">Pantofi de drume\u021bie pentru p\u0103dure<\/span><\/li>\n<p>n \t<\/p>\n<li style=\"font-weight: 400;\"><span style=\"font-weight: 400;\">Sandale \u00een zonele de prim\u0103var\u0103.<\/span><\/li>\n<p>n \t<\/p>\n<li style=\"font-weight: 400;\"><span style=\"font-weight: 400;\">\u00cembr\u0103c\u0103minte de \u00eenot<\/span><\/li>\n<p>n<\/ul>\n<p>n&nbsp;<br \/>\nn<\/p>\n<h4><b><i>Preluare la hotel <\/i><\/b><\/h4>\n<p>n<span style=\"font-weight: 400;\">Pentru acest tur este oferit transfer de la hotel. <\/span><br \/>\nn<br \/>\nn&nbsp;<br \/>\nn<br \/>\nn<b>Not\u0103:<\/b><span style=\"font-weight: 400;\"> Dac\u0103 rezerva\u021bi \u00een termen de 24 de ore de la ora de plecare a turului\/excursiei, putem aranja preluarea de la hotel. Pur \u0219i simplu ridic\u0103m din zona Samana. Odat\u0103 ce achizi\u021bia dvs. este finalizat\u0103, v\u0103 vom trimite informa\u021bii complete de contact (num\u0103r de telefon, adres\u0103 de e-mail etc.) pentru ghidul nostru local pentru a organiza aranjamentele de ridicare.<\/span><br \/>\nn<\/p>\n<h4><b><i>Confirmare informa\u021bii suplimentare <\/i><\/b><\/h4>\n<p>n<\/p>\n<ol>\nn \t<\/p>\n<li>Biletele sunt Chitan\u021ba dup\u0103 plata acestui Tur. Pute\u021bi afi\u0219a plata pe telefon.<\/li>\n<p>n \t<\/p>\n<li style=\"font-weight: 400;\"><span style=\"font-weight: 400;\">Punctul de \u00eent\u00e2lnire va fi primit dup\u0103 procesul de rezervare.<\/span><\/li>\n<p>n \t<\/p>\n<li style=\"font-weight: 400;\"><span style=\"font-weight: 400;\">Copiii trebuie s\u0103 fie \u00eenso\u021bi\u021bi de un adult.<\/span><\/li>\n<p>n \t<\/p>\n<li style=\"font-weight: 400;\"><span style=\"font-weight: 400;\"> Nu este accesibil cu scaunul cu rotile <\/span><\/li>\n<p>n \t<\/p>\n<li style=\"font-weight: 400;\"><span style=\"font-weight: 400;\">Bebelu\u0219ii trebuie s\u0103 stea pe poale <\/span><\/li>\n<p>n \t<\/p>\n<li style=\"font-weight: 400;\"><span style=\"font-weight: 400;\">Nu este recomandat c\u0103l\u0103torilor cu probleme de spate<\/span><\/li>\n<p>n \t<\/p>\n<li style=\"font-weight: 400;\"><span style=\"font-weight: 400;\">Nu este recomandat c\u0103l\u0103torilor \u00eens\u0103rcinate <\/span><\/li>\n<p>n \t<\/p>\n<li style=\"font-weight: 400;\"><span style=\"font-weight: 400;\"> F\u0103r\u0103 probleme cardiace sau alte afec\u021biuni medicale grave <\/span><\/li>\n<p>n \t<\/p>\n<li style=\"font-weight: 400;\"><span style=\"font-weight: 400;\">Majoritatea c\u0103l\u0103torilor pot participa<\/span><\/li>\n<p>n<\/ol>\n<p>n<\/p>\n<h4><b><i>Politica de anulare<\/i><\/b><\/h4>\n<p>nPentru o rambursare complet\u0103, v\u0103 rug\u0103m s\u0103 citi\u021bi politicile noastre de anulare\u00a0<a href=\"https:\/\/www.boattoursamana.com\/ro\/rezervare-online\/\" target=\"_blank\" rel=\"noopener\" data-saferedirecturl=\"https:\/\/www.google.com\/url?q=https:\/\/www.boattoursamana.com\/online-booking\/&amp;source=gmail&amp;ust=1672532492004000&amp;usg=AOvVaw3ylqI1cdbIPTimEqEWneyd\">Click aici<\/a>. Fondurile se vor pierde dac\u0103 rezervarea este anulat\u0103 \u00een aceea\u0219i zi a c\u0103l\u0103toriei.<\/p>\n\n\t\t<\/div>\n\t<\/div>\n<div class=\"vc_btn3-container vc_btn3-inline\" ><button class=\"vc_general vc_btn3 vc_btn3-size-md vc_btn3-shape-rounded vc_btn3-style-modern vc_btn3-color-green\">REZERVA ACUM<\/button><\/div><\/div><\/div><\/div><\/div><div class=\"vc_row wpb_row vc_row-fluid\" ><div class=\"wpb_column vc_column_container vc_col-sm-12\"><div class=\"vc_column-inner\"><div class=\"wpb_wrapper\">\n\t<div class=\"wpb_video_widget wpb_content_element vc_clearfix   vc_video-aspect-ratio-169 vc_video-el-width-100 vc_video-align-left\" >\n\t\t<div class=\"wpb_wrapper\">\n\t\t\t<h2 class=\"wpb_heading wpb_video_heading\">Boca del diablo \u0219i plaja Fronton<\/h2>\n\t\t\t<div class=\"wpb_video_wrapper\"><iframe loading=\"lazy\" title=\"Peninsula Saman\u00e1, Republica Dominican\u0103 (DJI Phantom 4 4K)\" width=\"1100\" height=\"619\" src=\"https:\/\/www.youtube.com\/embed\/DYDXVm8Q_iM?feature=oembed\" frameborder=\"0\" allow=\"accelerometer; autoplay; clipboard-write; encrypted-media; gyroscope; picture-in-picture; web-share\" allowfullscreen><\/iframe><\/div>\n\t\t<\/div>\n\t<\/div>\n<\/div><\/div><\/div><\/div><div class=\"vc_row wpb_row vc_row-fluid\" ><div class=\"wpb_column vc_column_container vc_col-sm-12\"><div class=\"vc_column-inner\"><div class=\"wpb_wrapper\"><div class=\"vc_empty_space\"   style=\"height: 32px\"><span class=\"vc_empty_space_inner\"><\/span><\/div>\n\t<div class=\"wpb_text_column wpb_content_element\" >\n\t\t<div class=\"wpb_wrapper\">\n\t\t\t<p>\nn<\/p>\n<h4>Contacteaz\u0103-ne?<\/h4>\n<p>n<\/p>\n<h5>Rezervare aventuri<\/h5>\n<p>n<em><strong>Localnicii<\/strong>\u00a0\u0219i\u00a0<strong>Na\u0163ionalii<\/strong>\u00a0Ghizi turistici \u0219i servicii pentru oaspe\u021bi<\/em><br \/>\nn<br \/>\nn<span class=\"text-turquoise\">Rezervari:<\/span>\u00a0Tururi \u0219i excursii \u00een Dom. Reprezentant.<br \/>\nn<br \/>\nn<img decoding=\"async\" class=\"emoji\" draggable=\"false\" src=\"https:\/\/s.w.org\/images\/core\/emoji\/11.2.0\/svg\/1f4de.svg\" alt=\" \" title=\"\">\u00a0Tel\/Whatsapp\u00a0\u00a0<a href=\"tel:+1-809-720-6035\">+1-809-720-6035<\/a>.<br \/>\nn<br \/>\nn<img decoding=\"async\" class=\"emoji\" draggable=\"false\" src=\"https:\/\/s.w.org\/images\/core\/emoji\/11.2.0\/svg\/1f4e9.svg\" alt=\" \" title=\"\">\u00a0<a href=\"mailto:info@bookingadventures.com.do\">info@bookingadventures.com.do<\/a><br \/>\nn<br \/>\nn<strong>Suntem flexibili, stabilim tururi private prin Whatsapp:\u00a0<a href=\"tel:+18097206035\">+18097206035.<\/a><\/strong><\/p>\n\n\t\t<\/div>\n\t<\/div>\n<div class=\"vc_empty_space\"   style=\"height: 32px\"><span class=\"vc_empty_space_inner\"><\/span><\/div><\/div><\/div><\/div><\/div><div class=\"vc_row wpb_row vc_row-fluid\" ><div class=\"wpb_column vc_column_container vc_col-sm-12\"><div class=\"vc_column-inner\"><div class=\"wpb_wrapper\"><\/div><\/div><\/div><\/div>","protected":false},"excerpt":{"rendered":"<p>Vizitarea plajei Playa el Rincon cu pr\u00e2nz pe plaj\u0103, oprire pe drum \u00een Dominican House \u0219i magazin de fructe plus \u00eenot \u00een apele cristaline ale r\u00e2ului Cano Frio. Aceasta este o experien\u021b\u0103 de jum\u0103tate de zi a adev\u0103ratului Samana din Republica Dominican\u0103. nn n nV\u0103 rug\u0103m s\u0103 selecta\u021bi data pentru turneu:\u00a0 &nbsp;<\/p>","protected":false},"author":2,"featured_media":0,"parent":0,"menu_order":0,"comment_status":"open","ping_status":"closed","template":"","meta":{"footnotes":""},"class_list":["post-15768","page","type-page","status-publish","hentry"],"_links":{"self":[{"href":"https:\/\/www.boattoursamana.com\/ro\/wp-json\/wp\/v2\/pages\/15768","targetHints":{"allow":["GET"]}}],"collection":[{"href":"https:\/\/www.boattoursamana.com\/ro\/wp-json\/wp\/v2\/pages"}],"about":[{"href":"https:\/\/www.boattoursamana.com\/ro\/wp-json\/wp\/v2\/types\/page"}],"author":[{"embeddable":true,"href":"https:\/\/www.boattoursamana.com\/ro\/wp-json\/wp\/v2\/users\/2"}],"replies":[{"embeddable":true,"href":"https:\/\/www.boattoursamana.com\/ro\/wp-json\/wp\/v2\/comments?post=15768"}],"version-history":[{"count":0,"href":"https:\/\/www.boattoursamana.com\/ro\/wp-json\/wp\/v2\/pages\/15768\/revisions"}],"wp:attachment":[{"href":"https:\/\/www.boattoursamana.com\/ro\/wp-json\/wp\/v2\/media?parent=15768"}],"curies":[{"name":"wp","href":"https:\/\/api.w.org\/{rel}","templated":true}]}}