{"id":15773,"date":"2023-07-15T07:43:40","date_gmt":"2023-07-15T07:43:40","guid":{"rendered":"https:\/\/www.ticketswhales.com\/ermitano-beach-playa-ermitano-boat-tour-and-playa-onda-half-day-trip-samana-dominican-republic\/"},"modified":"2023-08-10T18:28:51","modified_gmt":"2023-08-10T18:28:51","slug":"ermitano-beach-playa-ermitano-boat-tour-and-playa-onda-half-day-trip-samana-dominican-republic","status":"publish","type":"page","link":"https:\/\/www.boattoursamana.com\/ro\/ermitano-beach-playa-ermitano-boat-tour-si-playa-onda-excursie-de-jumatate-zi-samana-republica-dominicana-2","title":{"rendered":"(Plaja Ermitano) Tur cu barca la Playa Ermita\u00f1o \u0219i Playa Onda, excursie de jum\u0103tate de zi, Saman\u00e1 \u2013 Republica Dominican\u0103."},"content":{"rendered":"<p><span style=\"vertical-align: inherit;\"><span style=\"vertical-align: inherit;\">El c\u0103l\u0103toria \u00eencepe s\u0103 recunoasc\u0103 hotelul sau aeroportul \u00een zona de Saman\u00e1 de Las Galeras. <\/span><span style=\"vertical-align: inherit;\">Comience your experience in Playa El Valle, o hermosa \u0219i singura plaj\u0103 aproape de Saman\u00e1. <\/span><span style=\"vertical-align: inherit;\">Disfrute de un c\u0103l\u0103torie \u00een bote de 25 minute la Playa Ermita\u00f1o, care este o plaj\u0103 \u00eenc\u0103 inexplorada \u0219i aislada cu ap\u0103 azul turquesa. <\/span><span style=\"vertical-align: inherit;\">Disfruta del agua de coco fresca. <\/span><span style=\"vertical-align: inherit;\">Descubra la belleza real e intacta de la Republica Dominicana si sum\u00e9rjase en la natura mientras explora la cueva secreta cercana. <\/span><span style=\"vertical-align: inherit;\">Qu\u00e9dese \u00een Playa Ermita\u00f1o tot el timp, c\u0103 vrei s\u0103 vizitezi Playa Onda, o alt\u0103 hermosa playa salvaje, a solo 15 minute \u00een bote. <\/span><span style=\"vertical-align: inherit;\">Regreseaz\u0103 la Playa El Valle \u0219i apoi procedeaz\u0103 la Saman\u00e1, \u00een casele locale \u0219i \u00eenva\u021b\u0103 despre via\u021ba real\u0103 dominican\u0103. <\/span><span style=\"vertical-align: inherit;\">Esta este o experien\u021b\u0103 de medio-dia de la verdadera Saman\u00e1 \u00een Rep\u00fablica Dominicana.<\/span><\/span><br \/>\nn<br \/>\nn<br \/>\nn<br \/>\nn<strong><span style=\"vertical-align: inherit;\"><span style=\"vertical-align: inherit;\">Selecta\u021bi data pentru tur:\u00a0<\/span><\/span><\/strong><\/p>\n<p>&nbsp;<\/p>\n<div class=\"vc_row wpb_row vc_row-fluid\" ><div class=\"wpb_column vc_column_container vc_col-sm-12\"><div class=\"vc_column-inner\"><div class=\"wpb_wrapper\"><div class=\"vc_btn3-container vc_btn3-inline\" ><button class=\"vc_general vc_btn3 vc_btn3-size-md vc_btn3-shape-rounded vc_btn3-style-modern vc_btn3-color-green\">REZERVA ACUM<\/button><\/div><div class=\"mkdf-section-title-holder\" style=\"text-align: left\">\n\t<div class=\"mkdf-st-inner\">\n\t\t\t\t\t<h5 class=\"mkdf-st-subtitle\" >\n\t\t\t\tPr\u00e2nz, plimbare cu barca \u0219i transport privat de la hoteluri.\t\t\t<\/h5>\n\t\t\t\t\t\t\t<h3 class=\"mkdf-st-title\" >\n\t\t\t\tPlaya Rinc\u00f3n, Playa Fronton + Playa Madame Beach, Saman\u00e1 - Republica Dominican\u0103.\t\t\t<\/h3>\n\t\t\t\t\t<\/div>\n<\/div>\n\t<div class=\"wpb_text_column wpb_content_element\" >\n\t\t<div class=\"wpb_wrapper\">\n\t\t\t<p>\nn<\/p>\n<h2 class=\"styles__heading___mD4_3\" data-radium=\"true\">(Plaja Ermitano) Tur cu barca la Playa Ermita\u00f1o \u0219i excursie privat\u0103 la Playa Onda.<\/h2>\n<p>n<\/p>\n<h4><b><i>Prezentare general\u0103 <\/i><\/b><\/h4>\n<p>C\u0103l\u0103toria \u00eencepe s\u0103 te ia de la hotel sau de la aeroportul din zona Samana sau Las Galeras. \u00cencepe\u021bi-v\u0103 experien\u021ba la Playa El Valle, o plaj\u0103 frumoas\u0103 \u0219i unic\u0103 \u00een apropiere de Saman\u00e1. Bucura\u021bi-v\u0103 de o plimbare de 25 de minute cu barca p\u00e2n\u0103 la Playa Ermita\u00f1o, care este o plaj\u0103 \u00eenc\u0103 neexplorat\u0103 \u0219i izolat\u0103, cu ap\u0103 albastru turcoaz. Savura\u021bi apa proasp\u0103t\u0103 de cocos. Descoperi\u021bi frumuse\u021bea real\u0103 \u0219i neatins\u0103 a Republicii Dominicane \u0219i cufunda\u021bi-v\u0103 \u00een natur\u0103, \u00een timp ce explora\u021bi pe\u0219tera secret\u0103 din apropiere. R\u0103m\u00e2ne\u021bi la Playa Ermita\u00f1o at\u00e2t timp c\u00e2t dori\u021bi \u0219i vizita\u021bi Playa Onda, o alt\u0103 plaj\u0103 s\u0103lbatic\u0103 frumoas\u0103, la doar 15 minute de mers cu barca. \u00centoarce\u021bi-v\u0103 la Playa El Valle \u0219i apoi merge\u021bi la Saman\u00e1, ve\u021bi vedea casele locale \u0219i ve\u021bi afla despre via\u021ba real\u0103 dominican\u0103.<br \/>\nn<br \/>\nn<br \/>\nn<\/p>\n<ul>\n<li style=\"list-style-type: none;\">\n<ul>n<\/p>\n<li>Ghid local cu experien\u021b\u0103 \u00een siguran\u021b\u0103 \u00een zon\u0103.<\/li>\n<\/ul>\n<\/li>\n<\/ul>\n<p>n<\/p>\n<ul>\n<li style=\"list-style-type: none;\">\n<ul>\n<li>Transport privat<\/li>\n<\/ul>\n<\/li>\n<\/ul>\n<p>n<\/p>\n<ul>\n<li style=\"list-style-type: none;\">\n<ul>\n<li>Taxe incluse<\/li>\n<\/ul>\n<\/li>\n<\/ul>\n<p>n<\/p>\n<ul>\n<li style=\"list-style-type: none;\">\n<ul>\n<li>Pranz la plaja<\/li>\n<\/ul>\n<\/li>\n<\/ul>\n<p>n<\/p>\n<ul>\n<li style=\"list-style-type: none;\">\n<ul>\n<li>Ghid turistic local \u00een spaniol\u0103, englez\u0103 sau francez\u0103.<\/li>\n<\/ul>\n<\/li>\n<\/ul>\n<p>n<\/p>\n<ul>\n<li style=\"list-style-type: none;\">\n<ul>\n<li>Drume\u021bii<\/li>\n<\/ul>\n<\/li>\n<\/ul>\n<p>n<\/p>\n<p>n<\/p>\n<h4><b>Incluziuni \u0219i excluderi<\/b><\/h4>\n<p>n<br \/>\nn<br \/>\nn<b>Incluziuni<\/b><br \/>\nn<\/p>\n<ol>\n<li style=\"list-style-type: none;\">\n<ol>n<\/p>\n<li><span style=\"font-weight: 400;\">Ghid local cu experien\u021b\u0103 \u00een siguran\u021b\u0103 \u00een zon\u0103.<\/span><\/li>\n<\/ol>\n<\/li>\n<\/ol>\n<p>n<\/p>\n<ol>\n<li style=\"list-style-type: none;\">\n<ol>\n<li>Transport privat pentru grupuri mici<\/li>\n<\/ol>\n<\/li>\n<\/ol>\n<p>n<\/p>\n<ol>\n<li style=\"list-style-type: none;\">\n<ol>\n<li style=\"font-weight: 400;\">Plaja El Rincon<\/li>\n<\/ol>\n<\/li>\n<\/ol>\n<p>n<\/p>\n<ol>\n<li style=\"list-style-type: none;\">\n<ol>\n<li>Dominican House Ranch<\/li>\n<\/ol>\n<\/li>\n<\/ol>\n<p>n<\/p>\n<ol>\n<li style=\"list-style-type: none;\">\n<ol>\n<li>R\u00e2ul Cano Frio<\/li>\n<\/ol>\n<\/li>\n<\/ol>\n<p>n<\/p>\n<ol>\n<li style=\"list-style-type: none;\">\n<ol>\n<li style=\"font-weight: 400;\"><span style=\"font-weight: 400;\">Toate taxele, taxele \u0219i taxele de manipulare<\/span><\/li>\n<\/ol>\n<\/li>\n<\/ol>\n<p>n<\/p>\n<ol>\n<li style=\"list-style-type: none;\">\n<ol>\n<li style=\"font-weight: 400;\"><span style=\"font-weight: 400;\">Taxe locale<\/span><\/li>\n<\/ol>\n<\/li>\n<\/ol>\n<p>n<\/p>\n<ol>\n<li style=\"list-style-type: none;\">\n<ol>\n<li>Pranz la plaja<\/li>\n<\/ol>\n<\/li>\n<\/ol>\n<p>n<\/p>\n<ol>\n<li style=\"list-style-type: none;\">\n<ol>\n<li>Drume\u021bii<\/li>\n<\/ol>\n<\/li>\n<\/ol>\n<p>n<\/p>\n<ol>\n<li style=\"list-style-type: none;\">\n<ol>\n<li style=\"font-weight: 400;\"><span style=\"font-weight: 400;\">Toate activit\u0103\u021bile<\/span><\/li>\n<\/ol>\n<\/li>\n<\/ol>\n<p>n<\/p>\n<p>n<b> Excluderile<\/b><br \/>\nn<\/p>\n<ol>\n<li style=\"list-style-type: none;\">\n<ol>n<\/p>\n<li style=\"font-weight: 400;\"><span style=\"font-weight: 400;\">Gratuitatii<\/span><\/li>\n<\/ol>\n<\/li>\n<\/ol>\n<p>n<\/p>\n<ol>\n<li style=\"list-style-type: none;\">\n<ol>\n<li>Toate B\u0103uturile<\/li>\n<\/ol>\n<\/li>\n<\/ol>\n<p>n<\/p>\n<p>n<\/p>\n<h4><em><strong>Plecare \u0219i \u00eentoarcere<\/strong><\/em><\/h4>\n<p>n<span style=\"font-weight: 400;\">C\u0103l\u0103torul va primi un punct de \u00eent\u00e2lnire dup\u0103 Procesul de Rezervare. Tururile \u00eencep \u0219i se termin\u0103 \u00een punctele dvs. de \u00eent\u00e2lnire.<\/span><br \/>\nn<\/p>\n<h2 class=\"styles__heading___mD4_3\" data-radium=\"true\">(Plaja Ermitano) Tur cu barca la Playa Ermita\u00f1o \u0219i excursie privat\u0103 la Playa Onda.<\/h2>\n<p>n<\/p>\n<h4><em>La ce s\u0103 te a\u0219tep\u021bi?<\/em><\/h4>\n<p>Dup\u0103 ce a\u021bi plecat din zona hotelurilor din Samana \u0219i ve\u021bi conduce pe str\u0103zile dominicane, ve\u021bi vedea \u0219i \u00eenv\u0103\u021ba despre stilul de via\u021b\u0103 al localnicilor. Aceast\u0103 plaj\u0103 este situat\u0103 \u00eentre Playa Honda \u0219i Playa El Valle, \u00een Peninsula Samana. Are o lungime de 400 de metri \u0219i este \u00eenconjurat de recife. Singura modalitate de a accesa aceast\u0103 plaj\u0103 este drume\u021bia, printr-o potec\u0103 dens\u0103 asem\u0103n\u0103toare junglei sau cu o barc\u0103.<br \/>\nn<br \/>\nn<span style=\"vertical-align: inherit;\"><span style=\"vertical-align: inherit;\">La historia de nume este fascinante e interesante\u2026 Juan El Ermita\u00f1o aparent era un pirata francez, care, arrepentido, desembarc\u00f3 un zi \u00een aceast\u0103 plaj\u0103 de Saman\u00e1. <\/span><span style=\"vertical-align: inherit;\">Cuenta la historia que hab\u00eda estado solo \u0219i izolat din lume \u00een cursul anului 1780. La leyenda dice que dup\u0103 22 de ani de exilio, a fost descubierto prin surprindere prin sus antiguos compa\u00f1eros corsarios que lo creyeron muerto. <\/span><span style=\"vertical-align: inherit;\">Pero los espa\u00f1oles, asombrados por su austeridad y constancia, le concedieron el perd\u00f3n, consider\u00e1ndolo casi un santo. <\/span><span style=\"vertical-align: inherit;\">Pero como toda historia de piratas que se precie, Juan El Ermita\u00f1o guardaba un gran secreto: guardaba un precioso bot\u00edn de su \u00e9poca de pirata que se escond\u00eda en esta playa.<\/span><\/span><br \/>\nn<br \/>\nC\u00e2nd ajungi acolo vei vedea \u00een fa\u021ba ta un peisaj perfect de carte po\u0219tal\u0103. Vei avea impresia de a fi unic \u00een lume \u00een acest loc magic al vegeta\u021biei sale luxuriante \u0219i tropicale \u0219i prin frumuse\u021bea apelor sale cristaline. Aceast\u0103 plaj\u0103 face ca o experien\u021b\u0103 uimitoare s\u0103 devin\u0103 realitate.<br \/>\nn<br \/>\nVersiunea turc\u0103 \u0219i suedez\u0103 a serialelor Survivor au fost filmate pe aceast\u0103 plaj\u0103<br \/>\nn<br \/>\nnAcest tur, organizat de \u201eBooking Adventures\u201d, \u00eencepe la punctul de \u00eent\u00e2lnire stabilit cu Ghidul nostru Turistic. Vino cu Booking Adventures \u0219i ia pr\u00e2nzul la plaj\u0103 \u0219i bucur\u0103-te de una dintre cele mai uimitoare plaje din Samana, Republica Dominican\u0103.<br \/>\nn<\/p>\n<h4><em><strong>Ce ar trebui s\u0103 aduci?<\/strong><\/em><\/h4>\n<p>n<\/p>\n<ul>\n<li style=\"list-style-type: none;\">\n<ul>n<\/p>\n<li style=\"font-weight: 400;\"><span style=\"font-weight: 400;\">aparat foto<\/span><\/li>\n<\/ul>\n<\/li>\n<\/ul>\n<p>n<\/p>\n<ul>\n<li style=\"list-style-type: none;\">\n<ul>\n<li style=\"font-weight: 400;\"><span style=\"font-weight: 400;\">Muguri repelent<\/span><\/li>\n<\/ul>\n<\/li>\n<\/ul>\n<p>n<\/p>\n<ul>\n<li style=\"list-style-type: none;\">\n<ul>\n<li style=\"font-weight: 400;\"><span style=\"font-weight: 400;\">Lotiune de plaja<\/span><\/li>\n<\/ul>\n<\/li>\n<\/ul>\n<p>n<\/p>\n<ul>\n<li style=\"list-style-type: none;\">\n<ul>\n<li>Ap\u0103<\/li>\n<\/ul>\n<\/li>\n<\/ul>\n<p>n<\/p>\n<ul>\n<li style=\"list-style-type: none;\">\n<ul>\n<li style=\"font-weight: 400;\"><span style=\"font-weight: 400;\">P\u0103l\u0103rie<\/span><\/li>\n<\/ul>\n<\/li>\n<\/ul>\n<p>n<\/p>\n<ul>\n<li style=\"list-style-type: none;\">\n<ul>\n<li style=\"font-weight: 400;\"><span style=\"font-weight: 400;\">Pantaloni comozi<\/span><\/li>\n<\/ul>\n<\/li>\n<\/ul>\n<p>n<\/p>\n<ul>\n<li style=\"list-style-type: none;\">\n<ul>\n<li style=\"font-weight: 400;\"><span style=\"font-weight: 400;\">Pantofi de drume\u021bie pentru p\u0103dure<\/span><\/li>\n<\/ul>\n<\/li>\n<\/ul>\n<p>n<\/p>\n<ul>\n<li style=\"list-style-type: none;\">\n<ul>\n<li style=\"font-weight: 400;\"><span style=\"font-weight: 400;\">Sandale \u00een zonele de prim\u0103var\u0103.<\/span><\/li>\n<\/ul>\n<\/li>\n<\/ul>\n<p>n<\/p>\n<ul>\n<li style=\"list-style-type: none;\">\n<ul>\n<li style=\"font-weight: 400;\"><span style=\"font-weight: 400;\">\u00cembr\u0103c\u0103minte de \u00eenot<\/span><\/li>\n<\/ul>\n<\/li>\n<\/ul>\n<p>n<\/p>\n<p>n<br \/>\nn<\/p>\n<h4><b><i>Preluare la hotel <\/i><\/b><\/h4>\n<p>n<span style=\"font-weight: 400;\">Pentru acest tur este oferit transfer de la hotel. <\/span><br \/>\nn<br \/>\nn<br \/>\nn<br \/>\nn<b>Not\u0103:<\/b><span style=\"font-weight: 400;\"> Dac\u0103 rezerva\u021bi \u00een termen de 24 de ore de la ora de plecare a turului\/excursiei, putem aranja preluarea de la hotel. Pur \u0219i simplu ridic\u0103m din zona Samana. Odat\u0103 ce achizi\u021bia dvs. este finalizat\u0103, v\u0103 vom trimite informa\u021bii complete de contact (num\u0103r de telefon, adres\u0103 de e-mail etc.) pentru ghidul nostru local pentru a organiza aranjamentele de ridicare.<\/span><br \/>\nn<\/p>\n<h4><b><i>Confirmare informa\u021bii suplimentare <\/i><\/b><\/h4>\n<p>n<\/p>\n<ol>\n<li style=\"list-style-type: none;\">\n<ol>n<\/p>\n<li>Biletele sunt Chitan\u021ba dup\u0103 plata acestui Tur. Pute\u021bi afi\u0219a plata pe telefon.<\/li>\n<\/ol>\n<\/li>\n<\/ol>\n<p>n<\/p>\n<ol>\n<li style=\"list-style-type: none;\">\n<ol>\n<li style=\"font-weight: 400;\"><span style=\"font-weight: 400;\">Punctul de \u00eent\u00e2lnire va fi primit dup\u0103 procesul de rezervare.<\/span><\/li>\n<\/ol>\n<\/li>\n<\/ol>\n<p>n<\/p>\n<ol>\n<li style=\"list-style-type: none;\">\n<ol>\n<li style=\"font-weight: 400;\"><span style=\"font-weight: 400;\">Copiii trebuie s\u0103 fie \u00eenso\u021bi\u021bi de un adult.<\/span><\/li>\n<\/ol>\n<\/li>\n<\/ol>\n<p>n<\/p>\n<ol>\n<li style=\"list-style-type: none;\">\n<ol>\n<li style=\"font-weight: 400;\"><span style=\"font-weight: 400;\"> Nu este accesibil cu scaunul cu rotile <\/span><\/li>\n<\/ol>\n<\/li>\n<\/ol>\n<p>n<\/p>\n<ol>\n<li style=\"list-style-type: none;\">\n<ol>\n<li style=\"font-weight: 400;\"><span style=\"font-weight: 400;\">Bebelu\u0219ii trebuie s\u0103 stea pe poale <\/span><\/li>\n<\/ol>\n<\/li>\n<\/ol>\n<p>n<\/p>\n<ol>\n<li style=\"list-style-type: none;\">\n<ol>\n<li style=\"font-weight: 400;\"><span style=\"font-weight: 400;\">Nu este recomandat c\u0103l\u0103torilor cu probleme de spate<\/span><\/li>\n<\/ol>\n<\/li>\n<\/ol>\n<p>n<\/p>\n<ol>\n<li style=\"list-style-type: none;\">\n<ol>\n<li style=\"font-weight: 400;\"><span style=\"font-weight: 400;\">Nu este recomandat c\u0103l\u0103torilor \u00eens\u0103rcinate <\/span><\/li>\n<\/ol>\n<\/li>\n<\/ol>\n<p>n<\/p>\n<ol>\n<li style=\"list-style-type: none;\">\n<ol>\n<li style=\"font-weight: 400;\"><span style=\"font-weight: 400;\"> F\u0103r\u0103 probleme cardiace sau alte afec\u021biuni medicale grave <\/span><\/li>\n<\/ol>\n<\/li>\n<\/ol>\n<p>n<\/p>\n<ol>\n<li style=\"list-style-type: none;\">\n<ol>\n<li style=\"font-weight: 400;\"><span style=\"font-weight: 400;\">Majoritatea c\u0103l\u0103torilor pot participa<\/span><\/li>\n<\/ol>\n<\/li>\n<\/ol>\n<p>n<\/p>\n<p>n<\/p>\n<h4><b><i>Politica de anulare<\/i><\/b><\/h4>\n<p>nPentru o rambursare complet\u0103, v\u0103 rug\u0103m s\u0103 citi\u021bi politicile noastre de anulare\u00a0<a href=\"https:\/\/www.boattoursamana.com\/ro\/rezervare-online\/\" target=\"_blank\" rel=\"noopener\" data-saferedirecturl=\"https:\/\/www.google.com\/url?q=https:\/\/www.boattoursamana.com\/online-booking\/&amp;source=gmail&amp;ust=1672532492004000&amp;usg=AOvVaw3ylqI1cdbIPTimEqEWneyd\">Click aici<\/a>. Fondurile se vor pierde dac\u0103 rezervarea este anulat\u0103 \u00een aceea\u0219i zi a c\u0103l\u0103toriei.<\/p>\n\n\t\t<\/div>\n\t<\/div>\n<\/div><\/div><\/div><\/div><div class=\"vc_row wpb_row vc_row-fluid\" ><div class=\"wpb_column vc_column_container vc_col-sm-12\"><div class=\"vc_column-inner\"><div class=\"wpb_wrapper\">\n\t<div class=\"wpb_video_widget wpb_content_element vc_clearfix   vc_video-aspect-ratio-169 vc_video-el-width-100 vc_video-align-left\" >\n\t\t<div class=\"wpb_wrapper\">\n\t\t\t<h2 class=\"wpb_heading wpb_video_heading\">Urm\u0103ri\u021bi videoclipul:<\/h2>\n\t\t\t<div class=\"wpb_video_wrapper\"><a href=\"https:\/\/vimeo.com\/263076708\" rel=\"noopener\">https:\/\/vimeo.com\/263076708<\/a><\/div>\n\t\t<\/div>\n\t<\/div>\n<\/div><\/div><\/div><\/div><div class=\"vc_row wpb_row vc_row-fluid\" ><div class=\"wpb_column vc_column_container vc_col-sm-12\"><div class=\"vc_column-inner\"><div class=\"wpb_wrapper\"><div class=\"vc_empty_space\"   style=\"height: 32px\"><span class=\"vc_empty_space_inner\"><\/span><\/div>\n\t<div class=\"wpb_text_column wpb_content_element\" >\n\t\t<div class=\"wpb_wrapper\">\n\t\t\t<p>\nn<\/p>\n<h4>Contacteaz\u0103-ne?<\/h4>\n<p>n<\/p>\n<h5>Rezervare aventuri<\/h5>\n<p>n<em><strong>Localnicii<\/strong>\u00a0\u0219i\u00a0<strong>Na\u0163ionalii<\/strong>\u00a0Ghizi turistici \u0219i servicii pentru oaspe\u021bi<\/em><br \/>\nn<br \/>\nn<span class=\"text-turquoise\">Rezervari:<\/span>\u00a0Tururi \u0219i excursii \u00een Dom. Reprezentant.<br \/>\nn<br \/>\nn<img decoding=\"async\" class=\"emoji\" draggable=\"false\" src=\"https:\/\/s.w.org\/images\/core\/emoji\/11.2.0\/svg\/1f4de.svg\" alt=\" \" title=\"\">\u00a0Tel\/Whatsapp\u00a0\u00a0<a href=\"tel:+1-809-720-6035\">+1-809-720-6035<\/a>.<br \/>\nn<br \/>\nn<img decoding=\"async\" class=\"emoji\" draggable=\"false\" src=\"https:\/\/s.w.org\/images\/core\/emoji\/11.2.0\/svg\/1f4e9.svg\" alt=\" \" title=\"\">\u00a0<a href=\"mailto:info@bookingadventures.com.do\">info@bookingadventures.com.do<\/a><br \/>\nn<br \/>\nn<strong>Suntem flexibili, stabilim tururi private prin Whatsapp:\u00a0<a href=\"tel:+18097206035\">+18097206035.<\/a><\/strong><\/p>\n\n\t\t<\/div>\n\t<\/div>\n<div class=\"vc_empty_space\"   style=\"height: 32px\"><span class=\"vc_empty_space_inner\"><\/span><\/div><\/div><\/div><\/div><\/div><div class=\"vc_row wpb_row vc_row-fluid\" ><div class=\"wpb_column vc_column_container vc_col-sm-12\"><div class=\"vc_column-inner\"><div class=\"wpb_wrapper\"><div class=\"vc_btn3-container vc_btn3-inline\" ><button class=\"vc_general vc_btn3 vc_btn3-size-md vc_btn3-shape-rounded vc_btn3-style-modern vc_btn3-color-green\">REZERVA ACUM<\/button><\/div><\/div><\/div><\/div><\/div>","protected":false},"excerpt":{"rendered":"<p>El viaje comienza recogi\u00e9ndolo en su hotel o en el aeropuerto en el \u00e1rea de Saman\u00e1 de Las Galeras. Comience su experiencia en Playa El Valle, una hermosa y \u00fanica playa cerca de Saman\u00e1. Disfrute de un viaje en bote de 25 minutos a Playa Ermita\u00f1o, que es una playa a\u00fan inexplorada y aislada con agua azul turquesa. Disfruta del agua de coco fresca. Descubra la belleza real e intacta de la Rep\u00fablica Dominicana y sum\u00e9rjase en la naturaleza mientras [&hellip;]<\/p>\n","protected":false},"author":2,"featured_media":0,"parent":0,"menu_order":0,"comment_status":"closed","ping_status":"closed","template":"","meta":{"footnotes":""},"class_list":["post-15773","page","type-page","status-publish","hentry"],"_links":{"self":[{"href":"https:\/\/www.boattoursamana.com\/ro\/wp-json\/wp\/v2\/pages\/15773","targetHints":{"allow":["GET"]}}],"collection":[{"href":"https:\/\/www.boattoursamana.com\/ro\/wp-json\/wp\/v2\/pages"}],"about":[{"href":"https:\/\/www.boattoursamana.com\/ro\/wp-json\/wp\/v2\/types\/page"}],"author":[{"embeddable":true,"href":"https:\/\/www.boattoursamana.com\/ro\/wp-json\/wp\/v2\/users\/2"}],"replies":[{"embeddable":true,"href":"https:\/\/www.boattoursamana.com\/ro\/wp-json\/wp\/v2\/comments?post=15773"}],"version-history":[{"count":0,"href":"https:\/\/www.boattoursamana.com\/ro\/wp-json\/wp\/v2\/pages\/15773\/revisions"}],"wp:attachment":[{"href":"https:\/\/www.boattoursamana.com\/ro\/wp-json\/wp\/v2\/media?parent=15773"}],"curies":[{"name":"wp","href":"https:\/\/api.w.org\/{rel}","templated":true}]}}