{"id":15795,"date":"2023-07-15T07:43:59","date_gmt":"2023-07-15T07:43:59","guid":{"rendered":"https:\/\/www.ticketswhales.com\/snorkel-cayo-levantado-and-farola-island-snorkeling\/"},"modified":"2023-07-15T07:43:59","modified_gmt":"2023-07-15T07:43:59","slug":"snorkel-cayo-levantado-and-farola-island-snorkeling","status":"publish","type":"page","link":"https:\/\/www.boattoursamana.com\/ro\/snorkeling-cayo-levantado-si-insula-farola-snorkeling-2","title":{"rendered":"Snorkeling \u00een Cayo Levantado \u0219i insula Farola"},"content":{"rendered":"<p><span style=\"vertical-align: inherit;\"><span style=\"vertical-align: inherit;\">Vom recunoa\u0219te insula Cayo Levantado \u0219i Cayo Farola, sunt micile insule speciale \u00een bahia de Saman\u00e1, care alberg\u0103 o via\u021b\u0103 marina extraordinar\u0103, incluz\u00e2nd tortugas, ballenas jorobadas, langostas \u0219i delfines!<\/span><\/span><br \/>\nn<br \/>\nn<span style=\"vertical-align: inherit;\"><span style=\"vertical-align: inherit;\">Not\u0103: \u00a1Este tour es privado!<\/span><\/span><br \/>\nn<br \/>\nn&nbsp;<br \/>\nn<br \/>\nn<em><strong><span style=\"vertical-align: inherit;\"><span style=\"vertical-align: inherit;\">Selecta\u021bi data excursiei:<\/span><\/span><\/strong><\/em><\/p>\n<p>&nbsp;<\/p>\n<div class=\"vc_row wpb_row vc_row-fluid\" ><div class=\"wpb_column vc_column_container vc_col-sm-12\"><div class=\"vc_column-inner\"><div class=\"wpb_wrapper\"><div class=\"vc_empty_space\"   style=\"height: 32px\"><span class=\"vc_empty_space_inner\"><\/span><\/div><div class=\"mkdf-section-title-holder\" style=\"text-align: left\">\n\t<div class=\"mkdf-st-inner\">\n\t\t\t\t\t<h5 class=\"mkdf-st-subtitle\" >\n\t\t\t\tTur privat din portul Saman\u00e1\t\t\t<\/h5>\n\t\t\t\t\t\t\t<h3 class=\"mkdf-st-title\" >\n\t\t\t\tSnorkeling \u00een Cayo Levantado \u0219i insula Farola\t\t\t<\/h3>\n\t\t\t\t\t<\/div>\n<\/div><div class=\"vc_empty_space\"   style=\"height: 32px\"><span class=\"vc_empty_space_inner\"><\/span><\/div><\/div><\/div><\/div><\/div><div class=\"vc_row wpb_row vc_row-fluid\" ><div class=\"wpb_column vc_column_container vc_col-sm-12\"><div class=\"vc_column-inner\"><div class=\"wpb_wrapper\">\n\t<div class=\"wpb_text_column wpb_content_element\" >\n\t\t<div class=\"wpb_wrapper\">\n\t\t\t<p>\nn<\/p>\n<div class=\"vc_row wpb_row vc_row-fluid\">\nn<\/p>\n<div class=\"wpb_column vc_column_container vc_col-sm-12\">\nn<\/p>\n<div class=\"vc_column-inner\">\nn<\/p>\n<div class=\"wpb_wrapper\">\nn<\/p>\n<div class=\"wpb_text_column wpb_content_element\">\nn<\/p>\n<div class=\"wpb_wrapper\">\nn<\/p>\n<div class=\"vc_row wpb_row vc_row-fluid\">\nn<\/p>\n<div class=\"wpb_column vc_column_container vc_col-sm-12\">\nn<\/p>\n<div class=\"vc_column-inner\">\nn<\/p>\n<div class=\"wpb_wrapper\">\nn<\/p>\n<div class=\"wpb_text_column wpb_content_element\">\nn<\/p>\n<div class=\"wpb_wrapper\">\nn<\/p>\n<h4><b><i>Prezentare general\u0103<\/i><\/b><\/h4>\n<p>Vom vizita insula Cayo Levantado \u0219i Farola, sunt mici insule speciale din golful Samana, care g\u0103zduiesc o via\u021b\u0103 marin\u0103 extraordinar\u0103 - inclusiv \u021bestoase, balene cu cocoa\u0219\u0103, homari \u0219i delfini!<br \/>\nn<br \/>\nn<strong>Not\u0103:<\/strong> Acest tur este privat. (Doar tu \u0219i familia sau prietenii \u0219i Ghidul turistic).<br \/>\nn<br \/>\nn&nbsp;<br \/>\nn<\/p>\n<h4><b>Incluziuni \u0219i excluderi<\/b><\/h4>\n<p>n&nbsp;<br \/>\nn<br \/>\nn<b>Incluziuni<\/b><br \/>\nn<br \/>\nn&nbsp;<br \/>\nn<\/p>\n<ol>\nn \t<\/p>\n<li>Ghid turistic<\/li>\n<p>n \t<\/p>\n<li>Excursie cu barca<\/li>\n<p>n \t<\/p>\n<li>Vest\u0103 de salvare<\/li>\n<p>n \t<\/p>\n<li>Trusa de snorkeling<\/li>\n<p>n \t<\/p>\n<li>Toate taxele, taxele \u0219i taxele de manipulare<\/li>\n<p>n \t<\/p>\n<li>Taxe locale<\/li>\n<p>n \t<\/p>\n<li>B\u0103uturi (sticl\u0103 de ap\u0103 de persoan\u0103)<\/li>\n<p>n<\/ol>\n<p>n<b>Excluderile<\/b><br \/>\nn<\/p>\n<ol>\nn \t<\/p>\n<li>Gratuitatii<\/li>\n<p>n \t<\/p>\n<li>Pr\u00e2nz (cost suplimentar 15 USD) de persoan\u0103.<\/li>\n<p>n \t<\/p>\n<li>Pr\u00e2nz cu homari (cost suplimentar 25 USD) per persoan\u0103.<\/li>\n<p>n \t<\/p>\n<li>Ma\u0219in\u0103 de transfer<\/li>\n<p>n \t<\/p>\n<li>Bauturi alcoolice<\/li>\n<p>n<\/ol>\n<p>n&nbsp;<br \/>\nn<\/p>\n<h4><em><strong>Plecare \u0219i \u00eentoarcere<\/strong><\/em><\/h4>\n<p>nAceast\u0103 c\u0103l\u0103torie \u00eencepe la 8:03 \u0219i se termin\u0103 \u00een jurul orei 12:15. Dar pentru c\u0103 va fi o c\u0103l\u0103torie privat\u0103, pute\u021bi stabili ora de \u00eencepere \u0219i de terminare.<br \/>\nn<br \/>\nnC\u0103l\u0103torul va primi un punct de \u00eent\u00e2lnire dup\u0103 procesul de rezervare. Tururile \u00eencep \u0219i se termin\u0103 \u00een punctele noastre de \u00eent\u00e2lnire.<br \/>\nn<br \/>\nn&nbsp;<br \/>\nn<\/p>\n<h4><b><i>La ce s\u0103 te a\u0219tep\u021bi?<\/i><\/b><\/h4>\n<p>Excursie de snorkeling cu un ghid expert pentru a v\u0103 bucura de fauna marina de la suprafa\u021b\u0103, cu aripioare \u0219i masc\u0103; Vom descoperi paradisiaca insula Cayo Levantado, f\u0103c\u00e2nd snorkeling \u00een dou\u0103 locuri diferite pe parcursul c\u0103l\u0103toriei \u0219i bucur\u00e2ndu-ne de aceast\u0103 plaj\u0103 fascinant\u0103 care nu are acces la vehicule (Durata 4 ore).<br \/>\nn<br \/>\nn Vom pleca de la punctul de \u00eent\u00e2lnire din Portul principal Samana la ora 8:30 diminea\u021ba, dup\u0103 25 de minute de naviga\u021bie vom ajunge la primul punct de snorkeling numit Cayo Farola, vom face snorkeling 45 de minute \u0219i vom continua p\u00e2n\u0103 la plaja Cayo Levantado, unde putem \u00eenota. . , mai face\u021bi pu\u021bin snorkeling sau pur \u0219i simplu bucura\u021bi-v\u0103 de aceast\u0103 plaj\u0103 uimitoare.<br \/>\nn<br \/>\nnVom savura un sandvi\u0219, rom, b\u0103utur\u0103 r\u0103coritoare \u0219i ap\u0103, iar la ora 12 ne vom \u00eentoarce \u00een portul Samana sau ne vom sta la Cayo levantado. Dup\u0103 aceasta, ne vom \u00eentoarce la punctul de plecare. Alte lucruri de remarcat toate excursiile se fac cu barca.<br \/>\nn<br \/>\nn<strong>Orar:<\/strong><br \/>\nn<br \/>\nn8:30 AM \u2013 12:15 PM<br \/>\nn<br \/>\nn&nbsp;<br \/>\nn<\/p>\n<h4><em><strong>Ce ar trebui s\u0103 aduci?<\/strong><\/em><\/h4>\n<p>n<\/p>\n<ul>\nn \t<\/p>\n<li>aparat foto<\/li>\n<p>n \t<\/p>\n<li>Prosop<\/li>\n<p>n \t<\/p>\n<li>protectie solara<\/li>\n<p>n \t<\/p>\n<li>P\u0103l\u0103rie<\/li>\n<p>n \t<\/p>\n<li>Pantaloni \u0219i pantofi comozi<\/li>\n<p>n \t<\/p>\n<li>Sandale la plaj\u0103<\/li>\n<p>n \t<\/p>\n<li>\u00cembr\u0103c\u0103minte de \u00eenot<\/li>\n<p>n \t<\/p>\n<li>Cash pentru suveniruri<\/li>\n<p>n<\/ul>\n<p>n&nbsp;<br \/>\nn<\/p>\n<h4><b><i>Preluare la hotel<\/i><\/b><\/h4>\n<p>nPentru acest tur nu se ofer\u0103 servicii de preluare la hotel.<br \/>\nn<br \/>\nn&nbsp;<br \/>\nn<br \/>\nn<b>Not\u0103:<\/b>\u00a0dac\u0103 rezerva\u021bi \u00een 24 de ore de la ora plec\u0103rii turului\/excursiei, putem aranja preluarea de la hotel cu taxe suplimentare. Odat\u0103 ce achizi\u021bia dvs. este finalizat\u0103, v\u0103 vom trimite informa\u021bii complete de contact (num\u0103r de telefon, adres\u0103 de e-mail etc.) pentru ghidul nostru local pentru a organiza aranjamentele de ridicare.<br \/>\nn<\/p>\n<h4><b><i>Confirmare informa\u021bii suplimentare<\/i><\/b><\/h4>\n<p>n<\/p>\n<ol>\nn \t<\/p>\n<li>Biletele sunt Chitan\u021ba dup\u0103 plata acestui Tur. Pute\u021bi afi\u0219a plata pe telefon.<\/li>\n<p>n \t<\/p>\n<li>Punctul de \u00eent\u00e2lnire va fi primit dup\u0103 procesul de rezervare.<\/li>\n<p>n \t<\/p>\n<li>Copiii trebuie s\u0103 fie \u00eenso\u021bi\u021bi de un adult.<\/li>\n<p>n \t<\/p>\n<li>scaun cu rotile accesibil<\/li>\n<p>n \t<\/p>\n<li>Bebelu\u0219ii trebuie s\u0103 stea pe poale<\/li>\n<p>n \t<\/p>\n<li>Majoritatea c\u0103l\u0103torilor pot participa<\/li>\n<p>n<\/ol>\n<p>n<\/p>\n<h4><b><i>Politica de anulare<\/i><\/b><\/h4>\n<p>nPentru o rambursare complet\u0103, v\u0103 rug\u0103m s\u0103 citi\u021bi politicile noastre de anulare\u00a0<a href=\"https:\/\/www.boattoursamana.com\/ro\/rezervare-online\/\" target=\"_blank\" rel=\"noopener\" data-saferedirecturl=\"https:\/\/www.google.com\/url?q=https:\/\/www.boattoursamana.com\/online-booking\/&amp;source=gmail&amp;ust=1672449202351000&amp;usg=AOvVaw1yAeVAPktmaVCqDujgUn90\">Click aici<\/a>. Fondurile se vor pierde dac\u0103 rezervarea este anulat\u0103 \u00een aceea\u0219i zi a c\u0103l\u0103toriei.<br \/>\nn<br \/>\nn<\/div>\n<p>n\n<\/p><\/div>\n<p>n\n<\/p><\/div>\n<p>n\n<\/p><\/div>\n<p>n\n<\/p><\/div>\n<p>n\n<\/p><\/div>\n<p>n\n<\/p><\/div>\n<p>n\n<\/p><\/div>\n<p>n\n<\/p><\/div>\n<p>n\n<\/p><\/div>\n<p>n\n<\/p><\/div>\n<p>n\n<\/p><\/div>\n<p>n<\/p>\n<div class=\"vc_row wpb_row vc_row-fluid\">\nn<\/p>\n<div class=\"wpb_column vc_column_container vc_col-sm-12\">\nn<\/p>\n<div class=\"vc_column-inner\">\nn<\/p>\n<div class=\"wpb_wrapper\">\nn<\/p>\n<div class=\"wpb_text_column wpb_content_element\">\nn<\/p>\n<div class=\"wpb_wrapper\">\nn<\/p>\n<h4>Contacteaz\u0103-ne?<\/h4>\n<p>n<\/p>\n<h5><b><i>Rezervare aventuri<\/i><\/b><\/h5>\n<p>n<em><strong>Localnicii<\/strong>\u00a0\u0219i\u00a0<strong>Na\u0163ionalii<\/strong>\u00a0Ghizi turistici \u0219i servicii pentru oaspe\u021bi<\/em><br \/>\nn<br \/>\nn<span class=\"text-turquoise\">Rezervari:<\/span>\u00a0Tururi \u0219i excursii \u00een Dom. Reprezentant.<br \/>\nn<br \/>\nn<img decoding=\"async\" class=\"emoji\" draggable=\"false\" src=\"https:\/\/s.w.org\/images\/core\/emoji\/11.2.0\/svg\/1f4de.svg\" alt=\" \" title=\"\">\u00a0Tel\/Whatsapp\u00a0\u00a0<a href=\"tel:+1-809-720-6035\">+1-809-720-6035<\/a>.<br \/>\nn<br \/>\nn<img decoding=\"async\" class=\"emoji\" draggable=\"false\" src=\"https:\/\/s.w.org\/images\/core\/emoji\/11.2.0\/svg\/1f4e9.svg\" alt=\" \" title=\"\">\u00a0<a href=\"mailto:info@bookingadventures.com.do\">info@bookingadventures.com.do<\/a><br \/>\nn<br \/>\nn<strong>Suntem flexibili, stabilim tururi private prin Whatsapp:\u00a0<a href=\"tel:+18097206035\">+18097206035.<\/a><\/strong><br \/>\nn<br \/>\nn<\/div>\n<p>n\n<\/p><\/div>\n<p>n\n<\/p><\/div>\n<p>n\n<\/p><\/div>\n<p>n\n<\/p><\/div>\n<p>n\n<\/p><\/div>\n<p>n<\/p>\n\n\t\t<\/div>\n\t<\/div>\n<\/div><\/div><\/div><\/div>","protected":false},"excerpt":{"rendered":"<p>Vom recunoa\u0219te insula Cayo Levantado \u0219i Cayo Farola, sunt micile insule speciale \u00een bahia de Saman\u00e1, care alberg\u0103 o via\u021b\u0103 marina extraordinar\u0103, incluz\u00e2nd tortugas, ballenas jorobadas, langostas \u0219i delfines! n nNot\u0103: \u00a1Este tour es privado! n n n nSeleccione data de la excursie: &nbsp;<\/p>","protected":false},"author":2,"featured_media":0,"parent":0,"menu_order":0,"comment_status":"open","ping_status":"closed","template":"","meta":{"footnotes":""},"class_list":["post-15795","page","type-page","status-publish","hentry"],"_links":{"self":[{"href":"https:\/\/www.boattoursamana.com\/ro\/wp-json\/wp\/v2\/pages\/15795","targetHints":{"allow":["GET"]}}],"collection":[{"href":"https:\/\/www.boattoursamana.com\/ro\/wp-json\/wp\/v2\/pages"}],"about":[{"href":"https:\/\/www.boattoursamana.com\/ro\/wp-json\/wp\/v2\/types\/page"}],"author":[{"embeddable":true,"href":"https:\/\/www.boattoursamana.com\/ro\/wp-json\/wp\/v2\/users\/2"}],"replies":[{"embeddable":true,"href":"https:\/\/www.boattoursamana.com\/ro\/wp-json\/wp\/v2\/comments?post=15795"}],"version-history":[{"count":0,"href":"https:\/\/www.boattoursamana.com\/ro\/wp-json\/wp\/v2\/pages\/15795\/revisions"}],"wp:attachment":[{"href":"https:\/\/www.boattoursamana.com\/ro\/wp-json\/wp\/v2\/media?parent=15795"}],"curies":[{"name":"wp","href":"https:\/\/api.w.org\/{rel}","templated":true}]}}