{"id":15798,"date":"2023-07-15T07:43:59","date_gmt":"2023-07-15T07:43:59","guid":{"rendered":"https:\/\/www.ticketswhales.com\/bahia-de-las-aguilas-beach-day-trip-by-boat-day-pass-pedernales\/"},"modified":"2023-07-15T07:43:59","modified_gmt":"2023-07-15T07:43:59","slug":"bahia-de-las-aguilas-beach-day-trip-by-boat-day-pass-pedernales","status":"publish","type":"page","link":"https:\/\/www.boattoursamana.com\/ro\/bahia-de-las-aguilas-plaja-excursie-de-o-zi-cu-ambarcatiune-pass-de-o-zi-pedernales-2","title":{"rendered":"Bah\u00eda de las Aguilas: Excursie de o zi pe plaj\u0103 cu barca \u2013 Abonament de o zi \u2013 Pedernales"},"content":{"rendered":"<p><span style=\"vertical-align: inherit;\"><span style=\"vertical-align: inherit;\">Cump\u0103ra\u021bi un boleto de o zi \u00een Bah\u00eda las \u00c1guilas din las \u00e1reas de Pedernales. <\/span><span style=\"vertical-align: inherit;\">Disfruta de un zi de plaj\u0103 \u0219i deja fluir el \u00e1nimo, lejos de las zones turistice \u0219i de tot el estr\u00e9s. <\/span><span style=\"vertical-align: inherit;\">Ven y descubre el Parque Nacional Jaragua \u0219i Bah\u00eda de las \u00c1guilas. <\/span><span style=\"vertical-align: inherit;\">Conduzca por una hermosa carretera cu impresionante panorame del mic port \u0219i el pueblo pesquero de Cabo Rojo. <\/span><span style=\"vertical-align: inherit;\">\u00cen Las Cuevas, abordar\u00e1 un bote care lo llevar\u00e1 \u00eentr-un c\u0103l\u0103torie de 15 minute \u00eentr-o singur\u0103 plaj\u0103 natural\u0103 mai frumoas\u0103 din lume. <\/span><span style=\"vertical-align: inherit;\">Las arenas de la Bah\u00eda de las \u00c1guilas son v\u00edrgenes y la bah\u00eda cubre 8 km. <\/span><span style=\"vertical-align: inherit;\">Experimente un peisaj coster excepcional cu agua cristaline care brillan in tonos que van del turquesa al azul \u00f3palo care se derrite in el horizonte. <\/span><span style=\"vertical-align: inherit;\">El almuerzo se serve\u0219te \u00een playa, nadar sau bucear \u0219i explorar este paraiso natural virgen.<\/span><\/span><br \/>\nn<br \/>\nn&nbsp;<br \/>\nn<br \/>\nn<strong><span style=\"vertical-align: inherit;\"><span style=\"vertical-align: inherit;\">Alege\u021bi ziua pentru aceast\u0103 c\u0103l\u0103torie:<\/span><\/span><\/strong><\/p>\n<p>&nbsp;<\/p>\n<div class=\"vc_row wpb_row vc_row-fluid\" ><div class=\"wpb_column vc_column_container vc_col-sm-12\"><div class=\"vc_column-inner\"><div class=\"wpb_wrapper\"><div class=\"mkdf-section-title-holder\" style=\"text-align: left\">\n\t<div class=\"mkdf-st-inner\">\n\t\t\t\t\t<h5 class=\"mkdf-st-subtitle\" >\n\t\t\t\tAbonament de o zi - Snorkeling \u0219i pr\u00e2nz\t\t\t<\/h5>\n\t\t\t\t\t\t\t<h3 class=\"mkdf-st-title\" >\n\t\t\t\tBah\u00eda de las Aguilas: excursie de o zi pe plaj\u0103 cu barca\t\t\t<\/h3>\n\t\t\t\t\t<\/div>\n<\/div><\/div><\/div><\/div><\/div><div class=\"vc_row wpb_row vc_row-fluid\" ><div class=\"wpb_column vc_column_container vc_col-sm-12\"><div class=\"vc_column-inner\"><div class=\"wpb_wrapper\">\n\t<div class=\"wpb_text_column wpb_content_element\" >\n\t\t<div class=\"wpb_wrapper\">\n\t\t\t<p>\nn<\/p>\n<h4><b><i>Prezentare general\u0103<\/i><\/b><\/h4>\n<p>nDisf\u0103ce\u021bi-v\u0103 de o zi pe plaj\u0103 \u0219i l\u0103sa\u021bi-v\u0103 spiritul s\u0103 curg\u0103, departe de zonele turistice \u0219i de tot stresul. Veni\u021bi s\u0103 descoperi\u021bi Parcul Na\u021bional Jaragua \u0219i Bahia de las \u00c1guilas. Conduce\u021bi de-a lungul unui drum frumos, cu priveli\u0219ti uluitoare asupra micului port \u0219i a satului de pescari Cabo Rojo. \u00cen Las Cuevas v\u0103 urca\u021bi la bordul unei b\u0103rci care v\u0103 duce \u00eentr-o plimbare de 15 minute p\u00e2n\u0103 la una dintre cele mai frumoase plaje naturale din lume. Nisipurile din Bah\u00eda de las Aguilas sunt imaculate, iar golful se \u00eentinde pe 8 km. Experimenta\u021bi un peisaj de coast\u0103 excep\u021bional, cu ape cristaline care str\u0103lucesc \u00een nuan\u021be ce ajung de la turcoaz la albastru opal, topindu-se la orizont. Pr\u00e2nzul este servit pe plaj\u0103, \u00eenota\u021bi sau face\u021bi snorkeling \u0219i explora\u021bi acest paradis natural neatins.<br \/>\nn<br \/>\nn&nbsp;<br \/>\nn<\/p>\n<ul>\nn \t<\/p>\n<li>Ghid local cu experien\u021b\u0103 \u00een siguran\u021b\u0103 \u00een zon\u0103.<\/li>\n<p>n \t<\/p>\n<li>Transport privat<\/li>\n<p>n \t<\/p>\n<li>Taxe incluse<\/li>\n<p>n \t<\/p>\n<li>Masa de pranz<\/li>\n<p>n \t<\/p>\n<li>Ghid turistic local \u00een spaniol\u0103, englez\u0103 sau francez\u0103.<\/li>\n<p>n \t<\/p>\n<li>Drume\u021bii<\/li>\n<p>n \t<\/p>\n<li>Snorkeling<\/li>\n<p>n<\/ul>\n<p>n<\/p>\n<h4><b>Incluziuni \u0219i excluderi<\/b><\/h4>\n<p>n&nbsp;<br \/>\nn<br \/>\nn<b>Incluziuni<\/b><br \/>\nn<\/p>\n<ol>\nn \t<\/p>\n<li>Ghid local cu experien\u021b\u0103 \u00een siguran\u021b\u0103 \u00een zon\u0103.<\/li>\n<p>n \t<\/p>\n<li>Transport privat pentru grupuri mici<\/li>\n<p>n \t<\/p>\n<li>Toate taxele, taxele \u0219i taxele de manipulare<\/li>\n<p>n \t<\/p>\n<li>Taxe locale<\/li>\n<p>n \t<\/p>\n<li>Masa de pranz<\/li>\n<p>n \t<\/p>\n<li>Drume\u021bii<\/li>\n<p>n \t<\/p>\n<li>Piscine naturale<\/li>\n<p>n \t<\/p>\n<li>Snorkeling<\/li>\n<p>n \t<\/p>\n<li>Toate activit\u0103\u021bile<\/li>\n<p>n<\/ol>\n<p>n<b>Excluderile<\/b><br \/>\nn<\/p>\n<ol>\nn \t<\/p>\n<li>Gratuitatii<\/li>\n<p>n \t<\/p>\n<li>Toate B\u0103uturile<\/li>\n<p>n<\/ol>\n<p>n<\/p>\n<h4><em><strong>Plecare \u0219i \u00eentoarcere<\/strong><\/em><\/h4>\n<p>nC\u0103l\u0103torul va primi un punct de \u00eent\u00e2lnire dup\u0103 procesul de rezervare. Tururile \u00eencep \u0219i se termin\u0103 \u00een punctele de \u00eent\u00e2lnire.<br \/>\nn<\/p>\n<h2 class=\"styles__heading___mD4_3\" data-radium=\"true\">Bah\u00eda de las Aguilas: excursie de o zi pe plaj\u0103 cu barca - abonament de o zi - snorkeling \u0219i pr\u00e2nz<\/h2>\n<p>n<\/p>\n<h4><em>La ce s\u0103 te a\u0219tep\u021bi?<\/em><\/h4>\n<p>nPlaya de las Aguilas a fost numit\u0103 dup\u0103 vulturul indigen. Excursia se face cu transport privat din Bahia de las Aguilas, unde v\u0103 permite s\u0103 descoperi\u021bi minunile naturale ale acestei plaje afrodisiace \u00eentr-un mod foarte diferit \u0219i durabil. Petrece\u021bi ziua \u00eentr-un tur al naturii \u00een partea de sud a \u021b\u0103rii, unde ve\u021bi cunoa\u0219te Bahia de las Aguila, una dintre cele mai frumoase plaje din Republica Dominican\u0103, unde vom ajunge cu o barc\u0103 rapid\u0103 la aceast\u0103 plaj\u0103 paradisiac\u0103, o zon\u0103 protejat\u0103 \u00een totalitate de legisla\u021bia de mediu. Petrece\u021bi un timp de relaxare la Bahia de las Aguilas, o rezerva\u021bie natural\u0103 \u0219i un parc na\u021bional nelocuit, \u0219i bucura\u021bi-v\u0103 de un pr\u00e2nz \u00een stil gr\u0103tar \u00een pe\u0219teri.<br \/>\nn<br \/>\nnMarea calm\u0103 \u0219i v\u00e2ntul u\u0219or v\u0103 vor \u00eempiedica s\u0103 suferi\u021bi prea mult din cauza soarelui \u0219i a c\u0103ldurii. Deveni\u021bi un explorator pentru o zi \u0219i descoperi\u021bi un paradis ecologic, natural \u0219i total nealterat. Pute\u021bi observa peste 130 de specii de p\u0103s\u0103ri, dintre care 76 tr\u0103iesc permanent \u00een golf, 10 sunt endemice \u0219i 47 sunt migratoare.<br \/>\nn<br \/>\nn08.30 - Plecare de la punctul de \u00eent\u00e2lnire<br \/>\nn08.45 - Plecare cu barca din satul La Cueva spre Bahia de las Aguilas.<br \/>\nn12.30 - Pr\u00e2nz tipic pe plaj\u0103<br \/>\nn03.00 - \u00centoarcere la La Cueva<br \/>\nn05.30 - Sosire la punctul de \u00eent\u00e2lnire<br \/>\nn<\/p>\n<h4><em><strong>Ce ar trebui s\u0103 aduci?<\/strong><\/em><\/h4>\n<p>n<\/p>\n<ul>\nn \t<\/p>\n<li>aparat foto<\/li>\n<p>n \t<\/p>\n<li>Muguri repelent<\/li>\n<p>n \t<\/p>\n<li>Lotiune de plaja<\/li>\n<p>n \t<\/p>\n<li>Ap\u0103<\/li>\n<p>n \t<\/p>\n<li>P\u0103l\u0103rie<\/li>\n<p>n \t<\/p>\n<li>Pantaloni comozi<\/li>\n<p>n \t<\/p>\n<li>Pantofi de drume\u021bie pentru p\u0103dure<\/li>\n<p>n \t<\/p>\n<li>Sandale \u00een zonele de prim\u0103var\u0103.<\/li>\n<p>n \t<\/p>\n<li>\u00cembr\u0103c\u0103minte de \u00eenot<\/li>\n<p>n<\/ul>\n<p>n&nbsp;<br \/>\nn<\/p>\n<h4><b><i>Preluare la hotel<\/i><\/b><\/h4>\n<p>nPentru acest tur se ofer\u0103 servicii de preluare de la hotel cu cost suplimentar.<br \/>\nn<br \/>\nn<b>Not\u0103:<\/b> Dac\u0103 rezerva\u021bi \u00een termen de 24 de ore de la ora de plecare a turului\/excursiei, putem aranja preluarea de la hotel. Pur \u0219i simplu ridic\u0103m din zona Pedernales. Odat\u0103 ce achizi\u021bia dvs. este finalizat\u0103, v\u0103 vom trimite informa\u021bii complete de contact (num\u0103r de telefon, adres\u0103 de e-mail etc.) pentru ghidul nostru local pentru a organiza aranjamentele de ridicare.<br \/>\nn<\/p>\n<h4><b><i>Confirmare informa\u021bii suplimentare<\/i><\/b><\/h4>\n<p>n<\/p>\n<ol>\nn \t<\/p>\n<li>Biletele sunt Chitan\u021ba dup\u0103 plata acestui Tur. Pute\u021bi afi\u0219a plata pe telefon.<\/li>\n<p>n \t<\/p>\n<li>Punctul de \u00eent\u00e2lnire va fi primit dup\u0103 procesul de rezervare.<\/li>\n<p>n \t<\/p>\n<li>Copiii trebuie s\u0103 fie \u00eenso\u021bi\u021bi de un adult.<\/li>\n<p>n \t<\/p>\n<li>Nu este accesibil cu scaunul cu rotile<\/li>\n<p>n \t<\/p>\n<li>Bebelu\u0219ii trebuie s\u0103 stea pe poale<\/li>\n<p>n \t<\/p>\n<li>Nu este recomandat c\u0103l\u0103torilor cu probleme de spate<\/li>\n<p>n \t<\/p>\n<li>Nu este recomandat c\u0103l\u0103torilor \u00eens\u0103rcinate<\/li>\n<p>n \t<\/p>\n<li>F\u0103r\u0103 probleme cardiace sau alte afec\u021biuni medicale grave<\/li>\n<p>n \t<\/p>\n<li>Majoritatea c\u0103l\u0103torilor pot participa<\/li>\n<p>n<\/ol>\n<p>n<\/p>\n<h4><b><i>Politica de anulare<\/i><\/b><\/h4>\n<p>nPentru o rambursare complet\u0103, v\u0103 rug\u0103m s\u0103 citi\u021bi politicile noastre de anulare\u00a0<a href=\"https:\/\/www.boattoursamana.com\/ro\/rezervare-online\/\" target=\"_blank\" rel=\"noopener\" data-saferedirecturl=\"https:\/\/www.google.com\/url?q=https:\/\/www.boattoursamana.com\/online-booking\/&amp;source=gmail&amp;ust=1672449202351000&amp;usg=AOvVaw1yAeVAPktmaVCqDujgUn90\">Click aici<\/a>. Fondurile se vor pierde dac\u0103 rezervarea este anulat\u0103 \u00een aceea\u0219i zi a c\u0103l\u0103toriei.<\/p>\n\n\t\t<\/div>\n\t<\/div>\n<\/div><\/div><\/div><\/div>","protected":false},"excerpt":{"rendered":"<p>Compre un boleto de un d\u00eda a Bah\u00eda las \u00c1guilas desde las \u00e1reas de Pedernales. Disfruta de un d\u00eda de playa y deja fluir el \u00e1nimo, lejos de las zonas tur\u00edsticas y de todo el estr\u00e9s. Ven y descubre el Parque Nacional Jaragua y Bah\u00eda de las \u00c1guilas. Conduzca por una hermosa carretera con impresionantes vistas del peque\u00f1o puerto y el pueblo pesquero de Cabo Rojo. En Las Cuevas, abordar\u00e1 un bote que lo llevar\u00e1 en un viaje de 15 [&hellip;]<\/p>\n","protected":false},"author":2,"featured_media":0,"parent":0,"menu_order":0,"comment_status":"open","ping_status":"closed","template":"","meta":{"footnotes":""},"class_list":["post-15798","page","type-page","status-publish","hentry"],"_links":{"self":[{"href":"https:\/\/www.boattoursamana.com\/ro\/wp-json\/wp\/v2\/pages\/15798","targetHints":{"allow":["GET"]}}],"collection":[{"href":"https:\/\/www.boattoursamana.com\/ro\/wp-json\/wp\/v2\/pages"}],"about":[{"href":"https:\/\/www.boattoursamana.com\/ro\/wp-json\/wp\/v2\/types\/page"}],"author":[{"embeddable":true,"href":"https:\/\/www.boattoursamana.com\/ro\/wp-json\/wp\/v2\/users\/2"}],"replies":[{"embeddable":true,"href":"https:\/\/www.boattoursamana.com\/ro\/wp-json\/wp\/v2\/comments?post=15798"}],"version-history":[{"count":0,"href":"https:\/\/www.boattoursamana.com\/ro\/wp-json\/wp\/v2\/pages\/15798\/revisions"}],"wp:attachment":[{"href":"https:\/\/www.boattoursamana.com\/ro\/wp-json\/wp\/v2\/media?parent=15798"}],"curies":[{"name":"wp","href":"https:\/\/api.w.org\/{rel}","templated":true}]}}