{"id":15800,"date":"2023-07-15T07:43:59","date_gmt":"2023-07-15T07:43:59","guid":{"rendered":"https:\/\/www.ticketswhales.com\/punta-cana-cap-cana-excursion-whale-watching-cayo-levantado-private-tour\/"},"modified":"2023-07-15T07:43:59","modified_gmt":"2023-07-15T07:43:59","slug":"punta-cana-cap-cana-excursion-whale-watching-cayo-levantado-private-tour","status":"publish","type":"page","link":"https:\/\/www.boattoursamana.com\/ro\/punta-cana-cap-cana-excursie-vizionarea-balenelor-tur-privat-cayo-levantado","title":{"rendered":"Punta Cana \/ Cap Cana: Excursie Observarea balenelor + Cayo Levantado (tur privat)"},"content":{"rendered":"<p><span style=\"vertical-align: inherit;\"><span style=\"vertical-align: inherit;\">Rezerva\u021bi-v\u0103 c\u0103l\u0103toria pentru o experien\u021b\u0103 de vizitare de ballenas \u00eencep\u00e2nd din Cap Cana \u00eentr-un c\u0103l\u0103torie privat\u0103 cu ghiduri profesionale ecologiste. <\/span><span style=\"vertical-align: inherit;\">Dac\u0103 dori\u021bi s\u0103 contacta\u021bi cu noi pentru a primi consultan\u021b\u0103, trimite\u021bi un e-mail, Whatsapp sau Llamadas disponibile. <\/span><span style=\"vertical-align: inherit;\">Por favor reserve cu timp sus intr\u0103ri. <\/span><span style=\"vertical-align: inherit;\">\u00cen sezonul de ballenas, exist\u0103 multe rezerve \u0219i ne-ar pl\u0103cea s\u0103 ai acces la o salv\u0103 pentru tine.<\/span><\/span><br \/>\nn<br \/>\nn<span style=\"vertical-align: inherit;\"><span style=\"vertical-align: inherit;\">Not\u0103: Este un Tour Privat cu o plat\u0103 minim\u0103 de 540 USD. <\/span><span style=\"vertical-align: inherit;\">Dac\u0103 sunte\u021bi mai pu\u021bin de 4 persoane, v\u0103 contacta\u021bi \u0219i v\u0103 trimitem un link unde pute\u021bi rezerva acest tur. <\/span><span style=\"vertical-align: inherit;\">Pentru unirse a un grup de observaci\u00f3n de ballenas con recogida in su hotel, <\/span><\/span><a href=\"https:\/\/www.boattoursamana.com\/ro\/Tours-Excursions\/tours-excursions-samana-bay-dominican-republic\/whale-watching-2020-in-punta-cana-to-samana-bay-cayo-levantado-bacardi-island-from-hotels\/\"><span style=\"vertical-align: inherit;\"><span style=\"vertical-align: inherit;\">HAGA CLIC AQU\u00cd.<\/span><\/span><\/a><br \/>\nn<br \/>\nn<strong><span style=\"vertical-align: inherit;\"><span style=\"vertical-align: inherit;\">Tenga en cuenta<\/span><\/span><\/strong><span style=\"vertical-align: inherit;\"><span style=\"vertical-align: inherit;\"> : <\/span><\/span><em><span style=\"vertical-align: inherit;\"><span style=\"vertical-align: inherit;\">Beb\u00e9s<\/span><\/span><\/em><span style=\"vertical-align: inherit;\"><span style=\"vertical-align: inherit;\"> (0 \u2013 23 luni) gratis, <\/span><\/span><em><span style=\"vertical-align: inherit;\"><span style=\"vertical-align: inherit;\">Ni\u00f1os<\/span><\/span><\/em><span style=\"vertical-align: inherit;\"><span style=\"vertical-align: inherit;\"> (2 &#8211; 10 <\/span><\/span><em><span style=\"vertical-align: inherit;\"><span style=\"vertical-align: inherit;\">ani<\/span><\/span><\/em><span style=\"vertical-align: inherit;\"><span style=\"vertical-align: inherit;\"> )<\/span><\/span><br \/>\nn<br \/>\nn<em><strong><span style=\"vertical-align: inherit;\"><span style=\"vertical-align: inherit;\">Selecta\u021bi data excursiei:<\/span><\/span><\/strong><\/em><\/p>\n<p>&nbsp;<\/p>\n<div class=\"wpb_column vc_column_container vc_col-sm-12\"><div class=\"vc_column-inner\"><div class=\"wpb_wrapper\"><div class=\"vc_btn3-container vc_btn3-inline\" ><a class=\"vc_general vc_btn3 vc_btn3-size-md vc_btn3-shape-rounded vc_btn3-style-modern vc_btn3-color-green\" href=\"https:\/\/bookingadventures.tours\/booking.php?tour_id=6ed21424a849c63fc6398949d1f80266\" title=\"\" rel=\"noopener\">REZERVA ACUM<\/a><\/div><\/div><\/div><\/div><div class=\"vc_row wpb_row vc_row-fluid\" ><div class=\"wpb_column vc_column_container vc_col-sm-12\"><div class=\"vc_column-inner\"><div class=\"wpb_wrapper\">\n\t<div class=\"wpb_text_column wpb_content_element\" >\n\t\t<div class=\"wpb_wrapper\">\n\t\t\t<p>\nn<\/p>\n<div class=\"vc_row wpb_row vc_row-fluid\">\nn<\/p>\n<div class=\"wpb_column vc_column_container vc_col-sm-12\">\nn<\/p>\n<div class=\"vc_column-inner\">\nn<\/p>\n<div class=\"wpb_wrapper\">\nn<\/p>\n<div class=\"wpb_text_column wpb_content_element\">\nn<\/p>\n<div class=\"wpb_wrapper\">\nn<\/p>\n<h3>Excursie Observarea balenelor + Cayo Levantado din Punta Cana\/Cap Cana (tur privat)<\/h3>\n<p>nObservare balene \u00een golful Samana pornind de la hotelurile Punta Cana\/Cap Cana \u00een transport privat. Aceast\u0103 excursie \u00eencepe \u00eentre orele 6:00 \u2013 8:00 \u0219i se termin\u0103 \u00een jurul orei 19:00. Dup\u0103 ce am avortat barca noastr\u0103 pentru a vizita balenele \u00een propriul lor habitat. Dupa aceasta excursie cu Balena vom vizita Insula Bacardi \/ Cayo Levantado (optional). \u00cen insula Bacardi, va fi oferit pr\u00e2nz tip bufet \u00een stil tipic dominican. C\u00e2nd pr\u00e2nzul este terminat, ave\u021bi voie s\u0103 \u00eenota\u021bi p\u00e2n\u0103 la ora 16:00. Turul se va termina \u00een acela\u0219i port de unde va \u00eencepe la ora 17:00. Dup\u0103 aceasta, te ducem \u00eenapoi la hotel.<br \/>\nn<br \/>\nnNot\u0103: Acesta este un tur privat cu o plat\u0103 minim\u0103 de 540 USD. Dac\u0103 sunte\u021bi mai pu\u021bin de 4 persoane, v\u0103 rug\u0103m s\u0103 ne contacta\u021bi \u0219i v\u0103 vom trimite un link de unde pute\u021bi rezerva acest Tur.\u00a0<strong><em>V\u0103 rug\u0103m s\u0103 v\u0103 al\u0103tura\u021bi unui grup de observare a balenelor cu preluare de la hotel<\/em>\u00a0<\/strong><a href=\"https:\/\/www.boattoursamana.com\/ro\/Tours-Excursions\/tours-excursions-samana-bay-dominican-republic\/whale-watching-2020-in-punta-cana-to-samana-bay-cayo-levantado-bacardi-island-from-hotels\/\" data-mil=\"12004\">CLICK AICI.<\/a><br \/>\nn<\/p>\n<ul>\nn \t<\/p>\n<li>Whale Watching Excursie privat\u0103<\/li>\n<p>n \t<\/p>\n<li>Taxe de intrare la Observator<\/li>\n<p>n \t<\/p>\n<li>Include pr\u00e2nz tip bufet pe plaj\u0103<\/li>\n<p>n \t<\/p>\n<li>Transfer privat de la hoteluri<\/li>\n<p>n \t<\/p>\n<li>Transfer privat cu barca<\/li>\n<p>n \t<\/p>\n<li>C\u0103pitanul ofer\u0103 instruc\u021bie \u0219i supraveghere<\/li>\n<p>n \t<\/p>\n<li>Ghid turistic<\/li>\n<p>n<\/ul>\n<p>n&nbsp;<br \/>\nn<\/p>\n<h4><b>Incluziuni \u0219i excluderi<\/b><\/h4>\n<p>n&nbsp;<br \/>\nn<br \/>\nn<b>Incluziuni<\/b><br \/>\nn<\/p>\n<ol>\nn \t<\/p>\n<li>Pranz tip bufet pe plaja<\/li>\n<p>n \t<\/p>\n<li>Ghid turistic<\/li>\n<p>n \t<\/p>\n<li>Ma\u0219in\u0103 de transfer<\/li>\n<p>n \t<\/p>\n<li>Excursie cu barca<\/li>\n<p>n \t<\/p>\n<li>Toate taxele, taxele \u0219i taxele de manipulare<\/li>\n<p>n \t<\/p>\n<li>Taxe locale<\/li>\n<p>n \t<\/p>\n<li>B\u0103uturi<\/li>\n<p>n<\/ol>\n<p>n<b>Excluderile<\/b><br \/>\nn<\/p>\n<ol>\nn \t<\/p>\n<li>Gratuitatii<\/li>\n<p>n \t<\/p>\n<li>Bauturi alcoolice<\/li>\n<p>n<\/ol>\n<p>n&nbsp;<br \/>\nn<\/p>\n<h4><em><strong>Plecare \u0219i \u00eentoarcere<\/strong><\/em><\/h4>\n<p>n C\u0103l\u0103torul va primi un punct de \u00eent\u00e2lnire dup\u0103 Procesul de Rezervare. Tururile \u00eencep \u0219i se termin\u0103 la punctul de \u00eent\u00e2lnire.<br \/>\nn<br \/>\nn&nbsp;<br \/>\nn<\/p>\n<h4><b><i>La ce s\u0103 te a\u0219tep\u021bi?<\/i><\/b><\/h4>\n<p>n&nbsp;<br \/>\nn<br \/>\nn<em><strong>Ia-\u021bi biletele<\/strong><\/em>\u00a0pentru o zi Privire de balene privat\u0103 de la Cap Cana p\u00e2n\u0103 la golful Samana, plus un pr\u00e2nz minunat \u0219i timp de plaj\u0103.<br \/>\nn<br \/>\nnPassul de o zi pentru observarea balenelor, organizat de \"Booking Adventures\", \u00eencepe la punctul de \u00eent\u00e2lnire stabilit cu ghidul turistic. Masa de pr\u00e2nz pe plaj\u0103 \u0219i pute\u021bi sta c\u00e2t dori\u021bi s\u0103 \u00eenota\u021bi \u00een jur. Dac\u0103 sunte\u021bi vegani, v\u0103 putem stabili \u0219i ceva de m\u00e2ncare.<br \/>\nn<br \/>\nn<strong>Orar:<\/strong><br \/>\nn<br \/>\nnFlexibil<br \/>\nn<br \/>\nn&nbsp;<br \/>\nn<\/p>\n<h4><em><strong>Ce ar trebui s\u0103 aduci?<\/strong><\/em><\/h4>\n<p>n<\/p>\n<ul>\nn \t<\/p>\n<li>aparat foto<\/li>\n<p>n \t<\/p>\n<li>Muguri repelent<\/li>\n<p>n \t<\/p>\n<li>Lotiune de plaja<\/li>\n<p>n \t<\/p>\n<li>P\u0103l\u0103rie<\/li>\n<p>n \t<\/p>\n<li>Pantaloni comozi<\/li>\n<p>n \t<\/p>\n<li>Sandale la plaj\u0103<\/li>\n<p>n \t<\/p>\n<li>\u00cembr\u0103c\u0103minte de \u00eenot<\/li>\n<p>n \t<\/p>\n<li>Cash pentru suveniruri<\/li>\n<p>n<\/ul>\n<p>n&nbsp;<br \/>\nn<\/p>\n<h4><b><i>Preluare la hotel<\/i><\/b><\/h4>\n<p>n Preluarea la hotel este inclus\u0103 pentru acest tur. Prelu\u0103m de la orice hotel din zona Punta Cana\/Cap Cana.<br \/>\nn<br \/>\nn&nbsp;<br \/>\nn<br \/>\nn<b>Not\u0103:<\/b>\u00a0dac\u0103 rezerva\u021bi \u00een 24 de ore de la ora plec\u0103rii turului\/excursiei, putem aranja preluarea de la hotel. Odat\u0103 ce achizi\u021bia dvs. este finalizat\u0103, v\u0103 vom trimite informa\u021bii complete de contact (num\u0103r de telefon, adres\u0103 de e-mail etc.) pentru ghidul nostru local pentru a organiza aranjamentele de ridicare.<br \/>\nn<\/p>\n<h4><b><i>Confirmare informa\u021bii suplimentare<\/i><\/b><\/h4>\n<p>n<\/p>\n<ol>\nn \t<\/p>\n<li>Biletele sunt Chitan\u021ba dup\u0103 plata acestui Tur. Pute\u021bi afi\u0219a plata pe telefon.<\/li>\n<p>n \t<\/p>\n<li>Punctul de \u00eent\u00e2lnire va fi primit dup\u0103 procesul de rezervare.<\/li>\n<p>n \t<\/p>\n<li>Copiii trebuie s\u0103 fie \u00eenso\u021bi\u021bi de un adult.<\/li>\n<p>n \t<\/p>\n<li>scaun cu rotile accesibil<\/li>\n<p>n \t<\/p>\n<li>Bebelu\u0219ii trebuie s\u0103 stea pe poale<\/li>\n<p>n \t<\/p>\n<li>Majoritatea c\u0103l\u0103torilor pot participa<\/li>\n<p>n<\/ol>\n<p>n<\/p>\n<h4><b><i>Politica de anulare<\/i><\/b><\/h4>\n<p>nPentru o rambursare integral\u0103, anula\u021bi cu cel pu\u021bin 24 de ore \u00eenainte de data de \u00eencepere a experien\u021bei.<br \/>\nn<br \/>\nn\n<\/div>\n<p>n\n<\/p><\/div>\n<p>n\n<\/p><\/div>\n<p>n\n<\/p><\/div>\n<p>n\n<\/p><\/div>\n<p>n\n<\/p><\/div>\n<p>n<\/p>\n<div class=\"vc_row wpb_row vc_row-fluid\">\nn<\/p>\n<div class=\"wpb_column vc_column_container vc_col-sm-12\">\nn<\/p>\n<div class=\"vc_column-inner\">\nn<\/p>\n<div class=\"wpb_wrapper\">\nn<\/p>\n<div class=\"wpb_text_column wpb_content_element\">\nn<\/p>\n<div class=\"wpb_wrapper\">\nn<\/p>\n<h4>Contacteaz\u0103-ne?<\/h4>\n<p>n<\/p>\n<h5><b><i>TUR BALENE SAMANA<\/i><\/b><\/h5>\n<p>n<em><strong>Localnicii<\/strong>\u00a0\u0219i\u00a0<strong>Na\u0163ionalii<\/strong>\u00a0Ghizi turistici \u0219i servicii pentru oaspe\u021bi<\/em><br \/>\nn<br \/>\nn<span class=\"text-turquoise\">Rezerve:<\/span>\u00a0\u00a0Tururi \u0219i excursii \u00een Dom. Reps.<br \/>\nn<br \/>\nn<img decoding=\"async\" class=\"emoji\" draggable=\"false\" src=\"https:\/\/s.w.org\/images\/core\/emoji\/11.2.0\/svg\/1f4de.svg\" alt=\" \" title=\"\">\u00a0Tel\/Whatsapp\u00a0\u00a0\u00a0<a href=\"tel:+1-809-720-6035\">+ 1-809-720-6035<\/a>\u00a0.<br \/>\nn<\/p>\n<p data-wp-editing=\"1\"><a href=\"mailto:Reservabatour@gmail.com\"><img decoding=\"async\" class=\"emoji\" draggable=\"false\" src=\"https:\/\/s.w.org\/images\/core\/emoji\/11.2.0\/svg\/1f4e9.svg\" alt=\" \" title=\"\"> Reservabatour@gmail.com<\/a><\/p>\n<p>n&nbsp;<br \/>\nn<br \/>\nn\n<\/div>\n<p>n\n<\/p><\/div>\n<p>n\n<\/p><\/div>\n<p>n\n<\/p><\/div>\n<p>n\n<\/p><\/div>\n<p>n\n<\/p><\/div>\n<p>n<\/p>\n\n\t\t<\/div>\n\t<\/div>\n<div class=\"vc_btn3-container vc_btn3-inline\" ><a class=\"vc_general vc_btn3 vc_btn3-size-md vc_btn3-shape-rounded vc_btn3-style-modern vc_btn3-color-green\" href=\"https:\/\/bookingadventures.tours\/booking.php?tour_id=6ed21424a849c63fc6398949d1f80266\" title=\"\" rel=\"noopener\">REZERVA ACUM<\/a><\/div><\/div><\/div><\/div><\/div>","protected":false},"excerpt":{"rendered":"<p>Reserve su viaje para una experiencia de avistamiento de ballenas comenzando desde Cap Cana en un viaje privado con gu\u00edas profesionales ecologistas. Si desea ponerse en contacto con nosotros para recibir asesoramiento, env\u00ede un correo electr\u00f3nico, Whatsapp o Llamadas disponibles. Por favor reserve con tiempo sus entradas. En la temporada de ballenas hay muchas reservas y nos gustar\u00eda tener sus entradas a salvo para usted. n nNota: Este es un Tour Privado con un pago m\u00ednimo de 540 USD. Si [&hellip;]<\/p>\n","protected":false},"author":2,"featured_media":0,"parent":0,"menu_order":0,"comment_status":"open","ping_status":"closed","template":"","meta":{"footnotes":""},"class_list":["post-15800","page","type-page","status-publish","hentry"],"_links":{"self":[{"href":"https:\/\/www.boattoursamana.com\/ro\/wp-json\/wp\/v2\/pages\/15800","targetHints":{"allow":["GET"]}}],"collection":[{"href":"https:\/\/www.boattoursamana.com\/ro\/wp-json\/wp\/v2\/pages"}],"about":[{"href":"https:\/\/www.boattoursamana.com\/ro\/wp-json\/wp\/v2\/types\/page"}],"author":[{"embeddable":true,"href":"https:\/\/www.boattoursamana.com\/ro\/wp-json\/wp\/v2\/users\/2"}],"replies":[{"embeddable":true,"href":"https:\/\/www.boattoursamana.com\/ro\/wp-json\/wp\/v2\/comments?post=15800"}],"version-history":[{"count":0,"href":"https:\/\/www.boattoursamana.com\/ro\/wp-json\/wp\/v2\/pages\/15800\/revisions"}],"wp:attachment":[{"href":"https:\/\/www.boattoursamana.com\/ro\/wp-json\/wp\/v2\/media?parent=15800"}],"curies":[{"name":"wp","href":"https:\/\/api.w.org\/{rel}","templated":true}]}}