{"id":15821,"date":"2023-07-15T07:44:18","date_gmt":"2023-07-15T07:44:18","guid":{"rendered":"https:\/\/www.ticketswhales.com\/los-haitises-kayaking-boat-trip-caves-and-swimming-at-private-beach-all-in-one\/"},"modified":"2023-07-15T07:44:18","modified_gmt":"2023-07-15T07:44:18","slug":"los-haitises-kayaking-boat-trip-caves-and-swimming-at-private-beach-all-in-one","status":"publish","type":"page","link":"https:\/\/www.boattoursamana.com\/ro\/los-haitis-caiac-excursie-cu-barca-pesteri-si-inot-la-plaja-privata-tot-in-unu-2","title":{"rendered":"Los Haitises Caiac + Excursie cu barca + Pe\u0219teri \u0219i \u00eenot la plaja privat\u0103 (Totul \u00eentr-unul)."},"content":{"rendered":"<p><span style=\"vertical-align: inherit;\"><span style=\"vertical-align: inherit;\">Caiac + Paseo en Barco + Cuevas y Playa para Nadar (Todo en Uno). <\/span><span style=\"vertical-align: inherit;\">Parcul Na\u021bional Los Haitises cu un ghid turistic local din Sabana de la Mar. Vizita\u021bi la selva tropical\u0103, la peque\u00f1a plaj\u0103 privat\u0103, la zonele de coco, cafenea \u0219i cacao. <\/span><span style=\"vertical-align: inherit;\">Aprendiendo sobre la istoria original\u0103 a Parcului Nacional Los Haitises.<\/span><\/span><br \/>\nn<br \/>\nn&nbsp;<br \/>\nn<br \/>\nn<strong><span style=\"vertical-align: inherit;\"><span style=\"vertical-align: inherit;\">Selecta\u021bi data pentru c\u0103l\u0103toria de aventura, tot \u00eentr-unul:<\/span><\/span><\/strong><\/p>\n<p>&nbsp;<\/p>\n<div class=\"vc_row wpb_row vc_row-fluid\" ><div class=\"wpb_column vc_column_container vc_col-sm-12\"><div class=\"vc_column-inner\"><div class=\"wpb_wrapper\"><div class=\"vc_btn3-container vc_btn3-inline\" ><button class=\"vc_general vc_btn3 vc_btn3-size-md vc_btn3-shape-rounded vc_btn3-style-modern vc_btn3-color-green\">REZERVA ACUM<\/button><\/div>\n\t<div class=\"wpb_text_column wpb_content_element\" >\n\t\t<div class=\"wpb_wrapper\">\n\t\t\t<p>\nn<\/p>\n<h4><b><i>Prezentare general\u0103 <\/i><\/b><\/h4>\n<p>n<span style=\"font-weight: 400;\">Evada\u021bi din ora\u0219 pentru a v\u0103 scufunda \u00een ecoturismul provinciei Hato Mayor, prima provincie ecoturistic\u0103 din Republica Dominican\u0103. Vino cu noi \u0219i bucur\u0103-te de apele proaspete ale uneia dintre plajele neexplorate din Los Haitises, unde se afl\u0103 Golful San Lorenzo. Locul este accesibil cu barca, \u00eenconjurat de p\u0103dure tropical\u0103 \u0219i p\u0103dure de mangrove. \u00cen timp ce naviga\u021bi, ve\u021bi intra \u00een contact cu natura \u0219i peisajul de neuitat al acestui parc na\u021bional. Acest tur va fi un amestec de plimbare cu caiac, plimbare cu barca, vizitarea unei pe\u0219teri \u0219i \u00eenot \u00eentr-unul dintre cele mai importante parcuri na\u021bionale ale \u021b\u0103rii, aici se afl\u0103 cea mai mare parte a biodiversit\u0103\u021bii insulei \u0219i a doua cea mai mare p\u0103dure de mangrove cu mai mult de 98 km2.\u00a0<\/span><br \/>\nn<br \/>\nn&nbsp;<br \/>\nn<br \/>\nn<span style=\"font-weight: 400;\">Personalul nostru local \u0219i expert se va asigura c\u0103 cunoa\u0219te\u021bi cu adev\u0103rat cultura Tainos, istoria lor \u00een Los Haitises \u0219i leg\u0103tura lor cu natura. Acest tur este \u00een modul ecoturism \u00een care comunitatea ajunge s\u0103 joace un rol foarte important, ei sunt ghizi, c\u0103pitani de b\u0103rci \u0219i \u0219oferi.<\/span><br \/>\nn<br \/>\nn&nbsp;<br \/>\nn<br \/>\nn<span style=\"font-weight: 400;\">Prioritatea Booking Adventure este s\u0103 te asiguri c\u0103 prime\u0219ti tot ce este mai bun, din momentul \u00een care cumperi biletul \u0219i p\u00e2n\u0103 c\u00e2nd termini c\u0103l\u0103toria. Tururile noastre sunt axate pe educa\u021bia ecologic\u0103, aventur\u0103 \u0219i istoria local\u0103 \u0219i \u00een timpul acestei c\u0103l\u0103torii, ve\u021bi putea vedea pu\u021bin din tot.\u00a0<\/span><br \/>\nn<\/p>\n<h3><span style=\"font-weight: 400;\">Incluziuni \u0219i excluderi<\/span><\/h3>\n<p>n<\/p>\n<h6><strong>Incluziuni<\/strong><\/h6>\n<p>n<\/p>\n<ul>\nn \t<\/p>\n<li><span style=\"font-weight: 400;\">Barc\u0103 \u0219i c\u0103pitan\u00a0<\/span><\/li>\n<p>n \t<\/p>\n<li><span style=\"font-weight: 400;\">Caiace\u00a0<\/span><\/li>\n<p>n \t<\/p>\n<li><span style=\"font-weight: 400;\">Gust\u0103ri, (ap\u0103, fructe, sandvi\u0219uri \u0219i sifon)<\/span><\/li>\n<p>n \t<\/p>\n<li><span style=\"font-weight: 400;\">Toate taxele, taxele \u0219i taxele de manipulare<\/span><\/li>\n<p>n \t<\/p>\n<li><span style=\"font-weight: 400;\">Taxe locale<\/span><\/li>\n<p>n \t<\/p>\n<li><span style=\"font-weight: 400;\">Ghizi turistici oficiali ecologisti engleza\/spaniola<\/span><\/li>\n<p>n \t<\/p>\n<li><span style=\"font-weight: 400;\">Piscine naturale de \u00eenot \u0219i plaj\u0103 neexplorat\u0103\u00a0<\/span><\/li>\n<p>n \t<\/p>\n<li><span style=\"font-weight: 400;\">O pe\u0219ter\u0103\u00a0<\/span><\/li>\n<p>n<\/ul>\n<p>n&nbsp;<br \/>\nn<\/p>\n<h6><strong>Excluderile<\/strong><\/h6>\n<p>n&nbsp;<br \/>\nn<\/p>\n<ul>\nn \t<\/p>\n<li><span style=\"font-weight: 400;\">Gratuitatii<\/span><\/li>\n<p>n \t<\/p>\n<li><span style=\"font-weight: 400;\">B\u0103utur\u0103<\/span><\/li>\n<p>n \t<\/p>\n<li><span style=\"font-weight: 400;\">Transfer\u00a0<\/span><\/li>\n<p>n<\/ul>\n<p>n<span style=\"font-weight: 400;\">\u00a0<\/span><br \/>\nn<\/p>\n<h6><strong>Plecare \u0219i \u00eentoarcere<\/strong><\/h6>\n<p>n&nbsp;<br \/>\nn<br \/>\nn<span style=\"font-weight: 400;\">Turul, organizat de \u201eBooking Adventures\u201d, \u00eencepe la punctul de \u00eent\u00e2lnire stabilit cu Ghidul Turistic sau cu membrul Personalului. C\u0103l\u0103torul va primi un punct de \u00eent\u00e2lnire dup\u0103 Procesul de Rezervare. Tururile \u00eencep \u0219i se termin\u0103 la punctele noastre de \u00eent\u00e2lnire.<\/span><br \/>\nn<\/p>\n<h2>Los Haitises Caiac + Excursie cu barca + Pe\u0219teri \u0219i plaj\u0103 pentru \u00eenot (Totul \u00een Unul).<\/h2>\n<p>n<span style=\"font-weight: 400;\">La ce s\u0103 te a\u0219tep\u021bi?<\/span><br \/>\nn<br \/>\nn&nbsp;<br \/>\nn<br \/>\nn<span style=\"font-weight: 400;\">Ia-\u021bi biletul pentru Turul Eco-Adventure Parcul Na\u021bional Los Haitises All In One\u00a0<\/span><br \/>\nn<br \/>\nn&nbsp;<br \/>\nn<br \/>\nn<span style=\"font-weight: 400;\">Aceast\u0103 excursie \u00eencepe de la un punct de \u00eent\u00e2lnire pe care trebuie s\u0103 \u00eel confirma\u021bi cu agen\u021bii no\u0219tri de turism sau cu Ghidul dvs. \u00eenainte de a v\u0103 \u00eendrepta c\u0103tre orice loca\u021bie. Odat\u0103 ce v\u0103 \u00eent\u00e2lni\u021bi ghidul, ve\u021bi avea un debrief al turului \u0219i tot ceea ce este legat de ziua dvs.<\/span><br \/>\nn<br \/>\nn&nbsp;<br \/>\nn<br \/>\nn<span style=\"font-weight: 400;\">C\u00e2nd toat\u0103 lumea este gata \u0219i ridic\u0103m caiacele, ne vom \u00eendrepta c\u0103tre prima loca\u021bie, care este Playita Las Almejas, unde se afl\u0103 bazine naturale, \u00een timp ce navig\u0103m prin p\u0103durea de mangrove \u0219i prin stratul golfului San Lorenzo, vom \u00eemp\u0103rt\u0103\u0219i cu voi pove\u0219ti despre Los Haitises, Geologie \u0219i trece\u021bi peste speciile de mangrove \u00een jurul Golfului San Lorenzo.\u00a0<\/span><br \/>\nn<br \/>\nn&nbsp;<br \/>\nn<br \/>\nn<span style=\"font-weight: 400;\">Pe m\u0103sur\u0103 ce ajungem la prima loca\u021bie, ar trebui s\u0103 v\u0103 preg\u0103ti\u021bi costumul de baie pentru a merge pe caiac \u0219i a v\u00e2sli la Pe\u0219tera liniei cu ghidul dvs., restul personalului v\u0103 va a\u0219tepta p\u00e2n\u0103 c\u00e2nd ve\u021bi termina prima parte a activit\u0103\u021bii.<\/span><br \/>\nn<br \/>\nn&nbsp;<br \/>\nn<br \/>\nn<span style=\"font-weight: 400;\">\u00cen aceast\u0103 parte a c\u0103l\u0103toriei dvs., ve\u021bi putea ocoli vechiul port Las Perlas, care este una dintre primele structuri construite de europeni \u00een zon\u0103, \u00een jurul anului 1866, \u0219i aceasta a fost conectat\u0103 cu o linie de tren care a fost transportul pentru cafea, banane \u0219i tot ce cultiva acest grup de europeni \u00een ceea ce este ast\u0103zi Los Haitises.\u00a0<\/span><br \/>\nn<br \/>\nn&nbsp;<br \/>\nn<br \/>\nn<span style=\"font-weight: 400;\">\u00cen pe\u0219tera pe care o ve\u021bi vizita sunt peste 1200 de pictograme pictate de tainos, acesta a fost o modalitate de a se exprima, iar ast\u0103zi aceste piese de art\u0103 ne spun pove\u0219ti pe care nu credeam c\u0103 le vom g\u0103si \u00een zilele noastre. C\u00e2nd termina\u021bi aici, ne vom \u00eentoarce la Playa de las Almejas pentru gust\u0103ri \u0219i timp de \u00eenot.\u00a0<\/span><br \/>\nn<br \/>\nn&nbsp;<br \/>\nn<br \/>\nn<span style=\"font-weight: 400;\">Dup\u0103 ce \u00eenot la piscina natural\u0103 ne vom \u00eentoarce la portul principal din zona Cano Hondo, acesta este un tur de 5 ore care v\u0103 ofer\u0103 posibilitatea de a supraveghea cea mai mare parte a Parcului Na\u021bional Sabana de la Mar \u0219i Los Haitises, aceast\u0103 excursie se termin\u0103 \u00een acela\u0219i loc \u00een care a \u00eenceput.<\/span><br \/>\nn<br \/>\nn&nbsp;<br \/>\nn<br \/>\nn<span style=\"font-weight: 400;\">Not\u0103: Aceste excursii sunt cu ghizi turistici oficiali ecologisti. V\u0103 rug\u0103m s\u0103 Rezerva\u021bi cu timp pentru c\u0103 \u00een parc nu sunt prea mul\u021bi speciali\u0219ti.<\/span><br \/>\nn<br \/>\nn&nbsp;<br \/>\nn<\/p>\n<h6><strong>Ce ar trebui s\u0103 aduci?<\/strong><\/h6>\n<p>n<\/p>\n<ul>\nn \t<\/p>\n<li style=\"font-weight: 400;\" aria-level=\"1\"><span style=\"font-weight: 400;\">aparat foto<\/span><\/li>\n<p>n \t<\/p>\n<li style=\"font-weight: 400;\" aria-level=\"1\"><span style=\"font-weight: 400;\">Spray \u00eempotriva insectelor\u00a0<\/span><\/li>\n<p>n \t<\/p>\n<li style=\"font-weight: 400;\" aria-level=\"1\"><span style=\"font-weight: 400;\">Lotiune de plaja<\/span><\/li>\n<p>n \t<\/p>\n<li style=\"font-weight: 400;\" aria-level=\"1\"><span style=\"font-weight: 400;\">Pantaloni comozi<\/span><\/li>\n<p>n \t<\/p>\n<li style=\"font-weight: 400;\" aria-level=\"1\"><span style=\"font-weight: 400;\">Pantofi de alergat<\/span><\/li>\n<p>n \t<\/p>\n<li style=\"font-weight: 400;\" aria-level=\"1\"><span style=\"font-weight: 400;\">Jacheta de ploaie\u00a0<\/span><\/li>\n<p>n \t<\/p>\n<li style=\"font-weight: 400;\" aria-level=\"1\"><span style=\"font-weight: 400;\">Costum de baie\u00a0<\/span><\/li>\n<p>n \t<\/p>\n<li style=\"font-weight: 400;\" aria-level=\"1\"><span style=\"font-weight: 400;\">Prosop\u00a0<\/span><\/li>\n<p>n<\/ul>\n<p>n<\/p>\n<h4><b><i>Preluare la hotel <\/i><\/b><\/h4>\n<p>n<span style=\"font-weight: 400;\">Preluarea la hotel nu este oferit\u0103 pentru acest tur. Doar dac\u0103 v\u0103 afla\u021bi \u00een Hotelul Cano Hondo sau Hotelurile din zona Sabana de la mar.<\/span><br \/>\nn<br \/>\nn<b>Not\u0103:<\/b><span style=\"font-weight: 400;\"> Dac\u0103 rezerva\u021bi \u00een termen de 24 de ore de la ora de plecare a turului\/excursiei, putem aranja preluarea de la hotel cu taxe suplimentare din orice loc din Republica Dominican\u0103. Odat\u0103 ce achizi\u021bia dvs. este finalizat\u0103, v\u0103 vom trimite informa\u021bii complete de contact (num\u0103r de telefon, adres\u0103 de e-mail etc.) pentru ghidul nostru local pentru a organiza aranjamentele de ridicare.<\/span><br \/>\nn<\/p>\n<h4><b><i>Confirmare informa\u021bii suplimentare <\/i><\/b><\/h4>\n<p>n<\/p>\n<ol>\nn \t<\/p>\n<li>Biletele sunt Chitan\u021ba dup\u0103 plata acestui Tur. Pute\u021bi afi\u0219a plata pe telefon.<\/li>\n<p>n \t<\/p>\n<li style=\"font-weight: 400;\"><span style=\"font-weight: 400;\">Punctul de \u00eent\u00e2lnire va fi primit dup\u0103 procesul de rezervare.<\/span><\/li>\n<p>n \t<\/p>\n<li style=\"font-weight: 400;\"><span style=\"font-weight: 400;\">Copiii trebuie s\u0103 fie \u00eenso\u021bi\u021bi de un adult.<\/span><\/li>\n<p>n \t<\/p>\n<li style=\"font-weight: 400;\"><span style=\"font-weight: 400;\"> Nu este accesibil cu scaunul cu rotile <\/span><\/li>\n<p>n \t<\/p>\n<li style=\"font-weight: 400;\"><span style=\"font-weight: 400;\">Bebelu\u0219ii trebuie s\u0103 stea pe poale <\/span><\/li>\n<p>n \t<\/p>\n<li style=\"font-weight: 400;\"><span style=\"font-weight: 400;\">Nu este recomandat c\u0103l\u0103torilor cu probleme de spate<\/span><\/li>\n<p>n \t<\/p>\n<li style=\"font-weight: 400;\"><span style=\"font-weight: 400;\">Nu este recomandat c\u0103l\u0103torilor \u00eens\u0103rcinate <\/span><\/li>\n<p>n \t<\/p>\n<li style=\"font-weight: 400;\"><span style=\"font-weight: 400;\"> F\u0103r\u0103 probleme cardiace sau alte afec\u021biuni medicale grave <\/span><\/li>\n<p>n \t<\/p>\n<li style=\"font-weight: 400;\"><span style=\"font-weight: 400;\">Majoritatea c\u0103l\u0103torilor pot participa<\/span><\/li>\n<p>n<\/ol>\n<p>n<\/p>\n<h4><b><i>Politica de anulare<\/i><\/b><\/h4>\n<p>nPentru o rambursare complet\u0103, v\u0103 rug\u0103m s\u0103 citi\u021bi politicile noastre de anulare\u00a0<a href=\"https:\/\/www.boattoursamana.com\/ro\/rezervare-online\/\" target=\"_blank\" rel=\"noopener\" data-saferedirecturl=\"https:\/\/www.google.com\/url?q=https:\/\/www.boattoursamana.com\/online-booking\/&amp;source=gmail&amp;ust=1672449202351000&amp;usg=AOvVaw1yAeVAPktmaVCqDujgUn90\">Click aici<\/a>. Fondurile se vor pierde dac\u0103 rezervarea este anulat\u0103 \u00een aceea\u0219i zi a c\u0103l\u0103toriei.<\/p>\n\n\t\t<\/div>\n\t<\/div>\n<\/div><\/div><\/div><\/div><div class=\"vc_row wpb_row vc_row-fluid\" ><div class=\"wpb_column vc_column_container vc_col-sm-12\"><div class=\"vc_column-inner\"><div class=\"wpb_wrapper\"><\/div><\/div><\/div><\/div><div class=\"vc_row wpb_row vc_row-fluid\" ><\/div><div class=\"wpb_column vc_column_container vc_col-sm-12\"><div class=\"vc_column-inner\"><div class=\"wpb_wrapper\"><\/div><\/div><\/div><div class=\"vc_empty_space\"   style=\"height: 32px\"><span class=\"vc_empty_space_inner\"><\/span><\/div><div class=\"vc_empty_space\"   style=\"height: 32px\"><span class=\"vc_empty_space_inner\"><\/span><\/div><div class=\"vc_row wpb_row vc_row-fluid\" ><div class=\"wpb_column vc_column_container vc_col-sm-12\"><div class=\"vc_column-inner\"><div class=\"wpb_wrapper\"><div class=\"vc_btn3-container vc_btn3-inline\" ><button class=\"vc_general vc_btn3 vc_btn3-size-md vc_btn3-shape-rounded vc_btn3-style-modern vc_btn3-color-green\">REZERVA ACUM<\/button><\/div><\/div><\/div><\/div><\/div>","protected":false},"excerpt":{"rendered":"<p>Kayak + Paseo en Barco + Cuevas y Playa para Nadar (Todo en Uno). Parque Nacional Los Haitises con un gu\u00eda tur\u00edstico local desde Sabana de la Mar. Visita a la selva tropical, la peque\u00f1a playa privada, las \u00e1reas de coco, caf\u00e9 y cacao. Aprendiendo sobre la historia original del Parque Nacional Los Haitises. n n&nbsp; n nSeleccione la fecha para el viaje de aventura todo en uno: &nbsp;<\/p>","protected":false},"author":2,"featured_media":0,"parent":0,"menu_order":0,"comment_status":"open","ping_status":"closed","template":"","meta":{"footnotes":""},"class_list":["post-15821","page","type-page","status-publish","hentry"],"_links":{"self":[{"href":"https:\/\/www.boattoursamana.com\/ro\/wp-json\/wp\/v2\/pages\/15821","targetHints":{"allow":["GET"]}}],"collection":[{"href":"https:\/\/www.boattoursamana.com\/ro\/wp-json\/wp\/v2\/pages"}],"about":[{"href":"https:\/\/www.boattoursamana.com\/ro\/wp-json\/wp\/v2\/types\/page"}],"author":[{"embeddable":true,"href":"https:\/\/www.boattoursamana.com\/ro\/wp-json\/wp\/v2\/users\/2"}],"replies":[{"embeddable":true,"href":"https:\/\/www.boattoursamana.com\/ro\/wp-json\/wp\/v2\/comments?post=15821"}],"version-history":[{"count":0,"href":"https:\/\/www.boattoursamana.com\/ro\/wp-json\/wp\/v2\/pages\/15821\/revisions"}],"wp:attachment":[{"href":"https:\/\/www.boattoursamana.com\/ro\/wp-json\/wp\/v2\/media?parent=15821"}],"curies":[{"name":"wp","href":"https:\/\/api.w.org\/{rel}","templated":true}]}}