{"id":15826,"date":"2023-07-15T07:44:18","date_gmt":"2023-07-15T07:44:18","guid":{"rendered":"https:\/\/www.ticketswhales.com\/los-haitises-boat-private-trip-from-la-romana\/"},"modified":"2023-07-15T07:44:18","modified_gmt":"2023-07-15T07:44:18","slug":"los-haitises-boat-private-trip-from-la-romana","status":"publish","type":"page","link":"https:\/\/www.boattoursamana.com\/ro\/los-haitis-boat-excursie-privata-din-la-romana-2","title":{"rendered":"Excursie privat\u0103 cu barca Los Haitises \u2013 Din La Romana"},"content":{"rendered":"<p>Cel mai mic pre\u021b de vizitat <strong>Parcul Na\u021bional Los Haitises<\/strong> din <b>La Romana <\/b>cu localnicii. C\u0103l\u0103toria \u00eencepe \u00een portul principal al Parcului Na\u021bional Haitises. C\u0103l\u0103toria poate \u00eencepe \u00eentre orele 6:00 \u0219i 8:00. Preluare in zonele La Romana. Ghidul turistic local care cunoa\u0219te istoria original\u0103 a minunatului Parc Na\u021bional va fi \u00een c\u0103l\u0103toria dumneavoastr\u0103.<br \/>\nn<br \/>\nnDup\u0103 ce pornim din portul principal din Parcul Na\u021bional Los Haitises, numele Ca\u00f1o Hondo (Deep Creek) pe o BARC\u0102 cu veste de salvare. Ne vom bucura de p\u0103durea Mangroves Ro\u0219ii p\u00e2n\u0103 ajungem \u00een Golful San Lorenzo, un mic golf \u00een golful Saman\u00e1. \u0218i iat\u0103-ne! Primul lucru uimitor pe care \u00eel pute\u021bi vedea este colec\u021bia unei insule montane uria\u0219e de calcare numit\u0103 Mogotes. \u00cen plus, peste 700 de specii de plante \u0219i multe p\u0103s\u0103ri din zonele umede zboar\u0103 \u00een jur. Mai t\u00e2rziu, vizitarea pe\u0219terilor cu pictograme din comunit\u0103\u021bile noastre indigene de acum 750 de ani.<br \/>\nn<br \/>\nn<strong>V\u0103 rug\u0103m s\u0103 selecta\u021bi o dat\u0103 pentru c\u0103l\u0103toria dvs. privat\u0103:<\/strong><\/p>\n<p>&nbsp;<\/p>\n<div class=\"vc_row wpb_row vc_row-fluid\" ><div class=\"wpb_column vc_column_container vc_col-sm-12\"><div class=\"vc_column-inner\"><div class=\"wpb_wrapper\"><div class=\"mkdf-section-title-holder\" style=\"text-align: left\">\n\t<div class=\"mkdf-st-inner\">\n\t\t\t\t\t<h5 class=\"mkdf-st-subtitle\" >\n\t\t\t\tMangrove, Ghizi Locali \u0219i Pe\u0219teri\t\t\t<\/h5>\n\t\t\t\t\t\t\t<h3 class=\"mkdf-st-title\" >\n\t\t\t\tExcursie privat\u0103 cu barca Los Haitises - De la La Romana\t\t\t<\/h3>\n\t\t\t\t\t<\/div>\n<\/div><\/div><\/div><\/div><\/div><div class=\"vc_row wpb_row vc_row-fluid\" ><div class=\"wpb_column vc_column_container vc_col-sm-12\"><div class=\"vc_column-inner\"><div class=\"wpb_wrapper\"><div class=\"vc_btn3-container vc_btn3-inline\" ><button class=\"vc_general vc_btn3 vc_btn3-size-md vc_btn3-shape-rounded vc_btn3-style-modern vc_btn3-color-green\">REZERVA ACUM<\/button><\/div>\n\t<div class=\"wpb_text_column wpb_content_element\" >\n\t\t<div class=\"wpb_wrapper\">\n\t\t\t<p>\nn<\/p>\n<h4><b><i>Prezentare general\u0103 <\/i><\/b><\/h4>\n<p>nDac\u0103 v\u0103 afla\u021bi \u00een La Romana, alege\u021bi o excursie privat\u0103 normal\u0103 \u00een Parcul Na\u021bional Los Haitises. Vino cu noi \u0219i viziteaz\u0103 cel mai frumos parc na\u021bional din Republica Dominican\u0103, vizit\u00e2nd Mangrove, Pe\u0219teri \u0219i Golful San Lorenzo. Dup\u0103 transportul privat din Bayahibe, aceast\u0103 excursie privat\u0103 cu barca \u00eencepe de la comunitatea Sabana de la Mar, care \u00eenva\u021b\u0103 despre istoria Sabana de la Mar.<br \/>\nn<\/p>\n<ul>\nn \t<\/p>\n<li style=\"font-weight: 400;\">Taxe incluse<\/li>\n<p>n \t<\/p>\n<li style=\"font-weight: 400;\"><span style=\"font-weight: 400;\">Ghidul ofer\u0103 instruc\u021biuni \u0219i supraveghere<\/span><\/li>\n<p>n \t<\/p>\n<li>Masa de pranz<\/li>\n<p>n<\/ul>\n<p>n&nbsp;<br \/>\nn<\/p>\n<h4><b>Incluziuni \u0219i excluderi<\/b><\/h4>\n<p>n&nbsp;<br \/>\nn<br \/>\nn<b>Incluziuni<\/b><br \/>\nn<\/p>\n<ol>\nn \t<\/p>\n<li style=\"font-weight: 400;\">Tur Los Haitises + Pe\u0219teri \u0219i Pictograme<\/li>\n<p>n \t<\/p>\n<li style=\"font-weight: 400;\"><span style=\"font-weight: 400;\">Toate taxele, taxele \u0219i taxele de manipulare<\/span><\/li>\n<p>n \t<\/p>\n<li style=\"font-weight: 400;\"><span style=\"font-weight: 400;\">Taxe locale<\/span><\/li>\n<p>n \t<\/p>\n<li style=\"font-weight: 400;\"><span style=\"font-weight: 400;\">Toate activit\u0103\u021bile<\/span><\/li>\n<p>n \t<\/p>\n<li style=\"font-weight: 400;\"><span style=\"font-weight: 400;\">Ghid local<\/span><\/li>\n<p>n \t<\/p>\n<li>Transport inclus<\/li>\n<p>n<\/ol>\n<p>n<b> Excluderile<\/b><br \/>\nn<\/p>\n<ol>\nn \t<\/p>\n<li style=\"font-weight: 400;\"><span style=\"font-weight: 400;\">Gratuitatii<\/span><\/li>\n<p>n \t<\/p>\n<li style=\"font-weight: 400;\"><span style=\"font-weight: 400;\">Bauturi alcoolice<\/span><\/li>\n<p>n<\/ol>\n<p>n&nbsp;<br \/>\nn<\/p>\n<h4><em><strong>Plecare \u0219i \u00eentoarcere<\/strong><\/em><\/h4>\n<p>n<span style=\"font-weight: 400;\">C\u0103l\u0103torul va primi un punct de \u00eent\u00e2lnire dup\u0103 Procesul de Rezervare. Tururile \u00eencep \u0219i se termin\u0103 la punctele noastre de \u00eent\u00e2lnire.<\/span><br \/>\nn<br \/>\nn&nbsp;<br \/>\nn<\/p>\n<h4><b><i>La ce s\u0103 te a\u0219tep\u021bi?<\/i><\/b><\/h4>\n<p>n&nbsp;<br \/>\nn<br \/>\nn<em><strong>Ia-\u021bi biletele<\/strong><\/em> pentru vizitarea Parcului Na\u021bional Los Haitises din<strong> La Romana<\/strong> cu transportul inclus cu Caves, Mangroves \u0219i San Lorenzo Bay.<br \/>\nn<br \/>\nnPre\u021bul cel mai mic de vizitat <strong>Parcul Na\u021bional Los Haitises<\/strong> din <strong>Hoteluri La Romana<\/strong> sau Airbnb cu localnici.<br \/>\nn<br \/>\nnDup\u0103 ce pornim din portul principal din Parcul Na\u021bional Los Haitises, numele Ca\u00f1o Hondo (Deep Creek) pe o BARC\u0102 cu veste de salvare. Ne vom bucura de p\u0103durea Mangroves Ro\u0219ii p\u00e2n\u0103 ajungem \u00een Golful San Lorenzo. Mic golf \u00een golful Saman\u00e1. \u0218i iat\u0103-ne! Primul lucru uimitor pe care \u00eel pute\u021bi vedea este colec\u021bia unei insule montane uria\u0219e de calcare numit\u0103 Mogotes. peste ele peste 700 de specii de plante \u0219i multe p\u0103s\u0103ri din zonele umede care zboar\u0103 \u00een jur. Mai t\u00e2rziu, vizitarea pe\u0219terilor cu pictograme din comunit\u0103\u021bile noastre indigene de acum 750 de ani.<br \/>\nn<br \/>\nnTraversa\u021bi mangrovele \u0219i ateriza\u021bi \u00een golful deschis San Lorenzo Bay, de unde pute\u021bi fotografia peisajul forestier accidentat. Privi\u021bi spre ap\u0103 pentru a observa <em><strong>Lamantini<\/strong><\/em>, crustacee \u0219i <em><strong>delfinii.<\/strong><\/em><br \/>\nn<\/p>\n<div class=\"body-description secondary\">\nn<br \/>\nnNumele parcului na\u021bional provine de la primii s\u0103i locuitori, indienii Taino. \u00cen limba lor, \"Haitises\" se traduce prin \u00een\u0103l\u021bimi sau dealuri, o referire la forma\u021biunile geologice abrupte cu calcare de pe coast\u0103. Aventureaz\u0103-te mai ad\u00e2nc \u00een parc pentru a explora pe\u0219teri precum pe\u0219tera <em><strong>Cueva de la Arena<\/strong><\/em> \u0219i <strong><em>Cueva de la L\u00ednea.<\/em><\/strong> Pe\u0219terile din rezerva\u021bie au fost folosite ca ad\u0103post de indienii taino \u0219i, mai t\u00e2rziu, de pira\u021bii ascun\u0219i. C\u0103uta\u021bi desene ale indienilor care decoreaz\u0103 unii dintre pere\u021bi. Dup\u0103 ce am vizitat Parcul Na\u021bional Los Haitises ne vom \u00eentoarce \u00een portul de unde a \u00eenceput c\u0103l\u0103toria noastr\u0103.<br \/>\nn<br \/>\nn<\/div>\n<p>n&nbsp;<br \/>\nn<\/p>\n<h4><em><strong>Ce ar trebui s\u0103 aduci?<\/strong><\/em><\/h4>\n<p>n<\/p>\n<ul>\nn \t<\/p>\n<li style=\"font-weight: 400;\"><span style=\"font-weight: 400;\">aparat foto<\/span><\/li>\n<p>n \t<\/p>\n<li style=\"font-weight: 400;\"><span style=\"font-weight: 400;\">Muguri repelent<\/span><\/li>\n<p>n \t<\/p>\n<li style=\"font-weight: 400;\"><span style=\"font-weight: 400;\">lotiune de plaja<\/span><\/li>\n<p>n \t<\/p>\n<li style=\"font-weight: 400;\"><span style=\"font-weight: 400;\">P\u0103l\u0103rie<\/span><\/li>\n<p>n \t<\/p>\n<li style=\"font-weight: 400;\"><span style=\"font-weight: 400;\">Pantaloni comozi<\/span><\/li>\n<p>n \t<\/p>\n<li style=\"font-weight: 400;\"><span style=\"font-weight: 400;\">Pantofi de drume\u021bie pentru p\u0103dure<\/span><\/li>\n<p>n \t<\/p>\n<li style=\"font-weight: 400;\"><span style=\"font-weight: 400;\">Sandale \u00een zonele de prim\u0103var\u0103.<\/span><\/li>\n<p>n \t<\/p>\n<li style=\"font-weight: 400;\"><span style=\"font-weight: 400;\">\u00cembr\u0103c\u0103minte de \u00eenot<\/span><\/li>\n<p>n<\/ul>\n<p>n&nbsp;<br \/>\nn<\/p>\n<h4><b><i>Preluare la hotel <\/i><\/b><\/h4>\n<p>n<span style=\"font-weight: 400;\">Preluarea la hotel este oferit\u0103 dac\u0103 v\u0103 afla\u021bi \u00een La Romana.<\/span><br \/>\nn<br \/>\nn&nbsp;<br \/>\nn<br \/>\nn<b>Not\u0103:<\/b><span style=\"font-weight: 400;\"> dac\u0103 rezerva\u021bi \u00een 24 de ore de la ora de plecare a turului\/excursiei, putem aranja preluarea de la hotel cu taxe suplimentare dac\u0103 nu v\u0103 afla\u021bi \u00een hoteluri La Romana. Odat\u0103 ce achizi\u021bia dvs. este finalizat\u0103, v\u0103 vom trimite informa\u021bii complete de contact (num\u0103r de telefon, adres\u0103 de e-mail etc.) pentru ghidul nostru local pentru a organiza aranjamentele de ridicare.<\/span><br \/>\nn<\/p>\n<h4><b><i>Confirmare informa\u021bii suplimentare <\/i><\/b><\/h4>\n<p>n<\/p>\n<ol>\nn \t<\/p>\n<li>Biletele sunt Chitan\u021ba dup\u0103 plata acestui Tur. Pute\u021bi afi\u0219a plata pe telefon.<\/li>\n<p>n \t<\/p>\n<li style=\"font-weight: 400;\"><span style=\"font-weight: 400;\">Punctul de \u00eent\u00e2lnire va fi primit dup\u0103 procesul de rezervare.<\/span><\/li>\n<p>n \t<\/p>\n<li style=\"font-weight: 400;\"><span style=\"font-weight: 400;\">Copiii trebuie s\u0103 fie \u00eenso\u021bi\u021bi de un adult.<\/span><\/li>\n<p>n \t<\/p>\n<li style=\"font-weight: 400;\"><span style=\"font-weight: 400;\"> Nu este accesibil cu scaunul cu rotile <\/span><\/li>\n<p>n \t<\/p>\n<li style=\"font-weight: 400;\"><span style=\"font-weight: 400;\">Bebelu\u0219ii trebuie s\u0103 stea pe poale <\/span><\/li>\n<p>n \t<\/p>\n<li style=\"font-weight: 400;\"><span style=\"font-weight: 400;\">Nu este recomandat c\u0103l\u0103torilor cu probleme de spate<\/span><\/li>\n<p>n \t<\/p>\n<li style=\"font-weight: 400;\"><span style=\"font-weight: 400;\">Nu este recomandat c\u0103l\u0103torilor \u00eens\u0103rcinate <\/span><\/li>\n<p>n \t<\/p>\n<li style=\"font-weight: 400;\"><span style=\"font-weight: 400;\"> F\u0103r\u0103 probleme cardiace sau alte afec\u021biuni medicale grave <\/span><\/li>\n<p>n \t<\/p>\n<li style=\"font-weight: 400;\"><span style=\"font-weight: 400;\">Majoritatea c\u0103l\u0103torilor pot participa<\/span><\/li>\n<p>n<\/ol>\n<p>n<\/p>\n<h4><b><i>Politica de anulare<\/i><\/b><\/h4>\n<p>nPentru o rambursare complet\u0103, v\u0103 rug\u0103m s\u0103 citi\u021bi politicile noastre de anulare\u00a0<a href=\"https:\/\/www.boattoursamana.com\/ro\/rezervare-online\/\" target=\"_blank\" rel=\"noopener\" data-saferedirecturl=\"https:\/\/www.google.com\/url?q=https:\/\/www.boattoursamana.com\/online-booking\/&amp;source=gmail&amp;ust=1672449202351000&amp;usg=AOvVaw1yAeVAPktmaVCqDujgUn90\">Click aici<\/a>. Fondurile se vor pierde dac\u0103 rezervarea este anulat\u0103 \u00een aceea\u0219i zi a c\u0103l\u0103toriei.<\/p>\n\n\t\t<\/div>\n\t<\/div>\n<\/div><\/div><\/div><\/div><div class=\"vc_row wpb_row vc_row-fluid\" ><div class=\"wpb_column vc_column_container vc_col-sm-12\"><div class=\"vc_column-inner\"><div class=\"wpb_wrapper\"><div class=\"vc_empty_space\"   style=\"height: 32px\"><span class=\"vc_empty_space_inner\"><\/span><\/div>\n\t<div class=\"wpb_text_column wpb_content_element\" >\n\t\t<div class=\"wpb_wrapper\">\n\t\t\t<p>\nn<\/p>\n<h4>Contacteaz\u0103-ne?<\/h4>\n<p>n<\/p>\n<h5>Rezervare aventuri<\/h5>\n<p>n<em><strong>Localnicii<\/strong>\u00a0\u0219i\u00a0<strong>Na\u0163ionalii<\/strong>\u00a0Ghizi turistici \u0219i servicii pentru oaspe\u021bi<\/em><br \/>\nn<br \/>\nn<span class=\"text-turquoise\">Rezervari:<\/span>\u00a0Tururi \u0219i excursii \u00een Dom. Reprezentant.<br \/>\nn<br \/>\nn<img decoding=\"async\" class=\"emoji\" draggable=\"false\" src=\"https:\/\/s.w.org\/images\/core\/emoji\/11.2.0\/svg\/1f4de.svg\" alt=\" \" title=\"\">\u00a0Tel\/Whatsapp\u00a0\u00a0<a href=\"tel:+1-809-720-6035\">+1-809-720-6035<\/a>.<br \/>\nn<br \/>\nn<img decoding=\"async\" class=\"emoji\" draggable=\"false\" src=\"https:\/\/s.w.org\/images\/core\/emoji\/11.2.0\/svg\/1f4e9.svg\" alt=\" \" title=\"\">\u00a0<a href=\"mailto:info@bookingadventures.com.do\">info@bookingadventures.com.do<\/a><br \/>\nn<br \/>\nn<strong>Suntem flexibili, stabilim tururi private prin Whatsapp:\u00a0<a href=\"tel:+18097206035\">+18097206035.<\/a><\/strong><\/p>\n\n\t\t<\/div>\n\t<\/div>\n<div class=\"vc_empty_space\"   style=\"height: 32px\"><span class=\"vc_empty_space_inner\"><\/span><\/div><\/div><\/div><\/div><\/div><div class=\"vc_row wpb_row vc_row-fluid\" ><div class=\"wpb_column vc_column_container vc_col-sm-12\"><div class=\"vc_column-inner\"><div class=\"wpb_wrapper\"><div class=\"mkdf-section-title-holder\" style=\"text-align: left\">\n\t<div class=\"mkdf-st-inner\">\n\t\t\t\t\t<h5 class=\"mkdf-st-subtitle\" >\n\t\t\t\tTururi \u0219i excursii \u00een jurul Cano Hondo\t\t\t<\/h5>\n\t\t\t\t\t\t\t<h3 class=\"mkdf-st-title\" >\n\t\t\t\tExcursii Cano Hondo\t\t\t<\/h3>\n\t\t\t\t\t\t\t<p class=\"mkdf-st-text\" >\n\t\t\t\tAlte optiuni pentru excursii si excursii in zona Cano Hondo. Sabana de la mar, Republica Dominicana.\t\t\t<\/p>\n\t\t\t<\/div>\n<\/div><div class=\"vc_btn3-container vc_btn3-inline\" ><button class=\"vc_general vc_btn3 vc_btn3-size-md vc_btn3-shape-rounded vc_btn3-style-modern vc_btn3-color-green\">REZERVA ACUM<\/button><\/div><div class=\"woocommerce columns-4\"><ul class=\"products columns-4\">\n<li class=\"product type-product post-8237 status-publish first instock product_cat-tours-excursions-los-haitises-national-park product_cat-1-sabana-de-la-mar product_cat-caves product_cat-hiking product_cat-kayaking product_cat-kayaking-los-haitises product_cat-local-tour-guides product_cat-mangroves product_cat-swimming-natural-springs product_cat-tours-and-excursions product_cat-tours-excursions-samana-bay-dominican-republic product_tag-cano-hondo product_tag-cano-hondo-hotel product_tag-cano-hondo-river product_tag-day-tour-cano-hondo product_tag-kayak-dominican-republic product_tag-kayak-los-haitises product_tag-kayak-tour product_tag-kayaking product_tag-los-haitises product_tag-los-haitises-national-park product_tag-sabana-de-la-mar product_tag-samana-excursions product_tag-samana-tours has-post-thumbnail sale shipping-taxable product-type-external\">\n\t<div class=\"mkdf-pl-inner\"><div class=\"mkdf-pl-image\"><div class=\"mkdf-pl-text\"><div class=\"mkdf-pl-text-outer\"><div class=\"mkdf-pl-text-inner\"><a href=\"https:\/\/bookingadventures.tours\/booking.php?tour_id=76244158e4bf48f84872b711d82fa754\" data-quantity=\"1\" class=\"button wp-element-button product_type_external\" data-product_id=\"8237\" data-product_sku=\"\" aria-label=\"REZERVA ACUM\" rel=\"nofollow noopener\">REZERVA ACUM<\/a><\/div><\/div><\/div><\/div><a href=\"https:\/\/www.boattoursamana.com\/ro\/tur\/caiac-in-los-haitis-cu-ghid-tur-de-cano-hondo-2\" class=\"woocommerce-LoopProduct-link woocommerce-loop-product__link\"><\/a><\/div><div class=\"mkdf-pl-text-wrapper\"><div class=\"mkdf-pl-rating-holder\"><\/div><h4 class=\"mkdf-product-list-title\"><a href=\"https:\/\/www.boattoursamana.com\/ro\/tur\/caiac-in-los-haitis-cu-ghid-tur-de-cano-hondo-2\">2 ore caiac Los Haitises<\/a><\/h4>\n\t<span class=\"price\"><del aria-hidden=\"true\"><span class=\"woocommerce-Price-amount amount\"><bdi><span class=\"woocommerce-Price-currencySymbol\">&#36;<\/span>59.00<\/bdi><\/span><\/del> <ins><span class=\"woocommerce-Price-amount amount\"><bdi><span class=\"woocommerce-Price-currencySymbol\">&#36;<\/span>43.50<\/bdi><\/span><\/ins><\/span>\n<\/div><\/li><li class=\"product type-product post-8855 status-publish instock product_cat-kayaking product_cat-1-sabana-de-la-mar product_cat-kayaking-los-haitises product_cat-tours-excursions-los-haitises-national-park product_cat-tours-excursions-samana-bay-dominican-republic product_tag-cano-hondo product_tag-cano-hondo-hotel product_tag-day-tour-cano-hondo product_tag-kayak-dominican-republic product_tag-kayaking-dominican-republic product_tag-kayaking-los-haitises product_tag-kayaks product_tag-los-haitises product_tag-los-haitises-national-park product_tag-los-haitises-tours product_tag-private-tours-samana product_tag-sabana-de-la-mar product_tag-samana-bay product_tag-samana-excursions has-post-thumbnail sale sold-individually shipping-taxable product-type-external\">\n\t<div class=\"mkdf-pl-inner\"><div class=\"mkdf-pl-image\"><div class=\"mkdf-pl-text\"><div class=\"mkdf-pl-text-outer\"><div class=\"mkdf-pl-text-inner\"><a href=\"https:\/\/bookingadventures.tours\/booking.php?tour_id=a9cb493d865c3629426ab07d6bacff97\" data-quantity=\"1\" class=\"button wp-element-button product_type_external\" data-product_id=\"8855\" data-product_sku=\"\" aria-label=\"REZERVA ACUM\" rel=\"nofollow noopener\">REZERVA ACUM<\/a><\/div><\/div><\/div><\/div><a href=\"https:\/\/www.boattoursamana.com\/ro\/tur\/caiac-in-los-haitis-cu-ghid-tur-din-cano-hondo-4-ore\" class=\"woocommerce-LoopProduct-link woocommerce-loop-product__link\"><\/a><\/div><div class=\"mkdf-pl-text-wrapper\"><div class=\"mkdf-pl-rating-holder\"><\/div><h4 class=\"mkdf-product-list-title\"><a href=\"https:\/\/www.boattoursamana.com\/ro\/tur\/caiac-in-los-haitis-cu-ghid-tur-din-cano-hondo-4-ore\">4 ore caiac Los Haitises<\/a><\/h4>\n\t<span class=\"price\"><del aria-hidden=\"true\"><span class=\"woocommerce-Price-amount amount\"><bdi><span class=\"woocommerce-Price-currencySymbol\">&#36;<\/span>70.00<\/bdi><\/span><\/del> <ins><span class=\"woocommerce-Price-amount amount\"><bdi><span class=\"woocommerce-Price-currencySymbol\">&#36;<\/span>53.50<\/bdi><\/span><\/ins><\/span>\n<\/div><\/li><li class=\"product type-product post-9453 status-publish instock product_cat-1-sabana-de-la-mar product_cat-lunch product_cat-natural-pools-los-haitises product_cat-uncategorized product_tag-altos-cano-hondo product_tag-cano-hondo product_tag-cano-hondo-day-pass product_tag-cano-hondo-sabana-de-la-mar product_tag-los-haitises product_tag-los-haitises-national-park product_tag-los-haitises-tours product_tag-paraiso-cano-hondo product_tag-parque-los-haitises product_tag-sabana-de-la-mar product_tag-samana product_tag-samana-tours has-post-thumbnail sale sold-individually shipping-taxable product-type-external\">\n\t<div class=\"mkdf-pl-inner\"><div class=\"mkdf-pl-image\"><div class=\"mkdf-pl-text\"><div class=\"mkdf-pl-text-outer\"><div class=\"mkdf-pl-text-inner\"><a href=\"https:\/\/bookingadventures.tours\/booking.php?tour_id=3719146a2c28905b1a2543d5d4629073\" data-quantity=\"1\" class=\"button wp-element-button product_type_external\" data-product_id=\"9453\" data-product_sku=\"\" aria-label=\"REZERVA ACUM\" rel=\"nofollow noopener\">REZERVA ACUM<\/a><\/div><\/div><\/div><\/div><a href=\"https:\/\/www.boattoursamana.com\/ro\/tur\/abonament-de-zi-cano-hondo-piscine-naturale-pranz-inclus-2\" class=\"woocommerce-LoopProduct-link woocommerce-loop-product__link\"><\/a><\/div><div class=\"mkdf-pl-text-wrapper\"><div class=\"mkdf-pl-rating-holder\"><\/div><h4 class=\"mkdf-product-list-title\"><a href=\"https:\/\/www.boattoursamana.com\/ro\/tur\/abonament-de-zi-cano-hondo-piscine-naturale-pranz-inclus-2\">Abonament de o zi Ca\u00f1o Hondo \u2013 Piscine naturale \u0219i pr\u00e2nz incluse<\/a><\/h4>\n\t<span class=\"price\"><del aria-hidden=\"true\"><span class=\"woocommerce-Price-amount amount\"><bdi><span class=\"woocommerce-Price-currencySymbol\">&#36;<\/span>40.00<\/bdi><\/span><\/del> <ins><span class=\"woocommerce-Price-amount amount\"><bdi><span class=\"woocommerce-Price-currencySymbol\">&#36;<\/span>25.00<\/bdi><\/span><\/ins><\/span>\n<\/div><\/li><li class=\"product type-product post-8219 status-publish last instock product_cat-tours-excursions-samana-bay-dominican-republic product_cat-1-samana product_cat-boat-trip-los-haitises product_cat-caves product_cat-hiking product_cat-kayaking product_cat-local-tour-guides product_cat-lunch product_cat-mangroves product_cat-natural-pools-los-haitises product_cat-swimming-natural-springs product_cat-tours-and-excursions product_cat-tours-excursions-los-haitises-national-park product_tag-cano-hondo product_tag-cano-hondo-hotel product_tag-cano-hondo-tours product_tag-day-tour-cano-hondo product_tag-los-haitises product_tag-los-haitises-national-park product_tag-mangroves-los-haitises product_tag-samana-bay product_tag-samana-excursions product_tag-samana-tours has-post-thumbnail sale sold-individually shipping-taxable product-type-external\">\n\t<div class=\"mkdf-pl-inner\"><div class=\"mkdf-pl-image\"><div class=\"mkdf-pl-text\"><div class=\"mkdf-pl-text-outer\"><div class=\"mkdf-pl-text-inner\"><a href=\"https:\/\/bookingadventures.tours\/booking.php?tour_id=115599b2f3856c5f8f20eead7f885855\" data-quantity=\"1\" class=\"button wp-element-button product_type_external\" data-product_id=\"8219\" data-product_sku=\"\" aria-label=\"REZERVA ACUM\" rel=\"nofollow noopener\">REZERVA ACUM<\/a><\/div><\/div><\/div><\/div><a href=\"https:\/\/www.boattoursamana.com\/ro\/tur\/los-haitis-national-park-pranz-la-cano-hondo-din-samana-port-2\" class=\"woocommerce-LoopProduct-link woocommerce-loop-product__link\"><\/a><\/div><div class=\"mkdf-pl-text-wrapper\"><div class=\"mkdf-pl-rating-holder\"><\/div><h4 class=\"mkdf-product-list-title\"><a href=\"https:\/\/www.boattoursamana.com\/ro\/tur\/los-haitis-national-park-pranz-la-cano-hondo-din-samana-port-2\">Parcul Na\u021bional Los Haitises + Pr\u00e2nz la Ca\u00f1o Hondo din Portul Saman\u00e1.<\/a><\/h4>\n\t<span class=\"price\"><del aria-hidden=\"true\"><span class=\"woocommerce-Price-amount amount\"><bdi><span class=\"woocommerce-Price-currencySymbol\">&#36;<\/span>150.00<\/bdi><\/span><\/del> <ins><span class=\"woocommerce-Price-amount amount\"><bdi><span class=\"woocommerce-Price-currencySymbol\">&#36;<\/span>97.50<\/bdi><\/span><\/ins><\/span>\n<\/div><\/li><\/ul>\n<\/div><\/div><\/div><\/div><\/div><div class=\"vc_row wpb_row vc_row-fluid\" ><div class=\"wpb_column vc_column_container vc_col-sm-12\"><div class=\"vc_column-inner\"><div class=\"wpb_wrapper\"><\/div><\/div><\/div><\/div>","protected":false},"excerpt":{"rendered":"<p>Lowest price to visit Los Haitises National Park from La Romana with Locals. The Trip starts in the Main Port of\u00a0 The Haitises National Park. The trip can start from 6:00 Am to\u00a0 8:00 am. Pick up at La Romana areas. Local Tour Guide that knows the original History of the gorgeous National Park will be on your trip. n nAfter we start from the Main port of Los Haitises National Park name Ca\u00f1o Hondo (Deep Creek) on a BOAT [&hellip;]<\/p>\n","protected":false},"author":2,"featured_media":0,"parent":0,"menu_order":0,"comment_status":"open","ping_status":"closed","template":"","meta":{"footnotes":""},"class_list":["post-15826","page","type-page","status-publish","hentry"],"_links":{"self":[{"href":"https:\/\/www.boattoursamana.com\/ro\/wp-json\/wp\/v2\/pages\/15826","targetHints":{"allow":["GET"]}}],"collection":[{"href":"https:\/\/www.boattoursamana.com\/ro\/wp-json\/wp\/v2\/pages"}],"about":[{"href":"https:\/\/www.boattoursamana.com\/ro\/wp-json\/wp\/v2\/types\/page"}],"author":[{"embeddable":true,"href":"https:\/\/www.boattoursamana.com\/ro\/wp-json\/wp\/v2\/users\/2"}],"replies":[{"embeddable":true,"href":"https:\/\/www.boattoursamana.com\/ro\/wp-json\/wp\/v2\/comments?post=15826"}],"version-history":[{"count":0,"href":"https:\/\/www.boattoursamana.com\/ro\/wp-json\/wp\/v2\/pages\/15826\/revisions"}],"wp:attachment":[{"href":"https:\/\/www.boattoursamana.com\/ro\/wp-json\/wp\/v2\/media?parent=15826"}],"curies":[{"name":"wp","href":"https:\/\/api.w.org\/{rel}","templated":true}]}}