{"id":15828,"date":"2023-07-15T07:44:18","date_gmt":"2023-07-15T07:44:18","guid":{"rendered":"https:\/\/www.ticketswhales.com\/hike-kayak-los-haitises-national-park-from-boca-chica\/"},"modified":"2023-07-15T07:44:18","modified_gmt":"2023-07-15T07:44:18","slug":"hike-kayak-los-haitises-national-park-from-boca-chica","status":"publish","type":"page","link":"https:\/\/www.boattoursamana.com\/ro\/hike-kayak-los-haitises-national-park-din-boca-chica-2","title":{"rendered":"Drume\u021bie + Caiac Parcul Na\u021bional Los Haitises din Boca Chica"},"content":{"rendered":"<p><span style=\"vertical-align: inherit;\"><span style=\"vertical-align: inherit;\">Caminata de 3 ore \u0219i kayak en manglares en el Parque Nacional Los Haitises cu un ghid turistic local desde Sabana de la mar. <\/span><span style=\"vertical-align: inherit;\">Vizit\u00e2nd zonele din Selva Tropical, Cocos, Caf\u00e9 y Cacao. <\/span><span style=\"vertical-align: inherit;\">Aprendiendo sobre la istoria original\u0103 a Parcului Nacional Los Haitises.<\/span><\/span><br \/>\nn<br \/>\nn&nbsp;<br \/>\nn<br \/>\nn<strong><span style=\"vertical-align: inherit;\"><span style=\"vertical-align: inherit;\">Selecta\u021bi data pentru c\u0103l\u0103toria de senderism:<\/span><\/span><\/strong><\/p>\n<p>&nbsp;<\/p>\n<div class=\"vc_row wpb_row vc_row-fluid\" ><div class=\"wpb_column vc_column_container vc_col-sm-12\"><div class=\"vc_column-inner\"><div class=\"wpb_wrapper\">\n\t<div class=\"wpb_text_column wpb_content_element\" >\n\t\t<div class=\"wpb_wrapper\">\n\t\t\t<p>\nn<\/p>\n<h4><b><i>Prezentare general\u0103 <\/i><\/b><\/h4>\n<p>nAcest traseu de drume\u021bie + tur de caiac \u00eencepe de la <strong>Boca Chica<\/strong> cu un transfer de la hoteluri. Dup\u0103 aceasta ajungem \u00een parc unde vom face drume\u021bii timp de aproximativ 2 ore de-a lungul P\u0103durii umede din Parcul Na\u021bional Los Haitises. Ve\u021bi afla despre plantele medicinale din aceast\u0103 zon\u0103, ve\u021bi vedea p\u0103durea de foi\u0219oare primar\u0103 \u0219i secundar\u0103 mun\u021bii Parcului Na\u021bional Los Haitises \u0219i, \u00een acela\u0219i timp, ve\u021bi ajunge la izvorul r\u00e2ului Jivales, de la care apele piscinelor naturale ale Eco-lodge Ca\u00f1o Hondo. Apoi lu\u0103m echipamentul necesar pentru siguran\u021ba dumneavoastr\u0103 (veste de salvare, etc), caiace \u0219i trecem prin mla\u0219tini cu mangrove. Ve\u021bi vedea c\u00e2teva mangrove pline de p\u0103s\u0103ri, dealuri ondulate cu vegeta\u021bie luxuriant\u0103. Prin mangrove \u0219i Land la golful deschis San Lorenzo, de unde pute\u021bi fotografia peisajul p\u0103durii accidentate.<br \/>\nn<br \/>\nnDup\u0103 aceast\u0103 experien\u021b\u0103, ve\u021bi ajunge \u00eenapoi la Cano Hondo sau Sabana de la mar cu ma\u0219ina \u00eenapoi \u00een zonele Bayahibe.<br \/>\nn<\/p>\n<ul>\nn \t<\/p>\n<li style=\"font-weight: 400;\">Taxe incluse<\/li>\n<p>n \t<\/p>\n<li>Excursie de drume\u021bie \u00een Parcul Na\u021bional Los Haitises<\/li>\n<p>n \t<\/p>\n<li style=\"font-weight: 400;\"><span style=\"font-weight: 400;\">Ghidul ofer\u0103 instruc\u021biuni \u0219i supraveghere<\/span><\/li>\n<p>n<\/ul>\n<p>n&nbsp;<br \/>\nn<\/p>\n<h4><b>Incluziuni \u0219i excluderi<\/b><\/h4>\n<p>n&nbsp;<br \/>\nn<br \/>\nn<b>Incluziuni<\/b><br \/>\nn<br \/>\nn&nbsp;<br \/>\nn<\/p>\n<ol>\nn \t<\/p>\n<li style=\"font-weight: 400;\">Parcul Na\u021bional Los Haitises<\/li>\n<p>n \t<\/p>\n<li>Drume\u021bie + Caiac<\/li>\n<p>n \t<\/p>\n<li style=\"font-weight: 400;\"><span style=\"font-weight: 400;\">Toate taxele, taxele \u0219i taxele de manipulare<\/span><\/li>\n<p>n \t<\/p>\n<li style=\"font-weight: 400;\"><span style=\"font-weight: 400;\">Taxe locale<\/span><\/li>\n<p>n \t<\/p>\n<li style=\"font-weight: 400;\"><span style=\"font-weight: 400;\">B\u0103uturi<\/span><\/li>\n<p>n \t<\/p>\n<li style=\"font-weight: 400;\"><span style=\"font-weight: 400;\">Toate activit\u0103\u021bile<\/span><\/li>\n<p>n \t<\/p>\n<li style=\"font-weight: 400;\"><span style=\"font-weight: 400;\">Ghid local<\/span><\/li>\n<p>n \t<\/p>\n<li><span style=\"font-weight: 400;\">Transfer<\/span><\/li>\n<p>n \t<\/p>\n<li>Pranz cu localnicii<\/li>\n<p>n<\/ol>\n<p>n<b> Excluderile<\/b><br \/>\nn<\/p>\n<ol>\nn \t<\/p>\n<li style=\"font-weight: 400;\"><span style=\"font-weight: 400;\">Gratuitatii<\/span><\/li>\n<p>n \t<\/p>\n<li style=\"font-weight: 400;\"><span style=\"font-weight: 400;\">Bauturi alcoolice<\/span><\/li>\n<p>n<\/ol>\n<p>n&nbsp;<br \/>\nn<\/p>\n<h4><em><strong>Plecare \u0219i \u00eentoarcere<\/strong><\/em><\/h4>\n<p>n<span style=\"font-weight: 400;\">C\u0103l\u0103torul va primi un punct de \u00eent\u00e2lnire dup\u0103 Procesul de Rezervare. Tururile \u00eencep \u0219i se termin\u0103 la punctele noastre de \u00eent\u00e2lnire.<\/span><br \/>\nn<br \/>\nn&nbsp;<br \/>\nn<\/p>\n<h2>Drume\u021bie + Caiac Parcul Na\u021bional Los Haitises din Boca Chica<\/h2>\n<p>n<\/p>\n<h4><b><i>La ce s\u0103 te a\u0219tep\u021bi?<\/i><\/b><\/h4>\n<p>nNumele parcului na\u021bional vine de la locuitorii s\u0103i ini\u021biali, indienii Taino. \u00cen limba lor, \u201eHaitises\u201d se traduce prin zonele \u00eenalte sau dealuri, o referire la forma\u021biunile geologice abrupte ale coastei cu Calcare. Caiac dureaz\u0103 2 ore.<br \/>\nn<br \/>\nn \u00cenv\u0103\u021bare despre istorie \u0219i natur\u0103 cu localnicii ghizi turistici care cresc ca protectori ai mediului \u0219i voluntari \u00een interiorul acestei zone de proiect. Turul, organizat de \u201eBooking Adventures\u201d \u00eencepe la punctul de \u00eent\u00e2lnire stabilit cu ghidul turistic.<br \/>\nn<br \/>\nnDup\u0103 o plimbare ini\u021bial\u0103 prin c\u00e2mpuri \u0219i terenuri agricole, ve\u021bi \u00eencepe s\u0103 merge\u021bi pe l\u00e2ng\u0103 P\u0103durea de Cocos \u0219i Cacao. Ob\u021bine fiecare minut \u00een interiorul principalului \u0219i unic pentru conservarea zonei de p\u0103dure din interiorul Parcului Na\u021bional Los Haitises. Vino cu Booking Adventures \u0219i \u00eencepe s\u0103 verifici c\u00e2teva specii de p\u0103s\u0103ri, mamifere \u0219i plante endemice, dealuri ondulate cu vegeta\u021bie luxuriant\u0103 \u0219i pe\u0219teri de <em><strong>Parcul Na\u021bional Los Haitises<\/strong><\/em>.<br \/>\nn<\/p>\n<div class=\"body-description secondary\">\nn<br \/>\nnNumele parcului na\u021bional provine de la primii s\u0103i locuitori, indienii Taino. \u00cen limba lor, \"Haitises\" se traduce prin \u00een\u0103l\u021bimi sau dealuri, o referire la forma\u021biunile geologice abrupte cu calcare de pe coast\u0103. Aventureaz\u0103-te mai ad\u00e2nc \u00een parc pentru a explora pe\u0219teri precum pe\u0219tera <em><strong>Cueva de la Arena<\/strong><\/em> \u0219i <strong><em>Cueva de la L\u00ednea. Pute\u021bi asorta turul cu barca cu drume\u021bia. Doar contacta\u021bi-ne.<\/em><\/strong><br \/>\nn<br \/>\nn Pe\u0219terile din rezerva\u021bie au fost folosite ca ad\u0103post de indienii taino \u0219i, mai t\u00e2rziu, de pira\u021bii ascun\u0219i. C\u0103uta\u021bi desene ale indienilor care decoreaz\u0103 unii dintre pere\u021bi. \u00cen P\u0103durea tropical\u0103, exist\u0103 peste 700 de sute de specii de plante, \u00eencerc\u0103m s\u0103 \u00eenv\u0103\u021b\u0103m vizitatorii despre toate plantele medicinale pe care le cunoa\u0219tem \u00een acest traseu de drume\u021bie.<br \/>\nn<br \/>\nnVino s\u0103 \u00eenve\u021bi, s\u0103 faci drume\u021bii \u0219i s\u0103 te bucuri de natura real\u0103 a Parcului Na\u021bional Los Haitises.<br \/>\nn<br \/>\nn<\/div>\n<p>n&nbsp;<br \/>\nn<\/p>\n<h4><em><strong>Ce ar trebui s\u0103 aduci?<\/strong><\/em><\/h4>\n<p>n<\/p>\n<ul>\nn \t<\/p>\n<li style=\"font-weight: 400;\"><span style=\"font-weight: 400;\">aparat foto<\/span><\/li>\n<p>n \t<\/p>\n<li style=\"font-weight: 400;\"><span style=\"font-weight: 400;\">Muguri repelent<\/span><\/li>\n<p>n \t<\/p>\n<li style=\"font-weight: 400;\"><span style=\"font-weight: 400;\">Lotiune de plaja<\/span><\/li>\n<p>n \t<\/p>\n<li style=\"font-weight: 400;\"><span style=\"font-weight: 400;\">P\u0103l\u0103rie<\/span><\/li>\n<p>n \t<\/p>\n<li style=\"font-weight: 400;\"><span style=\"font-weight: 400;\">Pantaloni comozi<\/span><\/li>\n<p>n \t<\/p>\n<li style=\"font-weight: 400;\"><span style=\"font-weight: 400;\">Pantofi de drume\u021bie pentru p\u0103dure<\/span><\/li>\n<p>n \t<\/p>\n<li style=\"font-weight: 400;\"><span style=\"font-weight: 400;\">Sandale \u00een zonele de prim\u0103var\u0103.<\/span><\/li>\n<p>n \t<\/p>\n<li style=\"font-weight: 400;\"><span style=\"font-weight: 400;\">\u00cembr\u0103c\u0103minte de \u00eenot<\/span><\/li>\n<p>n<\/ul>\n<p>n&nbsp;<br \/>\nn<\/p>\n<h4><b><i>Preluare la hotel <\/i><\/b><\/h4>\n<p>n<span style=\"font-weight: 400;\">Pentru acest tur este oferit transfer de la hotel.\u00a0<\/span><br \/>\nn<br \/>\nn<b>Not\u0103:<\/b><span style=\"font-weight: 400;\"> Dac\u0103 rezerva\u021bi \u00een termen de 24 de ore de la ora de plecare a turului\/excursiei, putem aranja preluarea de la hotel din zonele Boca Chica. Odat\u0103 ce achizi\u021bia dvs. este finalizat\u0103, v\u0103 vom trimite informa\u021bii complete de contact (num\u0103r de telefon, adres\u0103 de e-mail etc.) pentru ghidul nostru local pentru a organiza aranjamentele de ridicare.<\/span><br \/>\nn<\/p>\n<h4><b><i>Confirmare informa\u021bii suplimentare <\/i><\/b><\/h4>\n<p>n<\/p>\n<ol>\nn \t<\/p>\n<li>Biletele sunt Chitan\u021ba dup\u0103 plata acestui Tur. Pute\u021bi afi\u0219a plata pe telefon.<\/li>\n<p>n \t<\/p>\n<li style=\"font-weight: 400;\"><span style=\"font-weight: 400;\">Punctul de \u00eent\u00e2lnire va fi primit dup\u0103 procesul de rezervare.<\/span><\/li>\n<p>n \t<\/p>\n<li style=\"font-weight: 400;\"><span style=\"font-weight: 400;\">Copiii trebuie s\u0103 fie \u00eenso\u021bi\u021bi de un adult.<\/span><\/li>\n<p>n \t<\/p>\n<li style=\"font-weight: 400;\"><span style=\"font-weight: 400;\"> Nu este accesibil cu scaunul cu rotile <\/span><\/li>\n<p>n \t<\/p>\n<li style=\"font-weight: 400;\"><span style=\"font-weight: 400;\">Bebelu\u0219ii trebuie s\u0103 stea pe poale <\/span><\/li>\n<p>n \t<\/p>\n<li style=\"font-weight: 400;\"><span style=\"font-weight: 400;\">Nu este recomandat c\u0103l\u0103torilor cu probleme de spate<\/span><\/li>\n<p>n \t<\/p>\n<li style=\"font-weight: 400;\"><span style=\"font-weight: 400;\">Nu este recomandat c\u0103l\u0103torilor \u00eens\u0103rcinate <\/span><\/li>\n<p>n \t<\/p>\n<li style=\"font-weight: 400;\"><span style=\"font-weight: 400;\"> F\u0103r\u0103 probleme cardiace sau alte afec\u021biuni medicale grave <\/span><\/li>\n<p>n \t<\/p>\n<li style=\"font-weight: 400;\"><span style=\"font-weight: 400;\">Majoritatea c\u0103l\u0103torilor pot participa<\/span><\/li>\n<p>n<\/ol>\n<p>n<\/p>\n<h4><b><i>Politica de anulare<\/i><\/b><\/h4>\n<p>nPentru o rambursare complet\u0103, v\u0103 rug\u0103m s\u0103 citi\u021bi politicile noastre de anulare\u00a0<a href=\"https:\/\/www.boattoursamana.com\/ro\/rezervare-online\/\" target=\"_blank\" rel=\"noopener\" data-saferedirecturl=\"https:\/\/www.google.com\/url?q=https:\/\/www.boattoursamana.com\/online-booking\/&amp;source=gmail&amp;ust=1672449202351000&amp;usg=AOvVaw1yAeVAPktmaVCqDujgUn90\">Click aici<\/a>. Fondurile se vor pierde dac\u0103 rezervarea este anulat\u0103 \u00een aceea\u0219i zi a c\u0103l\u0103toriei.<\/p>\n\n\t\t<\/div>\n\t<\/div>\n<div class=\"mkdf-section-title-holder\" style=\"text-align: left\">\n\t<div class=\"mkdf-st-inner\">\n\t\t\t\t\t<h5 class=\"mkdf-st-subtitle\" >\n\t\t\t\tDrume\u021bii \u00een p\u0103durea tropical\u0103 \u0219i caiac\t\t\t<\/h5>\n\t\t\t\t\t\t\t<h3 class=\"mkdf-st-title\" >\n\t\t\t\tDrume\u021bie + Caiac Parcul Na\u021bional Los Haitises\t\t\t<\/h3>\n\t\t\t\t\t\t\t<p class=\"mkdf-st-text\" >\n\t\t\t\tAceast\u0103 experien\u021b\u0103 are nevoie de minim 2 participan\u021bi. Dac\u0103 nu sunte\u021bi 2, nu ezita\u021bi s\u0103 ne contacta\u021bi!\t\t\t<\/p>\n\t\t\t<\/div>\n<\/div><\/div><\/div><\/div><\/div><div class=\"vc_row wpb_row vc_row-fluid\" ><div class=\"wpb_column vc_column_container vc_col-sm-12\"><div class=\"vc_column-inner\"><div class=\"wpb_wrapper\"><\/div><\/div><\/div><\/div><div class=\"vc_row wpb_row vc_row-fluid\" ><\/div><div class=\"wpb_column vc_column_container vc_col-sm-12\"><div class=\"vc_column-inner\"><div class=\"wpb_wrapper\"><\/div><\/div><\/div><div class=\"vc_empty_space\"   style=\"height: 32px\"><span class=\"vc_empty_space_inner\"><\/span><\/div>\n\t<div class=\"wpb_text_column wpb_content_element\" >\n\t\t<div class=\"wpb_wrapper\">\n\t\t\t<p>\nn<br \/>\nnSunt bloc de text. Face\u021bi clic pe butonul Edita\u021bi pentru a schimba acest text. Lorem ipsum dolor sit amet, consectetur adipiscing elit. Ut elit tellus, luctus nec ullamcorper mattis, pulvinar dapibus leo.<br \/>\nn<br \/>\nn<\/p>\n\n\t\t<\/div>\n\t<\/div>\n<div class=\"vc_empty_space\"   style=\"height: 32px\"><span class=\"vc_empty_space_inner\"><\/span><\/div>","protected":false},"excerpt":{"rendered":"<p>Caminata de 3 horas y kayak en manglares en el Parque Nacional Los Haitises con un gu\u00eda tur\u00edstico local desde Sabana de la mar. Visitando las \u00e1reas de Selva Tropical, Cocos, Caf\u00e9 y Cacao. Aprendiendo sobre la historia original del Parque Nacional Los Haitises. n n&nbsp; n nSeleccione la fecha para el viaje de senderismo: &nbsp;<\/p>","protected":false},"author":2,"featured_media":0,"parent":0,"menu_order":0,"comment_status":"open","ping_status":"closed","template":"","meta":{"footnotes":""},"class_list":["post-15828","page","type-page","status-publish","hentry"],"_links":{"self":[{"href":"https:\/\/www.boattoursamana.com\/ro\/wp-json\/wp\/v2\/pages\/15828","targetHints":{"allow":["GET"]}}],"collection":[{"href":"https:\/\/www.boattoursamana.com\/ro\/wp-json\/wp\/v2\/pages"}],"about":[{"href":"https:\/\/www.boattoursamana.com\/ro\/wp-json\/wp\/v2\/types\/page"}],"author":[{"embeddable":true,"href":"https:\/\/www.boattoursamana.com\/ro\/wp-json\/wp\/v2\/users\/2"}],"replies":[{"embeddable":true,"href":"https:\/\/www.boattoursamana.com\/ro\/wp-json\/wp\/v2\/comments?post=15828"}],"version-history":[{"count":0,"href":"https:\/\/www.boattoursamana.com\/ro\/wp-json\/wp\/v2\/pages\/15828\/revisions"}],"wp:attachment":[{"href":"https:\/\/www.boattoursamana.com\/ro\/wp-json\/wp\/v2\/media?parent=15828"}],"curies":[{"name":"wp","href":"https:\/\/api.w.org\/{rel}","templated":true}]}}