{"id":15863,"date":"2023-07-15T07:45:08","date_gmt":"2023-07-15T07:45:08","guid":{"rendered":"https:\/\/www.ticketswhales.com\/las-terrenas-atv-samana-adventures-atv-tours-excursions-in-coffee-trail-cultural-tour\/"},"modified":"2023-07-15T07:45:08","modified_gmt":"2023-07-15T07:45:08","slug":"las-terrenas-atv-samana-adventures-atv-tours-excursions-in-coffee-trail-cultural-tour","status":"publish","type":"page","link":"https:\/\/www.boattoursamana.com\/ro\/las-terrenas-atv-samana-aventuri-excursii-cu-atv-excursii-in-traseul-cafelei-tur-cultural","title":{"rendered":"Las Terrenas: ATV Saman\u00e1 Adventures \u2013 Tururi ATV \u0219i excursii \u00een Turul cultural al traseului cafelei"},"content":{"rendered":"<div class=\"ui_columns is-desktop\">\nn<\/p>\n<div class=\"ui_column\">\nn<br \/>\nnAceast\u0103 experien\u021b\u0103 \u00een ATV \u00eencepe \u00een comunitatea El LImon. \u00cen prima parte a zilei, ve\u021bi descoperi \u201e<b>Ruta del Caf\u00e9<\/b>\u201d pe quad \u0219i natura sa frumoas\u0103 \u0219i conservat\u0103. Prima oprire va fi la\u00a0<b>Parada del caf\u00e9\u00a0<\/b>unde Olivo \u0219i familia lui v\u0103 vor ar\u0103ta metodele artizanale pe care le folosesc\u00a0<strong>cafea \u0219i cacao<\/strong>. A\u00a0<b>degustare<\/b>\u00a0este planificat, dar numai pentru cei mai lacomi !!!<br \/>\nn<br \/>\nnPe drum, te vei opri \u0219i la\u00a0<b>fabrica de trabucuri<\/b>\u00a0iar la pr\u00e2nz a\u00a0<b>M\u00e2ncare dominican\u0103<\/b> \u00eentr-o ferm\u0103 tipic\u0103. Dup\u0103 mas\u0103, ve\u021bi continua drumul c\u0103tre minunata plaj\u0103 a\u00a0<strong>Imbecil<\/strong>\u00a0cu<b>\u00a0iarba pana la margine<\/b><b>\u00a0, apele sale cristaline \u0219i nealterate\u00a0<\/b>unde te vei bucura\u00a0<b>\u00eenot <\/b>Drume\u021bii \u0219i \u00eenot cu echipament de siguran\u021b\u0103 pentru a avea cea mai bun\u0103 experien\u021b\u0103!<br \/>\nn<br \/>\nn<\/div>\n<p>n<\/p><\/div>\n<p>n&nbsp;<br \/>\nn<br \/>\nn<strong>V\u0103 rug\u0103m s\u0103 selecta\u021bi data pentru turneu:\u00a0<\/strong><\/p>\n<p>&nbsp;<\/p>\n<div class=\"vc_row wpb_row vc_row-fluid\" ><div class=\"wpb_column vc_column_container vc_col-sm-12\"><div class=\"vc_column-inner\"><div class=\"wpb_wrapper\"><div class=\"mkdf-section-title-holder\" style=\"text-align: left\">\n\t<div class=\"mkdf-st-inner\">\n\t\t\t\t\t<h5 class=\"mkdf-st-subtitle\" >\n\t\t\t\tPr\u00e2nz inclus la plaj\u0103\t\t\t<\/h5>\n\t\t\t\t\t\t\t<h3 class=\"mkdf-st-title\" >\n\t\t\t\tATV Samana Adventures - ATV Tours &amp; Excursions in Coffee Trail Cultural Tour\t\t\t<\/h3>\n\t\t\t\t\t<\/div>\n<\/div><\/div><\/div><\/div><\/div><div class=\"vc_row wpb_row vc_row-fluid\" ><div class=\"wpb_column vc_column_container vc_col-sm-12\"><div class=\"vc_column-inner\"><div class=\"wpb_wrapper\"><div class=\"vc_btn3-container vc_btn3-inline\" ><button class=\"vc_general vc_btn3 vc_btn3-size-md vc_btn3-shape-rounded vc_btn3-style-modern vc_btn3-color-green\">REZERVA ACUM<\/button><\/div>\n\t<div class=\"wpb_text_column wpb_content_element\" >\n\t\t<div class=\"wpb_wrapper\">\n\t\t\t<p>\nn<\/p>\n<h3 class=\"ui_header h1 attractions-product-info-ProductTitle__title--1qM0o\">ATV Samana Adventures \u2013 Tururi ATV \u0219i excursii \u00een Turul cultural al traseului cafelei.<\/h3>\n<p>n<\/p>\n<h4><b><i>Prezentare general\u0103 <\/i><\/b><\/h4>\n<p>nOb\u021bine\u021bi biletele pentru o excursie de jum\u0103tate de zi \u00een Samana pe ATV Tours.<br \/>\nn<br \/>\nnThe\u00a0<strong>Tur cultural ATV Coffee Trail<\/strong> este amestecul perfect de adrenalin\u0103, natur\u0103 \u0219i cultur\u0103. Conduce\u021bi de-a lungul Rutei del Caf\u00e9, distra\u021bi-v\u0103 pe drumurile de p\u0103m\u00e2nt conduc\u00e2nd ATV-ul, \u00een timp ce descoperi\u021bi peisajul rural din Samana \u0219i cultura \u0219i modul de via\u021b\u0103 dominican.<br \/>\nn<br \/>\nnTurul v\u0103 va duce prin drumuri de \u021bar\u0103 \u00eembarcate de c\u00e2mpuri de cacao \u0219i cafea, vederi spectaculoase asupra golfului Samana \u0219i ferme locale. Ne vom opri la o ferm\u0103 montan\u0103 clasic\u0103, \u00eemp\u0103r\u021bind ceva timp cu o familie de fermieri. Ve\u021bi putea s\u0103 degusta\u021bi unele dintre produsele pe care le produc \u0219i s\u0103 le vizita\u021bi ferma, \u00eenv\u0103\u021b\u00e2nd despre agricultura ecologic\u0103 \u0219i despre plante.<br \/>\nn<br \/>\nn&nbsp;<br \/>\nn<\/p>\n<h4><b>Incluziuni \u0219i excluderi<\/b><\/h4>\n<p>n&nbsp;<br \/>\nn<br \/>\nn<b>Incluziuni<\/b><br \/>\nn<\/p>\n<ol>\nn \t<\/p>\n<li style=\"font-weight: 400;\">ATV 2 persoane \u00eentr-unul.<\/li>\n<p>n \t<\/p>\n<li>Pranz la tara<\/li>\n<p>n \t<\/p>\n<li style=\"font-weight: 400;\"><span style=\"font-weight: 400;\">Toate taxele, taxele \u0219i taxele de manipulare<\/span><\/li>\n<p>n \t<\/p>\n<li style=\"font-weight: 400;\"><span style=\"font-weight: 400;\">Taxe locale<\/span><\/li>\n<p>n \t<\/p>\n<li style=\"font-weight: 400;\"><span style=\"font-weight: 400;\">B\u0103uturi<\/span><\/li>\n<p>n \t<\/p>\n<li>Gust\u0103ri<\/li>\n<p>n \t<\/p>\n<li>Vizita Cascadelor Limon<\/li>\n<p>n \t<\/p>\n<li style=\"font-weight: 400;\"><span style=\"font-weight: 400;\">Toate activit\u0103\u021bile<\/span><\/li>\n<p>n \t<\/p>\n<li style=\"font-weight: 400;\"><span style=\"font-weight: 400;\">Ghid local<\/span><\/li>\n<p>n<\/ol>\n<p>n<b> Excluderile<\/b><br \/>\nn<\/p>\n<ol>\nn \t<\/p>\n<li style=\"font-weight: 400;\"><span style=\"font-weight: 400;\">Gratuitatii<\/span><\/li>\n<p>n \t<\/p>\n<li>transport de la Hoteluri (Setat prin Contactarea noastr\u0103).<\/li>\n<p>n \t<\/p>\n<li style=\"font-weight: 400;\"><span style=\"font-weight: 400;\">Bauturi alcoolice<\/span><\/li>\n<p>n<\/ol>\n<p>n&nbsp;<br \/>\nn<\/p>\n<h4><em><strong>Plecare \u0219i \u00eentoarcere<\/strong><\/em><\/h4>\n<p>n<span style=\"font-weight: 400;\">C\u0103l\u0103torul va primi un punct de \u00eent\u00e2lnire dup\u0103 Procesul de Rezervare. Tururile \u00eencep \u0219i se termin\u0103 \u00een punctele dvs. de \u00eent\u00e2lnire.<\/span><br \/>\nn<\/p>\n<h4><\/h4>\n<p>n<\/p>\n<h3 class=\"ui_header h1 attractions-product-info-ProductTitle__title--1qM0o\">A<\/h3>\n<p>n<\/p>\n<h4><b><i>La ce s\u0103 te a\u0219tep\u021bi?<\/i><\/b><\/h4>\n<p>n<\/p>\n<div data-tab=\"TABS_WHAT_TO_EXPECT\">\nn<\/p>\n<div class=\"ui_card attractions-card-CollapsibleProductDetailsCard__cardContainer--3r2wk attractions-card-CollapsibleProductDetailsCard__cleanslateOverrideDT--2AJh0\">\nn<\/p>\n<div class=\"attractions-card-CollapsibleCard__header--IDA3r\">\nn<\/p>\n<div class=\"attractions-card-CollapsibleCard__headerSection--3gTKb\"><\/div>\n<p>n\n<\/p><\/div>\n<p>n<\/p>\n<div class=\"attractions-card-CollapsibleCard__content--2Ws8q\">\nn<\/p>\n<div class=\"attractions-card-CollapsibleCard__contentWrap--374jk attractions-card-CollapsibleCard__titleUnderline--1uHze\">\nn<\/p>\n<div class=\"attractions-card-CollapsibleProductDetailsCard__cardContent--23ext\">\nn<\/p>\n<div class=\"common-text-ReadMore__readMore--3Iu8c common-text-ReadMore__variantFadeOut--1tInd\">\nn<\/p>\n<div class=\"common-text-ReadMore__content--2X4LR\">\nn<\/p>\n<div class=\"ui_columns is-desktop\">\nn<\/p>\n<div class=\"ui_column\">\nn<br \/>\nn Pornirea ATV-ului. Ve\u021bi asista la diferen\u021ba dintre Las Terrenas, o destina\u021bie de plaj\u0103 aglomerat\u0103, \u0219i peisajul rural, cu aerul s\u0103u curat \u0219i modul de via\u021b\u0103 lent. Dac\u0103 dori\u021bi, fermierii v\u0103 vor ar\u0103ta cum se face cafeaua sau cacao, din copac. la masa ta. Apoi pute\u021bi savura o cea\u0219c\u0103 de cafea sau cacao fierbinte. Nu v\u0103 face\u021bi griji, dac\u0103 nu vorbi\u021bi spaniol\u0103, ghidul nostru local v\u0103 va traduce totul. Urm\u0103toarea oprire este o mic\u0103 plaj\u0103 de pe golful Samana, unde pute\u021bi face o baie \u0219i v\u0103 pute\u021bi r\u0103cori pentru o vreme. Pe drum, vom trece prin multe c\u00e2mpuri, ferme \u0219i puncte de belvedere.<br \/>\nn<br \/>\nn Acolo, putem organiza un picnic cu fructe de mare sau pe\u0219te proasp\u0103t \u0219i legume \u0219i fructe locale.<br \/>\nn<br \/>\nn<\/div>\n<p>n\n<\/p><\/div>\n<p>n<\/p>\n<div class=\"ui_columns is-desktop\">\nn<\/p>\n<div class=\"ui_column\">\nn<br \/>\nn Cea mai mare parte a c\u0103l\u0103toriei este pe drumuri de p\u0103m\u00e2nt, este foarte distractiv s\u0103 conduci ATV-ul acolo, \u00een sus \u0219i \u00een jos, prin denivel\u0103ri \u0219i g\u0103uri. Dac\u0103 100% nu e\u0219ti confortabil s\u0103 conduci un ATV sau dac\u0103 viteza nu este treaba ta, nu-\u021bi face griji, po\u021bi fie s\u0103 conduci lent (mai mult timp pentru a te bucura de priveli\u0219te!), fie po\u021bi merge cu cineva, majoritatea ATV-urilor pot sta dou\u0103 persoane. Conducerea unui ATV este destul de simpl\u0103 \u0219i chiar dac\u0103 este prima dat\u0103 c\u00e2nd ar trebui s\u0103-l \u00eenve\u021bi destul de repede.<br \/>\nn<br \/>\nnDe obicei, turul dureaz\u0103 o jum\u0103tate de zi, dar putem planifica \u0219i un tur de o zi \u00eentreag\u0103, merg\u00e2nd mai ad\u00e2nc \u00een mun\u021bii Samana \u0219i jungla luxuriant\u0103, explor\u00e2nd plaje \u0219i sate mai \u00eendep\u0103rtate pe drum. La \u00eentoarcere, putem face o oprire la\u00a0<strong>Cascada El Limon<\/strong>, la doar 30 de minute de drum de drumul principal.<br \/>\nn<br \/>\nn<\/div>\n<p>n\n<\/p><\/div>\n<p>n\n<\/p><\/div>\n<p>n\n<\/p><\/div>\n<p>n\n<\/p><\/div>\n<p>n\n<\/p><\/div>\n<p>n\n<\/p><\/div>\n<p>n\n<\/p><\/div>\n<p>n\n<\/p><\/div>\n<p>n<\/p>\n<h4><em><strong>Ce ar trebui s\u0103 aduci?<\/strong><\/em><\/h4>\n<p>n<\/p>\n<ul>\nn \t<\/p>\n<li style=\"font-weight: 400;\"><span style=\"font-weight: 400;\">aparat foto<\/span><\/li>\n<p>n \t<\/p>\n<li style=\"font-weight: 400;\"><span style=\"font-weight: 400;\">Muguri repelent<\/span><\/li>\n<p>n \t<\/p>\n<li style=\"font-weight: 400;\"><span style=\"font-weight: 400;\">Lotiune de plaja<\/span><\/li>\n<p>n \t<\/p>\n<li style=\"font-weight: 400;\"><span style=\"font-weight: 400;\">P\u0103l\u0103rie<\/span><\/li>\n<p>n \t<\/p>\n<li style=\"font-weight: 400;\"><span style=\"font-weight: 400;\">Pantaloni comozi<\/span><\/li>\n<p>n \t<\/p>\n<li style=\"font-weight: 400;\"><span style=\"font-weight: 400;\">Pantofi de drume\u021bie pentru p\u0103dure<\/span><\/li>\n<p>n \t<\/p>\n<li style=\"font-weight: 400;\"><span style=\"font-weight: 400;\">Sandale \u00een zonele de prim\u0103var\u0103.<\/span><\/li>\n<p>n \t<\/p>\n<li style=\"font-weight: 400;\"><span style=\"font-weight: 400;\">\u00cembr\u0103c\u0103minte de \u00eenot<\/span><\/li>\n<p>n<\/ul>\n<p>n&nbsp;<br \/>\nn<\/p>\n<h4><b><i>Preluare la hotel <\/i><\/b><\/h4>\n<p>n<span style=\"font-weight: 400;\">Preluarea la hotel nu este oferit\u0103 pentru acest tur. Am configurat Pick up contact\u00e2ndu-ne prin Whatsapp.<\/span><br \/>\nn<br \/>\nn&nbsp;<br \/>\nn<br \/>\nn<b>Not\u0103:<\/b><span style=\"font-weight: 400;\"> Dac\u0103 rezerva\u021bi \u00een termen de 24 de ore de la ora de plecare a turului\/excursiei, putem aranja preluarea de la hotel cu taxe suplimentare. Odat\u0103 ce achizi\u021bia dvs. este finalizat\u0103, v\u0103 vom trimite informa\u021bii complete de contact (num\u0103r de telefon, adres\u0103 de e-mail etc.) pentru ghidul nostru local pentru a organiza aranjamentele de ridicare.<\/span><br \/>\nn<\/p>\n<h4><b><i>Confirmare informa\u021bii suplimentare <\/i><\/b><\/h4>\n<p>n<\/p>\n<ol>\nn \t<\/p>\n<li>Biletele sunt Chitan\u021ba dup\u0103 plata acestui Tur. Pute\u021bi afi\u0219a plata pe telefon.<\/li>\n<p>n \t<\/p>\n<li style=\"font-weight: 400;\"><span style=\"font-weight: 400;\">Punctul de \u00eent\u00e2lnire va fi primit dup\u0103 procesul de rezervare.<\/span><\/li>\n<p>n \t<\/p>\n<li style=\"font-weight: 400;\"><span style=\"font-weight: 400;\">Copiii trebuie s\u0103 fie \u00eenso\u021bi\u021bi de un adult.<\/span><\/li>\n<p>n \t<\/p>\n<li style=\"font-weight: 400;\"><span style=\"font-weight: 400;\"> Nu este accesibil cu scaunul cu rotile <\/span><\/li>\n<p>n \t<\/p>\n<li style=\"font-weight: 400;\"><span style=\"font-weight: 400;\">Bebelu\u0219ii trebuie s\u0103 stea pe poale <\/span><\/li>\n<p>n \t<\/p>\n<li style=\"font-weight: 400;\"><span style=\"font-weight: 400;\">Nu este recomandat c\u0103l\u0103torilor cu probleme de spate<\/span><\/li>\n<p>n \t<\/p>\n<li style=\"font-weight: 400;\"><span style=\"font-weight: 400;\">Nu este recomandat c\u0103l\u0103torilor \u00eens\u0103rcinate <\/span><\/li>\n<p>n \t<\/p>\n<li style=\"font-weight: 400;\"><span style=\"font-weight: 400;\"> F\u0103r\u0103 probleme cardiace sau alte afec\u021biuni medicale grave <\/span><\/li>\n<p>n \t<\/p>\n<li style=\"font-weight: 400;\"><span style=\"font-weight: 400;\">Majoritatea c\u0103l\u0103torilor pot participa<\/span><\/li>\n<p>n<\/ol>\n<p>n<\/p>\n<h4><b><i>Politica de anulare<\/i><\/b><\/h4>\n<p>nPentru o rambursare complet\u0103, v\u0103 rug\u0103m s\u0103 citi\u021bi politicile noastre de anulare\u00a0<a href=\"https:\/\/www.boattoursamana.com\/ro\/rezervare-online\/\" target=\"_blank\" rel=\"noopener\" data-saferedirecturl=\"https:\/\/www.google.com\/url?q=https:\/\/www.boattoursamana.com\/online-booking\/&amp;source=gmail&amp;ust=1672449202351000&amp;usg=AOvVaw1yAeVAPktmaVCqDujgUn90\">Click aici<\/a>. Fondurile se vor pierde dac\u0103 rezervarea este anulat\u0103 \u00een aceea\u0219i zi a c\u0103l\u0103toriei.<\/p>\n\n\t\t<\/div>\n\t<\/div>\n<div class=\"vc_btn3-container vc_btn3-inline\" ><button class=\"vc_general vc_btn3 vc_btn3-size-md vc_btn3-shape-rounded vc_btn3-style-modern vc_btn3-color-green\">REZERVA ACUM<\/button><\/div><\/div><\/div><\/div><\/div><div class=\"vc_row wpb_row vc_row-fluid\" ><div class=\"wpb_column vc_column_container vc_col-sm-12\"><div class=\"vc_column-inner\"><div class=\"wpb_wrapper\">\n\t<div class=\"wpb_video_widget wpb_content_element vc_clearfix   vc_video-aspect-ratio-169 vc_video-el-width-100 vc_video-align-left\" >\n\t\t<div class=\"wpb_wrapper\">\n\t\t\t<h2 class=\"wpb_heading wpb_video_heading\">Samana cu Booking Adventures:<\/h2>\n\t\t\t<div class=\"wpb_video_wrapper\"><iframe loading=\"lazy\" title=\"Destina\u021bie Dominican\u0103 Samana Zipline, Excursii ATV\" width=\"1100\" height=\"619\" src=\"https:\/\/www.youtube.com\/embed\/8Ybh1xtnr2M?feature=oembed\" frameborder=\"0\" allow=\"accelerometer; autoplay; clipboard-write; encrypted-media; gyroscope; picture-in-picture; web-share\" allowfullscreen><\/iframe><\/div>\n\t\t<\/div>\n\t<\/div>\n<\/div><\/div><\/div><\/div><div class=\"vc_row wpb_row vc_row-fluid\" ><div class=\"wpb_column vc_column_container vc_col-sm-12\"><div class=\"vc_column-inner\"><div class=\"wpb_wrapper\"><div class=\"vc_empty_space\"   style=\"height: 32px\"><span class=\"vc_empty_space_inner\"><\/span><\/div>\n\t<div class=\"wpb_text_column wpb_content_element\" >\n\t\t<div class=\"wpb_wrapper\">\n\t\t\t<p>\nn<\/p>\n<h4>Contacteaz\u0103-ne?<\/h4>\n<p>n<\/p>\n<h5><em><strong>Rezervare aventuri<\/strong><\/em><\/h5>\n<p>n<em><strong>Localnicii<\/strong>\u00a0\u0219i\u00a0<strong>Na\u0163ionalii<\/strong>\u00a0Ghizi turistici \u0219i servicii pentru oaspe\u021bi<\/em><br \/>\nn<br \/>\nn<span class=\"text-turquoise\">Rezervari:<\/span>\u00a0Tururi \u0219i excursii \u00een Dom. Reprezentant.<br \/>\nn<br \/>\nn<img decoding=\"async\" class=\"emoji\" draggable=\"false\" src=\"https:\/\/s.w.org\/images\/core\/emoji\/11.2.0\/svg\/1f4de.svg\" alt=\" \" title=\"\">\u00a0Tel\/Whatsapp\u00a0\u00a0<a href=\"tel:+1-809-720-6035\">+1-809-720-6035<\/a>.<br \/>\nn<br \/>\nn<img decoding=\"async\" class=\"emoji\" draggable=\"false\" src=\"https:\/\/s.w.org\/images\/core\/emoji\/11.2.0\/svg\/1f4e9.svg\" alt=\" \" title=\"\">\u00a0<a href=\"mailto:info@bookingadventures.com.do\">info@bookingadventures.com.do<\/a><br \/>\nn<br \/>\nn<strong>Suntem flexibili, stabilim tururi private prin Whatsapp:\u00a0<a href=\"tel:+18097206035\">+18097206035.<\/a><\/strong><\/p>\n\n\t\t<\/div>\n\t<\/div>\n<div class=\"vc_empty_space\"   style=\"height: 32px\"><span class=\"vc_empty_space_inner\"><\/span><\/div><\/div><\/div><\/div><\/div><div class=\"vc_row wpb_row vc_row-fluid\" ><div class=\"wpb_column vc_column_container vc_col-sm-12\"><div class=\"vc_column-inner\"><div class=\"wpb_wrapper\"><div class=\"vc_btn3-container vc_btn3-inline\" ><button class=\"vc_general vc_btn3 vc_btn3-size-md vc_btn3-shape-rounded vc_btn3-style-modern vc_btn3-color-green\">REZERVA ACUM<\/button><\/div><\/div><\/div><\/div><\/div>","protected":false},"excerpt":{"rendered":"<p>n n nThis experience in Atv starts in El LImon comunity.During the first part of the day, you will discover the \u201cRuta del Caf\u00e9\u201d on quad and its beautiful and preserved nature. The first stop will be at\u00a0 the\u00a0Parada del caf\u00e9\u00a0where Olivo and his family will show you the artisanal methods they use for\u00a0coffee and cocoa. A\u00a0tasting\u00a0is planned, but only for the greediest !!! n nOn the way, you will also stop at the\u00a0cigars factory\u00a0and for lunch a\u00a0Dominican meal in [&hellip;]<\/p>\n","protected":false},"author":2,"featured_media":0,"parent":0,"menu_order":0,"comment_status":"open","ping_status":"closed","template":"","meta":{"footnotes":""},"class_list":["post-15863","page","type-page","status-publish","hentry"],"_links":{"self":[{"href":"https:\/\/www.boattoursamana.com\/ro\/wp-json\/wp\/v2\/pages\/15863","targetHints":{"allow":["GET"]}}],"collection":[{"href":"https:\/\/www.boattoursamana.com\/ro\/wp-json\/wp\/v2\/pages"}],"about":[{"href":"https:\/\/www.boattoursamana.com\/ro\/wp-json\/wp\/v2\/types\/page"}],"author":[{"embeddable":true,"href":"https:\/\/www.boattoursamana.com\/ro\/wp-json\/wp\/v2\/users\/2"}],"replies":[{"embeddable":true,"href":"https:\/\/www.boattoursamana.com\/ro\/wp-json\/wp\/v2\/comments?post=15863"}],"version-history":[{"count":0,"href":"https:\/\/www.boattoursamana.com\/ro\/wp-json\/wp\/v2\/pages\/15863\/revisions"}],"wp:attachment":[{"href":"https:\/\/www.boattoursamana.com\/ro\/wp-json\/wp\/v2\/media?parent=15863"}],"curies":[{"name":"wp","href":"https:\/\/api.w.org\/{rel}","templated":true}]}}