{"id":15866,"date":"2023-07-15T07:45:08","date_gmt":"2023-07-15T07:45:08","guid":{"rendered":"https:\/\/www.ticketswhales.com\/punta-cana-helicopter-tour-to-salto-de-la-jalda-waterfall-60-minutes-experience\/"},"modified":"2023-07-15T07:45:08","modified_gmt":"2023-07-15T07:45:08","slug":"punta-cana-helicopter-tour-to-salto-de-la-jalda-waterfall-60-minutes-experience","status":"publish","type":"page","link":"https:\/\/www.boattoursamana.com\/ro\/tur-cu-elicopterul-punta-cana-la-cascada-salto-de-la-jalda-60-de-minute-de-experienta","title":{"rendered":"Tur cu elicopterul din Punta Cana la Cascada Salto de la Jalda Experien\u021b\u0103 de 60 de minute"},"content":{"rendered":"<p>Bucura\u021bi-v\u0103 de o experien\u021b\u0103 unic\u0103 zbur\u00e2nd cu un elicopter deasupra celei mai \u00eenalte cascade din Caraibe, Salto La Jada. Vede\u021bi plajele curate din Punta Cana \u0219i descoperi\u021bi magia acestei frumuse\u021bi incredibile, amplasat\u0103 ad\u00e2nc \u00eentr-o p\u0103dure tropical\u0103 luxuriant\u0103.<br \/>\nn<br \/>\nn&nbsp;<br \/>\nn<br \/>\nn<strong>V\u0103 rug\u0103m s\u0103 selecta\u021bi data pentru Tur\u00a0<\/strong><\/p>\n<p>&nbsp;<\/p>\n<div class=\"vc_row wpb_row vc_row-fluid\" ><div class=\"wpb_column vc_column_container vc_col-sm-12\"><div class=\"vc_column-inner\"><div class=\"wpb_wrapper\"><div class=\"mkdf-section-title-holder\" style=\"text-align: left\">\n\t<div class=\"mkdf-st-inner\">\n\t\t\t\t\t<h5 class=\"mkdf-st-subtitle\" >\n\t\t\t\tSalto la Jalda\t\t\t<\/h5>\n\t\t\t\t\t\t\t<h3 class=\"mkdf-st-title\" >\n\t\t\t\tTur cu elicopterul din Punta Cana la Cascada Salto de la Jalda Experien\u021b\u0103 de 60 de minute\t\t\t<\/h3>\n\t\t\t\t\t\t\t<p class=\"mkdf-st-text\" >\n\t\t\t\tTur cu elicopterul de 60 de minute\t\t\t<\/p>\n\t\t\t<\/div>\n<\/div><\/div><\/div><\/div><\/div><div class=\"vc_row wpb_row vc_row-fluid\" ><div class=\"wpb_column vc_column_container vc_col-sm-12\"><div class=\"vc_column-inner\"><div class=\"wpb_wrapper\">\n\t<div class=\"wpb_text_column wpb_content_element\" >\n\t\t<div class=\"wpb_wrapper\">\n\t\t\t<p>\nn<\/p>\n<h4><b><i>Prezentare general\u0103 <\/i><\/b><\/h4>\n<p>nAcesta este un tur privat c\u0103tre\u00a0<strong>Cascada Salto de la Jalda <\/strong>Cuib\u0103rit\u0103 ad\u00e2nc \u00een lan\u021bul muntos Cordillera Oriental \u0219i \u00eenconjurat\u0103 de o p\u0103dure tropical\u0103 luxuriant\u0103 este cea mai \u00eenalt\u0103 cascad\u0103 din Caraibe, Salto La Jalda. Zbura\u021bi de-a lungul plajelor curate din Punta Cana, pe l\u00e2ng\u0103 satele lini\u0219tite de pe versan\u021bii nordici ai sierrei \u0219i descoperi\u021bi magia \u0219i misterul acestei frumuse\u021bi incredibile, amplasat\u0103 ad\u00e2nc \u00eentr-o p\u0103dure tropical\u0103 luxuriant\u0103. Experimenta\u021bi un zbor dus-\u00eentors cu elicopterul de 60 de minute peste cascad\u0103 \u0219i Playa Esmeralda cu o oprire de picnic de o or\u0103. Vede\u021bi cum apele curg\u0103toare se revars\u0103 peste st\u00e2nci \u0219i apoi bucura\u021bi-v\u0103 de pacea \u0219i lini\u0219tea naturii \u00een timpul \u0219ederii dumneavoastr\u0103 pe cea mai uimitoare plaj\u0103 Esmeralda.<br \/>\nn<br \/>\nn&nbsp;<br \/>\nn<\/p>\n<ul>\nn \t<\/p>\n<li class=\"activity-highlights__list-item\" data-v-86039ad0=\"\">Descoperi\u021bi magia celei mai \u00eenalte cascade din Caraibe, Salto La jada<\/li>\n<p>n \t<\/p>\n<li class=\"activity-highlights__list-item\" data-v-86039ad0=\"\">Explora\u021bi natura \u00een timpul \u0219ederii dumneavoastr\u0103 pe plaja Esmeralda<\/li>\n<p>n \t<\/p>\n<li class=\"activity-highlights__list-item\" data-v-86039ad0=\"\">Zbura\u021bi peste plaje uimitoare \u0219i pe l\u00e2ng\u0103 satele lini\u0219tite de pe versan\u021bii nordici ai Sierra<\/li>\n<p>n \t<\/p>\n<li class=\"activity-highlights__list-item\" data-v-86039ad0=\"\">Vede\u021bi cum se revars\u0103 apele n\u0103valnice peste st\u00e2nci<\/li>\n<p>n<\/ul>\n<p>n<\/p>\n<h4><b>Incluziuni \u0219i excluderi<\/b><\/h4>\n<p>n&nbsp;<br \/>\nn<br \/>\nn<b>Incluziuni<\/b><br \/>\nn<\/p>\n<ol>\nn \t<\/p>\n<li class=\"activity-inclusions__item activity-inclusions__item--inclusion\" data-v-0d17907c=\"\"><span class=\"activity-inclusions__test activity-inclusions__test--include\" data-v-0d17907c=\"\">Transport terestru la\/de la hotel<\/span><\/li>\n<p>n \t<\/p>\n<li class=\"activity-inclusions__item activity-inclusions__item--inclusion\" data-v-0d17907c=\"\"><span class=\"activity-inclusions__test activity-inclusions__test--include\" data-v-0d17907c=\"\">Check-in VIP expres la sosire<\/span><\/li>\n<p>n \t<\/p>\n<li class=\"activity-inclusions__item activity-inclusions__item--inclusion\" data-v-0d17907c=\"\"><span class=\"activity-inclusions__test activity-inclusions__test--include\" data-v-0d17907c=\"\">Zbor dus-\u00eentors cu elicopterul de 60 de minute<\/span><\/li>\n<p>n \t<\/p>\n<li class=\"activity-inclusions__item activity-inclusions__item--inclusion\" data-v-0d17907c=\"\"><span class=\"activity-inclusions__test activity-inclusions__test--include\" data-v-0d17907c=\"\">Sejur total de 1 or\u0103 la cea mai uimitoare plaj\u0103 nealterat\u0103<\/span><\/li>\n<p>n \t<\/p>\n<li class=\"activity-inclusions__item activity-inclusions__item--inclusion\" data-v-0d17907c=\"\"><span class=\"activity-inclusions__test activity-inclusions__test--include\" data-v-0d17907c=\"\">Pr\u00e2nz picnic la metrou la plaj\u0103 cu b\u0103uturi r\u0103coritoare \u0219i ap\u0103<\/span><\/li>\n<p>n \t<\/p>\n<li style=\"font-weight: 400;\"><span style=\"font-weight: 400;\">Toate taxele, taxele \u0219i taxele de manipulare<\/span><\/li>\n<p>n \t<\/p>\n<li style=\"font-weight: 400;\"><span style=\"font-weight: 400;\">Taxe locale<\/span><\/li>\n<p>n \t<\/p>\n<li style=\"font-weight: 400;\"><span style=\"font-weight: 400;\">Toate activit\u0103\u021bile<\/span><\/li>\n<p>n \t<\/p>\n<li style=\"font-weight: 400;\"><span style=\"font-weight: 400;\">Ghid local<\/span><\/li>\n<p>n<\/ol>\n<p>n<b> Excluderile<\/b><br \/>\nn<\/p>\n<ol>\nn \t<\/p>\n<li style=\"font-weight: 400;\"><span style=\"font-weight: 400;\">Gratuitatii<\/span><\/li>\n<p>n \t<\/p>\n<li style=\"font-weight: 400;\"><span style=\"font-weight: 400;\">Transfer<\/span><\/li>\n<p>n \t<\/p>\n<li>Masa de pranz<\/li>\n<p>n \t<\/p>\n<li style=\"font-weight: 400;\"><span style=\"font-weight: 400;\">Bauturi alcoolice<\/span><\/li>\n<p>n<\/ol>\n<p>n&nbsp;<br \/>\nn<\/p>\n<h4><em><strong>Plecare \u0219i \u00eentoarcere<\/strong><\/em><\/h4>\n<p>n<span style=\"font-weight: 400;\">C\u0103l\u0103torul va primi un punct de \u00eent\u00e2lnire dup\u0103 Procesul de Rezervare. Tururile \u00eencep \u0219i se termin\u0103 \u00een punctele noastre de \u00eent\u00e2lnire.<\/span><br \/>\nn<br \/>\nn&nbsp;<br \/>\nn<\/p>\n<h2>Elicopterul Punta Cana<\/h2>\n<p>n<\/p>\n<h4><b><i>La ce s\u0103 te a\u0219tep\u021bi?<\/i><\/b><\/h4>\n<p>n<em><strong>Ia-\u021bi biletele<\/strong><\/em> pentru vizitarea celor mai \u00eenalte cascade din Caraibe.\u00a0 <strong>El Salto la Jalda<\/strong> cu elicopterul din Punta Cana.<br \/>\nn<br \/>\nnDescoperi\u021bi ca o pas\u0103re Salto La Jalda \u2013 cea mai \u00eenalt\u0103 cascad\u0103 din Caraibe, care este cuib\u0103rit ad\u00e2nc \u00een lan\u021bul muntos Cordillera Oriental \u0219i \u00eenconjurat de o p\u0103dure tropical\u0103 luxuriant\u0103. O experien\u021b\u0103 pe care nu o vei uita niciodat\u0103.<br \/>\nn<br \/>\nnExist\u0103 o singur\u0103 modalitate de a aprecia v\u0103ile \u00eentinse \u0219i peisajul dramatic al celei mai \u00eenalte cascade din Republica Dominican\u0103 \u2013 \u0219i asta este din aer. Face\u021bi un zbor cu elicopterul uluitor peste Parcul Na\u021bional Salto Jalda pentru o experien\u021b\u0103 de vacan\u021b\u0103 de neuitat.<br \/>\nn<br \/>\nnAventura \u00eencepe c\u00e2nd e\u0219ti transportat de la hotel la heliport. Urc\u0103-te la bordul elicopterului \u0219i preg\u0103te\u0219te-te pentru decolare. \u00cen cur\u00e2nd te vei \u00een\u0103l\u021ba deasupra fermelor \u00eendep\u0103rtate, a satelor \u0219i a p\u0103durilor tropicale verde luxuriante spre versan\u021bii nordici ai lan\u021bului muntos Cordillera Oriental. Trec\u00e2nd peste st\u00e2nci, pilotul t\u0103u expert se va apropia mai mult ca niciodat\u0103 pentru ca tu s\u0103 admiri \u00een\u0103l\u021bimile de 272 de metri din Salto Jalda.<br \/>\nn<br \/>\nn Apoi, cobor\u00e2nd prin baldachinul junglei, ve\u021bi ateriza pe plaja izolat\u0103 Playa Esmeralda. \u00centinde\u021bi-v\u0103 prosopul aici \u0219i bucura\u021bi-v\u0103 de soare pe nisipul alb. \u0218i ai timp s\u0103 faci o baie \u00een Caraibe \u00eenainte ca zborul de \u00eentoarcere s\u0103 ofere mai multe vederi ale tribunei.<br \/>\nn<br \/>\nn&nbsp;<br \/>\nn<\/p>\n<h4><em><strong>Ce ar trebui s\u0103 aduci?<\/strong><\/em><\/h4>\n<p>n<\/p>\n<ul>\nn \t<\/p>\n<li style=\"font-weight: 400;\"><span style=\"font-weight: 400;\">aparat foto<\/span><\/li>\n<p>n \t<\/p>\n<li style=\"font-weight: 400;\"><span style=\"font-weight: 400;\">Muguri repelent<\/span><\/li>\n<p>n \t<\/p>\n<li style=\"font-weight: 400;\"><span style=\"font-weight: 400;\">lotiune de plaja<\/span><\/li>\n<p>n \t<\/p>\n<li style=\"font-weight: 400;\"><span style=\"font-weight: 400;\">P\u0103l\u0103rie<\/span><\/li>\n<p>n \t<\/p>\n<li style=\"font-weight: 400;\"><span style=\"font-weight: 400;\">Pantaloni comozi<\/span><\/li>\n<p>n \t<\/p>\n<li style=\"font-weight: 400;\"><span style=\"font-weight: 400;\">Pantofi de drume\u021bie pentru p\u0103dure<\/span><\/li>\n<p>n \t<\/p>\n<li style=\"font-weight: 400;\"><span style=\"font-weight: 400;\">\u00cembr\u0103c\u0103minte de \u00eenot<\/span><\/li>\n<p>n \t<\/p>\n<li>Sticla de ap\u0103 suplimentar\u0103<\/li>\n<p>n \t<\/p>\n<li>Pr\u00e2nz sau gust\u0103ri<\/li>\n<p>n<\/ul>\n<p>n&nbsp;<br \/>\nn<\/p>\n<h4><b><i>Preluare la hotel <\/i><\/b><\/h4>\n<p>n<span style=\"font-weight: 400;\">Pentru acest tur este oferit transfer de la hotel. <\/span><br \/>\nn<br \/>\nn&nbsp;<br \/>\nn<br \/>\nn<b>Not\u0103:<\/b><span style=\"font-weight: 400;\"> Dac\u0103 rezerva\u021bi \u00een termen de 24 de ore de la ora de plecare a turului\/excursiei, putem aranja preluarea de la hotel f\u0103r\u0103 taxe suplimentare. Odat\u0103 ce achizi\u021bia dvs. este finalizat\u0103, v\u0103 vom trimite informa\u021bii complete de contact (num\u0103r de telefon, adres\u0103 de e-mail etc.) pentru ghidul nostru local pentru a organiza aranjamentele de ridicare.<\/span><br \/>\nn<\/p>\n<h4><b><i>Confirmare informa\u021bii suplimentare <\/i><\/b><\/h4>\n<p>n<\/p>\n<ol>\nn \t<\/p>\n<li>Biletele sunt Chitan\u021ba dup\u0103 plata acestui Tur. Pute\u021bi afi\u0219a plata pe telefon.<\/li>\n<p>n \t<\/p>\n<li style=\"font-weight: 400;\"><span style=\"font-weight: 400;\">Punctul de \u00eent\u00e2lnire va fi primit dup\u0103 procesul de rezervare.<\/span><\/li>\n<p>n \t<\/p>\n<li style=\"font-weight: 400;\"><span style=\"font-weight: 400;\">Copiii trebuie s\u0103 fie \u00eenso\u021bi\u021bi de un adult, iar v\u00e2rsta minim\u0103 este copiii de 7 ani.<\/span><\/li>\n<p>n \t<\/p>\n<li class=\"activity-important-information__item\" data-v-772d15b6=\"\" data-v-45a03bbc=\"\">Acest tur nu este recomandat persoanelor cu mobilitate redus\u0103 dec\u00e2t dac\u0103 au cel pu\u021bin 2 persoane care le pot ajuta<\/li>\n<p>n \t<\/p>\n<li class=\"activity-important-information__item\" data-v-772d15b6=\"\" data-v-45a03bbc=\"\">Toate zborurile sunt supuse disponibilit\u0103\u021bii \u0219i condi\u021biilor meteo<\/li>\n<p>n \t<\/p>\n<li class=\"activity-important-information__item\" data-v-772d15b6=\"\" data-v-45a03bbc=\"\">Furnizorul de activitate \u00ee\u0219i rezerv\u0103 dreptul de a ad\u0103uga mai mul\u021bi pasageri la tur<\/li>\n<p>n \t<\/p>\n<li style=\"font-weight: 400;\"><span style=\"font-weight: 400;\"> Nu este accesibil cu scaunul cu rotile <\/span><\/li>\n<p>n \t<\/p>\n<li style=\"font-weight: 400;\"><span style=\"font-weight: 400;\">Nu sunt accepta\u021bi bebelu\u0219ii pentru aceast\u0103 c\u0103l\u0103torie<\/span><\/li>\n<p>n \t<\/p>\n<li style=\"font-weight: 400;\"><span style=\"font-weight: 400;\">Nu este recomandat c\u0103l\u0103torilor cu probleme de spate<\/span><\/li>\n<p>n \t<\/p>\n<li style=\"font-weight: 400;\"><span style=\"font-weight: 400;\">Nu este recomandat c\u0103l\u0103torilor \u00eens\u0103rcinate <\/span><\/li>\n<p>n \t<\/p>\n<li style=\"font-weight: 400;\"><span style=\"font-weight: 400;\"> F\u0103r\u0103 probleme cardiace sau alte afec\u021biuni medicale grave <\/span><\/li>\n<p>n \t<\/p>\n<li style=\"font-weight: 400;\"><span style=\"font-weight: 400;\">Majoritatea c\u0103l\u0103torilor pot participa<\/span><\/li>\n<p>n<\/ol>\n<p>n<\/p>\n<h4><b><i>Politica de anulare<\/i><\/b><\/h4>\n<p>nPentru o rambursare complet\u0103, v\u0103 rug\u0103m s\u0103 citi\u021bi politicile noastre de anulare\u00a0<a href=\"https:\/\/www.boattoursamana.com\/ro\/rezervare-online\/\" target=\"_blank\" rel=\"noopener\" data-saferedirecturl=\"https:\/\/www.google.com\/url?q=https:\/\/www.boattoursamana.com\/online-booking\/&amp;source=gmail&amp;ust=1672449202351000&amp;usg=AOvVaw1yAeVAPktmaVCqDujgUn90\">Click aici<\/a>. Fondurile se vor pierde dac\u0103 rezervarea este anulat\u0103 \u00een aceea\u0219i zi a c\u0103l\u0103toriei.<\/p>\n\n\t\t<\/div>\n\t<\/div>\n<\/div><\/div><\/div><\/div><div class=\"vc_row wpb_row vc_row-fluid\" ><div class=\"wpb_column vc_column_container vc_col-sm-12\"><div class=\"vc_column-inner\"><div class=\"wpb_wrapper\">\n\t<div class=\"wpb_text_column wpb_content_element\" >\n\t\t<div class=\"wpb_wrapper\">\n\t\t\t<p>\nn<\/p>\n<h4>Contacteaz\u0103-ne?<\/h4>\n<p>n<\/p>\n<h5><em><strong>Rezervare aventuri<\/strong><\/em><\/h5>\n<p>n<em><strong>Localnicii<\/strong> \u0219i <strong>Na\u0163ionalii<\/strong> Ghizi turistici \u0219i servicii pentru oaspe\u021bi<\/em><br \/>\nn<br \/>\nn<span class=\"text-turquoise\">Rezervari:<\/span> Tururi \u0219i excursii \u00een Dom. Reprezentant.<br \/>\nn<br \/>\nn<img decoding=\"async\" class=\"emoji\" draggable=\"false\" src=\"https:\/\/s.w.org\/images\/core\/emoji\/11.2.0\/svg\/1f4de.svg\" alt=\" \" title=\"\"> Tel\/Whatsapp\u00a0 <a href=\"tel:+1-809-720-6035\">+1-809-720-6035<\/a>.<br \/>\nn<br \/>\nn<img decoding=\"async\" class=\"emoji\" draggable=\"false\" src=\"https:\/\/s.w.org\/images\/core\/emoji\/11.2.0\/svg\/1f4e9.svg\" alt=\" \" title=\"\"> <a href=\"mailto:info@bookingadventures.com.do\">info@bookingadventures.com.do<\/a><br \/>\nn<br \/>\nn<strong>Suntem flexibili, stabilim tururi private prin Whatsapp: <a href=\"tel:+18097206035\">+18097206035.<\/a><\/strong><\/p>\n\n\t\t<\/div>\n\t<\/div>\n<\/div><\/div><\/div><\/div>","protected":false},"excerpt":{"rendered":"<p>Enjoy a unique experience flying in a helicopter over the highest waterfall in the Caribbean, Salto La Jada. See the pristine beaches of Punta Cana and discover the magic of this incredible beauty nestled deep in a lush tropical rainforest. n n&nbsp; n nPlease Select date for The Tour\u00a0 &nbsp;<\/p>","protected":false},"author":2,"featured_media":0,"parent":0,"menu_order":0,"comment_status":"open","ping_status":"closed","template":"","meta":{"footnotes":""},"class_list":["post-15866","page","type-page","status-publish","hentry"],"_links":{"self":[{"href":"https:\/\/www.boattoursamana.com\/ro\/wp-json\/wp\/v2\/pages\/15866","targetHints":{"allow":["GET"]}}],"collection":[{"href":"https:\/\/www.boattoursamana.com\/ro\/wp-json\/wp\/v2\/pages"}],"about":[{"href":"https:\/\/www.boattoursamana.com\/ro\/wp-json\/wp\/v2\/types\/page"}],"author":[{"embeddable":true,"href":"https:\/\/www.boattoursamana.com\/ro\/wp-json\/wp\/v2\/users\/2"}],"replies":[{"embeddable":true,"href":"https:\/\/www.boattoursamana.com\/ro\/wp-json\/wp\/v2\/comments?post=15866"}],"version-history":[{"count":0,"href":"https:\/\/www.boattoursamana.com\/ro\/wp-json\/wp\/v2\/pages\/15866\/revisions"}],"wp:attachment":[{"href":"https:\/\/www.boattoursamana.com\/ro\/wp-json\/wp\/v2\/media?parent=15866"}],"curies":[{"name":"wp","href":"https:\/\/api.w.org\/{rel}","templated":true}]}}