{"id":12091,"date":"2021-02-05T16:38:28","date_gmt":"2021-02-05T16:38:28","guid":{"rendered":"https:\/\/www.ticketswhales.com\/?post_type=product&#038;p=12091"},"modified":"2023-11-07T21:00:20","modified_gmt":"2023-11-07T21:00:20","slug":"27-waterfalls-buggies-tour-puerto-plata","status":"publish","type":"product","link":"https:\/\/www.boattoursamana.com\/ro\/tur\/27-cascade-buggies-tur-puerto-plata","title":{"rendered":"27 de cascade Buggies (Drume\u021bii \u0219i \u00eenot)"},"content":{"rendered":"<div class=\"vc_row wpb_row vc_row-fluid\" ><div class=\"wpb_column vc_column_container vc_col-sm-12\"><div class=\"vc_column-inner\"><div class=\"wpb_wrapper\"><div class=\"mkdf-section-title-holder\" style=\"text-align: left\">\n\t<div class=\"mkdf-st-inner\">\n\t\t\t\t\t<h5 class=\"mkdf-st-subtitle\" >\n\t\t\t\tPr\u00e2nz inclus\t\t\t<\/h5>\n\t\t\t\t\t\t\t<h3 class=\"mkdf-st-title\" >\n\t\t\t\t27 Cascade Buggies Tur Puerto Plata\t\t\t<\/h3>\n\t\t\t\t\t<\/div>\n<\/div><div class=\"vc_message_box vc_message_box-standard vc_message_box-rounded vc_color-info\" ><div class=\"vc_message_box-icon\"><i class=\"fas fa-info-circle\"><\/i><\/div><p>Rezerva\u021bi doar biletele de intrare sau cu transport: <a href=\"https:\/\/www.boattoursamana.com\/ro\/?s=27+waterfalls&amp;post_type=product&amp;dgwt_wcas=1\">Click aici.<\/a><\/p>\n<\/div><div class=\"vc_empty_space\"   style=\"height: 32px\"><span class=\"vc_empty_space_inner\"><\/span><\/div><\/div><\/div><\/div><\/div><div class=\"vc_row wpb_row vc_row-fluid\" ><div class=\"wpb_column vc_column_container vc_col-sm-12\"><div class=\"vc_column-inner\"><div class=\"wpb_wrapper\"><div class=\"vc_btn3-container vc_btn3-inline\" ><button class=\"vc_general vc_btn3 vc_btn3-size-md vc_btn3-shape-rounded vc_btn3-style-modern vc_btn3-color-green\">REZERVA ACUM<\/button><\/div>\n\t<div class=\"wpb_text_column wpb_content_element\" >\n\t\t<div class=\"wpb_wrapper\">\n\t\t\t<h2 class=\"ui_header h1 attractions-product-info-ProductTitle__title--1qM0o\">27 Cascade Buggies Tur Puerto Plata<\/h2>\n<p><b><i>Prezentare general\u0103 <\/i><\/b><\/p>\n<p>Ob\u021bine\u021bi bilete pentru Buggies \u00een Puerto Plata cu cel mai mic pre\u021b pentru cascade damajagua. Damajagua zone cu cele mai bune <strong data-key=\"puerto plata waterfall excursion\">excursie la cascada puerto plata.\u00a0<\/strong><\/p>\n<p>Nu exist\u0103 un mod mai palpitant de a explora peisajul rural s\u0103lbatic dominican dec\u00e2t unul dintre aceste c\u0103rucioare \u00eentr-un tur prezentat de localnici. Lua\u021bi trasee off-road cu 27 de zone de p\u0103dure cu cascade pe fundal \u0219i \u00eenota\u021bi \u00eentr-un r\u00e2u sau la plaj\u0103 \u00een aceast\u0103 aventur\u0103 de diminea\u021b\u0103 de jum\u0103tate de zi.<\/p>\n<p>Dup\u0103 instruc\u021biunile exper\u021bilor, este timpul s\u0103 merge\u021bi pe trasee \u0219i s\u0103 v\u0103 aventura\u021bi \u00een mediul rural. Vei trece pe l\u00e2ng\u0103 planta\u021bii de palmieri, terenuri agricole rustice \u0219i sate, \u00een timp ce cobori cu vitez\u0103 pe traseele pr\u0103fuite din jungl\u0103 - departe de drumurile b\u0103tute.<\/p>\n<p>Vor fi c\u00e2teva opriri la boxe unde po\u021bi lua o nuc\u0103 de cocos proasp\u0103t\u0103 pentru drum, dac\u0103 \u021bi-e sete. De asemenea, \u00eentr-un fel sau altul v\u0103 ve\u021bi murd\u0103ri, a\u0219a c\u0103 aduce\u021bi-v\u0103 costumele de baie \u0219i r\u0103cori\u021bi-v\u0103 la plaj\u0103 sau la r\u00e2ul natural \u2013 un mod minunat de a v\u0103 cur\u0103\u021ba praful. Ve\u021bi putea, de asemenea, s\u0103 v\u0103 bucura\u021bi de o zi palpitant\u0103 cu bere sau cocktail rece ca ghea\u021ba din partea casei. Contacta\u021bi-ne pentru noi <strong>cascade de damajagua \u0219i combo buggy off-road<\/strong> .<\/p>\n<ul>\n<li style=\"font-weight: 400;\">Taxe incluse<\/li>\n<li>Masa de pranz<\/li>\n<li>Gust\u0103ri<\/li>\n<li style=\"font-weight: 400;\">Ghid turistic local \u00een englez\u0103<\/li>\n<\/ul>\n<p>&nbsp;<\/p>\n<h4><b>Incluziuni \u0219i excluderi<\/b><\/h4>\n<p>&nbsp;<\/p>\n<p><b>Incluziuni<\/b><\/p>\n<ol>\n<li>Masa de pranz<\/li>\n<li style=\"font-weight: 400;\"><span style=\"font-weight: 400;\">Toate taxele, taxele \u0219i taxele de manipulare<\/span><\/li>\n<li style=\"font-weight: 400;\"><span style=\"font-weight: 400;\">Taxe locale<\/span><\/li>\n<li style=\"font-weight: 400;\"><span style=\"font-weight: 400;\">B\u0103uturi<\/span><\/li>\n<li>Gust\u0103ri<\/li>\n<li style=\"font-weight: 400;\"><span style=\"font-weight: 400;\">Toate activit\u0103\u021bile<\/span><\/li>\n<li style=\"font-weight: 400;\"><span style=\"font-weight: 400;\">Ghid local<\/span><\/li>\n<\/ol>\n<p><b> Excluderile<\/b><\/p>\n<ol>\n<li style=\"font-weight: 400;\"><span style=\"font-weight: 400;\">Gratuitatii<\/span><\/li>\n<li>transport (Setat prin contactarea noastr\u0103)<\/li>\n<li style=\"font-weight: 400;\"><span style=\"font-weight: 400;\">Bauturi alcoolice<\/span><\/li>\n<\/ol>\n<p>&nbsp;<\/p>\n<p><em><strong>Plecare \u0219i \u00eentoarcere<\/strong><\/em><\/p>\n<p><span style=\"font-weight: 400;\">C\u0103l\u0103torul va primi un punct de \u00eent\u00e2lnire dup\u0103 Procesul de Rezervare. Tururile \u00eencep \u0219i se termin\u0103 la punctele dvs. de \u00eent\u00e2lnire.<\/span><\/p>\n<h4><\/h4>\n<h3 class=\"ui_header h1 attractions-product-info-ProductTitle__title--1qM0o\">27 de cascade din damajagua puerto plata excursii excursii<\/h3>\n<p><b><i>La ce s\u0103 te a\u0219tep\u021bi?<\/i><\/b><\/p>\n<div class=\"apd_content_block\" data-tab=\"TABS_OVERVIEW\"><\/div>\n<div data-tab=\"TABS_WHAT_TO_EXPECT\">\n<div class=\"ui_card attractions-card-CollapsibleProductDetailsCard__cardContainer--3r2wk attractions-card-CollapsibleProductDetailsCard__cleanslateOverrideDT--2AJh0\">\n<div class=\"attractions-card-CollapsibleCard__content--2Ws8q\">\n<div class=\"attractions-card-CollapsibleCard__contentWrap--374jk attractions-card-CollapsibleCard__titleUnderline--1uHze\">\n<div class=\"attractions-card-CollapsibleProductDetailsCard__cardContent--23ext\">\n<div class=\"common-text-ReadMore__readMore--3Iu8c common-text-ReadMore__variantFadeOut--1tInd\">\n<div class=\"common-text-ReadMore__content--2X4LR\">\n<div class=\"ui_columns is-desktop\">\n<div class=\"ui_column\">\n<p>Damajagua Buggy&#039;s<\/p>\n<p>S\u0103 pornim motoarele \u0219i s\u0103 \u00eencepem un traseu captivant prin poteci noroioase, p\u0103duri tropicale \u0219i r\u00e2uri. Acesta este un tur de o or\u0103 \u0219i jum\u0103tate, cu o lungime \u00eentre 10 \u0219i 15 kilometri.<\/p>\n<p>Prima oprire va fi \u00een r\u00e2ul Bajabonico din comunitatea Bellaco. Pe drum, ve\u021bi putea s\u0103 culege\u021bi ni\u0219te fructe \u0219i chiar s\u0103 m\u00e2nca\u021bi localnicii f\u0103cute Patty.<\/p>\n<p>Vom continua traseul cu buggy c\u0103tre comunit\u0103\u021bile din Bajabonico Arriba, unde putem \u00eencerca\u00a0 <strong>temperatura apei cascade damajagua .<\/strong> Palmar Grande \u0219i Los Felix. Odat\u0103 ce conducem \u00een aceste comunit\u0103\u021bi, trebuie s\u0103 ne \u00eencetinim viteza din cauza copiilor, animalelor \u0219i localnicilor care \u00ee\u0219i tr\u0103iesc via\u021ba normal\u0103.<br \/>\nVom cobor\u00ee din vehicule \u0219i vom avea \u0219ansa de a \u00eenota \u00een apa dulce a r\u00e2ului!<br \/>\nPe drumul de \u00eentoarcere vom merge pe un drum exterior put\u00e2nd traversa de 12 ori r\u00e2ul unul c\u00e2te unul.<br \/>\n\u00cen cele din urm\u0103, ne vom \u00eentoarce la punctul de \u00eent\u00e2lnire \u0219i te po\u021bi \u00eentoarce la locul t\u0103u \u0219i vorbe\u0219te cu prietenii t\u0103i despre acest tur de neuitat.<\/p>\n<\/div>\n<\/div>\n<\/div>\n<\/div>\n<\/div>\n<\/div>\n<\/div>\n<\/div>\n<\/div>\n<p><em><strong>Ce ar trebui s\u0103 aduci?<\/strong><\/em><\/p>\n<ul>\n<li style=\"font-weight: 400;\"><span style=\"font-weight: 400;\">aparat foto<\/span><\/li>\n<li style=\"font-weight: 400;\"><span style=\"font-weight: 400;\">Muguri repelent<\/span><\/li>\n<li style=\"font-weight: 400;\"><span style=\"font-weight: 400;\">Lotiune de plaja<\/span><\/li>\n<li style=\"font-weight: 400;\"><span style=\"font-weight: 400;\">P\u0103l\u0103rie<\/span><\/li>\n<li style=\"font-weight: 400;\"><span style=\"font-weight: 400;\">Pantaloni comozi<\/span><\/li>\n<li style=\"font-weight: 400;\"><span style=\"font-weight: 400;\">Pantofi de drume\u021bie pentru p\u0103dure<\/span><\/li>\n<li style=\"font-weight: 400;\"><span style=\"font-weight: 400;\">Sandale \u00een zonele de prim\u0103var\u0103.<\/span><\/li>\n<li style=\"font-weight: 400;\"><span style=\"font-weight: 400;\">\u00cembr\u0103c\u0103minte de \u00eenot<\/span><\/li>\n<\/ul>\n<p>&nbsp;<\/p>\n<h3><b><i>Preluare la hotel:\u00a0<\/i><\/b><\/h3>\n<p><span style=\"font-weight: 400;\"><strong>Preluarea la hotel nu este<\/strong> oferit pentru acest tur. Am configurat Pick up contact\u00e2ndu-ne prin Whatsapp. Avem oferte \u00cen cazul \u00een care veni\u021bi <strong>golful chihlimbar 27 cascade.\u00a0<\/strong><\/span><\/p>\n<p>&nbsp;<\/p>\n<p><b>Not\u0103:<\/b><span style=\"font-weight: 400;\"> Dac\u0103 rezerva\u021bi \u00een termen de 24 de ore de la ora de plecare a turului\/excursiei, putem aranja preluarea de la hotel cu taxe suplimentare. Odat\u0103 ce achizi\u021bia dvs. este finalizat\u0103, v\u0103 vom trimite informa\u021bii complete de contact (num\u0103r de telefon, adres\u0103 de e-mail etc.) pentru ghidul nostru local pentru a organiza aranjamentele de ridicare.<\/span><\/p>\n<p><b><i>Confirmare informa\u021bii suplimentare <\/i><\/b><\/p>\n<ol>\n<li>Biletele sunt Chitan\u021ba dup\u0103 plata acestui Tur. Pute\u021bi afi\u0219a plata pe telefon.<\/li>\n<li style=\"font-weight: 400;\"><span style=\"font-weight: 400;\">Punctul de \u00eent\u00e2lnire va fi primit dup\u0103 procesul de rezervare.<\/span><\/li>\n<li style=\"font-weight: 400;\"><span style=\"font-weight: 400;\">Copiii trebuie s\u0103 fie \u00eenso\u021bi\u021bi de un adult.<\/span><\/li>\n<li style=\"font-weight: 400;\"><span style=\"font-weight: 400;\"> Nu este accesibil cu scaunul cu rotile <\/span><\/li>\n<li style=\"font-weight: 400;\"><span style=\"font-weight: 400;\">Bebelu\u0219ii trebuie s\u0103 stea pe poale <\/span><\/li>\n<li style=\"font-weight: 400;\"><span style=\"font-weight: 400;\">Nu este recomandat c\u0103l\u0103torilor cu probleme de spate<\/span><\/li>\n<li style=\"font-weight: 400;\"><span style=\"font-weight: 400;\">Nu este recomandat c\u0103l\u0103torilor \u00eens\u0103rcinate <\/span><\/li>\n<li style=\"font-weight: 400;\"><span style=\"font-weight: 400;\"> F\u0103r\u0103 probleme cardiace sau alte afec\u021biuni medicale grave <\/span><\/li>\n<li style=\"font-weight: 400;\"><span style=\"font-weight: 400;\">Majoritatea c\u0103l\u0103torilor pot participa<\/span><\/li>\n<\/ol>\n<h4><b><i>Politica de anulare<\/i><\/b><\/h4>\n<p>Pentru o rambursare complet\u0103, v\u0103 rug\u0103m s\u0103 citi\u021bi politicile noastre de anulare\u00a0<a href=\"https:\/\/www.boattoursamana.com\/ro\/rezervare-online\/\" target=\"_blank\" rel=\"noopener\" data-saferedirecturl=\"https:\/\/www.google.com\/url?q=https:\/\/www.boattoursamana.com\/online-booking\/&amp;source=gmail&amp;ust=1672449202351000&amp;usg=AOvVaw1yAeVAPktmaVCqDujgUn90\">Click aici<\/a>. Fondurile se vor pierde dac\u0103 rezervarea este anulat\u0103 \u00een aceea\u0219i zi a c\u0103l\u0103toriei.<\/p>\n<p>&nbsp;<\/p>\n<p><em><strong>De asemenea, oamenii caut\u0103:\u00a0<\/strong><\/em><\/p>\n<p>prezentare general\u0103 incluziuni excluderi plecare<\/p>\n<p>incluziuni excluderi plecare retur<\/p>\n<p>moartea cascadelor damajagua<\/p>\n<p>27 de cascade moartea republicii dominicane<\/p>\n<p>pret cascade damajagua<\/p>\n<p>&nbsp;<\/p>\n\n\t\t<\/div>\n\t<\/div>\n<\/div><\/div><\/div><\/div><div class=\"vc_row wpb_row vc_row-fluid\" ><div class=\"wpb_column vc_column_container vc_col-sm-12\"><div class=\"vc_column-inner\"><div class=\"wpb_wrapper\"><div class=\"vc_btn3-container vc_btn3-inline\" ><button class=\"vc_general vc_btn3 vc_btn3-size-md vc_btn3-shape-rounded vc_btn3-style-modern vc_btn3-color-green\">REZERVA ACUM<\/button><\/div>\n\t<div class=\"wpb_video_widget wpb_content_element vc_clearfix   vc_video-aspect-ratio-169 vc_video-el-width-100 vc_video-align-left\" >\n\t\t<div class=\"wpb_wrapper\">\n\t\t\t<h2 class=\"wpb_heading wpb_video_heading\">Tur de 27 de cascade din Damajagua din Puerto Plata:<\/h2>\n\t\t\t<div class=\"wpb_video_wrapper\"><iframe loading=\"lazy\" title=\"27 de cascade din Damajagua de Booking Adventures &amp; Travel Republica Dominican\u0103\" width=\"1100\" height=\"619\" src=\"https:\/\/www.youtube.com\/embed\/AVNh_we_RQE?start=17&feature=oembed\" frameborder=\"0\" allow=\"accelerometer; autoplay; encrypted-media; gyroscope; picture-in-picture\" allowfullscreen><\/iframe><\/div>\n\t\t<\/div>\n\t<\/div>\n<\/div><\/div><\/div><\/div><div class=\"vc_row wpb_row vc_row-fluid\" ><\/div><div class=\"wpb_column vc_column_container vc_col-sm-12\"><div class=\"vc_column-inner\"><div class=\"wpb_wrapper\"><\/div><\/div><\/div><div class=\"vc_empty_space\"   style=\"height: 32px\"><span class=\"vc_empty_space_inner\"><\/span><\/div><div class=\"vc_empty_space\"   style=\"height: 32px\"><span class=\"vc_empty_space_inner\"><\/span><\/div><div class=\"vc_row wpb_row vc_row-fluid\" ><div class=\"wpb_column vc_column_container vc_col-sm-12\"><div class=\"vc_column-inner\"><div class=\"wpb_wrapper\"><div class=\"vc_btn3-container vc_btn3-inline\" ><button class=\"vc_general vc_btn3 vc_btn3-size-md vc_btn3-shape-rounded vc_btn3-style-modern vc_btn3-color-green\">REZERVA ACUM<\/button><\/div><\/div><\/div><\/div><\/div>","protected":false},"excerpt":{"rendered":"<p>Aceast\u0103 excursie de la 27 de cascade din Damajagua din Puerto Plata, pr\u00e2nz \u0219i tur al celor 27 de cascade, drume\u021bie \u0219i s\u0103ritur\u0103 la r\u00e2u.<\/p>\n<p>Excursie ecologic\u0103 la cele 27 de cascade din Puerto Plata. Ia-\u021bi biletele pentru un tur de jum\u0103tate de zi aici la Damajagua&#039;s Waterfall 27. Biletele de intrare cu pr\u00e2nz \u0219i excursie includ s\u0103rituri \u0219i \u00eenot \u00een cele mai frumoase cascade din Republica Dominican\u0103. Drume\u021bii \u0219i \u00eenot cu echipament de siguran\u021b\u0103 pentru a avea cea mai bun\u0103 experien\u021b\u0103!<\/p>\n<p><strong><span style=\"vertical-align: inherit;\"><span style=\"vertical-align: inherit;\"><span style=\"vertical-align: inherit;\"><span style=\"vertical-align: inherit;\">Selecta\u021bi data pentru tur:\u00a0<\/span><\/span><\/span><\/span><\/strong><\/p>","protected":false},"featured_media":12093,"template":"","meta":[],"product_cat":[283,947,864,159,253,252],"product_tag":[405,865,403,402,285,407],"class_list":["post-12091","product","type-product","status-publish","has-post-thumbnail","hentry","product_cat-damajagua","product_cat-1-puerto-plata","product_cat-buggies-puerto-plata","product_cat-fees-entrace","product_cat-tours-and-excursions","product_cat-waterfalls","product_tag-amber-cove-excursions","product_tag-buggies-puerto-plata","product_tag-damajagua-national-park","product_tag-how-to-get-to-27-waterfalls-from-puerto-plata","product_tag-puerto-plata","product_tag-things-to-do-in-amber-cove"],"_links":{"self":[{"href":"https:\/\/www.boattoursamana.com\/ro\/wp-json\/wp\/v2\/product\/12091","targetHints":{"allow":["GET"]}}],"collection":[{"href":"https:\/\/www.boattoursamana.com\/ro\/wp-json\/wp\/v2\/product"}],"about":[{"href":"https:\/\/www.boattoursamana.com\/ro\/wp-json\/wp\/v2\/types\/product"}],"wp:featuredmedia":[{"embeddable":true,"href":"https:\/\/www.boattoursamana.com\/ro\/wp-json\/wp\/v2\/media\/12093"}],"wp:attachment":[{"href":"https:\/\/www.boattoursamana.com\/ro\/wp-json\/wp\/v2\/media?parent=12091"}],"wp:term":[{"taxonomy":"product_cat","embeddable":true,"href":"https:\/\/www.boattoursamana.com\/ro\/wp-json\/wp\/v2\/product_cat?post=12091"},{"taxonomy":"product_tag","embeddable":true,"href":"https:\/\/www.boattoursamana.com\/ro\/wp-json\/wp\/v2\/product_tag?post=12091"}],"curies":[{"name":"wp","href":"https:\/\/api.w.org\/{rel}","templated":true}]}}