{"id":12421,"date":"2021-03-21T19:42:24","date_gmt":"2021-03-21T19:42:24","guid":{"rendered":"https:\/\/www.ticketswhales.com\/?post_type=product&#038;p=12421"},"modified":"2023-11-07T20:44:08","modified_gmt":"2023-11-07T20:44:08","slug":"los-haitises-mountain-bike-kayaks","status":"publish","type":"product","link":"https:\/\/www.boattoursamana.com\/ro\/tur\/los-haitis-mountain-bike-kayak-uri","title":{"rendered":"Mountain Bike + 4 ore caiace Los Haitises"},"content":{"rendered":"<div class=\"vc_row wpb_row vc_row-fluid\" ><div class=\"wpb_column vc_column_container vc_col-sm-12\"><div class=\"vc_column-inner\"><div class=\"wpb_wrapper\"><div class=\"vc_empty_space\"   style=\"height: 32px\"><span class=\"vc_empty_space_inner\"><\/span><\/div><\/div><\/div><\/div><\/div><div class=\"vc_row wpb_row vc_row-fluid\" ><div class=\"wpb_column vc_column_container vc_col-sm-12\"><div class=\"vc_column-inner\"><div class=\"wpb_wrapper\"><div class=\"mkdf-section-title-holder\" style=\"text-align: left\">\n\t<div class=\"mkdf-st-inner\">\n\t\t\t\t\t<h5 class=\"mkdf-st-subtitle\" >\n\t\t\t\tBiciclete, Mangrove, Caiace, Pe\u0219teri \u0219i multe altele.\t\t\t<\/h5>\n\t\t\t\t\t\t\t<h3 class=\"mkdf-st-title\" >\n\t\t\t\tLos Haitises Mountain Bike + Caiace\t\t\t<\/h3>\n\t\t\t\t\t<\/div>\n<\/div><\/div><\/div><\/div><\/div><div class=\"vc_row wpb_row vc_row-fluid\" ><div class=\"wpb_column vc_column_container vc_col-sm-12\"><div class=\"vc_column-inner\"><div class=\"wpb_wrapper\"><div class=\"vc_empty_space\"   style=\"height: 32px\"><span class=\"vc_empty_space_inner\"><\/span><\/div><\/div><\/div><\/div><\/div><div class=\"vc_row wpb_row vc_row-fluid\" ><div class=\"wpb_column vc_column_container vc_col-sm-12\"><div class=\"vc_column-inner\"><div class=\"wpb_wrapper\"><div class=\"vc_btn3-container vc_btn3-inline\" ><button class=\"vc_general vc_btn3 vc_btn3-size-md vc_btn3-shape-rounded vc_btn3-style-modern vc_btn3-color-green\">REZERVA ACUM<\/button><\/div>\n\t<div class=\"wpb_text_column wpb_content_element\" >\n\t\t<div class=\"wpb_wrapper\">\n\t\t\t<h5><strong>Prezentare general\u0103<\/strong><\/h5>\n<p><span style=\"font-weight: 400;\">C\u0103l\u0103tori\u021bi cu un expert local \u0219i ob\u021bine\u021bi experien\u021ba unic\u0103 de ciclism pornind de la Sabana de la Mar, acest tur v\u0103 va duce \u00een jur pentru a vedea peisajul frumos al peisajului rural din Republica Dominican\u0103. Pe m\u0103sur\u0103 ce merge\u021bi cu bicicleta, ve\u021bi putea s\u0103 v\u0103 saluta\u021bi! fermierii care \u00ee\u0219i c\u0103l\u0103resc caii sau motocicleta la proprietatea lor \u0219i \u00een timpul turului, ve\u021bi putea ie\u0219i \u00een aventura \u0219i cultura local\u0103 din Sabana de la Mar. C\u00e2teva fapte despre Los Haitises: este una dintre cele mai mari forma\u021biuni de calcar din lume, un loc pentru conservarea speciilor endemice, Loca\u021bie cu cea mai mare parte a biodiversit\u0103\u021bii insulei \u0219i exist\u0103 una dintre cele mai mari p\u0103duri de mangrove din Quisqueya.<\/span><\/p>\n<p>&nbsp;<\/p>\n<p><strong>Incluziuni \u0219i excluderi<\/strong><\/p>\n<p>&nbsp;<\/p>\n<p><strong>Incluziuni<\/strong><\/p>\n<p><span style=\"font-weight: 400;\">Ciclism<\/span><\/p>\n<p><span style=\"font-weight: 400;\">Caiac<\/span><\/p>\n<p><span style=\"font-weight: 400;\">Gust\u0103ri<\/span><\/p>\n<p><span style=\"font-weight: 400;\">1 sticla de apa\u00a0<\/span><\/p>\n<p><span style=\"font-weight: 400;\">Trusa de prim ajutor\u00a0<\/span><\/p>\n<p><span style=\"font-weight: 400;\">Toate taxele, taxele \u0219i taxele de manipulare<\/span><\/p>\n<p><span style=\"font-weight: 400;\">Taxe locale<\/span><\/p>\n<p><span style=\"font-weight: 400;\">Ghizi turistici oficiali ecologisti engleza\/spaniola<\/span><\/p>\n<p>&nbsp;<\/p>\n<p><strong>Excluderile<\/strong><\/p>\n<p><span style=\"font-weight: 400;\">Gratuitatii<\/span><\/p>\n<p><span style=\"font-weight: 400;\">Transfer<\/span><\/p>\n<p><span style=\"font-weight: 400;\">B\u0103utur\u0103<\/span><\/p>\n<p><span style=\"font-weight: 400;\">\u00a0<\/span><\/p>\n<p>&nbsp;<\/p>\n<p><span style=\"font-weight: 400;\">Plecare \u0219i \u00eentoarcere<\/span><\/p>\n<p>&nbsp;<\/p>\n<p><span style=\"font-weight: 400;\">Turul, organizat de \u201eBooking Adventures\u201d, \u00eencepe la punctul de \u00eent\u00e2lnire stabilit cu Ghidul Turistic. C\u0103l\u0103torul va primi un punct de \u00eent\u00e2lnire dup\u0103 Procesul de Rezervare. Tururile \u00eencep \u0219i se termin\u0103 \u00een punctele noastre de \u00eent\u00e2lnire.<\/span><\/p>\n<p>&nbsp;<\/p>\n<p><span style=\"font-weight: 400;\">La ce s\u0103 te a\u0219tep\u021bi?<\/span><\/p>\n<p>&nbsp;<\/p>\n<p><span style=\"font-weight: 400;\">Ia-\u021bi biletul pentru ciclism \u0219i caiac din Sabana de la Mar\u00a0<\/span><\/p>\n<p>&nbsp;<\/p>\n<p><span style=\"font-weight: 400;\">Aceast\u0103 excursie \u00eencepe de la punctul de \u00eent\u00e2lnire pe care trebuie s\u0103 \u00eel confirma\u021bi cu agen\u021bii no\u0219tri de turism sau cu Ghidul dumneavoastr\u0103 turistic \u00eenainte de a v\u0103 \u00eendrepta c\u0103tre orice loca\u021bie. Odat\u0103 ce v\u0103 \u00eent\u00e2lni\u021bi ghidul, ve\u021bi avea un debrief al turului \u0219i tot ceea ce este legat de ziua dvs.<\/span><\/p>\n<p>&nbsp;<\/p>\n<p><span style=\"font-weight: 400;\">C\u00e2nd toat\u0103 lumea este gata, ne vom \u00eendrepta c\u0103tre portul Parcului Na\u021bional Los Haitises, unde ve\u021bi \u00eencepe caiacul la r\u00e2ul Cano Hondo care se termin\u0103 \u00een Golful San Lorenzo, acesta este un mic golf de doar 10 Km2 \u0219i timp de dou\u0103 ore ve\u021bi ie\u0219i singur. \u00een diferitele ecosisteme din los Haitises.\u00a0<\/span><\/p>\n<p>&nbsp;<\/p>\n<p><span style=\"font-weight: 400;\">\u00cen aceast\u0103 parte a c\u0103l\u0103toriei dvs. ve\u021bi v\u00e2sli \u00een jurul p\u0103durii de mangrove, care este a doua ca m\u0103rime din insul\u0103, cu mai mult de 90 km2, iar c\u00e2nd ajunge\u021bi \u00een Golful San Lorenzo, ve\u021bi vedea Peninsula \u0219i Golful Samana.\u00a0<\/span><\/p>\n<p>&nbsp;<\/p>\n<p><span style=\"font-weight: 400;\">\u00cen timp ce mergi cu caiac, exist\u0103 posibilitatea de a vedea ni\u0219te delfini, p\u0103s\u0103ri precum st\u00e2rcul albastru, st\u00e2rcul cenu\u0219iu, corbii, pelicanul brun, sternul regal, pas\u0103rea fregata magnific\u0103 \u0219i priveli\u0219tile unice ale Parcului Na\u021bional Los Haitises. Dup\u0103 4 ore \u0219i jum\u0103tate de activit\u0103\u021bi \u00een Parcul Na\u021bional Los Haitises \u0219i Sabana de la Mar, aceast\u0103 excursie se termin\u0103 \u00een acela\u0219i loc \u00een care a \u00eenceput.<\/span><\/p>\n<p>&nbsp;<\/p>\n<p><span style=\"font-weight: 400;\">Not\u0103: Aceste excursii sunt cu ghizi turistici oficiali ecologisti. V\u0103 rug\u0103m s\u0103 Rezerva\u021bi cu timp pentru c\u0103 \u00een parc nu sunt prea mul\u021bi speciali\u0219ti.<\/span><\/p>\n<p>&nbsp;<\/p>\n<p><span style=\"font-weight: 400;\">\u00a0<\/span><\/p>\n<p>&nbsp;<\/p>\n<p><span style=\"font-weight: 400;\">Ce ar trebui s\u0103 aduci?<\/span><\/p>\n<ul>\n<li style=\"font-weight: 400;\" aria-level=\"1\"><span style=\"font-weight: 400;\">aparat foto<\/span><\/li>\n<li style=\"font-weight: 400;\" aria-level=\"1\"><span style=\"font-weight: 400;\">Muguri repelent<\/span><\/li>\n<li style=\"font-weight: 400;\" aria-level=\"1\"><span style=\"font-weight: 400;\">lotiune de plaja<\/span><\/li>\n<li style=\"font-weight: 400;\" aria-level=\"1\"><span style=\"font-weight: 400;\">P\u0103l\u0103rie<\/span><\/li>\n<li style=\"font-weight: 400;\" aria-level=\"1\"><span style=\"font-weight: 400;\">Pantaloni comozi<\/span><\/li>\n<li style=\"font-weight: 400;\" aria-level=\"1\"><span style=\"font-weight: 400;\">Pantofi de alergat\u00a0<\/span><\/li>\n<li style=\"font-weight: 400;\" aria-level=\"1\"><span style=\"font-weight: 400;\">Sandale pentru caiac\u00a0<\/span><\/li>\n<li style=\"font-weight: 400;\" aria-level=\"1\"><span style=\"font-weight: 400;\">\u00cembr\u0103c\u0103minte de \u00eenot<\/span><\/li>\n<li style=\"font-weight: 400;\" aria-level=\"1\"><span style=\"font-weight: 400;\">Prosoape\u00a0<\/span><\/li>\n<\/ul>\n<p>&nbsp;<\/p>\n<h4><b><i>Preluare la hotel <\/i><\/b><\/h4>\n<p><span style=\"font-weight: 400;\">Preluarea la hotel nu este oferit\u0103 pentru acest tur. <\/span><\/p>\n<p>&nbsp;<\/p>\n<p><b>Not\u0103:<\/b><span style=\"font-weight: 400;\"> dac\u0103 rezerva\u021bi \u00een 24 de ore de la ora plec\u0103rii turului\/excursiei, putem aranja preluarea de la hotel cu taxe suplimentare. Odat\u0103 ce achizi\u021bia dvs. este finalizat\u0103, v\u0103 vom trimite informa\u021bii complete de contact (num\u0103r de telefon, adres\u0103 de e-mail etc.) pentru ghidul nostru local pentru a organiza aranjamentele de ridicare.<\/span><\/p>\n<h4><b><i>Confirmare informa\u021bii suplimentare <\/i><\/b><\/h4>\n<ol>\n<li>Biletele sunt Chitan\u021ba dup\u0103 plata acestui Tur. Pute\u021bi afi\u0219a plata pe telefon.<\/li>\n<li style=\"font-weight: 400;\"><span style=\"font-weight: 400;\">Punctul de \u00eent\u00e2lnire va fi primit dup\u0103 procesul de rezervare.<\/span><\/li>\n<li style=\"font-weight: 400;\"><span style=\"font-weight: 400;\">Copiii trebuie s\u0103 fie \u00eenso\u021bi\u021bi de un adult.<\/span><\/li>\n<li style=\"font-weight: 400;\"><span style=\"font-weight: 400;\"> Nu este accesibil cu scaunul cu rotile <\/span><\/li>\n<li style=\"font-weight: 400;\"><span style=\"font-weight: 400;\">Bebelu\u0219ii trebuie s\u0103 stea pe poale <\/span><\/li>\n<li style=\"font-weight: 400;\"><span style=\"font-weight: 400;\">Nu este recomandat c\u0103l\u0103torilor cu probleme de spate<\/span><\/li>\n<li style=\"font-weight: 400;\"><span style=\"font-weight: 400;\">Nu este recomandat c\u0103l\u0103torilor \u00eens\u0103rcinate <\/span><\/li>\n<li style=\"font-weight: 400;\"><span style=\"font-weight: 400;\"> F\u0103r\u0103 probleme cardiace sau alte afec\u021biuni medicale grave <\/span><\/li>\n<li style=\"font-weight: 400;\"><span style=\"font-weight: 400;\">Majoritatea c\u0103l\u0103torilor pot participa<\/span><\/li>\n<\/ol>\n<h4><b><i>Politica de anulare<\/i><\/b><\/h4>\n<p>Pentru o rambursare complet\u0103, v\u0103 rug\u0103m s\u0103 citi\u021bi politicile noastre de anulare\u00a0<a href=\"https:\/\/www.boattoursamana.com\/ro\/rezervare-online\/\" target=\"_blank\" rel=\"noopener\" data-saferedirecturl=\"https:\/\/www.google.com\/url?q=https:\/\/www.boattoursamana.com\/online-booking\/&amp;source=gmail&amp;ust=1672449202351000&amp;usg=AOvVaw1yAeVAPktmaVCqDujgUn90\">Click aici<\/a>. Fondurile se vor pierde dac\u0103 rezervarea este anulat\u0103 \u00een aceea\u0219i zi a c\u0103l\u0103toriei.<\/p>\n\n\t\t<\/div>\n\t<\/div>\n<\/div><\/div><\/div><\/div><div class=\"vc_row wpb_row vc_row-fluid\" ><\/div><div class=\"wpb_column vc_column_container vc_col-sm-12\"><div class=\"vc_column-inner\"><div class=\"wpb_wrapper\"><\/div><\/div><\/div><div class=\"vc_empty_space\"   style=\"height: 32px\"><span class=\"vc_empty_space_inner\"><\/span><\/div><div class=\"vc_empty_space\"   style=\"height: 32px\"><span class=\"vc_empty_space_inner\"><\/span><\/div><div class=\"vc_row wpb_row vc_row-fluid\" ><div class=\"wpb_column vc_column_container vc_col-sm-12\"><div class=\"vc_column-inner\"><div class=\"wpb_wrapper\">\n\t<div class=\"wpb_video_widget wpb_content_element vc_clearfix   vc_video-aspect-ratio-169 vc_video-el-width-100 vc_video-align-left\" >\n\t\t<div class=\"wpb_wrapper\">\n\t\t\t<h2 class=\"wpb_heading wpb_video_heading\">Los Haitises Caiac <\/h2>\n\t\t\t<div class=\"wpb_video_wrapper\"><iframe loading=\"lazy\" title=\"Tur de caiac \u0219i speologie \u00een Parcul Na\u021bional Los Haitises, Republica Dominican\u0103\" width=\"1100\" height=\"619\" src=\"https:\/\/www.youtube.com\/embed\/ucU1uwB57wQ?feature=oembed\" frameborder=\"0\" allow=\"accelerometer; autoplay; clipboard-write; encrypted-media; gyroscope; picture-in-picture; web-share\" allowfullscreen><\/iframe><\/div>\n\t\t<\/div>\n\t<\/div>\n<div class=\"vc_btn3-container vc_btn3-inline\" ><button class=\"vc_general vc_btn3 vc_btn3-size-md vc_btn3-shape-rounded vc_btn3-style-modern vc_btn3-color-green\">REZERVA ACUM<\/button><\/div><\/div><\/div><\/div><\/div>","protected":false},"excerpt":{"rendered":"<p>C\u0103l\u0103tori\u021bi cu un expert local \u0219i ob\u021bine\u021bi experien\u021ba unic\u0103 de ciclism pornind de la Sabana de la Mar, acest tur v\u0103 va duce s\u0103 vede\u021bi peisajul frumos al peisajului rural din Republica Dominican\u0103. \u00cen timp ce mergi cu bicicleta, vei putea s\u0103 saluti! fermierii care \u00ee\u0219i c\u0103l\u0103resc caii sau motocicletele la proprietatea lor \u0219i \u00een timpul turului, ve\u021bi putea intra \u00een aventura \u0219i cultura local\u0103 din Sabana de la Mar. Experien\u021b\u0103 unic\u0103 de mountain bike!<\/p>\n<p>Selecta\u021bi data turului:<\/p>","protected":false},"featured_media":12747,"template":"","meta":[],"product_cat":[218,946,934,838,930,254,255],"product_tag":[176,211,192,319,208,206,207,171,209,426,327,175,199,200],"class_list":["post-12421","product","type-product","status-publish","has-post-thumbnail","hentry","product_cat-kayaking","product_cat-1-sabana-de-la-mar","product_cat-kayaking-los-haitises","product_cat-mangroves-projects","product_cat-mountain-bike-los-haitises","product_cat-tours-excursions-los-haitises-national-park","product_cat-tours-excursions-samana-bay-dominican-republic","product_tag-cano-hondo","product_tag-cano-hondo-hotel","product_tag-day-tour-cano-hondo","product_tag-kayak-dominican-republic","product_tag-kayaking-dominican-republic","product_tag-kayaking-los-haitises","product_tag-kayaks","product_tag-los-haitises","product_tag-los-haitises-national-park","product_tag-los-haitises-tours","product_tag-private-tours-samana","product_tag-sabana-de-la-mar","product_tag-samana-bay","product_tag-samana-excursions"],"_links":{"self":[{"href":"https:\/\/www.boattoursamana.com\/ro\/wp-json\/wp\/v2\/product\/12421","targetHints":{"allow":["GET"]}}],"collection":[{"href":"https:\/\/www.boattoursamana.com\/ro\/wp-json\/wp\/v2\/product"}],"about":[{"href":"https:\/\/www.boattoursamana.com\/ro\/wp-json\/wp\/v2\/types\/product"}],"wp:featuredmedia":[{"embeddable":true,"href":"https:\/\/www.boattoursamana.com\/ro\/wp-json\/wp\/v2\/media\/12747"}],"wp:attachment":[{"href":"https:\/\/www.boattoursamana.com\/ro\/wp-json\/wp\/v2\/media?parent=12421"}],"wp:term":[{"taxonomy":"product_cat","embeddable":true,"href":"https:\/\/www.boattoursamana.com\/ro\/wp-json\/wp\/v2\/product_cat?post=12421"},{"taxonomy":"product_tag","embeddable":true,"href":"https:\/\/www.boattoursamana.com\/ro\/wp-json\/wp\/v2\/product_tag?post=12421"}],"curies":[{"name":"wp","href":"https:\/\/api.w.org\/{rel}","templated":true}]}}