{"id":12429,"date":"2021-03-22T09:20:50","date_gmt":"2021-03-22T09:20:50","guid":{"rendered":"https:\/\/www.ticketswhales.com\/?post_type=product&#038;p=12429"},"modified":"2023-11-07T20:41:22","modified_gmt":"2023-11-07T20:41:22","slug":"los-haitises-mountain-bike-private-boat-trip","status":"publish","type":"product","link":"https:\/\/www.boattoursamana.com\/ro\/tur\/los-haitises-mountain-bike-excursie-privata-cu-barca-2","title":{"rendered":"Los Haitises Mountain Bike + excursie privat\u0103 cu barca"},"content":{"rendered":"<div class=\"wpb_column vc_column_container vc_col-sm-12\"><div class=\"vc_column-inner\"><div class=\"wpb_wrapper\"><\/div><\/div><\/div><div class=\"wpb_column vc_column_container vc_col-sm-12\"><div class=\"vc_column-inner\"><div class=\"wpb_wrapper\"><\/div><\/div><\/div><div class=\"wpb_column vc_column_container vc_col-sm-12\"><div class=\"vc_column-inner\"><div class=\"wpb_wrapper\"><\/div><\/div><\/div><div class=\"wpb_column vc_column_container vc_col-sm-12\"><div class=\"vc_column-inner\"><div class=\"wpb_wrapper\"><\/div><\/div><\/div><div class=\"vc_row wpb_row vc_row-fluid\" ><div class=\"wpb_column vc_column_container vc_col-sm-12\"><div class=\"vc_column-inner\"><div class=\"wpb_wrapper\">\n\t<div class=\"wpb_text_column wpb_content_element\" >\n\t\t<div class=\"wpb_wrapper\">\n\t\t\t<div class=\"vc_row wpb_row vc_row-fluid\">\n<div class=\"wpb_column vc_column_container vc_col-sm-12\">\n<div class=\"vc_column-inner\">\n<div class=\"wpb_wrapper\">\n<div class=\"mkdf-section-title-holder\">\n<div class=\"mkdf-st-inner\">\n<h5 class=\"mkdf-st-subtitle\">Biciclet\u0103, mangrove, excursie cu barca, pe\u0219teri \u0219i multe altele.<\/h5>\n<h3 class=\"mkdf-st-title\">Los Haitises Mountain Bike + excursie privat\u0103 cu barca<\/h3>\n<\/div>\n<\/div>\n<\/div>\n<\/div>\n<\/div>\n<\/div>\n<div class=\"vc_row wpb_row vc_row-fluid\">\n<div class=\"wpb_column vc_column_container vc_col-sm-12\">\n<div class=\"vc_column-inner\">\n<div class=\"wpb_wrapper\">\n<div class=\"vc_empty_space\"><\/div>\n<\/div>\n<\/div>\n<\/div>\n<\/div>\n<div class=\"vc_row wpb_row vc_row-fluid\">\n<div class=\"wpb_column vc_column_container vc_col-sm-12\">\n<div class=\"vc_column-inner\">\n<div class=\"wpb_wrapper\">\n<div class=\"wpb_text_column wpb_content_element\">\n<div class=\"wpb_wrapper\">\n<h5><strong>Prezentare general\u0103<\/strong><\/h5>\n<p>C\u0103l\u0103tori\u021bi cu un expert local \u0219i ob\u021bine\u021bi experien\u021ba unic\u0103 de ciclism pornind de la Sabana de la Mar, acest tur v\u0103 va duce \u00een jur pentru a vedea peisajul frumos al peisajului rural din Republica Dominican\u0103. Pe m\u0103sur\u0103 ce merge\u021bi cu bicicleta, ve\u021bi putea s\u0103 v\u0103 saluta\u021bi! fermierii care \u00ee\u0219i c\u0103l\u0103resc caii sau motocicleta la proprietatea lor \u0219i \u00een timpul turului, ve\u021bi putea ie\u0219i \u00een aventura \u0219i cultura local\u0103 din Sabana de la Mar. C\u00e2teva fapte despre Los Haitises: este una dintre cele mai mari forma\u021biuni de calcar din lume, un loc pentru conservarea speciilor endemice, Loca\u021bie cu cea mai mare parte a biodiversit\u0103\u021bii insulei \u0219i exist\u0103 una dintre cele mai mari p\u0103duri de mangrove din Quisqueya.<\/p>\n<p>&nbsp;<\/p>\n<p><strong>Incluziuni \u0219i excluderi<\/strong><\/p>\n<p>&nbsp;<\/p>\n<p><strong>Incluziuni<\/strong><\/p>\n<p>Ciclism<\/p>\n<p>Tur cu barca<\/p>\n<p>Gust\u0103ri<\/p>\n<p>1 sticla de apa<\/p>\n<p>Trusa de prim ajutor<\/p>\n<p>Toate taxele, taxele \u0219i taxele de manipulare<\/p>\n<p>Taxe locale<\/p>\n<p>Ghizi turistici oficiali ecologisti engleza\/spaniola<\/p>\n<p>&nbsp;<\/p>\n<p><strong>Excluderile<\/strong><\/p>\n<p>Gratuitatii<\/p>\n<p>Transfer<\/p>\n<p>B\u0103utur\u0103<\/p>\n<p>&nbsp;<\/p>\n<p>&nbsp;<\/p>\n<p>Plecare \u0219i \u00eentoarcere<\/p>\n<p>&nbsp;<\/p>\n<p>Turul, organizat de \u201eBooking Adventures\u201d, \u00eencepe la punctul de \u00eent\u00e2lnire stabilit cu Ghidul Turistic. C\u0103l\u0103torul va primi un punct de \u00eent\u00e2lnire dup\u0103 Procesul de Rezervare. Tururile \u00eencep \u0219i se termin\u0103 la punctele noastre de \u00eent\u00e2lnire.<\/p>\n<p>&nbsp;<\/p>\n<p>La ce s\u0103 te a\u0219tep\u021bi?<\/p>\n<p>Ia-\u021bi biletul pentru ciclism \u0219i plimb\u0103ri cu barca din Sabana de la Mar<\/p>\n<p>&nbsp;<\/p>\n<p>Aceast\u0103 excursie \u00eencepe de la punctul de \u00eent\u00e2lnire pe care trebuie s\u0103 \u00eel confirma\u021bi cu agen\u021bii no\u0219tri de turism sau cu Ghidul dumneavoastr\u0103 turistic \u00eenainte de a v\u0103 \u00eendrepta c\u0103tre orice loca\u021bie. Odat\u0103 ce v\u0103 \u00eent\u00e2lni\u021bi ghidul, ve\u021bi fi informat despre tur \u0219i despre tot ceea ce este legat de ziua dvs.<\/p>\n<p>&nbsp;<\/p>\n<p>C\u00e2nd toat\u0103 lumea este gata, ne vom \u00eendrepta c\u0103tre portul Parcului Na\u021bional Los Haitises, unde ve\u021bi \u00eencepe s\u0103 v\u0103 plimba\u021bi pe r\u00e2ul Cano Hondo care se termin\u0103 \u00een Golful San Lorenzo, acesta este un mic golf de doar 10 km2 \u0219i timp de dou\u0103 ore ve\u021bi ie\u0219i \u00een diferitele ecosisteme din Los Haitises.<\/p>\n<p>&nbsp;<\/p>\n<p>\u00cen aceast\u0103 parte a c\u0103l\u0103toriei dvs. ve\u021bi naviga \u00een jurul p\u0103durii de mangrove, care este a doua ca m\u0103rime de pe insul\u0103, cu mai mult de 90 km2, iar c\u00e2nd ajunge\u021bi \u00een Golful San Lorenzo, ve\u021bi vedea Peninsula \u0219i Golful Samana.<\/p>\n<p>&nbsp;<\/p>\n<p>\u00cen timp ce sunte\u021bi pe acolo, exist\u0103 posibilitatea de a vedea c\u00e2\u021biva delfini, p\u0103s\u0103ri precum st\u00e2rcul albastru, st\u00e2rcul cenu\u0219iu, corbii, pelicanul brun, sternul regal, pas\u0103rea fregata magnific\u0103 \u0219i priveli\u0219tile unice ale Parcului Na\u021bional Los Haitises. Dup\u0103 4 ore \u0219i jum\u0103tate de activit\u0103\u021bi \u00een Parcul Na\u021bional Los Haitises \u0219i Sabana de la Mar, aceast\u0103 excursie se termin\u0103 \u00een acela\u0219i loc \u00een care a \u00eenceput.<\/p>\n<p>&nbsp;<\/p>\n<p>Not\u0103: Aceste excursii sunt cu ghizi turistici oficiali ecologisti. V\u0103 rug\u0103m s\u0103 Rezerva\u021bi cu timp pentru c\u0103 \u00een parc nu sunt prea mul\u021bi speciali\u0219ti.<\/p>\n<p>&nbsp;<\/p>\n<p>&nbsp;<\/p>\n<p>Ce ar trebui s\u0103 aduci?<\/p>\n<ul>\n<li aria-level=\"1\">aparat foto<\/li>\n<li aria-level=\"1\">Muguri repelent<\/li>\n<li aria-level=\"1\">lotiune de plaja<\/li>\n<li aria-level=\"1\">P\u0103l\u0103rie<\/li>\n<li aria-level=\"1\">Pantaloni comozi<\/li>\n<li aria-level=\"1\">Pantofi de alergat<\/li>\n<li aria-level=\"1\">Sandale pentru caiac<\/li>\n<li aria-level=\"1\">\u00cembr\u0103c\u0103minte de \u00eenot<\/li>\n<li aria-level=\"1\">Prosoape<\/li>\n<\/ul>\n<p>&nbsp;<\/p>\n<h4><b><i>Preluare la hotel<\/i><\/b><\/h4>\n<p>Preluarea la hotel nu este oferit\u0103 pentru acest tur.<\/p>\n<p>&nbsp;<\/p>\n<p><b>Not\u0103:<\/b>\u00a0dac\u0103 rezerva\u021bi \u00een 24 de ore de la ora plec\u0103rii turului\/excursiei, putem aranja preluarea de la hotel cu taxe suplimentare. Odat\u0103 ce achizi\u021bia dvs. este finalizat\u0103, v\u0103 vom trimite informa\u021bii complete de contact (num\u0103r de telefon, adres\u0103 de e-mail etc.) pentru ghidul nostru local pentru a organiza aranjamentele de ridicare.<\/p>\n<h4><b><i>Confirmare informa\u021bii suplimentare<\/i><\/b><\/h4>\n<ol>\n<li>Biletele sunt Chitan\u021ba dup\u0103 plata acestui Tur. Pute\u021bi afi\u0219a plata pe telefon.<\/li>\n<li>Punctul de \u00eent\u00e2lnire va fi primit dup\u0103 procesul de rezervare.<\/li>\n<li>Copiii trebuie s\u0103 fie \u00eenso\u021bi\u021bi de un adult.<\/li>\n<li>Nu este accesibil cu scaunul cu rotile<\/li>\n<li>Bebelu\u0219ii trebuie s\u0103 stea pe poale<\/li>\n<li>Nu este recomandat c\u0103l\u0103torilor cu probleme de spate<\/li>\n<li>Nu este recomandat c\u0103l\u0103torilor \u00eens\u0103rcinate<\/li>\n<li>F\u0103r\u0103 probleme cardiace sau alte afec\u021biuni medicale grave<\/li>\n<li>Majoritatea c\u0103l\u0103torilor pot participa<\/li>\n<\/ol>\n<h4><b><i>Politica de anulare<\/i><\/b><\/h4>\n<p>Pentru o rambursare complet\u0103, anula\u021bi cu cel pu\u021bin 24 de ore \u00eenainte de data de \u00eencepere a experien\u021bei.<\/p>\n<\/div>\n<\/div>\n<\/div>\n<\/div>\n<\/div>\n<\/div>\n<div class=\"vc_row wpb_row vc_row-fluid\">\n<div class=\"wpb_column vc_column_container vc_col-sm-12\">\n<div class=\"vc_column-inner\">\n<div class=\"wpb_wrapper\">\n<div class=\"vc_empty_space\"><\/div>\n<div class=\"wpb_text_column wpb_content_element\">\n<div class=\"wpb_wrapper\">\n<h4>Contacteaz\u0103-ne?<\/h4>\n<h5>Rezervare aventuri<\/h5>\n<p><em><strong>Localnicii<\/strong>\u00a0\u0219i\u00a0<strong>Na\u0163ionalii<\/strong>\u00a0Ghizi turistici \u0219i servicii pentru oaspe\u021bi<\/em><\/p>\n<p><span class=\"text-turquoise\">Rezervari:<\/span>\u00a0Tururi \u0219i excursii \u00een Dom. Reprezentant.<\/p>\n<p>\ud83d\udcde Tel \/ Whatsapp\u00a0\u00a0<a href=\"tel:+1-809-720-6035\">+1-809-720-6035<\/a>.<\/p>\n<p>\ud83d\udce9\u00a0<a href=\"mailto:info@bookingadventures.com.do\">info@bookingadventures.com.do<\/a><\/p>\n<p><strong>Suntem flexibili, stabilim tururi private prin Whatsapp:\u00a0<a href=\"tel:+18097206035\">+18097206035.<\/a><\/strong><\/p>\n<\/div>\n<\/div>\n<\/div>\n<\/div>\n<\/div>\n<\/div>\n\n\t\t<\/div>\n\t<\/div>\n<\/div><\/div><\/div><\/div>","protected":false},"excerpt":{"rendered":"<p>C\u0103l\u0103tori\u021bi cu un expert local \u0219i ob\u021bine\u021bi experien\u021ba unic\u0103 de ciclism pornind de la Sabana de la Mar, acest tur v\u0103 va duce \u00een jur pentru a vedea peisajul frumos al peisajului rural din Republica Dominican\u0103. Pe m\u0103sur\u0103 ce merge\u021bi cu bicicleta, ve\u021bi putea s\u0103 v\u0103 saluta\u021bi! fermierii care \u00ee\u0219i c\u0103l\u0103resc caii sau motocicleta p\u00e2n\u0103 la proprietatea lor \u0219i \u00een timpul turului, ve\u021bi putea ap\u0103rea \u00een aventura \u0219i cultura local\u0103 din Sabana de la Mar. Experien\u021b\u0103 unic\u0103 de Mountain Bike!<\/p>\n<p>&nbsp;<\/p>\n<p><strong>V\u0103 rug\u0103m s\u0103 selecta\u021bi data pentru turneu:<\/strong><\/p>","protected":false},"featured_media":12738,"template":"","meta":[],"product_cat":[870,946,928,838,930,254,255],"product_tag":[176,211,192,171,209,426,327,175,199,200],"class_list":["post-12429","product","type-product","status-publish","has-post-thumbnail","hentry","product_cat-private-boat-trip-los-haitises","product_cat-1-sabana-de-la-mar","product_cat-boat-trip-los-haitises","product_cat-mangroves-projects","product_cat-mountain-bike-los-haitises","product_cat-tours-excursions-los-haitises-national-park","product_cat-tours-excursions-samana-bay-dominican-republic","product_tag-cano-hondo","product_tag-cano-hondo-hotel","product_tag-day-tour-cano-hondo","product_tag-los-haitises","product_tag-los-haitises-national-park","product_tag-los-haitises-tours","product_tag-private-tours-samana","product_tag-sabana-de-la-mar","product_tag-samana-bay","product_tag-samana-excursions"],"_links":{"self":[{"href":"https:\/\/www.boattoursamana.com\/ro\/wp-json\/wp\/v2\/product\/12429","targetHints":{"allow":["GET"]}}],"collection":[{"href":"https:\/\/www.boattoursamana.com\/ro\/wp-json\/wp\/v2\/product"}],"about":[{"href":"https:\/\/www.boattoursamana.com\/ro\/wp-json\/wp\/v2\/types\/product"}],"wp:featuredmedia":[{"embeddable":true,"href":"https:\/\/www.boattoursamana.com\/ro\/wp-json\/wp\/v2\/media\/12738"}],"wp:attachment":[{"href":"https:\/\/www.boattoursamana.com\/ro\/wp-json\/wp\/v2\/media?parent=12429"}],"wp:term":[{"taxonomy":"product_cat","embeddable":true,"href":"https:\/\/www.boattoursamana.com\/ro\/wp-json\/wp\/v2\/product_cat?post=12429"},{"taxonomy":"product_tag","embeddable":true,"href":"https:\/\/www.boattoursamana.com\/ro\/wp-json\/wp\/v2\/product_tag?post=12429"}],"curies":[{"name":"wp","href":"https:\/\/api.w.org\/{rel}","templated":true}]}}