{"id":12436,"date":"2021-03-24T09:58:12","date_gmt":"2021-03-24T09:58:12","guid":{"rendered":"https:\/\/www.ticketswhales.com\/?post_type=product&#038;p=12436"},"modified":"2023-11-07T20:30:52","modified_gmt":"2023-11-07T20:30:52","slug":"saona-island-rentals-rent-a-private-boat","status":"publish","type":"product","link":"https:\/\/www.boattoursamana.com\/ro\/tur\/saona-insula-inchirieri-inchiriez-o-ambarcatiune-privata-2","title":{"rendered":"Saona Island Rentals \u2013 \u00cenchiriaz\u0103 o barc\u0103 privat\u0103"},"content":{"rendered":"<div class=\"vc_row wpb_row vc_row-fluid\" > <div class=\"wpb_column vc_column_container vc_col-sm-12\"><div class=\"vc_column-inner\"><div class=\"wpb_wrapper\"> \n\t<div class=\"wpb_text_column wpb_content_element\" >\n\t\t<div class=\"wpb_wrapper\">\n\t\t\t\n\t\t<\/div>\n\t<\/div>\n <\/div><\/div><\/div> <\/div> <div class=\"wpb_column vc_column_container vc_col-sm-12\"><div class=\"vc_column-inner\"><div class=\"wpb_wrapper\"> <div class=\"vc_btn3-container vc_btn3-inline\" ><button class=\"vc_general vc_btn3 vc_btn3-size-md vc_btn3-shape-rounded vc_btn3-style-modern vc_btn3-color-green\">REZERVA ACUM<\/button><\/div> <\/div><\/div><\/div> <div class=\"vc_tta-container\" data-vc-action=\"collapse\"><div class=\"vc_general vc_tta vc_tta-tabs vc_tta-color-grey vc_tta-style-classic vc_tta-shape-rounded vc_tta-spacing-1 vc_tta-tabs-position-top vc_tta-controls-align-left\"><div class=\"vc_tta-tabs-container\"><ul class=\"vc_tta-tabs-list\"><\/ul><\/div><div class=\"vc_tta-panels-container\"><div class=\"vc_tta-panels\"> <\/div><\/div><\/div><\/div> <div class=\"vc_tta-panel vc_active\" id=\"1616582286467-74629ea8-fd69\" data-vc-content=\".vc_tta-panel-body\"><div class=\"vc_tta-panel-heading\"><h4 class=\"vc_tta-panel-title\"><a href=\"#1616582286467-74629ea8-fd69\" data-vc-accordion data-vc-container=\".vc_tta-container\"><span class=\"vc_tta-title-text\">Descriere<\/span><\/a><\/h4><\/div><div class=\"vc_tta-panel-body\"> \n\t<div class=\"wpb_text_column wpb_content_element\" >\n\t\t<div class=\"wpb_wrapper\">\n\t\t\t<div class=\"custom-left\">\n<div class=\"row\">\n<div class=\"col-md-12 cust-clas\">\n<div class=\"product-header alignleft\">\n<p>INSULA SAONA \u2013 BARC\u0102 \u2013 \u00ceNCHIRIAT<\/p>\n<p>ZI \u00ceNTREAG\u0102 CHARTER PRIVAT LA INSULA SAONA<\/p>\n<p>DURATA FLEXIBIL\u0102 \u2013 DE LUNI P\u00c2N\u0102 DUMINIC\u0102<\/p>\n<\/div>\n<\/div>\n<\/div>\n<\/div>\n<div class=\"custom-left para-p\">\n<div class=\"info_content_label\">\n<p>&nbsp;<\/p>\n<p>&nbsp;<\/p>\n<p>&nbsp;<\/p>\n<p>&nbsp;<\/p>\n<p>Rent this fabulous boat throughout the day for up to 16 people to visit Saona Island.<\/p>\n<p><strong>INCLUSE<\/strong><\/p>\n<ul>\n<li>Echipaj (c\u0103pitan \u0219i c\u0103pitan adjunct)<\/li>\n<li>Combustibil<\/li>\n<li>R\u0103citor de ghea\u021b\u0103 cu ghea\u021b\u0103<\/li>\n<\/ul>\n<p>Food is available for an additional fee:<\/p>\n<p><strong>Detalii despre pr\u00e2nzul tradi\u021bional tip bufet, $15 USD p\/p:<\/strong><\/p>\n<p>-Green salad, Russian salad<\/p>\n<p>-Knight<\/p>\n<p>-Moro de Guandule (Dominican-style rice) with coconut<\/p>\n<p>-Pasta in tomato sauce-Cassava casseroles<\/p>\n<p>-Pe\u0219te \u0219i pui la gr\u0103tar (dorado) + op\u021bional sos de lapte de cocos<\/p>\n<p>n-Fructe proaspete-1 b\u0103utur\u0103 nealcoolic\u0103 (b\u0103utur\u0103 r\u0103coritoare sau ap\u0103)<br \/>\n-Cafeteria<\/p>\n<p><strong>Serviciu suplimentar de homar + bomboane de nuc\u0103 de cocos $19 USD (suplimentar).<\/strong><\/p>\n<\/div>\n<p><strong><label>Nu este inclus:<\/label><\/strong> B\u0103uturile \u0219i m\u00e2ncarea NU sunt incluse \u0219i pot fi aranjate contra cost.<\/p>\n<p>&nbsp;<\/p>\n<\/div>\n<p>If you need more information or have any questions, do not hesitate to contact us by Whatsapp: +1-809-720-6035 or live chat. We offer the best price online!<\/p>\n<p>&nbsp;<\/p>\n<h4><b><i>Politica de anulare<\/i><\/b><\/h4>\n<p>For a full refund, please read our cancellation policies <a href=\"https:\/\/www.boattoursamana.com\/ro\/rezervare-online\/\" target=\"_blank\" rel=\"noopener\" data-saferedirecturl=\"https:\/\/www.google.com\/url?q=https:\/\/www.boattoursamana.com\/online-booking\/&amp;source=gmail&amp;ust=1672449202351000&amp;usg=AOvVaw1yAeVAPktmaVCqDujgUn90\">Click aici<\/a>. Fondurile vor fi re\u021binute dac\u0103 rezervarea este anulat\u0103 \u00een aceea\u0219i zi a c\u0103l\u0103toriei. <\/p>\n\n\t\t<\/div>\n\t<\/div>\n <\/div><\/div> <div class=\"vc_tta-panel\" id=\"1616580432722-00be9baf-46e3\" data-vc-content=\".vc_tta-panel-body\"><div class=\"vc_tta-panel-heading\"><h4 class=\"vc_tta-panel-title\"><a href=\"#1616580432722-00be9baf-46e3\" data-vc-accordion data-vc-container=\".vc_tta-container\"><span class=\"vc_tta-title-text\">Preturi<\/span><\/a><\/h4><\/div><div class=\"vc_tta-panel-body\"> <\/div><\/div> <div class=\"mkdf-section-title-holder\" style=\"text-align: center\">\n\t<div class=\"mkdf-st-inner\">\n\t\t\t\t\t\t\t<h3 class=\"mkdf-st-title\" >\n\t\t\t\tPRE\u021aURI\t\t\t<\/h3>\n\t\t\t\t\t<\/div>\n<\/div> <div class=\"vc_empty_space\"   style=\"height: 32px\"><span class=\"vc_empty_space_inner\"><\/span><\/div> <div class=\"vc_row wpb_row vc_row-fluid\" > <div class=\"wpb_column vc_column_container vc_col-sm-12\"><div class=\"vc_column-inner\"><div class=\"wpb_wrapper\"> <div class=\"vc_btn3-container vc_btn3-inline\" ><button class=\"vc_general vc_btn3 vc_btn3-size-md vc_btn3-shape-rounded vc_btn3-style-modern vc_btn3-color-green\">REZERVA ACUM<\/button><\/div> <\/div><\/div><\/div> <\/div>","protected":false},"excerpt":{"rendered":"<p>Saona Island Boat Rentals &#8211; Rent a Private Boat, Yacht, Sailboat, Catamaran and Explore Saona Island. Saona Top Boat Tours &amp; Catamaran Excursions from Bayahibe Port in Dominican Republic &#8230; At the beginning it was a Boat Rental Company for local tourism.<\/p>\n<p><strong>Book your Private Boat:\u00a0<\/strong><\/p>","protected":false},"featured_media":11544,"template":"","meta":[],"product_cat":[871],"product_tag":[874,875,872,876,873],"class_list":["post-12436","product","type-product","status-publish","has-post-thumbnail","hentry","product_cat-rent-private-boat-saona-island","product_tag-saona-island-boat-rent","product_tag-saona-island-boat-rentals","product_tag-saona-island-boat-renting","product_tag-saona-island-private-boat","product_tag-saona-island-rentals"],"_links":{"self":[{"href":"https:\/\/www.boattoursamana.com\/ro\/wp-json\/wp\/v2\/product\/12436","targetHints":{"allow":["GET"]}}],"collection":[{"href":"https:\/\/www.boattoursamana.com\/ro\/wp-json\/wp\/v2\/product"}],"about":[{"href":"https:\/\/www.boattoursamana.com\/ro\/wp-json\/wp\/v2\/types\/product"}],"wp:featuredmedia":[{"embeddable":true,"href":"https:\/\/www.boattoursamana.com\/ro\/wp-json\/wp\/v2\/media\/11544"}],"wp:attachment":[{"href":"https:\/\/www.boattoursamana.com\/ro\/wp-json\/wp\/v2\/media?parent=12436"}],"wp:term":[{"taxonomy":"product_cat","embeddable":true,"href":"https:\/\/www.boattoursamana.com\/ro\/wp-json\/wp\/v2\/product_cat?post=12436"},{"taxonomy":"product_tag","embeddable":true,"href":"https:\/\/www.boattoursamana.com\/ro\/wp-json\/wp\/v2\/product_tag?post=12436"}],"curies":[{"name":"wp","href":"https:\/\/api.w.org\/{rel}","templated":true}]}}