{"id":12526,"date":"2021-05-25T10:10:26","date_gmt":"2021-05-25T10:10:26","guid":{"rendered":"https:\/\/www.ticketswhales.com\/?post_type=product&#038;p=12526"},"modified":"2023-11-07T19:30:26","modified_gmt":"2023-11-07T19:30:26","slug":"jarabacoa-buggy-baiguate-waterfall","status":"publish","type":"product","link":"https:\/\/www.boattoursamana.com\/ro\/tur\/jarabacoa-buggy-baiguate-cascada","title":{"rendered":"Buggy Jarabacoa cu Cascada Baiguate"},"content":{"rendered":"<div class=\"vc_row wpb_row vc_row-fluid\" ><div class=\"wpb_column vc_column_container vc_col-sm-12\"><div class=\"vc_column-inner\"><div class=\"wpb_wrapper\">\n\t<div class=\"wpb_text_column wpb_content_element\" >\n\t\t<div class=\"wpb_wrapper\">\n\t\t\t<p>Jarabacoa cu cascadele Jimenoa \u0219i BaiguateBuggy<\/p>\n\n\t\t<\/div>\n\t<\/div>\n<div class=\"vc_btn3-container vc_btn3-inline\" ><button class=\"vc_general vc_btn3 vc_btn3-size-md vc_btn3-shape-rounded vc_btn3-style-modern vc_btn3-color-green\">REZERVA ACUM<\/button><\/div><\/div><\/div><\/div><\/div><div class=\"vc_row wpb_row vc_row-fluid\" ><div class=\"wpb_column vc_column_container vc_col-sm-12\"><div class=\"vc_column-inner\"><div class=\"wpb_wrapper\">\n\t<div class=\"wpb_text_column wpb_content_element\" >\n\t\t<div class=\"wpb_wrapper\">\n\t\t\t<h3 class=\"ui_header h1 attractions-product-info-ProductTitle__title--1qM0o\">Jarabacoa Buggy \u0219i Cascada Baiguate<\/h3>\n<h4><b><i>Prezentare general\u0103 <\/i><\/b><\/h4>\n<p><span style=\"font-weight: 400;\">Al\u0103tura\u021bi-v\u0103 nou\u0103 \u0219i c\u0103l\u0103tori\u021bi cu un expert local din Jarabacoa \u0219i ob\u021bine\u021bi experien\u021ba unic\u0103 de a vizita cele mai bune locuri din capitala ecoturismului pornind de la Jarabacoa, acest tur v\u0103 va duce \u00een jur, v\u0103z\u00e2nd peisajul frumos al celei mai mari ferme montane din Republica Dominican\u0103. Pe m\u0103sur\u0103 ce conduce\u021bi spre diferite loca\u021bii, ve\u021bi sim\u021bi aerul de munte \u0219i v\u0103 ve\u021bi bucura de frumuse\u021bea peisajului rural.\u00a0<\/span><\/p>\n<p><span style=\"font-weight: 400;\">Putem ajunge \u00een diferite loca\u021bii pentru acest tur. Ve\u021bi avea op\u021biuni: Ciclism, C\u0103l\u0103rie, Safari, Patru Ro\u021bi sau Buggy. Cump\u0103r\u0103-\u021bi biletul online acum \u0219i hai s\u0103 ne distr\u0103m \u00eenv\u0103\u021b\u00e2nd despre cultura Jarabacoa \u0219i Republica Dominican\u0103 \u00een timp ce c\u0103l\u0103tore\u0219ti \u00een cele mai bune loca\u021bii ale ora\u0219ului.<\/span><\/p>\n<p><span style=\"font-weight: 400;\">Jarabacoa este ora\u0219ul ve\u0219nicei vacan\u021be de prim\u0103var\u0103 din cauza vremii \u0219i al doilea ca importan\u021b\u0103 municipalitate din provincia la Vega. Conform istoriei, Jarabacoa \u00eenseamn\u0103 \u201eloc de mult\u0103 ap\u0103\u201d, La 27 septembrie 1858, Jarabacoa \u0219i-a \u00eenceput via\u021ba de municipiu, categorie ob\u021binut\u0103 \u00een urma unei cariere venite de la \u00eenceputul secolului al XIX-lea. C\u0103l\u0103tore\u0219te cu noi \u0219i afl\u0103 mai multe despre mun\u021bi, natur\u0103, cultur\u0103 \u0219i oameni din regiunea de nord a Republicii Dominicane.\u00a0<\/span><\/p>\n<ul>\n<li style=\"font-weight: 400;\">Taxe incluse<\/li>\n<li>Masa de pranz<\/li>\n<li>Gust\u0103ri<\/li>\n<li style=\"font-weight: 400;\">Ghid turistic local \u00een englez\u0103<\/li>\n<\/ul>\n<h4><b>Incluziuni \u0219i excluderi<\/b><\/h4>\n<p><b>Incluziuni<\/b><\/p>\n<ol>\n<li>Masa de pranz<\/li>\n<li style=\"font-weight: 400;\"><span style=\"font-weight: 400;\">Toate taxele, taxele \u0219i taxele de manipulare<\/span><\/li>\n<li style=\"font-weight: 400;\"><span style=\"font-weight: 400;\">Taxe locale<\/span><\/li>\n<li style=\"font-weight: 400;\"><span style=\"font-weight: 400;\">B\u0103uturi<\/span><\/li>\n<li>Gust\u0103ri<\/li>\n<li style=\"font-weight: 400;\"><span style=\"font-weight: 400;\">Toate activit\u0103\u021bile<\/span><\/li>\n<li style=\"font-weight: 400;\"><span style=\"font-weight: 400;\">Ghid local<\/span><\/li>\n<\/ol>\n<p><b> Excluderile<\/b><\/p>\n<ol>\n<li style=\"font-weight: 400;\"><span style=\"font-weight: 400;\">Gratuitatii<\/span><\/li>\n<li>transport (Setat prin contactarea noastr\u0103)<\/li>\n<li style=\"font-weight: 400;\"><span style=\"font-weight: 400;\">Bauturi alcoolice<\/span><\/li>\n<\/ol>\n<h4><em><strong>Plecare \u0219i \u00eentoarcere<\/strong><\/em><\/h4>\n<p><span style=\"font-weight: 400;\">C\u0103l\u0103torul va primi un punct de \u00eent\u00e2lnire dup\u0103 Procesul de Rezervare. Tururile \u00eencep \u0219i se termin\u0103 la punctele dvs. de \u00eent\u00e2lnire.<\/span><\/p>\n<h3 class=\"ui_header h1 attractions-product-info-ProductTitle__title--1qM0o\">C\u0103rucior Jarabacoa \u0219i Cascada Baiguate<\/h3>\n<h4><b><i>La ce s\u0103 te a\u0219tep\u021bi?<\/i><\/b><\/h4>\n<p><span style=\"font-weight: 400;\">Ia-\u021bi biletul pentru Cascada Baiguate din ora\u0219ul Jarabacoa cu Buggy.\u00a0<\/span><\/p>\n<p><span style=\"font-weight: 400;\">C\u00e2nd vorbim despre buggy, vorbim despre un vehicul de teren care ofer\u0103 siguran\u021b\u0103 \u0219i u\u0219urin\u021b\u0103 \u00een manevrare, permi\u021b\u00e2nd \u00een acela\u0219i timp utilizatorului un contact mai mare cu terenul \u0219i natura care \u00eel \u00eenconjoar\u0103 \u00een timpul conducerii. Simte briza, soarele, ploaia, vezi peisajul alaturi de tine intr-un dispozitiv confortabil si sigur conceput pentru a te bucura de pista forestiera si off-road.<\/span><\/p>\n<p><span style=\"font-weight: 400;\">Aceast\u0103 excursie \u00eencepe de la un punct de \u00eent\u00e2lnire pe care trebuie s\u0103-l confirma\u021bi cu agen\u021bii no\u0219tri de turism sau cu Ghidul dvs. \u00eenainte de a v\u0103 \u00eendrepta c\u0103tre orice loca\u021bie. Odat\u0103 ce v\u0103 \u00eent\u00e2lni\u021bi ghidul, ve\u021bi avea un debrief al turului \u0219i a tot ceea ce este legat de ziua dvs.<\/span><\/p>\n<p><span style=\"font-weight: 400;\">C\u00e2nd toat\u0103 lumea va fi gata, vom \u00eencepe c\u0103l\u0103toria c\u0103tre unele zone rurale din ora\u0219ul Jarabacoa, \u00een timp ce v\u0103 conduce\u021bi cu buggy, drumurile accidentate \u0219i aerul de munte din zona rural\u0103 din centrul nordului \u021b\u0103rii v\u0103 vor ar\u0103ta frumuse\u021bea \u0219i natura prin aceast\u0103 aventur\u0103.<\/span><\/p>\n<p><span style=\"font-weight: 400;\">Unele dintre loca\u021biile pe care le ve\u021bi vizita \u00een timpul acestei c\u0103l\u0103torii sunt La Confluencia, unde se \u00eent\u00e2lnesc r\u00e2ul Jimenoa \u0219i Yaque Del Norte, Cieneguita \u0219i Monte Arriba.\u00a0<\/span><\/p>\n<p><span style=\"font-weight: 400;\">Dup\u0103 o c\u0103l\u0103torie de aproximativ 30 de kilometri, ne vom \u00eendrepta spre Cascada Baiguate pentru o drume\u021bie de 10 minute \u0219i \u00eenot \u00een piscine naturale.\u00a0<\/span><\/p>\n<p><span style=\"font-weight: 400;\">\u00cen aceast\u0103 parte a c\u0103l\u0103toriei dumneavoastr\u0103, ve\u021bi putea merge la \u00eenot timp de aproximativ 1 or\u0103 \u0219i ve\u021bi face o pauz\u0103 pentru a \u00eencerca c\u00e2teva fructe proaspete culese de pe p\u0103m\u00e2ntul fermierului Jarabacoa \u00een fiecare zi. Baiguate are o c\u0103dere de 82 de picioare \u00een\u0103l\u021bime \u0219i este locul perfect pentru a v\u0103 relaxa pu\u021bin \u00eenainte de a v\u0103 \u00eentoarce \u00een ora\u0219.\u00a0\u00a0<\/span><\/p>\n<p><span style=\"font-weight: 400;\">\u00cen aceast\u0103 parte a c\u0103l\u0103toriei dumneavoastr\u0103, ve\u021bi putea merge la \u00eenot timp de aproximativ 1 or\u0103 \u0219i ve\u021bi face o pauz\u0103 pentru a \u00eencerca c\u00e2teva fructe proaspete culese de pe p\u0103m\u00e2ntul fermierului Jarabacoa \u00een fiecare zi. Baiguate are o c\u0103dere de 82 de picioare \u00een\u0103l\u021bime \u0219i este locul perfect pentru a v\u0103 relaxa pu\u021bin \u00eenainte de a v\u0103 \u00eentoarce \u00een ora\u0219.\u00a0\u00a0<\/span><\/p>\n<p><span style=\"font-weight: 400;\">Mai t\u00e2rziu, dup\u0103 Cascada Baiguate, ne vom \u00eendrepta c\u0103tre Ivon&#039;s pentru a \u00eencerca cea mai bun\u0103 arom\u0103 de \u00eenghe\u021bat\u0103 local\u0103, f\u0103cut\u0103 \u00een cas\u0103 de un expert local, \u0219i ne vom plimba p\u00e2n\u0103 la Duarte Central Park pentru ultima parte a c\u0103l\u0103toriei, acesta este un tur de 6 ore care v\u0103 ofer\u0103 posibilitatea de a supravegheaz\u0103 Jarabacoa, aceast\u0103 excursie se termin\u0103 \u00een acela\u0219i loc \u00een care a \u00eenceput.<\/span><\/p>\n<p><span style=\"font-weight: 400;\">Not\u0103: Aceste excursii sunt efectuate cu ghizi turistici ecologisti oficiali. V\u0103 rug\u0103m s\u0103 Rezerva\u021bi cu timp pentru c\u0103 \u00een parc nu sunt prea mul\u021bi speciali\u0219ti.<\/span><\/p>\n<h4><em><strong>Ce ar trebui s\u0103 aduci?<\/strong><\/em><\/h4>\n<ul>\n<li style=\"font-weight: 400;\"><span style=\"font-weight: 400;\">aparat foto<\/span><\/li>\n<li style=\"font-weight: 400;\"><span style=\"font-weight: 400;\">Muguri repelent<\/span><\/li>\n<li style=\"font-weight: 400;\"><span style=\"font-weight: 400;\">Lotiune de plaja<\/span><\/li>\n<li style=\"font-weight: 400;\"><span style=\"font-weight: 400;\">P\u0103l\u0103rie<\/span><\/li>\n<li style=\"font-weight: 400;\"><span style=\"font-weight: 400;\">Pantaloni comozi<\/span><\/li>\n<li style=\"font-weight: 400;\"><span style=\"font-weight: 400;\">Pantofi de drume\u021bie pentru p\u0103dure<\/span><\/li>\n<li style=\"font-weight: 400;\"><span style=\"font-weight: 400;\">Sandale \u00een zonele de prim\u0103var\u0103.<\/span><\/li>\n<li style=\"font-weight: 400;\"><span style=\"font-weight: 400;\">\u00cembr\u0103c\u0103minte de \u00eenot<\/span><\/li>\n<\/ul>\n<h4><b><i>Preluare la hotel <\/i><\/b><\/h4>\n<p><span style=\"font-weight: 400;\">Preluarea la hotel nu este oferit\u0103 pentru acest tur. Am configurat Pick up contact\u00e2ndu-ne prin Whatsapp.<\/span><\/p>\n<p><b>Not\u0103:<\/b><span style=\"font-weight: 400;\"> Dac\u0103 rezerva\u021bi \u00een termen de 24 de ore de la ora de plecare a turului\/excursiei, putem aranja preluarea de la hotel cu taxe suplimentare. Odat\u0103 ce achizi\u021bia dvs. este finalizat\u0103, v\u0103 vom trimite informa\u021bii complete de contact (num\u0103r de telefon, adres\u0103 de e-mail etc.) pentru ghidul nostru local pentru a organiza aranjamentele de ridicare.<\/span><\/p>\n<h4><b><i>Confirmare informa\u021bii suplimentare <\/i><\/b><\/h4>\n<ol>\n<li>Biletele sunt Chitan\u021ba dup\u0103 plata acestui Tur. Pute\u021bi afi\u0219a plata pe telefon.<\/li>\n<li style=\"font-weight: 400;\"><span style=\"font-weight: 400;\">Punctul de \u00eent\u00e2lnire va fi primit dup\u0103 procesul de rezervare.<\/span><\/li>\n<li style=\"font-weight: 400;\"><span style=\"font-weight: 400;\">Copiii trebuie s\u0103 fie \u00eenso\u021bi\u021bi de un adult.<\/span><\/li>\n<li style=\"font-weight: 400;\"><span style=\"font-weight: 400;\"> Nu este accesibil cu scaunul cu rotile <\/span><\/li>\n<li style=\"font-weight: 400;\"><span style=\"font-weight: 400;\">Bebelu\u0219ii trebuie s\u0103 stea pe poale <\/span><\/li>\n<li style=\"font-weight: 400;\"><span style=\"font-weight: 400;\">Nu este recomandat c\u0103l\u0103torilor cu probleme de spate<\/span><\/li>\n<li style=\"font-weight: 400;\"><span style=\"font-weight: 400;\">Nu este recomandat c\u0103l\u0103torilor \u00eens\u0103rcinate <\/span><\/li>\n<li style=\"font-weight: 400;\"><span style=\"font-weight: 400;\"> F\u0103r\u0103 probleme cardiace sau alte afec\u021biuni medicale grave <\/span><\/li>\n<li style=\"font-weight: 400;\"><span style=\"font-weight: 400;\">Majoritatea c\u0103l\u0103torilor pot participa<\/span><\/li>\n<\/ol>\n<h4><b><i>Politica de anulare<\/i><\/b><\/h4>\n<p>Pentru o rambursare complet\u0103, v\u0103 rug\u0103m s\u0103 citi\u021bi politicile noastre de anulare\u00a0<a href=\"https:\/\/www.boattoursamana.com\/ro\/rezervare-online\/\" target=\"_blank\" rel=\"noopener\" data-saferedirecturl=\"https:\/\/www.google.com\/url?q=https:\/\/www.boattoursamana.com\/online-booking\/&amp;source=gmail&amp;ust=1672449202351000&amp;usg=AOvVaw1yAeVAPktmaVCqDujgUn90\">Click aici<\/a>. Fondurile se vor pierde dac\u0103 rezervarea este anulat\u0103 \u00een aceea\u0219i zi a c\u0103l\u0103toriei.<\/p>\n\n\t\t<\/div>\n\t<\/div>\n<div class=\"vc_btn3-container vc_btn3-inline\" ><button class=\"vc_general vc_btn3 vc_btn3-size-md vc_btn3-shape-rounded vc_btn3-style-modern vc_btn3-color-green\">REZERVA ACUM<\/button><\/div><\/div><\/div><\/div><\/div><div class=\"vc_row wpb_row vc_row-fluid\" ><div class=\"wpb_column vc_column_container vc_col-sm-12\"><div class=\"vc_column-inner\"><div class=\"wpb_wrapper\">\n\t<div class=\"wpb_video_widget wpb_content_element vc_clearfix   vc_video-aspect-ratio-169 vc_video-el-width-100 vc_video-align-left\" >\n\t\t<div class=\"wpb_wrapper\">\n\t\t\t<h2 class=\"wpb_heading wpb_video_heading\">Videoclipul ora\u0219ului Jarabacoa:<\/h2>\n\t\t\t<div class=\"wpb_video_wrapper\"><iframe loading=\"lazy\" title=\"Jarabacoa, Turismo entre rios y monta\u00f1a\" width=\"1100\" height=\"619\" src=\"https:\/\/www.youtube.com\/embed\/FRHfK4RS39A?feature=oembed\" frameborder=\"0\" allow=\"accelerometer; autoplay; clipboard-write; encrypted-media; gyroscope; picture-in-picture\" allowfullscreen><\/iframe><\/div>\n\t\t<\/div>\n\t<\/div>\n<\/div><\/div><\/div><\/div><div class=\"vc_row wpb_row vc_row-fluid\" ><\/div><div class=\"wpb_column vc_column_container vc_col-sm-12\"><div class=\"vc_column-inner\"><div class=\"wpb_wrapper\"><\/div><\/div><\/div><div class=\"vc_empty_space\"   style=\"height: 32px\"><span class=\"vc_empty_space_inner\"><\/span><\/div><div class=\"vc_empty_space\"   style=\"height: 32px\"><span class=\"vc_empty_space_inner\"><\/span><\/div><div class=\"vc_row wpb_row vc_row-fluid\" ><div class=\"wpb_column vc_column_container vc_col-sm-12\"><div class=\"vc_column-inner\"><div class=\"wpb_wrapper\"><div class=\"vc_btn3-container vc_btn3-inline\" ><button class=\"vc_general vc_btn3 vc_btn3-size-md vc_btn3-shape-rounded vc_btn3-style-modern vc_btn3-color-green\">REZERVA ACUM<\/button><\/div><\/div><\/div><\/div><\/div>","protected":false},"excerpt":{"rendered":"<p>Al\u0103tura\u021bi-v\u0103 nou\u0103 \u0219i c\u0103l\u0103tori\u021bi cu un expert local din Jarabacoa \u0219i ob\u021bine\u021bi experien\u021ba unic\u0103 de a vizita cele mai bune locuri din capitala ecoturismului \u00eencep\u00e2nd de la Jarabacoa, acest tur v\u0103 va duce s\u0103 cunoa\u0219te\u021bi peisajul frumos al celei mai mari ferme montane din Republica Dominican\u0103. Pe m\u0103sur\u0103 ce conduce\u021bi prin diferite locuri, v\u0103 ve\u021bi sim\u021bi aerul de munte \u0219i v\u0103 ve\u021bi bucura de frumuse\u021bea peisajului rural.<\/p>\n<p><em><strong>Selecta\u021bi data turului:\u00a0<\/strong><\/em><\/p>","protected":false},"featured_media":12529,"template":"","meta":[],"product_cat":[946,159,889,253],"product_tag":[895,892,891,890,896,894,893],"class_list":["post-12526","product","type-product","status-publish","has-post-thumbnail","hentry","product_cat-1-sabana-de-la-mar","product_cat-fees-entrace","product_cat-jarabacoa-buggy","product_cat-tours-and-excursions","product_tag-baiguate-waterfall","product_tag-jarabacoa-buggies","product_tag-jarabacoa-buggy","product_tag-jarabacoa-tour","product_tag-jimenoa-waterfall","product_tag-salto-baiguate","product_tag-salto-jimenoa"],"_links":{"self":[{"href":"https:\/\/www.boattoursamana.com\/ro\/wp-json\/wp\/v2\/product\/12526","targetHints":{"allow":["GET"]}}],"collection":[{"href":"https:\/\/www.boattoursamana.com\/ro\/wp-json\/wp\/v2\/product"}],"about":[{"href":"https:\/\/www.boattoursamana.com\/ro\/wp-json\/wp\/v2\/types\/product"}],"wp:featuredmedia":[{"embeddable":true,"href":"https:\/\/www.boattoursamana.com\/ro\/wp-json\/wp\/v2\/media\/12529"}],"wp:attachment":[{"href":"https:\/\/www.boattoursamana.com\/ro\/wp-json\/wp\/v2\/media?parent=12526"}],"wp:term":[{"taxonomy":"product_cat","embeddable":true,"href":"https:\/\/www.boattoursamana.com\/ro\/wp-json\/wp\/v2\/product_cat?post=12526"},{"taxonomy":"product_tag","embeddable":true,"href":"https:\/\/www.boattoursamana.com\/ro\/wp-json\/wp\/v2\/product_tag?post=12526"}],"curies":[{"name":"wp","href":"https:\/\/api.w.org\/{rel}","templated":true}]}}