{"id":12652,"date":"2021-08-02T05:55:11","date_gmt":"2021-08-02T05:55:11","guid":{"rendered":"https:\/\/www.ticketswhales.com\/?post_type=product&#038;p=12652"},"modified":"2023-11-06T14:24:06","modified_gmt":"2023-11-06T14:24:06","slug":"el-limon-waterfalls-tour-private-from-las-galeras-horse-riding-lunch-swimming","status":"publish","type":"product","link":"https:\/\/www.boattoursamana.com\/ro\/tur\/el-limon-waterfalls-tour-private-din-las-galeras-calarie-pranz-inot","title":{"rendered":"Las Galeras: Tur privat la cascadele El Lim\u00f3n (c\u0103l\u0103rie, pr\u00e2nz \u0219i \u00eenot)"},"content":{"rendered":"<div class=\"vc_row wpb_row vc_row-fluid\" ><div class=\"wpb_column vc_column_container vc_col-sm-12\"><div class=\"vc_column-inner\"><div class=\"wpb_wrapper\"><div class=\"vc_btn3-container vc_btn3-inline\" ><a class=\"vc_general vc_btn3 vc_btn3-size-md vc_btn3-shape-rounded vc_btn3-style-modern vc_btn3-color-green\" href=\"https:\/\/bookingadventures.tours\/booking.php?tour_id=bb6af51ba5f35561b927993a771999a0\" title=\"\" rel=\"noopener\">REZERVA ACUM<\/a><\/div>\n\t<div class=\"wpb_text_column wpb_content_element\" >\n\t\t<div class=\"wpb_wrapper\">\n\t\t\t<div class=\"vc_row wpb_row vc_row-fluid\">\n<div class=\"wpb_column vc_column_container vc_col-sm-12\">\n<div class=\"vc_column-inner\">\n<div class=\"wpb_wrapper\">\n<div class=\"mkdf-section-title-holder\">\n<div class=\"mkdf-st-inner\">\n<h5 class=\"mkdf-st-subtitle\">(c\u0103l\u0103rie, pr\u00e2nz \u0219i \u00eenot)<\/h5>\n<h2 class=\"mkdf-st-title\">Tur privat la cascadele El Limon din Las Galeras<\/h2>\n<\/div>\n<\/div>\n<\/div>\n<\/div>\n<\/div>\n<\/div>\n<div class=\"vc_row wpb_row vc_row-fluid\"><\/div>\n<h4><a id=\"overview\" class=\"aal_anchor\" href=\"https:\/\/bookingadventures.com.do\/dominicantour\/el-limon-waterfalls-tour-private-from-las-galeras-horse-riding-lunch-swimming\/#overview\" aria-hidden=\"true\" rel=\"noopener\"><\/a><b><i>Prezentare general\u0103<\/i><\/b><\/h4>\n<p>Acesta este un tur privat c\u0103tre\u00a0<strong>Cascada El Lim\u00f3n<\/strong>\u00a0cu C\u0103l\u0103rie pe cai sau Drume\u021bii. Vizitarea p\u0103durii de cacao \u0219i cafea sub Coconuts Palms Canopy. C\u00e2nd ajunge\u021bi la Cascade, ave\u021bi voie s\u0103 \u00eenota\u021bi \u0219i s\u0103 seta\u021bi ora cu Ghidul Local. Dup\u0103 ce savurat un pr\u00e2nz tipic \u00een comunitatea El Lim\u00f3n.<\/p>\n<p>\u00cenva\u021b\u0103 cu localnicii \u0219i ob\u021bine o c\u0103l\u0103torie sigur\u0103. Ob\u021bine\u021bi biletele \u00een ofert\u0103 ast\u0103zi.<\/p>\n<ul>\n<li>Include masa de pr\u00e2nz<\/li>\n<li>C\u0103l\u0103rie sau drume\u021bii<\/li>\n<li>Ghidul ofer\u0103 instruc\u021biuni \u0219i supraveghere<\/li>\n<li>Taxe la Parcul Na\u021bional<\/li>\n<\/ul>\n<p>&nbsp;<\/p>\n<h4><a id=\"inclusions-exclusions\" class=\"aal_anchor\" href=\"https:\/\/bookingadventures.com.do\/dominicantour\/el-limon-waterfalls-tour-private-from-las-galeras-horse-riding-lunch-swimming\/#inclusions-exclusions\" aria-hidden=\"true\" rel=\"noopener\"><\/a><b>Incluziuni \u0219i excluderi<\/b><\/h4>\n<p>&nbsp;<\/p>\n<p><b>Incluziuni<\/b><\/p>\n<ol>\n<li>Pr\u00e2nz tip bufet \u00een El Lim\u00f3n<\/li>\n<li>Tur de drume\u021bii sau c\u0103l\u0103rie<\/li>\n<li>Toate taxele, taxele \u0219i taxele de manipulare<\/li>\n<li>Taxe locale<\/li>\n<li>B\u0103uturi<\/li>\n<li>Toate activit\u0103\u021bile<\/li>\n<li>Ghid local<\/li>\n<\/ol>\n<p><b>Excluderile<\/b><\/p>\n<ol>\n<li>Gratuitatii<\/li>\n<li>Transfer<\/li>\n<li>Bauturi alcoolice<\/li>\n<li>M\u00e2ncare pe plaj\u0103<\/li>\n<\/ol>\n<p>&nbsp;<\/p>\n<h4><a id=\"departure-return\" class=\"aal_anchor\" href=\"https:\/\/bookingadventures.com.do\/dominicantour\/el-limon-waterfalls-tour-private-from-las-galeras-horse-riding-lunch-swimming\/#departure-return\" aria-hidden=\"true\" rel=\"noopener\"><\/a><em><strong>Plecare \u0219i \u00eentoarcere<\/strong><\/em><\/h4>\n<p>C\u0103l\u0103torul va primi un punct de \u00eent\u00e2lnire dup\u0103 Procesul de Rezervare. Tururile \u00eencep \u0219i se termin\u0103 \u00een punctele noastre de \u00eent\u00e2lnire.<\/p>\n<p>&nbsp;<\/p>\n<h4><a id=\"what-to-expect\" class=\"aal_anchor\" href=\"https:\/\/bookingadventures.com.do\/dominicantour\/el-limon-waterfalls-tour-private-from-las-galeras-horse-riding-lunch-swimming\/#what-to-expect\" aria-hidden=\"true\" rel=\"noopener\"><\/a><b><i>La ce s\u0103 te a\u0219tep\u021bi?<\/i><\/b><\/h4>\n<p>&nbsp;<\/p>\n<p><em><strong>Ia-\u021bi biletele<\/strong><\/em>\u00a0pentru vizitarea Cascadelor El Lim\u00f3n din Saman\u00e1 plus un pr\u00e2nz minunat \u00een restaurantul El Lim\u00f3n.<\/p>\n<p>Turul, organizat de \u201eBooking Adventures\u201d, \u00eencepe la punctul de \u00eent\u00e2lnire stabilit cu Ghidul Turistic.<\/p>\n<p>Cele mai bune excursii private la cascadele El Limon cu un ghid local. Rezerva\u021bi o excursie de c\u0103l\u0103rie prin p\u0103dure, ocolind marginea r\u00e2ului Lim\u00f3n, vizit\u00e2nd planta\u021biile de cacao \u0219i cafea sub palmierii din umbra de nuci de cocos.<\/p>\n<p>Mai \u00eent\u00e2i, opri\u021bi-v\u0103 \u00een Cascada Mic\u0103 unde de obicei nu sunt mul\u021bi oameni \u0219i pute\u021bi \u00eenota. Dupa ce continuam spre cascada mare unde vom sta o ora sau mai mult daca doriti.<\/p>\n<p>Aducerea cailor \u00eenapoi la restaurant unde ne vom bucura de un pr\u00e2nz tipic pe plaj\u0103. Pe\u0219te frite cu Tostones \u0219i Salat\u0103 sau pute\u021bi ob\u021bine alte op\u021biuni \u00een meniu cu taxe suplimentare.<\/p>\n<p>Pr\u00e2nz la Restaurantul din comunitatea El Lim\u00f3n \u0219i po\u021bi sta at\u00e2ta timp c\u00e2t vrei s\u0103 \u00eeno\u021bi. Dac\u0103 sunte\u021bi vegan, v\u0103 putem preg\u0103ti \u0219i m\u00e2ncare.<\/p>\n<p>&nbsp;<\/p>\n<h4><a id=\"what-you-should-bring\" class=\"aal_anchor\" href=\"https:\/\/bookingadventures.com.do\/dominicantour\/el-limon-waterfalls-tour-private-from-las-galeras-horse-riding-lunch-swimming\/#what-you-should-bring\" aria-hidden=\"true\" rel=\"noopener\"><\/a><em><strong>Ce ar trebui s\u0103 aduci?<\/strong><\/em><\/h4>\n<ul>\n<li>aparat foto<\/li>\n<li>Muguri repelent<\/li>\n<li>lotiune de plaja<\/li>\n<li>P\u0103l\u0103rie<\/li>\n<li>Pantaloni comozi<\/li>\n<li>Pantofi de drume\u021bie pentru p\u0103dure<\/li>\n<li>\u00cembr\u0103c\u0103minte de \u00eenot<\/li>\n<\/ul>\n<p>&nbsp;<\/p>\n<h4><a id=\"hotel-pickup\" class=\"aal_anchor\" href=\"https:\/\/bookingadventures.com.do\/dominicantour\/el-limon-waterfalls-tour-private-from-las-galeras-horse-riding-lunch-swimming\/#hotel-pickup\" aria-hidden=\"true\" rel=\"noopener\"><\/a><b><i>Preluare la hotel<\/i><\/b><\/h4>\n<p>Preluarea la hotel nu este oferit\u0103 pentru acest tur.<\/p>\n<p>&nbsp;<\/p>\n<p><b>Not\u0103:<\/b>\u00a0dac\u0103 rezerva\u021bi \u00een 24 de ore de la ora plec\u0103rii turului\/excursiei, putem aranja preluarea de la hotel cu taxe suplimentare. Odat\u0103 ce achizi\u021bia dvs. este finalizat\u0103, v\u0103 vom trimite informa\u021bii complete de contact (num\u0103r de telefon, adres\u0103 de e-mail etc.) pentru ghidul nostru local pentru a organiza aranjamentele de ridicare.<\/p>\n<h4><a id=\"additional-info-confirmation\" class=\"aal_anchor\" href=\"https:\/\/bookingadventures.com.do\/dominicantour\/el-limon-waterfalls-tour-private-from-las-galeras-horse-riding-lunch-swimming\/#additional-info-confirmation\" aria-hidden=\"true\" rel=\"noopener\"><\/a><b><i>Confirmare informa\u021bii suplimentare<\/i><\/b><\/h4>\n<ol>\n<li>Biletele sunt Chitan\u021ba dup\u0103 plata acestui Tur. Pute\u021bi afi\u0219a plata pe telefon.<\/li>\n<li>Punctul de \u00eent\u00e2lnire va fi primit dup\u0103 procesul de rezervare.<\/li>\n<li>Copiii trebuie s\u0103 fie \u00eenso\u021bi\u021bi de un adult.<\/li>\n<li>Nu este accesibil cu scaunul cu rotile<\/li>\n<li>Bebelu\u0219ii trebuie s\u0103 stea pe poale<\/li>\n<li>Nu este recomandat c\u0103l\u0103torilor cu probleme de spate<\/li>\n<li>Nu este recomandat c\u0103l\u0103torilor \u00eens\u0103rcinate<\/li>\n<li>F\u0103r\u0103 probleme cardiace sau alte afec\u021biuni medicale grave<\/li>\n<li>Majoritatea c\u0103l\u0103torilor pot participa<\/li>\n<\/ol>\n\n\t\t<\/div>\n\t<\/div>\n<\/div><\/div><\/div><\/div><div class=\"wpb_column vc_column_container vc_col-sm-12\"><div class=\"vc_column-inner\"><div class=\"wpb_wrapper\"><\/div><\/div><\/div><div class=\"wpb_column vc_column_container vc_col-sm-12\"><div class=\"vc_column-inner\"><div class=\"wpb_wrapper\"><\/div><\/div><\/div>","protected":false},"excerpt":{"rendered":"<p>Vizitarea cascadelor de la Samana \u00eentr-un transfer privat de la Las Galeras. Dupa sosire la punctul de intalnire pentru echitatie pana in zona cascadei. Excursia la cascadele El Limon va dura aproximativ 3 ore.<\/p>\n<p><strong><span style=\"vertical-align: inherit;\"><span style=\"vertical-align: inherit;\"><span style=\"vertical-align: inherit;\"><span style=\"vertical-align: inherit;\">Selecta\u021bi data pentru tur\u00a0<\/span><\/span><\/span><\/span><\/strong><\/p>","protected":false},"featured_media":12594,"template":"","meta":[],"product_cat":[255,655,961,958,159,178,189,160,190,253,254],"product_tag":[183,185,902,202,201,903,186,187],"class_list":["post-12652","product","type-product","status-publish","has-post-thumbnail","hentry","product_cat-tours-excursions-samana-bay-dominican-republic","product_cat-1-samana","product_cat-el-limon-horseback-riding","product_cat-el-limon-las-galeras","product_cat-fees-entrace","product_cat-hiking","product_cat-horse-riding-to-waterfalls","product_cat-lunch","product_cat-safari-samana","product_cat-tours-and-excursions","product_cat-tours-excursions-los-haitises-national-park","product_tag-beach-time","product_tag-el-limon-waterfalls","product_tag-el-limon-waterfalls-tour-private-from-las-galeras-horse-riding","product_tag-hiking-el-limon","product_tag-horses-el-limon","product_tag-lunch-swimming","product_tag-samana","product_tag-samana-tours"],"_links":{"self":[{"href":"https:\/\/www.boattoursamana.com\/ro\/wp-json\/wp\/v2\/product\/12652","targetHints":{"allow":["GET"]}}],"collection":[{"href":"https:\/\/www.boattoursamana.com\/ro\/wp-json\/wp\/v2\/product"}],"about":[{"href":"https:\/\/www.boattoursamana.com\/ro\/wp-json\/wp\/v2\/types\/product"}],"wp:featuredmedia":[{"embeddable":true,"href":"https:\/\/www.boattoursamana.com\/ro\/wp-json\/wp\/v2\/media\/12594"}],"wp:attachment":[{"href":"https:\/\/www.boattoursamana.com\/ro\/wp-json\/wp\/v2\/media?parent=12652"}],"wp:term":[{"taxonomy":"product_cat","embeddable":true,"href":"https:\/\/www.boattoursamana.com\/ro\/wp-json\/wp\/v2\/product_cat?post=12652"},{"taxonomy":"product_tag","embeddable":true,"href":"https:\/\/www.boattoursamana.com\/ro\/wp-json\/wp\/v2\/product_tag?post=12652"}],"curies":[{"name":"wp","href":"https:\/\/api.w.org\/{rel}","templated":true}]}}