{"id":12695,"date":"2021-08-23T19:43:20","date_gmt":"2021-08-23T19:43:20","guid":{"rendered":"https:\/\/www.ticketswhales.com\/?post_type=product&#038;p=12695"},"modified":"2023-10-06T11:27:39","modified_gmt":"2023-10-06T11:27:39","slug":"los-haitises-sunrise-or-sunset-private-kayak-excursion-with-locals","status":"publish","type":"product","link":"https:\/\/www.boattoursamana.com\/ro\/tur\/los-haitises-rasarit-sau-apus-excursie-privata-caiac-cu-localnici-2","title":{"rendered":"Excursie privat\u0103 cu caiacul la r\u0103s\u0103rit sau apus de soare \u00een Los Haitises cu localnici"},"content":{"rendered":"<div class=\"vc_row wpb_row vc_row-fluid\" ><div class=\"wpb_column vc_column_container vc_col-sm-12\"><div class=\"vc_column-inner\"><div class=\"wpb_wrapper\"><div class=\"vc_btn3-container vc_btn3-inline\" ><a class=\"vc_general vc_btn3 vc_btn3-size-md vc_btn3-shape-rounded vc_btn3-style-modern vc_btn3-color-green\" href=\"https:\/\/bookingadventures.tours\/booking.php?tour_id=5e23e6777c99f3e8cc360d181c266535\" title=\"\" rel=\"noopener\">REZERVA ACUM<\/a><\/div><div class=\"vc_empty_space\"   style=\"height: 32px\"><span class=\"vc_empty_space_inner\"><\/span><\/div><\/div><\/div><\/div><\/div><div class=\"wpb_column vc_column_container vc_col-sm-12\"><div class=\"vc_column-inner\"><div class=\"wpb_wrapper\"><\/div><\/div><\/div><div class=\"wpb_column vc_column_container vc_col-sm-12\"><div class=\"vc_column-inner\"><div class=\"wpb_wrapper\"><\/div><\/div><\/div><div class=\"vc_row wpb_row vc_row-fluid\" ><div class=\"wpb_column vc_column_container vc_col-sm-12\"><div class=\"vc_column-inner\"><div class=\"wpb_wrapper\"><\/div><\/div><\/div><\/div><div class=\"vc_row wpb_row vc_row-fluid\" ><div class=\"wpb_column vc_column_container vc_col-sm-12\"><div class=\"vc_column-inner\"><div class=\"wpb_wrapper\">\n\t<div class=\"wpb_text_column wpb_content_element\" >\n\t\t<div class=\"wpb_wrapper\">\n\t\t\t<div class=\"vc_row wpb_row vc_row-fluid\">\n<div class=\"wpb_column vc_column_container vc_col-sm-12\">\n<div class=\"vc_column-inner\">\n<div class=\"wpb_wrapper\">\n<div class=\"mkdf-section-title-holder\">\n<div class=\"mkdf-st-inner\">\n<h5 class=\"mkdf-st-subtitle\">R\u0103s\u0103rit \u0219i apus Los Haitises<\/h5>\n<h3 class=\"mkdf-st-title\">Excursie privat\u0103 cu caiacul la r\u0103s\u0103rit sau apus de soare \u00een Los Haitises cu localnici<\/h3>\n<\/div>\n<\/div>\n<\/div>\n<\/div>\n<\/div>\n<\/div>\n<div class=\"vc_row wpb_row vc_row-fluid\">\n<div class=\"wpb_column vc_column_container vc_col-sm-12\">\n<div class=\"vc_column-inner\">\n<div class=\"wpb_wrapper\">\n<div class=\"vc_empty_space\"><\/div>\n<\/div>\n<\/div>\n<\/div>\n<\/div>\n<div class=\"vc_row wpb_row vc_row-fluid\"><\/div>\n<div class=\"wpb_column vc_column_container vc_col-sm-12\">\n<div class=\"vc_column-inner\">\n<div class=\"wpb_wrapper\"><\/div>\n<\/div>\n<\/div>\n<div class=\"wpb_text_column wpb_content_element\">\n<div class=\"wpb_wrapper\"><\/div>\n<\/div>\n<h4><a id=\"overview\" class=\"aal_anchor\" href=\"https:\/\/bookingadventures.com.do\/dominicantour\/los-haitises-sunrise-or-sunset-private-kayak-excursion-with-locals\/#overview\" aria-hidden=\"true\" rel=\"noopener\"><\/a><b><i>Prezentare general\u0103<\/i><\/b><\/h4>\n<p>Plimb\u0103ri cu caiac la mangrove \u00een Parcul Na\u021bional Los Haitises cu un ghid turistic local 3 ore. Cel mai bun moment \u00een care nu exist\u0103 vizitatori \u00een parcul na\u021bional los Haitises este stabilit \u00een aceast\u0103 excursie. Vizitarea mangrovelor din r\u00e2ul Ca\u00f1o Hondo plus o privire de ansamblu asupra golfului San Lorenzo din parcul na\u021bional Los Haitises, zona Sabana de la Mar Ca\u00f1o Hondo. \u00cen cazul unei c\u0103l\u0103torii scurte:\u00a0<a href=\"https:\/\/www.boattoursamana.com\/ro\/tours-excursions\/pesteri\/caiac-in-los-haitis-cu-ghid-tur-de-cano-hondo-2\/\" target=\"_blank\" rel=\"noopener\"><em><strong>Caiac Los Haitises 2 ore<\/strong><\/em><\/a><\/p>\n<ul>\n<li>Ghidul ofer\u0103 instruc\u021biuni \u0219i supraveghere.<\/li>\n<li>Caiacele \u0219i paletele sunt disponibile Doble pentru dou\u0103 persoane \u0219i Simple pentru o singur\u0103 persoan\u0103.<\/li>\n<\/ul>\n<p>&nbsp;<\/p>\n<h4><a id=\"inclusions-exclusions\" class=\"aal_anchor\" href=\"https:\/\/bookingadventures.com.do\/dominicantour\/los-haitises-sunrise-or-sunset-private-kayak-excursion-with-locals\/#inclusions-exclusions\" aria-hidden=\"true\" rel=\"noopener\"><\/a><b>Incluziuni \u0219i excluderi<\/b><\/h4>\n<p>&nbsp;<\/p>\n<p><b>Incluziuni<\/b><\/p>\n<p>&nbsp;<\/p>\n<ol>\n<li>Excursie cu caiac<\/li>\n<li>Toate taxele, taxele \u0219i taxele de manipulare<\/li>\n<li>Taxe locale<\/li>\n<li>Ghid local<\/li>\n<\/ol>\n<p><b>Excluderile<\/b><\/p>\n<ol>\n<li>Gratuitatii<\/li>\n<li>Transfer<\/li>\n<li>Pr\u00e2nzul nu este inclus<\/li>\n<li>Bauturi alcoolice<\/li>\n<\/ol>\n<p>&nbsp;<\/p>\n<h4><a id=\"departure-return\" class=\"aal_anchor\" href=\"https:\/\/bookingadventures.com.do\/dominicantour\/los-haitises-sunrise-or-sunset-private-kayak-excursion-with-locals\/#departure-return\" aria-hidden=\"true\" rel=\"noopener\"><\/a><em><strong>Plecare \u0219i \u00eentoarcere<\/strong><\/em><\/h4>\n<p>C\u0103l\u0103torul va primi un punct de \u00eent\u00e2lnire dup\u0103 Procesul de Rezervare. Tururile \u00eencep \u0219i se termin\u0103 \u00een punctele noastre de \u00eent\u00e2lnire.<\/p>\n<p>&nbsp;<\/p>\n<h4><a id=\"what-to-expect\" class=\"aal_anchor\" href=\"https:\/\/bookingadventures.com.do\/dominicantour\/los-haitises-sunrise-or-sunset-private-kayak-excursion-with-locals\/#what-to-expect\" aria-hidden=\"true\" rel=\"noopener\"><\/a><b><i>La ce s\u0103 te a\u0219tep\u021bi?<\/i><\/b><\/h4>\n<p>&nbsp;<\/p>\n<p><em><strong>Ia-\u021bi biletele<\/strong><\/em>\u00a0pentru a vizita 3 ore cu caiac \u00een p\u0103durea r\u00e2ului Cano Hondo (mangrove), insulele st\u00e2ncoase, observarea p\u0103s\u0103rilor, r\u0103s\u0103ritul \u0219i apusul cu ghidul turistic local.<\/p>\n<p>C\u00e2nd primim toate tipurile de echipamente necesare pentru siguran\u021ba dumneavoastr\u0103 (veste de salvare, etc) ac\u021biunea \u00eencepe s\u0103 facem caiac din portul Ca\u00f1o Hondo.<\/p>\n<p>Turul, organizat de \u201eBooking Adventures\u201d, \u00eencepe la punctul de \u00eent\u00e2lnire stabilit cu Ghidul Turistic. Lu\u00e2nd caiace \u0219i merg\u00e2nd prin mla\u0219tini cu mangrove, pe l\u00e2ng\u0103 vechi pe\u0219teri de pira\u021bi \u0219i \u00een p\u0103duri protejate din aceast\u0103 rezerva\u021bie pitoreasc\u0103, \u00eencep\u00e2nd din zona Hotelurilor Ca\u00f1o Hondo sau din Sabana de la Mar,<\/p>\n<div class=\"body-description secondary\">\n<p>Vino cu Booking Adventures \u0219i \u00eencepe s\u0103 verifici c\u00e2teva mangrove pline de p\u0103s\u0103ri, dealuri ondulate de vegeta\u021bie luxuriant\u0103 \u0219i pe\u0219teri de\u00a0<em><strong>Parcul Na\u021bional Los Haitises<\/strong><\/em>. F\u0103c\u00e2nd o excursie cu caiacul de pe r\u00e2ul Ca\u00f1o Hondo, Sabana de la Mar. Prin mangrove \u0219i teren \u00een golful deschis San Lorenzo, de unde pute\u021bi fotografia peisajul forestier accidentat. Uit\u0103-te la ap\u0103 pentru a observa\u00a0<em><strong>Lamantini<\/strong><\/em>, crustacee \u0219i\u00a0<em><strong>delfinii.<\/strong><\/em><\/p>\n<p>Numele parcului na\u021bional vine de la locuitorii s\u0103i ini\u021biali, indienii Taino. \u00cen limba lor, \u201eHaitises\u201d se traduce prin zonele \u00eenalte sau dealuri, o referire la forma\u021biunile geologice abrupte ale coastei cu Calcare. Aventura\u021bi-v\u0103 mai ad\u00e2nc \u00een parc pentru a explora pe\u0219teri cum ar fi\u00a0<em><strong>Cueva de la Arena<\/strong><\/em>\u00a0\u0219i\u00a0<strong><em>Cueva de la L\u00ednea.<\/em><\/strong>\u00a0Pe\u0219terile din rezerva\u021bie au fost folosite ca ad\u0103post de indienii taino \u0219i, mai t\u00e2rziu, de pira\u021bii ascun\u0219i. C\u0103uta\u021bi desene ale indienilor care decoreaz\u0103 unii dintre pere\u021bi.<\/p>\n<p>\u00cen cazul \u00een care v\u0103 va pl\u0103cea aceast\u0103 c\u0103l\u0103torie scurt\u0103, avem o a doua op\u021biune:\u00a0<a href=\"https:\/\/www.boattoursamana.com\/ro\/tours-excursions\/pesteri\/caiac-in-los-haitis-cu-ghid-tur-de-cano-hondo-2\/\" target=\"_blank\" rel=\"noopener\">Caiac \u00een Los Haitises 2 ore\u00a0<\/a><\/p>\n<p>Turul se termin\u0103 la punctul de plecare \u00een Parcul Na\u021bional Los Haitises. V\u0103 recomand\u0103m aceast\u0103 excursie la 6:00 am \u00een cazul \u00een care ve\u021bi dori s\u0103 vede\u021bi\u00a0<em><strong>Lamantini<\/strong><\/em>, crustacee \u0219i\u00a0<em><strong>delfinii.<\/strong><\/em><\/p>\n<\/div>\n<p><em><strong>6:00 DIMINEATA<\/strong><\/em>\u00a0 iar ora 16:00 este cel mai bun moment secret pentru a fi singur \u00een Parcul Na\u021bional Los Haitises. Bucura\u021bi-v\u0103 de natur\u0103 plus ape calme.<\/p>\n<h4><a id=\"what-you-should-bring\" class=\"aal_anchor\" href=\"https:\/\/bookingadventures.com.do\/dominicantour\/los-haitises-sunrise-or-sunset-private-kayak-excursion-with-locals\/#what-you-should-bring\" aria-hidden=\"true\" rel=\"noopener\"><\/a><em><strong>Ce ar trebui s\u0103 aduci?<\/strong><\/em><\/h4>\n<ul>\n<li>aparat foto<\/li>\n<li>Muguri repelent<\/li>\n<li>lotiune de plaja<\/li>\n<li>P\u0103l\u0103rie<\/li>\n<li>Pantaloni comozi<\/li>\n<li>Sandale<\/li>\n<li>\u00cembr\u0103c\u0103minte de \u00eenot<\/li>\n<\/ul>\n<p>&nbsp;<\/p>\n<h4><a id=\"hotel-pickup\" class=\"aal_anchor\" href=\"https:\/\/bookingadventures.com.do\/dominicantour\/los-haitises-sunrise-or-sunset-private-kayak-excursion-with-locals\/#hotel-pickup\" aria-hidden=\"true\" rel=\"noopener\"><\/a><b><i>Preluare la hotel<\/i><\/b><\/h4>\n<p>Preluarea la hotel nu este oferit\u0103 pentru acest tur.<\/p>\n<p>&nbsp;<\/p>\n<p><b>Not\u0103:<\/b>\u00a0dac\u0103 rezerva\u021bi \u00een 24 de ore de la ora plec\u0103rii turului\/excursiei, putem aranja preluarea de la hotel cu taxe suplimentare. Odat\u0103 ce achizi\u021bia dvs. este finalizat\u0103, v\u0103 vom trimite informa\u021bii complete de contact (num\u0103r de telefon, adres\u0103 de e-mail etc.) pentru ghidul nostru local pentru a organiza aranjamentele de ridicare.<\/p>\n<h4><a id=\"additional-info-confirmation\" class=\"aal_anchor\" href=\"https:\/\/bookingadventures.com.do\/dominicantour\/los-haitises-sunrise-or-sunset-private-kayak-excursion-with-locals\/#additional-info-confirmation\" aria-hidden=\"true\" rel=\"noopener\"><\/a><b><i>Confirmare informa\u021bii suplimentare<\/i><\/b><\/h4>\n<ol>\n<li>Biletele sunt Chitan\u021ba dup\u0103 plata acestui Tur. Pute\u021bi afi\u0219a plata pe telefon.<\/li>\n<li>Punctul de \u00eent\u00e2lnire va fi primit dup\u0103 procesul de rezervare.<\/li>\n<li>Copiii trebuie s\u0103 fie \u00eenso\u021bi\u021bi de un adult.<\/li>\n<li>Nu este accesibil cu scaunul cu rotile<\/li>\n<li>Bebelu\u0219ii trebuie s\u0103 stea pe poale<\/li>\n<li>Nu este recomandat c\u0103l\u0103torilor cu probleme de spate<\/li>\n<li>Nu este recomandat c\u0103l\u0103torilor \u00eens\u0103rcinate<\/li>\n<li>F\u0103r\u0103 probleme cardiace sau alte afec\u021biuni medicale grave<\/li>\n<li>Majoritatea c\u0103l\u0103torilor pot participa<\/li>\n<\/ol>\n\n\t\t<\/div>\n\t<\/div>\n<div class=\"vc_empty_space\"   style=\"height: 32px\"><span class=\"vc_empty_space_inner\"><\/span><\/div><\/div><\/div><\/div><\/div><div class=\"vc_row wpb_row vc_row-fluid\" ><div class=\"wpb_column vc_column_container vc_col-sm-12\"><div class=\"vc_column-inner\"><div class=\"wpb_wrapper\">\n\t<div class=\"wpb_video_widget wpb_content_element vc_clearfix   vc_video-aspect-ratio-169 vc_video-el-width-100 vc_video-align-left\" >\n\t\t<div class=\"wpb_wrapper\">\n\t\t\t<h2 class=\"wpb_heading wpb_video_heading\">Los Haitises Caiac <\/h2>\n\t\t\t<div class=\"wpb_video_wrapper\"><iframe loading=\"lazy\" title=\"Tur de caiac \u0219i speologie \u00een Parcul Na\u021bional Los Haitises, Republica Dominican\u0103\" width=\"1100\" height=\"619\" src=\"https:\/\/www.youtube.com\/embed\/ucU1uwB57wQ?feature=oembed\" frameborder=\"0\" allow=\"accelerometer; autoplay; clipboard-write; encrypted-media; gyroscope; picture-in-picture; web-share\" allowfullscreen><\/iframe><\/div>\n\t\t<\/div>\n\t<\/div>\n<div class=\"vc_btn3-container vc_btn3-inline\" ><a class=\"vc_general vc_btn3 vc_btn3-size-md vc_btn3-shape-rounded vc_btn3-style-modern vc_btn3-color-green\" href=\"https:\/\/bookingadventures.tours\/booking.php?tour_id=5e23e6777c99f3e8cc360d181c266535\" title=\"\" rel=\"noopener\">REZERVA ACUM<\/a><\/div><\/div><\/div><\/div><\/div>","protected":false},"excerpt":{"rendered":"<div>Dac\u0103 pl\u0103nui\u021bi s\u0103 vizita\u021bi Los Haitises \u00eentr-un mod romantic, \u00een afar\u0103 de a fi singur \u00een natur\u0103 \u0219i de a r\u0103m\u00e2ne la r\u0103s\u0103ritul sau apusul soarelui. Aceasta este cea mai bun\u0103 c\u0103l\u0103torie privat\u0103 pentru tine.<\/div>\n<div><\/div>\n<div>R\u0103s\u0103rit de la 5:30 la 8:30 Excursie.<\/div>\n<div><\/div>\n<div>Apus de soare de la 16:00 la 19:00 Excursie.<\/div>\n<div><\/div>\n<div>Selecta\u021bi data turului:<\/div>","protected":false},"featured_media":12725,"template":"","meta":[],"product_cat":[218,946,178,927,934,254,255],"product_tag":[176,211,192,319,208,206,207,171,209,426,327,175,199,200],"class_list":["post-12695","product","type-product","status-publish","has-post-thumbnail","hentry","product_cat-kayaking","product_cat-1-sabana-de-la-mar","product_cat-hiking","product_cat-hiking-los-haitises","product_cat-kayaking-los-haitises","product_cat-tours-excursions-los-haitises-national-park","product_cat-tours-excursions-samana-bay-dominican-republic","product_tag-cano-hondo","product_tag-cano-hondo-hotel","product_tag-day-tour-cano-hondo","product_tag-kayak-dominican-republic","product_tag-kayaking-dominican-republic","product_tag-kayaking-los-haitises","product_tag-kayaks","product_tag-los-haitises","product_tag-los-haitises-national-park","product_tag-los-haitises-tours","product_tag-private-tours-samana","product_tag-sabana-de-la-mar","product_tag-samana-bay","product_tag-samana-excursions"],"_links":{"self":[{"href":"https:\/\/www.boattoursamana.com\/ro\/wp-json\/wp\/v2\/product\/12695","targetHints":{"allow":["GET"]}}],"collection":[{"href":"https:\/\/www.boattoursamana.com\/ro\/wp-json\/wp\/v2\/product"}],"about":[{"href":"https:\/\/www.boattoursamana.com\/ro\/wp-json\/wp\/v2\/types\/product"}],"wp:featuredmedia":[{"embeddable":true,"href":"https:\/\/www.boattoursamana.com\/ro\/wp-json\/wp\/v2\/media\/12725"}],"wp:attachment":[{"href":"https:\/\/www.boattoursamana.com\/ro\/wp-json\/wp\/v2\/media?parent=12695"}],"wp:term":[{"taxonomy":"product_cat","embeddable":true,"href":"https:\/\/www.boattoursamana.com\/ro\/wp-json\/wp\/v2\/product_cat?post=12695"},{"taxonomy":"product_tag","embeddable":true,"href":"https:\/\/www.boattoursamana.com\/ro\/wp-json\/wp\/v2\/product_tag?post=12695"}],"curies":[{"name":"wp","href":"https:\/\/api.w.org\/{rel}","templated":true}]}}