{"id":12749,"date":"2021-08-25T07:19:45","date_gmt":"2021-08-25T07:19:45","guid":{"rendered":"https:\/\/www.ticketswhales.com\/?post_type=product&#038;p=12749"},"modified":"2023-11-06T13:28:29","modified_gmt":"2023-11-06T13:28:29","slug":"las-7-playas-escondidas-de-samana-the-7-hidden-beaches-in-samana","status":"publish","type":"product","link":"https:\/\/www.boattoursamana.com\/ro\/tur\/las-7-playas-escondidas-de-samana-the-7-hidden-beaches-in-samana","title":{"rendered":"Las Galeras: Las 7 Playas Escondidas de Saman\u00e1 \u2013 Cele 7 plaje ascunse din Saman\u00e1"},"content":{"rendered":"<div class=\"vc_row wpb_row vc_row-fluid\" ><div class=\"wpb_column vc_column_container vc_col-sm-12\"><div class=\"vc_column-inner\"><div class=\"wpb_wrapper\"><div class=\"vc_btn3-container vc_btn3-inline\" ><button class=\"vc_general vc_btn3 vc_btn3-size-md vc_btn3-shape-rounded vc_btn3-style-modern vc_btn3-color-green\">REZERVA ACUM<\/button><\/div><div class=\"mkdf-section-title-holder\" style=\"text-align: left\">\n\t<div class=\"mkdf-st-inner\">\n\t\t\t\t\t<h5 class=\"mkdf-st-subtitle\" >\n\t\t\t\tPr\u00e2nz, plimbare cu barca \u0219i transport privat de la hoteluri.\t\t\t<\/h5>\n\t\t\t\t\t\t\t<h3 class=\"mkdf-st-title\" >\n\t\t\t\tPlaya Rinc\u00f3n, Playa Fronton + Playa Madame Beach, Saman\u00e1 - Republica Dominican\u0103.\t\t\t<\/h3>\n\t\t\t\t\t<\/div>\n<\/div>\n\t<div class=\"wpb_text_column wpb_content_element\" >\n\t\t<div class=\"wpb_wrapper\">\n\t\t\t<h3>Playa Calet\u00f3n, Playa Escondida, Playa Colorado, Playa del Amor, Playa La Vaca, Playa la Playita Playa Brem\u00e1n.<\/h3>\n<h4><b><i>Prezentare general\u0103 <\/i><\/b><\/h4>\n<p>Una dintre cele mai frumoase excursii din peninsula Saman\u00e1.<\/p>\n<p><span class=\"Y2IQFc\" lang=\"en\">Cele 7 plaje ascunse din Saman\u00e1, situate \u00een Peninsula Saman\u00e1 \u0219i p\u0103streaz\u0103 frumoase secrete ale istoriei, iar cunosc\u00e2nd aceste locuri contribuim la economia local\u0103 care este vital\u0103 pentru subzisten\u021ba unui popor.<\/span><\/p>\n<p>Intra\u021bi \u00een atmosfera unic\u0103 vizit\u00e2nd 7 plaje pe barc\u0103, \u0219i drume\u021bii \u00eentr-o mic\u0103 pe\u0219ter\u0103 de pe coast\u0103. Unele plaje sunt accesibile doar cu barca \u00eenconjurat\u0103 de un recif de corali \u00een jurul c\u0103ruia pute\u021bi face snorkeling, \u00eenota cu pe\u0219tii \u0219i \u00eei pute\u021bi descoperi coralii \u0219i v\u0103 relaxa\u021bi \u0219i v\u0103 bucura\u021bi de peisajul uimitor. Relaxare, \u00eenot \u0219i apoi plecare spre Playa colorado, o alt\u0103 plaj\u0103 izolat\u0103 perfect\u0103 pentru snorkeling, unde pute\u021bi vizita \u0219i o pe\u0219ter\u0103 \u0219i pute\u021bi face videoclipuri sau fotografii grozave pentru amintiri minunate.<\/p>\n<p>Ve\u021bi lua pr\u00e2nzul cu degetele de la picioare \u00een nisip \u00een sunetul Merengue \u0219i Bachata la \u201eEl Paraiso\u201d \u2013 Ultimul restaurant \u00eenainte de jungl\u0103 \u2013 unde vi se va servi o mas\u0103 complet\u0103 care include o m\u00e2ncare de pe\u0219te, \u00eenso\u021bit\u0103 de b\u0103uturi locale \u0219i cocktail-uri. La intoarcere ne vom opri la Plaja El Rincon, aici vei gasi o perla naturala care este considerata una dintre cele mai frumoase plaje din tara. Nisipul alb, fin, marea turcoaz \u0219i palmierii \u00eenal\u021bi de un metru vorbesc de la sine.<\/p>\n<p>&nbsp;<\/p>\n<ul>\n<li><span style=\"font-weight: 400;\">Ghid local cu experien\u021b\u0103 \u00een siguran\u021b\u0103 \u00een zon\u0103.<\/span><\/li>\n<li style=\"font-weight: 400;\">Taxe incluse<\/li>\n<li>Pranz la plaja<\/li>\n<li>Plimbare cu barca<\/li>\n<li style=\"font-weight: 400;\">Ghid turistic local \u00een spaniol\u0103, englez\u0103 sau francez\u0103.<\/li>\n<li>Drume\u021bii<\/li>\n<li>\u00eenot<\/li>\n<\/ul>\n<p>&nbsp;<\/p>\n<h4><b>Incluziuni \u0219i excluderi<\/b><\/h4>\n<p>&nbsp;<\/p>\n<p><b>Incluziuni<\/b><\/p>\n<ol>\n<li><span style=\"font-weight: 400;\">Ghid local cu experien\u021b\u0103 \u00een siguran\u021b\u0103 \u00een zon\u0103.<\/span><\/li>\n<li style=\"font-weight: 400;\">Plaja El Rincon<\/li>\n<li>Plaja Colorado<\/li>\n<li>Plaja La Playita<\/li>\n<li>Plaja La Vaca<\/li>\n<li>Plaja Breman<\/li>\n<li>Plaja Mariano<\/li>\n<li>Plaja Caleton<\/li>\n<li style=\"font-weight: 400;\"><span style=\"font-weight: 400;\">Toate taxele, taxele \u0219i taxele de manipulare<\/span><\/li>\n<li style=\"font-weight: 400;\"><span style=\"font-weight: 400;\">Taxe locale<\/span><\/li>\n<li>Pranz la plaja<\/li>\n<li>Drume\u021bii<\/li>\n<li style=\"font-weight: 400;\"><span style=\"font-weight: 400;\">Toate activit\u0103\u021bile<\/span><\/li>\n<\/ol>\n<p><b> Excluderile<\/b><\/p>\n<ol>\n<li style=\"font-weight: 400;\"><span style=\"font-weight: 400;\">Gratuitatii<\/span><\/li>\n<\/ol>\n<h4><em><strong>Plecare \u0219i \u00eentoarcere<\/strong><\/em><\/h4>\n<p><span style=\"font-weight: 400;\">C\u0103l\u0103torul va primi un punct de \u00eent\u00e2lnire dup\u0103 Procesul de Rezervare. Tururile \u00eencep \u0219i se termin\u0103 \u00een punctele dvs. de \u00eent\u00e2lnire.<\/span><\/p>\n<h3>Playa Calet\u00f3n, Playa Escondida, Playa Colorado, Playa del Amor, Playa La Vaca, Playa la Playita Playa Brem\u00e1n.<\/h3>\n<h4><b><i>La ce s\u0103 te a\u0219tep\u021bi?<\/i><\/b><\/h4>\n<p><em><strong>Ia-\u021bi biletele<\/strong><\/em> pentru vizitarea a 7 dintre cele mai unice plaje din Republica Dominican\u0103. Punctul de \u00eent\u00e2lnire de plecare a c\u0103l\u0103toriei este \u00een zona Las Galeras, drume\u021bii \u0219i \u00eenot \u00eentr-o zi 7 plaje plus plaja el Rincon. Mai \u00eent\u00e2i, vizit\u0103m Pe\u0219tera Duarte, drume\u021bii \u0219i vedem cea mai frumoas\u0103 pe\u0219ter\u0103 din Las Galeras. Aceast\u0103 pe\u0219ter\u0103 are 900 de metri, cu 2 intr\u0103ri diferite pentru a evita repetarea aceluia\u0219i peisaj.<\/p>\n<p>Dupa ce am vizitat pestera ne intoarcem la barca cu motor pentru a vizita Playa Caleton, aceasta este una dintre cele mai mentionate plaje din Samana din cauza apelor limpezi. Vom \u00eenota \u0219i ne vom bucura de aceast\u0103 plaj\u0103 mai \u00eent\u00e2i pentru a ne continua c\u0103l\u0103toria pe Playa del Amor.<\/p>\n<p><strong>plaja 7<\/strong><\/p>\n<p>Playa Rinc\u00f3n este o f\u00e2\u0219ie nealterat\u0103 de nisip alb care se \u00eentinde pe aproximativ 2,5 mile (4 kilometri) de-a lungul unei p\u0103r\u021bi nedezvoltate a coastei. M\u0103rginit\u0103 de o margine de palmieri de cocos \u0219i \u00eenconjurat\u0103 de v\u00e2rfuri de mun\u021bi \u0219i st\u00e2nci la ambele capete, aceast\u0103 plaj\u0103 retras\u0103 se simte ca o adev\u0103rat\u0103 utopie, rupt\u0103 de civiliza\u021bie.<\/p>\n<p>Dup\u0103 plaja El Rincon ne vom \u00eentoarce pe barca cu motor spre punctul de \u00eent\u00e2lnire din Las Galeras!<\/p>\n<p>Turul, organizat de \u201eBooking Adventures\u201d, \u00eencepe la punctul de \u00eent\u00e2lnire stabilit cu Ghidul nostru Turistic. Vino cu Booking Adventures \u0219i ia pr\u00e2nzul pe plaj\u0103 \u0219i bucur\u0103-te de cele mai uimitoare 7 plaje din Samana, Republica Dominican\u0103.<\/p>\n<div class=\"body-description secondary\">\n<p>&nbsp;<\/p>\n<\/div>\n<h4><em><strong>Ce ar trebui s\u0103 aduci?<\/strong><\/em><\/h4>\n<ul>\n<li style=\"font-weight: 400;\"><span style=\"font-weight: 400;\">aparat foto<\/span><\/li>\n<li style=\"font-weight: 400;\"><span style=\"font-weight: 400;\">Muguri repelent<\/span><\/li>\n<li style=\"font-weight: 400;\"><span style=\"font-weight: 400;\">Lotiune de plaja<\/span><\/li>\n<li>Ap\u0103<\/li>\n<li style=\"font-weight: 400;\"><span style=\"font-weight: 400;\">P\u0103l\u0103rie<\/span><\/li>\n<li style=\"font-weight: 400;\"><span style=\"font-weight: 400;\">Pantaloni comozi<\/span><\/li>\n<li style=\"font-weight: 400;\"><span style=\"font-weight: 400;\">Pantofi de drume\u021bie pentru p\u0103dure<\/span><\/li>\n<li style=\"font-weight: 400;\"><span style=\"font-weight: 400;\">Sandale \u00een zonele de prim\u0103var\u0103.<\/span><\/li>\n<li style=\"font-weight: 400;\"><span style=\"font-weight: 400;\">\u00cembr\u0103c\u0103minte de \u00eenot<\/span><\/li>\n<\/ul>\n<p>&nbsp;<\/p>\n<h4><b><i>Preluare la hotel <\/i><\/b><\/h4>\n<p><span style=\"font-weight: 400;\">Preluarea la hotel nu este inclus\u0103 \u00een acest tur. <\/span><\/p>\n<p>&nbsp;<\/p>\n<p><b>Not\u0103:<\/b><span style=\"font-weight: 400;\"> Dac\u0103 rezerva\u021bi \u00een termen de 24 de ore de la ora de plecare a turului\/excursiei, putem aranja preluarea de la hotel cu un cost suplimentar. O ridic\u0103m doar \u00een zona Samana. Odat\u0103 ce achizi\u021bia dvs. este finalizat\u0103, v\u0103 vom trimite informa\u021bii complete de contact (num\u0103r de telefon, adres\u0103 de e-mail etc.) pentru ghidul nostru local pentru a organiza aranjamentele de ridicare.<\/span><\/p>\n<h4><b><i>Confirmare informa\u021bii suplimentare <\/i><\/b><\/h4>\n<ol>\n<li>Biletele sunt Chitan\u021ba dup\u0103 plata acestui Tur. Pute\u021bi afi\u0219a plata pe telefon.<\/li>\n<li style=\"font-weight: 400;\"><span style=\"font-weight: 400;\">Punctul de \u00eent\u00e2lnire va fi primit dup\u0103 procesul de rezervare.<\/span><\/li>\n<li style=\"font-weight: 400;\"><span style=\"font-weight: 400;\">Copiii trebuie s\u0103 fie \u00eenso\u021bi\u021bi de un adult.<\/span><\/li>\n<li style=\"font-weight: 400;\"><span style=\"font-weight: 400;\"> Nu este accesibil cu scaunul cu rotile <\/span><\/li>\n<li style=\"font-weight: 400;\"><span style=\"font-weight: 400;\">Bebelu\u0219ii trebuie s\u0103 stea pe poale <\/span><\/li>\n<li style=\"font-weight: 400;\"><span style=\"font-weight: 400;\">Nu este recomandat c\u0103l\u0103torilor cu probleme de spate<\/span><\/li>\n<li style=\"font-weight: 400;\"><span style=\"font-weight: 400;\">Nu este recomandat c\u0103l\u0103torilor \u00eens\u0103rcinate <\/span><\/li>\n<li style=\"font-weight: 400;\"><span style=\"font-weight: 400;\"> F\u0103r\u0103 probleme cardiace sau alte afec\u021biuni medicale grave <\/span><\/li>\n<li style=\"font-weight: 400;\"><span style=\"font-weight: 400;\">Majoritatea c\u0103l\u0103torilor pot participa<\/span><\/li>\n<\/ol>\n<h4><b><i>Politica de anulare<\/i><\/b><\/h4>\n<p>Pentru o rambursare complet\u0103, v\u0103 rug\u0103m s\u0103 citi\u021bi politicile noastre de anulare\u00a0<a href=\"https:\/\/www.boattoursamana.com\/ro\/rezervare-online\/\" target=\"_blank\" rel=\"noopener\" data-saferedirecturl=\"https:\/\/www.google.com\/url?q=https:\/\/www.boattoursamana.com\/online-booking\/&amp;source=gmail&amp;ust=1672449202351000&amp;usg=AOvVaw1yAeVAPktmaVCqDujgUn90\">Click aici<\/a>. Fondurile se vor pierde dac\u0103 rezervarea este anulat\u0103 \u00een aceea\u0219i zi a c\u0103l\u0103toriei.<\/p>\n\n\t\t<\/div>\n\t<\/div>\n<div class=\"vc_btn3-container vc_btn3-inline\" ><button class=\"vc_general vc_btn3 vc_btn3-size-md vc_btn3-shape-rounded vc_btn3-style-modern vc_btn3-color-green\">REZERVA ACUM<\/button><\/div><\/div><\/div><\/div><\/div><div class=\"vc_row wpb_row vc_row-fluid\" ><div class=\"wpb_column vc_column_container vc_col-sm-12\"><div class=\"vc_column-inner\"><div class=\"wpb_wrapper\">\n\t<div class=\"wpb_video_widget wpb_content_element vc_clearfix   vc_video-aspect-ratio-169 vc_video-el-width-100 vc_video-align-left\" >\n\t\t<div class=\"wpb_wrapper\">\n\t\t\t<h2 class=\"wpb_heading wpb_video_heading\">Boca del diablo \u0219i plaja Fronton<\/h2>\n\t\t\t<div class=\"wpb_video_wrapper\"><iframe loading=\"lazy\" title=\"Peninsula Saman\u00e1, Republica Dominican\u0103 (DJI Phantom 4 4K)\" width=\"1100\" height=\"619\" src=\"https:\/\/www.youtube.com\/embed\/DYDXVm8Q_iM?feature=oembed\" frameborder=\"0\" allow=\"accelerometer; autoplay; encrypted-media; gyroscope; picture-in-picture\" allowfullscreen><\/iframe><\/div>\n\t\t<\/div>\n\t<\/div>\n<\/div><\/div><\/div><\/div><div class=\"vc_row wpb_row vc_row-fluid\" ><\/div><div class=\"wpb_column vc_column_container vc_col-sm-12\"><div class=\"vc_column-inner\"><div class=\"wpb_wrapper\"><\/div><\/div><\/div><div class=\"vc_empty_space\"   style=\"height: 32px\"><span class=\"vc_empty_space_inner\"><\/span><\/div><div class=\"vc_empty_space\"   style=\"height: 32px\"><span class=\"vc_empty_space_inner\"><\/span><\/div><div class=\"vc_row wpb_row vc_row-fluid\" ><div class=\"wpb_column vc_column_container vc_col-sm-12\"><div class=\"vc_column-inner\"><div class=\"wpb_wrapper\"><div class=\"vc_btn3-container vc_btn3-inline\" ><button class=\"vc_general vc_btn3 vc_btn3-size-md vc_btn3-shape-rounded vc_btn3-style-modern vc_btn3-color-green\">REZERVA ACUM<\/button><\/div><\/div><\/div><\/div><\/div>","protected":false},"excerpt":{"rendered":"<p>Dac\u0103 vizita\u021bi Samana \u0219i dori\u021bi s\u0103 ave\u021bi o adev\u0103rat\u0103 experien\u021b\u0103 local\u0103 de drume\u021bie, o excursie cu barca plus pr\u00e2nzul pe plaja Rincon, aceasta este excursia pe care trebuie s\u0103 o face\u021bi. Vizita\u021bi cele 7 plaje ascunse din Samana din zona Las Galeras, unde pute\u021bi vizita \u0219i o pe\u0219ter\u0103 \u0219i pute\u021bi face videoclipuri sau fotografii grozave pentru amintiri uimitoare.<\/p>\n<p><em><strong>Selecta\u021bi data turului:\u00a0<\/strong><\/em><\/p>","protected":false},"featured_media":9382,"template":"","meta":[],"product_cat":[160,255],"product_tag":[925,204,378,924,923,279,912,377,913,915,916,914,374,918,917,373,379,327,376,375,200,187],"class_list":["post-12749","product","type-product","status-publish","has-post-thumbnail","hentry","product_cat-lunch","product_cat-tours-excursions-samana-bay-dominican-republic","product_tag-boat-trip-las-galeras","product_tag-el-rincon-beach","product_tag-fronton-beach","product_tag-hike-las-galeras","product_tag-hiking-las-galeras","product_tag-las-galeras","product_tag-las-galeras-tour","product_tag-madame-beach","product_tag-playa-caleton","product_tag-playa-colorado","product_tag-playa-del-amor","product_tag-playa-escondida","product_tag-playa-fronton-playa-madame-beach","product_tag-playa-la-playita-playa-breman","product_tag-playa-la-vaca","product_tag-playa-rincon","product_tag-playa-rincon-tours","product_tag-private-tours-samana","product_tag-rincon-beach-tour","product_tag-samana-dominican-republic","product_tag-samana-excursions","product_tag-samana-tours"],"_links":{"self":[{"href":"https:\/\/www.boattoursamana.com\/ro\/wp-json\/wp\/v2\/product\/12749","targetHints":{"allow":["GET"]}}],"collection":[{"href":"https:\/\/www.boattoursamana.com\/ro\/wp-json\/wp\/v2\/product"}],"about":[{"href":"https:\/\/www.boattoursamana.com\/ro\/wp-json\/wp\/v2\/types\/product"}],"wp:featuredmedia":[{"embeddable":true,"href":"https:\/\/www.boattoursamana.com\/ro\/wp-json\/wp\/v2\/media\/9382"}],"wp:attachment":[{"href":"https:\/\/www.boattoursamana.com\/ro\/wp-json\/wp\/v2\/media?parent=12749"}],"wp:term":[{"taxonomy":"product_cat","embeddable":true,"href":"https:\/\/www.boattoursamana.com\/ro\/wp-json\/wp\/v2\/product_cat?post=12749"},{"taxonomy":"product_tag","embeddable":true,"href":"https:\/\/www.boattoursamana.com\/ro\/wp-json\/wp\/v2\/product_tag?post=12749"}],"curies":[{"name":"wp","href":"https:\/\/api.w.org\/{rel}","templated":true}]}}