{"id":12911,"date":"2021-09-01T21:33:32","date_gmt":"2021-09-01T21:33:32","guid":{"rendered":"https:\/\/www.ticketswhales.com\/?post_type=product&#038;p=12911"},"modified":"2023-11-06T10:30:33","modified_gmt":"2023-11-06T10:30:33","slug":"samana-whales-tour-with-bacardi-island-and-limon-waterfall","status":"publish","type":"product","link":"https:\/\/www.boattoursamana.com\/ro\/tur\/tur-de-balene-samana-cu-insula-bacardi-si-cascada-limon","title":{"rendered":"Tur Balenele Saman\u00e1 cu Insula Bacardi \u0219i Cascada Lim\u00f3n"},"content":{"rendered":"<div class=\"wpb_column vc_column_container vc_col-sm-12\"><div class=\"vc_column-inner\"><div class=\"wpb_wrapper\"><\/div><\/div><\/div><div class=\"vc_row wpb_row vc_row-fluid\" ><div class=\"wpb_column vc_column_container vc_col-sm-12\"><div class=\"vc_column-inner\"><div class=\"wpb_wrapper\">\n\t<div class=\"wpb_text_column wpb_content_element\" >\n\t\t<div class=\"wpb_wrapper\">\n\t\t\t<div class=\"vc_row wpb_row vc_row-fluid\">\n<div class=\"wpb_column vc_column_container vc_col-sm-12\">\n<div class=\"vc_column-inner\">\n<div class=\"wpb_wrapper\">\n<div class=\"wpb_text_column wpb_content_element\">\n<div class=\"wpb_wrapper\">\n<div class=\"vc_row wpb_row vc_row-fluid\">\n<div class=\"wpb_column vc_column_container vc_col-sm-12\">\n<div class=\"vc_column-inner\">\n<div class=\"wpb_wrapper\">\n<div class=\"wpb_text_column wpb_content_element\">\n<div class=\"wpb_wrapper\">\n<h2>Cayo Levantado plus Safari la Cascada El Limon<\/h2>\n<h4><b><i>PREZENTARE GENERAL\u0102\ud83d\udc33<\/i><\/b><\/h4>\n<p>Whale Punta Cana, observarea balenelor \u00een Golful Saman\u00e1 \u0219i vizitarea Cayo Levantado plus Safari la Cascada El limon \u00een timpul acestei excursii de o zi \u00eentreag\u0103 de la hotelurile din Punta Cana. C\u0103l\u0103tori\u021bi \u00een golful Saman\u00e1 la bordul unui autocar confortabil, cu aer condi\u021bionat, apoi transfera\u021bi-v\u0103 la un catamaran cu barca la Miches. Croaziera \u00een apele deschise pentru a c\u0103uta p\u0103st\u0103ile de balene cu cocoa\u0219\u0103 care viziteaz\u0103 pentru a se reproduce \u0219i a-\u0219i avea puii \u00een zon\u0103. Afla\u021bi despre comportamentul \u0219i biologia acestor mamifere marine de la ghidul dumneavoastr\u0103 naturalist expert. Continua\u021bi c\u0103tre Cayo Levantado \/ Insula Bacardi, pentru pr\u00e2nz pe plaj\u0103 \u0219i o baie \u00een apele azurii dup\u0103 aceast\u0103 excursie Safari la Cascada El Limon cu cai c\u0103l\u0103rind l\u00e2ng\u0103 p\u0103durea de nuci de cocos \u00eenainte de a v\u0103 \u00eentoarce la Punta Cana.<\/p>\n<p>&nbsp;<\/p>\n<p><strong>Not\u0103:<\/strong>\u00a0Acest tur nu este privat. Acest tur a inclus oprirea la\u00a0<strong>Cascada Limon<\/strong>. V\u0103 rug\u0103m s\u0103 rezerva\u021bi aceea\u0219i excursie \u0219i s\u0103 nu merge\u021bi la cascade\u00a0<a href=\"https:\/\/www.boattoursamana.com\/ro\/Tours-Excursions\/tours-excursions-samana-bay-dominican-republic\/whale-watching-2020-in-punta-cana-to-samana-bay-cayo-levantado-bacardi-island-from-hotels\/\">CLICK AICI.<\/a><\/p>\n<ul>\n<li>Excursie de observare a balenelor<\/li>\n<li>Insula Bacardi \/ Cayo Levantado<\/li>\n<li>Taxe de intrare la Observator<\/li>\n<li>Samana Safari<\/li>\n<li>Cascada El Limon C\u0103l\u0103rie<\/li>\n<li>Include pr\u00e2nz tip bufet pe plaj\u0103<\/li>\n<li>Transfer cu barca<\/li>\n<li>C\u0103pitanul ofer\u0103 instruc\u021bie \u0219i supraveghere<\/li>\n<li>Ghid turistic<\/li>\n<\/ul>\n<p>&nbsp;<\/p>\n<h4><b>Incluziuni \u0219i excluderi<\/b><\/h4>\n<p>&nbsp;<\/p>\n<p><b>Incluziuni<\/b><\/p>\n<p>&nbsp;<\/p>\n<ol>\n<li>Pranz tip bufet pe plaja<\/li>\n<li>Transfer de la hoteluri<\/li>\n<li>Ghid turistic<\/li>\n<li>Excursie cu catamaran sau cu barca<\/li>\n<li>Toate taxele, taxele \u0219i taxele de manipulare<\/li>\n<li>Taxe locale<\/li>\n<li>B\u0103uturi<\/li>\n<\/ol>\n<p><b>Excluderile<\/b><\/p>\n<ol>\n<li>Gratuitatii<\/li>\n<\/ol>\n<p>&nbsp;<\/p>\n<h4><em><strong>Plecare \u0219i \u00eentoarcere<\/strong><\/em><\/h4>\n<p>Pentru acest tur este oferit transfer de la hotel. \u00cen Note, scrie\u021bi doar numele hotelului pentru a v\u0103 prelua. Prelu\u0103m \u00een toate hotelurile din Punta Cana.<\/p>\n<p>&nbsp;<\/p>\n<h3>Observarea Balenelor Samana + Cayo Levantado (Insula Bacardi) + Cascade Limon de la Hotelurile Punta Cana.<\/h3>\n<h4><b><i>La ce s\u0103 te a\u0219tep\u021bi?<\/i><\/b><\/h4>\n<p>Apropia\u021bi-v\u0103 de uria\u0219ii bl\u00e2nzi ai m\u0103rii din Republica Dominican\u0103 \u00een timpul acestei excursii de 12 ore de observare a balenelor cu cocoa\u0219\u0103 \u00een Golful S\u00e1mana. Petrece\u021bi o zi de neuitat observ\u00e2nd miile de balene care vin pe insul\u0103 \u00een fiecare an pentru a se \u00eemperechea, a se hr\u0103ni \u0219i a se juca \u00een apele sale tropicale calde. Pe m\u0103sur\u0103 ce observa\u021bi aceste creaturi frumoase, v\u0103 ve\u021bi bucura de informa\u021bii unice de la ghidul dumneavoastr\u0103 expert de observare a balenelor. \u00cencheia\u021bi ziua cu un pr\u00e2nz inclus \u0219i o perioad\u0103 de plaj\u0103 pe frumoasa insula Cayo Levantado. De asemenea, este inclus transportul dus-\u00eentors la hotel.<\/p>\n<p>De la 9:00 am p\u00e2n\u0103 la 12:00-amiaz\u0103 Observatorul de observare a balenelor \u0219i Dup\u0103 aceast\u0103 excursie cu balene vom vizita Insula Bacardi \/ Cayo Levantado. \u00cen Insula Bacardi, va fi oferit pr\u00e2nz tip bufet \u00een stil tipic dominican (orez, fasole, pe\u0219te, salate...). C\u00e2nd pr\u00e2nzul este terminat, ave\u021bi voie s\u0103 \u00eenota\u021bi \u0219i s\u0103 v\u0103 preg\u0103ti\u021bi pentru a merge la cascadele El limon p\u00e2n\u0103 la ora 16:30. Turul se va termina la ora 17:00 \u00een acela\u0219i port de unde va porni la bordul catamaranului nostru \u0219i cu autobuzul \u00eenapoi la hotelurile Punta Cana.<\/p>\n<p><strong>Orar:<\/strong><\/p>\n<p>6:00 \u2013 7:00 Preluare a clien\u021bilor din diferite hoteluri<br \/>\n07:00 Plecare spre Las Canitas din Sabana de la mar<br \/>\n08:15 Sosire la docul privat<br \/>\n08:15 \u2013 8:40 Ora micului dejun (sandvi\u0219uri, brio\u0219e, ceai, cafea, sucuri)<br \/>\n8:45 Imbarcare pentru a \u00eencepe c\u0103l\u0103toria noastr\u0103 c\u0103tre sanctuarul balenelor cu cocoa\u0219\u0103 din Samana<br \/>\n11:00 C\u0103uta\u021bi balenele pentru o perioad\u0103 de 45 de minute - Acesta este Timpul urmat de regulile guvernamentale.<br \/>\n11:45 \u00cendrepta\u021bi-v\u0103 spre Cayo Levantado din Golful Samana<br \/>\n12:30 Sosire \u00een Cayo Levantado<br \/>\n13:00 Ora pr\u00e2nzului (bufet de pr\u00e2nz, tipic dominican)*<br \/>\n13:45 \u2013 15:30 Timp liber \u00een Cayo Levantado<br \/>\n15:00 \u2013 15:45 La bord din nou direc\u021bia \u00eenapoi spre Miches<br \/>\n17:00 Sosire in Miches si plecare catre hotelurile din Punta Cana<br \/>\n19:30 \u2013 20:00 Sosire la hotelurile din Punta Cana<\/p>\n<p><strong>*Meniu de pr\u00e2nz (tipic dominican)<br \/>\n<\/strong>Orez, pui la gratar sau peste la gratar, salata, legume, fructe proaspete.<\/p>\n<p><strong>*Clien\u021bii care aleg s\u0103 adauge oprirea la cascada El Limon dup\u0103 observarea balenelor se vor muta la anun\u021bul cascadei vor avea mai pu\u021bin timp de petrecut \u00een Cayo Levantado.<\/strong><\/p>\n<p>Acest tur a inclus oprirea la\u00a0<strong>Cascada Limon<\/strong>. V\u0103 rug\u0103m s\u0103 rezerva\u021bi aceea\u0219i excursie \u0219i s\u0103 nu merge\u021bi la cascade\u00a0<a href=\"https:\/\/www.boattoursamana.com\/ro\/Tours-Excursions\/tours-excursions-samana-bay-dominican-republic\/whale-watching-2020-in-punta-cana-to-samana-bay-cayo-levantado-bacardi-island-from-hotels\/\">CLICK AICI.<\/a><\/p>\n<p>&nbsp;<\/p>\n<h4><em><strong>Ce ar trebui s\u0103 aduci?<\/strong><\/em><\/h4>\n<ul>\n<li>aparat foto<\/li>\n<li>Muguri repelent<\/li>\n<li>lotiune de plaja<\/li>\n<li>P\u0103l\u0103rie<\/li>\n<li>Pantaloni comozi<\/li>\n<li>Sandale la plaj\u0103<\/li>\n<li>\u00cembr\u0103c\u0103minte de \u00eenot<\/li>\n<li>Cash pentru suveniruri \u0219i bac\u0219i\u0219uri<\/li>\n<\/ul>\n<p>&nbsp;<\/p>\n<h4><b><i>Preluare la hotel<\/i><\/b><\/h4>\n<p>Pentru acest tur este oferit transfer de la hotel. \u00cen Note, scrie\u021bi doar numele hotelului pentru a v\u0103 prelua. Prelu\u0103m \u00een toate hotelurile din Punta Cana.<\/p>\n<p>&nbsp;<\/p>\n<p><b>Not\u0103:<\/b>\u00a0dac\u0103 rezerva\u021bi \u00een 24 de ore de la ora plec\u0103rii turului\/excursiei, putem aranja preluarea de la hotel. Odat\u0103 ce achizi\u021bia dvs. este finalizat\u0103, v\u0103 vom trimite informa\u021bii complete de contact (num\u0103r de telefon, adres\u0103 de e-mail etc.) pentru ghidul nostru local pentru a organiza aranjamentele de ridicare.<\/p>\n<h4><b><i>Confirmare informa\u021bii suplimentare<\/i><\/b><\/h4>\n<ol>\n<li>Biletele sunt Chitan\u021ba dup\u0103 plata acestui Tur. Pute\u021bi afi\u0219a plata pe telefon.<\/li>\n<li>Punctul de \u00eent\u00e2lnire va fi primit dup\u0103 procesul de rezervare.<\/li>\n<li>Copiii trebuie s\u0103 fie \u00eenso\u021bi\u021bi de un adult.<\/li>\n<li>scaun cu rotile accesibil<\/li>\n<li>Bebelu\u0219ii trebuie s\u0103 stea pe poale<\/li>\n<li>Majoritatea c\u0103l\u0103torilor pot participa<\/li>\n<\/ol>\n<h4><b><i>Politica de anulare<\/i><\/b><\/h4>\n<p>Pentru o rambursare complet\u0103, v\u0103 rug\u0103m s\u0103 citi\u021bi politicile noastre de anulare\u00a0<a href=\"https:\/\/www.boattoursamana.com\/ro\/rezervare-online\/\" target=\"_blank\" rel=\"noopener\" data-saferedirecturl=\"https:\/\/www.google.com\/url?q=https:\/\/www.boattoursamana.com\/online-booking\/&amp;source=gmail&amp;ust=1672449202351000&amp;usg=AOvVaw1yAeVAPktmaVCqDujgUn90\">Click aici<\/a>. Fondurile se vor pierde dac\u0103 rezervarea este anulat\u0103 \u00een aceea\u0219i zi a c\u0103l\u0103toriei.<\/p>\n<\/div>\n<\/div>\n<\/div>\n<\/div>\n<\/div>\n<\/div>\n<\/div>\n<\/div>\n<\/div>\n<\/div>\n<\/div>\n<\/div>\n<div class=\"vc_row wpb_row vc_row-fluid\">\n<div class=\"wpb_column vc_column_container vc_col-sm-12\">\n<div class=\"vc_column-inner\">\n<div class=\"wpb_wrapper\">\n<div class=\"vc_empty_space\"><\/div>\n<div class=\"wpb_text_column wpb_content_element\">\n<div class=\"wpb_wrapper\">\n<h4>Contacteaz\u0103-ne?<\/h4>\n<h5><b><i>TUR BALENE SAMANA<\/i><\/b><\/h5>\n<p><em><strong>Localnicii<\/strong>\u00a0\u0219i\u00a0<strong>Na\u0163ionalii<\/strong>\u00a0Ghizi turistici \u0219i servicii pentru oaspe\u021bi<\/em><\/p>\n<p><span class=\"text-turquoise\">Rezervari:<\/span>\u00a0Tururi \u0219i excursii \u00een Dom. Reprezentant.<\/p>\n<p>\ud83d\udcde Tel \/ Whatsapp\u00a0\u00a0<a href=\"tel:+1-809-720-6035\">+1-809-720-6035<\/a>.<\/p>\n<p>\ud83d\udce9\u00a0<a href=\"mailto:info@bookingadventures.com.do\">info@bookingadventures.com.do<\/a><\/p>\n<p><strong>Suntem flexibili, stabilim tururi private prin Whatsapp:\u00a0<a href=\"tel:+18097206035\">+18097206035.<\/a><\/strong><\/p>\n<\/div>\n<\/div>\n<\/div>\n<\/div>\n<\/div>\n<\/div>\n\n\t\t<\/div>\n\t<\/div>\n<\/div><\/div><\/div><\/div>","protected":false},"excerpt":{"rendered":"<p><span style=\"vertical-align: inherit;\"><span style=\"vertical-align: inherit;\">De la hotelurile din Punta Cana, ne vom bucura de peisajele frumoase ale Cordillerei Orientale \u00een timp ce mergem spre nord de Punta Cana \u00eenainte de a ajunge \u00een micul sat de pescari Miches de pe malul sudic al Golfului Samana. Acolo v\u0103 pute\u021bi bucura de un mic dejun rapid \u00eenainte de a v\u0103 urca pe barca spre Samana. Vom naviga \u00een ad\u00e2ncurile golfului pentru a observa balenele. Mai \u00eent\u00e2i vom ajunge la Cayo Levantado, cunoscut\u0103 \u0219i sub numele de Insula Bacardi datorit\u0103 asem\u0103n\u0103rii sale puternice cu plajele care au fost folosite c\u00e2ndva pentru reclamele sale celebre. Cayo Levantado este nimic mai pu\u021bin dec\u00e2t o oaz\u0103 tropical\u0103, o mic\u0103 insul\u0103 \u00een mijlocul oceanului cu ape turcoaz \u0219i nisipuri albe. Dup\u0103 aceasta, un safari \u00een comunitatea Samana p\u00e2n\u0103 la cascade. La Falls, Limon se preg\u0103te\u0219te pentru c\u0103l\u0103rie sau drume\u021bii. Aceasta este o aventur\u0103 complet\u0103, unic\u0103.<\/span><\/span><\/p>\n<p><em><strong>Selecta\u021bi data turului:<\/strong><\/em><\/p>","protected":false},"featured_media":12052,"template":"","meta":[],"product_cat":[159,948,655,960,956,664],"product_tag":[631,184,328,480,296,380,428,649,327,222,527,313,199,526,458,342,650,524,276,529,528,274,525],"class_list":["post-12911","product","type-product","status-publish","has-post-thumbnail","hentry","product_cat-fees-entrace","product_cat-1-punta-cana","product_cat-1-samana","product_cat-el-limon-hiking","product_cat-el-limon-samana","product_cat-whale-watching-punta-cana","product_tag-631","product_tag-bacardi-island","product_tag-cayo-levantado-day-pass","product_tag-cheap-punta-cana-excursions","product_tag-day-trip-punta-cana","product_tag-el-limon-waterfall-and-bacardi-island-tour-from-punta-cana","product_tag-half-day-whale-watching-miches","product_tag-limon-from-punta-cana","product_tag-private-tours-samana","product_tag-punta-cana","product_tag-punta-cana-activities","product_tag-punta-cana-tours","product_tag-samana-bay","product_tag-samana-day-trip","product_tag-samana-day-trip-from-punta-cana","product_tag-samana-whale-watching","product_tag-waterfalls-punta-cana","product_tag-whale-punta-cana","product_tag-whale-samana","product_tag-whale-watching-2020","product_tag-whale-watching-2020-in-punta-cana-to-samana-bay-cayo-levantado-bacardi-island-from-hotels","product_tag-whale-watching-dominican-republic","product_tag-whale-watching-punta-cana"],"_links":{"self":[{"href":"https:\/\/www.boattoursamana.com\/ro\/wp-json\/wp\/v2\/product\/12911","targetHints":{"allow":["GET"]}}],"collection":[{"href":"https:\/\/www.boattoursamana.com\/ro\/wp-json\/wp\/v2\/product"}],"about":[{"href":"https:\/\/www.boattoursamana.com\/ro\/wp-json\/wp\/v2\/types\/product"}],"wp:featuredmedia":[{"embeddable":true,"href":"https:\/\/www.boattoursamana.com\/ro\/wp-json\/wp\/v2\/media\/12052"}],"wp:attachment":[{"href":"https:\/\/www.boattoursamana.com\/ro\/wp-json\/wp\/v2\/media?parent=12911"}],"wp:term":[{"taxonomy":"product_cat","embeddable":true,"href":"https:\/\/www.boattoursamana.com\/ro\/wp-json\/wp\/v2\/product_cat?post=12911"},{"taxonomy":"product_tag","embeddable":true,"href":"https:\/\/www.boattoursamana.com\/ro\/wp-json\/wp\/v2\/product_tag?post=12911"}],"curies":[{"name":"wp","href":"https:\/\/api.w.org\/{rel}","templated":true}]}}