{"id":13398,"date":"2021-11-23T10:25:21","date_gmt":"2021-11-23T10:25:21","guid":{"rendered":"https:\/\/www.ticketswhales.com\/?post_type=product&#038;p=13398"},"modified":"2023-02-26T03:44:21","modified_gmt":"2023-02-26T03:44:21","slug":"private-speed-boat-lancha-samana-bay","status":"publish","type":"product","link":"https:\/\/www.boattoursamana.com\/ro\/tur\/barca-rapida-privata-lancha-samana-bay-2","title":{"rendered":"Barc\u0103 rapid\u0103 privat\u0103 (Lancha) Saman\u00e1 Bay"},"content":{"rendered":"<div class=\"vc_row wpb_row vc_row-fluid\" ><div class=\"wpb_column vc_column_container vc_col-sm-12\"><div class=\"vc_column-inner\"><div class=\"wpb_wrapper\"><div class=\"vc_btn3-container vc_btn3-inline\" ><button class=\"vc_general vc_btn3 vc_btn3-size-md vc_btn3-shape-rounded vc_btn3-style-modern vc_btn3-color-green\">REZERVA ACUM<\/button><\/div>\n\t<div class=\"wpb_text_column wpb_content_element\" >\n\t\t<div class=\"wpb_wrapper\">\n\t\t\t<div class=\"custom-left\">\n<div class=\"row\">\n<div class=\"col-md-12 cust-clas\">\n<div class=\"product-header alignleft\">\n<p>SAMANA BARC\u0102 \u2013 \u00ceNCHIRIAT<\/p>\n<p>CHARTER PRIVAT PENTRU ZI \u00ceNTREAG\u0102 SAMANA BAY<\/p>\n<p>C\u0102L\u0102TORIE DE 8 ORE - DE LUNI P\u00c2N\u0102 DUMINIC\u0102<\/p>\n<\/div>\n<\/div>\n<\/div>\n<\/div>\n<div class=\"custom-left para-p\">\n<div class=\"info_content_label\">\n<p><label>Info:<\/label><\/p>\n<p>\u00cenchiriaz\u0103 aceast\u0103 barc\u0103 cu motor fabuloas\u0103 pentru o zi \u00eentreag\u0103, pentru a vizita p\u00e2n\u0103 la 5 persoane <a href=\"https:\/\/www.boattoursamana.com\/ro\/destinatii\/los-haitis-parc-national-bilete-tururi\/\" target=\"_blank\" rel=\"noopener\" data-saferedirecturl=\"https:\/\/www.google.com\/url?q=https:\/\/www.boattoursamana.com\/destinations\/los-haitises-national-park-tickets-tours\/&amp;source=gmail&amp;ust=1637749313206000&amp;usg=AOvVaw2iM1LFDbYv-Gthna0qZt2n\">Haitises<\/a> \u0219i Cayo Levantado. De asemenea, \u00een sezonul de observare a balenelor, pute\u021bi folosi barca pentru a vedea balenele \u00een golful Samana.<\/p>\n<p>Include echipaj, combustibil \u0219i r\u0103citor de ghea\u021b\u0103.<\/p>\n<p>Op\u021biuni alimentare disponibile la un pre\u021b suplimentar:<\/p>\n<p><strong>Detalii despre pr\u00e2nzul tip bufet tradi\u021bional, $15 USD pp:<\/strong><\/p>\n<p>-Salat\u0103 verde<br \/>\n-P\u00e2ine<br \/>\n-Moro de Guandule (orez \u00een stil dominican) cu nuc\u0103 de cocos<br \/>\n\u2013 Paste \u00een sos de ro\u0219ii<br \/>\n-Caserole cu yuca<br \/>\n-Pe\u0219te \u0219i pui la gr\u0103tar (dorado) + op\u021bional sos de lapte de cocos<br \/>\n-Fructe proaspete<br \/>\n- 1 b\u0103utur\u0103 f\u0103r\u0103 alcool (sod\u0103 sau ap\u0103)<br \/>\n-Cafea<\/p>\n<p><strong>Serviciu suplimentar de homar + bomboane de cocos $19 USD (supliment).<\/strong><\/p>\n<\/div>\n<p><label>Include:<\/label>\u00a0Alte servicii incluse (Echipaj, combustibil \u0219i r\u0103citor cu ghea\u021b\u0103 sunt incluse)<\/p>\n<p><label>Nu este inclus:<\/label>\u00a0B\u0103uturile sau alimentele NU sunt incluse<\/p>\n<p><label>Include\u021bi combustibil:<\/label>\u00a0da<\/p>\n<\/div>\n<p>Contacta\u021bi-ne prin Whatsapp: +1-809-720-6035. Cel mai bun pret online...<\/p>\n<p>&nbsp;<\/p>\n<h4><b><i>Politica de anulare<\/i><\/b><\/h4>\n<p>Pentru o rambursare complet\u0103, v\u0103 rug\u0103m s\u0103 citi\u021bi politicile noastre de anulare\u00a0<a href=\"https:\/\/www.boattoursamana.com\/ro\/rezervare-online\/\" target=\"_blank\" rel=\"noopener\" data-saferedirecturl=\"https:\/\/www.google.com\/url?q=https:\/\/www.boattoursamana.com\/online-booking\/&amp;source=gmail&amp;ust=1672449202351000&amp;usg=AOvVaw1yAeVAPktmaVCqDujgUn90\">Click aici<\/a>. Fondurile se vor pierde dac\u0103 rezervarea este anulat\u0103 \u00een aceea\u0219i zi a c\u0103l\u0103toriei.<\/p>\n\n\t\t<\/div>\n\t<\/div>\n<\/div><\/div><\/div><\/div><div class=\"vc_row wpb_row vc_row-fluid\" ><div class=\"wpb_column vc_column_container vc_col-sm-12\"><div class=\"vc_column-inner\"><div class=\"wpb_wrapper\"><div class=\"vc_btn3-container vc_btn3-inline\" ><button class=\"vc_general vc_btn3 vc_btn3-size-md vc_btn3-shape-rounded vc_btn3-style-modern vc_btn3-color-green\">REZERVA ACUM<\/button><\/div><\/div><\/div><\/div><\/div>","protected":false},"excerpt":{"rendered":"<p>Barc\u0103 cu motor privat\u0103 ( Lancha) Golful Samana \u00cenchiriaz\u0103 aceast\u0103 barc\u0103 cu motor fabuloas\u0103 pentru o zi \u00eentreag\u0103 pentru p\u00e2n\u0103 la 5 persoane pentru a vizita <a href=\"https:\/\/www.boattoursamana.com\/ro\/destinatii\/los-haitis-parc-national-bilete-tururi\/\" target=\"_blank\" rel=\"noopener\" data-saferedirecturl=\"https:\/\/www.google.com\/url?q=https:\/\/www.boattoursamana.com\/destinations\/los-haitises-national-park-tickets-tours\/&amp;source=gmail&amp;ust=1637749313206000&amp;usg=AOvVaw2iM1LFDbYv-Gthna0qZt2n\">Haitises<\/a> \u0219i Cayo Levantado. De asemenea, \u00een sezonul de observare a balenelor, pute\u021bi folosi barca pentru a vedea balenele \u00een golful Samana.<\/p>","protected":false},"featured_media":12415,"template":"","meta":[],"product_cat":[1054,841,1000],"product_tag":[842,843,844,845],"class_list":["post-13398","product","type-product","status-publish","has-post-thumbnail","hentry","product_cat-private-speed-boat-lancha-samana-bay","product_cat-rent-catamaran-or-boat-samana","product_cat-ultimo2022","product_tag-catamaran-for-renting-samana","product_tag-samana-boat-rentals","product_tag-samana-catamaran","product_tag-samana-rentals"],"_links":{"self":[{"href":"https:\/\/www.boattoursamana.com\/ro\/wp-json\/wp\/v2\/product\/13398","targetHints":{"allow":["GET"]}}],"collection":[{"href":"https:\/\/www.boattoursamana.com\/ro\/wp-json\/wp\/v2\/product"}],"about":[{"href":"https:\/\/www.boattoursamana.com\/ro\/wp-json\/wp\/v2\/types\/product"}],"wp:featuredmedia":[{"embeddable":true,"href":"https:\/\/www.boattoursamana.com\/ro\/wp-json\/wp\/v2\/media\/12415"}],"wp:attachment":[{"href":"https:\/\/www.boattoursamana.com\/ro\/wp-json\/wp\/v2\/media?parent=13398"}],"wp:term":[{"taxonomy":"product_cat","embeddable":true,"href":"https:\/\/www.boattoursamana.com\/ro\/wp-json\/wp\/v2\/product_cat?post=13398"},{"taxonomy":"product_tag","embeddable":true,"href":"https:\/\/www.boattoursamana.com\/ro\/wp-json\/wp\/v2\/product_tag?post=13398"}],"curies":[{"name":"wp","href":"https:\/\/api.w.org\/{rel}","templated":true}]}}