{"id":13514,"date":"2021-12-29T09:46:17","date_gmt":"2021-12-29T09:46:17","guid":{"rendered":"https:\/\/www.ticketswhales.com\/?post_type=product&#038;p=13514"},"modified":"2023-02-25T22:05:24","modified_gmt":"2023-02-25T22:05:24","slug":"27-waterfalls-from-samana-private-or-small-group-trip","status":"publish","type":"product","link":"https:\/\/www.boattoursamana.com\/ro\/tur\/27-cascade-de-la-samana-excursie-privata-sau-grup-mic","title":{"rendered":"27 Cascade din Saman\u00e1 \u2013 Excursie privat\u0103 sau \u00een grup mic"},"content":{"rendered":"<div class=\"vc_row wpb_row vc_row-fluid\" ><div class=\"wpb_column vc_column_container vc_col-sm-12\"><div class=\"vc_column-inner\"><div class=\"wpb_wrapper\"><div class=\"vc_btn3-container vc_btn3-inline\" ><button class=\"vc_general vc_btn3 vc_btn3-size-md vc_btn3-shape-rounded vc_btn3-style-modern vc_btn3-color-green\">REZERVA ACUM<\/button><\/div><div class=\"mkdf-section-title-holder\" style=\"text-align: left\">\n\t<div class=\"mkdf-st-inner\">\n\t\t\t\t\t<h5 class=\"mkdf-st-subtitle\" >\n\t\t\t\tPr\u00e2nz \u0219i transport incluse\t\t\t<\/h5>\n\t\t\t\t\t\t\t<h3 class=\"mkdf-st-title\" >\n\t\t\t\t27 de cascade din Samana - excursie privat\u0103 sau grup mic\t\t\t<\/h3>\n\t\t\t\t\t<\/div>\n<\/div><\/div><\/div><\/div><\/div><div class=\"vc_row wpb_row vc_row-fluid\" ><div class=\"wpb_column vc_column_container vc_col-sm-12\"><div class=\"vc_column-inner\"><div class=\"wpb_wrapper\">\n\t<div class=\"wpb_text_column wpb_content_element\" >\n\t\t<div class=\"wpb_wrapper\">\n\t\t\t<h3 class=\"ui_header h1 attractions-product-info-ProductTitle__title--1qM0o\"><\/h3>\n<h4><b><i>Prezentare general\u0103 <\/i><\/b><\/h4>\n<p>Ob\u021bine\u021bi bilete pentru o excursie de o zi \u00eentreag\u0103, \u00eencep\u00e2nd de la Samana la Cascada 27 din Damajagua. Biletele de intrare cu pr\u00e2nz \u0219i excursie includ s\u0103rituri \u0219i \u00eenot \u00een cele mai frumoase cascade din Republica Dominican\u0103. Drume\u021bii \u0219i \u00eenot cu echipament de siguran\u021b\u0103 pentru a avea cea mai bun\u0103 experien\u021b\u0103!<\/p>\n<p>Dup\u0103 aceast\u0103 experien\u021b\u0103, ve\u021bi reveni la Samana \u00een Loca\u021bia \u00een care v\u0103 \u00eent\u00e2lni\u021bi cu Ghidul Turistic sau cu Hotelul.<\/p>\n<ul>\n<li style=\"font-weight: 400;\">Taxe incluse<\/li>\n<li>Masa de pranz<\/li>\n<li>Gust\u0103ri<\/li>\n<li style=\"font-weight: 400;\">Ghid turistic local \u00een englez\u0103<\/li>\n<\/ul>\n<p>&nbsp;<\/p>\n<h4><b>Incluziuni \u0219i excluderi<\/b><\/h4>\n<p>&nbsp;<\/p>\n<p><b>Incluziuni<\/b><\/p>\n<ol>\n<li style=\"font-weight: 400;\">27 Cascade din Damajagua<\/li>\n<li>Masa de pranz<\/li>\n<li style=\"font-weight: 400;\"><span style=\"font-weight: 400;\">Toate taxele, taxele \u0219i taxele de manipulare<\/span><\/li>\n<li style=\"font-weight: 400;\"><span style=\"font-weight: 400;\">Taxe locale<\/span><\/li>\n<li style=\"font-weight: 400;\"><span style=\"font-weight: 400;\">B\u0103uturi<\/span><\/li>\n<li>Gust\u0103ri<\/li>\n<li style=\"font-weight: 400;\"><span style=\"font-weight: 400;\">Toate activit\u0103\u021bile<\/span><\/li>\n<li style=\"font-weight: 400;\"><span style=\"font-weight: 400;\">Ghid local<\/span><\/li>\n<li>Transport<\/li>\n<\/ol>\n<p><b> Excluderile<\/b><\/p>\n<ol>\n<li style=\"font-weight: 400;\"><span style=\"font-weight: 400;\">Gratuitatii<\/span><\/li>\n<li style=\"font-weight: 400;\"><span style=\"font-weight: 400;\">Bauturi alcoolice<\/span><\/li>\n<\/ol>\n<p>&nbsp;<\/p>\n<h4><em><strong>Plecare \u0219i \u00eentoarcere<\/strong><\/em><\/h4>\n<p><span style=\"font-weight: 400;\">C\u0103l\u0103torul va fi preluat de la Hotelurile Samana. Tururile \u00eencep \u0219i se termin\u0103 la punctele dvs. de \u00eent\u00e2lnire.<\/span><\/p>\n<h4><\/h4>\n<h3 class=\"ui_header h1 attractions-product-info-ProductTitle__title--1qM0o\">Tur 27 Cascadele Damajagua din Samana.<\/h3>\n<h4><b><i>La ce s\u0103 te a\u0219tep\u021bi?<\/i><\/b><\/h4>\n<div class=\"apd_content_block\" data-tab=\"TABS_OVERVIEW\">\n<div class=\"ui_card section attractions-product-details-Overview__sectionMargin--uHktd attractions-product-details-Overview__cleanslateOverrideDT--39Ov7\"><strong>Not\u0103:<\/strong> C\u0103l\u0103toria \u00eentr-un singur sens de la Samana la Puerto Plata este de aproximativ 4 ore. Plec\u0103m din Samana \u00een jurul orei 6:00 AM. \u00cenapoi la Samana \u00een jurul orei 20:00.<\/div>\n<\/div>\n<div data-tab=\"TABS_WHAT_TO_EXPECT\">\n<div class=\"ui_card attractions-card-CollapsibleProductDetailsCard__cardContainer--3r2wk attractions-card-CollapsibleProductDetailsCard__cleanslateOverrideDT--2AJh0\">\n<div class=\"attractions-card-CollapsibleCard__header--IDA3r\">\n<div class=\"attractions-card-CollapsibleCard__headerSection--3gTKb\"><\/div>\n<\/div>\n<div class=\"attractions-card-CollapsibleCard__content--2Ws8q\">\n<div class=\"attractions-card-CollapsibleCard__contentWrap--374jk attractions-card-CollapsibleCard__titleUnderline--1uHze\">\n<div>Descoperi\u021bi cascadele izolate Damajagua, ascunse pe dealurile din Coridorul de Nord al Republicii Dominicane, \u00een aceast\u0103 excursie de o zi \u00eentreag\u0103 de la Puerto Plata. Explora\u021bi cele dou\u0103zeci \u0219i \u0219apte de cascade curate, \u00een cascad\u0103 peste calcar, cu ghidul local. Ob\u021bine\u021bi un scurt briefing de siguran\u021b\u0103, apoi s\u0103ri\u021bi, \u00eenota\u021bi \u0219i aluneca\u021bi pe tobogane naturale.<\/div>\n<div><\/div>\n<div>Pr\u00e2nzul, b\u0103uturile sunt incluse. O urcare moderat\u0103 de 40 de minute printr-un peisaj frumos de jungl\u0103 te duce la a 12-a cascad\u0103 sau, dac\u0103 e\u0219ti \u00eentr-o form\u0103 fizic\u0103 excelent\u0103, alege s\u0103 mergi p\u00e2n\u0103 \u00een v\u00e2rful celor 27 de cascade (aproximativ 70 de minute) \u0219i s\u0103 experimentezi totul. .<\/div>\n<div class=\"attractions-card-CollapsibleProductDetailsCard__cardContent--23ext\">\n<div class=\"common-text-ReadMore__readMore--3Iu8c common-text-ReadMore__variantFadeOut--1tInd\">\n<div class=\"common-text-ReadMore__content--2X4LR\">\n<div class=\"ui_columns is-desktop\">\n<div><\/div>\n<div class=\"ui_column\">Oricum, adev\u0103rata ta distrac\u021bie \u00eencepe pe m\u0103sur\u0103 ce ne \u00eentoarcem \u00een aval \u0219i tu s\u0103ri, aluneci \u0219i \u00eeno\u021bi printr-o serie de cascade spectaculoase, canioane \u0219i bazine azurii, care apar cu un r\u00e2njet prostesc pe fa\u021b\u0103 \u0219i amintiri incredibile de pre\u021buit! Tururile includ s\u0103rituri de p\u00e2n\u0103 la 25 de picioare (8 metri), dar nu v\u0103 face\u021bi griji, cele mari au alt\u0103 cale de cobor\u00e2re dac\u0103 nu dori\u021bi s\u0103 sari.<\/div>\n<div><\/div>\n<div class=\"ui_column\">Dup\u0103 o plimbare de 15 minute \u00eenapoi la tab\u0103ra de baz\u0103 \u0219i s\u0103 v\u0103 schimba\u021bi hainele uscate, bucura\u021bi-v\u0103 de un pr\u00e2nz tip bufet dominican delicios \u0219i variat, care include lucruri precum pui \u0219i porc la gr\u0103tar, tocane, orez, paste \u0219i salate.<\/div>\n<div><\/div>\n<div class=\"ui_column\">B\u0103uturile locale cu rom, sucurile \u0219i apa sunt incluse (bere este disponibil\u0103, dar nu este inclus\u0103). Dup\u0103 mas\u0103, lua\u021bi la revedere de la ghizii locali \u0219i ve\u021bi avea \u00een vedere cea mai bun\u0103 experien\u021b\u0103 \u0219i fotografiile sau videoclipurile pentru tot restul vie\u021bii.<\/div>\n<div class=\"ui_column\">Dup\u0103 aceasta, ne \u00eentoarcem la Samana.<\/div>\n<\/div>\n<\/div>\n<\/div>\n<\/div>\n<\/div>\n<\/div>\n<\/div>\n<\/div>\n<h4><em><strong>Ce ar trebui s\u0103 aduci?<\/strong><\/em><\/h4>\n<ul>\n<li style=\"font-weight: 400;\"><span style=\"font-weight: 400;\">aparat foto<\/span><\/li>\n<li style=\"font-weight: 400;\"><span style=\"font-weight: 400;\">Muguri repelent<\/span><\/li>\n<li style=\"font-weight: 400;\"><span style=\"font-weight: 400;\">Lotiune de plaja<\/span><\/li>\n<li style=\"font-weight: 400;\"><span style=\"font-weight: 400;\">P\u0103l\u0103rie<\/span><\/li>\n<li style=\"font-weight: 400;\"><span style=\"font-weight: 400;\">Pantaloni comozi<\/span><\/li>\n<li style=\"font-weight: 400;\"><span style=\"font-weight: 400;\">Pantofi de drume\u021bie pentru p\u0103dure<\/span><\/li>\n<li style=\"font-weight: 400;\"><span style=\"font-weight: 400;\">Sandale \u00een zonele de prim\u0103var\u0103.<\/span><\/li>\n<li style=\"font-weight: 400;\"><span style=\"font-weight: 400;\">\u00cembr\u0103c\u0103minte de \u00eenot<\/span><\/li>\n<\/ul>\n<p>&nbsp;<\/p>\n<h4><b><i>Preluare la hotel <\/i><\/b><\/h4>\n<p><span style=\"font-weight: 400;\">Pentru acest tur este oferit transfer de la hotel. Am configurat Pick up contact\u00e2ndu-ne prin Whatsapp.<\/span><\/p>\n<p>&nbsp;<\/p>\n<p><b>Not\u0103:<\/b><span style=\"font-weight: 400;\"> Dac\u0103 rezerva\u021bi \u00een termen de 24 de ore de la ora de plecare a turului\/excursiei, putem aranja preluarea de la hotel. Odat\u0103 ce achizi\u021bia dvs. este finalizat\u0103, v\u0103 vom trimite informa\u021bii complete de contact (num\u0103r de telefon, adres\u0103 de e-mail etc.) pentru ghidul nostru local pentru a organiza aranjamentele de ridicare.<\/span><\/p>\n<h4><b><i>Confirmare informa\u021bii suplimentare <\/i><\/b><\/h4>\n<ol>\n<li>Biletele sunt Chitan\u021ba dup\u0103 plata acestui Tur. Pute\u021bi afi\u0219a plata pe telefon.<\/li>\n<li style=\"font-weight: 400;\"><span style=\"font-weight: 400;\">Punctul de \u00eent\u00e2lnire va fi primit dup\u0103 procesul de rezervare.<\/span><\/li>\n<li style=\"font-weight: 400;\"><span style=\"font-weight: 400;\">Copiii trebuie s\u0103 fie \u00eenso\u021bi\u021bi de un adult.<\/span><\/li>\n<li style=\"font-weight: 400;\"><span style=\"font-weight: 400;\"> Nu este accesibil cu scaunul cu rotile <\/span><\/li>\n<li style=\"font-weight: 400;\"><span style=\"font-weight: 400;\">Bebelu\u0219ii trebuie s\u0103 stea pe poale <\/span><\/li>\n<li style=\"font-weight: 400;\"><span style=\"font-weight: 400;\">Nu este recomandat c\u0103l\u0103torilor cu probleme de spate<\/span><\/li>\n<li style=\"font-weight: 400;\"><span style=\"font-weight: 400;\">Nu este recomandat c\u0103l\u0103torilor \u00eens\u0103rcinate <\/span><\/li>\n<li style=\"font-weight: 400;\"><span style=\"font-weight: 400;\"> F\u0103r\u0103 probleme cardiace sau alte afec\u021biuni medicale grave <\/span><\/li>\n<li style=\"font-weight: 400;\"><span style=\"font-weight: 400;\">Majoritatea c\u0103l\u0103torilor pot participa<\/span><\/li>\n<\/ol>\n<h4><b><i>Politica de anulare<\/i><\/b><\/h4>\n<p>Pentru o rambursare complet\u0103, v\u0103 rug\u0103m s\u0103 citi\u021bi politicile noastre de anulare\u00a0<a href=\"https:\/\/www.boattoursamana.com\/ro\/rezervare-online\/\" target=\"_blank\" rel=\"noopener\" data-saferedirecturl=\"https:\/\/www.google.com\/url?q=https:\/\/www.boattoursamana.com\/online-booking\/&amp;source=gmail&amp;ust=1672449202351000&amp;usg=AOvVaw1yAeVAPktmaVCqDujgUn90\">Click aici<\/a>. Fondurile se vor pierde dac\u0103 rezervarea este anulat\u0103 \u00een aceea\u0219i zi a c\u0103l\u0103toriei.<\/p>\n\n\t\t<\/div>\n\t<\/div>\n<div class=\"vc_btn3-container vc_btn3-inline\" ><button class=\"vc_general vc_btn3 vc_btn3-size-md vc_btn3-shape-rounded vc_btn3-style-modern vc_btn3-color-green\">REZERVA ACUM<\/button><\/div><\/div><\/div><\/div><\/div><div class=\"vc_row wpb_row vc_row-fluid\" ><div class=\"wpb_column vc_column_container vc_col-sm-12\"><div class=\"vc_column-inner\"><div class=\"wpb_wrapper\">\n\t<div class=\"wpb_video_widget wpb_content_element vc_clearfix   vc_video-aspect-ratio-169 vc_video-el-width-100 vc_video-align-left\" >\n\t\t<div class=\"wpb_wrapper\">\n\t\t\t<h2 class=\"wpb_heading wpb_video_heading\">Tur de 27 de cascade din Damajagua din Puerto Plata:<\/h2>\n\t\t\t<div class=\"wpb_video_wrapper\"><iframe loading=\"lazy\" title=\"27 de cascade din Damajagua de Booking Adventures &amp; Travel Republica Dominican\u0103\" width=\"1100\" height=\"619\" src=\"https:\/\/www.youtube.com\/embed\/AVNh_we_RQE?start=17&feature=oembed\" frameborder=\"0\" allow=\"accelerometer; autoplay; encrypted-media; gyroscope; picture-in-picture\" allowfullscreen><\/iframe><\/div>\n\t\t<\/div>\n\t<\/div>\n<\/div><\/div><\/div><\/div><div class=\"wpb_column vc_column_container vc_col-sm-12\"><div class=\"vc_column-inner\"><div class=\"wpb_wrapper\"><\/div><\/div><\/div><div class=\"vc_row wpb_row vc_row-fluid\" ><div class=\"wpb_column vc_column_container vc_col-sm-12\"><div class=\"vc_column-inner\"><div class=\"wpb_wrapper\"><div class=\"vc_btn3-container vc_btn3-inline\" ><button class=\"vc_general vc_btn3 vc_btn3-size-md vc_btn3-shape-rounded vc_btn3-style-modern vc_btn3-color-green\">REZERVA ACUM<\/button><\/div><\/div><\/div><\/div><\/div>","protected":false},"excerpt":{"rendered":"<p id=\"tw-target-text\" class=\"tw-data-text tw-text-large tw-ta\" dir=\"ltr\" data-placeholder=\"Translation\"><span class=\"Y2IQFc\" lang=\"en\">Aceast\u0103 excursie de la Samana la 27 de cascade din Damajagua \u00een Puerto Plata, pr\u00e2nz \u0219i excursie prin cele 27 de cascade, plimbare \u0219i s\u0103ri p\u00e2n\u0103 la r\u00e2u. Excursie ecologic\u0103 la cele 27 de cascade din Puerto Plata. Ob\u021bine\u021bi bilete pentru o excursie de o zi \u00eentreag\u0103 din zona Punta Cana la Cascada 27 din Damajagua. <\/span><\/p>\n<p class=\"tw-data-text tw-text-large tw-ta\" dir=\"ltr\" data-placeholder=\"Translation\"><span class=\"Y2IQFc\" lang=\"en\">Bilete de intrare cu pr\u00e2nz \u0219i excursie Acestea includ s\u0103rituri \u0219i \u00eenot \u00een cele mai frumoase cascade din Republica Dominican\u0103. F\u0103 drume\u021bii \u0219i \u00eenot\u0103 cu echipament de siguran\u021b\u0103 pentru a avea cea mai bun\u0103 experien\u021b\u0103!<\/span><\/p>\n<p class=\"tw-data-text tw-text-large tw-ta\" dir=\"ltr\" data-placeholder=\"Translation\"><strong><span class=\"Y2IQFc\" lang=\"en\">Selecta\u021bi data turului:<\/span><\/strong><\/p>","protected":false},"featured_media":9037,"template":"","meta":[],"product_cat":[282,947,948,281,283,159,178,160,1001,253,252],"product_tag":[286,284,292,401,290,291,406,405,404,403,288,402,287,293,285,407,289],"class_list":["post-13514","product","type-product","status-publish","has-post-thumbnail","hentry","product_cat-tours-excursions-27-waterfalls-puerto-plata-dominican-republic","product_cat-1-puerto-plata","product_cat-1-punta-cana","product_cat-27-waterfalls","product_cat-damajagua","product_cat-fees-entrace","product_cat-hiking","product_cat-lunch","product_cat-puerto-plata-27-waterfalls-hike","product_cat-tours-and-excursions","product_cat-waterfalls","product_tag-27-charcos-de-damajagua","product_tag-27-waterfalls","product_tag-27-waterfalls-dominican-republic","product_tag-27-waterfalls-dominican-republic-facts","product_tag-27-waterfalls-excursion","product_tag-27-waterfalls-puerto-plata","product_tag-amber-cove-cruise-terminal-27-waterfalls","product_tag-amber-cove-excursions","product_tag-damajagua-falls-tours","product_tag-damajagua-national-park","product_tag-excursion-27-waterfalls","product_tag-how-to-get-to-27-waterfalls-from-puerto-plata","product_tag-jumping-27-waterfalls","product_tag-los-27-charcos-de-puerto-plata","product_tag-puerto-plata","product_tag-things-to-do-in-amber-cove","product_tag-tour-27-waterfalls"],"_links":{"self":[{"href":"https:\/\/www.boattoursamana.com\/ro\/wp-json\/wp\/v2\/product\/13514","targetHints":{"allow":["GET"]}}],"collection":[{"href":"https:\/\/www.boattoursamana.com\/ro\/wp-json\/wp\/v2\/product"}],"about":[{"href":"https:\/\/www.boattoursamana.com\/ro\/wp-json\/wp\/v2\/types\/product"}],"wp:featuredmedia":[{"embeddable":true,"href":"https:\/\/www.boattoursamana.com\/ro\/wp-json\/wp\/v2\/media\/9037"}],"wp:attachment":[{"href":"https:\/\/www.boattoursamana.com\/ro\/wp-json\/wp\/v2\/media?parent=13514"}],"wp:term":[{"taxonomy":"product_cat","embeddable":true,"href":"https:\/\/www.boattoursamana.com\/ro\/wp-json\/wp\/v2\/product_cat?post=13514"},{"taxonomy":"product_tag","embeddable":true,"href":"https:\/\/www.boattoursamana.com\/ro\/wp-json\/wp\/v2\/product_tag?post=13514"}],"curies":[{"name":"wp","href":"https:\/\/api.w.org\/{rel}","templated":true}]}}