{"id":13517,"date":"2021-12-30T09:25:29","date_gmt":"2021-12-30T09:25:29","guid":{"rendered":"https:\/\/www.ticketswhales.com\/?post_type=product&#038;p=13517"},"modified":"2023-02-25T21:48:23","modified_gmt":"2023-02-25T21:48:23","slug":"zipline-punta-cana-ziplining-in-the-jungle","status":"publish","type":"product","link":"https:\/\/www.boattoursamana.com\/ro\/tur\/zipline-punta-cana-tiroliana-in-jungla-2","title":{"rendered":"Zipline Punta Cana \u2013 Tirolian\u0103 \u00een jungl\u0103"},"content":{"rendered":"<div class=\"vc_row wpb_row vc_row-fluid\" ><div class=\"wpb_column vc_column_container vc_col-sm-12\"><div class=\"vc_column-inner\"><div class=\"wpb_wrapper\"><div class=\"mkdf-section-title-holder\" style=\"text-align: left\">\n\t<div class=\"mkdf-st-inner\">\n\t\t\t\t\t<h5 class=\"mkdf-st-subtitle\" >\n\t\t\t\tDe la Hotelurile Punta Cana\t\t\t<\/h5>\n\t\t\t\t\t\t\t<h3 class=\"mkdf-st-title\" >\n\t\t\t\tZipline Punta Cana - Tirolian\u0103 \u00een jungl\u0103\t\t\t<\/h3>\n\t\t\t\t\t\t\t<p class=\"mkdf-st-text\" >\n\t\t\t\tNot\u0103: Acest tur \u00eencepe la 7:00 am \u00cen func\u021bie de locul \u00een care este ora de preluare a hotelurilor, se poate modifica. Costuri suplimentare pentru ridicarea \u00een zone care nu sunt enumerate \u00een descrierea noastr\u0103.\t\t\t<\/p>\n\t\t\t<\/div>\n<\/div><\/div><\/div><\/div><\/div><div class=\"vc_row wpb_row vc_row-fluid\" ><div class=\"wpb_column vc_column_container vc_col-sm-12\"><div class=\"vc_column-inner\"><div class=\"wpb_wrapper\"><div class=\"vc_empty_space\"   style=\"height: 32px\"><span class=\"vc_empty_space_inner\"><\/span><\/div><\/div><\/div><\/div><\/div><div class=\"vc_row wpb_row vc_row-fluid\" ><div class=\"wpb_column vc_column_container vc_col-sm-12\"><div class=\"vc_column-inner\"><div class=\"wpb_wrapper\"><div class=\"vc_btn3-container vc_btn3-inline\" ><button class=\"vc_general vc_btn3 vc_btn3-size-md vc_btn3-shape-rounded vc_btn3-style-modern vc_btn3-color-green\">REZERVA ACUM<\/button><\/div>\n\t<div class=\"wpb_text_column wpb_content_element\" >\n\t\t<div class=\"wpb_wrapper\">\n\t\t\t<h4><b><i>Prezentare general\u0103 <\/i><\/b><\/h4>\n<div>\n<p>Zbura\u021bi prin baldachinul p\u0103durii tropicale pe unele dintre cele mai lungi tiroliane din Caraibe. Traversa\u021bi de la platform\u0103 la platform\u0103 \u00een p\u0103dure pe 12 cabluri, a\u0219ezate una l\u00e2ng\u0103 alta, astfel \u00eenc\u00e2t s\u0103 pute\u021bi face fermoar cu un partener.<\/p>\n<p>Ghizi exper\u021bi de aventur\u0103 ofer\u0103 un briefing de siguran\u021b\u0103 \u0219i efectueaz\u0103 o verificare complet\u0103 a siguran\u021bei \u00eenainte de a zbura. Pe drum, c\u0103uta\u021bi flora \u0219i fauna native din p\u0103durea tropical\u0103.<\/p>\n<ul>\n<li>Vederi aeriene de la unele dintre cele mai lungi tiroliane din Caraibe<\/li>\n<li>Vede\u021bi flora \u0219i fauna native \u00een p\u0103durea tropical\u0103<\/li>\n<li>Ghizii profesioni\u0219ti ofer\u0103 instruc\u021biuni de siguran\u021b\u0103 \u0219i echipamente<\/li>\n<li>Preluare \u0219i predare la hotel incluse<\/li>\n<\/ul>\n<\/div>\n<p>&nbsp;<\/p>\n<h4><b>Incluziuni \u0219i excluderi<\/b><\/h4>\n<p>&nbsp;<\/p>\n<p><b>Incluziuni<\/b><\/p>\n<p>&nbsp;<\/p>\n<ol>\n<li>Turul ZIPLINE<\/li>\n<li>Preluare cu autobuzul de la hotelul dvs<\/li>\n<li style=\"font-weight: 400;\"><span style=\"font-weight: 400;\">Toate taxele, taxele \u0219i taxele de manipulare<\/span><\/li>\n<li style=\"font-weight: 400;\"><span style=\"font-weight: 400;\">Taxe locale<\/span><\/li>\n<li style=\"font-weight: 400;\"><span style=\"font-weight: 400;\">B\u0103uturi<\/span><\/li>\n<\/ol>\n<p><b> Excluderile<\/b><\/p>\n<ol>\n<li style=\"font-weight: 400;\"><span style=\"font-weight: 400;\">Gratuitatii<\/span><\/li>\n<li>\n<div class=\"py-1 inclusions-exclusions-item d-flex\">\n<div class=\"d-inline-block inclusions-exclusions-text\">B\u0103uturi alcoolice (disponibile pentru cump\u0103rare)<\/div>\n<\/div>\n<\/li>\n<li>Masa de pranz<\/li>\n<\/ol>\n<p>&nbsp;<\/p>\n<h4><em><strong>Plecare \u0219i \u00eentoarcere<\/strong><\/em><\/h4>\n<p><span style=\"font-weight: 400;\">C\u0103l\u0103torul va primi un punct de \u00eent\u00e2lnire dup\u0103 Procesul de Rezervare. Tururile \u00eencep \u0219i se termin\u0103 \u00een punctele noastre de \u00eent\u00e2lnire.<\/span><\/p>\n<p>&nbsp;<\/p>\n<h4><b><i>La ce s\u0103 te a\u0219tep\u021bi?<\/i><\/b><\/h4>\n<p>Vizita\u021bi primul Tur Zip Line din Republica Dominican\u0103, construit de unul dintre cei mai experimenta\u021bi constructori de circuite Zip Lines din Costa Rica \u0219i certificat de ACCT (tehnologia Asocia\u021biei pentru Cursuri de Provocare). Privi\u021bi peisajele frumoase \u0219i cultura interesant\u0103 \u00een c\u0103l\u0103toria de 45 de minute p\u00e2n\u0103 la facilit\u0103\u021bile noastre.<\/p>\n<p>Acolo, ghizii no\u0219tri exper\u021bi \u00een baldachin v\u0103 vor spune ce trebuie s\u0103 \u0219ti\u021bi despre activitate \u0219i echipament. Dup\u0103 briefing-ul de siguran\u021b\u0103 \u0219i linia noastr\u0103 \u0219colar\u0103 sunte\u021bi gata pentru prima platform\u0103. Ata\u0219at \u00een siguran\u021b\u0103 cu unelte de alpinism la cablurile de linie dubl\u0103, trebuie doar s\u0103 sari \u0219i s\u0103 te bucuri de plimbare.<\/p>\n<p>Turul este format din 12 linii repartizate pe 18 platforme. Ve\u021bi avea nevoie de la o or\u0103 la o or\u0103 \u0219i 30 de minute pentru a finaliza cursul, dar nu v\u0103 face\u021bi griji, primele cabluri nu sunt foarte lungi sau rapide pentru a v\u0103 construi \u00eencrederea.<\/p>\n<p>C\u00e2nd ajungi la cablul 6, po\u021bi atinge o vitez\u0103 de 55 km pe or\u0103. Cablul num\u0103rul 9 este cel mai \u00eenalt al nostru, iar cablul 11 este singurul cablu unul l\u00e2ng\u0103 altul din \u021bar\u0103 cu 800 de metri. La final, servim fructe proaspete.<\/p>\n<p><strong>Orar:<\/strong><\/p>\n<p>7:00 AM \u2013 2:00 PM\u2026 Schimbarea or\u0103 \u00een func\u021bie de locul \u00een care v\u0103 afla\u021bi \u00een Punta Cana.<\/p>\n<p>&nbsp;<\/p>\n<h4><em><strong>Ce ar trebui s\u0103 aduci?<\/strong><\/em><\/h4>\n<ul>\n<li style=\"font-weight: 400;\"><span style=\"font-weight: 400;\">aparat foto<\/span><\/li>\n<li style=\"font-weight: 400;\"><span style=\"font-weight: 400;\">Muguri repelent<\/span><\/li>\n<li style=\"font-weight: 400;\"><span style=\"font-weight: 400;\">lotiune de plaja<\/span><\/li>\n<li style=\"font-weight: 400;\"><span style=\"font-weight: 400;\">P\u0103l\u0103rie<\/span><\/li>\n<li style=\"font-weight: 400;\"><span style=\"font-weight: 400;\">Pantaloni comozi<\/span><\/li>\n<li style=\"font-weight: 400;\"><span style=\"font-weight: 400;\">Pantofi de drume\u021bie pentru p\u0103dure<\/span><\/li>\n<li style=\"font-weight: 400;\"><span style=\"font-weight: 400;\">Sandale la plaj\u0103<\/span><\/li>\n<li style=\"font-weight: 400;\"><span style=\"font-weight: 400;\">\u00cembr\u0103c\u0103minte de \u00eenot<\/span><\/li>\n<li>Cash pentru suveniruri<\/li>\n<\/ul>\n<p>&nbsp;<\/p>\n<h4><b><i>Preluare la hotel <\/i><\/b><\/h4>\n<p><span style=\"font-weight: 400;\">Se ofer\u0103 preluare de c\u0103l\u0103tori!<\/span><\/p>\n<p><span style=\"font-weight: 400;\">Prelu\u0103m de la toate hotelurile din Punta Cana. Loca\u021bia de preluare este holul hotelului<br \/>\nDac\u0103 sunte\u021bi cazat \u00eentr-un apartament \u00een zon\u0103, v\u0103 vom prelua de la apartament sau de la intrarea \u00een cea mai apropiat\u0103 sta\u021biune.. Am stabilit Pick up contact\u00e2ndu-ne prin WhatsApp.<\/span><\/p>\n<p><b>Not\u0103:<\/b><span style=\"font-weight: 400;\"> Dac\u0103 rezerva\u021bi \u00een termen de 24 de ore de la ora de plecare a turului\/excursiei, putem aranja preluarea de la hotel. Odat\u0103 ce achizi\u021bia dvs. este finalizat\u0103, v\u0103 vom trimite informa\u021bii complete de contact (num\u0103r de telefon, adres\u0103 de e-mail etc.) pentru ghidul nostru local pentru a organiza aranjamentele de ridicare.<\/span><\/p>\n<h4><b><i>Confirmare informa\u021bii suplimentare <\/i><\/b><\/h4>\n<ol>\n<li>Biletele sunt Chitan\u021ba dup\u0103 plata acestui Tur. Pute\u021bi afi\u0219a plata pe telefon.<\/li>\n<li style=\"font-weight: 400;\"><span style=\"font-weight: 400;\">Punctul de \u00eent\u00e2lnire va fi primit dup\u0103 procesul de rezervare.<\/span><\/li>\n<li style=\"font-weight: 400;\"><span style=\"font-weight: 400;\">scaun cu rotile accesibil <\/span><\/li>\n<li style=\"font-weight: 400;\"><span style=\"font-weight: 400;\">Bebelu\u0219ii trebuie s\u0103 stea pe poale <\/span><\/li>\n<li style=\"font-weight: 400;\"><span style=\"font-weight: 400;\">Majoritatea c\u0103l\u0103torilor pot participa<\/span><\/li>\n<li><strong>Femeile \u00eens\u0103rcinate<\/strong>\u00a0nu poate participa la aceast\u0103 activitate.<\/li>\n<\/ol>\n<h4><b><i>Politica de anulare<\/i><\/b><\/h4>\n<p>Pentru o rambursare complet\u0103, v\u0103 rug\u0103m s\u0103 citi\u021bi politicile noastre de anulare\u00a0<a href=\"https:\/\/www.boattoursamana.com\/ro\/rezervare-online\/\" target=\"_blank\" rel=\"noopener\" data-saferedirecturl=\"https:\/\/www.google.com\/url?q=https:\/\/www.boattoursamana.com\/online-booking\/&amp;source=gmail&amp;ust=1672449202351000&amp;usg=AOvVaw1yAeVAPktmaVCqDujgUn90\">Click aici<\/a>. Fondurile se vor pierde dac\u0103 rezervarea este anulat\u0103 \u00een aceea\u0219i zi a c\u0103l\u0103toriei.<\/p>\n\n\t\t<\/div>\n\t<\/div>\n<div class=\"vc_btn3-container vc_btn3-inline\" ><button class=\"vc_general vc_btn3 vc_btn3-size-md vc_btn3-shape-rounded vc_btn3-style-modern vc_btn3-color-green\">REZERVA ACUM<\/button><\/div><\/div><\/div><\/div><\/div><div class=\"vc_row wpb_row vc_row-fluid\" ><div class=\"wpb_column vc_column_container vc_col-sm-12\"><div class=\"vc_column-inner\"><div class=\"wpb_wrapper\">\n\t<div class=\"wpb_text_column wpb_content_element\" >\n\t\t<div class=\"wpb_wrapper\">\n\t\t\t<h4>Contacteaz\u0103-ne?<\/h4>\n<h5><em><strong>Rezervare aventuri<\/strong><\/em><\/h5>\n<p><em><strong>Localnicii<\/strong> \u0219i <strong>Na\u0163ionalii<\/strong> Ghizi turistici \u0219i servicii pentru oaspe\u021bi<\/em><\/p>\n<p><span class=\"text-turquoise\">Rezervari:<\/span> Tururi \u0219i excursii \u00een Dom. Reprezentant.<\/p>\n\n\t\t<\/div>\n\t<\/div>\n<\/div><\/div><\/div><\/div><div class=\"vc_row wpb_row vc_row-fluid\" ><div class=\"wpb_column vc_column_container vc_col-sm-12\"><div class=\"vc_column-inner\"><div class=\"wpb_wrapper\"><div class=\"vc_empty_space\"   style=\"height: 32px\"><span class=\"vc_empty_space_inner\"><\/span><\/div>\n\t<div class=\"wpb_text_column wpb_content_element\" >\n\t\t<div class=\"wpb_wrapper\">\n\t\t\t<h4>Contacteaz\u0103-ne?<\/h4>\n<h5>Rezervare aventuri<\/h5>\n<p><em><strong>Localnicii<\/strong>\u00a0\u0219i\u00a0<strong>Na\u0163ionalii<\/strong>\u00a0Ghizi turistici \u0219i servicii pentru oaspe\u021bi<\/em><\/p>\n<p><span class=\"text-turquoise\">Rezervari:<\/span>\u00a0Tururi \u0219i excursii \u00een Dom. Reprezentant.<\/p>\n<p><img decoding=\"async\" class=\"emoji\" draggable=\"false\" src=\"https:\/\/s.w.org\/images\/core\/emoji\/11.2.0\/svg\/1f4de.svg\" alt=\"\ud83d\udcde\" title=\"\">\u00a0Tel\/Whatsapp\u00a0\u00a0<a href=\"tel:+1-809-720-6035\">+1-809-720-6035<\/a>.<\/p>\n<p><img decoding=\"async\" class=\"emoji\" draggable=\"false\" src=\"https:\/\/s.w.org\/images\/core\/emoji\/11.2.0\/svg\/1f4e9.svg\" alt=\"\ud83d\udce9\" title=\"\">\u00a0<a href=\"mailto:info@bookingadventures.com.do\">info@bookingadventures.com.do<\/a><\/p>\n<p><strong>Suntem flexibili, stabilim tururi private prin Whatsapp:\u00a0<a href=\"tel:+18097206035\">+18097206035.<\/a><\/strong><\/p>\n\n\t\t<\/div>\n\t<\/div>\n<div class=\"vc_empty_space\"   style=\"height: 32px\"><span class=\"vc_empty_space_inner\"><\/span><\/div><\/div><\/div><\/div><\/div><div class=\"vc_row wpb_row vc_row-fluid\" ><div class=\"wpb_column vc_column_container vc_col-sm-12\"><div class=\"vc_column-inner\"><div class=\"wpb_wrapper\"><div class=\"vc_btn3-container vc_btn3-inline\" ><button class=\"vc_general vc_btn3 vc_btn3-size-md vc_btn3-shape-rounded vc_btn3-style-modern vc_btn3-color-green\">REZERVA ACUM<\/button><\/div><\/div><\/div><\/div><\/div>","protected":false},"excerpt":{"rendered":"<p>Pentru aventura suprem\u0103 \u00een Punta Cana, \u00eencerca\u021bi cursul nostru cu tirolian\u0103 cu 12 linii! Cursul nostru montan are, de asemenea, 18 platforme \u0219i g\u0103zduie\u0219te cele mai lungi dou\u0103 linii din Republica Dominican\u0103 \u0219i din Caraibe. Sunte\u021bi ata\u0219at \u00een siguran\u021b\u0103 cu unelte de alpinism de cablurile de linie dubl\u0103, cel mai lung fiind de 800 de metri lungime!<\/p>\n<p><em><strong>V\u0103 rug\u0103m s\u0103 selecta\u021bi data pentru Tur\u00a0<\/strong><\/em><\/p>","protected":false},"featured_media":13519,"template":"","meta":[],"product_cat":[253,948,808,972,969,349,294],"product_tag":[1039,1037,1038,222,471,1041,313,1040,1036,1042],"class_list":["post-13517","product","type-product","status-publish","has-post-thumbnail","hentry","product_cat-tours-and-excursions","product_cat-1-punta-cana","product_cat-punta-cana-buggy-tour","product_cat-punta-cana-group-tours","product_cat-punta-cana-buggies","product_cat-tours-and-excursion-punta-cana","product_cat-tours-excursions-punta-cana-dominican-republic","product_tag-atv-and-zipline-punta-cana","product_tag-best-zipline-in-punta-cana","product_tag-longest-zipline-in-punta-cana","product_tag-punta-cana","product_tag-punta-cana-catamaran-party-with-snorkeling-and-parasailing","product_tag-punta-cana-excursions","product_tag-punta-cana-tours","product_tag-zipline-dominican-republic","product_tag-zipline-punta-cana-ziplining-in-the-jungle","product_tag-ziplining"],"_links":{"self":[{"href":"https:\/\/www.boattoursamana.com\/ro\/wp-json\/wp\/v2\/product\/13517","targetHints":{"allow":["GET"]}}],"collection":[{"href":"https:\/\/www.boattoursamana.com\/ro\/wp-json\/wp\/v2\/product"}],"about":[{"href":"https:\/\/www.boattoursamana.com\/ro\/wp-json\/wp\/v2\/types\/product"}],"wp:featuredmedia":[{"embeddable":true,"href":"https:\/\/www.boattoursamana.com\/ro\/wp-json\/wp\/v2\/media\/13519"}],"wp:attachment":[{"href":"https:\/\/www.boattoursamana.com\/ro\/wp-json\/wp\/v2\/media?parent=13517"}],"wp:term":[{"taxonomy":"product_cat","embeddable":true,"href":"https:\/\/www.boattoursamana.com\/ro\/wp-json\/wp\/v2\/product_cat?post=13517"},{"taxonomy":"product_tag","embeddable":true,"href":"https:\/\/www.boattoursamana.com\/ro\/wp-json\/wp\/v2\/product_tag?post=13517"}],"curies":[{"name":"wp","href":"https:\/\/api.w.org\/{rel}","templated":true}]}}