{"id":16647,"date":"2023-11-06T09:02:24","date_gmt":"2023-11-06T09:02:24","guid":{"rendered":"https:\/\/www.ticketswhales.com\/?post_type=product&#038;p=16647"},"modified":"2023-11-06T09:11:44","modified_gmt":"2023-11-06T09:11:44","slug":"los-haitises-cueva-el-naranjo-y-laguna-cristal-from-sabana-de-la-mar","status":"publish","type":"product","link":"https:\/\/www.boattoursamana.com\/ro\/tur\/los-haitises-cueva-el-naranjo-y-laguna-cristal-din-sabana-de-la-mar","title":{"rendered":"Los Haitises: Cueva el Naranjo y Laguna Cristal din Sabana de la mar"},"content":{"rendered":"<div class=\"vc_row wpb_row vc_row-fluid\" ><div class=\"wpb_column vc_column_container vc_col-sm-12\"><div class=\"vc_column-inner\"><div class=\"wpb_wrapper\">\n\t<div class=\"wpb_text_column wpb_content_element\" >\n\t\t<div class=\"wpb_wrapper\">\n\t\t\t<h2><span style=\"font-weight: 400;\">Los Haitises: Cueva el Naranjo y Laguna Cristal<\/span><\/h2>\n<p>Sabana de la mar<\/p>\n<p>&nbsp;<\/p>\n<p><b>Prezentare general\u0103<\/b><span style=\"font-weight: 400;\">\u00a0<\/span><\/p>\n<p>&nbsp;<\/p>\n<p><span style=\"font-weight: 400;\">Parcul Na\u021bional Los Haitises este o comoar\u0103 natural\u0103 a Republicii Dominicane, unde 25% de ap\u0103 dulce se g\u0103se\u0219te \u00een Hispaniola, \u00een timpul acestei experien\u021be, parcurgem unele dintre cele mai importante locuri ale acestui parc uimitor. Ob\u021bine\u021bi biletul pentru a explora Pe\u0219tera Ojo de Cielo, Laguna Cristal, R\u00e2ul Barracote \u0219i Golful Samana.\u00a0<\/span><\/p>\n<p>&nbsp;<\/p>\n<p><span style=\"font-weight: 400;\">Din punct de vedere hidrografic<\/span><span style=\"font-weight: 400;\">, Los Haitises \u0219i zonele sale de influen\u021b\u0103 cuprind dou\u0103 regiuni: bazinul inferior al r\u00e2ului Yuna \u0219i zona Miches \u0219i Sabana de la Mar. Yuna se scurge prin dou\u0103 guri: cea a Yuna \u00een sine \u0219i cea a Barracote. \u00cen plus, \u00een zon\u0103 se afl\u0103 r\u00e2urile Payabo, Los Cocos \u0219i Naranjo, precum \u0219i canalele Cabirma, Estero, Prieto \u0219i alte canale.<\/span><\/p>\n<p>&nbsp;<\/p>\n<p><span style=\"font-weight: 400;\">Despre peisajul Los Haitises,<\/span><span style=\"font-weight: 400;\"> pe l\u00e2ng\u0103 pe\u0219teri, se afl\u0103 Ca\u00f1o Hondo, Punta Arena, Ca\u00f1o Salado, Bah\u00eda de San Lorenzo \u0219i Cayo de los P\u00e1jaros, care sunt elemente de peisaj foarte impresionante. Acesta din urm\u0103, situat \u00eentre Boca del Infierno \u0219i El Naranjo Arriba, este u\u0219or de recunoscut prin prezen\u021ba aproape permanent\u0103 a urechilor \u0219i a pelicanilor.<\/span><\/p>\n<p>&nbsp;<\/p>\n<p><span style=\"font-weight: 400;\">Despre Sanchez City,<\/span><span style=\"font-weight: 400;\"> Anterior a fost un mic ora\u0219 numit Las Ca\u00f1itas, dar \u00een 1888 a fost ridicat la statutul de municipalitate numit\u0103 dup\u0103 unul dintre fondatorii Republicii Dominicane, Francisco del Rosario S\u00e1nchez. A crescut \u00een importan\u021b\u0103 \u0219i popula\u021bie dup\u0103 \u00eenfiin\u021barea c\u0103ii ferate \u00een 1865. Aceast\u0103 linie s-a extins p\u00e2n\u0103 \u00een regiunea central\u0103 a Cibao, transform\u00e2nd aceast\u0103 mic\u0103 comunitate din Caraibe \u00een cel mai important port al \u021b\u0103rii de la sf\u00e2r\u0219itul secolului al XIX-lea p\u00e2n\u0103 la \u00eenceputul secolului. secolul urm\u0103tor. .<\/span><\/p>\n<p>&nbsp;<\/p>\n<p><span style=\"font-weight: 400;\">Despre Laguna Cristal,<\/span><span style=\"font-weight: 400;\"> Laguna Cristal este o surs\u0103 frumoas\u0103 de ap\u0103 dulce la por\u021bile Parcului Na\u021bional Los Haitises, la nord de provincia Monte Plata, care are o frumuse\u021be unic\u0103 datorit\u0103 atrac\u021biilor sale naturale \u0219i lini\u0219tii pe care ne-o ofer\u0103. Laguna este alimentat\u0103 cu ap\u0103 subteran\u0103 care provine din parcul vecin. Un mic r\u00e2u navigabil iese din lagun\u0103 pe c\u00e2teva sute de metri care alimenteaz\u0103 r\u00e2ul Barracote, care se vars\u0103 apoi \u00een Golful San Lorenzo. Ar avea aproximativ 200 de metri ad\u00e2ncime \u0219i 70 de metri \u00een diametru.\u00a0<\/span><\/p>\n<p>&nbsp;<\/p>\n<p><span style=\"font-weight: 400;\">Pe\u0219tera El Naranjo<\/span><span style=\"font-weight: 400;\">, R\u00e2ul El Naranjo, navigabil \u00een ciuda lungimii sale de 120 de metri, \u00ee\u0219i are originea \u00eentr-o cavern\u0103 \u0219i poate fi considerat o bijuterie a naturii \u00een Parcul Na\u021bional Los Haitises, Este o atrac\u021bie care merit\u0103 cunoscut\u0103, care v\u0103 permite s\u0103 aprecia\u021bi cel mai scurt r\u00e2u din zon\u0103. insula, \u00centr-o barc\u0103 po\u021bi ajunge p\u00e2n\u0103 la cap\u0103tul pe\u0219terii de unde vine apa. Pe\u0219tera este un rezervor pentru lilieci \u0219i ioni\u0219i, iar apele sale g\u0103zduiesc specii indigene de pe\u0219ti, care \u00een alte r\u00e2uri \u0219i p\u00e2raie sunt lucruri din trecut, cum ar fi guabinas, dajaos, carpias, creve\u021bi \u0219i crabi.<\/span><\/p>\n<p>&nbsp;<\/p>\n<p><b>Incluziuni<\/b><\/p>\n<p><span style=\"font-weight: 400;\">Toate taxele, taxele \u0219i taxele de manipulare<\/span><\/p>\n<p><span style=\"font-weight: 400;\">Taxe locale<\/span><\/p>\n<p><span style=\"font-weight: 400;\">Ghizi turistici oficiali ecologisti engleza\/spaniola<\/span><\/p>\n<p><span style=\"font-weight: 400;\">Transport local (preluare la hotel)<\/span><\/p>\n<p><span style=\"font-weight: 400;\">Barc\u0103 cu vitez\u0103<\/span><\/p>\n<p><span style=\"font-weight: 400;\">Pr\u00e2nz local<\/span><\/p>\n<p><span style=\"font-weight: 400;\">Laguna Cristal\u00a0\u00a0<\/span><\/p>\n<p><span style=\"font-weight: 400;\">Cueva del Naranjo\u00a0<\/span><\/p>\n<p>&nbsp;<\/p>\n<p><b>Excluderile<\/b><\/p>\n<p>&nbsp;<\/p>\n<p><span style=\"font-weight: 400;\">Gratuitatii<\/span><\/p>\n<p><span style=\"font-weight: 400;\">B\u0103utur\u0103<\/span><\/p>\n<p><span style=\"font-weight: 400;\">\u00a0<\/span><\/p>\n<p>&nbsp;<\/p>\n<p><b>Plecare \u0219i \u00eentoarcere<\/b><\/p>\n<p><span style=\"font-weight: 400;\">Turul, organizat de \u201eBooking Adventures\u201d, \u00eencepe la punctul de \u00eent\u00e2lnire stabilit cu Ghidul Turistic. C\u0103l\u0103torul va primi un punct de \u00eent\u00e2lnire dup\u0103 Procesul de Rezervare. Tururile \u00eencep \u0219i se termin\u0103 \u00een punctele noastre de \u00eent\u00e2lnire.<\/span><\/p>\n<p>&nbsp;<\/p>\n<p><b>La ce s\u0103 te a\u0219tep\u021bi?<\/b><\/p>\n<p><span style=\"font-weight: 400;\">Ob\u021bine\u021bi biletul pentru Searching For The Los Haitises: Los Haitises: Cueva el Naranjo y Laguna Cristal, aceast\u0103 experien\u021b\u0103 v\u0103 va oferi oportunitatea de a vedea cea mai mare parte a biodiversit\u0103\u021bii insulei.\u00a0<\/span><\/p>\n<p>&nbsp;<\/p>\n<p><span style=\"font-weight: 400;\">Aceast\u0103 activitate va \u00eencepe de la preluarea de la cazare \u00een oricare dintre aceste zone:<\/span><\/p>\n<ul>\n<li style=\"font-weight: 400;\" aria-level=\"1\"><span style=\"font-weight: 400;\">Las Terrenas\u00a0<\/span><\/li>\n<li style=\"font-weight: 400;\" aria-level=\"1\"><span style=\"font-weight: 400;\">Sanchez\u00a0<\/span><\/li>\n<li style=\"font-weight: 400;\" aria-level=\"1\"><span style=\"font-weight: 400;\">Las Galeras<\/span><\/li>\n<li style=\"font-weight: 400;\" aria-level=\"1\"><span style=\"font-weight: 400;\">Santa Barbara de Samana\u00a0<\/span><\/li>\n<\/ul>\n<h3><b>Programa<\/b><b>\u00a0<\/b><\/h3>\n<p><b>Sanchez Samana, \u00cenot la Laguna Cristal \u0219i El Naranjo River &amp; Caves\u00a0<\/b><\/p>\n<p>&nbsp;<\/p>\n<p><span style=\"font-weight: 400;\">Preluare la hotel: \u00eencepe la ora 7:00 (\u00een func\u021bie de locul \u00een care v\u0103 afla\u021bi). Exist\u0103 diferite op\u021biuni de sincronizare la formularul de rezervare. Turul este de 8 ore.\u00a0<\/span><\/p>\n<p>&nbsp;<\/p>\n<p><span style=\"font-weight: 400;\">Va fi o diminea\u021b\u0103 devreme pentru a v\u0103 prelua de la hotel \u0219i pentru a v\u0103 conduce la punctul nostru de \u00eent\u00e2lnire din Sanchez Samana, unde v\u0103 ve\u021bi \u00eent\u00e2lni cu ghidul local \u00eenainte de a trece peste itinerariul pentru restul zilei.\u00a0<\/span><\/p>\n<p>&nbsp;<\/p>\n<p><span style=\"font-weight: 400;\">C\u00e2nd v\u0103 preg\u0103ti\u021bi, ne \u00eembarc\u0103m cu barca cu motor pentru a ne \u00eendrepta spre El Naranjo, care este prima oprire a zilei, unde mergem \u00een pe\u0219ter\u0103 cu barca \u0219i \u00eenot\u0103m \u00een apa dulce a celui mai scurt r\u00e2u al insulei.\u00a0<\/span><\/p>\n<p>&nbsp;<\/p>\n<p><span style=\"font-weight: 400;\">A doua c\u0103l\u0103torie cu barca va fi prin r\u00e2ul Barracote pentru a ajunge la Laguna Cristal. Va trebui s\u0103 navig\u0103m pe unul dintre cele mai mari r\u00e2uri din nord-estul \u021b\u0103rii. La Zona Cristal vom face o pauz\u0103 pentru pr\u00e2nz \u00eenainte de a s\u0103rim \u00een ap\u0103.<\/span><\/p>\n<p>&nbsp;<\/p>\n<p><span style=\"font-weight: 400;\">Dup\u0103 ce vom \u00eencerca un pr\u00e2nz local, vom face o siesta l\u00e2ng\u0103 laguna Cristal \u0219i apoi vom merge la \u00eenot, \u00eenainte de a ne \u00eentoarce la Sanchez Samana.\u00a0<\/span><\/p>\n<p>&nbsp;<\/p>\n<p><span style=\"font-weight: 400;\">Predare la hotel: ora 16:00 sau mai t\u00e2rziu, \u00een func\u021bie de ora la care a\u021bi \u00eenceput c\u0103l\u0103toria. Turul dureaz\u0103 \u00een total 8 ore.\u00a0<\/span><\/p>\n<p>&nbsp;<\/p>\n<p><span style=\"font-weight: 400;\">Zilele \u0219i activit\u0103\u021bile itinerarului pot fi modificate f\u0103r\u0103 notificare din cauza unor circumstan\u021be sau evenimente neprev\u0103zute. Consulta\u021bi termenii \u0219i condi\u021biile complete pentru mai multe informa\u021bii.<\/span><\/p>\n\n\t\t<\/div>\n\t<\/div>\n<\/div><\/div><\/div><\/div>","protected":false},"excerpt":{"rendered":"<p>Vizitarea r\u00e2ului el Naranjo cu pe\u0219tera \u0219i Cristal Lagun din Parcul Na\u021bional Los Haitises cu ghid turistic expert local. Pr\u00e2nzul \u0219i transportul sunt incluse \u00een Sabana de la mar.<\/p>","protected":false},"featured_media":16644,"template":"","meta":[],"product_cat":[1096],"product_tag":[1097],"class_list":["post-16647","product","type-product","status-publish","has-post-thumbnail","hentry","product_cat-haitises","product_tag-haitises"],"_links":{"self":[{"href":"https:\/\/www.boattoursamana.com\/ro\/wp-json\/wp\/v2\/product\/16647","targetHints":{"allow":["GET"]}}],"collection":[{"href":"https:\/\/www.boattoursamana.com\/ro\/wp-json\/wp\/v2\/product"}],"about":[{"href":"https:\/\/www.boattoursamana.com\/ro\/wp-json\/wp\/v2\/types\/product"}],"wp:featuredmedia":[{"embeddable":true,"href":"https:\/\/www.boattoursamana.com\/ro\/wp-json\/wp\/v2\/media\/16644"}],"wp:attachment":[{"href":"https:\/\/www.boattoursamana.com\/ro\/wp-json\/wp\/v2\/media?parent=16647"}],"wp:term":[{"taxonomy":"product_cat","embeddable":true,"href":"https:\/\/www.boattoursamana.com\/ro\/wp-json\/wp\/v2\/product_cat?post=16647"},{"taxonomy":"product_tag","embeddable":true,"href":"https:\/\/www.boattoursamana.com\/ro\/wp-json\/wp\/v2\/product_tag?post=16647"}],"curies":[{"name":"wp","href":"https:\/\/api.w.org\/{rel}","templated":true}]}}