{"id":8168,"date":"2019-03-12T13:32:13","date_gmt":"2019-03-12T13:32:13","guid":{"rendered":"https:\/\/www.ticketswhales.com\/?post_type=product&#038;p=8168"},"modified":"2023-09-13T07:33:58","modified_gmt":"2023-09-13T07:33:58","slug":"salto-de-la-jalda-national-park","status":"publish","type":"product","link":"https:\/\/www.boattoursamana.com\/ro\/tur\/salto-de-la-jalda-national-park","title":{"rendered":"Salto La Jalda (Drume\u021bii \u0219i \u00eenot)"},"content":{"rendered":"<div class=\"vc_row wpb_row vc_row-fluid\" ><div class=\"wpb_column vc_column_container vc_col-sm-12\"><div class=\"vc_column-inner\"><div class=\"wpb_wrapper\"><div class=\"mkdf-section-title-holder\" style=\"text-align: left\">\n\t<div class=\"mkdf-st-inner\">\n\t\t\t\t\t<h5 class=\"mkdf-st-subtitle\" >\n\t\t\t\tCea mai \u00eenalt\u0103 cascad\u0103 din Caraibe 272 de picioare\t\t\t<\/h5>\n\t\t\t\t\t\t\t<h3 class=\"mkdf-st-title\" >\n\t\t\t\tParcul Na\u021bional Salto de la Jalda\t\t\t<\/h3>\n\t\t\t\t\t\t\t<p class=\"mkdf-st-text\" >\n\t\t\t\tDrume\u021bie sau c\u0103l\u0103rie.\t\t\t<\/p>\n\t\t\t<\/div>\n<\/div><\/div><\/div><\/div><\/div><div class=\"vc_row wpb_row vc_row-fluid\" ><div class=\"wpb_column vc_column_container vc_col-sm-12\"><div class=\"vc_column-inner\"><div class=\"wpb_wrapper\"><div class=\"vc_btn3-container vc_btn3-inline\" ><a class=\"vc_general vc_btn3 vc_btn3-size-md vc_btn3-shape-rounded vc_btn3-style-modern vc_btn3-color-green\" href=\"https:\/\/bookingadventures.tours\/booking.php?tour_id=15732596c207e72b242ef1044167660d\" title=\"\" rel=\"noopener\">REZERVA ACUM<\/a><\/div>\n\t<div class=\"wpb_text_column wpb_content_element\" >\n\t\t<div class=\"wpb_wrapper\">\n\t\t\t<h4><b><i>Prezentare general\u0103 <\/i><\/b><\/h4>\n<p>Acesta este un tur privat c\u0103tre\u00a0<strong>Cascada Salto de la Jalda<\/strong> cu c\u0103l\u0103rie sau drume\u021bii. Vizitarea p\u0103durii de cacao \u0219i cafea sub Coconuts Palms Canopy. C\u00e2nd ajunge\u021bi la Cascade, ave\u021bi voie s\u0103 \u00eenota\u021bi \u0219i s\u0103 seta\u021bi ora cu Ghidul Local.<\/p>\n<p>\u00cenva\u021b\u0103 cu localnicii \u0219i ob\u021bine o c\u0103l\u0103torie sigur\u0103. Ob\u021bine\u021bi biletele \u00een ofert\u0103 ast\u0103zi.<\/p>\n<p>&nbsp;<\/p>\n<ul>\n<li>C\u0103l\u0103rie sau drume\u021bii<\/li>\n<li style=\"font-weight: 400;\"><span style=\"font-weight: 400;\">Ghidul ofer\u0103 instruc\u021biuni \u0219i supraveghere<\/span><\/li>\n<li>Taxe la Parcul Na\u021bional<\/li>\n<\/ul>\n<p>&nbsp;<\/p>\n<h4><b>Incluziuni \u0219i excluderi<\/b><\/h4>\n<p>&nbsp;<\/p>\n<p><b>Incluziuni<\/b><\/p>\n<ol>\n<li style=\"font-weight: 400;\"><span style=\"font-weight: 400;\">Tur de drume\u021bii sau c\u0103l\u0103rie<\/span><\/li>\n<li style=\"font-weight: 400;\"><span style=\"font-weight: 400;\">Toate taxele, taxele \u0219i taxele de manipulare<\/span><\/li>\n<li style=\"font-weight: 400;\"><span style=\"font-weight: 400;\">Taxe locale<\/span><\/li>\n<li style=\"font-weight: 400;\"><span style=\"font-weight: 400;\">B\u0103uturi<\/span><\/li>\n<li style=\"font-weight: 400;\"><span style=\"font-weight: 400;\">Toate activit\u0103\u021bile<\/span><\/li>\n<li style=\"font-weight: 400;\"><span style=\"font-weight: 400;\">Ghid local<\/span><\/li>\n<\/ol>\n<p><b> Excluderile<\/b><\/p>\n<ol>\n<li style=\"font-weight: 400;\"><span style=\"font-weight: 400;\">Gratuitatii<\/span><\/li>\n<li style=\"font-weight: 400;\"><span style=\"font-weight: 400;\">Transfer<\/span><\/li>\n<li>Masa de pranz<\/li>\n<li style=\"font-weight: 400;\"><span style=\"font-weight: 400;\">Bauturi alcoolice<\/span><\/li>\n<\/ol>\n<p>&nbsp;<\/p>\n<h4><em><strong>Plecare \u0219i \u00eentoarcere<\/strong><\/em><\/h4>\n<p><span style=\"font-weight: 400;\">C\u0103l\u0103torul va primi un punct de \u00eent\u00e2lnire dup\u0103 Procesul de Rezervare. Tururile \u00eencep \u0219i se termin\u0103 \u00een punctele noastre de \u00eent\u00e2lnire.<\/span><\/p>\n<p>&nbsp;<\/p>\n<h2>Excursie \u00een Parcul Na\u021bional Salto de la Jalda<\/h2>\n<h4><b><i>La ce s\u0103 te a\u0219tep\u021bi?<\/i><\/b><\/h4>\n<p><em><strong>Ia-\u021bi biletele<\/strong><\/em> pentru vizitarea celor mai \u00eenalte cascade din Caraibe.\u00a0 <strong>El Salto la Jalda<\/strong> Drume\u021bii la c\u0103l\u0103rie.<\/p>\n<p><span style=\"font-weight: 400;\">Turul, organizat de \u201eBooking Adventures\u201d, \u00eencepe la punctul de \u00eent\u00e2lnire stabilit cu Ghidul Turistic. <\/span>Pentru a \u00eencepe turul nostru, ne \u00eent\u00e2lnim \u00een<strong> Sabana de la Mar<\/strong>. Apoi urc\u0103m \u00een vehiculul pe care \u00eel conducem 25 de minute p\u00e2n\u0103 la Comunitatea Magua. Unde ne vom \u00eent\u00e2lni cu ghizii no\u0219tri de drume\u021bii locali. Locuind vehiculul \u00eentr-un loc de parcare sigur, mergem c\u0103lare sau pe jos p\u00e2n\u0103 la Parcul Na\u021bional Salto de La Jalda, cu un timp de trei ore pentru a ajunge acolo.<\/p>\n<p>Traseul este format din 6,5 kilometri, este o experien\u021b\u0103 lung\u0103 prin P\u0103durea Dominican\u0103, Trec\u00e2nd pe l\u00e2ng\u0103 Cacaos, Cocos, \u0219i p\u0103durea Coffe. \u00cen c\u0103l\u0103toria noastr\u0103 complet\u0103, vom trece pe l\u00e2ng\u0103 r\u00e2ul Magua \u0219i \u00eel vom traversa de aproximativ 8 ori f\u0103r\u0103 prea multe dificult\u0103\u021bi.<\/p>\n<p>Aproape \u00eentregul traseu are umbra unei mari cantit\u0103\u021bi de p\u0103dure de cacao plantat\u0103 \u00eenainte ca zona s\u0103 fie declarat\u0103 Parcul Na\u021bional Salto de La Jalda. \u00cen aceast\u0103 prim\u0103 parte a aventurii ecoturistice, v\u0103 pute\u021bi bucura de c\u00e2ntecul p\u0103s\u0103rilor, de sunetul curen\u021bilor de ap\u0103, de terenul preponderent plat \u0219i de toat\u0103 vegeta\u021bia verde.<\/p>\n<p>Pe l\u00e2ng\u0103 cacaoul din \u021binutul Parcului Na\u021bional La Jalda, pute\u021bi vedea \u0219i planta\u021bii de cafea. Aproape ajung\u00e2nd la cascad\u0103 ne oprim pe l\u00e2ng\u0103 casele gardienilor de parc originare din ora\u0219ul Magua, alocate Parcului Na\u021bional Jalda. Acolo pute\u021bi face o scurt\u0103 pauz\u0103, de unde pute\u021bi vedea \u00eentr-o priveli\u0219te general\u0103 uimitoare a Salto de La Jalda.<\/p>\n<p>Vom continua p\u00e2n\u0103 la cascade. \u00eenot acolo \u0219i dup\u0103 c\u00e2teva ore ajung \u00eenapoi la vehicul prin aceea\u0219i potec\u0103. Aceasta este o aventur\u0103 extrem\u0103. V\u0103 rug\u0103m, dac\u0103 nu ave\u021bi condi\u021bii pentru drume\u021bii, trebuie s\u0103 face\u021bi c\u0103l\u0103ria.<\/p>\n<p>&nbsp;<\/p>\n<h4><em><strong>Ce ar trebui s\u0103 aduci?<\/strong><\/em><\/h4>\n<ul>\n<li style=\"font-weight: 400;\"><span style=\"font-weight: 400;\">aparat foto<\/span><\/li>\n<li style=\"font-weight: 400;\"><span style=\"font-weight: 400;\">Muguri repelent<\/span><\/li>\n<li style=\"font-weight: 400;\"><span style=\"font-weight: 400;\">lotiune de plaja<\/span><\/li>\n<li style=\"font-weight: 400;\"><span style=\"font-weight: 400;\">P\u0103l\u0103rie<\/span><\/li>\n<li style=\"font-weight: 400;\"><span style=\"font-weight: 400;\">Pantaloni comozi<\/span><\/li>\n<li style=\"font-weight: 400;\"><span style=\"font-weight: 400;\">Pantofi de drume\u021bie pentru p\u0103dure<\/span><\/li>\n<li style=\"font-weight: 400;\"><span style=\"font-weight: 400;\">\u00cembr\u0103c\u0103minte de \u00eenot<\/span><\/li>\n<li>Sticla de ap\u0103 suplimentar\u0103<\/li>\n<li>Pr\u00e2nz sau gust\u0103ri<\/li>\n<\/ul>\n<p>&nbsp;<\/p>\n<h4><b><i>Preluare la hotel <\/i><\/b><\/h4>\n<p><span style=\"font-weight: 400;\">Preluarea la hotel nu este oferit\u0103 pentru acest tur. <\/span><\/p>\n<p>&nbsp;<\/p>\n<p><b>Not\u0103:<\/b><span style=\"font-weight: 400;\"> Dac\u0103 rezerva\u021bi \u00een termen de 24 de ore de la ora de plecare a turului\/excursiei, putem aranja preluarea de la hotel cu taxe suplimentare. Odat\u0103 ce achizi\u021bia dvs. este finalizat\u0103, v\u0103 vom trimite informa\u021bii complete de contact (num\u0103r de telefon, adres\u0103 de e-mail etc.) pentru ghidul nostru local pentru a organiza aranjamentele de ridicare.<\/span><\/p>\n<h4><b><i>Confirmare informa\u021bii suplimentare <\/i><\/b><\/h4>\n<ol>\n<li>Biletele sunt Chitan\u021ba dup\u0103 plata acestui Tur. Pute\u021bi afi\u0219a plata pe telefon.<\/li>\n<li style=\"font-weight: 400;\"><span style=\"font-weight: 400;\">Punctul de \u00eent\u00e2lnire va fi primit dup\u0103 procesul de rezervare.<\/span><\/li>\n<li style=\"font-weight: 400;\"><span style=\"font-weight: 400;\">Copiii trebuie s\u0103 fie \u00eenso\u021bi\u021bi de un adult.<\/span><\/li>\n<li style=\"font-weight: 400;\"><span style=\"font-weight: 400;\"> Nu este accesibil cu scaunul cu rotile <\/span><\/li>\n<li style=\"font-weight: 400;\"><span style=\"font-weight: 400;\">Nu sunt accepta\u021bi bebelu\u0219ii pentru aceast\u0103 c\u0103l\u0103torie<\/span><\/li>\n<li style=\"font-weight: 400;\"><span style=\"font-weight: 400;\">Nu este recomandat c\u0103l\u0103torilor cu probleme de spate<\/span><\/li>\n<li style=\"font-weight: 400;\"><span style=\"font-weight: 400;\">Nu este recomandat c\u0103l\u0103torilor \u00eens\u0103rcinate <\/span><\/li>\n<li style=\"font-weight: 400;\"><span style=\"font-weight: 400;\"> F\u0103r\u0103 probleme cardiace sau alte afec\u021biuni medicale grave <\/span><\/li>\n<li style=\"font-weight: 400;\"><span style=\"font-weight: 400;\">Majoritatea c\u0103l\u0103torilor pot participa<\/span><\/li>\n<\/ol>\n<h4><b><i>Politica de anulare<\/i><\/b><\/h4>\n<p>Pentru o rambursare complet\u0103, v\u0103 rug\u0103m s\u0103 citi\u021bi politicile noastre de anulare\u00a0<a href=\"https:\/\/www.boattoursamana.com\/ro\/rezervare-online\/\" target=\"_blank\" rel=\"noopener\" data-saferedirecturl=\"https:\/\/www.google.com\/url?q=https:\/\/www.boattoursamana.com\/online-booking\/&amp;source=gmail&amp;ust=1672449202351000&amp;usg=AOvVaw1yAeVAPktmaVCqDujgUn90\">Click aici<\/a>. Fondurile se vor pierde dac\u0103 rezervarea este anulat\u0103 \u00een aceea\u0219i zi a c\u0103l\u0103toriei.<\/p>\n\n\t\t<\/div>\n\t<\/div>\n<\/div><\/div><\/div><\/div><div class=\"vc_row wpb_row vc_row-fluid\" ><div class=\"wpb_column vc_column_container vc_col-sm-12\"><div class=\"vc_column-inner\"><div class=\"wpb_wrapper\">\n\t<div class=\"wpb_text_column wpb_content_element\" >\n\t\t<div class=\"wpb_wrapper\">\n\t\t\t<h4>Contacteaz\u0103-ne?<\/h4>\n<h5><em><strong>Rezervare aventuri<\/strong><\/em><\/h5>\n<p><em><strong>Localnicii<\/strong> \u0219i <strong>Na\u0163ionalii<\/strong> Ghizi turistici \u0219i servicii pentru oaspe\u021bi<\/em><\/p>\n<p><span class=\"text-turquoise\">Rezervari:<\/span> Tururi \u0219i excursii \u00een Dom. Reprezentant.<\/p>\n<p><img decoding=\"async\" class=\"emoji\" draggable=\"false\" src=\"https:\/\/s.w.org\/images\/core\/emoji\/11.2.0\/svg\/1f4de.svg\" alt=\"\ud83d\udcde\" title=\"\"> Tel\/Whatsapp\u00a0 <a href=\"tel:+1-809-720-6035\">+1-809-720-6035<\/a>.<\/p>\n<p><img decoding=\"async\" class=\"emoji\" draggable=\"false\" src=\"https:\/\/s.w.org\/images\/core\/emoji\/11.2.0\/svg\/1f4e9.svg\" alt=\"\ud83d\udce9\" title=\"\"> <a href=\"mailto:info@bookingadventures.com.do\">info@bookingadventures.com.do<\/a><\/p>\n<p><strong>Suntem flexibili, stabilim tururi private prin Whatsapp: <a href=\"tel:+18097206035\">+18097206035.<\/a><\/strong><\/p>\n\n\t\t<\/div>\n\t<\/div>\n<\/div><\/div><\/div><\/div><div class=\"vc_row wpb_row vc_row-fluid\" ><div class=\"wpb_column vc_column_container vc_col-sm-12\"><div class=\"vc_column-inner\"><div class=\"wpb_wrapper\"><div class=\"vc_btn3-container vc_btn3-inline\" ><a class=\"vc_general vc_btn3 vc_btn3-size-md vc_btn3-shape-rounded vc_btn3-style-modern vc_btn3-color-green\" href=\"https:\/\/bookingadventures.tours\/booking.php?tour_id=15732596c207e72b242ef1044167660d\" title=\"\" rel=\"noopener\">REZERVA ACUM<\/a><\/div><\/div><\/div><\/div><\/div>","protected":false},"excerpt":{"rendered":"<p>O aventur\u0103 extrem\u0103 la cascada mai \u00eenalt\u0103 din Caraibe. Vino cu localnicii \u00een drume\u021bii sau c\u0103l\u0103rie la Cascada. Afla\u021bi despre adev\u0103ratul stil de via\u021b\u0103 dominican al p\u0103durii. Vizit\u00e2nd cele mai mari planta\u021bii de p\u0103dure de arbori de cacao din Republica Dominican\u0103 \u0219i \u00eenv\u0103\u021ba\u021bi despre aceast\u0103 poveste cu ghizii turistici Natives.<\/p>\n<p>C\u00e2nd rezerva\u021bi aceast\u0103 excursie, sus\u021bine\u021bi familiile din Magua, comunitatea Sabana de la Mar. Unde nu sunt turi\u0219ti pe tot parcursul anului. Banii r\u0103m\u00e2n la ace\u0219ti localnici.<\/p>\n<p>&nbsp;<\/p>\n<p><strong>V\u0103 rug\u0103m s\u0103 selecta\u021bi data pentru Tur\u00a0<\/strong><\/p>","protected":false},"featured_media":9206,"template":"","meta":[],"product_cat":[178,946,634,189,170,191,252],"product_tag":[226,635,636,180,637,638,224,225,639,640,227,641,228,175,642,643,644,645],"class_list":["post-8168","product","type-product","status-publish","has-post-thumbnail","hentry","product_cat-hiking","product_cat-1-sabana-de-la-mar","product_cat-hike-to-miches-la-jalda-waterfall-waterfalls","product_cat-horse-riding-to-waterfalls","product_cat-local-tour-guides","product_cat-swimming-natural-springs","product_cat-waterfalls","product_tag-higthest-waterfall-in-the-caribean","product_tag-hike-la-jalda","product_tag-hike-to-miches-la-jalda-waterfall-waterfalls","product_tag-hiking","product_tag-la-jalda-excursions","product_tag-la-jalda-horses","product_tag-la-jalda-national-park","product_tag-la-jalda-waterfall","product_tag-leaping","product_tag-leaping-jalda","product_tag-magua","product_tag-magua-la-jalda","product_tag-miches","product_tag-sabana-de-la-mar","product_tag-salto-de-la-jalda","product_tag-salto-la-jalda-sabana-de-la-mar","product_tag-salto-la-jalda-tours","product_tag-waterfalls"],"_links":{"self":[{"href":"https:\/\/www.boattoursamana.com\/ro\/wp-json\/wp\/v2\/product\/8168","targetHints":{"allow":["GET"]}}],"collection":[{"href":"https:\/\/www.boattoursamana.com\/ro\/wp-json\/wp\/v2\/product"}],"about":[{"href":"https:\/\/www.boattoursamana.com\/ro\/wp-json\/wp\/v2\/types\/product"}],"wp:featuredmedia":[{"embeddable":true,"href":"https:\/\/www.boattoursamana.com\/ro\/wp-json\/wp\/v2\/media\/9206"}],"wp:attachment":[{"href":"https:\/\/www.boattoursamana.com\/ro\/wp-json\/wp\/v2\/media?parent=8168"}],"wp:term":[{"taxonomy":"product_cat","embeddable":true,"href":"https:\/\/www.boattoursamana.com\/ro\/wp-json\/wp\/v2\/product_cat?post=8168"},{"taxonomy":"product_tag","embeddable":true,"href":"https:\/\/www.boattoursamana.com\/ro\/wp-json\/wp\/v2\/product_tag?post=8168"}],"curies":[{"name":"wp","href":"https:\/\/api.w.org\/{rel}","templated":true}]}}