{"id":8850,"date":"2019-06-11T10:34:00","date_gmt":"2019-06-11T10:34:00","guid":{"rendered":"https:\/\/www.ticketswhales.com\/?post_type=product&#038;p=8850"},"modified":"2023-03-20T10:20:15","modified_gmt":"2023-03-20T10:20:15","slug":"ridgways-hawk-tour-bird-watching-los-haitises-national-park-tour","status":"publish","type":"product","link":"https:\/\/www.boattoursamana.com\/ro\/tur\/ridgways-hawk-tour-bird-watching-los-haitis-national-park-tour","title":{"rendered":"Ridgway&#039;s Hawk Tour \u2013 Excursie pentru observarea p\u0103s\u0103rilor \u00een Parcul Na\u021bional Los Haitises"},"content":{"rendered":"<div class=\"vc_row wpb_row vc_row-fluid\" ><div class=\"wpb_column vc_column_container vc_col-sm-12\"><div class=\"vc_column-inner\"><div class=\"wpb_wrapper\"><div class=\"mkdf-section-title-holder\" style=\"text-align: left\">\n\t<div class=\"mkdf-st-inner\">\n\t\t\t\t\t<h5 class=\"mkdf-st-subtitle\" >\n\t\t\t\tObservarea p\u0103s\u0103rilor \u00een Parcul Na\u021bional Los Haitises\t\t\t<\/h5>\n\t\t\t\t\t\t\t<h3 class=\"mkdf-st-title\" >\n\t\t\t\tTurul cu \u0219oim al lui Ridgway\t\t\t<\/h3>\n\t\t\t\t\t<\/div>\n<\/div><\/div><\/div><\/div><\/div><div class=\"vc_row wpb_row vc_row-fluid\" ><div class=\"wpb_column vc_column_container vc_col-sm-12\"><div class=\"vc_column-inner\"><div class=\"wpb_wrapper\"><div class=\"vc_btn3-container vc_btn3-inline\" ><button class=\"vc_general vc_btn3 vc_btn3-size-md vc_btn3-shape-rounded vc_btn3-style-modern vc_btn3-color-green\">REZERVA ACUM<\/button><\/div>\n\t<div class=\"wpb_text_column wpb_content_element\" >\n\t\t<div class=\"wpb_wrapper\">\n\t\t\t<h4><b><i>Prezentare general\u0103 <\/i><\/b><\/h4>\n<section><\/section>\n<p>Soimul Ridgway este o specie de r\u0103pitor diurn\u0103 pe cale critic\u0103 de dispari\u021bie, endemic\u0103 \u00een Insula Hispaniola. \u00cen urm\u0103 cu o sut\u0103 de ani, \u0219oimul a fost g\u0103sit \u00een toat\u0103 Hispaniola, dar ast\u0103zi singura popula\u021bie de reproduc\u021bie r\u0103mas\u0103 de aproximativ 300 de indivizi se g\u0103se\u0219te \u00een Parcul Na\u021bional Los Haitises din Republica Dominican\u0103.<\/p>\n<p>Parcul Na\u021bional Los Haitises este o destina\u021bie popular\u0103 pentru iubitorii de natur\u0103 \u0219i observatorii de p\u0103s\u0103ri cauza de cea mai mare importan\u021b\u0103 pentru biodiversitate \u0219i bog\u0103\u021bia faunei, at\u00e2t din punct de vedere al endemismului, c\u00e2t \u0219i al num\u0103rului de specii. Obiectivul nostru principal este s\u0103 reper\u0103m to\u021bi \u0219oimii din jurul zonelor Cano Hondo.<\/p>\n<p>Conserv\u0103m \u0219oimul lui Ridgway \u00een Parcul Na\u021bional Los Haitises, unde pute\u021bi vedea habitatul \u0219i istoria interesant\u0103 a \u0219oimilor lui Ridgway \u00een traseele p\u0103durii tropicale. Cunoa\u0219tem habitatele locurilor pentru bufni\u021bele Ridgway \u0219i Ashy Faced. Pentru c\u0103 de mai bine de 15 ani ca voluntari lucr\u0103m pentru protec\u021bia acestor cupluri \u0219i indivizi din jurul acestei comunit\u0103\u021bi.<\/p>\n<p>De asemenea, este posibil s\u0103 vede\u021bi \u0219i alte specii endemice \u00een jurul parcului. Acest tur se concentreaz\u0103 pe natur\u0103 \u0219i este mai concentrat pe informa\u021bii despre fauna s\u0103lbatic\u0103. De obicei este privat.<\/p>\n<h4><\/h4>\n<h4><b>Incluziuni \u0219i excluderi<\/b><\/h4>\n<p><b>Incluziuni<\/b><\/p>\n<ol>\n<li style=\"font-weight: 400;\">Tur de observare a p\u0103s\u0103rilor + Pe\u0219teri \u0219i Pictograme<\/li>\n<li style=\"font-weight: 400;\"><span style=\"font-weight: 400;\">Toate taxele, taxele \u0219i taxele de manipulare<\/span><\/li>\n<li style=\"font-weight: 400;\"><span style=\"font-weight: 400;\">Taxe locale<\/span><\/li>\n<li style=\"font-weight: 400;\">Oficiali ghizi turistici ecologisti<\/li>\n<\/ol>\n<p><b> Excluderile<\/b><\/p>\n<ol>\n<li style=\"font-weight: 400;\"><span style=\"font-weight: 400;\">Gratuitatii<\/span><\/li>\n<li style=\"font-weight: 400;\"><span style=\"font-weight: 400;\">Transfer<\/span><\/li>\n<li style=\"font-weight: 400;\"><span style=\"font-weight: 400;\">B\u0103utur\u0103<\/span><\/li>\n<\/ol>\n<p>&nbsp;<\/p>\n<h4><em><strong>Plecare \u0219i \u00eentoarcere<\/strong><\/em><\/h4>\n<p><span style=\"font-weight: 400;\">Turul, organizat de \u201eBooking Adventures\u201d, \u00eencepe la punctul de \u00eent\u00e2lnire stabilit cu Ghidul Turistic. C\u0103l\u0103torul va primi un punct de \u00eent\u00e2lnire dup\u0103 Procesul de Rezervare. Tururile \u00eencep \u0219i se termin\u0103 la punctele noastre de \u00eent\u00e2lnire.<\/span><\/p>\n<p>&nbsp;<\/p>\n<h4><b><i>La ce s\u0103 te a\u0219tep\u021bi?<\/i><\/b><\/h4>\n<p><em><strong>Ia-\u021bi biletul<\/strong><\/em> pentru conservarea \u0219oimului Ridgway din Parcul Na\u021bional Los Haitises.<\/p>\n<p>Aceast\u0103 excursie \u00eencepe de la punctul de \u00eent\u00e2lnire prin drume\u021bii pe traseele Ridgway p\u00e2n\u0103 \u00een zonele de cuib\u0103rit. Dup\u0103 30 de minute de drume\u021bie \u0219i urm\u0103rirea Hawks, avem op\u021biunea de a continua drume\u021biile \u0219i de a verifica dac\u0103 exist\u0103 papagali, picule\u021bi \u0219i alte specii endemice \u00een Parcul Na\u021bional Los Haitises.<\/p>\n<p>Parcul Na\u021bional Los Haitises are doar dou\u0103 trasee pentru observarea p\u0103s\u0103rilor \u00een Sabana de la Mar. \u00cen drum spre Parcul Na\u021bional Los Hiatises, ne oprim \u00een unele locuri pentru a vedea mai multe p\u0103s\u0103ri.<\/p>\n<p>Am fost \u00een Golful San Lorenzo. vom vizita dou\u0103 Pe\u0219teri, apelul Sadly Cave \u00een spaniol\u0103 Cueva de la Arena; \u00een aceast\u0103 Pe\u0219ter\u0103, putem vedea petrografele din comunit\u0103\u021bile Tainos care st\u0103teau \u00een jurul acestei zone. \u0219i folosind pe\u0219terile ca templu.<\/p>\n<p>Dup\u0103 aceea, mergem mai departe c\u0103tre Pe\u0219tera Linea, aceasta cu 2.243 de pictograme originale \u0219i ghidul nostru v\u0103 explic\u0103 informa\u021biile de la arheolog despre acele pictograme.<\/p>\n<p>Lu\u00e2nd barca \u00eenapoi pe insula Pajaros (Insula P\u0103s\u0103rilor), unde putem vedea majoritatea p\u0103s\u0103rilor din zonele umede din jurul Parcului Na\u021bional Los Haitises. Doar pentru c\u0103 toate p\u0103s\u0103rile nu sunt \u00een ap\u0103.<\/p>\n<p>Dup\u0103 4,5 ore de \u00eenv\u0103\u021bare despre p\u0103s\u0103ri \u00een Parcul Na\u021bional Los Haitises, aceast\u0103 excursie se \u00eencheie \u00een acela\u0219i loc \u00een care a \u00eenceput.<\/p>\n<p><strong>Not\u0103: Aceste tururi sunt cu ghizi oficiali ecologisti din Parcul Na\u021bional Los Haitises. V\u0103 rug\u0103m s\u0103 ne anun\u021ba\u021bi c\u00e2nd pl\u0103nui\u021bi s\u0103 ne vizita\u021bi!<\/strong><\/p>\n<p>&nbsp;<\/p>\n<h4><em><strong>Ce ar trebui s\u0103 aduci?<\/strong><\/em><\/h4>\n<ul>\n<li style=\"font-weight: 400;\"><span style=\"font-weight: 400;\">aparat foto<\/span><\/li>\n<li>Binocular<\/li>\n<li style=\"font-weight: 400;\"><span style=\"font-weight: 400;\">Muguri repelent<\/span><\/li>\n<li style=\"font-weight: 400;\"><span style=\"font-weight: 400;\">lotiune de plaja<\/span><\/li>\n<li style=\"font-weight: 400;\"><span style=\"font-weight: 400;\">P\u0103l\u0103rie<\/span><\/li>\n<li style=\"font-weight: 400;\"><span style=\"font-weight: 400;\">Pantaloni comozi<\/span><\/li>\n<li style=\"font-weight: 400;\"><span style=\"font-weight: 400;\">Pantofi de drume\u021bie pentru p\u0103dure<\/span><\/li>\n<li style=\"font-weight: 400;\"><span style=\"font-weight: 400;\">Sandale \u00een zonele de prim\u0103var\u0103.<\/span><\/li>\n<li style=\"font-weight: 400;\"><span style=\"font-weight: 400;\">\u00cembr\u0103c\u0103minte de \u00eenot<\/span><\/li>\n<\/ul>\n<p>&nbsp;<\/p>\n<h4><b><i>Preluare la hotel <\/i><\/b><\/h4>\n<p><span style=\"font-weight: 400;\">Preluarea la hotel nu este oferit\u0103 pentru acest tur. <\/span><\/p>\n<p>&nbsp;<\/p>\n<p><b>Not\u0103:<\/b><span style=\"font-weight: 400;\"> Dac\u0103 rezerva\u021bi \u00een termen de 24 de ore de la ora de plecare a turului\/excursiei, putem aranja preluarea de la hotel cu taxe suplimentare. Odat\u0103 ce achizi\u021bia dvs. este finalizat\u0103, v\u0103 vom trimite informa\u021bii complete de contact (num\u0103r de telefon, adres\u0103 de e-mail etc.) pentru ghidul nostru local pentru a organiza aranjamentele de ridicare.<\/span><\/p>\n<h4><b><i>Confirmare informa\u021bii suplimentare <\/i><\/b><\/h4>\n<ol>\n<li>Biletele sunt Chitan\u021ba dup\u0103 plata acestui Tur. Pute\u021bi afi\u0219a plata pe telefon.<\/li>\n<li style=\"font-weight: 400;\"><span style=\"font-weight: 400;\">Punctul de \u00eent\u00e2lnire va fi primit dup\u0103 procesul de rezervare.<\/span><\/li>\n<li style=\"font-weight: 400;\"><span style=\"font-weight: 400;\">Copiii trebuie s\u0103 fie \u00eenso\u021bi\u021bi de un adult.<\/span><\/li>\n<li style=\"font-weight: 400;\"><span style=\"font-weight: 400;\"> Nu este accesibil cu scaunul cu rotile <\/span><\/li>\n<li style=\"font-weight: 400;\"><span style=\"font-weight: 400;\">Bebelu\u0219ii trebuie s\u0103 stea pe poale <\/span><\/li>\n<li style=\"font-weight: 400;\"><span style=\"font-weight: 400;\">Nu este recomandat c\u0103l\u0103torilor cu probleme de spate<\/span><\/li>\n<li style=\"font-weight: 400;\"><span style=\"font-weight: 400;\">Nu este recomandat c\u0103l\u0103torilor \u00eens\u0103rcinate <\/span><\/li>\n<li style=\"font-weight: 400;\"><span style=\"font-weight: 400;\"> F\u0103r\u0103 probleme cardiace sau alte afec\u021biuni medicale grave <\/span><\/li>\n<li style=\"font-weight: 400;\"><span style=\"font-weight: 400;\">Majoritatea c\u0103l\u0103torilor pot participa<\/span><\/li>\n<\/ol>\n<p>Acest tur este oferit pentru minim 2 persoane \u0219i maxim 15 persoane. \u00cen cazul \u00een care sunt mai pu\u021bine persoane, v\u0103 rug\u0103m s\u0103 ne contacta\u021bi.<\/p>\n<h4><b><i>Politica de anulare<\/i><\/b><\/h4>\n<p>Pentru o rambursare complet\u0103, v\u0103 rug\u0103m s\u0103 citi\u021bi politicile noastre de anulare\u00a0<a href=\"https:\/\/www.boattoursamana.com\/ro\/rezervare-online\/\" target=\"_blank\" rel=\"noopener\" data-saferedirecturl=\"https:\/\/www.google.com\/url?q=https:\/\/www.boattoursamana.com\/online-booking\/&amp;source=gmail&amp;ust=1672529771100000&amp;usg=AOvVaw2NIGJBZ0qjB5RhPUl5Obc7\">Click aici<\/a>. Fondurile se vor pierde dac\u0103 rezervarea este anulat\u0103 \u00een aceea\u0219i zi a c\u0103l\u0103toriei.<\/p>\n\n\t\t<\/div>\n\t<\/div>\n<\/div><\/div><\/div><\/div><div class=\"vc_row wpb_row vc_row-fluid\" ><\/div><div class=\"wpb_column vc_column_container vc_col-sm-12\"><div class=\"vc_column-inner\"><div class=\"wpb_wrapper\"><\/div><\/div><\/div><div class=\"vc_empty_space\"   style=\"height: 32px\"><span class=\"vc_empty_space_inner\"><\/span><\/div><div class=\"vc_empty_space\"   style=\"height: 32px\"><span class=\"vc_empty_space_inner\"><\/span><\/div><div class=\"vc_row wpb_row vc_row-fluid\" ><div class=\"wpb_column vc_column_container vc_col-sm-12\"><div class=\"vc_column-inner\"><div class=\"wpb_wrapper\"><div class=\"vc_btn3-container vc_btn3-inline\" ><button class=\"vc_general vc_btn3 vc_btn3-size-md vc_btn3-shape-rounded vc_btn3-style-modern vc_btn3-color-green\">REZERVA ACUM<\/button><\/div><\/div><\/div><\/div><\/div>","protected":false},"excerpt":{"rendered":"<p><span style=\"vertical-align: inherit;\"><span style=\"vertical-align: inherit;\">Viaje ecol\u00f3gico al Parque Nacional Los Haitises cu o ghid turistic local. <\/span><span style=\"vertical-align: inherit;\">Vizita\u021bi halcones de Ridgway \u00een Parcul Na\u021bional Los Haitises \u0219i zonele istorice din Sabana de la Mar \u00een Parcul Na\u021bional Los Haitises.<\/span><\/span><\/p>\n<p>&nbsp;<\/p>\n<p><em><strong><span style=\"vertical-align: inherit;\"><span style=\"vertical-align: inherit;\">Selecta\u021bi data pentru tur\u00a0<\/span><\/span><\/strong><\/em><\/p>","protected":false},"featured_media":12258,"template":"","meta":[],"product_cat":[255,946,932,927,253,254],"product_tag":[237,236,171,209,239,238,175,186,199,240],"class_list":["post-8850","product","type-product","status-publish","has-post-thumbnail","hentry","product_cat-tours-excursions-samana-bay-dominican-republic","product_cat-1-sabana-de-la-mar","product_cat-birdwatching-los-haitises","product_cat-hiking-los-haitises","product_cat-tours-and-excursions","product_cat-tours-excursions-los-haitises-national-park","product_tag-birding","product_tag-birdwatching","product_tag-los-haitises","product_tag-los-haitises-national-park","product_tag-nature","product_tag-ridgways-hawk","product_tag-sabana-de-la-mar","product_tag-samana","product_tag-samana-bay","product_tag-wildlife"],"_links":{"self":[{"href":"https:\/\/www.boattoursamana.com\/ro\/wp-json\/wp\/v2\/product\/8850","targetHints":{"allow":["GET"]}}],"collection":[{"href":"https:\/\/www.boattoursamana.com\/ro\/wp-json\/wp\/v2\/product"}],"about":[{"href":"https:\/\/www.boattoursamana.com\/ro\/wp-json\/wp\/v2\/types\/product"}],"wp:featuredmedia":[{"embeddable":true,"href":"https:\/\/www.boattoursamana.com\/ro\/wp-json\/wp\/v2\/media\/12258"}],"wp:attachment":[{"href":"https:\/\/www.boattoursamana.com\/ro\/wp-json\/wp\/v2\/media?parent=8850"}],"wp:term":[{"taxonomy":"product_cat","embeddable":true,"href":"https:\/\/www.boattoursamana.com\/ro\/wp-json\/wp\/v2\/product_cat?post=8850"},{"taxonomy":"product_tag","embeddable":true,"href":"https:\/\/www.boattoursamana.com\/ro\/wp-json\/wp\/v2\/product_tag?post=8850"}],"curies":[{"name":"wp","href":"https:\/\/api.w.org\/{rel}","templated":true}]}}