{"id":9200,"date":"2019-07-12T13:02:38","date_gmt":"2019-07-12T13:02:38","guid":{"rendered":"https:\/\/www.ticketswhales.com\/?post_type=product&#038;p=9200"},"modified":"2023-11-10T17:21:51","modified_gmt":"2023-11-10T17:21:51","slug":"el-limon-waterfall-cayo-levantado-excursiones-samana","status":"publish","type":"product","link":"https:\/\/www.boattoursamana.com\/ro\/tur\/el-limon-waterfall-cayo-levantado-excursiones-samana","title":{"rendered":"Tur privat Cascada El Lim\u00f3n \u0219i Cayo Levantado"},"content":{"rendered":"<div class=\"vc_row wpb_row vc_row-fluid\" ><div class=\"wpb_column vc_column_container vc_col-sm-12\"><div class=\"vc_column-inner\"><div class=\"wpb_wrapper\"><div class=\"mkdf-section-title-holder\" style=\"text-align: left\">\n\t<div class=\"mkdf-st-inner\">\n\t\t\t\t\t<h5 class=\"mkdf-st-subtitle\" >\n\t\t\t\tTransport \u0219i pr\u00e2nz incluse\t\t\t<\/h5>\n\t\t\t\t\t\t\t<h3 class=\"mkdf-st-title\" >\n\t\t\t\tCascada El Limon plus excursie privat\u0103 \u00een Cayo Levantado\t\t\t<\/h3>\n\t\t\t\t\t<\/div>\n<\/div><\/div><\/div><\/div><\/div><div class=\"vc_row wpb_row vc_row-fluid\" ><div class=\"wpb_column vc_column_container vc_col-sm-12\"><div class=\"vc_column-inner\"><div class=\"wpb_wrapper\"><div class=\"vc_btn3-container vc_btn3-inline\" ><button class=\"vc_general vc_btn3 vc_btn3-size-md vc_btn3-shape-rounded vc_btn3-style-modern vc_btn3-color-green\">REZERVA ACUM<\/button><\/div>\n\t<div class=\"wpb_text_column wpb_content_element\" >\n\t\t<div class=\"wpb_wrapper\">\n\t\t\t<h3 class=\"LC20lb\">Cascada El Lim\u00f3n + Cayo Levantado \u2013 Excursii Saman\u00e1 Excursie de o zi \u00eentreag\u0103.<\/h3>\n<h4><b><i>Prezentare general\u0103 <\/i><\/b><\/h4>\n<p>Excursie privat\u0103 pentru a vizita Cascadele El Limon \u0219i Cayo Levantado (Insula Bacrdi). Dou\u0103 activit\u0103\u021bi \u00eentr-o singur\u0103 zi, vizitarea cu ghid local al frumuse\u021bii din p\u0103dure \u0219i a cascadelor din comunitatea el limon. Pute\u021bi face aceast\u0103 excursie merg\u00e2nd sau c\u0103l\u0103rind pe cai pe c\u0103ile de cafea \u0219i nuci de cocos. Dup\u0103 ce am vizitat Cascada El Limon, vom conduce la debarcaderul din centrul ora\u0219ului Samana \u0219i vom lua o barc\u0103 p\u00e2n\u0103 la Cayo Levantado, numit\u0103 \u0219i Insula Bacardi. Acolo vom avea pr\u00e2nz tip bufet \u0219i dup\u0103-amiaza \u00eenot pe plaja Cayo Levantado cu op\u021biuni de snorkeling pe recifele de corali.<\/p>\n<p>Dup\u0103 aceast\u0103 experien\u021b\u0103, te vei \u00eentoarce la punctul nostru de \u00eent\u00e2lnire de unde te lu\u0103m.<\/p>\n<ul>\n<li style=\"font-weight: 400;\">Taxe incluse<\/li>\n<li>Masa de pranz<\/li>\n<li>Gust\u0103ri<\/li>\n<li style=\"font-weight: 400;\">Ghid turistic local \u00een englez\u0103 sau francez\u0103<\/li>\n<li>Transport<\/li>\n<li>Excursie cu barca<\/li>\n<\/ul>\n<p>&nbsp;<\/p>\n<h4><b>Incluziuni \u0219i excluderi<\/b><\/h4>\n<p>&nbsp;<\/p>\n<p><b>Incluziuni<\/b><\/p>\n<ol>\n<li style=\"font-weight: 400;\">Cascada El Limon Drume\u021bii sau c\u0103l\u0103rie<\/li>\n<li>Masa de pranz<\/li>\n<li style=\"font-weight: 400;\"><span style=\"font-weight: 400;\">Toate taxele, taxele \u0219i taxele de manipulare<\/span><\/li>\n<li style=\"font-weight: 400;\"><span style=\"font-weight: 400;\">Taxe locale<\/span><\/li>\n<li style=\"font-weight: 400;\"><span style=\"font-weight: 400;\">B\u0103uturi<\/span><\/li>\n<li>Gust\u0103ri<\/li>\n<li style=\"font-weight: 400;\"><span style=\"font-weight: 400;\">Toate activit\u0103\u021bile<\/span><\/li>\n<li style=\"font-weight: 400;\"><span style=\"font-weight: 400;\">Ghid local<\/span><\/li>\n<\/ol>\n<p><b> Excluderile<\/b><\/p>\n<ol>\n<li style=\"font-weight: 400;\"><span style=\"font-weight: 400;\">Gratuitatii<\/span><\/li>\n<li style=\"font-weight: 400;\"><span style=\"font-weight: 400;\">Bauturi alcoolice<\/span><\/li>\n<\/ol>\n<p>&nbsp;<\/p>\n<h4><em><strong>Plecare \u0219i \u00eentoarcere<\/strong><\/em><\/h4>\n<p><span style=\"font-weight: 400;\">C\u0103l\u0103torul va primi un punct de \u00eent\u00e2lnire dup\u0103 Procesul de Rezervare. Tururile \u00eencep \u0219i se termin\u0103 \u00een punctele dvs. de \u00eent\u00e2lnire.<\/span><\/p>\n<h4><\/h4>\n<h3 class=\"LC20lb\">Cascada El Lim\u00f3n + Cayo Levantado \u2013 Excursii \u00een Saman\u00e1<\/h3>\n<h4><b><i>La ce s\u0103 te a\u0219tep\u021bi?<\/i><\/b><\/h4>\n<p><em><strong>Ia-\u021bi biletele<\/strong><\/em> pentru vizitarea Cascadelor El limon plus insula Cayo Levantado. Excursie de o zi intreaga. Plecare din Saman\u00e1 cu transport la cascadele El limon<\/p>\n<p>Excursia, organizat\u0103 de \u201eBooking Adventures\u201d, \u00eencepe la punctul de \u00eent\u00e2lnire stabilit cu Ghidul Turistic. Vino cu Booking Adventures \u00een excursii private la cascadele El Limon cu un ghid turistic local. C\u0103l\u0103rie sau excursie de drume\u021bie prin p\u0103dure, ocolind marginea r\u00e2ului Lemon, vizit\u00e2nd planta\u021bii de cacao \u0219i cafea sub palmierii din umbra de nuci de cocos. Mai \u00eent\u00e2i, opri\u021bi-v\u0103 \u00een Cascada Mic\u0103 unde de obicei nu sunt mul\u021bi oameni \u0219i pute\u021bi \u00eenota. Dupa ce continuam spre cascada mare unde vom sta o ora sau mai mult daca doriti.<\/p>\n<p>Luarea cailor sau drume\u021bia \u00eenapoi la ma\u0219in\u0103 \u0219i conducerea \u00eenapoi la portul Samana. Urc\u00e2ndu-ne la bord pentru a vizita insula Bacardi, pentru c\u0103 pe\u0219tele Frite cu Tostones \u0219i Salat\u0103 ne a\u0219teapt\u0103 s\u0103 lu\u0103m un pr\u00e2nz gustativ sau pute\u021bi ob\u021bine alte op\u021biuni precum homari \u00een meniu cu taxe suplimentare.<\/p>\n<p>Sim\u021bi\u021bi-v\u0103 liber s\u0103 \u00eenota\u021bi pe una dintre cele mai frumoase plaje din Republica Dominican\u0103. \u0218i stabili\u021bi timpul pentru a termina cu ghidul nostru turistic.<\/p>\n<p>&nbsp;<\/p>\n<h4><em><strong>Ce ar trebui s\u0103 aduci?<\/strong><\/em><\/h4>\n<ul>\n<li style=\"font-weight: 400;\"><span style=\"font-weight: 400;\">aparat foto<\/span><\/li>\n<li style=\"font-weight: 400;\"><span style=\"font-weight: 400;\">Muguri repelent<\/span><\/li>\n<li style=\"font-weight: 400;\"><span style=\"font-weight: 400;\">Lotiune de plaja<\/span><\/li>\n<li style=\"font-weight: 400;\"><span style=\"font-weight: 400;\">P\u0103l\u0103rie<\/span><\/li>\n<li style=\"font-weight: 400;\"><span style=\"font-weight: 400;\">Pantaloni comozi<\/span><\/li>\n<li style=\"font-weight: 400;\"><span style=\"font-weight: 400;\">Pantofi de drume\u021bie pentru p\u0103dure<\/span><\/li>\n<li style=\"font-weight: 400;\"><span style=\"font-weight: 400;\">Sandale \u00een zonele de prim\u0103var\u0103.<\/span><\/li>\n<li style=\"font-weight: 400;\"><span style=\"font-weight: 400;\">\u00cembr\u0103c\u0103minte de \u00eenot<\/span><\/li>\n<\/ul>\n<p>&nbsp;<\/p>\n<h4><b><i>Preluare la hotel <\/i><\/b><\/h4>\n<p><span style=\"font-weight: 400;\">Preluarea la hotel nu este oferit\u0103 pentru acest tur. <\/span><\/p>\n<p>&nbsp;<\/p>\n<p><b>Not\u0103:<\/b><span style=\"font-weight: 400;\"> Dac\u0103 rezerva\u021bi \u00een termen de 24 de ore de la ora de plecare a turului\/excursiei, putem aranja preluarea de la hotel cu taxe suplimentare. Odat\u0103 ce achizi\u021bia dvs. este finalizat\u0103, v\u0103 vom trimite informa\u021bii complete de contact (num\u0103r de telefon, adres\u0103 de e-mail etc.) pentru ghidul nostru local pentru a organiza aranjamentele de ridicare.<\/span><\/p>\n<h4><b><i>Confirmare informa\u021bii suplimentare <\/i><\/b><\/h4>\n<ol>\n<li>Biletele sunt Chitan\u021ba dup\u0103 plata acestui Tur. Pute\u021bi afi\u0219a plata pe telefon.<\/li>\n<li style=\"font-weight: 400;\"><span style=\"font-weight: 400;\">Punctul de \u00eent\u00e2lnire va fi primit dup\u0103 procesul de rezervare.<\/span><\/li>\n<li style=\"font-weight: 400;\"><span style=\"font-weight: 400;\">Copiii trebuie s\u0103 fie \u00eenso\u021bi\u021bi de un adult.<\/span><\/li>\n<li style=\"font-weight: 400;\"><span style=\"font-weight: 400;\"> Nu este accesibil cu scaunul cu rotile <\/span><\/li>\n<li style=\"font-weight: 400;\"><span style=\"font-weight: 400;\">Bebelu\u0219ii trebuie s\u0103 stea pe poale <\/span><\/li>\n<li style=\"font-weight: 400;\"><span style=\"font-weight: 400;\">Nu este recomandat c\u0103l\u0103torilor cu probleme de spate<\/span><\/li>\n<li style=\"font-weight: 400;\"><span style=\"font-weight: 400;\">Nu este recomandat c\u0103l\u0103torilor \u00eens\u0103rcinate <\/span><\/li>\n<li style=\"font-weight: 400;\"><span style=\"font-weight: 400;\"> F\u0103r\u0103 probleme cardiace sau alte afec\u021biuni medicale grave <\/span><\/li>\n<li style=\"font-weight: 400;\"><span style=\"font-weight: 400;\">Majoritatea c\u0103l\u0103torilor pot participa<\/span><\/li>\n<\/ol>\n<h4><b><i>Politica de anulare<\/i><\/b><\/h4>\n<p>Pentru o rambursare complet\u0103, v\u0103 rug\u0103m s\u0103 citi\u021bi politicile noastre de anulare\u00a0<a href=\"https:\/\/www.boattoursamana.com\/ro\/rezervare-online\/\" target=\"_blank\" rel=\"noopener\" data-saferedirecturl=\"https:\/\/www.google.com\/url?q=https:\/\/www.boattoursamana.com\/online-booking\/&amp;source=gmail&amp;ust=1672529771100000&amp;usg=AOvVaw2NIGJBZ0qjB5RhPUl5Obc7\">Click aici<\/a>. Fondurile se vor pierde dac\u0103 rezervarea este anulat\u0103 \u00een aceea\u0219i zi a c\u0103l\u0103toriei.<\/p>\n\n\t\t<\/div>\n\t<\/div>\n<div class=\"vc_btn3-container vc_btn3-inline\" ><button class=\"vc_general vc_btn3 vc_btn3-size-md vc_btn3-shape-rounded vc_btn3-style-modern vc_btn3-color-green\">REZERVA ACUM<\/button><\/div><\/div><\/div><\/div><\/div><div class=\"vc_row wpb_row vc_row-fluid\" ><div class=\"wpb_column vc_column_container vc_col-sm-12\"><div class=\"vc_column-inner\"><div class=\"wpb_wrapper\">\n\t<div class=\"wpb_video_widget wpb_content_element vc_clearfix   vc_video-aspect-ratio-169 vc_video-el-width-100 vc_video-align-left\" >\n\t\t<div class=\"wpb_wrapper\">\n\t\t\t\n\t\t\t<div class=\"wpb_video_wrapper\"><iframe loading=\"lazy\" title=\"Saman\u00e1 Are It - Republica Dominican\u0103 Are It All\" width=\"1100\" height=\"619\" src=\"https:\/\/www.youtube.com\/embed\/oWlwxZLQnVU?feature=oembed\" frameborder=\"0\" allow=\"accelerometer; autoplay; encrypted-media; gyroscope; picture-in-picture\" allowfullscreen><\/iframe><\/div>\n\t\t<\/div>\n\t<\/div>\n<\/div><\/div><\/div><\/div><div class=\"vc_row wpb_row vc_row-fluid\" ><div class=\"wpb_column vc_column_container vc_col-sm-12\"><div class=\"vc_column-inner\"><div class=\"wpb_wrapper\"><div class=\"vc_empty_space\"   style=\"height: 32px\"><span class=\"vc_empty_space_inner\"><\/span><\/div>\n\t<div class=\"wpb_text_column wpb_content_element\" >\n\t\t<div class=\"wpb_wrapper\">\n\t\t\t<h4>Contacteaz\u0103-ne?<\/h4>\n<h5>Rezervare aventuri<\/h5>\n<p><em><strong>Localnicii<\/strong>\u00a0\u0219i\u00a0<strong>Na\u0163ionalii<\/strong>\u00a0Ghizi turistici \u0219i servicii pentru oaspe\u021bi<\/em><\/p>\n<p><span class=\"text-turquoise\">Rezervari:<\/span>\u00a0Tururi \u0219i excursii \u00een Dom. Reprezentant.<\/p>\n<p><img decoding=\"async\" class=\"emoji\" draggable=\"false\" src=\"https:\/\/s.w.org\/images\/core\/emoji\/11.2.0\/svg\/1f4de.svg\" alt=\"\ud83d\udcde\" title=\"\">\u00a0Tel\/Whatsapp\u00a0\u00a0<a href=\"tel:+1-809-720-6035\">+1-809-720-6035<\/a>.<\/p>\n<p><img decoding=\"async\" class=\"emoji\" draggable=\"false\" src=\"https:\/\/s.w.org\/images\/core\/emoji\/11.2.0\/svg\/1f4e9.svg\" alt=\"\ud83d\udce9\" title=\"\">\u00a0<a href=\"mailto:info@bookingadventures.com.do\">info@bookingadventures.com.do<\/a><\/p>\n<p><strong>Suntem flexibili, stabilim tururi private prin Whatsapp:\u00a0<a href=\"tel:+18097206035\">+18097206035.<\/a><\/strong><\/p>\n\n\t\t<\/div>\n\t<\/div>\n<div class=\"vc_empty_space\"   style=\"height: 32px\"><span class=\"vc_empty_space_inner\"><\/span><\/div><\/div><\/div><\/div><\/div><div class=\"vc_row wpb_row vc_row-fluid\" ><div class=\"wpb_column vc_column_container vc_col-sm-12\"><div class=\"vc_column-inner\"><div class=\"wpb_wrapper\"><div class=\"vc_btn3-container vc_btn3-inline\" ><button class=\"vc_general vc_btn3 vc_btn3-size-md vc_btn3-shape-rounded vc_btn3-style-modern vc_btn3-color-green\">REZERVA ACUM<\/button><\/div><\/div><\/div><\/div><\/div>","protected":false},"excerpt":{"rendered":"<p><span class=\"Y2IQFc\" lang=\"en\">Excursie privat\u0103 pentru a vizita Cascadele El Lim\u00f3n \u0219i Cayo Levantado (insula Bacardi). Dou\u0103 activit\u0103\u021bi \u00eentr-o singur\u0103 zi, vizitarea frumuse\u021bii p\u0103durii \u0219i a cascadelor comunit\u0103\u021bii El Lim\u00f3n cu un ghid turistic local. Pute\u021bi face aceast\u0103 excursie pe jos sau c\u0103lare de-a lungul traseelor de cafea \u0219i nuc\u0103 de cocos. Dup\u0103 ce vom vizita Cascadele El Lim\u00f3n, vom merge la debarcaderul din centrul ora\u0219ului Saman\u00e1 \u0219i vom lua o barc\u0103 c\u0103tre Cayo Levantado, numit\u0103 \u0219i Insula Bacardi. Acolo vom avea pr\u00e2nz tip bufet \u0219i dup\u0103-amiaza \u00eenot pe plaja Cayo Levantado cu op\u021biuni de snorkeling \u00een recifele de corali.<\/span><\/p>\n<p>&nbsp;<\/p>\n<p><b>Selecteaz\u0103 c\u0103l\u0103toria ta: <\/b><\/p>","protected":false},"featured_media":11584,"template":"","meta":[],"product_cat":[255,961,956,307,253],"product_tag":[223,311,606,185,267,309,310,312,186,200,187],"class_list":["post-9200","product","type-product","status-publish","has-post-thumbnail","hentry","product_cat-tours-excursions-samana-bay-dominican-republic","product_cat-el-limon-horseback-riding","product_cat-el-limon-samana","product_cat-salto-el-limon-and-bacardi-island","product_cat-tours-and-excursions","product_tag-cayo-levantado","product_tag-cayo-levantado-tour","product_tag-el-limon-tours","product_tag-el-limon-waterfalls","product_tag-las-terrenas","product_tag-salto-el-limon","product_tag-salto-el-limon-hiking","product_tag-salto-el-limon-tour","product_tag-samana","product_tag-samana-excursions","product_tag-samana-tours"],"_links":{"self":[{"href":"https:\/\/www.boattoursamana.com\/ro\/wp-json\/wp\/v2\/product\/9200","targetHints":{"allow":["GET"]}}],"collection":[{"href":"https:\/\/www.boattoursamana.com\/ro\/wp-json\/wp\/v2\/product"}],"about":[{"href":"https:\/\/www.boattoursamana.com\/ro\/wp-json\/wp\/v2\/types\/product"}],"wp:featuredmedia":[{"embeddable":true,"href":"https:\/\/www.boattoursamana.com\/ro\/wp-json\/wp\/v2\/media\/11584"}],"wp:attachment":[{"href":"https:\/\/www.boattoursamana.com\/ro\/wp-json\/wp\/v2\/media?parent=9200"}],"wp:term":[{"taxonomy":"product_cat","embeddable":true,"href":"https:\/\/www.boattoursamana.com\/ro\/wp-json\/wp\/v2\/product_cat?post=9200"},{"taxonomy":"product_tag","embeddable":true,"href":"https:\/\/www.boattoursamana.com\/ro\/wp-json\/wp\/v2\/product_tag?post=9200"}],"curies":[{"name":"wp","href":"https:\/\/api.w.org\/{rel}","templated":true}]}}