{"id":9639,"date":"2019-10-14T16:35:48","date_gmt":"2019-10-14T16:35:48","guid":{"rendered":"https:\/\/www.ticketswhales.com\/?post_type=product&#038;p=9639"},"modified":"2023-02-21T17:56:59","modified_gmt":"2023-02-21T17:56:59","slug":"four-adventures-parasailing-snorkeling-cruise-sharks-rays-in-natural-pools-from-punta-cana","status":"publish","type":"product","link":"https:\/\/www.boattoursamana.com\/ro\/tur\/patru-aventuri-parasailing-snorkeling-croaziera-razele-rechini-in-piscine-naturale-din-punta-cana-2","title":{"rendered":"Patru aventuri: parasailing, croaziera cu snorkeling, rechini \u0219i raze \u00een bazine naturale din Punta Cana"},"content":{"rendered":"<div class=\"vc_row wpb_row vc_row-fluid\" ><div class=\"wpb_column vc_column_container vc_col-sm-12\"><div class=\"vc_column-inner\"><div class=\"wpb_wrapper\"><div class=\"mkdf-section-title-holder\" style=\"text-align: left\">\n\t<div class=\"mkdf-st-inner\">\n\t\t\t\t\t<h5 class=\"mkdf-st-subtitle\" >\n\t\t\t\tDe la Hotelurile Punta Cana\t\t\t<\/h5>\n\t\t\t\t\t\t\t<h3 class=\"mkdf-st-title\" >\n\t\t\t\tPatru aventuri: parasailing, croaziera cu snorkeling, rechini \u0219i raze \u00een bazine naturale din Punta Cana\t\t\t<\/h3>\n\t\t\t\t\t\t\t<p class=\"mkdf-st-text\" >\n\t\t\t\tNot\u0103: Acest tur \u00eencepe la ore diferite \u00eentre 7:00 AM \u0219i 4:00 Pm. De asemenea, ave\u021bi voie s\u0103 vede\u021bi delfinii, dar nu \u0219i \u00eenot\u00e2nd cu delfinii. \u00cen func\u021bie de unde este ora de preluare a hotelurilor, se poate schimba. Costuri suplimentare pentru ridicarea \u00een zone care nu sunt enumerate \u00een descrierea noastr\u0103.\t\t\t<\/p>\n\t\t\t<\/div>\n<\/div><\/div><\/div><\/div><\/div><div class=\"vc_row wpb_row vc_row-fluid\" ><div class=\"wpb_column vc_column_container vc_col-sm-12\"><div class=\"vc_column-inner\"><div class=\"wpb_wrapper\"><div class=\"vc_empty_space\"   style=\"height: 32px\"><span class=\"vc_empty_space_inner\"><\/span><\/div><\/div><\/div><\/div><\/div><div class=\"vc_row wpb_row vc_row-fluid\" ><div class=\"wpb_column vc_column_container vc_col-sm-12\"><div class=\"vc_column-inner\"><div class=\"wpb_wrapper\"><div class=\"vc_btn3-container vc_btn3-inline\" ><button class=\"vc_general vc_btn3 vc_btn3-size-md vc_btn3-shape-rounded vc_btn3-style-modern vc_btn3-color-green\">REZERVA ACUM<\/button><\/div>\n\t<div class=\"wpb_text_column wpb_content_element\" >\n\t\t<div class=\"wpb_wrapper\">\n\t\t\t<h4><b><i>Prezentare general\u0103 <\/i><\/b><\/h4>\n<div>\n<p>Experimenta\u021bi fiorul a patru aventuri \u00eentr-una cu acest tur epic din Punta Cana. Relaxa\u021bi-v\u0103 la bordul unui catamaran cu dou\u0103 etaje, descoperi\u021bi minunile m\u0103rii \u0219i bucura\u021bi-v\u0103 de \u00eent\u00e2lniri apropiate cu via\u021ba marin\u0103. Vei face snorkeling \u00eentr-o barier\u0103 de recif spectaculoas\u0103 \u00eenconjurat\u0103 de pe\u0219ti tropicali \u0219i vei experimenta distrac\u021bia unui spectacol marin interactiv, cu rechini \u0219i raie. Aceast\u0103 op\u021biune popular\u0103 de tur include b\u0103uturi nelimitate pe cea mai bun\u0103 barc\u0103 de petrecere din jur \u0219i este perfect\u0103 pentru distrac\u021bia cu familia \u0219i prietenii. Dup\u0103 ce sim\u021bi\u021bi un gust al vie\u021bii subacvatice, explora\u021bi-o de sus cu un parasail palpitant la 500 de picioare deasupra suprafe\u021bei apei!<\/p>\n<\/div>\n<ul class=\"vcs-highlights\">\n<li>Alegerea mai multor plec\u0103ri pe parcursul zilei<\/li>\n<li>Pentru iubitorii de mare<\/li>\n<li>Bucura\u021bi-v\u0103 de vederi aeriene fantastice<\/li>\n<li>Familie prietenoasa<\/li>\n<li>Preluare de la un punct de \u00eent\u00e2lnire situat central<\/li>\n<li>Experien\u021b\u0103 romantic\u0103, perfect\u0103 pentru cupluri<\/li>\n<\/ul>\n<p>&nbsp;<\/p>\n<h4><b>Incluziuni \u0219i excluderi<\/b><\/h4>\n<p>&nbsp;<\/p>\n<p><b>Incluziuni<\/b><\/p>\n<p>&nbsp;<\/p>\n<ol>\n<li>Tur parasaling<\/li>\n<li>Croaziera de snorkeling, rechini \u0219i raze \u00een bazine naturale<\/li>\n<li>Preluare cu autobuzul de la hotelul dvs<\/li>\n<li style=\"font-weight: 400;\"><span style=\"font-weight: 400;\">Toate taxele, taxele \u0219i taxele de manipulare<\/span><\/li>\n<li style=\"font-weight: 400;\"><span style=\"font-weight: 400;\">Taxe locale<\/span><\/li>\n<li style=\"font-weight: 400;\"><span style=\"font-weight: 400;\">B\u0103uturi<\/span><\/li>\n<\/ol>\n<p><b> Excluderile<\/b><\/p>\n<ol>\n<li style=\"font-weight: 400;\"><span style=\"font-weight: 400;\">Gratuitatii<\/span><\/li>\n<li>Masa de pranz<\/li>\n<\/ol>\n<p>&nbsp;<\/p>\n<h4><em><strong>Plecare \u0219i \u00eentoarcere<\/strong><\/em><\/h4>\n<p><span style=\"font-weight: 400;\">C\u0103l\u0103torul va primi un punct de \u00eent\u00e2lnire dup\u0103 Procesul de Rezervare. Tururile \u00eencep \u0219i se termin\u0103 \u00een punctele noastre de \u00eent\u00e2lnire.<\/span><\/p>\n<p>&nbsp;<\/p>\n<h4><b><i>La ce s\u0103 te a\u0219tep\u021bi?<\/i><\/b><\/h4>\n<p>C\u0103l\u0103tori\u021bi \u00een confortul cu aer condi\u021bionat de la hotelul dvs. din Punta Cana la un catamaran frumos cu dou\u0103 etaje \u0219i c\u0103l\u0103tori\u021bi \u00een frumuse\u021bea uluitoare din Punta Cana cu un echipaj expert. Vizita\u021bi plaja Bavaro \u0219i face\u021bi snorkel prin recife de corali \u0219i pe\u0219ti tropicali sub supravegherea unor scafandri profesioni\u0219ti. Apoi, merge\u021bi c\u0103tre un parc marin unde ve\u021bi avea o \u00eent\u00e2lnire apropiat\u0103 cu razele \u0219i rechinii docili. \u00cenota\u021bi \u0219i face\u021bi snorkel \u00eenconjurat de aceste creaturi uria\u0219e \u0219i ob\u021bine\u021bi o perspectiv\u0103 mai profund\u0103 de la echipa dvs. de ghizi.<\/p>\n<p>Apoi v\u0103 ve\u021bi bucura de timp la o piscin\u0103 natural\u0103 r\u0103coritoare, unde v\u0103 ve\u021bi \u00eenota \u0219i v\u0103 ve\u021bi relaxa cu o bere rece \u00een m\u00e2n\u0103. Bucura\u021bi-v\u0103 de delicii dintr-un bar plutitor \u0219i asculta\u021bi cum un DJ local bate \u00een acest decor incredibil de insul\u0103.<\/p>\n<p>Experimenta\u021bi emo\u021bia apelor cristaline din ocean cu jocuri, b\u0103uturi \u0219i divertisment. Turul t\u0103u se \u00eencheie cu o aventur\u0103 epic\u0103 de parasailing de pe plaja Cortesito. Dup\u0103 o privire de ansamblu asupra siguran\u021bei, ve\u021bi zbura cu cerul sus, deasupra apelor albastre uimitoare \u0219i ve\u021bi admira priveli\u0219ti tropicale incredibile \u00een timp ce v\u0103 av\u00e2nta\u021bi prin paradis. Ve\u021bi fi \u00eenapoiat \u00een siguran\u021b\u0103 la \u021b\u0103rm \u00eenainte de a v\u0103 \u00eentoarce la hotel cu transportul.<\/p>\n<p><strong>Orar:<\/strong><\/p>\n<p>7:00 AM \u2013 4:00 PM\u2026 Schimbarea or\u0103 \u00een func\u021bie de locul \u00een care v\u0103 afla\u021bi \u00een Punta Cana. Contacta\u021bi-ne pentru a stabili ora.<\/p>\n<p>&nbsp;<\/p>\n<h4><em><strong>Ce ar trebui s\u0103 aduci?<\/strong><\/em><\/h4>\n<ul>\n<li style=\"font-weight: 400;\"><span style=\"font-weight: 400;\">aparat foto<\/span><\/li>\n<li style=\"font-weight: 400;\"><span style=\"font-weight: 400;\">Muguri repelent<\/span><\/li>\n<li style=\"font-weight: 400;\"><span style=\"font-weight: 400;\">lotiune de plaja<\/span><\/li>\n<li style=\"font-weight: 400;\"><span style=\"font-weight: 400;\">P\u0103l\u0103rie<\/span><\/li>\n<li style=\"font-weight: 400;\"><span style=\"font-weight: 400;\">Pantaloni comozi<\/span><\/li>\n<li style=\"font-weight: 400;\"><span style=\"font-weight: 400;\">Pantofi de drume\u021bie pentru p\u0103dure<\/span><\/li>\n<li style=\"font-weight: 400;\"><span style=\"font-weight: 400;\">Sandale la plaj\u0103<\/span><\/li>\n<li style=\"font-weight: 400;\"><span style=\"font-weight: 400;\">\u00cembr\u0103c\u0103minte de \u00eenot<\/span><\/li>\n<li>Cash pentru suveniruri<\/li>\n<\/ul>\n<p>&nbsp;<\/p>\n<h4><b><i>Preluare la hotel <\/i><\/b><\/h4>\n<p><span style=\"font-weight: 400;\">Se ofer\u0103 preluare de c\u0103l\u0103tori!<\/span><\/p>\n<p><span style=\"font-weight: 400;\">Prelu\u0103m de la toate hotelurile din Punta Cana. Loca\u021bia de preluare este holul hotelului<br \/>\nDac\u0103 sunte\u021bi cazat \u00eentr-un apartament din zon\u0103, v\u0103 vom prelua de la apartament sau de la intrarea \u00een cea mai apropiat\u0103 sta\u021biune.. Am stabilit Pick up contact\u00e2ndu-ne prin Whatsapp.<\/span><\/p>\n<p><b>Not\u0103:<\/b><span style=\"font-weight: 400;\"> Dac\u0103 rezerva\u021bi \u00een termen de 24 de ore de la ora de plecare a turului\/excursiei, putem aranja preluarea de la hotel. Odat\u0103 ce achizi\u021bia dvs. este finalizat\u0103, v\u0103 vom trimite informa\u021bii complete de contact (num\u0103r de telefon, adres\u0103 de e-mail etc.) pentru ghidul nostru local pentru a organiza aranjamentele de ridicare.<\/span><\/p>\n<h4><b><i>Confirmare informa\u021bii suplimentare <\/i><\/b><\/h4>\n<ol>\n<li>Biletele sunt Chitan\u021ba dup\u0103 plata acestui Tur. Pute\u021bi afi\u0219a plata pe telefon.<\/li>\n<li style=\"font-weight: 400;\"><span style=\"font-weight: 400;\">Punctul de \u00eent\u00e2lnire va fi primit dup\u0103 procesul de rezervare.<\/span><\/li>\n<li style=\"font-weight: 400;\"><span style=\"font-weight: 400;\">Copiii trebuie s\u0103 fie \u00eenso\u021bi\u021bi de un adult.<\/span><\/li>\n<li style=\"font-weight: 400;\"><span style=\"font-weight: 400;\">scaun cu rotile accesibil <\/span><\/li>\n<li style=\"font-weight: 400;\"><span style=\"font-weight: 400;\">Bebelu\u0219ii trebuie s\u0103 stea pe poale <\/span><\/li>\n<li style=\"font-weight: 400;\"><span style=\"font-weight: 400;\">Majoritatea c\u0103l\u0103torilor pot participa<\/span><\/li>\n<\/ol>\n<h4><b><i>Politica de anulare<\/i><\/b><\/h4>\n<p>Pentru o rambursare complet\u0103, v\u0103 rug\u0103m s\u0103 citi\u021bi politicile noastre de anulare\u00a0<a href=\"https:\/\/www.boattoursamana.com\/ro\/rezervare-online\/\" target=\"_blank\" rel=\"noopener\" data-saferedirecturl=\"https:\/\/www.google.com\/url?q=https:\/\/www.boattoursamana.com\/online-booking\/&amp;source=gmail&amp;ust=1672532492004000&amp;usg=AOvVaw3ylqI1cdbIPTimEqEWneyd\">Click aici<\/a>. Fondurile se vor pierde dac\u0103 rezervarea este anulat\u0103 \u00een aceea\u0219i zi a c\u0103l\u0103toriei.<\/p>\n\n\t\t<\/div>\n\t<\/div>\n<\/div><\/div><\/div><\/div><div class=\"vc_row wpb_row vc_row-fluid\" ><div class=\"wpb_column vc_column_container vc_col-sm-12\"><div class=\"vc_column-inner\"><div class=\"wpb_wrapper\">\n\t<div class=\"wpb_text_column wpb_content_element\" >\n\t\t<div class=\"wpb_wrapper\">\n\t\t\t<h4>Contacteaz\u0103-ne?<\/h4>\n<h5><em><strong>Rezervare aventuri<\/strong><\/em><\/h5>\n<p><em><strong>Localnicii<\/strong> \u0219i <strong>Na\u0163ionalii<\/strong> Ghizi turistici \u0219i servicii pentru oaspe\u021bi<\/em><\/p>\n<p><span class=\"text-turquoise\">Rezervari:<\/span> Tururi \u0219i excursii \u00een Dom. Reprezentant.<\/p>\n\n\t\t<\/div>\n\t<\/div>\n<\/div><\/div><\/div><\/div><div class=\"vc_row wpb_row vc_row-fluid\" ><\/div><div class=\"wpb_column vc_column_container vc_col-sm-12\"><div class=\"vc_column-inner\"><div class=\"wpb_wrapper\"><\/div><\/div><\/div><div class=\"vc_empty_space\"   style=\"height: 32px\"><span class=\"vc_empty_space_inner\"><\/span><\/div><div class=\"vc_empty_space\"   style=\"height: 32px\"><span class=\"vc_empty_space_inner\"><\/span><\/div><div class=\"vc_row wpb_row vc_row-fluid\" ><div class=\"wpb_column vc_column_container vc_col-sm-12\"><div class=\"vc_column-inner\"><div class=\"wpb_wrapper\"><div class=\"vc_btn3-container vc_btn3-inline\" ><button class=\"vc_general vc_btn3 vc_btn3-size-md vc_btn3-shape-rounded vc_btn3-style-modern vc_btn3-color-green\">REZERVA ACUM<\/button><\/div><\/div><\/div><\/div><\/div>","protected":false},"excerpt":{"rendered":"<p><span style=\"vertical-align: inherit;\"><span style=\"vertical-align: inherit;\"><span style=\"vertical-align: inherit;\"><span style=\"vertical-align: inherit;\">Parasailing \u00een Punta Cana este o aventur\u0103 incredibil\u0103 \u0219i una dintre cele mai bune lucruri pentru a face \u00een Punta Cana. <\/span><\/span><\/span><span style=\"vertical-align: inherit;\"><span style=\"vertical-align: inherit;\"><span style=\"vertical-align: inherit;\">La costa desde 200 piese \u00een el aire, \u00een timp ce naviga, este absolut impresionante.<\/span><\/span><\/span><\/span><\/p>\n<p><span style=\"vertical-align: inherit;\"><span style=\"vertical-align: inherit;\"><span style=\"vertical-align: inherit;\"><span style=\"vertical-align: inherit;\">El parasailing este o experien\u021b\u0103 sencilla \u0219i distractiv\u0103 pentru to\u021bi membrii familiei. <\/span><\/span><\/span><span style=\"vertical-align: inherit;\"><span style=\"vertical-align: inherit;\"><span style=\"vertical-align: inherit;\">Como la principal empresa de parasailing \u0219i aventura \u00een Rep\u00fablica Dominicana, nuestro equipo de Parasailing se afl\u0103 \u00eentre cei mai experimenta\u021bi \u00een Punta Cana, cu mai mult de 16 ani de experien\u021b\u0103 \u00een zboruri. <\/span><\/span><\/span><span style=\"vertical-align: inherit;\"><span style=\"vertical-align: inherit;\"><span style=\"vertical-align: inherit;\">Pute\u021bi beneficia de unele 15 minute de zbor \u00een timp ce v\u0103 bucura\u021bi de la hermosa vedere panoramica.<\/span><\/span><\/span><\/span><\/p>\n<p>&nbsp;<\/p>\n<p><em><strong><span style=\"vertical-align: inherit;\"><span style=\"vertical-align: inherit;\"><span style=\"vertical-align: inherit;\"><span style=\"vertical-align: inherit;\">Selecta\u021bi data pentru tur\u00a0<\/span><\/span><\/span><\/span><\/strong><\/em><\/p>","protected":false},"featured_media":11681,"template":"","meta":[],"product_cat":[253,948,468,473,349,294],"product_tag":[242,480,474,478,477,470,469,222,471,479,313,482,243,476,475,481],"class_list":["post-9639","product","type-product","status-publish","has-post-thumbnail","hentry","product_cat-tours-and-excursions","product_cat-1-punta-cana","product_cat-parasaling","product_cat-sharks-rays-in-natural-pools","product_cat-tours-and-excursion-punta-cana","product_cat-tours-excursions-punta-cana-dominican-republic","product_tag-catamaran","product_tag-cheap-punta-cana-excursions","product_tag-four-adventures-parasailing","product_tag-natural-pool-punta-cana","product_tag-natural-swimming-pool-punta-cana","product_tag-parasail-punta-cana","product_tag-parasailing-in-punta-cana","product_tag-punta-cana","product_tag-punta-cana-catamaran-party-with-snorkeling-and-parasailing","product_tag-punta-cana-sharks","product_tag-punta-cana-tours","product_tag-rays-from-punta-cana","product_tag-saona-island","product_tag-sharks-rays-in-natural-pools-from-punta-cana","product_tag-snorkeling-cruise","product_tag-swimming-with-sharks-punta-cana"],"_links":{"self":[{"href":"https:\/\/www.boattoursamana.com\/ro\/wp-json\/wp\/v2\/product\/9639","targetHints":{"allow":["GET"]}}],"collection":[{"href":"https:\/\/www.boattoursamana.com\/ro\/wp-json\/wp\/v2\/product"}],"about":[{"href":"https:\/\/www.boattoursamana.com\/ro\/wp-json\/wp\/v2\/types\/product"}],"wp:featuredmedia":[{"embeddable":true,"href":"https:\/\/www.boattoursamana.com\/ro\/wp-json\/wp\/v2\/media\/11681"}],"wp:attachment":[{"href":"https:\/\/www.boattoursamana.com\/ro\/wp-json\/wp\/v2\/media?parent=9639"}],"wp:term":[{"taxonomy":"product_cat","embeddable":true,"href":"https:\/\/www.boattoursamana.com\/ro\/wp-json\/wp\/v2\/product_cat?post=9639"},{"taxonomy":"product_tag","embeddable":true,"href":"https:\/\/www.boattoursamana.com\/ro\/wp-json\/wp\/v2\/product_tag?post=9639"}],"curies":[{"name":"wp","href":"https:\/\/api.w.org\/{rel}","templated":true}]}}