{"id":9653,"date":"2019-10-15T08:33:05","date_gmt":"2019-10-15T08:33:05","guid":{"rendered":"https:\/\/www.ticketswhales.com\/?post_type=product&#038;p=9653"},"modified":"2023-11-10T17:27:37","modified_gmt":"2023-11-10T17:27:37","slug":"catalina-island-altos-de-chavon-from-punta-cana-snorkeling-with-catamaran-party","status":"publish","type":"product","link":"https:\/\/www.boattoursamana.com\/ro\/tur\/catalina-insula-altos-de-chavon-din-punta-cana-snorkeling-cu-petrecere-catamaran-2","title":{"rendered":"Insula Catalina \u0219i Altos de Chavon din Punta Cana (snorkeling cu petrecere cu catamaran)"},"content":{"rendered":"<div class=\"vc_row wpb_row vc_row-fluid\" ><div class=\"wpb_column vc_column_container vc_col-sm-12\"><div class=\"vc_column-inner\"><div class=\"wpb_wrapper\"><div class=\"mkdf-section-title-holder\" style=\"text-align: left\">\n\t<div class=\"mkdf-st-inner\">\n\t\t\t\t\t<h5 class=\"mkdf-st-subtitle\" >\n\t\t\t\tExperien\u021b\u0103 de jum\u0103tate de zi\t\t\t<\/h5>\n\t\t\t\t\t\t\t<h3 class=\"mkdf-st-title\" >\n\t\t\t\tInsula Catalina \u0219i snorkeling cu petrecere cu catamaran din Punta Cana\t\t\t<\/h3>\n\t\t\t\t\t<\/div>\n<\/div><div class=\"vc_btn3-container vc_btn3-inline\" ><button class=\"vc_general vc_btn3 vc_btn3-size-md vc_btn3-shape-rounded vc_btn3-style-modern vc_btn3-color-green\">REZERVA ACUM<\/button><\/div><\/div><\/div><\/div><\/div><div class=\"vc_row wpb_row vc_row-fluid\" ><div class=\"wpb_column vc_column_container vc_col-sm-12\"><div class=\"vc_column-inner\"><div class=\"wpb_wrapper\">\n\t<div class=\"wpb_text_column wpb_content_element\" >\n\t\t<div class=\"wpb_wrapper\">\n\t\t\t<div class=\"vc_row wpb_row vc_row-fluid\">\n<div class=\"wpb_column vc_column_container vc_col-sm-12\">\n<div class=\"vc_column-inner\">\n<div class=\"wpb_wrapper\">\n<div class=\"wpb_text_column wpb_content_element\">\n<div class=\"wpb_wrapper\">\n<div class=\"vc_row wpb_row vc_row-fluid\">\n<div class=\"wpb_column vc_column_container vc_col-sm-12\">\n<div class=\"vc_column-inner\">\n<div class=\"wpb_wrapper\">\n<div class=\"wpb_text_column wpb_content_element\">\n<div class=\"wpb_wrapper\">\n<h4><b><i>Prezentare general\u0103<\/i><\/b><\/h4>\n<p>Ne bucur\u0103m de un tur cu catamaran prin ape cristaline p\u00e2n\u0103 la Insula Catalina, cea mai cunoscut\u0103 zon\u0103 pentru snorkeling din Republica Dominican\u0103.<\/p>\n<p>Ziua \u00eencepe cu o preluare de la holul principal al hotelului sau de la punctul de \u00eent\u00e2lnire specificat. Apoi vom continua spre Insula C\u0103t\u0103lina pentru a ne bucura de o baie r\u0103coritoare \u0219i de c\u00e2teva b\u0103uturi, \u00een timp ce oricine poate efectua 2 tipuri de snorkel cu un instructor \u0219i dup\u0103 aceea vom m\u00e2nca un delicios bufet de pr\u00e2nz la plaj\u0103 \u0219i vom lua c\u00e2teva cursuri de salsa. \u0219i Bachata, \u00een timp ce facem \u0219i ni\u0219te b\u0103uturi delicioase. Odat\u0103 obosit s\u0103 fii lene\u0219 pe plaj\u0103, ia ni\u0219te echipament de snorkeling \u0219i admir\u0103 lumea subacvatic\u0103 a C\u0103t\u0103linei.<\/p>\n<p>Oceanul, at\u00e2t de incredibil de clar, \u0219i plaja cu nisip alb te a\u0219teapt\u0103. Relaxa\u021bi-v\u0103 pe un \u0219ezlong sau snorkeling, totul inclus pentru dvs. V\u0103 ve\u021bi bucura de unde ve\u021bi vedea tradi\u021bia muzicii \u0219i dansului nostru.<\/p>\n<p>Dup\u0103 aceasta mergem la Altos de Chavon Cattle and River!<\/p>\n<p><strong>Not\u0103:<\/strong> Acest tur nu este privat. Dac\u0103 dori\u021bi s\u0103 stabili\u021bi un tur privat, contacta\u021bi-ne!<\/p>\n<ul>\n<li>\n<div class=\"py-1 inclusions-exclusions-item d-flex\" lang=\"en-x-mtfrom-en\">\n<div class=\"d-inline-block inclusions-exclusions-text\">Transport privat<\/div>\n<\/div>\n<\/li>\n<li>Piscin\u0103 natural\u0103 pentru vizionarea stelelor de pe\u0219te<\/li>\n<li>Snorkeling<\/li>\n<li>Masa de pranz<\/li>\n<li>Transfer cu barca catamaran<\/li>\n<li>C\u0103pitanul ofer\u0103 instruc\u021bie \u0219i supraveghere<\/li>\n<li>Ghid turistic<\/li>\n<\/ul>\n<p>&nbsp;<\/p>\n<h4><b>Incluziuni \u0219i excluderi<\/b><\/h4>\n<p><b>Incluziuni<\/b><\/p>\n<ol>\n<li>Ghid turistic<\/li>\n<li>snorkeling<\/li>\n<li>Masa de pranz<\/li>\n<li>Preluare la hoteluri<\/li>\n<li>Excursie cu catamaran sau cu barca<\/li>\n<li>Toate taxele, taxele \u0219i taxele de manipulare<\/li>\n<li>Taxe locale<\/li>\n<li>B\u0103uturi<\/li>\n<\/ol>\n<p><b>Excluderile<\/b><\/p>\n<ol>\n<li>Gratuitatii<\/li>\n<li>Fotografii<\/li>\n<\/ol>\n<h4><em><strong>Plecare \u0219i \u00eentoarcere<\/strong><\/em><\/h4>\n<p>C\u0103l\u0103torul va primi un punct de \u00eent\u00e2lnire dup\u0103 Procesul de Rezervare. Tururile \u00eencep \u0219i se termin\u0103 \u00een punctele noastre de \u00eent\u00e2lnire.<\/p>\n<h3>Insula Catalina \u0219i snorkeling cu petrecere cu catamaran din Punta Cana - Experien\u021b\u0103 de jum\u0103tate de zi.<\/h3>\n<h4><b><i>La ce s\u0103 te a\u0219tep\u021bi?<\/i><\/b><\/h4>\n<p>\u00cen timpul excursiei la Insula Catalina de la Punta Cana, oaspe\u021bii vor avea ocazia s\u0103 fac\u0103 snorkeling \u00een recifele de corali vibrante de la Catalina, \u00eenot\u00e2nd printre \u0219coli plini de via\u021b\u0103 de pe\u0219ti bucur\u00e2ndu-se de fauna subacvatic\u0103 uimitoare din Caraibe.<\/p>\n<p>Vom incepe excursia de snorkeling cu plecare dimineata spre La Romana. \u00cen timpul c\u0103l\u0103toriei, vom trece pe l\u00e2ng\u0103 c\u00e2mpurile de trestie de zah\u0103r, \u00een timp ce ghidul dumneavoastr\u0103 ofer\u0103 informa\u021bii interesante despre istoria zonei, cultura general\u0103 \u0219i tehnicile de fabricare a romului din \u021bar\u0103. La sosirea in La Romana, ne vom imbarca in catamaran si vom pleca spre Catalina. Prima noastr\u0103 oprire pe insul\u0103 va fi \u201eThe Wall\u201d, un zid de corali maiestuos care se \u00eentinde de la insul\u0103 p\u00e2n\u0103 la Marea Caraibelor.<\/p>\n<p>Dupa snorkeling, vei continua drumul catre frumoasa plaja Catalina, un loc exclusivist. La sosire, oaspe\u021bii vor avea acces la 2 kilometri de plaje cu nisip alb \u0219i ape cristaline, un bar pe plaj\u0103 cu b\u0103uturi \u0219i un delicios bufet de pr\u00e2nz dominican cu gr\u0103tar. Ne vom \u00eembarca \u00een catamaran \u00een jurul orei 15:30 pentru a ne \u00eentoarce \u00een Punta Cana dup\u0103 o zi incredibil\u0103 de snorkeling \u0219i relaxare pe Insula Catalina. Insula \u00cen timpul excursiei la Insula Catalina de la Punta Cana, oaspe\u021bii vor avea ocazia s\u0103 fac\u0103 snorkeling \u00een recifele de corali vibrante de la Catalina, \u00eenot\u00e2nd printre \u0219coli plini de via\u021b\u0103 de pe\u0219ti bucur\u00e2ndu-se de fauna subacvatic\u0103 uimitoare din Caraibe.<\/p>\n<p>Vom incepe excursia de snorkeling cu plecare dimineata spre La Romana. \u00cen timpul c\u0103l\u0103toriei, vom trece pe l\u00e2ng\u0103 c\u00e2mpurile de trestie de zah\u0103r, \u00een timp ce ghidul dumneavoastr\u0103 ofer\u0103 informa\u021bii interesante despre istoria zonei, cultura general\u0103 \u0219i tehnicile de fabricare a romului din \u021bar\u0103. La sosirea in La Romana, ne vom imbarca in catamaran si vom pleca spre Catalina.<\/p>\n<p>Prima noastr\u0103 oprire pe insul\u0103 va fi \u201eThe Wall\u201d, un zid de corali maiestuos care se \u00eentinde de la insul\u0103 p\u00e2n\u0103 la Marea Caraibelor. Dupa snorkeling, vei continua drumul catre frumoasa plaja Catalina, un loc exclusivist. La sosire, oaspe\u021bii vor avea acces la 2 kilometri de plaje cu nisip alb \u0219i ape cristaline, un bar pe plaj\u0103 cu b\u0103uturi \u0219i un delicios bufet de pr\u00e2nz dominican cu gr\u0103tar. Ne vom \u00eembarca \u00een catamaran \u00een jurul orei 15:30 pentru a ne \u00eentoarce \u00een Punta Cana dup\u0103 o zi incredibil\u0103 de snorkeling \u0219i relaxare pe Insula Catalina.<\/p>\n<div class=\"a-text--first-content _for-copy-large l-hide-for-large\">\n<p>Las\u0103<strong>\u00a0Paradisul caraibelor de pe insula Catalina te captiveaz\u0103\u00a0<\/strong>\u0219i exploreaz\u0103 pitorescul\u00a0<strong>Altos de Chav\u00f3n<\/strong>\u00a0in aceasta excursie de o zi de neratat din La Romana.<\/p>\n<\/div>\n<div id=\"o-slider--activity-detail__container\" class=\"o-slider js-module-slider is-photos\"><\/div>\n<div id=\"l-768-calendar-anchor\"><\/div>\n<div id=\"new-fading-text\" class=\"new-fading-text _loaded u-no-before show-hidden-elements\">\n<div class=\"o-activity-description\">\n<h2>Excursie de o zi pe Insula Catalina \u0219i Altos de Chav\u00f3n<\/h2>\n<p>Dup\u0103 ce a\u021bi fost preluat de la hotel diminea\u021ba la prima or\u0103, ve\u021bi porni \u00een aventur\u0103, f\u0103c\u00e2nd prima oprire \u00een\u00a0<strong>Altos de Chav\u00f3n<\/strong>. Ve\u021bi avea la dispozi\u021bie 40 de minute pentru a explora acest lucru<strong>\u00a0recreere frumoas\u0103 a unui sat \u00een stil mediteranean<\/strong>\u00a0\u0219i admira\u021bi priveli\u0219tile r\u00e2ului Chav\u00f3n care curge l\u00e2ng\u0103 el. Cu adev\u0103rat \u00eenc\u00e2nt\u0103tor!<\/p>\n<p class=\"new-fading-text__hidden-element\">Continu\u00e2nd turul, ve\u021bi fi dus la un doc de pe\u00a0<strong>R\u00e2ul Salado\u00a0<\/strong>unde al tau\u00a0<strong>catamaran\u00a0<\/strong>v\u0103 va a\u0219tepta s\u0103 porni\u021bi spre Isla Catalina. \u00cen timpul croazierei, care va dura aproximativ 40 de minute, ve\u021bi savura o b\u0103utur\u0103 la bord \u00een timp ce v\u0103 minuna\u021bi de\u00a0<strong>albastru str\u0103lucitor al M\u0103rii Caraibelor str\u0103lucitoare<\/strong>.<\/p>\n<p class=\"new-fading-text__hidden-element\">La apropierea de destina\u021bie, te vei \u00eendrepta direct c\u0103tre reciful de corali cunoscut sub numele de La Pared sau The Wall, unde vei avea ocazia s\u0103\u00a0<strong>r\u0103cori\u021bi-v\u0103 cu o baie r\u0103coritoare \u00een mare \u0219i face\u021bi snorkeling printre incredibila via\u021b\u0103 marin\u0103<\/strong>. Petrece\u021bi 40 de minute explor\u00e2nd sub ap\u0103, \u00eenainte de a v\u0103 \u00eentoarce la catamaran \u0219i de a arunca ancora la docul de pe insula Catalina.<\/p>\n<p class=\"new-fading-text__hidden-element\">Cu picioarele pe uscat, vei fi dus la un mic restaurant cu vederi uimitoare la mare, unde vei fi tratat cu un\u00a0<strong>pr\u00e2nz delicios tip bufet<\/strong>. Cu energie re\u00eennoit\u0103, vei avea apoi trei ore de timp liber pentru a profita la maximum\u00a0<strong>plaje de paradis cu nisip alb<\/strong>. Fie c\u0103 prefera\u021bi s\u0103 v\u0103 relaxa\u021bi \u0219i s\u0103 face\u021bi plaj\u0103 sau s\u0103 \u00eencerca\u021bi o activitate distractiv\u0103 precum paddle surfing, v\u0103 ve\u021bi bucura de o dup\u0103-amiaz\u0103 de neuitat.<\/p>\n<p class=\"new-fading-text__hidden-element\">La sf\u00e2r\u0219itul zilei, te vei \u00eentoarce la catamaran pentru a naviga \u00eenapoi la La Romana, unde vei fi l\u0103sat la hotel.<\/p>\n<\/div>\n<\/div>\n<p>&nbsp;<\/p>\n<p><strong>Orar:<\/strong><\/p>\n<p>7:00 AM \u2013 4:30 PM<\/p>\n<p>&nbsp;<\/p>\n<\/div>\n<p>Ora se poate schimba \u00een func\u021bie de ora plec\u0103rii din hoteluri.<\/p>\n<div class=\"wpb_wrapper\">\n<p>&nbsp;<\/p>\n<h4><em><strong>Ce ar trebui s\u0103 aduci?<\/strong><\/em><\/h4>\n<ul>\n<li>aparat foto<\/li>\n<li>Muguri repelent<\/li>\n<li>lotiune de plaja<\/li>\n<li>P\u0103l\u0103rie<\/li>\n<li>Pantaloni comozi<\/li>\n<li>\u00cembr\u0103c\u0103minte de \u00eenot<\/li>\n<li>Cash pentru suveniruri<\/li>\n<\/ul>\n<p>&nbsp;<\/p>\n<h4><b><i>Preluare la hotel<\/i><\/b><\/h4>\n<p>Pentru acest tur este oferit transfer de la hotel. O putem seta prin Whatsapp. De la Hotelurile La Romana, Punta Cana, Bavaro \u0219i Bayahibe.<\/p>\n<p>&nbsp;<\/p>\n<p><b>Not\u0103:<\/b> dac\u0103 rezerva\u021bi \u00een termen de 24 de ore de la ora plec\u0103rii turului\/excursiei, putem aranja preluarea de la hotel. Odat\u0103 ce achizi\u021bia dvs. este finalizat\u0103, v\u0103 vom trimite informa\u021bii complete de contact (num\u0103r de telefon, adres\u0103 de e-mail etc.) pentru ghidul nostru local pentru a organiza aranjamentele de ridicare.<\/p>\n<h4><b><i>Confirmare informa\u021bii suplimentare<\/i><\/b><\/h4>\n<ol>\n<li>Biletele sunt Chitan\u021ba dup\u0103 plata acestui Tur. Pute\u021bi afi\u0219a plata pe telefon.<\/li>\n<li>Punctul de \u00eent\u00e2lnire va fi primit dup\u0103 procesul de rezervare.<\/li>\n<li>Copiii trebuie s\u0103 fie \u00eenso\u021bi\u021bi de un adult.<\/li>\n<li>scaun cu rotile accesibil<\/li>\n<li>Bebelu\u0219ii trebuie s\u0103 stea pe poale<\/li>\n<li>Majoritatea c\u0103l\u0103torilor pot participa<\/li>\n<\/ol>\n<h4><b><i>Politica de anulare<\/i><\/b><\/h4>\n<p>Pentru o rambursare complet\u0103, v\u0103 rug\u0103m s\u0103 citi\u021bi politicile noastre de anulare\u00a0<a href=\"https:\/\/www.boattoursamana.com\/ro\/rezervare-online\/\" target=\"_blank\" rel=\"noopener\" data-saferedirecturl=\"https:\/\/www.google.com\/url?q=https:\/\/www.boattoursamana.com\/online-booking\/&amp;source=gmail&amp;ust=1672532492004000&amp;usg=AOvVaw3ylqI1cdbIPTimEqEWneyd\">Click aici<\/a>. Fondurile se vor pierde dac\u0103 rezervarea este anulat\u0103 \u00een aceea\u0219i zi a c\u0103l\u0103toriei.<\/p>\n<\/div>\n<\/div>\n<\/div>\n<\/div>\n<\/div>\n<\/div>\n<\/div>\n<\/div>\n<\/div>\n<\/div>\n<\/div>\n<\/div>\n<div class=\"vc_row wpb_row vc_row-fluid\">\n<div class=\"wpb_column vc_column_container vc_col-sm-12\">\n<div class=\"vc_column-inner\">\n<div class=\"wpb_wrapper\">\n<div class=\"vc_empty_space\"><\/div>\n<div class=\"wpb_text_column wpb_content_element\">\n<div class=\"wpb_wrapper\">\n<h4>Contacteaz\u0103-ne?<\/h4>\n<h5><b><i>Rezervare aventuri<\/i><\/b><\/h5>\n<p><em><strong>Localnicii<\/strong>\u00a0\u0219i\u00a0<strong>Na\u0163ionalii<\/strong>\u00a0Ghizi turistici \u0219i servicii pentru oaspe\u021bi<\/em><\/p>\n<p><span class=\"text-turquoise\">Rezervari:<\/span>\u00a0Tururi \u0219i excursii \u00een Dom. Reprezentant.<\/p>\n<p><img decoding=\"async\" class=\"emoji\" src=\"https:\/\/s.w.org\/images\/core\/emoji\/11.2.0\/svg\/1f4de.svg\" alt=\"\ud83d\udcde\" title=\"\">\u00a0Tel\/Whatsapp\u00a0\u00a0<a href=\"tel:+1-809-720-6035\">+1-809-720-6035<\/a>.<\/p>\n<p><img decoding=\"async\" class=\"emoji\" src=\"https:\/\/s.w.org\/images\/core\/emoji\/11.2.0\/svg\/1f4e9.svg\" alt=\"\ud83d\udce9\" title=\"\">\u00a0<a href=\"mailto:info@bookingadventures.com.do\">info@bookingadventures.com.do<\/a><\/p>\n<p><strong>Suntem flexibili, stabilim tururi private prin Whatsapp:\u00a0<a href=\"tel:+18097206035\">+18097206035.<\/a><\/strong><\/p>\n<\/div>\n<\/div>\n<\/div>\n<\/div>\n<\/div>\n<\/div>\n\n\t\t<\/div>\n\t<\/div>\n<div class=\"vc_btn3-container vc_btn3-inline\" ><button class=\"vc_general vc_btn3 vc_btn3-size-md vc_btn3-shape-rounded vc_btn3-style-modern vc_btn3-color-green\">REZERVA ACUM<\/button><\/div><\/div><\/div><\/div><\/div><div class=\"vc_row wpb_row vc_row-fluid\" ><div class=\"wpb_column vc_column_container vc_col-sm-12\"><div class=\"vc_column-inner\"><div class=\"wpb_wrapper\"><\/div><\/div><\/div><\/div>","protected":false},"excerpt":{"rendered":"<p>Micu\u021ba insula Catalina (Isla Catalina), la doar 1,5 mile (2,4 kilometri) de pe continentul Republicii Dominicane, este o pat\u0103 de nisip idilic \u00een apele turcoaz din Caraibe. Cunoscut\u0103 pentru recifele sale de corali bine populate, Catalina este un r\u0103gaz lini\u0219tit pentru cei care doresc s\u0103 evadeze din animata Punta Cana \u0219i La Romana.<\/p>\n<p>Rezerv\u0103 o excursie de o zi cu noi. Insula Catalina intr-un catamaran de petrecere cu snorkeling!<\/p>\n<p>&nbsp;<\/p>\n<p>V\u0103 rug\u0103m s\u0103 selecta\u021bi data pentru excursie:<\/p>","protected":false},"featured_media":9658,"template":"","meta":[],"product_cat":[483,948,160,972,967,349,253,255],"product_tag":[973,974,975,485,976,480,296,471,484],"class_list":["post-9653","product","type-product","status-publish","has-post-thumbnail","hentry","product_cat-catalina-island-catamaran-and-snorkeling","product_cat-1-punta-cana","product_cat-lunch","product_cat-punta-cana-group-tours","product_cat-punta-cana-catalina-island","product_cat-tours-and-excursion-punta-cana","product_cat-tours-and-excursions","product_cat-tours-excursions-samana-bay-dominican-republic","product_tag-catalina-island","product_tag-catalina-island-dominican-republic-snorkeling","product_tag-catalina-island-packages","product_tag-catalina-island-snorkeling-dominican-republic","product_tag-catalina-island-tour","product_tag-cheap-punta-cana-excursions","product_tag-day-trip-punta-cana","product_tag-punta-cana-catamaran-party-with-snorkeling-and-parasailing","product_tag-talina-island-snorkeling"],"_links":{"self":[{"href":"https:\/\/www.boattoursamana.com\/ro\/wp-json\/wp\/v2\/product\/9653","targetHints":{"allow":["GET"]}}],"collection":[{"href":"https:\/\/www.boattoursamana.com\/ro\/wp-json\/wp\/v2\/product"}],"about":[{"href":"https:\/\/www.boattoursamana.com\/ro\/wp-json\/wp\/v2\/types\/product"}],"wp:featuredmedia":[{"embeddable":true,"href":"https:\/\/www.boattoursamana.com\/ro\/wp-json\/wp\/v2\/media\/9658"}],"wp:attachment":[{"href":"https:\/\/www.boattoursamana.com\/ro\/wp-json\/wp\/v2\/media?parent=9653"}],"wp:term":[{"taxonomy":"product_cat","embeddable":true,"href":"https:\/\/www.boattoursamana.com\/ro\/wp-json\/wp\/v2\/product_cat?post=9653"},{"taxonomy":"product_tag","embeddable":true,"href":"https:\/\/www.boattoursamana.com\/ro\/wp-json\/wp\/v2\/product_tag?post=9653"}],"curies":[{"name":"wp","href":"https:\/\/api.w.org\/{rel}","templated":true}]}}