{"id":9731,"date":"2019-11-07T08:01:34","date_gmt":"2019-11-07T08:01:34","guid":{"rendered":"https:\/\/www.ticketswhales.com\/?post_type=product&#038;p=9731"},"modified":"2023-11-10T16:52:57","modified_gmt":"2023-11-10T16:52:57","slug":"bahia-de-las-aguilas-beach-day-trip-by-boat-day-pass-snorkeling-lunch","status":"publish","type":"product","link":"https:\/\/www.boattoursamana.com\/ro\/tur\/bahia-de-las-aguilas-plaja-excursie-de-o-zi-cu-ambarcatiune-abonament-de-o-zi-snorkeling-pranz-2","title":{"rendered":"Bah\u00eda de las \u00c1guilas: excursie de o zi pe plaj\u0103 cu barca \u2013 Abonament de o zi \u2013 Snorkeling \u0219i pr\u00e2nz"},"content":{"rendered":"<div class=\"vc_row wpb_row vc_row-fluid\" ><div class=\"wpb_column vc_column_container vc_col-sm-12\"><div class=\"vc_column-inner\"><div class=\"wpb_wrapper\"><div class=\"vc_btn3-container vc_btn3-inline\" ><button class=\"vc_general vc_btn3 vc_btn3-size-md vc_btn3-shape-rounded vc_btn3-style-modern vc_btn3-color-green\">REZERVA ACUM<\/button><\/div>\n\t<div class=\"wpb_text_column wpb_content_element\" >\n\t\t<div class=\"wpb_wrapper\">\n\t\t\t<div class=\"vc_row wpb_row vc_row-fluid\">\n<div class=\"wpb_column vc_column_container vc_col-sm-12\">\n<div class=\"vc_column-inner\">\n<div class=\"wpb_wrapper\">\n<div class=\"mkdf-section-title-holder\">\n<div class=\"mkdf-st-inner\">\n<h5 class=\"mkdf-st-subtitle\">Abonament de o zi \u2013 Snorkeling \u0219i pr\u00e2nz<\/h5>\n<h3 class=\"mkdf-st-title\">Bah\u00eda de las Aguilas: excursie de o zi pe plaj\u0103 cu barca<\/h3>\n<\/div>\n<\/div>\n<\/div>\n<\/div>\n<\/div>\n<\/div>\n<div class=\"vc_row wpb_row vc_row-fluid\">\n<div class=\"wpb_column vc_column_container vc_col-sm-12\">\n<div class=\"vc_column-inner\">\n<div class=\"wpb_wrapper\">\n<div class=\"wpb_text_column wpb_content_element\">\n<div class=\"wpb_wrapper\">\n<h4><b><i>Prezentare general\u0103<\/i><\/b><\/h4>\n<p>Bucura\u021bi-v\u0103 de o zi la plaj\u0103 \u0219i l\u0103sa\u021bi-v\u0103 spiritul s\u0103 curg\u0103, departe de zonele turistice \u0219i de tot stresul. Vino \u0219i descoperi parcul na\u021bional Jaragua \u0219i Bahia de las \u00c1guilas. Conduce\u021bi de-a lungul unui drum frumos, cu vederi uluitoare ale portului mic \u0219i ale satului de pescari Cabo Rojo. \u00cen Las Cuevas te \u00eembarci pe o barc\u0103 care te duce \u00eentr-o plimbare de 15 minute la una dintre cele mai frumoase plaje naturale din lume. Nisipurile din Bah\u00eda de las Aguilas sunt curate, iar golful se \u00eentinde pe 8 km. Experimenta\u021bi un peisaj de coast\u0103 excep\u021bional, cu o ap\u0103 limpede \u0219i cristalin\u0103, care str\u0103luce\u0219te \u00een nuan\u021be, de la turcoaz la albastru opal, care se tope\u0219te la orizont. Pr\u00e2nzul este servit pe plaj\u0103, merge\u021bi la \u00eenot sau la snorkeling \u0219i explora\u021bi acest paradis natural neatins.<\/p>\n<p>&nbsp;<\/p>\n<ul>\n<li>Ghid local cu experien\u021b\u0103 \u00een siguran\u021b\u0103 \u00een zon\u0103.<\/li>\n<li>Transport privat<\/li>\n<li>Taxe incluse<\/li>\n<li>Masa de pranz<\/li>\n<li>Ghid turistic local \u00een spaniol\u0103, englez\u0103 sau francez\u0103.<\/li>\n<li>Drume\u021bii<\/li>\n<li>Snorkeling<\/li>\n<\/ul>\n<h4><b>Incluziuni \u0219i excluderi<\/b><\/h4>\n<p>&nbsp;<\/p>\n<p><b>Incluziuni<\/b><\/p>\n<ol>\n<li>Ghid local cu experien\u021b\u0103 \u00een siguran\u021b\u0103 \u00een zon\u0103.<\/li>\n<li>Transport privat pentru grupuri mici<\/li>\n<li>Toate taxele, taxele \u0219i taxele de manipulare<\/li>\n<li>Taxe locale<\/li>\n<li>Masa de pranz<\/li>\n<li>Drume\u021bii<\/li>\n<li>Piscine naturale<\/li>\n<li>Snorkeling<\/li>\n<li>Toate activit\u0103\u021bile<\/li>\n<\/ol>\n<p><b>Excluderile<\/b><\/p>\n<ol>\n<li>Gratuitatii<\/li>\n<li>Toate B\u0103uturile<\/li>\n<\/ol>\n<h4><em><strong>Plecare \u0219i \u00eentoarcere<\/strong><\/em><\/h4>\n<p>C\u0103l\u0103torul va primi un punct de \u00eent\u00e2lnire dup\u0103 Procesul de Rezervare. Tururile \u00eencep \u0219i se termin\u0103 \u00een punctele dvs. de \u00eent\u00e2lnire.<\/p>\n<h2 class=\"styles__heading___mD4_3\" data-radium=\"true\">Bah\u00eda de las Aguilas: excursie de o zi pe plaj\u0103 cu barca - abonament de o zi - snorkeling \u0219i pr\u00e2nz<\/h2>\n<h4><em>La ce s\u0103 te a\u0219tep\u021bi?<\/em><\/h4>\n<p>Playa de las Aguilas a fost numit\u0103 dup\u0103 vulturul indigen. Este cunoscut\u0103 drept cea mai frumoas\u0103 plaj\u0103 din \u00eentreaga \u021bar\u0103. Clima parcului este foarte arid\u0103, iar vegeta\u021bia este compus\u0103 \u00een principal din cactusi \u0219i alte plante de\u0219ertice. Drumul de p\u0103m\u00e2nt ro\u0219u care trece de-a lungul golfului este comparabil cu un peisaj de savan\u0103 african\u0103.<br \/>\nDescoperi\u021bi acest paradis pentru pescari \u0219i iubitorii de plaje cu nisip alb \u0219i ap\u0103 limpede. Dar mai \u00eent\u00e2i, c\u0103l\u0103tori\u021bi \u00een satul La Cueva, unde pescarii locali tr\u0103iesc \u00een interiorul pe\u0219terilor.<\/p>\n<p>Lipse\u0219te ceva din aceast\u0103 imagine moment perfect?<\/p>\n<p>Marea calm\u0103 \u0219i v\u00e2ntul u\u0219or v\u0103 vor \u00eempiedica s\u0103 suferi\u021bi prea mult din cauza soarelui \u0219i a c\u0103ldurii. Deveni\u021bi un explorator al zilei \u0219i descoperi\u021bi un paradis ecologic, natural \u0219i total nealterat. Pute\u021bi observa peste 130 de specii de p\u0103s\u0103ri, dintre care 76 tr\u0103iesc permanent \u00een golf, 10 sunt endemice \u0219i 47 sunt migratoare.<\/p>\n<p>08.00 \u2013 Plecare de la hotel<br \/>\n09.30 \u2013 O scurt\u0103 oprire la Laguna de Oviedo pentru a v\u0103 bucura de priveli\u0219tea de pe platforma de observa\u021bie<br \/>\n11.00 \u2013 Plecare cu barca din satul La Cueva spre Bahia de las Aguilas<br \/>\n12.30 \u2013 Pr\u00e2nz tipic pe plaj\u0103<br \/>\n03.00 \u2013 \u00centoarcere la La Cueva<br \/>\n06.00 \u2013 Sosire la hotel<\/p>\n<h4><em><strong>Ce ar trebui s\u0103 aduci?<\/strong><\/em><\/h4>\n<ul>\n<li>aparat foto<\/li>\n<li>Muguri repelent<\/li>\n<li>Lotiune de plaja<\/li>\n<li>Toalet\u0103<\/li>\n<li>P\u0103l\u0103rie<\/li>\n<li>Pantaloni comozi<\/li>\n<li>Pantofi de drume\u021bie pentru p\u0103dure<\/li>\n<li>Sandale \u00een zonele de prim\u0103var\u0103.<\/li>\n<li>\u00cembr\u0103c\u0103minte de \u00eenot<\/li>\n<\/ul>\n<p>&nbsp;<\/p>\n<h4><b><i>Preluare la hotel<\/i><\/b><\/h4>\n<p>Pentru acest tur este oferit transfer de la hotel. Preluare\/Transport de la hotelul dumneavoastr\u0103 (zona Barahona\/Paraiso\/Los Patos).<\/p>\n<p><b>Not\u0103:<\/b>\u00a0Dac\u0103 a\u021bi rezervat \u00een termen de 24 de ore de la ora de plecare a turului\/excursiei, putem aranja preluarea de la hotel. Pur \u0219i simplu ridic\u0103m din zona Samana. Odat\u0103 ce achizi\u021bia dvs. este finalizat\u0103, v\u0103 vom trimite informa\u021bii complete de contact (num\u0103r de telefon, adres\u0103 de e-mail etc.) pentru ghidul nostru local pentru a organiza aranjamentele de ridicare.<\/p>\n<h4><b><i>Confirmare informa\u021bii suplimentare<\/i><\/b><\/h4>\n<ol>\n<li>Biletele sunt Chitan\u021ba dup\u0103 plata acestui Tur. Pute\u021bi afi\u0219a plata pe telefon.<\/li>\n<li>Punctul de \u00eent\u00e2lnire va fi primit dup\u0103 procesul de rezervare.<\/li>\n<li>Copiii trebuie s\u0103 fie \u00eenso\u021bi\u021bi de un adult.<\/li>\n<li>Nu este accesibil cu scaunul cu rotile<\/li>\n<li>Bebelu\u0219ii trebuie s\u0103 stea pe poale<\/li>\n<li>Nu este recomandat c\u0103l\u0103torilor cu probleme de spate<\/li>\n<li>Nu este recomandat c\u0103l\u0103torilor \u00eens\u0103rcinate<\/li>\n<li>F\u0103r\u0103 probleme cardiace sau alte afec\u021biuni medicale grave<\/li>\n<li>Majoritatea c\u0103l\u0103torilor pot participa<\/li>\n<\/ol>\n<h4><b><i>Politica de anulare<\/i><\/b><\/h4>\n<p>Pentru o rambursare complet\u0103, anula\u021bi cu cel pu\u021bin 24 de ore \u00eenainte de data de \u00eencepere a experien\u021bei. Fondurile se vor pierde dac\u0103 rezervarea este anulat\u0103 \u00een aceea\u0219i zi a c\u0103l\u0103toriei.<\/p>\n<\/div>\n<\/div>\n<\/div>\n<\/div>\n<\/div>\n<\/div>\n\n\t\t<\/div>\n\t<\/div>\n<\/div><\/div><\/div><\/div><div class=\"wpb_column vc_column_container vc_col-sm-12\"><div class=\"vc_column-inner\"><div class=\"wpb_wrapper\"><\/div><\/div><\/div>","protected":false},"excerpt":{"rendered":"<p>Cump\u0103ra\u021bi un bilet de o zi la Bahia las Aguilas din Barahona. Conducerea prin Parcul Na\u021bional Jaragua \u0219i \u00eendreptarea c\u0103tre Cabo Rojo, unde v\u0103 a\u0219teapt\u0103 o barc\u0103. Dup\u0103 o plimbare de 15 minute cu barca, ve\u021bi ajunge la frumosul \u0219i retras Golful Vulturilor, considerat\u0103 cea mai frumoas\u0103 plaj\u0103 din \u021bar\u0103. Pr\u00e2nzul va fi servit pe plaj\u0103 \u0219i ve\u021bi avea ocazia s\u0103 \u00eenota\u021bi sau pur \u0219i simplu s\u0103 v\u0103 relaxa\u021bi pe plaj\u0103. Bucura\u021bi-v\u0103 de nisipul alb curat al acestei plaje lungi de 8 km.<\/p>\n<p><strong>Selecta\u021bi ziua pentru aceasta pentru aceast\u0103 c\u0103l\u0103torie:\u00a0<\/strong><\/p>","protected":false},"featured_media":9747,"template":"","meta":[],"product_cat":[549,160],"product_tag":[557,554,555,563,560,556,564,559,553,567,566,561,565,558,562],"class_list":["post-9731","product","type-product","status-publish","has-post-thumbnail","hentry","product_cat-bahia-de-las-aguilas-dominican-republic","product_cat-lunch","product_tag-bahia-de-las-aguilas","product_tag-bahia-de-las-aguilas-pedernales","product_tag-bahia-de-las-aguilas-beach-tour","product_tag-bahia-de-las-aguilas-hoteles","product_tag-bahia-de-las-aguilas-map","product_tag-bahia-de-las-aguilas-private-tour","product_tag-bahia-de-las-aguilas-republica-dominicana-hotel","product_tag-bahia-de-las-aguilas-tour-from-punta-cana","product_tag-bahia-de-las-aguilas-beach-day-trip-by-boat","product_tag-bahia-las-aguilas-tours","product_tag-barahona-tours","product_tag-closest-airport-to-bahia-de-las-aguilas","product_tag-hotel-barahona","product_tag-playa-bahia-de-las-aguilas-dominican-republic","product_tag-tours-a-bahia-de-las-aguilas-desde-santo-domingo"],"_links":{"self":[{"href":"https:\/\/www.boattoursamana.com\/ro\/wp-json\/wp\/v2\/product\/9731","targetHints":{"allow":["GET"]}}],"collection":[{"href":"https:\/\/www.boattoursamana.com\/ro\/wp-json\/wp\/v2\/product"}],"about":[{"href":"https:\/\/www.boattoursamana.com\/ro\/wp-json\/wp\/v2\/types\/product"}],"wp:featuredmedia":[{"embeddable":true,"href":"https:\/\/www.boattoursamana.com\/ro\/wp-json\/wp\/v2\/media\/9747"}],"wp:attachment":[{"href":"https:\/\/www.boattoursamana.com\/ro\/wp-json\/wp\/v2\/media?parent=9731"}],"wp:term":[{"taxonomy":"product_cat","embeddable":true,"href":"https:\/\/www.boattoursamana.com\/ro\/wp-json\/wp\/v2\/product_cat?post=9731"},{"taxonomy":"product_tag","embeddable":true,"href":"https:\/\/www.boattoursamana.com\/ro\/wp-json\/wp\/v2\/product_tag?post=9731"}],"curies":[{"name":"wp","href":"https:\/\/api.w.org\/{rel}","templated":true}]}}