{"id":15769,"date":"2023-07-15T07:43:13","date_gmt":"2023-07-15T07:43:13","guid":{"rendered":"https:\/\/www.ticketswhales.com\/punta-cana-samana-day-trip-el-limon-waterfall-and-bacardi-island\/"},"modified":"2023-07-15T07:43:13","modified_gmt":"2023-07-15T07:43:13","slug":"punta-cana-samana-day-trip-el-limon-waterfall-and-bacardi-island","status":"publish","type":"page","link":"https:\/\/www.boattoursamana.com\/ru\/punta-cana-samana-day-trip-el-limon-waterfall-and-bacardi-island","title":{"rendered":"\u041f\u0443\u043d\u0442\u0430-\u041a\u0430\u043d\u0430: \u043e\u0434\u043d\u043e\u0434\u043d\u0435\u0432\u043d\u0430\u044f \u043f\u043e\u0435\u0437\u0434\u043a\u0430 \u0432 \u0421\u0430\u043c\u0430\u043d\u0443 \u2013 \u0432\u043e\u0434\u043e\u043f\u0430\u0434 \u042d\u043b\u044c-\u041b\u0438\u043c\u043e\u043d \u0438 \u043e\u0441\u0442\u0440\u043e\u0432 \u0411\u0430\u043a\u0430\u0440\u0434\u0438"},"content":{"rendered":"<p><span style=\"vertical-align: inherit;\"><span style=\"vertical-align: inherit;\">\u0415\u0441\u043b\u0438 \u0432\u044b \u043d\u0430\u0445\u043e\u0434\u0438\u0442\u0435\u0441\u044c \u0432 \u041f\u0443\u043d\u0442\u0430-\u041a\u0430\u043d\u0435 \u0438\u043b\u0438 \u0411\u0430\u0432\u0430\u0440\u043e, \u0438 \u0432\u0430\u043c \u043d\u0443\u0436\u043d\u043e \u0441\u043e\u0432\u0435\u0440\u0448\u0438\u0442\u044c \u044d\u043a\u0441\u043a\u0443\u0440\u0441\u0438\u044e \u043f\u043e \u044f\u0437\u044b\u0447\u0435\u0441\u043a\u0438\u043c \u043c\u0435\u0441\u0442\u0430\u043c, \u043f\u043e \u043f\u0440\u0438\u0432\u044b\u0447\u043d\u044b\u043c \u043c\u0435\u0441\u0442\u0430\u043c, \u0440\u0435\u0437\u0435\u0440\u0432\u0438\u0440\u0443\u0439\u0442\u0435 \u044d\u0442\u0443 \u0434\u043e\u0440\u043e\u0433\u0443. <\/span><span style=\"vertical-align: inherit;\">\u041f\u043e \u044d\u0442\u043e\u0439 \u0434\u043e\u0440\u043e\u0433\u0435 \u043c\u044b \u0435\u0434\u0435\u043c \u0432 \u0421\u0430\u043c\u0430\u043d\u0443, \u0432\u043e\u0437\u0432\u0440\u0430\u0449\u0430\u0435\u043c\u0441\u044f \u043d\u0430 \u043a\u0430\u0442\u0430\u043c\u0430\u0440\u0430\u043d, \u0435\u0434\u0435\u043c \u0432 \u0421\u0430\u0431\u0430\u043d\u0430-\u0434\u0435-\u043b\u0430-\u041c\u0430\u0440, \u0432 \u043c\u0443\u043d\u0438\u0446\u0438\u043f\u0430\u043b\u0438\u0442\u0435\u0442 \u0425\u0430\u0442\u043e-\u041c\u0430\u0439\u043e\u0440, \u0432 \u0434\u043e\u043c \u041d\u0430\u0446\u0438\u043e\u043d\u0430\u043b\u044c\u043d\u043e\u0433\u043e \u043f\u0430\u0440\u043a\u0430 \u041b\u043e\u0441-\u0410\u0438\u0442\u0438\u0441\u0435\u0441. <\/span><span style=\"vertical-align: inherit;\">\u042d\u0442\u043e\u0442 \u043c\u0430\u0440\u0448\u0440\u0443\u0442 \u0432\u043a\u043b\u044e\u0447\u0430\u0435\u0442 \u0432 \u0441\u0435\u0431\u044f \u0441\u0430\u0444\u0430\u0440\u0438-\u0442\u0443\u0440, \u043a\u0430\u0442\u0430\u043c\u0430\u0440\u0430\u043d, \u043a\u0430\u0441\u043a\u0430\u0434 \u0438 \u043e\u0442\u0434\u044b\u0445 \u043d\u0430 \u043f\u043b\u044f\u0436\u0435 \u0438 \u043c\u043d\u043e\u0433\u043e\u0435 \u0434\u0440\u0443\u0433\u043e\u0435. <\/span><span style=\"vertical-align: inherit;\">El viaje \u043f\u0440\u0438\u0445\u043e\u0434\u0438\u0442 \u0432 6:00 \u0443\u0442\u0440\u0430 \u0438 \u0437\u0430\u043a\u0430\u043d\u0447\u0438\u0432\u0430\u0435\u0442\u0441\u044f \u0432 18:30. <\/span><span style=\"vertical-align: inherit;\">\u00a1No te lo pierdas!<\/span><\/span><br \/>\n\u043d<br \/>\n\u043d&\u043dbsp;<br \/>\n\u043d<br \/>\n\u043d&\u043dbsp;<br \/>\n\u043d<br \/>\n\u043d<strong><span style=\"vertical-align: inherit;\"><span style=\"vertical-align: inherit;\">\u0412\u044b\u0431\u0435\u0440\u0438\u0442\u0435 \u0444\u0435\u0448\u0443 \u0434\u043b\u044f \u0442\u0443\u0440\u0430\u00a0<\/span><\/span><\/strong><\/p>\n<p>&nbsp;<\/p>\n<div class=\"vc_row wpb_row vc_row-fluid\" ><div class=\"wpb_column vc_column_container vc_col-sm-12\"><div class=\"vc_column-inner\"><div class=\"wpb_wrapper\"><div class=\"mkdf-section-title-holder\" style=\"text-align: left\">\n\t<div class=\"mkdf-st-inner\">\n\t\t\t\t\t<h5 class=\"mkdf-st-subtitle\" >\n\t\t\t\t(\u0421\u0430\u043c\u043e\u0432\u044b\u0432\u043e\u0437 \u0432 \u041f\u0443\u043d\u0442\u0430-\u041a\u0430\u043d\u0435)\t\t\t<\/h5>\n\t\t\t\t\t\t\t<h3 class=\"mkdf-st-title\" >\n\t\t\t\t\u041e\u0434\u043d\u043e\u0434\u043d\u0435\u0432\u043d\u0430\u044f \u043f\u043e\u0435\u0437\u0434\u043a\u0430 \u0432 \u0421\u0430\u043c\u0430\u043d\u0443 \u0438\u0437 \u041f\u0443\u043d\u0442\u0430-\u041a\u0430\u043d\u044b - \u0432\u043e\u0434\u043e\u043f\u0430\u0434 \u042d\u043b\u044c-\u041b\u0438\u043c\u043e\u043d \u0438 \u043e\u0441\u0442\u0440\u043e\u0432 \u0411\u0430\u043a\u0430\u0440\u0434\u0438\t\t\t<\/h3>\n\t\t\t\t\t<\/div>\n<\/div><\/div><\/div><\/div><\/div><div class=\"vc_row wpb_row vc_row-fluid\" ><\/div><div class=\"vc_row wpb_row vc_row-fluid\" ><\/div><div class=\"wpb_column vc_column_container vc_col-sm-12\"><div class=\"vc_column-inner\"><div class=\"wpb_wrapper\"><\/div><\/div><\/div>\n\t<div class=\"wpb_text_column wpb_content_element\" >\n\t\t<div class=\"wpb_wrapper\">\n\t\t\t\n\t\t<\/div>\n\t<\/div>\n<div class=\"vc_row wpb_row vc_row-fluid\" ><\/div><div class=\"vc_row wpb_row vc_row-fluid\" ><\/div><div class=\"wpb_column vc_column_container vc_col-sm-12\"><div class=\"vc_column-inner\"><div class=\"wpb_wrapper\"><div class=\"vc_btn3-container vc_btn3-inline\" ><a class=\"vc_general vc_btn3 vc_btn3-size-md vc_btn3-shape-rounded vc_btn3-style-modern vc_btn3-color-green\" href=\"https:\/\/bookingadventures.tours\/booking.php?tour_id=2d52ebf3635f3c30a26b2bdd1f47c0d8\" title=\"\" rel=\"noopener\">\u0417\u0410\u0411\u0420\u041e\u041d\u0418\u0420\u0423\u0419\u0422\u0415 \u0421\u0415\u0419\u0427\u0410\u0421<\/a><\/div><\/div><\/div><\/div><div class=\"vc_empty_space\"   style=\"height: 32px\"><span class=\"vc_empty_space_inner\"><\/span><\/div><div class=\"vc_empty_space\"   style=\"height: 32px\"><span class=\"vc_empty_space_inner\"><\/span><\/div><div class=\"vc_row wpb_row vc_row-fluid\" ><div class=\"wpb_column vc_column_container vc_col-sm-12\"><div class=\"vc_column-inner\"><div class=\"wpb_wrapper\"><\/div><\/div><\/div><\/div>","protected":false},"excerpt":{"rendered":"<p>Si est\u00e1s en Punta Cana o B\u00e1varo y quieres hacer una excursi\u00f3n de un d\u00eda pagando menos de lo habitual, reserva este viaje. Dentro de este viaje, lo llevaremos a Samana, donde en un catamar\u00e1n, lo llevar\u00e1n a Sabana de la Mar, un municipio de Hato Mayor, la casa del Parque Nacional Los Haitises. Este viaje incluye Safari Tour, Catamar\u00e1n, Cascada y nataci\u00f3n en la playa, y m\u00e1s. El viaje comienza a las 6:00 am y termina a las 6:30 [&hellip;]<\/p>\n","protected":false},"author":2,"featured_media":0,"parent":0,"menu_order":0,"comment_status":"open","ping_status":"closed","template":"","meta":{"footnotes":""},"class_list":["post-15769","page","type-page","status-publish","hentry"],"_links":{"self":[{"href":"https:\/\/www.boattoursamana.com\/ru\/wp-json\/wp\/v2\/pages\/15769","targetHints":{"allow":["GET"]}}],"collection":[{"href":"https:\/\/www.boattoursamana.com\/ru\/wp-json\/wp\/v2\/pages"}],"about":[{"href":"https:\/\/www.boattoursamana.com\/ru\/wp-json\/wp\/v2\/types\/page"}],"author":[{"embeddable":true,"href":"https:\/\/www.boattoursamana.com\/ru\/wp-json\/wp\/v2\/users\/2"}],"replies":[{"embeddable":true,"href":"https:\/\/www.boattoursamana.com\/ru\/wp-json\/wp\/v2\/comments?post=15769"}],"version-history":[{"count":0,"href":"https:\/\/www.boattoursamana.com\/ru\/wp-json\/wp\/v2\/pages\/15769\/revisions"}],"wp:attachment":[{"href":"https:\/\/www.boattoursamana.com\/ru\/wp-json\/wp\/v2\/media?parent=15769"}],"curies":[{"name":"wp","href":"https:\/\/api.w.org\/{rel}","templated":true}]}}