{"id":15802,"date":"2023-07-15T07:43:59","date_gmt":"2023-07-15T07:43:59","guid":{"rendered":"https:\/\/www.ticketswhales.com\/excursion-whale-watching-samana-bay-cano-hondo-los-haitises-from-samana-port\/"},"modified":"2023-07-15T07:43:59","modified_gmt":"2023-07-15T07:43:59","slug":"excursion-whale-watching-samana-bay-cano-hondo-los-haitises-from-samana-port","status":"publish","type":"page","link":"https:\/\/www.boattoursamana.com\/ru\/%d1%8d%d0%ba%d1%81%d0%ba%d1%83%d1%80%d1%81%d0%b8%d1%8f-%d0%bf%d0%be-%d0%bd%d0%b0%d0%b1%d0%bb%d1%8e%d0%b4%d0%b5%d0%bd%d0%b8%d1%8e-%d0%b7%d0%b0-%d0%ba%d0%b8%d1%82%d0%b0%d0%bc%d0%b8-%d0%b2-%d0%b7%d0%b0","title":{"rendered":"\u042d\u043a\u0441\u043a\u0443\u0440\u0441\u0438\u044f \u041d\u0430\u0431\u043b\u044e\u0434\u0435\u043d\u0438\u0435 \u0437\u0430 \u043a\u0438\u0442\u0430\u043c\u0438 \u0417\u0430\u043b\u0438\u0432 \u0421\u0430\u043c\u0430\u043d\u0430 + \u041a\u0430\u043d\u044c\u043e \u0425\u043e\u043d\u0434\u043e + \u041b\u043e\u0441-\u0410\u0438\u0442\u0438\u0441\u0435\u0441 \u0438\u0437 \u043f\u043e\u0440\u0442\u0430 \u0421\u0430\u043c\u0430\u043d\u0430"},"content":{"rendered":"<p><span style=\"vertical-align: inherit;\"><span style=\"vertical-align: inherit;\">Esta es una excursi\u00f3n privada al observatorio de avistamiento de ballenas despu\u00e9s del almuerzo en el albergue ecol\u00f3gico Ca\u00f1o Hondo y el Parque Nacional Los Haitises. <\/span><span style=\"vertical-align: inherit;\">Nadie m\u00e1s ofrece esta incre\u00edble experiencia en un viaje de un solo d\u00eda con gu\u00edas profesionales ecologistas en el avistamiento de ballenas. <\/span><span style=\"vertical-align: inherit;\">\u0415\u0441\u043b\u0438 \u0432\u044b \u0445\u043e\u0442\u0438\u0442\u0435 \u0441\u0432\u044f\u0437\u0430\u0442\u044c\u0441\u044f \u0441 \u043d\u0430\u043c\u0438 \u0434\u043b\u044f \u043f\u043e\u043b\u0443\u0447\u0435\u043d\u0438\u044f \u0441\u043e\u043e\u0431\u0449\u0435\u043d\u0438\u044f, \u043f\u043e\u0437\u0430\u0432\u0438\u0434\u0443\u0439\u0442\u0435 \u044d\u043b\u0435\u043a\u0442\u0440\u043e\u043d\u043d\u043e\u0439 \u043f\u043e\u0447\u0442\u0435, WhatsApp \u0438\u043b\u0438 \u0434\u043e\u0441\u0442\u0443\u043f\u043d\u044b\u043c \u0437\u0432\u043e\u043d\u043a\u0430\u043c. <\/span><span style=\"vertical-align: inherit;\">\u041f\u043e\u0436\u0430\u043b\u0443\u0439\u0441\u0442\u0430, \u043e\u0441\u0442\u0430\u0432\u044c\u0442\u0435 \u0441\u0432\u043e\u0438 boletos con time.<\/span><\/span><br \/>\n\u043d<br \/>\n\u043d&\u043dbsp;<br \/>\n\u043d<br \/>\n\u043d<em><strong><span style=\"vertical-align: inherit;\"><span style=\"vertical-align: inherit;\">\u0412\u044b\u0431\u043e\u0440 \u044d\u043a\u0441\u043a\u0443\u0440\u0441\u0438\u0438:<\/span><\/span><\/strong><\/em><\/p>\n<p>&nbsp;<\/p>\n<div class=\"vc_row wpb_row vc_row-fluid\" ><\/div><div class=\"wpb_column vc_column_container vc_col-sm-12\"><div class=\"vc_column-inner\"><div class=\"wpb_wrapper\"><\/div><\/div><\/div><div class=\"mkdf-section-title-holder\" style=\"text-align: left\">\n\t<div class=\"mkdf-st-inner\">\n\t\t\t\t\t<h5 class=\"mkdf-st-subtitle\" >\n\t\t\t\t\u0422\u0443\u0440\u044b \u0438 \u044d\u043a\u0441\u043a\u0443\u0440\u0441\u0438\u0438\t\t\t<\/h5>\n\t\t\t\t\t\t\t<h3 class=\"mkdf-st-title\" >\n\t\t\t\t\u042d\u043a\u0441\u043a\u0443\u0440\u0441\u0438\u044f \u041d\u0430\u0431\u043b\u044e\u0434\u0435\u043d\u0438\u0435 \u0437\u0430 \u043a\u0438\u0442\u0430\u043c\u0438 \u0417\u0430\u043b\u0438\u0432 \u0421\u0430\u043c\u0430\u043d\u0430 + \u041a\u0430\u043d\u043e \u0425\u043e\u043d\u0434\u043e + \u041b\u043e\u0441 \u0410\u0439\u0442\u0438\u0441\u0435\u0441 \u0438\u0437 \u043f\u043e\u0440\u0442\u0430 \u0421\u0430\u043c\u0430\u043d\u0430\t\t\t<\/h3>\n\t\t\t\t\t<\/div>\n<\/div>\n\t<div class=\"wpb_text_column wpb_content_element\" >\n\t\t<div class=\"wpb_wrapper\">\n\t\t\t<p>\n\u043d<\/p>\n<div class=\"vc_row wpb_row vc_row-fluid\">\n\u043d<\/p>\n<div class=\"wpb_column vc_column_container vc_col-sm-12\">\n\u043d<\/p>\n<div class=\"vc_column-inner\">\n\u043d<\/p>\n<div class=\"wpb_wrapper\">\n\u043d<\/p>\n<div class=\"wpb_text_column wpb_content_element\">\n\u043d<\/p>\n<div class=\"wpb_wrapper\">\n\u043d<\/p>\n<h3><\/h3>\n<p>nWhale watching in Saman\u00e1 starts from Saman\u00e1 port after Whale watching we will across the bay to visit Ca\u00f1o Hondo Natural pools plus Lunch and Full trip in Los Haitises National Park.<br \/>\n\u043d<br \/>\nnThis Trip will start at 9:00 Am and Finish at 5:00 Pm. Meeting before in Our Office. After aborting our Private Boat to visit Whales in their own habitat. From 9:00 Am until 11:00 am Whale observatory and After this Whale watching trip we will visit Ca\u00f1o Hondo for Lunch plus swimming in natural pools and finishing with a full trip to Los Haitises National Park. This excursion will end at the same port from where will start at 5:00 pm.<br \/>\n\u043d<br \/>\n\u043d<strong>\u041f\u0440\u0438\u043c\u0435\u0447\u0430\u043d\u0438\u0435: \u044d\u0442\u043e \u0447\u0430\u0441\u0442\u043d\u0430\u044f \u044d\u043a\u0441\u043a\u0443\u0440\u0441\u0438\u044f.\u00a0<\/strong><br \/>\n\u043d<\/p>\n<ul>\n\u043d \t<\/p>\n<li>\u041f\u043e\u0435\u0437\u0434\u043a\u0430 \u0434\u043b\u044f \u043d\u0430\u0431\u043b\u044e\u0434\u0435\u043d\u0438\u044f \u0437\u0430 \u043a\u0438\u0442\u0430\u043c\u0438<\/li>\n<p>\u043d \t<\/p>\n<li>\u042d\u043a\u0441\u043a\u0443\u0440\u0441\u0438\u044f \u043f\u043e \u043d\u0430\u0446\u0438\u043e\u043d\u0430\u043b\u044c\u043d\u043e\u043c\u0443 \u043f\u0430\u0440\u043a\u0443 \u041b\u043e\u0441-\u0410\u0439\u0442\u0438\u0441\u0435\u0441<\/li>\n<p>\u043d \t<\/p>\n<li>\u041a\u0430\u043d\u044c\u043e \u0425\u043e\u043d\u0434\u043e, \u043e\u0431\u0435\u0434 \u0438 \u0431\u0430\u0441\u0441\u0435\u0439\u043d\u044b<\/li>\n<p>\u043d \t<\/p>\n<li>\u0412\u0445\u043e\u0434\u043d\u044b\u0435 \u0431\u0438\u043b\u0435\u0442\u044b \u0432 \u043e\u0431\u0441\u0435\u0440\u0432\u0430\u0442\u043e\u0440\u0438\u044e<\/li>\n<p>\u043d \t<\/p>\n<li>\u0422\u0440\u0430\u043d\u0441\u0444\u0435\u0440 \u043d\u0430 \u043b\u043e\u0434\u043a\u0435<\/li>\n<p>\u043d \t<\/p>\n<li>\u041a\u0430\u043f\u0438\u0442\u0430\u043d \u043e\u0431\u0435\u0441\u043f\u0435\u0447\u0438\u0432\u0430\u0435\u0442 \u0438\u043d\u0441\u0442\u0440\u0443\u043a\u0442\u0430\u0436 \u0438 \u043a\u043e\u043d\u0442\u0440\u043e\u043b\u044c.<\/li>\n<p>\u043d \t<\/p>\n<li>\u0422\u0443\u0440\u0438\u0441\u0442\u0438\u0447\u0435\u0441\u043a\u0438\u0439 \u0433\u0438\u0434<\/li>\n<p>\u043d<\/ul>\n<p>\u043d&\u043dbsp;<br \/>\n\u043d<\/p>\n<h4><b>\u0412\u043a\u043b\u044e\u0447\u0435\u043d\u0438\u044f \u0438 \u0438\u0441\u043a\u043b\u044e\u0447\u0435\u043d\u0438\u044f<\/b><\/h4>\n<p>\u043d&\u043dbsp;<br \/>\n\u043d<br \/>\n\u043d<b>\u0412\u043a\u043b\u044e\u0447\u0435\u043d\u0438\u044f<\/b><br \/>\n\u043d<\/p>\n<ol>\n\u043d \t<\/p>\n<li>\u041e\u0431\u0435\u0434-\u0448\u0432\u0435\u0434\u0441\u043a\u0438\u0439 \u0441\u0442\u043e\u043b \u0432 \u041a\u0430\u043d\u044c\u043e \u0425\u043e\u043d\u0434\u043e<\/li>\n<p>\u043d \t<\/p>\n<li>\u041f\u0440\u0438\u0440\u043e\u0434\u043d\u044b\u0435 \u0431\u0430\u0441\u0441\u0435\u0439\u043d\u044b<\/li>\n<p>\u043d \t<\/p>\n<li>\u041d\u0430\u0431\u043b\u044e\u0434\u0435\u043d\u0438\u0435 \u0437\u0430 \u043a\u0438\u0442\u0430\u043c\u0438 \u0432 \u0437\u0430\u043b\u0438\u0432\u0435 \u0421\u0430\u043c\u0430\u043d\u0430<\/li>\n<p>\u043d \t<\/p>\n<li>\u041d\u0430\u0446\u0438\u043e\u043d\u0430\u043b\u044c\u043d\u044b\u0439 \u043f\u0430\u0440\u043a \u041b\u043e\u0441-\u0410\u0439\u0442\u0438\u0441\u0435\u0441, \u043f\u0435\u0449\u0435\u0440\u044b, \u043c\u0430\u043d\u0433\u0440\u043e\u0432\u044b\u0435 \u0437\u0430\u0440\u043e\u0441\u043b\u0438 \u0438 \u0437\u0430\u043b\u0438\u0432 \u0421\u0430\u043d-\u041b\u043e\u0440\u0435\u043d\u0446\u043e<\/li>\n<p>\u043d \t<\/p>\n<li>\u0422\u0443\u0440\u0438\u0441\u0442\u0438\u0447\u0435\u0441\u043a\u0438\u0439 \u0433\u0438\u0434<\/li>\n<p>\u043d \t<\/p>\n<li>\u041a\u0430\u0442\u0430\u043c\u0430\u0440\u0430\u043d \u0438\u043b\u0438 \u043f\u0440\u043e\u0433\u0443\u043b\u043a\u0430 \u043d\u0430 \u043b\u043e\u0434\u043a\u0435<\/li>\n<p>\u043d \t<\/p>\n<li>\u0412\u0441\u0435 \u043d\u0430\u043b\u043e\u0433\u0438, \u0441\u0431\u043e\u0440\u044b \u0438 \u0441\u0431\u043e\u0440\u044b \u0437\u0430 \u043e\u0431\u0440\u0430\u0431\u043e\u0442\u043a\u0443<\/li>\n<p>\u043d \t<\/p>\n<li>\u041c\u0435\u0441\u0442\u043d\u044b\u0435 \u043d\u0430\u043b\u043e\u0433\u0438<\/li>\n<p>\u043d \t<\/p>\n<li>\u041d\u0430\u043f\u0438\u0442\u043a\u0438<\/li>\n<p>\u043d<\/ol>\n<p>\u043d<b>\u0418\u0441\u043a\u043b\u044e\u0447\u0435\u043d\u0438\u044f<\/b><br \/>\n\u043d<\/p>\n<ol>\n\u043d \t<\/p>\n<li>\u0427\u0430\u0435\u0432\u044b\u0435<\/li>\n<p>\u043d \t<\/p>\n<li>\u0422\u0440\u0430\u043d\u0441\u0444\u0435\u0440\u043d\u044b\u0439 \u0430\u0432\u0442\u043e\u043c\u043e\u0431\u0438\u043b\u044c<\/li>\n<p>\u043d \t<\/p>\n<li>\u0410\u043b\u043a\u043e\u0433\u043e\u043b\u044c\u043d\u044b\u0435 \u043d\u0430\u043f\u0438\u0442\u043a\u0438<\/li>\n<p>\u043d<\/ol>\n<p>\u043d&\u043dbsp;<br \/>\n\u043d<\/p>\n<h4><em><strong>\u041e\u0442\u043f\u0440\u0430\u0432\u043b\u0435\u043d\u0438\u0435 \u0438 \u0432\u043e\u0437\u0432\u0440\u0430\u0449\u0435\u043d\u0438\u0435<\/strong><\/em><\/h4>\n<p>\u041f\u0443\u0442\u0435\u0448\u0435\u0441\u0442\u0432\u0435\u043d\u043d\u0438\u043a \u043f\u043e\u043b\u0443\u0447\u0438\u0442 \u043c\u0435\u0441\u0442\u043e \u0432\u0441\u0442\u0440\u0435\u0447\u0438 \u043f\u043e\u0441\u043b\u0435 \u043f\u0440\u043e\u0446\u0435\u0441\u0441\u0430 \u0431\u0440\u043e\u043d\u0438\u0440\u043e\u0432\u0430\u043d\u0438\u044f. \u0422\u0443\u0440\u044b \u043d\u0430\u0447\u0438\u043d\u0430\u044e\u0442\u0441\u044f \u0438 \u0437\u0430\u043a\u0430\u043d\u0447\u0438\u0432\u0430\u044e\u0442\u0441\u044f \u0432 \u043d\u0430\u0448\u0438\u0445 \u043c\u0435\u0441\u0442\u0430\u0445 \u0432\u0441\u0442\u0440\u0435\u0447\u0438.<br \/>\n\u043d<br \/>\n\u043d&\u043dbsp;<br \/>\n\u043d<\/p>\n<h4><b><i>\u0427\u0442\u043e \u043e\u0436\u0438\u0434\u0430\u0442\u044c?<\/i><\/b><\/h4>\n<p>\u043d&\u043dbsp;<br \/>\n\u043d<br \/>\n\u043d<em><strong>\u041f\u043e\u043b\u0443\u0447\u0438\u0442\u0435 \u0431\u0438\u043b\u0435\u0442\u044b<\/strong><\/em> \u043d\u0430 \u043e\u0434\u043d\u043e\u0434\u043d\u0435\u0432\u043d\u044b\u0439 \u0442\u0443\u0440 \u043f\u043e \u043d\u0430\u0431\u043b\u044e\u0434\u0435\u043d\u0438\u044e \u0437\u0430 \u043a\u0438\u0442\u0430\u043c\u0438 \u0432 \u0437\u0430\u043b\u0438\u0432\u0435 \u0421\u0430\u043c\u0430\u043d\u0430, \u0430 \u0442\u0430\u043a\u0436\u0435 \u043f\u0440\u0435\u043a\u0440\u0430\u0441\u043d\u044b\u0439 \u043e\u0431\u0435\u0434, \u0432\u0440\u0435\u043c\u044f \u043d\u0430 \u043f\u043b\u044f\u0436\u0435 \u0438 \u043f\u043e\u0441\u0435\u0449\u0435\u043d\u0438\u0435 \u043d\u0430\u0446\u0438\u043e\u043d\u0430\u043b\u044c\u043d\u043e\u0433\u043e \u043f\u0430\u0440\u043a\u0430 \u041b\u043e\u0441-\u0410\u0439\u0442\u0438\u0441\u0435\u0441.<br \/>\n\u043d<br \/>\nn\u041f\u043e\u0435\u0437\u0434\u043a\u0438 \u043f\u043e \u043d\u0430\u0431\u043b\u044e\u0434\u0435\u043d\u0438\u044e \u0437\u0430 \u043a\u0438\u0442\u0430\u043c\u0438, \u043e\u0440\u0433\u0430\u043d\u0438\u0437\u043e\u0432\u0430\u043d\u043d\u044b\u0435 \u043a\u043e\u043c\u043f\u0430\u043d\u0438\u0435\u0439 Booking Adventures, \u043d\u0430\u0447\u0438\u043d\u0430\u044e\u0442\u0441\u044f \u0432 \u043c\u0435\u0441\u0442\u0435 \u0432\u0441\u0442\u0440\u0435\u0447\u0438, \u0443\u043a\u0430\u0437\u0430\u043d\u043d\u043e\u043c \u0433\u0438\u0434\u043e\u043c. \u041e\u0431\u0435\u0434 \u043d\u0430 \u043f\u043b\u044f\u0436\u0435, \u0438 \u0432\u044b \u043c\u043e\u0436\u0435\u0442\u0435 \u043e\u0441\u0442\u0430\u0432\u0430\u0442\u044c\u0441\u044f \u0442\u0430\u043c \u0441\u0442\u043e\u043b\u044c\u043a\u043e, \u0441\u043a\u043e\u043b\u044c\u043a\u043e \u0437\u0430\u0445\u043e\u0442\u0438\u0442\u0435. \u0415\u0441\u043b\u0438 \u0432\u044b \u0432\u0435\u0433\u0430\u043d, \u043c\u044b \u0442\u0430\u043a\u0436\u0435 \u043c\u043e\u0436\u0435\u043c \u043f\u0440\u0438\u0433\u043e\u0442\u043e\u0432\u0438\u0442\u044c \u0434\u043b\u044f \u0432\u0430\u0441 \u0435\u0434\u0443.<br \/>\n\u043d<br \/>\n\u043d<strong>\u0420\u0430\u0441\u043f\u0438\u0441\u0430\u043d\u0438\u0435 \u0443\u0440\u043e\u043a\u043e\u0432:<\/strong><br \/>\n\u043d<br \/>\nn8:45 \u2013 17:00<br \/>\n\u043d<br \/>\n\u043d&\u043dbsp;<br \/>\n\u043d<\/p>\n<h4><em><strong>\u0427\u0442\u043e \u0432\u0430\u043c \u0441\u043b\u0435\u0434\u0443\u0435\u0442 \u0432\u0437\u044f\u0442\u044c \u0441 \u0441\u043e\u0431\u043e\u0439?<\/strong><\/em><\/h4>\n<p>\u043d<\/p>\n<ul>\n\u043d \t<\/p>\n<li>\u041a\u0430\u043c\u0435\u0440\u0430<\/li>\n<p>\u043d \t<\/p>\n<li>\u0420\u0435\u043f\u0435\u043b\u043b\u0435\u043d\u0442\u043d\u044b\u0435 \u0431\u0443\u0442\u043e\u043d\u044b<\/li>\n<p>\u043d \t<\/p>\n<li>\u043a\u0440\u0435\u043c \u0434\u043b\u044f \u0437\u0430\u0433\u0430\u0440\u0430<\/li>\n<p>\u043d \t<\/p>\n<li>\u0428\u0430\u043f\u043a\u0430<\/li>\n<p>\u043d \t<\/p>\n<li>\u0423\u0434\u043e\u0431\u043d\u044b\u0435 \u0431\u0440\u044e\u043a\u0438<\/li>\n<p>\u043d \t<\/p>\n<li>\u0421\u0430\u043d\u0434\u0430\u043b\u0438\u0438 \u043d\u0430 \u043f\u043b\u044f\u0436<\/li>\n<p>\u043d \t<\/p>\n<li>\u041e\u0434\u0435\u0436\u0434\u0430 \u0434\u043b\u044f \u043f\u043b\u0430\u0432\u0430\u043d\u0438\u044f<\/li>\n<p>\u043d \t<\/p>\n<li>\u0414\u0435\u043d\u044c\u0433\u0438 \u043d\u0430 \u0441\u0443\u0432\u0435\u043d\u0438\u0440\u044b<\/li>\n<p>\u043d<\/ul>\n<p>\u043d&\u043dbsp;<br \/>\n\u043d<\/p>\n<h4><b><i>\u0412\u0441\u0442\u0440\u0435\u0447\u0430 \u0432 \u043e\u0442\u0435\u043b\u0435<\/i><\/b><\/h4>\n<p>n\u0412 \u044d\u0442\u043e\u043c \u0442\u0443\u0440\u0435 \u0442\u0440\u0430\u043d\u0441\u0444\u0435\u0440 \u0438\u0437 \u043e\u0442\u0435\u043b\u044f \u043d\u0435 \u043f\u0440\u0435\u0434\u043b\u0430\u0433\u0430\u0435\u0442\u0441\u044f.<br \/>\n\u043d<br \/>\n\u043d&\u043dbsp;<br \/>\n\u043d<br \/>\n\u043d<b>\u041f\u0440\u0438\u043c\u0435\u0447\u0430\u043d\u0438\u0435:<\/b>\u00a0\u0415\u0441\u043b\u0438 \u0432\u044b \u0431\u0440\u043e\u043d\u0438\u0440\u0443\u0435\u0442\u0435 \u0431\u0440\u043e\u043d\u0438\u0440\u043e\u0432\u0430\u043d\u0438\u0435 \u0432 \u0442\u0435\u0447\u0435\u043d\u0438\u0435 24 \u0447\u0430\u0441\u043e\u0432 \u0441 \u043c\u043e\u043c\u0435\u043d\u0442\u0430 \u043e\u0442\u043f\u0440\u0430\u0432\u043b\u0435\u043d\u0438\u044f \u0442\u0443\u0440\u0430\/\u044d\u043a\u0441\u043a\u0443\u0440\u0441\u0438\u0438, \u043c\u044b \u043c\u043e\u0436\u0435\u043c \u043e\u0440\u0433\u0430\u043d\u0438\u0437\u043e\u0432\u0430\u0442\u044c \u0442\u0440\u0430\u043d\u0441\u0444\u0435\u0440 \u0438\u0437 \u043e\u0442\u0435\u043b\u044f. \u041a\u0430\u043a \u0442\u043e\u043b\u044c\u043a\u043e \u0432\u0430\u0448\u0430 \u043f\u043e\u043a\u0443\u043f\u043a\u0430 \u0431\u0443\u0434\u0435\u0442 \u0437\u0430\u0432\u0435\u0440\u0448\u0435\u043d\u0430, \u043c\u044b \u0432\u044b\u0448\u043b\u0435\u043c \u0432\u0430\u043c \u043f\u043e\u043b\u043d\u0443\u044e \u043a\u043e\u043d\u0442\u0430\u043a\u0442\u043d\u0443\u044e \u0438\u043d\u0444\u043e\u0440\u043c\u0430\u0446\u0438\u044e (\u043d\u043e\u043c\u0435\u0440 \u0442\u0435\u043b\u0435\u0444\u043e\u043d\u0430, \u0430\u0434\u0440\u0435\u0441 \u044d\u043b\u0435\u043a\u0442\u0440\u043e\u043d\u043d\u043e\u0439 \u043f\u043e\u0447\u0442\u044b \u0438 \u0442. \u0434.) \u0434\u043b\u044f \u043d\u0430\u0448\u0435\u0433\u043e \u043c\u0435\u0441\u0442\u043d\u043e\u0433\u043e \u0433\u0438\u0434\u0430, \u0447\u0442\u043e\u0431\u044b \u043e\u0440\u0433\u0430\u043d\u0438\u0437\u043e\u0432\u0430\u0442\u044c \u0432\u0441\u0442\u0440\u0435\u0447\u0443.<br \/>\n\u043d<\/p>\n<h4><b><i>\u0414\u043e\u043f\u043e\u043b\u043d\u0438\u0442\u0435\u043b\u044c\u043d\u0430\u044f \u0438\u043d\u0444\u043e\u0440\u043c\u0430\u0446\u0438\u044f \u041f\u043e\u0434\u0442\u0432\u0435\u0440\u0436\u0434\u0435\u043d\u0438\u0435<\/i><\/b><\/h4>\n<p>\u043d<\/p>\n<ol>\n\u043d \t<\/p>\n<li>\u0411\u0438\u043b\u0435\u0442\u044b \u044f\u0432\u043b\u044f\u044e\u0442\u0441\u044f \u041a\u0432\u0438\u0442\u0430\u043d\u0446\u0438\u0435\u0439 \u043f\u043e\u0441\u043b\u0435 \u043e\u043f\u043b\u0430\u0442\u044b \u0434\u0430\u043d\u043d\u043e\u0433\u043e \u0422\u0443\u0440\u0430. \u0412\u044b \u043c\u043e\u0436\u0435\u0442\u0435 \u043f\u043e\u043a\u0430\u0437\u0430\u0442\u044c \u043f\u043b\u0430\u0442\u0435\u0436 \u043d\u0430 \u0441\u0432\u043e\u0435\u043c \u0442\u0435\u043b\u0435\u0444\u043e\u043d\u0435.<\/li>\n<p>\u043d \t<\/p>\n<li>\u041c\u0435\u0441\u0442\u043e \u0432\u0441\u0442\u0440\u0435\u0447\u0438 \u0431\u0443\u0434\u0435\u0442 \u043f\u043e\u043b\u0443\u0447\u0435\u043d\u043e \u043f\u043e\u0441\u043b\u0435 \u043f\u0440\u043e\u0446\u0435\u0441\u0441\u0430 \u0431\u0440\u043e\u043d\u0438\u0440\u043e\u0432\u0430\u043d\u0438\u044f.<\/li>\n<p>\u043d \t<\/p>\n<li>\u0414\u0435\u0442\u0438 \u0434\u043e\u043b\u0436\u043d\u044b \u0431\u044b\u0442\u044c \u0432 \u0441\u043e\u043f\u0440\u043e\u0432\u043e\u0436\u0434\u0435\u043d\u0438\u0438 \u0432\u0437\u0440\u043e\u0441\u043b\u043e\u0433\u043e.<\/li>\n<p>\u043d \t<\/p>\n<li>\u0414\u043e\u0441\u0442\u0443\u043f\u043d\u043e \u0434\u043b\u044f \u0438\u043d\u0432\u0430\u043b\u0438\u0434\u043e\u0432<\/li>\n<p>\u043d \t<\/p>\n<li>\u041c\u043b\u0430\u0434\u0435\u043d\u0446\u044b \u0434\u043e\u043b\u0436\u043d\u044b \u0441\u0438\u0434\u0435\u0442\u044c \u043d\u0430 \u043a\u043e\u043b\u0435\u043d\u044f\u0445<\/li>\n<p>\u043d \t<\/p>\n<li>\u0411\u043e\u043b\u044c\u0448\u0438\u043d\u0441\u0442\u0432\u043e \u043f\u0443\u0442\u0435\u0448\u0435\u0441\u0442\u0432\u0435\u043d\u043d\u0438\u043a\u043e\u0432 \u043c\u043e\u0433\u0443\u0442 \u043f\u0440\u0438\u043d\u044f\u0442\u044c \u0443\u0447\u0430\u0441\u0442\u0438\u0435<\/li>\n<p>\u043d<\/ol>\n<p>\u043d<\/p>\n<h4><b><i>\u041f\u043e\u043b\u0438\u0442\u0438\u043a\u0430 \u043e\u0442\u043c\u0435\u043d\u044b<\/i><\/b><\/h4>\n<p>n\u0414\u043b\u044f \u043f\u043e\u043b\u043d\u043e\u0433\u043e \u0432\u043e\u0437\u0432\u0440\u0430\u0442\u0430 \u0441\u0440\u0435\u0434\u0441\u0442\u0432 \u043e\u0437\u043d\u0430\u043a\u043e\u043c\u044c\u0442\u0435\u0441\u044c \u0441 \u043d\u0430\u0448\u0438\u043c\u0438 \u043f\u0440\u0430\u0432\u0438\u043b\u0430\u043c\u0438 \u043e\u0442\u043c\u0435\u043d\u044b \u0431\u0440\u043e\u043d\u0438\u0440\u043e\u0432\u0430\u043d\u0438\u044f.\u00a0<a href=\"https:\/\/www.boattoursamana.com\/ru\/%d0%b1%d1%80%d0%be%d0%bd%d0%b8%d1%80%d0%be%d0%b2%d0%b0%d0%bd%d0%b8%d0%b5-%d0%be%d0%bd%d0%bb%d0%b0%d0%b9%d0%bd\/\" target=\"_blank\" rel=\"noopener\" data-saferedirecturl=\"https:\/\/www.google.com\/url?q=https:\/\/www.boattoursamana.com\/online-booking\/&amp;source=gmail&amp;ust=1672449202351000&amp;usg=AOvVaw1yAeVAPktmaVCqDujgUn90\">\u043a\u043b\u0438\u043a\u043d\u0438\u0442\u0435 \u0441\u044e\u0434\u0430<\/a>. \u0421\u0440\u0435\u0434\u0441\u0442\u0432\u0430 \u0431\u0443\u0434\u0443\u0442 \u043f\u043e\u0442\u0435\u0440\u044f\u043d\u044b, \u0435\u0441\u043b\u0438 \u0431\u0440\u043e\u043d\u0438\u0440\u043e\u0432\u0430\u043d\u0438\u0435 \u0431\u0443\u0434\u0435\u0442 \u043e\u0442\u043c\u0435\u043d\u0435\u043d\u043e \u0432 \u0434\u0435\u043d\u044c \u043f\u043e\u0435\u0437\u0434\u043a\u0438.<br \/>\n\u043d<br \/>\n\u043d<\/div>\n<p>\u043d\n<\/p><\/div>\n<p>\u043d\n<\/p><\/div>\n<p>\u043d\n<\/p><\/div>\n<p>\u043d\n<\/p><\/div>\n<p>\u043d\n<\/p><\/div>\n<p>\u043d<\/p>\n<div class=\"vc_row wpb_row vc_row-fluid\">\n\u043d<\/p>\n<div class=\"wpb_column vc_column_container vc_col-sm-12\">\n\u043d<\/p>\n<div class=\"vc_column-inner\">\n\u043d<\/p>\n<div class=\"wpb_wrapper\">\n\u043d<\/p>\n<div class=\"wpb_text_column wpb_content_element\">\n\u043d<\/p>\n<div class=\"wpb_wrapper\">\n\u043d<\/p>\n<h4>\u0421\u0432\u044f\u0437\u0430\u0442\u044c\u0441\u044f \u0441 \u043d\u0430\u043c\u0438?<\/h4>\n<p>\u043d<\/p>\n<h5><b><i>\u0422\u0423\u0420 \u041a\u0418\u0422\u042b \u0421\u0410\u041c\u0410\u041d\u0410<\/i><\/b><\/h5>\n<p>\u043d<em><strong>\u041c\u0435\u0441\u0442\u043d\u044b\u0435 \u0436\u0438\u0442\u0435\u043b\u0438<\/strong>\u00a0\u0438\u00a0<strong>\u0433\u0440\u0430\u0436\u0434\u0430\u043d\u0435<\/strong>\u00a0\u0413\u0438\u0434\u044b \u0438 \u0443\u0441\u043b\u0443\u0433\u0438 \u0434\u043b\u044f \u0433\u043e\u0441\u0442\u0435\u0439<\/em><br \/>\n\u043d<br \/>\n\u043d<span class=\"text-turquoise\">\u0411\u0440\u043e\u043d\u0438\u0440\u043e\u0432\u0430\u043d\u0438\u0435:<\/span>\u00a0\u0422\u0443\u0440\u044b \u0438 \u044d\u043a\u0441\u043a\u0443\u0440\u0441\u0438\u0438 \u0432 \u0414\u043e\u043c. \u041f\u0440\u0435\u0434\u0441\u0442\u0430\u0432\u0438\u0442\u0435\u043b\u044c<br \/>\n\u043d<br \/>\n\u043d<img decoding=\"async\" class=\"emoji\" draggable=\"false\" src=\"https:\/\/s.w.org\/images\/core\/emoji\/11.2.0\/svg\/1f4de.svg\" alt=\" \" title=\"\">\u00a0\u0422\u0435\u043b\/\u0412\u0430\u0442\u0441\u0430\u043f\u00a0\u00a0<a href=\"tel:+1-809-720-6035\">+1-809-720-6035<\/a>.<br \/>\n\u043d<br \/>\n\u043d<img decoding=\"async\" class=\"emoji\" draggable=\"false\" src=\"https:\/\/s.w.org\/images\/core\/emoji\/11.2.0\/svg\/1f4e9.svg\" alt=\" \" title=\"\">\u00a0<a href=\"mailto:info@bookingadventures.com.do\">info@bookingadventures.com.do<\/a><br \/>\n\u043d<br \/>\n\u043d<strong>\u041c\u044b \u043f\u0440\u0435\u0434\u043b\u0430\u0433\u0430\u0435\u043c \u0433\u0438\u0431\u043a\u0443\u044e \u043d\u0430\u0441\u0442\u0440\u043e\u0439\u043a\u0443 \u0447\u0430\u0441\u0442\u043d\u044b\u0445 \u0442\u0443\u0440\u043e\u0432 \u043f\u043e WhatsApp:\u00a0<a href=\"tel:+18097206035\">+18097206035.<\/a><\/strong><br \/>\n\u043d<br \/>\n\u043d<\/div>\n<p>\u043d\n<\/p><\/div>\n<p>\u043d\n<\/p><\/div>\n<p>\u043d\n<\/p><\/div>\n<p>\u043d\n<\/p><\/div>\n<p>\u043d\n<\/p><\/div>\n<p>\u043d<\/p>\n\n\t\t<\/div>\n\t<\/div>\n<div class=\"mkdf-section-title-holder\" style=\"text-align: left\">\n\t<div class=\"mkdf-st-inner\">\n\t\t\t\t\t<h5 class=\"mkdf-st-subtitle\" >\n\t\t\t\t\u0427\u0430\u0441\u0442\u043d\u044b\u0435 \u0442\u0443\u0440\u044b \u0438 \u044d\u043a\u0441\u043a\u0443\u0440\u0441\u0438\u0438\t\t\t<\/h5>\n\t\t\t\t\t\t\t<h3 class=\"mkdf-st-title\" >\n\t\t\t\t\u0427\u0430\u0441\u0442\u043d\u0430\u044f \u044d\u043a\u0441\u043a\u0443\u0440\u0441\u0438\u044f \u041d\u0430\u0431\u043b\u044e\u0434\u0435\u043d\u0438\u0435 \u0437\u0430 \u043a\u0438\u0442\u0430\u043c\u0438 \u0417\u0430\u043b\u0438\u0432 \u0421\u0430\u043c\u0430\u043d\u0430 + \u041a\u0430\u043d\u043e \u0425\u043e\u043d\u0434\u043e + \u041b\u043e\u0441-\u0410\u0438\u0442\u0438\u0441\u0435\u0441 \u0438\u0437 \u043f\u043e\u0440\u0442\u0430 \u0421\u0430\u043c\u0430\u043d\u0430\t\t\t<\/h3>\n\t\t\t\t\t<\/div>\n<\/div>\n\t<div class=\"wpb_text_column wpb_content_element\" >\n\t\t<div class=\"wpb_wrapper\">\n\t\t\t<p>\n\u043d<br \/>\nn\u042f \u0442\u0435\u043a\u0441\u0442\u043e\u0432\u044b\u0439 \u0431\u043b\u043e\u043a. \u041d\u0430\u0436\u043c\u0438\u0442\u0435 \u043a\u043d\u043e\u043f\u043a\u0443 \u00ab\u0418\u0437\u043c\u0435\u043d\u0438\u0442\u044c\u00bb, \u0447\u0442\u043e\u0431\u044b \u0438\u0437\u043c\u0435\u043d\u0438\u0442\u044c \u044d\u0442\u043e\u0442 \u0442\u0435\u043a\u0441\u0442. Lorem ipsum dolor sit amet, consectetur adipiscing elit. Ut elit Tellus, luctus nec ullamcorper mattis, pulvinar dapibus leo.<br \/>\n\u043d<br \/>\n\u043d<\/p>\n\n\t\t<\/div>\n\t<\/div>","protected":false},"excerpt":{"rendered":"<p>Esta es una excursi\u00f3n privada al observatorio de avistamiento de ballenas despu\u00e9s del almuerzo en el albergue ecol\u00f3gico Ca\u00f1o Hondo y el Parque Nacional Los Haitises. Nadie m\u00e1s ofrece esta incre\u00edble experiencia en un viaje de un solo d\u00eda con gu\u00edas profesionales ecologistas en el avistamiento de ballenas. Si desea ponerse en contacto con nosotros para recibir asesoramiento, env\u00ede un correo electr\u00f3nico, Whatsapp o Llamadas disponibles. Por favor reserve sus boletos con tiempo. n n&nbsp; n nSeleccione la fecha de [&hellip;]<\/p>\n","protected":false},"author":2,"featured_media":0,"parent":0,"menu_order":0,"comment_status":"open","ping_status":"closed","template":"","meta":{"footnotes":""},"class_list":["post-15802","page","type-page","status-publish","hentry"],"_links":{"self":[{"href":"https:\/\/www.boattoursamana.com\/ru\/wp-json\/wp\/v2\/pages\/15802","targetHints":{"allow":["GET"]}}],"collection":[{"href":"https:\/\/www.boattoursamana.com\/ru\/wp-json\/wp\/v2\/pages"}],"about":[{"href":"https:\/\/www.boattoursamana.com\/ru\/wp-json\/wp\/v2\/types\/page"}],"author":[{"embeddable":true,"href":"https:\/\/www.boattoursamana.com\/ru\/wp-json\/wp\/v2\/users\/2"}],"replies":[{"embeddable":true,"href":"https:\/\/www.boattoursamana.com\/ru\/wp-json\/wp\/v2\/comments?post=15802"}],"version-history":[{"count":0,"href":"https:\/\/www.boattoursamana.com\/ru\/wp-json\/wp\/v2\/pages\/15802\/revisions"}],"wp:attachment":[{"href":"https:\/\/www.boattoursamana.com\/ru\/wp-json\/wp\/v2\/media?parent=15802"}],"curies":[{"name":"wp","href":"https:\/\/api.w.org\/{rel}","templated":true}]}}