{"id":15768,"date":"2023-07-15T07:43:13","date_gmt":"2023-07-15T07:43:13","guid":{"rendered":"https:\/\/www.ticketswhales.com\/playa-rincon-rincon-beach-half-day-trip-samana-dominican-republic\/"},"modified":"2023-07-15T07:43:13","modified_gmt":"2023-07-15T07:43:13","slug":"playa-rincon-rincon-beach-half-day-trip-samana-dominican-republic","status":"publish","type":"page","link":"https:\/\/www.boattoursamana.com\/sk\/playa-rincon-rincon-plaz-poldenny-vylet-samana-dominikanska-republika","title":{"rendered":"Playa Rinc\u00f3n (pl\u00e1\u017e Rincon), poldenn\u00fd v\u00fdlet, Saman\u00e1 \u2013 Dominik\u00e1nska republika."},"content":{"rendered":"<p>N\u00e1v\u0161teva pl\u00e1\u017ee Playa el Rincon s obedom na pl\u00e1\u017ei, zast\u00e1vka po ceste v Dominik\u00e1nskom dome a predajni ovocia a k\u00fapanie v kri\u0161t\u00e1\u013eov\u00fdch vod\u00e1ch rieky Cano Frio. Ide o poldenn\u00fd z\u00e1\u017eitok skuto\u010dnej Samany v Dominik\u00e1nskej republike.<br \/>\nn<br \/>\nn&nbsp;<br \/>\nn<br \/>\nn<strong>Vyberte d\u00e1tum prehliadky:\u00a0<\/strong><\/p>\n<p>&nbsp;<\/p>\n<div class=\"vc_row wpb_row vc_row-fluid\" ><div class=\"wpb_column vc_column_container vc_col-sm-12\"><div class=\"vc_column-inner\"><div class=\"wpb_wrapper\"><div class=\"mkdf-section-title-holder\" style=\"text-align: left\">\n\t<div class=\"mkdf-st-inner\">\n\t\t\t\t\t<h5 class=\"mkdf-st-subtitle\" >\n\t\t\t\tObed, jazda lo\u010fou a s\u00fakromn\u00e1 doprava z hotelov.\t\t\t<\/h5>\n\t\t\t\t\t\t\t<h3 class=\"mkdf-st-title\" >\n\t\t\t\tPlaya Rinc\u00f3n, Playa Fronton + Playa Madame Beach, Saman\u00e1 - Dominik\u00e1nska republika.\t\t\t<\/h3>\n\t\t\t\t\t<\/div>\n<\/div><div class=\"vc_btn3-container vc_btn3-inline\" ><button class=\"vc_general vc_btn3 vc_btn3-size-md vc_btn3-shape-rounded vc_btn3-style-modern vc_btn3-color-green\">REZERVOVA\u0164<\/button><\/div>\n\t<div class=\"wpb_text_column wpb_content_element\" >\n\t\t<div class=\"wpb_wrapper\">\n\t\t\t<p>\nn<\/p>\n<h3><\/h3>\n<p>n<\/p>\n<h4><b><i>Preh\u013ead <\/i><\/b><\/h4>\n<p>V\u00fdlet v\u00e1s vyzdvihne vo va\u0161om hoteli alebo na letisku v oblasti Samana alebo Las Galeras. Objavte s nami pl\u00e1\u017e El Rincon, nedotknut\u00fa a dlh\u00fa pl\u00e1\u017e s bielym pieskom, ktor\u00e1 lemuje z\u00e1toku s pokojn\u00fdmi tyrkysov\u00fdmi vodami, posiatu kokosov\u00fdmi palmami, ktor\u00e1 up\u00fata pozornos\u0165 v\u0161etk\u00fdch n\u00e1v\u0161tevn\u00edkov. El Rincon je jednou z desiatich najlep\u0161\u00edch pl\u00e1\u017e\u00ed na svete. Aby ste sa dostali na t\u00fato jedine\u010dn\u00fa pl\u00e1\u017e, vychutnajte si \u017eivotn\u00fd \u0161t\u00fdl Dominik\u00e1nskej republiky pri ceste na pl\u00e1\u017e. Autobus bude ma\u0165 nieko\u013eko zast\u00e1vok v obchodoch s ovoc\u00edm, kde si m\u00f4\u017eete k\u00fapi\u0165, ak chcete, uvid\u00edte miestne domy a dozviete sa o skuto\u010dnom \u017eivote Dominik\u00e1ncov.<br \/>\nn<\/p>\n<ul>\nn \t<\/p>\n<li>Obedova\u0165 budete s prstami na noh\u00e1ch v piesku, zatia\u013e \u010do piesne Merengue a Bachata bud\u00fa hra\u0165 v \u201eEl Paraiso\u201c, kde v\u00e1m naserv\u00edruj\u00fa kompletn\u00e9 jedlo vr\u00e1tane rybieho pokrmu doplnen\u00e9ho miestnymi n\u00e1pojmi a kokteilmi. N\u00e1jdete tu pr\u00edrodn\u00fa perlu, ktor\u00e1 je pova\u017eovan\u00e1 za jednu z najkraj\u0161\u00edch pl\u00e1\u017e\u00ed v krajine. Biely jemn\u00fd piesok, tyrkysov\u00e9 more a metrov\u00e9 palmy hovoria za v\u0161etko.<\/li>\n<p>n<\/ul>\n<p>n&nbsp;<br \/>\nn<\/p>\n<ul>\nn \t<\/p>\n<li>Miestny sprievodca so sk\u00fasenos\u0165ami s bezpe\u010dnos\u0165ou v tejto oblasti.<\/li>\n<p>n \t<\/p>\n<li>S\u00fakromn\u00e1 doprava<\/li>\n<p>n \t<\/p>\n<li>Vr\u00e1tane poplatkov<\/li>\n<p>n \t<\/p>\n<li>Obed na Pl\u00e1\u017ei<\/li>\n<p>n \t<\/p>\n<li>Miestny turistick\u00fd sprievodca v \u0161paniel\u010dine, angli\u010dtine alebo franc\u00faz\u0161tine.<\/li>\n<p>n \t<\/p>\n<li>Turistika<\/li>\n<p>n<\/ul>\n<p>n<\/p>\n<h4><b>Inkl\u00fazie a vyl\u00fa\u010denia<\/b><\/h4>\n<p>n&nbsp;<br \/>\nn<br \/>\nn<b>Inkl\u00fazie<\/b><br \/>\nn<\/p>\n<ol>\nn \t<\/p>\n<li><span style=\"font-weight: 400;\">Miestny sprievodca so sk\u00fasenos\u0165ami s bezpe\u010dnos\u0165ou v tejto oblasti.<\/span><\/li>\n<p>n \t<\/p>\n<li>S\u00fakromn\u00e1 doprava pre mal\u00e9 skupiny<\/li>\n<p>n \t<\/p>\n<li style=\"font-weight: 400;\">Pl\u00e1\u017e El Rincon<\/li>\n<p>n \t<\/p>\n<li>Ran\u010d Dominik\u00e1nsky dom<\/li>\n<p>n \t<\/p>\n<li>Rieka Cano Frio<\/li>\n<p>n \t<\/p>\n<li style=\"font-weight: 400;\"><span style=\"font-weight: 400;\">V\u0161etky dane, poplatky a manipula\u010dn\u00e9 poplatky<\/span><\/li>\n<p>n \t<\/p>\n<li style=\"font-weight: 400;\"><span style=\"font-weight: 400;\">Miestne dane<\/span><\/li>\n<p>n \t<\/p>\n<li>Obed na Pl\u00e1\u017ei<\/li>\n<p>n \t<\/p>\n<li>Turistika<\/li>\n<p>n \t<\/p>\n<li style=\"font-weight: 400;\"><span style=\"font-weight: 400;\">V\u0161etky aktivity<\/span><\/li>\n<p>n<\/ol>\n<p>n<b> Vyl\u00fa\u010denia<\/b><br \/>\nn<\/p>\n<ol>\nn \t<\/p>\n<li style=\"font-weight: 400;\"><span style=\"font-weight: 400;\">Spropitn\u00e9<\/span><\/li>\n<p>n \t<\/p>\n<li>V\u0161etky n\u00e1poje<\/li>\n<p>n<\/ol>\n<p>n<\/p>\n<h4><em><strong>Odchod a n\u00e1vrat<\/strong><\/em><\/h4>\n<p>n<span style=\"font-weight: 400;\">Cestuj\u00faci z\u00edska miesto stretnutia po procese rezerv\u00e1cie. Prehliadky za\u010d\u00ednaj\u00fa a kon\u010dia v miestach na\u0161ich stretnut\u00ed.<\/span><br \/>\nn<\/p>\n<h3>Playa Rinc\u00f3n (pl\u00e1\u017e Rincon), poldenn\u00fd v\u00fdlet, Saman\u00e1 \u2013 Dominik\u00e1nska republika.<\/h3>\n<p>n<\/p>\n<h4><em>\u010co o\u010dak\u00e1va\u0165?<\/em><\/h4>\n<p>Po opusten\u00ed hotelovej oblasti Samana a jazde po dominik\u00e1nskych uliciach uvid\u00edte a dozviete sa o miestne \u017eivotnom \u0161t\u00fdle. N\u00e1v\u0161teva Playa Rinc\u00f3n je nedotknut\u00fd p\u00e1s bieleho piesku, ktor\u00fd sa tiahne asi 4 kilometre pozd\u013a\u017e nezastavanej \u010dasti pobre\u017eia. T\u00e1to od\u013eahl\u00e1 pl\u00e1\u017e, lemovan\u00e1 hranicou kokosov\u00fdch paliem a na oboch koncoch ohrani\u010den\u00e1 horami a \u00fatesmi, p\u00f4sob\u00ed ako skuto\u010dn\u00e1 ut\u00f3pia, odrezan\u00e1 od civiliz\u00e1cie. Voda je tu super \u010dist\u00e1 a okolit\u00fd koralov\u00fd \u00fates zais\u0165uje bezpe\u010dnos\u0165 pl\u00e1\u017ee, \u010do znamen\u00e1, \u017ee sa m\u00f4\u017eete k\u00fapa\u0165 bez rizika. Nav\u0161t\u00edvime aj rieku Cano Frio.<br \/>\nn<br \/>\nn&nbsp;<br \/>\nn<br \/>\nnT\u00e1to prehliadka organizovan\u00e1 organiz\u00e1ciou \u201eBooking Adventures\u201c za\u010d\u00edna na mieste stretnutia s na\u0161\u00edm sprievodcom. Pr\u00ed\u010fte s Booking Adventures a dajte si obed na pl\u00e1\u017ei a u\u017eite si jednu z naj\u00fa\u017easnej\u0161\u00edch pl\u00e1\u017e\u00ed v Samane v Dominik\u00e1nskej republike.<br \/>\nn<\/p>\n<h4><em><strong>\u010co by ste si mali prinies\u0165?<\/strong><\/em><\/h4>\n<p>n<\/p>\n<ul>\nn \t<\/p>\n<li style=\"font-weight: 400;\"><span style=\"font-weight: 400;\">fotoapar\u00e1t<\/span><\/li>\n<p>n \t<\/p>\n<li style=\"font-weight: 400;\"><span style=\"font-weight: 400;\">Repelentn\u00e9 p\u00fa\u010diky<\/span><\/li>\n<p>n \t<\/p>\n<li style=\"font-weight: 400;\"><span style=\"font-weight: 400;\">Opa\u013eovac\u00ed kr\u00e9m<\/span><\/li>\n<p>n \t<\/p>\n<li>Voda<\/li>\n<p>n \t<\/p>\n<li style=\"font-weight: 400;\"><span style=\"font-weight: 400;\">Klob\u00fak<\/span><\/li>\n<p>n \t<\/p>\n<li style=\"font-weight: 400;\"><span style=\"font-weight: 400;\">Pohodln\u00e9 nohavice<\/span><\/li>\n<p>n \t<\/p>\n<li style=\"font-weight: 400;\"><span style=\"font-weight: 400;\">Turistick\u00e1 obuv do lesa<\/span><\/li>\n<p>n \t<\/p>\n<li style=\"font-weight: 400;\"><span style=\"font-weight: 400;\">Sand\u00e1le do jarn\u00fdch oblast\u00ed.<\/span><\/li>\n<p>n \t<\/p>\n<li style=\"font-weight: 400;\"><span style=\"font-weight: 400;\">Oble\u010denie na pl\u00e1vanie<\/span><\/li>\n<p>n<\/ul>\n<p>n&nbsp;<br \/>\nn<\/p>\n<h4><b><i>Vyzdvihnutie v hoteli <\/i><\/b><\/h4>\n<p>n<span style=\"font-weight: 400;\">Pre tento z\u00e1jazd je k dispoz\u00edcii vyzdvihnutie v hoteli. <\/span><br \/>\nn<br \/>\nn&nbsp;<br \/>\nn<br \/>\nn<b>Pozn\u00e1mka:<\/b><span style=\"font-weight: 400;\"> Ak si rezervujete do 24 hod\u00edn od \u010dasu odchodu z\u00e1jazdu\/exkurzie, m\u00f4\u017eeme v\u00e1m za pr\u00edplatok zabezpe\u010di\u0165 vyzdvihnutie v hoteli. Pr\u00e1ve sme si to vyzdvihli v oblasti Samana. Po dokon\u010den\u00ed n\u00e1kupu v\u00e1m po\u0161leme kompletn\u00e9 kontaktn\u00e9 inform\u00e1cie (telef\u00f3nne \u010d\u00edslo, e-mailov\u00fa adresu at\u010f.) pre n\u00e1\u0161ho miestneho sprievodcu, aby sme mohli zabezpe\u010di\u0165 vyzdvihnutie.<\/span><br \/>\nn<\/p>\n<h4><b><i>Potvrdenie dodato\u010dn\u00fdch inform\u00e1ci\u00ed <\/i><\/b><\/h4>\n<p>n<\/p>\n<ol>\nn \t<\/p>\n<li>Vstupenky s\u00fa potvrden\u00edm po zaplaten\u00ed tohto z\u00e1jazdu. Platbu m\u00f4\u017eete zobrazi\u0165 na telef\u00f3ne.<\/li>\n<p>n \t<\/p>\n<li style=\"font-weight: 400;\"><span style=\"font-weight: 400;\">Miesto stretnutia bude prijat\u00e9 po procese rezerv\u00e1cie.<\/span><\/li>\n<p>n \t<\/p>\n<li style=\"font-weight: 400;\"><span style=\"font-weight: 400;\">Deti musia by\u0165 v sprievode dospelej osoby.<\/span><\/li>\n<p>n \t<\/p>\n<li style=\"font-weight: 400;\"><span style=\"font-weight: 400;\"> Bezbari\u00e9rov\u00fd pr\u00edstup <\/span><\/li>\n<p>n \t<\/p>\n<li style=\"font-weight: 400;\"><span style=\"font-weight: 400;\">Doj\u010dat\u00e1 musia sedie\u0165 na kolen\u00e1ch <\/span><\/li>\n<p>n \t<\/p>\n<li style=\"font-weight: 400;\"><span style=\"font-weight: 400;\">Neodpor\u00fa\u010da sa pre cestuj\u00facich s probl\u00e9mami s chrbtom<\/span><\/li>\n<p>n \t<\/p>\n<li style=\"font-weight: 400;\"><span style=\"font-weight: 400;\">Neodpor\u00fa\u010da sa pre tehotn\u00e9 cestovate\u013eky <\/span><\/li>\n<p>n \t<\/p>\n<li style=\"font-weight: 400;\"><span style=\"font-weight: 400;\"> \u017diadne srdcov\u00e9 probl\u00e9my ani in\u00e9 v\u00e1\u017ene zdravotn\u00e9 \u0165a\u017ekosti <\/span><\/li>\n<p>n \t<\/p>\n<li style=\"font-weight: 400;\"><span style=\"font-weight: 400;\">V\u00e4\u010d\u0161ina cestovate\u013eov sa m\u00f4\u017ee z\u00fa\u010dastni\u0165<\/span><\/li>\n<p>n<\/ol>\n<p>n<\/p>\n<h4><b><i>Podmienky zru\u0161enia<\/i><\/b><\/h4>\n<p>Ak chcete z\u00edska\u0165 pln\u00fa n\u00e1hradu, pre\u010d\u00edtajte si na\u0161e pravidl\u00e1 pre zru\u0161enie\u00a0<a href=\"https:\/\/www.boattoursamana.com\/sk\/online-rezervacia\/\" target=\"_blank\" rel=\"noopener\" data-saferedirecturl=\"https:\/\/www.google.com\/url?q=https:\/\/www.boattoursamana.com\/online-booking\/&amp;source=gmail&amp;ust=1672532492004000&amp;usg=AOvVaw3ylqI1cdbIPTimEqEWneyd\">Kliknite tu<\/a>. Finan\u010dn\u00e9 prostriedky bud\u00fa straten\u00e9, ak bude rezerv\u00e1cia zru\u0161en\u00e1 v ten ist\u00fd de\u0148 z\u00e1jazdu.<\/p>\n\n\t\t<\/div>\n\t<\/div>\n<div class=\"vc_btn3-container vc_btn3-inline\" ><button class=\"vc_general vc_btn3 vc_btn3-size-md vc_btn3-shape-rounded vc_btn3-style-modern vc_btn3-color-green\">REZERVOVA\u0164<\/button><\/div><\/div><\/div><\/div><\/div><div class=\"vc_row wpb_row vc_row-fluid\" ><div class=\"wpb_column vc_column_container vc_col-sm-12\"><div class=\"vc_column-inner\"><div class=\"wpb_wrapper\">\n\t<div class=\"wpb_video_widget wpb_content_element vc_clearfix   vc_video-aspect-ratio-169 vc_video-el-width-100 vc_video-align-left\" >\n\t\t<div class=\"wpb_wrapper\">\n\t\t\t<h2 class=\"wpb_heading wpb_video_heading\">Boca del diablo a pl\u00e1\u017e Fronton<\/h2>\n\t\t\t<div class=\"wpb_video_wrapper\"><iframe loading=\"lazy\" title=\"Polostrov Saman\u00e1, Dominik\u00e1nska republika (DJI Phantom 4 4K)\" width=\"1100\" height=\"619\" src=\"https:\/\/www.youtube.com\/embed\/DYDXVm8Q_iM?feature=oembed\" frameborder=\"0\" allow=\"accelerometer; autoplay; clipboard-write; encrypted-media; gyroscope; picture-in-picture; web-share\" allowfullscreen><\/iframe><\/div>\n\t\t<\/div>\n\t<\/div>\n<\/div><\/div><\/div><\/div><div class=\"vc_row wpb_row vc_row-fluid\" ><div class=\"wpb_column vc_column_container vc_col-sm-12\"><div class=\"vc_column-inner\"><div class=\"wpb_wrapper\"><div class=\"vc_empty_space\"   style=\"height: 32px\"><span class=\"vc_empty_space_inner\"><\/span><\/div>\n\t<div class=\"wpb_text_column wpb_content_element\" >\n\t\t<div class=\"wpb_wrapper\">\n\t\t\t<p>\nn<\/p>\n<h4>Kontaktuj n\u00e1s?<\/h4>\n<p>n<\/p>\n<h5>Rezerva\u010dn\u00e9 dobrodru\u017estv\u00e1<\/h5>\n<p>n<em><strong>Miestni obyvatelia<\/strong>\u00a0a\u00a0<strong>\u0160t\u00e1tni pr\u00edslu\u0161n\u00edci<\/strong>\u00a0Sprievodcovia a slu\u017eby pre host\u00ed<\/em><br \/>\nn<br \/>\nn<span class=\"text-turquoise\">Rezerv\u00e1cie:<\/span>\u00a0Prehliadky a exkurzie v Dom. Rep.<br \/>\nn<br \/>\nn<img decoding=\"async\" class=\"emoji\" draggable=\"false\" src=\"https:\/\/s.w.org\/images\/core\/emoji\/11.2.0\/svg\/1f4de.svg\" alt=\" \" title=\"\">\u00a0Tel \/ Whatsapp\u00a0\u00a0<a href=\"tel:+1-809-720-6035\">+1-809-720-6035<\/a>.<br \/>\nn<br \/>\nn<img decoding=\"async\" class=\"emoji\" draggable=\"false\" src=\"https:\/\/s.w.org\/images\/core\/emoji\/11.2.0\/svg\/1f4e9.svg\" alt=\" \" title=\"\">\u00a0<a href=\"mailto:info@bookingadventures.com.do\">info@bookingadventures.com.do<\/a><br \/>\nn<br \/>\nn<strong>Flexibilne nastavujeme s\u00fakromn\u00e9 prehliadky od Whatsapp:\u00a0<a href=\"tel:+18097206035\">+18097206035.<\/a><\/strong><\/p>\n\n\t\t<\/div>\n\t<\/div>\n<div class=\"vc_empty_space\"   style=\"height: 32px\"><span class=\"vc_empty_space_inner\"><\/span><\/div><\/div><\/div><\/div><\/div><div class=\"vc_row wpb_row vc_row-fluid\" ><div class=\"wpb_column vc_column_container vc_col-sm-12\"><div class=\"vc_column-inner\"><div class=\"wpb_wrapper\"><\/div><\/div><\/div><\/div>","protected":false},"excerpt":{"rendered":"<p>N\u00e1v\u0161teva pl\u00e1\u017ee Playa el Rincon s obedom na pl\u00e1\u017ei, zast\u00e1vka po ceste v Dominik\u00e1nskom dome a predajni ovocia a k\u00fapanie v kri\u0161t\u00e1\u013eov\u00fdch vod\u00e1ch rieky Cano Frio. Ide o poldenn\u00fd z\u00e1\u017eitok skuto\u010dnej Samany v Dominik\u00e1nskej republike. nn n nVyberte d\u00e1tum prehliadky:\u00a0 &nbsp;<\/p>","protected":false},"author":2,"featured_media":0,"parent":0,"menu_order":0,"comment_status":"open","ping_status":"closed","template":"","meta":{"footnotes":""},"class_list":["post-15768","page","type-page","status-publish","hentry"],"_links":{"self":[{"href":"https:\/\/www.boattoursamana.com\/sk\/wp-json\/wp\/v2\/pages\/15768","targetHints":{"allow":["GET"]}}],"collection":[{"href":"https:\/\/www.boattoursamana.com\/sk\/wp-json\/wp\/v2\/pages"}],"about":[{"href":"https:\/\/www.boattoursamana.com\/sk\/wp-json\/wp\/v2\/types\/page"}],"author":[{"embeddable":true,"href":"https:\/\/www.boattoursamana.com\/sk\/wp-json\/wp\/v2\/users\/2"}],"replies":[{"embeddable":true,"href":"https:\/\/www.boattoursamana.com\/sk\/wp-json\/wp\/v2\/comments?post=15768"}],"version-history":[{"count":0,"href":"https:\/\/www.boattoursamana.com\/sk\/wp-json\/wp\/v2\/pages\/15768\/revisions"}],"wp:attachment":[{"href":"https:\/\/www.boattoursamana.com\/sk\/wp-json\/wp\/v2\/media?parent=15768"}],"curies":[{"name":"wp","href":"https:\/\/api.w.org\/{rel}","templated":true}]}}