{"id":15770,"date":"2023-07-15T07:43:40","date_gmt":"2023-07-15T07:43:40","guid":{"rendered":"https:\/\/www.ticketswhales.com\/parasailing-tour-from-punta-cana-95-usd\/"},"modified":"2023-07-15T07:43:40","modified_gmt":"2023-07-15T07:43:40","slug":"parasailing-tour-from-punta-cana-95-usd","status":"publish","type":"page","link":"https:\/\/www.boattoursamana.com\/sk\/parasailing-tour-from-punta-cana-95-usd","title":{"rendered":"Parasailing Tour z Punta Cana 95 USD."},"content":{"rendered":"<p><span style=\"vertical-align: inherit;\"><span style=\"vertical-align: inherit;\">Parasailing v Punta Cana es una aventura uncre\u00edble y una de las mejores cosas para hacer en Punta Cana. <\/span><span style=\"vertical-align: inherit;\">La costa desde 200 pies en el aire, mientras navega, es absolutamente impresionante.<\/span><\/span><br \/>\nn<br \/>\nn<span style=\"vertical-align: inherit;\"><span style=\"vertical-align: inherit;\">Parasailing es una experiencia sencilla y divertida para todos los miembros de la familia. <\/span><span style=\"vertical-align: inherit;\">Ako hlavn\u00fd cis\u00e1r parasailingu a aventura v Dominik\u00e1nskej republike, nov\u00fd t\u00edm parasailingu prebieha medzi experimentmi v Punta Cana, s 16. rokom sk\u00fasenost\u00ed a leta. <\/span><span style=\"vertical-align: inherit;\">Puede disfrutar de unos 15 minutes de vuelo mientras disfruta de la hermosa vista panor\u00e1mica.<\/span><\/span><br \/>\nn<br \/>\nn&nbsp;<br \/>\nn<br \/>\nn<em><strong><span style=\"vertical-align: inherit;\"><span style=\"vertical-align: inherit;\">Vyberte si prehliadku\u00a0<\/span><\/span><\/strong><\/em><\/p>\n<p>&nbsp;<\/p>\n<div class=\"vc_row wpb_row vc_row-fluid\" ><div class=\"wpb_column vc_column_container vc_col-sm-12\"><div class=\"vc_column-inner\"><div class=\"wpb_wrapper\">\n\t<div class=\"wpb_text_column wpb_content_element\" >\n\t\t<div class=\"wpb_wrapper\">\n\t\t\t<p>u<\/p>\n\n\t\t<\/div>\n\t<\/div>\n<\/div><\/div><\/div><\/div><div class=\"vc_row wpb_row vc_row-fluid\" ><div class=\"wpb_column vc_column_container vc_col-sm-12\"><div class=\"vc_column-inner\"><div class=\"wpb_wrapper\"><div class=\"mkdf-section-title-holder\" style=\"text-align: left\">\n\t<div class=\"mkdf-st-inner\">\n\t\t\t\t\t<h5 class=\"mkdf-st-subtitle\" >\n\t\t\t\tZ hotelov Punta Cana\t\t\t<\/h5>\n\t\t\t\t\t\t\t<h3 class=\"mkdf-st-title\" >\n\t\t\t\tParasailing Tour z Punta Cana\t\t\t<\/h3>\n\t\t\t\t\t\t\t<p class=\"mkdf-st-text\" >\n\t\t\t\tPozn\u00e1mka: T\u00e1to prehliadka za\u010d\u00edna o 7:00 V z\u00e1vislosti od toho, kde je \u010das vyzdvihnutia hotelov, sa m\u00f4\u017ee zmeni\u0165. Pr\u00edplatky za vyzdvihnutie v oblastiach, ktor\u00e9 nie s\u00fa uveden\u00e9 v na\u0161om popise.\t\t\t<\/p>\n\t\t\t<\/div>\n<\/div><\/div><\/div><\/div><\/div><div class=\"vc_row wpb_row vc_row-fluid\" ><div class=\"wpb_column vc_column_container vc_col-sm-12\"><div class=\"vc_column-inner\"><div class=\"wpb_wrapper\"><div class=\"vc_empty_space\"   style=\"height: 32px\"><span class=\"vc_empty_space_inner\"><\/span><\/div><\/div><\/div><\/div><\/div><div class=\"vc_row wpb_row vc_row-fluid\" ><div class=\"wpb_column vc_column_container vc_col-sm-12\"><div class=\"vc_column-inner\"><div class=\"wpb_wrapper\"><div class=\"vc_btn3-container vc_btn3-inline\" ><button class=\"vc_general vc_btn3 vc_btn3-size-md vc_btn3-shape-rounded vc_btn3-style-modern vc_btn3-color-green\">REZERVOVA\u0164<\/button><\/div>\n\t<div class=\"wpb_text_column wpb_content_element\" >\n\t\t<div class=\"wpb_wrapper\">\n\t\t\t<p>\nn<\/p>\n<h4><b><i>Preh\u013ead <\/i><\/b><\/h4>\n<p>n<\/p>\n<div>\nn<br \/>\nParasail cez pobre\u017eie Punta Cana\/Bavaro po\u010das tejto 40-min\u00fatovej aktivity s odletom z Punta Cana. Vyu\u017eite odborn\u00e9 znalosti jednej z najsk\u00fasenej\u0161\u00edch parasailov\u00fdch spolo\u010dnost\u00ed v Dominik\u00e1nskej republike, ktor\u00e1 od roku 2001 vykonala viac ako 60 000 letov. Z\u00edskajte \u00fachvatn\u00e9 v\u00fdh\u013eady na pl\u00e1\u017ee, tyrkysov\u00e9 vody a roz\u013eahl\u00e9 letovisk\u00e1, ktor\u00e9 lemuj\u00fa pobre\u017eie, a lietajte stovky metrov vo vzduchu. Prineste si opa\u013eovac\u00ed kr\u00e9m, plavky a pocit dobrodru\u017estva. Vyhliadkov\u00e1 leteck\u00e1 prehliadka Cestujte lo\u010fou a pozrite si pamiatky z vody V\u00fdber rann\u00e9ho alebo popolud\u0148aj\u0161ieho odchodu Bezplatn\u00fd odvoz a odvoz v hoteli v cene<br \/>\nn<br \/>\nn<\/div>\n<p>n<\/p>\n<ul class=\"vcs-highlights\">\nn \t<\/p>\n<li>V\u00fdber z viacer\u00fdch odchodov po\u010das d\u0148a<\/li>\n<p>n \t<\/p>\n<li>U\u017eite si fantastick\u00e9 leteck\u00e9 poh\u013eady<\/li>\n<p>n \t<\/p>\n<li>Priate\u013esk\u00fd k rodine<\/li>\n<p>n \t<\/p>\n<li>Vyzdvihnutie z centr\u00e1lne umiestnen\u00e9ho miesta stretnutia<\/li>\n<p>n \t<\/p>\n<li>Romantick\u00fd z\u00e1\u017eitok, ide\u00e1lny pre p\u00e1ry<\/li>\n<p>n<\/ul>\n<p>n&nbsp;<br \/>\nn<\/p>\n<h4><b>Inkl\u00fazie a vyl\u00fa\u010denia<\/b><\/h4>\n<p>n&nbsp;<br \/>\nn<br \/>\nn<b>Inkl\u00fazie<\/b><br \/>\nn<br \/>\nn&nbsp;<br \/>\nn<\/p>\n<ol>\nn \t<\/p>\n<li>Parasaling Tour<\/li>\n<p>n \t<\/p>\n<li>Vyzdvihnutie autobusom z V\u00e1\u0161ho hotela<\/li>\n<p>n \t<\/p>\n<li style=\"font-weight: 400;\"><span style=\"font-weight: 400;\">V\u0161etky dane, poplatky a manipula\u010dn\u00e9 poplatky<\/span><\/li>\n<p>n \t<\/p>\n<li style=\"font-weight: 400;\"><span style=\"font-weight: 400;\">Miestne dane<\/span><\/li>\n<p>n \t<\/p>\n<li style=\"font-weight: 400;\"><span style=\"font-weight: 400;\">N\u00e1poje<\/span><\/li>\n<p>n<\/ol>\n<p>n<b> Vyl\u00fa\u010denia<\/b><br \/>\nn<\/p>\n<ol>\nn \t<\/p>\n<li style=\"font-weight: 400;\"><span style=\"font-weight: 400;\">Spropitn\u00e9<\/span><\/li>\n<p>n \t<\/p>\n<li>obed<\/li>\n<p>n<\/ol>\n<p>n&nbsp;<br \/>\nn<\/p>\n<h4><em><strong>Odchod a n\u00e1vrat<\/strong><\/em><\/h4>\n<p>n<span style=\"font-weight: 400;\">Cestuj\u00faci z\u00edska miesto stretnutia po procese rezerv\u00e1cie. Prehliadky za\u010d\u00ednaj\u00fa a kon\u010dia v miestach na\u0161ich stretnut\u00ed.<\/span><br \/>\nn<br \/>\nn&nbsp;<br \/>\nn<\/p>\n<h4><b><i>\u010co o\u010dak\u00e1va\u0165?<\/i><\/b><\/h4>\n<p>Predstavte si, \u017ee ste zdvihnut\u00ed 150 st\u00f4p vo vzduchu, chladn\u00fd vietor v\u00e1s hlad\u00ed po tv\u00e1ri a z\u00e1rove\u0148 relaxujete s n\u00e1dhern\u00fdm v\u00fdh\u013eadom na pobre\u017eie Bavaro \u2013 Punta Cana. Presta\u0148te si predstavova\u0165 a pridajte sa k n\u00e1m na vzru\u0161uj\u00facu jazdu parasailingu, skuto\u010dne nezabudnute\u013en\u00fd z\u00e1\u017eitok. Potrebujete iba opa\u013eovac\u00ed kr\u00e9m a plavky a u\u017eite si vzru\u0161enie z jazdy. Le\u0165te s premi\u00e9rovou parasailovou spolo\u010dnos\u0165ou Dominik\u00e1nskej republiky. S viac ako 60 000 letmi od roku 2001 patria na\u0161i sk\u00fasen\u00ed kapit\u00e1ni a pos\u00e1dka medzi najsk\u00fasenej\u0161\u00edch v odbore.<br \/>\nn<br \/>\nn<strong>Rozvrh hod\u00edn:<\/strong><br \/>\nn<br \/>\n7:00 \u2013 14:00\u2026 Zmena \u010dasu v z\u00e1vislosti od toho, kde sa nach\u00e1dzate v Punta Cana.<br \/>\nn<br \/>\nn&nbsp;<br \/>\nn<\/p>\n<h4><em><strong>\u010co by ste si mali prinies\u0165?<\/strong><\/em><\/h4>\n<p>n<\/p>\n<ul>\nn \t<\/p>\n<li style=\"font-weight: 400;\"><span style=\"font-weight: 400;\">fotoapar\u00e1t<\/span><\/li>\n<p>n \t<\/p>\n<li style=\"font-weight: 400;\"><span style=\"font-weight: 400;\">Repelentn\u00e9 p\u00fa\u010diky<\/span><\/li>\n<p>n \t<\/p>\n<li style=\"font-weight: 400;\"><span style=\"font-weight: 400;\">opa\u013eovac\u00ed kr\u00e9m<\/span><\/li>\n<p>n \t<\/p>\n<li style=\"font-weight: 400;\"><span style=\"font-weight: 400;\">Klob\u00fak<\/span><\/li>\n<p>n \t<\/p>\n<li style=\"font-weight: 400;\"><span style=\"font-weight: 400;\">Pohodln\u00e9 nohavice<\/span><\/li>\n<p>n \t<\/p>\n<li style=\"font-weight: 400;\"><span style=\"font-weight: 400;\">Turistick\u00e1 obuv do lesa<\/span><\/li>\n<p>n \t<\/p>\n<li style=\"font-weight: 400;\"><span style=\"font-weight: 400;\">Sand\u00e1le na pl\u00e1\u017e<\/span><\/li>\n<p>n \t<\/p>\n<li style=\"font-weight: 400;\"><span style=\"font-weight: 400;\">Oble\u010denie na pl\u00e1vanie<\/span><\/li>\n<p>n \t<\/p>\n<li>Peniaze za suven\u00edry<\/li>\n<p>n<\/ul>\n<p>n&nbsp;<br \/>\nn<\/p>\n<h4><b><i>Vyzdvihnutie v hoteli <\/i><\/b><\/h4>\n<p>n<span style=\"font-weight: 400;\">Cestovate\u013esk\u00e9 vyzdvihnutie je pon\u00fakan\u00e9!<\/span><br \/>\nn<br \/>\nn<span style=\"font-weight: 400;\">Vyzdvihujeme zo v\u0161etk\u00fdch hotelov v Punta Cana. Miesto vyzdvihnutia je hotelov\u00e1 hala<br \/>\nAk ste ubytovan\u00ed v byte v tejto oblasti, vyzdvihneme v\u00e1s v byte alebo pri vchode do najbli\u017e\u0161ieho rezortu. Nastavili sme vyzdvihnutie, aby n\u00e1s kontaktovalo cez WhatsApp.<\/span><br \/>\nn<br \/>\nn<b>Pozn\u00e1mka:<\/b><span style=\"font-weight: 400;\"> Ak si rezervujete do 24 hod\u00edn od \u010dasu odchodu z\u00e1jazdu\/exkurzie, m\u00f4\u017eeme zabezpe\u010di\u0165 vyzdvihnutie v hoteli. Po dokon\u010den\u00ed n\u00e1kupu v\u00e1m po\u0161leme kompletn\u00e9 kontaktn\u00e9 inform\u00e1cie (telef\u00f3nne \u010d\u00edslo, e-mailov\u00fa adresu at\u010f.) pre n\u00e1\u0161ho miestneho sprievodcu, aby sme mohli zorganizova\u0165 opatrenia na vyzdvihnutie.<\/span><br \/>\nn<\/p>\n<h4><b><i>Potvrdenie dodato\u010dn\u00fdch inform\u00e1ci\u00ed <\/i><\/b><\/h4>\n<p>n<\/p>\n<ol>\nn \t<\/p>\n<li>Vstupenky s\u00fa potvrden\u00edm po zaplaten\u00ed tohto z\u00e1jazdu. Platbu m\u00f4\u017eete zobrazi\u0165 na telef\u00f3ne.<\/li>\n<p>n \t<\/p>\n<li style=\"font-weight: 400;\"><span style=\"font-weight: 400;\">Miesto stretnutia bude prijat\u00e9 po procese rezerv\u00e1cie.<\/span><\/li>\n<p>n \t<\/p>\n<li style=\"font-weight: 400;\"><span style=\"font-weight: 400;\">Deti musia by\u0165 v sprievode dospelej osoby.<\/span><\/li>\n<p>n \t<\/p>\n<li style=\"font-weight: 400;\"><span style=\"font-weight: 400;\">bezbari\u00e9rov\u00fd pr\u00edstup <\/span><\/li>\n<p>n \t<\/p>\n<li style=\"font-weight: 400;\"><span style=\"font-weight: 400;\">Doj\u010dat\u00e1 musia sedie\u0165 na kolen\u00e1ch <\/span><\/li>\n<p>n \t<\/p>\n<li style=\"font-weight: 400;\"><span style=\"font-weight: 400;\">V\u00e4\u010d\u0161ina cestovate\u013eov sa m\u00f4\u017ee z\u00fa\u010dastni\u0165<\/span><\/li>\n<p>n<\/ol>\n<p>n<\/p>\n<h4><b><i>Podmienky zru\u0161enia<\/i><\/b><\/h4>\n<p>Ak chcete z\u00edska\u0165 pln\u00fa n\u00e1hradu, pre\u010d\u00edtajte si na\u0161e pravidl\u00e1 pre zru\u0161enie\u00a0<a href=\"https:\/\/www.boattoursamana.com\/sk\/online-rezervacia\/\" target=\"_blank\" rel=\"noopener\" data-saferedirecturl=\"https:\/\/www.google.com\/url?q=https:\/\/www.boattoursamana.com\/online-booking\/&amp;source=gmail&amp;ust=1672532492004000&amp;usg=AOvVaw3ylqI1cdbIPTimEqEWneyd\">Kliknite tu<\/a>. Finan\u010dn\u00e9 prostriedky bud\u00fa straten\u00e9, ak bude rezerv\u00e1cia zru\u0161en\u00e1 v ten ist\u00fd de\u0148 z\u00e1jazdu.<\/p>\n\n\t\t<\/div>\n\t<\/div>\n<\/div><\/div><\/div><\/div><div class=\"vc_row wpb_row vc_row-fluid\" ><div class=\"wpb_column vc_column_container vc_col-sm-12\"><div class=\"vc_column-inner\"><div class=\"wpb_wrapper\">\n\t<div class=\"wpb_text_column wpb_content_element\" >\n\t\t<div class=\"wpb_wrapper\">\n\t\t\t<p>\nn<\/p>\n<h4>Kontaktuj n\u00e1s?<\/h4>\n<p>n<\/p>\n<h5><em><strong>Rezerva\u010dn\u00e9 dobrodru\u017estv\u00e1<\/strong><\/em><\/h5>\n<p>n<em><strong>Miestni obyvatelia<\/strong> a <strong>\u0160t\u00e1tni pr\u00edslu\u0161n\u00edci<\/strong> Sprievodcovia a slu\u017eby pre host\u00ed<\/em><br \/>\nn<br \/>\nn<span class=\"text-turquoise\">Rezerv\u00e1cie:<\/span> Prehliadky a exkurzie v Dom. Rep.<\/p>\n\n\t\t<\/div>\n\t<\/div>\n<\/div><\/div><\/div><\/div><div class=\"vc_row wpb_row vc_row-fluid\" ><\/div><div class=\"wpb_column vc_column_container vc_col-sm-12\"><div class=\"vc_column-inner\"><div class=\"wpb_wrapper\"><\/div><\/div><\/div>\n\t<div class=\"wpb_text_column wpb_content_element\" >\n\t\t<div class=\"wpb_wrapper\">\n\t\t\t<p>\nn<br \/>\nnSom textov\u00fd blok. Kliknut\u00edm na tla\u010didlo upravi\u0165 tento text zmen\u00edte. Lorem ipsum dolor sit amet, consectetur adipiscing elit. Ut elit tellus, luctus nec ullamcorper mattis, pulvinar dapibus leo.<br \/>\nn<br \/>\nn<\/p>\n\n\t\t<\/div>\n\t<\/div>\n<div class=\"vc_empty_space\"   style=\"height: 32px\"><span class=\"vc_empty_space_inner\"><\/span><\/div><div class=\"vc_row wpb_row vc_row-fluid\" ><div class=\"wpb_column vc_column_container vc_col-sm-12\"><div class=\"vc_column-inner\"><div class=\"wpb_wrapper\"><div class=\"vc_btn3-container vc_btn3-inline\" ><button class=\"vc_general vc_btn3 vc_btn3-size-md vc_btn3-shape-rounded vc_btn3-style-modern vc_btn3-color-green\">REZERVOVA\u0164<\/button><\/div><\/div><\/div><\/div><\/div>","protected":false},"excerpt":{"rendered":"<p>Parasailing en Punta Cana es una aventura incre\u00edble y una de las mejores cosas para hacer en Punta Cana. La costa desde 200 pies en el aire, mientras navega, es absolutamente impresionante. n nEl parasailing es una experiencia sencilla y divertida para todos los miembros de la familia. Como la principal empresa de parasailing y aventura en Rep\u00fablica Dominicana, nuestro equipo de Parasailing se encuentra entre los m\u00e1s experimentados en Punta Cana, con m\u00e1s de 16 a\u00f1os de experiencia en [&hellip;]<\/p>\n","protected":false},"author":2,"featured_media":0,"parent":0,"menu_order":0,"comment_status":"open","ping_status":"closed","template":"","meta":{"footnotes":""},"class_list":["post-15770","page","type-page","status-publish","hentry"],"_links":{"self":[{"href":"https:\/\/www.boattoursamana.com\/sk\/wp-json\/wp\/v2\/pages\/15770","targetHints":{"allow":["GET"]}}],"collection":[{"href":"https:\/\/www.boattoursamana.com\/sk\/wp-json\/wp\/v2\/pages"}],"about":[{"href":"https:\/\/www.boattoursamana.com\/sk\/wp-json\/wp\/v2\/types\/page"}],"author":[{"embeddable":true,"href":"https:\/\/www.boattoursamana.com\/sk\/wp-json\/wp\/v2\/users\/2"}],"replies":[{"embeddable":true,"href":"https:\/\/www.boattoursamana.com\/sk\/wp-json\/wp\/v2\/comments?post=15770"}],"version-history":[{"count":0,"href":"https:\/\/www.boattoursamana.com\/sk\/wp-json\/wp\/v2\/pages\/15770\/revisions"}],"wp:attachment":[{"href":"https:\/\/www.boattoursamana.com\/sk\/wp-json\/wp\/v2\/media?parent=15770"}],"curies":[{"name":"wp","href":"https:\/\/api.w.org\/{rel}","templated":true}]}}