{"id":15772,"date":"2023-07-15T07:43:40","date_gmt":"2023-07-15T07:43:40","guid":{"rendered":"https:\/\/www.ticketswhales.com\/catalina-island-altos-de-chavon-from-punta-cana-snorkeling-with-catamaran-party\/"},"modified":"2023-07-15T07:43:40","modified_gmt":"2023-07-15T07:43:40","slug":"catalina-island-altos-de-chavon-from-punta-cana-snorkeling-with-catamaran-party","status":"publish","type":"page","link":"https:\/\/www.boattoursamana.com\/sk\/catalina-island-altos-de-chavon-from-punta-cana-snorkeling-with-catamaran-party","title":{"rendered":"Ostrov Catalina a Altos de Chavon z Punta Cana (\u0161norchlovanie s katamar\u00e1novou p\u00e1rty)"},"content":{"rendered":"<p>Mal\u00fd ostrov Catalina (Isla Catalina), len 2,4 km od pevniny Dominik\u00e1nskej republiky, je idylickou pieso\u010dnatou \u0161kvrnou v tyrkysov\u00fdch vod\u00e1ch Karibiku. Catalina, zn\u00e1ma svojimi dobre ob\u00fdvan\u00fdmi koralov\u00fdmi \u00fatesmi, je pokojn\u00fdm oddychom pre t\u00fdch, ktor\u00ed chc\u00fa unikn\u00fa\u0165 z ru\u0161n\u00fdch miest Punta Cana a La Romana.<br \/>\nn<br \/>\nnBook a day trip with us. Catalina Island in a Party Catamaran with Snorkeling!<br \/>\nn<br \/>\nn&nbsp;<br \/>\nn<br \/>\nnPlease Select the date for The Excursion:<\/p>\n<p>&nbsp;<\/p>\n<div class=\"vc_row wpb_row vc_row-fluid\" ><div class=\"wpb_column vc_column_container vc_col-sm-12\"><div class=\"vc_column-inner\"><div class=\"wpb_wrapper\"><div class=\"mkdf-section-title-holder\" style=\"text-align: left\">\n\t<div class=\"mkdf-st-inner\">\n\t\t\t\t\t<h5 class=\"mkdf-st-subtitle\" >\n\t\t\t\tPoldenn\u00fd z\u00e1\u017eitok\t\t\t<\/h5>\n\t\t\t\t\t\t\t<h3 class=\"mkdf-st-title\" >\n\t\t\t\tOstrov Catalina a \u0161norchlovanie s katamar\u00e1novou p\u00e1rty z Punta Cana\t\t\t<\/h3>\n\t\t\t\t\t<\/div>\n<\/div><div class=\"vc_btn3-container vc_btn3-inline\" ><button class=\"vc_general vc_btn3 vc_btn3-size-md vc_btn3-shape-rounded vc_btn3-style-modern vc_btn3-color-green\">REZERVOVA\u0164<\/button><\/div><\/div><\/div><\/div><\/div><div class=\"vc_row wpb_row vc_row-fluid\" ><div class=\"wpb_column vc_column_container vc_col-sm-12\"><div class=\"vc_column-inner\"><div class=\"wpb_wrapper\">\n\t<div class=\"wpb_text_column wpb_content_element\" >\n\t\t<div class=\"wpb_wrapper\">\n\t\t\t<p>\nn<\/p>\n<div class=\"vc_row wpb_row vc_row-fluid\">\nn<\/p>\n<div class=\"wpb_column vc_column_container vc_col-sm-12\">\nn<\/p>\n<div class=\"vc_column-inner\">\nn<\/p>\n<div class=\"wpb_wrapper\">\nn<\/p>\n<div class=\"wpb_text_column wpb_content_element\">\nn<\/p>\n<div class=\"wpb_wrapper\">\nn<\/p>\n<div class=\"vc_row wpb_row vc_row-fluid\">\nn<\/p>\n<div class=\"wpb_column vc_column_container vc_col-sm-12\">\nn<\/p>\n<div class=\"vc_column-inner\">\nn<\/p>\n<div class=\"wpb_wrapper\">\nn<\/p>\n<div class=\"wpb_text_column wpb_content_element\">\nn<\/p>\n<div class=\"wpb_wrapper\">\nn<\/p>\n<h4><b><i>Preh\u013ead<\/i><\/b><\/h4>\n<p>nWe enjoy a catamaran tour across crystal clear waters to Catalina Island, the best-known area for snorkeling in the Dominican Republic.<br \/>\nn<br \/>\nV\u00e1\u0161 de\u0148 za\u010d\u00edna vyzdvihnut\u00edm v hlavnej hotelovej hale alebo na ur\u010denom mieste stretnutia. Potom pokra\u010dujeme na ostrov Catalina, kde si vychutn\u00e1me osvie\u017euj\u00faci k\u00fape\u013e a nejak\u00e9 drinky, k\u00fdm kto zvl\u00e1dne 2 druhy \u0161norchlovania s in\u0161truktorom a potom si d\u00e1me chutn\u00fd obed formou bufetu na pl\u00e1\u017ei a d\u00e1me si hodiny salsy. a Bachata, pri\u010dom rob\u00edme aj chutn\u00e9 drinky. Ke\u010f v\u00e1s u\u017e omrz\u00ed le\u0148o\u0161enie na pl\u00e1\u017ei, vezmite si nejak\u00e9 vybavenie na \u0161norchlovanie a obdivujte Catalinin podmorsk\u00fd svet.<br \/>\nn<br \/>\nOce\u00e1n, tak neuverite\u013ene \u010dist\u00fd, a pl\u00e1\u017e s bielym pieskom na v\u00e1s \u010dakaj\u00fa. Odd\u00fdchnite si na leh\u00e1tku alebo \u0161norchlujte, to v\u0161etko m\u00e1te v cene. U\u017eijete si tam, kde uvid\u00edte trad\u00edciu na\u0161ej hudby a tanca.<br \/>\nn<br \/>\nnAfter this we go to Altos de Chavon Cattle and River!<br \/>\nn<br \/>\nn<strong>Pozn\u00e1mka:<\/strong> T\u00e1to prehliadka nie je s\u00fakromn\u00e1. Ak chcete nastavi\u0165 s\u00fakromn\u00fa prehliadku, kontaktujte n\u00e1s!<br \/>\nn<\/p>\n<ul>\nn \t<\/p>\n<li>\nn<\/p>\n<div class=\"py-1 inclusions-exclusions-item d-flex\" lang=\"en-x-mtfrom-en\">\nn<\/p>\n<div class=\"d-inline-block inclusions-exclusions-text\">S\u00fakromn\u00e1 doprava<\/div>\n<p>n\n<\/p><\/div>\n<\/li>\n<p>n \t<\/p>\n<li>Pr\u00edrodn\u00e9 k\u00fapalisko na pozorovanie hviezdice<\/li>\n<p>n \t<\/p>\n<li>\u0160norchlovanie<\/li>\n<p>n \t<\/p>\n<li>obed<\/li>\n<p>n \t<\/p>\n<li>Transfer katamar\u00e1nom lo\u010fou<\/li>\n<p>n \t<\/p>\n<li>Kapit\u00e1n poskytuje pokyny a dozor<\/li>\n<p>n \t<\/p>\n<li>Turistick\u00fd sprievodca<\/li>\n<p>n<\/ul>\n<p>n&nbsp;<br \/>\nn<\/p>\n<h4><b>Inkl\u00fazie a vyl\u00fa\u010denia<\/b><\/h4>\n<p>n<b>Inkl\u00fazie<\/b><br \/>\nn<\/p>\n<ol>\nn \t<\/p>\n<li>Turistick\u00fd sprievodca<\/li>\n<p>n \t<\/p>\n<li>\u0161norchlovanie<\/li>\n<p>n \t<\/p>\n<li>obed<\/li>\n<p>n \t<\/p>\n<li>Vyzdvihnutie v hoteloch<\/li>\n<p>n \t<\/p>\n<li>Katamar\u00e1n alebo v\u00fdlet lo\u010fou<\/li>\n<p>n \t<\/p>\n<li>V\u0161etky dane, poplatky a manipula\u010dn\u00e9 poplatky<\/li>\n<p>n \t<\/p>\n<li>Miestne dane<\/li>\n<p>n \t<\/p>\n<li>N\u00e1poje<\/li>\n<p>n<\/ol>\n<p>n<b>Vyl\u00fa\u010denia<\/b><br \/>\nn<\/p>\n<ol>\nn \t<\/p>\n<li>Spropitn\u00e9<\/li>\n<p>n \t<\/p>\n<li>Fotografie<\/li>\n<p>n<\/ol>\n<p>n<\/p>\n<h4><em><strong>Odchod a n\u00e1vrat<\/strong><\/em><\/h4>\n<p>Cestuj\u00faci z\u00edska miesto stretnutia po procese rezerv\u00e1cie. Prehliadky za\u010d\u00ednaj\u00fa a kon\u010dia v miestach na\u0161ich stretnut\u00ed.<br \/>\nn<\/p>\n<h3>Ostrov Catalina a \u0161norchlovanie s katamar\u00e1novou p\u00e1rty z Punta Cana \u2013 poldenn\u00fd z\u00e1\u017eitok.<\/h3>\n<p>n<\/p>\n<h4><b><i>\u010co o\u010dak\u00e1va\u0165?<\/i><\/b><\/h4>\n<p>nDuring the Catalina Island Excursion from Punta Cana, guests will have the opportunity to snorkel in the vibrant corals reefs at Catalina, swimming among lively school of fish enjoying the stunning Caribbean underwater fauna.<br \/>\nn<br \/>\nV\u00fdlet so \u0161norchlovan\u00edm za\u010dneme r\u00e1no smerom na La Romana. Po\u010das jazdy prejdeme popri poliach s cukrovou trstinou a v\u00e1\u0161 sprievodca v\u00e1m poskytne zauj\u00edmav\u00e9 inform\u00e1cie o hist\u00f3rii oblasti, v\u0161eobecnej kult\u00fare a technike v\u00fdroby rumu v krajine. Po pr\u00edlete do La Romana nast\u00fapime do n\u00e1\u0161ho katamar\u00e1nu a vyraz\u00edme smerom na Catalina. Na\u0161ou prvou zast\u00e1vkou na ostrove bude \u201eThe Wall\u201c, majest\u00e1tna koralov\u00e1 stena, ktor\u00e1 sa tiahne od ostrova a\u017e po Karibsk\u00e9 more.<br \/>\nn<br \/>\nPo \u0161norchlovan\u00ed budete pokra\u010dova\u0165 v ceste na kr\u00e1snu pl\u00e1\u017e Catalina, exkluz\u00edvne miesto. Po pr\u00edchode bud\u00fa ma\u0165 hostia pr\u00edstup na 2 km pl\u00e1\u017e\u00ed s bielym pieskom a kri\u0161t\u00e1\u013eovo \u010distou vodou, pl\u00e1\u017eov\u00fd bar s n\u00e1pojmi a lahodn\u00fd dominik\u00e1nsky obedov\u00fd bufet s grilom. Nalod\u00edme sa na katamar\u00e1n okolo 15:30, aby sme sa po neuverite\u013enom dni \u0161norchlovania a oddychu na ostrove Catalina vr\u00e1tili do Punta Cana. Island Po\u010das exkurzie na ostrov Catalina z Punta Cana bud\u00fa ma\u0165 hostia mo\u017enos\u0165 \u0161norchlova\u0165 v \u017eiv\u00fdch koralov\u00fdch \u00fatesoch v Cataline, pl\u00e1va\u0165 medzi \u017eiv\u00fdmi k\u0155d\u013eami r\u00fdb, ktor\u00e9 si u\u017e\u00edvaj\u00fa \u00fachvatn\u00fa karibsk\u00fa podmorsk\u00fa faunu.<br \/>\nn<br \/>\nnWe will begin the snorkeling excursion departing in the morning towards La Romana. During the drive we will pass by the sugar cane fields as your guide provides interesting information about the history of the area, general culture and rum making techniques of the country. Upon arrival to La Romana, we will board our Catamaran and depart towards Catalina.<br \/>\nn<br \/>\nNa\u0161ou prvou zast\u00e1vkou na ostrove bude \u201eThe Wall\u201c, majest\u00e1tna koralov\u00e1 stena, ktor\u00e1 sa tiahne od ostrova a\u017e po Karibsk\u00e9 more. Po \u0161norchlovan\u00ed budete pokra\u010dova\u0165 v ceste na kr\u00e1snu pl\u00e1\u017e Catalina, exkluz\u00edvne miesto. Po pr\u00edchode bud\u00fa ma\u0165 hostia pr\u00edstup na 2 km pl\u00e1\u017e\u00ed s bielym pieskom a kri\u0161t\u00e1\u013eovo \u010distou vodou, pl\u00e1\u017eov\u00fd bar s n\u00e1pojmi a lahodn\u00fd dominik\u00e1nsky obedov\u00fd bufet s grilom. Nalod\u00edme sa na katamar\u00e1n okolo 15:30, aby sme sa po neuverite\u013enom dni \u0161norchlovania a oddychu na ostrove Catalina vr\u00e1tili do Punta Cana.<br \/>\nn<\/p>\n<div class=\"a-text--first-content _for-copy-large l-hide-for-large\">\nn<br \/>\nnLet the<strong>\u00a0Karibsk\u00fd raj na ostrove Catalina v\u00e1s uchv\u00e1ti\u00a0<\/strong>a presk\u00fama\u0165 malebn\u00e9\u00a0<strong>Altos de Chav\u00f3n<\/strong>\u00a0na tento neprehliadnute\u013en\u00fd jednod\u0148ov\u00fd v\u00fdlet z La Romana.<br \/>\nn<br \/>\nn<\/div>\n<p>n<\/p>\n<div id=\"o-slider--activity-detail__container\" class=\"o-slider js-module-slider is-photos\"><\/div>\n<p>n<\/p>\n<div id=\"l-768-calendar-anchor\"><\/div>\n<p>n<\/p>\n<div id=\"new-fading-text\" class=\"new-fading-text _loaded u-no-before show-hidden-elements\">\nn<\/p>\n<div class=\"o-activity-description\">\nn<\/p>\n<h2>Ostrov Catalina a\u00a0denn\u00fd v\u00fdlet Altos de Chav\u00f3n<\/h2>\n<p>nHaving been picked up from your hotel first thing in the morning, you&#8217;ll set off on your adventure, making your first stop in\u00a0<strong>Altos de Chav\u00f3n<\/strong>. Na presk\u00famanie budete ma\u0165 40 min\u00fat<strong>\u00a0kr\u00e1sna rekre\u00e1cia dediny v stredomorskom \u0161t\u00fdle<\/strong>\u00a0a obdivova\u0165 v\u00fdh\u013ead na rieku Chav\u00f3n, ktor\u00e1 te\u010die ved\u013ea nej. Skuto\u010dne o\u010daruj\u00face!<br \/>\nn<\/p>\n<p class=\"new-fading-text__hidden-element\">Ke\u010f budete pokra\u010dova\u0165 v prehliadke, dostanete sa do pr\u00edstavu na\u00a0<strong>Rieka Salado\u00a0<\/strong>kde tvoj\u00a0<strong>katamar\u00e1n\u00a0<\/strong>bude na v\u00e1s \u010daka\u0165, k\u00fdm vypl\u00e1vate na Isla Catalina. Po\u010das plavby, ktor\u00e1 bude trva\u0165 asi 40 min\u00fat, si na palube vychutn\u00e1te drink a budete sa kocha\u0165\u00a0<strong>prenikav\u00e1 modr\u00e1 \u0161umiv\u00e9ho Karibsk\u00e9ho mora<\/strong>.<\/p>\n<p>n<\/p>\n<p class=\"new-fading-text__hidden-element\">Ke\u010f sa bl\u00ed\u017eite k cie\u013eu, zamierite priamo ku koralov\u00e9mu \u00fatesu zn\u00e1memu ako La Pared alebo The Wall, kde budete ma\u0165 mo\u017enos\u0165\u00a0<strong>schla\u010fte sa osvie\u017euj\u00facim k\u00fape\u013eom v mori a \u0161norchlujte medzi neuverite\u013en\u00fdm morsk\u00fdm \u017eivotom<\/strong>. Str\u00e1vte 40 min\u00fat prieskumom pod vodou, k\u00fdm sa vr\u00e1tite ku katamar\u00e1nu a zakotv\u00edte v pr\u00edstave na ostrove Catalina.<\/p>\n<p>n<\/p>\n<p class=\"new-fading-text__hidden-element\">S nohami na suchu v\u00e1s zaved\u00fa do malej re\u0161taur\u00e1cie s n\u00e1dhern\u00fdm v\u00fdh\u013eadom na more, kde v\u00e1s pohostia\u00a0<strong>chutn\u00fd obed formou bufetu<\/strong>. S obnovenou energiou potom budete ma\u0165 tri hodiny vo\u013en\u00e9ho \u010dasu, aby ste to vyu\u017eili naplno\u00a0<strong>rajsk\u00e9 pl\u00e1\u017ee s bielym pieskom<\/strong>. \u010ci u\u017e d\u00e1vate prednos\u0165 relaxu a opa\u013eovaniu, alebo vysk\u00fa\u0161ate z\u00e1bavn\u00fa aktivitu, ako je paddle surfing, u\u017eijete si nezabudnute\u013en\u00e9 popoludnie.<\/p>\n<p>n<\/p>\n<p class=\"new-fading-text__hidden-element\">Na konci d\u0148a sa vr\u00e1tite do katamar\u00e1nu, aby ste sa plavili sp\u00e4\u0165 do La Romana, kde v\u00e1s vysadia vo va\u0161om hoteli.<\/p>\n<p>n<br \/>\nn\n<\/div>\n<p>n\n<\/p><\/div>\n<p>n&nbsp;<br \/>\nn<br \/>\nn<strong>Rozvrh hod\u00edn:<\/strong><br \/>\nn<br \/>\nn7:00 AM \u2013 4: 30 PM<br \/>\nn<br \/>\nn&nbsp;<br \/>\nn<br \/>\nn<\/div>\n<p>nTime can change depends on time of departure from Hotels.<br \/>\nn<\/p>\n<div class=\"wpb_wrapper\">\nn<br \/>\nn&nbsp;<br \/>\nn<\/p>\n<h4><em><strong>\u010co by ste si mali prinies\u0165?<\/strong><\/em><\/h4>\n<p>n<\/p>\n<ul>\nn \t<\/p>\n<li>fotoapar\u00e1t<\/li>\n<p>n \t<\/p>\n<li>Repelentn\u00e9 p\u00fa\u010diky<\/li>\n<p>n \t<\/p>\n<li>opa\u013eovac\u00ed kr\u00e9m<\/li>\n<p>n \t<\/p>\n<li>Klob\u00fak<\/li>\n<p>n \t<\/p>\n<li>Pohodln\u00e9 nohavice<\/li>\n<p>n \t<\/p>\n<li>Oble\u010denie na pl\u00e1vanie<\/li>\n<p>n \t<\/p>\n<li>Peniaze za suven\u00edry<\/li>\n<p>n<\/ul>\n<p>n&nbsp;<br \/>\nn<\/p>\n<h4><b><i>Vyzdvihnutie v hoteli<\/i><\/b><\/h4>\n<p>nHotel pick-up is offered for this tour. We Can Set it Via- Whatsapp. From La Romana, Punta Cana, Bavaro and Bayahibe Hotels.<br \/>\nn<br \/>\nn&nbsp;<br \/>\nn<br \/>\nn<b>Pozn\u00e1mka:<\/b> Ak si rezervujete do 24 hod\u00edn od \u010dasu odchodu z\u00e1jazdu\/exkurzie, m\u00f4\u017eeme zabezpe\u010di\u0165 vyzdvihnutie v hoteli. Po dokon\u010den\u00ed n\u00e1kupu v\u00e1m po\u0161leme kompletn\u00e9 kontaktn\u00e9 inform\u00e1cie (telef\u00f3nne \u010d\u00edslo, e-mailov\u00fa adresu at\u010f.) pre n\u00e1\u0161ho miestneho sprievodcu, aby sme mohli zorganizova\u0165 opatrenia na vyzdvihnutie.<br \/>\nn<\/p>\n<h4><b><i>Potvrdenie dodato\u010dn\u00fdch inform\u00e1ci\u00ed<\/i><\/b><\/h4>\n<p>n<\/p>\n<ol>\nn \t<\/p>\n<li>Vstupenky s\u00fa potvrden\u00edm po zaplaten\u00ed tohto z\u00e1jazdu. Platbu m\u00f4\u017eete zobrazi\u0165 na telef\u00f3ne.<\/li>\n<p>n \t<\/p>\n<li>Miesto stretnutia bude prijat\u00e9 po procese rezerv\u00e1cie.<\/li>\n<p>n \t<\/p>\n<li>Deti musia by\u0165 v sprievode dospelej osoby.<\/li>\n<p>n \t<\/p>\n<li>bezbari\u00e9rov\u00fd pr\u00edstup<\/li>\n<p>n \t<\/p>\n<li>Doj\u010dat\u00e1 musia sedie\u0165 na kolen\u00e1ch<\/li>\n<p>n \t<\/p>\n<li>V\u00e4\u010d\u0161ina cestovate\u013eov sa m\u00f4\u017ee z\u00fa\u010dastni\u0165<\/li>\n<p>n<\/ol>\n<p>n<\/p>\n<h4><b><i>Podmienky zru\u0161enia<\/i><\/b><\/h4>\n<p>Ak chcete z\u00edska\u0165 pln\u00fa n\u00e1hradu, pre\u010d\u00edtajte si na\u0161e pravidl\u00e1 pre zru\u0161enie\u00a0<a href=\"https:\/\/www.boattoursamana.com\/sk\/online-rezervacia\/\" target=\"_blank\" rel=\"noopener\" data-saferedirecturl=\"https:\/\/www.google.com\/url?q=https:\/\/www.boattoursamana.com\/online-booking\/&amp;source=gmail&amp;ust=1672532492004000&amp;usg=AOvVaw3ylqI1cdbIPTimEqEWneyd\">Kliknite tu<\/a>. Finan\u010dn\u00e9 prostriedky bud\u00fa straten\u00e9, ak bude rezerv\u00e1cia zru\u0161en\u00e1 v ten ist\u00fd de\u0148 z\u00e1jazdu.<br \/>\nn<br \/>\nn<\/div>\n<p>n\n<\/p><\/div>\n<p>n\n<\/p><\/div>\n<p>n\n<\/p><\/div>\n<p>n\n<\/p><\/div>\n<p>n\n<\/p><\/div>\n<p>n\n<\/p><\/div>\n<p>n\n<\/p><\/div>\n<p>n\n<\/p><\/div>\n<p>n\n<\/p><\/div>\n<p>n\n<\/p><\/div>\n<p>n\n<\/p><\/div>\n<p>n<\/p>\n<div class=\"vc_row wpb_row vc_row-fluid\">\nn<\/p>\n<div class=\"wpb_column vc_column_container vc_col-sm-12\">\nn<\/p>\n<div class=\"vc_column-inner\">\nn<\/p>\n<div class=\"wpb_wrapper\">\nn<\/p>\n<div class=\"vc_empty_space\"><\/div>\n<p>n<\/p>\n<div class=\"wpb_text_column wpb_content_element\">\nn<\/p>\n<div class=\"wpb_wrapper\">\nn<\/p>\n<h4>Kontaktuj n\u00e1s?<\/h4>\n<p>n<\/p>\n<h5><b><i>Rezerva\u010dn\u00e9 dobrodru\u017estv\u00e1<\/i><\/b><\/h5>\n<p>n<em><strong>Miestni obyvatelia<\/strong>\u00a0a\u00a0<strong>\u0160t\u00e1tni pr\u00edslu\u0161n\u00edci<\/strong>\u00a0Sprievodcovia a slu\u017eby pre host\u00ed<\/em><br \/>\nn<br \/>\nn<span class=\"text-turquoise\">Rezerv\u00e1cie:<\/span>\u00a0Prehliadky a exkurzie v Dom. Rep.<br \/>\nn<br \/>\nn<img decoding=\"async\" class=\"emoji\" src=\"https:\/\/s.w.org\/images\/core\/emoji\/11.2.0\/svg\/1f4de.svg\" alt=\" \" title=\"\">\u00a0Tel \/ Whatsapp\u00a0\u00a0<a href=\"tel:+1-809-720-6035\">+1-809-720-6035<\/a>.<br \/>\nn<br \/>\nn<img decoding=\"async\" class=\"emoji\" src=\"https:\/\/s.w.org\/images\/core\/emoji\/11.2.0\/svg\/1f4e9.svg\" alt=\" \" title=\"\">\u00a0<a href=\"mailto:info@bookingadventures.com.do\">info@bookingadventures.com.do<\/a><br \/>\nn<br \/>\nn<strong>Flexibilne nastavujeme s\u00fakromn\u00e9 prehliadky od Whatsapp:\u00a0<a href=\"tel:+18097206035\">+18097206035.<\/a><\/strong><br \/>\nn<br \/>\nn<\/div>\n<p>n\n<\/p><\/div>\n<p>n\n<\/p><\/div>\n<p>n\n<\/p><\/div>\n<p>n\n<\/p><\/div>\n<p>n\n<\/p><\/div>\n<p>n<\/p>\n\n\t\t<\/div>\n\t<\/div>\n<div class=\"vc_btn3-container vc_btn3-inline\" ><button class=\"vc_general vc_btn3 vc_btn3-size-md vc_btn3-shape-rounded vc_btn3-style-modern vc_btn3-color-green\">REZERVOVA\u0164<\/button><\/div><\/div><\/div><\/div><\/div><div class=\"vc_row wpb_row vc_row-fluid\" ><div class=\"wpb_column vc_column_container vc_col-sm-12\"><div class=\"vc_column-inner\"><div class=\"wpb_wrapper\"><\/div><\/div><\/div><\/div>","protected":false},"excerpt":{"rendered":"<p>Tiny Catalina Island (Isla Catalina), just 1.5 miles (2.4 kilometers) off the Dominican Republic\u2019s mainland, is an idyllic sandy speck in the turquoise Caribbean waters. Known for its well-populated coral reefs, Catalina is a peaceful respite for those looking to escape bustling Punta Cana and La Romana. n nBook a day trip with us. Catalina Island in a Party Catamaran with Snorkeling! n n&nbsp; n nPlease Select the date for The Excursion: &nbsp;<\/p>","protected":false},"author":2,"featured_media":0,"parent":0,"menu_order":0,"comment_status":"open","ping_status":"closed","template":"","meta":{"footnotes":""},"class_list":["post-15772","page","type-page","status-publish","hentry"],"_links":{"self":[{"href":"https:\/\/www.boattoursamana.com\/sk\/wp-json\/wp\/v2\/pages\/15772","targetHints":{"allow":["GET"]}}],"collection":[{"href":"https:\/\/www.boattoursamana.com\/sk\/wp-json\/wp\/v2\/pages"}],"about":[{"href":"https:\/\/www.boattoursamana.com\/sk\/wp-json\/wp\/v2\/types\/page"}],"author":[{"embeddable":true,"href":"https:\/\/www.boattoursamana.com\/sk\/wp-json\/wp\/v2\/users\/2"}],"replies":[{"embeddable":true,"href":"https:\/\/www.boattoursamana.com\/sk\/wp-json\/wp\/v2\/comments?post=15772"}],"version-history":[{"count":0,"href":"https:\/\/www.boattoursamana.com\/sk\/wp-json\/wp\/v2\/pages\/15772\/revisions"}],"wp:attachment":[{"href":"https:\/\/www.boattoursamana.com\/sk\/wp-json\/wp\/v2\/media?parent=15772"}],"curies":[{"name":"wp","href":"https:\/\/api.w.org\/{rel}","templated":true}]}}