{"id":15778,"date":"2023-07-15T07:43:40","date_gmt":"2023-07-15T07:43:40","guid":{"rendered":"https:\/\/www.ticketswhales.com\/punta-cana-samana-whale-watching-cayo-levantado-bacardi-island-limon-waterfalls\/"},"modified":"2023-07-15T07:43:40","modified_gmt":"2023-07-15T07:43:40","slug":"punta-cana-samana-whale-watching-cayo-levantado-bacardi-island-limon-waterfalls","status":"publish","type":"page","link":"https:\/\/www.boattoursamana.com\/sk\/punta-cana-samana-pozorovanie-velryb-cayo-levantado-bacardi-ostrov-limon-vodopady","title":{"rendered":"Punta Cana: Pozorovanie ve\u013er\u00fdb Saman\u00e1 + Cayo Levantado (ostrov Bacardi) + vodop\u00e1dy Lim\u00f3n"},"content":{"rendered":"<p>Z hotelov v Punta Cana si vychutn\u00e1me kr\u00e1snu krajinu Orient\u00e1lneho pohoria, ke\u010f p\u00f4jdeme na sever od Punta Cana, k\u00fdm pr\u00eddeme do malej ryb\u00e1rskej dedinky Miches na ju\u017enom pobre\u017e\u00ed z\u00e1livu Samana. Tam si vychutn\u00e1te r\u00fdchle ra\u0148ajky pred n\u00e1stupom na lo\u010f do Samany. Plav\u00edme sa hlboko do z\u00e1livu, aby sme pozorovali ve\u013eryby. Najprv sa dostaneme na Cayo Levantado, tie\u017e zn\u00e1my ako ostrov Bacardi, preto\u017ee je ve\u013emi podobn\u00fd pl\u00e1\u017eam, ktor\u00e9 Bacardi Rum kedysi pou\u017e\u00edval pre svoje sl\u00e1vne reklamy. Cayo Levantado nie je ni\u010d in\u00e9 ako tropick\u00e1 o\u00e1za \u2013 mal\u00fd ostrov uprostred oce\u00e1nu s tyrkysovou vodou a bielym pieskom. Po tomto Safari v komunite Samana k vodop\u00e1dom. Vo vodop\u00e1doch sa el Limon pripravuje na jazdu na koni alebo pe\u0161iu turistiku. Toto je jedine\u010dn\u00e9 \u00fapln\u00e9 dobrodru\u017estvo.<br \/>\nn<br \/>\nn<span style=\"vertical-align: inherit;\"><span style=\"vertical-align: inherit;\">Este tour ha incluido la parada en la <\/span><\/span><strong><span style=\"vertical-align: inherit;\"><span style=\"vertical-align: inherit;\">Cascada de Lim\u00f3n<\/span><\/span><\/strong><span style=\"vertical-align: inherit;\"><span style=\"vertical-align: inherit;\"> . <\/span><span style=\"vertical-align: inherit;\">Para reservar el mismo viaje y no ir a las cascadas por favor <\/span><\/span><a href=\"https:\/\/www.boattoursamana.com\/sk\/Tours-Excursions\/tours-excursions-samana-bay-dominican-republic\/whale-watching-2020-in-punta-cana-to-samana-bay-cayo-levantado-bacardi-island-from-hotels\/\"><span style=\"vertical-align: inherit;\"><span style=\"vertical-align: inherit;\">HAGA CLIC AQU\u00cd.<\/span><\/span><\/a><br \/>\nn<br \/>\nn&nbsp;<br \/>\nn<br \/>\nn<em><strong><span style=\"vertical-align: inherit;\"><span style=\"vertical-align: inherit;\">V\u00fdber v\u00fdletu:<\/span><\/span><\/strong><\/em><\/p>\n<p>&nbsp;<\/p>\n<div class=\"wpb_column vc_column_container vc_col-sm-12\"><div class=\"vc_column-inner\"><div class=\"wpb_wrapper\"><div class=\"vc_btn3-container vc_btn3-inline\" ><button class=\"vc_general vc_btn3 vc_btn3-size-md vc_btn3-shape-rounded vc_btn3-style-modern vc_btn3-color-green\">REZERVOVA\u0164<\/button><\/div>\n\t<div class=\"wpb_text_column wpb_content_element\" >\n\t\t<div class=\"wpb_wrapper\">\n\t\t\t<p>\nn<\/p>\n<div class=\"vc_row wpb_row vc_row-fluid\">\nn<\/p>\n<div class=\"wpb_column vc_column_container vc_col-sm-12\">\nn<\/p>\n<div class=\"vc_column-inner\">\nn<\/p>\n<div class=\"wpb_wrapper\">\nn<\/p>\n<div class=\"mkdf-section-title-holder\">\nn<\/p>\n<div class=\"mkdf-st-inner\">\nn<\/p>\n<h5 class=\"mkdf-st-subtitle\">Cayo Levantado (ostrov Bacardi) + vodop\u00e1dy Limon z hotelov Punta Cana.<\/h5>\n<p>n<\/p>\n<h3 class=\"mkdf-st-title\">Pozorovanie ve\u013er\u00fdb 2023 v Punta Cana do Samana Bay<\/h3>\n<p>n\n<\/p><\/div>\n<p>n\n<\/p><\/div>\n<p>n\n<\/p><\/div>\n<p>n\n<\/p><\/div>\n<p>n\n<\/p><\/div>\n<p>n\n<\/p><\/div>\n<p>n<\/p>\n<div class=\"vc_row wpb_row vc_row-fluid\"><\/div>\n<p>n<\/p>\n<div class=\"wpb_column vc_column_container vc_col-sm-12\">\nn<\/p>\n<div class=\"vc_column-inner\">\nn<\/p>\n<div class=\"wpb_wrapper\"><\/div>\n<p>n\n<\/p><\/div>\n<p>n\n<\/p><\/div>\n<p>n<\/p>\n<div class=\"wpb_text_column wpb_content_element\">\nn<\/p>\n<div class=\"wpb_wrapper\"><\/div>\n<p>n\n<\/p><\/div>\n<p>n<\/p>\n<div class=\"vc_row wpb_row vc_row-fluid\">\nn<\/p>\n<div class=\"wpb_column vc_column_container vc_col-sm-12\">\nn<\/p>\n<div class=\"vc_column-inner\">\nn<\/p>\n<div class=\"wpb_wrapper\">\nn<\/p>\n<div class=\"wpb_text_column wpb_content_element\">\nn<\/p>\n<div class=\"wpb_wrapper\">\nn<\/p>\n<div class=\"vc_row wpb_row vc_row-fluid\">\nn<\/p>\n<div class=\"wpb_column vc_column_container vc_col-sm-12\">\nn<\/p>\n<div class=\"vc_column-inner\">\nn<\/p>\n<div class=\"wpb_wrapper\">\nn<\/p>\n<div class=\"wpb_text_column wpb_content_element\">\nn<\/p>\n<div class=\"wpb_wrapper\">\nn<\/p>\n<h4><b><i>Preh\u013ead <\/i><\/b><\/h4>\n<p>Ve\u013eryba Punta Cana, pozorovanie ve\u013er\u00fdb v z\u00e1live Saman\u00e1 a n\u00e1v\u0161teva Cayo Levantado plus Safari k vodop\u00e1dom El limon po\u010das tohto celodenn\u00e9ho v\u00fdletu z hotelov Punta Cana. Cestujte do z\u00e1livu Saman\u00e1 na palube pohodln\u00e9ho, klimatizovan\u00e9ho autobusu a potom presadnite na katamar\u00e1n na lodi Miches. Vydajte sa do otvoren\u00fdch v\u00f4d a h\u013eadajte struky keporkakov, ktor\u00e9 nav\u0161tevuj\u00fa oblas\u0165, aby sa rozmno\u017eili a mali svoje teliatka. Zistite o spr\u00e1van\u00ed a biol\u00f3gii t\u00fdchto morsk\u00fdch cicavcov od svojho odborn\u00e9ho pr\u00edrodovedeck\u00e9ho sprievodcu. Po tomto v\u00fdlete na safari k vodop\u00e1dom El Lim\u00f3n s jazdou na ko\u0148och v kokosovom lese pokra\u010dujte na Cayo Levantado \/ ostrov Bacardi, na obed na pl\u00e1\u017ei a ponorte sa do az\u00farov\u00fdch v\u00f4d a potom sa vr\u00e1tite do Punta Cana.<br \/>\nn<br \/>\nn&nbsp;<br \/>\nn<br \/>\nn<strong>Pozn\u00e1mka:<\/strong>\u00a0T\u00e1to prehliadka nie je s\u00fakromn\u00e1. T\u00e1to prehliadka zah\u0155\u0148ala zast\u00e1vku o\u00a0<strong>Vodop\u00e1d Limon<\/strong>. Ak chcete rezervova\u0165 rovnak\u00fd v\u00fdlet a nechodi\u0165 k vodop\u00e1dom, pros\u00edm\u00a0<a href=\"https:\/\/www.boattoursamana.com\/sk\/Tours-Excursions\/tours-excursions-samana-bay-dominican-republic\/whale-watching-2020-in-punta-cana-to-samana-bay-cayo-levantado-bacardi-island-from-hotels\/\" data-mil=\"9912\">KLIKNITE TU.<\/a><br \/>\nn<\/p>\n<ul>\nn \t<\/p>\n<li>V\u00fdlet za pozorovan\u00edm ve\u013er\u00fdb<\/li>\n<p>n \t<\/p>\n<li>Ostrov Bacardi \/ Cayo Levantado<\/li>\n<p>n \t<\/p>\n<li>Vstupn\u00e9 do observat\u00f3ria<\/li>\n<p>n \t<\/p>\n<li>Samana Safari<\/li>\n<p>n \t<\/p>\n<li>Vodop\u00e1dy El Limon Jazda na koni<\/li>\n<p>n \t<\/p>\n<li>Zah\u0155\u0148a obed formou bufetu na pl\u00e1\u017ei<\/li>\n<p>n \t<\/p>\n<li>Presun lo\u010fou<\/li>\n<p>n \t<\/p>\n<li>Kapit\u00e1n poskytuje pokyny a dozor<\/li>\n<p>n \t<\/p>\n<li>Turistick\u00fd sprievodca<\/li>\n<p>n<\/ul>\n<p>n&nbsp;<br \/>\nn<\/p>\n<h4><b>Inkl\u00fazie a vyl\u00fa\u010denia<\/b><\/h4>\n<p>n&nbsp;<br \/>\nn<br \/>\nn<b>Inkl\u00fazie<\/b><br \/>\nn<br \/>\nn&nbsp;<br \/>\nn<\/p>\n<ol>\nn \t<\/p>\n<li>Obed formou bufetu na pl\u00e1\u017ei<\/li>\n<p>n \t<\/p>\n<li>Transfer z hotelov<\/li>\n<p>n \t<\/p>\n<li>Turistick\u00fd sprievodca<\/li>\n<p>n \t<\/p>\n<li>Katamar\u00e1n alebo v\u00fdlet lo\u010fou<\/li>\n<p>n \t<\/p>\n<li>V\u0161etky dane, poplatky a manipula\u010dn\u00e9 poplatky<\/li>\n<p>n \t<\/p>\n<li>Miestne dane<\/li>\n<p>n \t<\/p>\n<li>N\u00e1poje<\/li>\n<p>n<\/ol>\n<p>n<b>Vyl\u00fa\u010denia<\/b><br \/>\nn<\/p>\n<ol>\nn \t<\/p>\n<li>Spropitn\u00e9<\/li>\n<p>n<\/ol>\n<p>n&nbsp;<br \/>\nn<\/p>\n<h4><em><strong>Odchod a n\u00e1vrat<\/strong><\/em><\/h4>\n<p>nPre tento z\u00e1jazd je pon\u00fakan\u00fd vyzdvihnutie v hoteli. Do pozn\u00e1mok sta\u010d\u00ed nap\u00edsa\u0165 n\u00e1zov hotela, ktor\u00fd v\u00e1s vyzdvihne. Vyzdvihujeme vo v\u0161etk\u00fdch hoteloch Punta Cana.<br \/>\nn<br \/>\nn&nbsp;<br \/>\nn<\/p>\n<h3>Pozorovanie ve\u013er\u00fdb Samana + Cayo Levantado (ostrov Bacardi) + vodop\u00e1dy Limon z hotelov Punta Cana.<\/h3>\n<p>n<\/p>\n<h4><b><i>\u010co o\u010dak\u00e1va\u0165?<\/i><\/b><\/h4>\n<p>Zozn\u00e1mte sa s jemn\u00fdmi morsk\u00fdmi obrami Dominik\u00e1nskej republiky po\u010das tejto 12-hodinovej exkurzie s pozorovan\u00edm ve\u013er\u00fdb v z\u00e1live Saman\u00e1. Str\u00e1vte nezabudnute\u013en\u00fd de\u0148 pozorovan\u00edm tis\u00edcok ve\u013er\u00fdb, ktor\u00e9 sa ka\u017edoro\u010dne hrn\u00fa na ostrov, aby sa p\u00e1rili, k\u0155mili a hrali sa v jeho tepl\u00fdch tropick\u00fdch vod\u00e1ch. Pri pozorovan\u00ed t\u00fdchto kr\u00e1snych tvorov si u\u017eijete jedine\u010dn\u00e9 poznatky od v\u00e1\u0161ho odborn\u00e9ho sprievodcu pozorovan\u00edm ve\u013er\u00fdb. Zakon\u010dite de\u0148 zahrnut\u00fdm obedom a pl\u00e1\u017eov\u00fdm \u010dasom na kr\u00e1snom ostrove Cayo Levantado. V cene je aj spiato\u010dn\u00e1 hotelov\u00e1 doprava.<br \/>\nn<br \/>\nOd 9:00 do 12:00 hvezd\u00e1re\u0148 na pozorovanie ve\u013er\u00fdb a po tomto v\u00fdlete za ve\u013erybami nav\u0161t\u00edvime ostrov Bacardi \/ Cayo Levantado. Na ostrove Bacardi bude zabezpe\u010den\u00fd obed formou bufetu v typickom dominik\u00e1nskom \u0161t\u00fdle (ry\u017ea, fazu\u013ea, ryby, \u0161al\u00e1ty...). Po obede m\u00f4\u017eete pl\u00e1va\u0165 do 16:30. Prehliadka bude ukon\u010den\u00e1 o 17:00 v tom istom pr\u00edstave, odkia\u013e sa za\u010dne na na\u0161om katamar\u00e1ne a ich autobusom sp\u00e4\u0165 do hotelov Punta Cana.<br \/>\nn<br \/>\nn<strong>Rozvrh hod\u00edn:<\/strong><br \/>\nn<br \/>\nn6:00 \u2013 7:00 Vyzdvihnutie z\u00e1kazn\u00edkov z r\u00f4znych hotelov<br \/>\nn07:00 Odchod do Las Canitas v Sabana de la mar<br \/>\n08:15 Pr\u00edchod do s\u00fakromn\u00e9ho pr\u00edstaviska<br \/>\n08:15 \u2013 8:40 Ra\u0148ajky (sendvi\u010de, muffiny, \u010daj, k\u00e1va, d\u017e\u00fasy)<br \/>\n8:45 Nalodenie a za\u010datie na\u0161ej cesty do \u00fato\u010diska ve\u013er\u00fdb keporkakov v Samane<br \/>\n11:00 H\u013eadajte ve\u013eryby po dobu 45 min\u00fat \u2013 toto je na\u010dasovanie pod\u013ea vl\u00e1dnych pravidiel.<br \/>\nn11:45 Zamierte na Cayo Levantado v z\u00e1live Samana<br \/>\nn12:30 Pr\u00edlet do Cayo Levantado<br \/>\n13:00 Obed (obed formou bufetu, typick\u00fd dominik\u00e1nsky)*<br \/>\nn13:45 \u2013 15:30 Vo\u013en\u00fd \u010das na Cayo Levantado<br \/>\n15:00 \u2013 15:45 Na palube op\u00e4\u0165 smer sp\u00e4\u0165 do Miches<br \/>\nn17:00 Pr\u00edlet do Miches a odchod do hotelov v Punta Cana<br \/>\nn19:30 \u2013 20:00 Pr\u00edchod do hotelov v Punta Cana<br \/>\nn<br \/>\nn<strong>*obedov\u00e9 menu (typick\u00e9 dominik\u00e1nske)<br \/>\nn<\/strong>Ry\u017ea, grilovan\u00e9 kura alebo grilovan\u00e1 ryba, \u0161al\u00e1t, zelenina, \u010derstv\u00e9 ovocie.<br \/>\nn<br \/>\nn<strong>*Z\u00e1kazn\u00edci, ktor\u00ed sa rozhodn\u00fa prida\u0165 zast\u00e1vku pri vodop\u00e1de El Limon po pozorovan\u00ed ve\u013er\u00fdb, prejd\u00fa na reklamu vodop\u00e1du, bud\u00fa ma\u0165 menej \u010dasu na str\u00e1venie v Cayo Levantado.<\/strong><br \/>\nn<br \/>\nnT\u00e1to prehliadka zah\u0155\u0148ala zast\u00e1vku o\u00a0<strong>Vodop\u00e1d Limon<\/strong>. Ak chcete rezervova\u0165 rovnak\u00fd v\u00fdlet a nechodi\u0165 k vodop\u00e1dom, pros\u00edm\u00a0<a href=\"https:\/\/www.boattoursamana.com\/sk\/Tours-Excursions\/tours-excursions-samana-bay-dominican-republic\/whale-watching-2020-in-punta-cana-to-samana-bay-cayo-levantado-bacardi-island-from-hotels\/\" data-mil=\"9912\">KLIKNITE TU.<\/a><br \/>\nn<br \/>\nn&nbsp;<br \/>\nn<\/p>\n<h4><em><strong>\u010co by ste si mali prinies\u0165?<\/strong><\/em><\/h4>\n<p>n<\/p>\n<ul>\nn \t<\/p>\n<li>fotoapar\u00e1t<\/li>\n<p>n \t<\/p>\n<li>Repelentn\u00e9 p\u00fa\u010diky<\/li>\n<p>n \t<\/p>\n<li>opa\u013eovac\u00ed kr\u00e9m<\/li>\n<p>n \t<\/p>\n<li>Klob\u00fak<\/li>\n<p>n \t<\/p>\n<li>Pohodln\u00e9 nohavice<\/li>\n<p>n \t<\/p>\n<li>Sand\u00e1le na pl\u00e1\u017e<\/li>\n<p>n \t<\/p>\n<li>Oble\u010denie na pl\u00e1vanie<\/li>\n<p>n \t<\/p>\n<li>Peniaze za suven\u00edry a tipy<\/li>\n<p>n<\/ul>\n<p>n&nbsp;<br \/>\nn<\/p>\n<h4><b><i>Vyzdvihnutie v hoteli<\/i><\/b><\/h4>\n<p>nPre tento z\u00e1jazd je pon\u00fakan\u00fd vyzdvihnutie v hoteli. Do pozn\u00e1mok sta\u010d\u00ed nap\u00edsa\u0165 n\u00e1zov hotela, ktor\u00fd v\u00e1s vyzdvihne. Vyzdvihujeme vo v\u0161etk\u00fdch hoteloch Punta Cana.<br \/>\nn<br \/>\nn&nbsp;<br \/>\nn<br \/>\nn<b>Pozn\u00e1mka:<\/b>\u00a0ak si rezervujete do 24 hod\u00edn od \u010dasu odchodu z\u00e1jazdu\/exkurzie, m\u00f4\u017eeme zariadi\u0165 vyzdvihnutie v hoteli s dodato\u010dn\u00fdmi poplatkami. Po dokon\u010den\u00ed n\u00e1kupu v\u00e1m po\u0161leme kompletn\u00e9 kontaktn\u00e9 inform\u00e1cie (telef\u00f3nne \u010d\u00edslo, e-mailov\u00fa adresu at\u010f.) pre n\u00e1\u0161ho miestneho sprievodcu, aby sme mohli zorganizova\u0165 opatrenia na vyzdvihnutie.<br \/>\nn<\/p>\n<h4><b><i>Potvrdenie dodato\u010dn\u00fdch inform\u00e1ci\u00ed<\/i><\/b><\/h4>\n<p>n<\/p>\n<ol>\nn \t<\/p>\n<li>Vstupenky s\u00fa potvrden\u00edm po zaplaten\u00ed tohto z\u00e1jazdu. Platbu m\u00f4\u017eete zobrazi\u0165 na telef\u00f3ne.<\/li>\n<p>n \t<\/p>\n<li>Miesto stretnutia bude prijat\u00e9 po procese rezerv\u00e1cie.<\/li>\n<p>n \t<\/p>\n<li>Deti musia by\u0165 v sprievode dospelej osoby.<\/li>\n<p>n \t<\/p>\n<li>bezbari\u00e9rov\u00fd pr\u00edstup<\/li>\n<p>n \t<\/p>\n<li>Doj\u010dat\u00e1 musia sedie\u0165 na kolen\u00e1ch<\/li>\n<p>n \t<\/p>\n<li>V\u00e4\u010d\u0161ina cestovate\u013eov sa m\u00f4\u017ee z\u00fa\u010dastni\u0165<\/li>\n<p>n<\/ol>\n<p>n<\/p>\n<h4><b><i>Podmienky zru\u0161enia<\/i><\/b><\/h4>\n<p>nAk chcete z\u00edska\u0165 pln\u00fa n\u00e1hradu, zru\u0161te aspo\u0148 7 dn\u00ed pred d\u00e1tumom za\u010diatku z\u00e1\u017eitku.<a href=\"https:\/\/www.boattoursamana.com\/sk\/online-rezervacia\/\"> Kliknite tu<\/a> vidie\u0165 z\u00e1sady.<br \/>\nn<br \/>\nn<\/div>\n<p>n\n<\/p><\/div>\n<p>n\n<\/p><\/div>\n<p>n\n<\/p><\/div>\n<p>n\n<\/p><\/div>\n<p>n\n<\/p><\/div>\n<p>n\n<\/p><\/div>\n<p>n\n<\/p><\/div>\n<p>n\n<\/p><\/div>\n<p>n\n<\/p><\/div>\n<p>n\n<\/p><\/div>\n<p>n\n<\/p><\/div>\n<p>n<\/p>\n<div class=\"vc_row wpb_row vc_row-fluid\">\nn<\/p>\n<div class=\"wpb_column vc_column_container vc_col-sm-12\">\nn<\/p>\n<div class=\"vc_column-inner\">\nn<\/p>\n<div class=\"wpb_wrapper\">\nn<\/p>\n<div class=\"vc_empty_space\"><\/div>\n<p>n<\/p>\n<div class=\"wpb_text_column wpb_content_element\">\nn<\/p>\n<div class=\"wpb_wrapper\">\nn<\/p>\n<h4>Kontaktuj n\u00e1s?<\/h4>\n<p>n<\/p>\n<h5><b><i>PREHLIADKA VE\u013dRYB SAMANA<\/i><\/b><\/h5>\n<p>n<em><strong>Miestni obyvatelia<\/strong>\u00a0a\u00a0<strong>\u0160t\u00e1tni pr\u00edslu\u0161n\u00edci<\/strong>\u00a0Sprievodcovia a slu\u017eby pre host\u00ed<\/em><br \/>\nn<br \/>\nn<span class=\"text-turquoise\">Rezerv\u00e1cie:<\/span>\u00a0\u00a0Tours y Excursiones en Dom. Res.<br \/>\nn<br \/>\nn Tel \/ Whatsapp\u00a0\u00a0\u00a0<a href=\"tel:+1-809-720-6035\">+ 1-809-720-6035<\/a>\u00a0.<br \/>\nn<br \/>\nn \u00a0<a href=\"mailto:info@bookingadventures.com.do\">info@bookingadventures.com.do<\/a><br \/>\nn<br \/>\nn<strong>Somos tours s\u00fakromn\u00e9 flexibiln\u00e9 konfigur\u00e1cie cez Whatsapp:\u00a0\u00a0<a href=\"tel:+18097206035\">+18097206035.<\/a><\/strong><br \/>\nn<br \/>\nn<\/div>\n<p>n\n<\/p><\/div>\n<p>n\n<\/p><\/div>\n<p>n\n<\/p><\/div>\n<p>n\n<\/p><\/div>\n<p>n\n<\/p><\/div>\n<p>n<\/p>\n\n\t\t<\/div>\n\t<\/div>\n<\/div><\/div><\/div><div class=\"vc_row wpb_row vc_row-fluid\" ><div class=\"wpb_column vc_column_container vc_col-sm-12\"><div class=\"vc_column-inner\"><div class=\"wpb_wrapper\"><div class=\"vc_btn3-container vc_btn3-inline\" ><button class=\"vc_general vc_btn3 vc_btn3-size-md vc_btn3-shape-rounded vc_btn3-style-modern vc_btn3-color-green\">REZERVOVA\u0164<\/button><\/div><\/div><\/div><\/div><\/div>","protected":false},"excerpt":{"rendered":"<p>From the Punta Cana hotels, we&#8217;ll enjoy the beautiful landscapes of the Oriental Mountain Range as we drive north of Punta Cana before arriving in the small fishing village of Miches at the southern shores of Samana Bay. There you will enjoy a quick breakfast prior to boarding the boat to Samana. We&#8217;ll cruise deep into the bay to whale watch. We will first reach Cayo Levantado, also known as Bacardi Island because of its close resemblance to the beaches [&hellip;]<\/p>\n","protected":false},"author":2,"featured_media":0,"parent":0,"menu_order":0,"comment_status":"open","ping_status":"closed","template":"","meta":{"footnotes":""},"class_list":["post-15778","page","type-page","status-publish","hentry"],"_links":{"self":[{"href":"https:\/\/www.boattoursamana.com\/sk\/wp-json\/wp\/v2\/pages\/15778","targetHints":{"allow":["GET"]}}],"collection":[{"href":"https:\/\/www.boattoursamana.com\/sk\/wp-json\/wp\/v2\/pages"}],"about":[{"href":"https:\/\/www.boattoursamana.com\/sk\/wp-json\/wp\/v2\/types\/page"}],"author":[{"embeddable":true,"href":"https:\/\/www.boattoursamana.com\/sk\/wp-json\/wp\/v2\/users\/2"}],"replies":[{"embeddable":true,"href":"https:\/\/www.boattoursamana.com\/sk\/wp-json\/wp\/v2\/comments?post=15778"}],"version-history":[{"count":0,"href":"https:\/\/www.boattoursamana.com\/sk\/wp-json\/wp\/v2\/pages\/15778\/revisions"}],"wp:attachment":[{"href":"https:\/\/www.boattoursamana.com\/sk\/wp-json\/wp\/v2\/media?parent=15778"}],"curies":[{"name":"wp","href":"https:\/\/api.w.org\/{rel}","templated":true}]}}