{"id":15782,"date":"2023-07-15T07:43:40","date_gmt":"2023-07-15T07:43:40","guid":{"rendered":"https:\/\/www.ticketswhales.com\/27-waterfalls-of-damajagua-tour-from-cabarete-sosua-and-puerto-plata-hotels-pick-up\/"},"modified":"2023-07-15T07:43:40","modified_gmt":"2023-07-15T07:43:40","slug":"27-waterfalls-of-damajagua-tour-from-cabarete-sosua-and-puerto-plata-hotels-pick-up","status":"publish","type":"page","link":"https:\/\/www.boattoursamana.com\/sk\/prehliadka-27-vodopadov-damajaguy-z-hotelov-cabarete-sosua-a-puerto-plata","title":{"rendered":"27 vodop\u00e1dov Damajagua Prehliadka z Cabarete, Sosua a Puerto Plata. Hotely Pick-up."},"content":{"rendered":"<p>From Hotels in Cabarete, Sosua or Puerto Plata. This excursion from 27 waterfalls of Damajagua in Puerto Plata,\u00a0 Lunch and Excursion by the 27 waterfalls, hiking and jumping into the river.<br \/>\nn<br \/>\nnEcological Trip to the 27 waterfalls of Puerto Plata. Get your Tickets for a half day excursion here in the 27 Waterfall from Damajagua. Entrance tickets with Lunch and Excursion Include to Jump and swimming in the most beautiful waterfalls of the Dominican Republic. Hiking and Swimming with safety equipment to have the best experience ever!!<br \/>\nn<br \/>\nn<em><strong>Vyberte d\u00e1tum prehliadky:\u00a0<\/strong><\/em><\/p>\n<p>&nbsp;<\/p>\n<div class=\"vc_row wpb_row vc_row-fluid\" ><div class=\"wpb_column vc_column_container vc_col-sm-12\"><div class=\"vc_column-inner\"><div class=\"wpb_wrapper\"><div class=\"mkdf-section-title-holder\" style=\"text-align: left\">\n\t<div class=\"mkdf-st-inner\">\n\t\t\t\t\t<h5 class=\"mkdf-st-subtitle\" >\n\t\t\t\tDoprava a obed v cene\t\t\t<\/h5>\n\t\t\t\t\t\t\t<h3 class=\"mkdf-st-title\" >\n\t\t\t\t27 vodop\u00e1dov Damajagua Prehliadka z Cabarete, Sosua a Puerto Plata.\t\t\t<\/h3>\n\t\t\t\t\t<\/div>\n<\/div><\/div><\/div><\/div><\/div><div class=\"vc_row wpb_row vc_row-fluid\" ><div class=\"wpb_column vc_column_container vc_col-sm-12\"><div class=\"vc_column-inner\"><div class=\"wpb_wrapper\"><div class=\"vc_btn3-container vc_btn3-inline\" ><a class=\"vc_general vc_btn3 vc_btn3-size-md vc_btn3-shape-rounded vc_btn3-style-modern vc_btn3-color-green\" href=\"https:\/\/bookingadventures.tours\/booking.php?tour_id=36f9705bcc61386d84e226d0c35f8a49\" title=\"\" rel=\"noopener\">REZERVOVA\u0164<\/a><\/div>\n\t<div class=\"wpb_text_column wpb_content_element\" >\n\t\t<div class=\"wpb_wrapper\">\n\t\t\t<p>\nn<\/p>\n<h3 class=\"ui_header h1 attractions-product-info-ProductTitle__title--1qM0o\"><\/h3>\n<p>n<\/p>\n<h4><b><i>Preh\u013ead <\/i><\/b><\/h4>\n<p>nGet your Tickets for a half day excursion here in the 27 Waterfall from Damajagua. Entrance tickets with Lunch and Excursion Include to Jump and swimming in the most beautiful waterfalls of the Dominican Republic. Hiking and Swimming with safety equipment to have the best experience ever!!<br \/>\nn<br \/>\nnAfter this experience, you will get Back to Location where you meet with the Tour Guide.<br \/>\nn<\/p>\n<ul>\nn \t<\/p>\n<li style=\"font-weight: 400;\">Vr\u00e1tane poplatkov<\/li>\n<p>n \t<\/p>\n<li>obed<\/li>\n<p>n \t<\/p>\n<li>Ob\u010derstvenie<\/li>\n<p>n \t<\/p>\n<li style=\"font-weight: 400;\">Miestny turistick\u00fd sprievodca v angli\u010dtine<\/li>\n<p>n<\/ul>\n<p>n&nbsp;<br \/>\nn<\/p>\n<h4><b>Inkl\u00fazie a vyl\u00fa\u010denia<\/b><\/h4>\n<p>n&nbsp;<br \/>\nn<br \/>\nn<b>Inkl\u00fazie<\/b><br \/>\nn<\/p>\n<ol>\nn \t<\/p>\n<li>\u00a0 27 vodop\u00e1dov Damajaguy (v s\u00fa\u010dasnosti existuje iba 12 a 7 kask\u00e1dov\u00fdch v\u00fdletov)<\/li>\n<p>n \t<\/p>\n<li>\u00a0 Bufet vr\u00e1tane n\u00e1pojov a tropick\u00fdch n\u00e1pojov<\/li>\n<p>n \t<\/p>\n<li>\u00a0 V\u0161etky dane, poplatky a manipula\u010dn\u00e9 poplatky<\/li>\n<p>n \t<\/p>\n<li>\u00a0 Miestne dane<\/li>\n<p>n \t<\/p>\n<li>\u00a0 V\u0161etky aktivity<\/li>\n<p>n \t<\/p>\n<li>\u00a0 Miestny sprievodca<\/li>\n<p>n \t<\/p>\n<li>\u00a0 N\u00e1v\u0161teva tov\u00e1rne na cigary<\/li>\n<p>n<\/ol>\n<p>n<b> Vyl\u00fa\u010denia<\/b><br \/>\nn<\/p>\n<ol>\nn \t<\/p>\n<li style=\"font-weight: 400;\"><span style=\"font-weight: 400;\">Spropitn\u00e9<\/span><\/li>\n<p>n<\/ol>\n<p>n<\/p>\n<h4><em><strong>Odchod a n\u00e1vrat<\/strong><\/em><\/h4>\n<p>n<span style=\"font-weight: 400;\">M\u00e1me rozvrh navrhnut\u00fd tak, aby sme v\u00e1s vyzdvihli a odviezli na z\u00e1klade oblasti, v ktorej sa nach\u00e1dzate. Podrobn\u00e9 inform\u00e1cie n\u00e1jdete ni\u017e\u0161ie v \u010dasti vyzdvihnutia v hoteli. <\/span><br \/>\nn<br \/>\nnThis is the program we have set based on your locations. Please let us know your specific hotel and we will contact you to tell you where we will meet you.<br \/>\nn<br \/>\nn&nbsp;<br \/>\nn<\/p>\n<table style=\"height: 246px;\" width=\"237\">\nn<\/p>\n<tbody>\nn<\/p>\n<tr>\nn<\/p>\n<td><b>Miesto<\/b><\/td>\n<p>n<\/p>\n<td><b>\u010das<\/b><\/td>\n<p>n<\/tr>\n<p>n<\/p>\n<tr>\nn<\/p>\n<td><b>Cabarete<\/b><\/td>\n<p>n<\/p>\n<td><b>7:45 r\u00e1no<\/b><\/td>\n<p>n<\/tr>\n<p>n<\/p>\n<tr>\nn<\/p>\n<td><b>Sosua<\/b><\/td>\n<p>n<\/p>\n<td><b>8:10 r\u00e1no<\/b><\/td>\n<p>n<\/tr>\n<p>n<\/p>\n<tr>\nn<\/p>\n<td><b>Pl\u00e1\u017e Dorada<\/b><\/td>\n<p>n<\/p>\n<td><b>8:50 r\u00e1no<\/b><\/td>\n<p>n<\/tr>\n<p>n<\/p>\n<tr>\nn<\/p>\n<td><b>Costa Dorada<\/b><\/td>\n<p>n<\/p>\n<td><b>09:00<\/b><\/td>\n<p>n<\/tr>\n<p>n<\/p>\n<tr>\nn<\/p>\n<td><b>Cofresi (\u017eivotn\u00fd \u0161t\u00fdl)<\/b><\/td>\n<p>n<\/p>\n<td><b>9:20 r\u00e1no<\/b><\/td>\n<p>n<\/tr>\n<p>n<\/p>\n<tr>\nn<\/p>\n<td><b>sen\u00e1tor<\/b><\/td>\n<p>n<\/p>\n<td><b>9:30<\/b><\/td>\n<p>n<\/tr>\n<p>n<\/tbody>\n<p>n<\/table>\n<p>n<\/p>\n<h4><\/h4>\n<p>n<\/p>\n<h3 class=\"ui_header h1 attractions-product-info-ProductTitle__title--1qM0o\">27 vodop\u00e1dov Damajagua Prehliadka z Puerto Plata.<\/h3>\n<p>n<\/p>\n<h4><b><i>\u010co o\u010dak\u00e1va\u0165?<\/i><\/b><\/h4>\n<p>n<\/p>\n<div class=\"apd_content_block\" data-tab=\"TABS_OVERVIEW\">\nn<\/p>\n<div class=\"ui_card section attractions-product-details-Overview__sectionMargin--uHktd attractions-product-details-Overview__cleanslateOverrideDT--39Ov7\">\nn<br \/>\nObjavte od\u013eahl\u00e9 vodop\u00e1dy Damajagua, zastr\u010den\u00e9 v kopcoch Severn\u00e9ho koridoru Dominik\u00e1nskej republiky, na tomto celodennom v\u00fdlete z Puerto Plata. Presk\u00famajte s miestnym sprievodcom dvadsa\u0165sedem nedotknut\u00fdch vodop\u00e1dov, ktor\u00e9 sa tiahnu cez v\u00e1penec. Z\u00edskajte kr\u00e1tku bezpe\u010dnostn\u00fa in\u0161trukt\u00e1\u017e, potom sk\u00e1\u010dte, pl\u00e1vajte a \u0161m\u00fdkajte sa po pr\u00edrodn\u00fdch toboganoch.<br \/>\nn<br \/>\nObed, n\u00e1poje s\u00fa v cene. Mierna 40-min\u00fatov\u00e1 t\u00fara do kopca kr\u00e1snou krajinou d\u017eungle v\u00e1s zavedie k 12. vodop\u00e1du alebo, ak ste vo v\u00fdbornej fyzickej kond\u00edcii, vyberte sa na t\u00faru a\u017e na vrchol 27 vodop\u00e1dov (pribli\u017ene 70 min\u00fat) a za\u017eite v\u0161etko. .<br \/>\nn<br \/>\n\u010ci tak alebo onak, va\u0161a skuto\u010dn\u00e1 z\u00e1bava za\u010d\u00edna, ke\u010f sa vraciame sp\u00e4\u0165 dolu riekou a vy sk\u00e1\u010dete, \u0161m\u00fdkate sa a pl\u00e1vate cez s\u00e9riu ve\u013ekolep\u00fdch vodop\u00e1dov, ka\u0148onov a az\u00farov\u00fdch jazierok, ktor\u00e9 sa vyn\u00e1raj\u00fa s hl\u00fapym \u00fa\u0161k\u013eabkom na tv\u00e1ri a neuverite\u013en\u00fdmi spomienkami, ktor\u00e9 si mus\u00edte uchova\u0165! Prehliadky zah\u0155\u0148aj\u00fa skoky z v\u00fd\u0161ky a\u017e 25 st\u00f4p (8 metrov), ale nebojte sa, ak v\u00e1m sk\u00e1kanie nie je pr\u00edjemn\u00e9, existuje alternat\u00edvna cesta dole.<br \/>\nn<br \/>\nPo 15 min\u00fatach ch\u00f4dze sp\u00e4\u0165 do z\u00e1kladn\u00e9ho t\u00e1bora a prezle\u010den\u00ed do such\u00e9ho si vychutnajte lahodn\u00fd a pestr\u00fd dominik\u00e1nsky obed formou bufetu, ktor\u00fd zah\u0155\u0148a veci ako grilovan\u00e9 kuracie a brav\u010dov\u00e9 m\u00e4so, dusen\u00e9 m\u00e4so, ry\u017eu, cestoviny a \u0161al\u00e1ty.<br \/>\nn<br \/>\nMiestne rumov\u00e9 n\u00e1poje, limon\u00e1dy a voda s\u00fa tie\u017e zahrnut\u00e9 (pivo je k dispoz\u00edcii, ale nie je v cene). Po jedle sa rozl\u00fa\u010dite s miestnymi sprievodcami, no spomienky na tento z\u00e1\u017eitok v\u00e1m ostan\u00fa na cel\u00fd \u017eivot. A to nie je v\u0161etko, potom p\u00f4jdete do tov\u00e1rne na cigary, kde uvid\u00edte, ako ich pripravuj\u00fa a v pr\u00edpade z\u00e1ujmu si ich budete m\u00f4c\u0165 aj zohna\u0165. Pam\u00e4tajte, \u017ee Dominik\u00e1nska republika je jednou z najlep\u0161\u00edch kraj\u00edn na v\u00fdrobu cig\u00e1r, tak\u017ee toto je va\u0161a \u0161anca u\u010di\u0165 sa od najlep\u0161\u00edch u\u010dite\u013eov v\u0161etk\u00fdch \u010dias.<br \/>\nn<br \/>\nn<\/div>\n<p>n\n<\/p><\/div>\n<p>n<\/p>\n<h4><em><strong>\u010co by ste si mali prinies\u0165?<\/strong><\/em><\/h4>\n<p>n<\/p>\n<ul>\nn \t<\/p>\n<li style=\"font-weight: 400;\"><span style=\"font-weight: 400;\">fotoapar\u00e1t<\/span><\/li>\n<p>n \t<\/p>\n<li style=\"font-weight: 400;\"><span style=\"font-weight: 400;\">Repelentn\u00e9 p\u00fa\u010diky<\/span><\/li>\n<p>n \t<\/p>\n<li style=\"font-weight: 400;\"><span style=\"font-weight: 400;\">Opa\u013eovac\u00ed kr\u00e9m<\/span><\/li>\n<p>n \t<\/p>\n<li style=\"font-weight: 400;\"><span style=\"font-weight: 400;\">Klob\u00fak<\/span><\/li>\n<p>n \t<\/p>\n<li style=\"font-weight: 400;\"><span style=\"font-weight: 400;\">Pohodln\u00e9 nohavice<\/span><\/li>\n<p>n \t<\/p>\n<li style=\"font-weight: 400;\"><span style=\"font-weight: 400;\">Turistick\u00e1 obuv do lesa<\/span><\/li>\n<p>n \t<\/p>\n<li style=\"font-weight: 400;\"><span style=\"font-weight: 400;\">Sand\u00e1le do jarn\u00fdch oblast\u00ed.<\/span><\/li>\n<p>n \t<\/p>\n<li style=\"font-weight: 400;\"><span style=\"font-weight: 400;\">Oble\u010denie na pl\u00e1vanie<\/span><\/li>\n<p>n<\/ul>\n<p>n&nbsp;<br \/>\nn<\/p>\n<h4><b><i>Vyzdvihnutie v hoteli <\/i><\/b><\/h4>\n<p>n<span style=\"font-weight: 400;\">Pre tento z\u00e1jazd je k dispoz\u00edcii vyzdvihnutie v hoteli. Nastavili sme Pick up, aby n\u00e1s kontaktoval cez Whatsapp.<\/span><br \/>\nn<br \/>\nn&nbsp;<br \/>\nn<br \/>\nn<b>Pozn\u00e1mka:<\/b><span style=\"font-weight: 400;\"> Ak si rezervujete do 24 hod\u00edn od \u010dasu odchodu z\u00e1jazdu\/exkurzie, m\u00f4\u017eeme zabezpe\u010di\u0165 vyzdvihnutie v hoteli. Po dokon\u010den\u00ed n\u00e1kupu v\u00e1m po\u0161leme kompletn\u00e9 kontaktn\u00e9 inform\u00e1cie (telef\u00f3nne \u010d\u00edslo, e-mailov\u00fa adresu at\u010f.) pre n\u00e1\u0161ho miestneho sprievodcu, aby sme mohli zorganizova\u0165 opatrenia na vyzdvihnutie.<\/span><br \/>\nn<\/p>\n<h4><b><i>Potvrdenie dodato\u010dn\u00fdch inform\u00e1ci\u00ed <\/i><\/b><\/h4>\n<p>n<\/p>\n<ol>\nn \t<\/p>\n<li>Vstupenky s\u00fa potvrden\u00edm po zaplaten\u00ed tohto z\u00e1jazdu. Platbu m\u00f4\u017eete zobrazi\u0165 na telef\u00f3ne.<\/li>\n<p>n \t<\/p>\n<li style=\"font-weight: 400;\"><span style=\"font-weight: 400;\">Miesto stretnutia bude prijat\u00e9 po procese rezerv\u00e1cie.<\/span><\/li>\n<p>n \t<\/p>\n<li style=\"font-weight: 400;\"><span style=\"font-weight: 400;\">Deti musia by\u0165 v sprievode dospelej osoby.<\/span><\/li>\n<p>n \t<\/p>\n<li style=\"font-weight: 400;\"><span style=\"font-weight: 400;\"> Bezbari\u00e9rov\u00fd pr\u00edstup <\/span><\/li>\n<p>n \t<\/p>\n<li style=\"font-weight: 400;\"><span style=\"font-weight: 400;\">Doj\u010dat\u00e1 musia sedie\u0165 na kolen\u00e1ch <\/span><\/li>\n<p>n \t<\/p>\n<li style=\"font-weight: 400;\"><span style=\"font-weight: 400;\">Neodpor\u00fa\u010da sa pre cestuj\u00facich s probl\u00e9mami s chrbtom<\/span><\/li>\n<p>n \t<\/p>\n<li style=\"font-weight: 400;\"><span style=\"font-weight: 400;\">Neodpor\u00fa\u010da sa pre tehotn\u00e9 cestovate\u013eky <\/span><\/li>\n<p>n \t<\/p>\n<li style=\"font-weight: 400;\"><span style=\"font-weight: 400;\"> \u017diadne srdcov\u00e9 probl\u00e9my ani in\u00e9 v\u00e1\u017ene zdravotn\u00e9 \u0165a\u017ekosti <\/span><\/li>\n<p>n \t<\/p>\n<li style=\"font-weight: 400;\"><span style=\"font-weight: 400;\">V\u00e4\u010d\u0161ina cestovate\u013eov sa m\u00f4\u017ee z\u00fa\u010dastni\u0165<\/span><\/li>\n<p>n<\/ol>\n<p>n<\/p>\n<h4><b><i>Podmienky zru\u0161enia<\/i><\/b><\/h4>\n<p>Ak chcete z\u00edska\u0165 pln\u00fa n\u00e1hradu, pre\u010d\u00edtajte si na\u0161e pravidl\u00e1 pre zru\u0161enie\u00a0<a href=\"https:\/\/www.boattoursamana.com\/sk\/online-rezervacia\/\" target=\"_blank\" rel=\"noopener\" data-saferedirecturl=\"https:\/\/www.google.com\/url?q=https:\/\/www.boattoursamana.com\/online-booking\/&amp;source=gmail&amp;ust=1672449202351000&amp;usg=AOvVaw1yAeVAPktmaVCqDujgUn90\">Kliknite tu<\/a>. Finan\u010dn\u00e9 prostriedky bud\u00fa straten\u00e9, ak bude rezerv\u00e1cia zru\u0161en\u00e1 v ten ist\u00fd de\u0148 z\u00e1jazdu.<\/p>\n\n\t\t<\/div>\n\t<\/div>\n<\/div><\/div><\/div><\/div><div class=\"vc_row wpb_row vc_row-fluid\" ><div class=\"wpb_column vc_column_container vc_col-sm-12\"><div class=\"vc_column-inner\"><div class=\"wpb_wrapper\"><div class=\"vc_btn3-container vc_btn3-inline\" ><a class=\"vc_general vc_btn3 vc_btn3-size-md vc_btn3-shape-rounded vc_btn3-style-modern vc_btn3-color-green\" href=\"https:\/\/bookingadventures.tours\/booking.php?tour_id=36f9705bcc61386d84e226d0c35f8a49\" title=\"\" rel=\"noopener\">REZERVOVA\u0164<\/a><\/div>\n\t<div class=\"wpb_video_widget wpb_content_element vc_clearfix   vc_video-aspect-ratio-169 vc_video-el-width-100 vc_video-align-left\" >\n\t\t<div class=\"wpb_wrapper\">\n\t\t\t<h2 class=\"wpb_heading wpb_video_heading\">Prehliadka 27 vodop\u00e1dov Damajagua z Puerto Plata:<\/h2>\n\t\t\t<div class=\"wpb_video_wrapper\"><iframe loading=\"lazy\" title=\"27 vodop\u00e1dov Damajagua od Booking Adventures &amp; Travel Dominik\u00e1nska republika\" width=\"1100\" height=\"619\" src=\"https:\/\/www.youtube.com\/embed\/AVNh_we_RQE?start=17&feature=oembed\" frameborder=\"0\" allow=\"accelerometer; autoplay; clipboard-write; encrypted-media; gyroscope; picture-in-picture; web-share\" allowfullscreen><\/iframe><\/div>\n\t\t<\/div>\n\t<\/div>\n<\/div><\/div><\/div><\/div><div class=\"vc_row wpb_row vc_row-fluid\" ><div class=\"wpb_column vc_column_container vc_col-sm-12\"><div class=\"vc_column-inner\"><div class=\"wpb_wrapper\"><div class=\"vc_empty_space\"   style=\"height: 32px\"><span class=\"vc_empty_space_inner\"><\/span><\/div>\n\t<div class=\"wpb_text_column wpb_content_element\" >\n\t\t<div class=\"wpb_wrapper\">\n\t\t\t<p>\nn<\/p>\n<h4>Kontaktuj n\u00e1s?<\/h4>\n<p>n<\/p>\n<h5><em><strong>Rezerva\u010dn\u00e9 dobrodru\u017estv\u00e1<\/strong><\/em><\/h5>\n<p>n<em><strong>Miestni obyvatelia<\/strong>\u00a0a\u00a0<strong>\u0160t\u00e1tni pr\u00edslu\u0161n\u00edci<\/strong>\u00a0Sprievodcovia a slu\u017eby pre host\u00ed<\/em><br \/>\nn<br \/>\nn<span class=\"text-turquoise\">Rezerv\u00e1cie:<\/span>\u00a0Prehliadky a exkurzie v Dom. Rep.<br \/>\nn<br \/>\nn<img decoding=\"async\" class=\"emoji\" draggable=\"false\" src=\"https:\/\/s.w.org\/images\/core\/emoji\/11.2.0\/svg\/1f4de.svg\" alt=\" \" title=\"\">\u00a0Tel \/ Whatsapp\u00a0\u00a0<a href=\"tel:+1-809-720-6035\">+1-809-720-6035<\/a>.<br \/>\nn<br \/>\nn<img decoding=\"async\" class=\"emoji\" draggable=\"false\" src=\"https:\/\/s.w.org\/images\/core\/emoji\/11.2.0\/svg\/1f4e9.svg\" alt=\" \" title=\"\">\u00a0<a href=\"mailto:info@bookingadventures.com.do\">info@bookingadventures.com.do<\/a><br \/>\nn<br \/>\nn<strong>Flexibilne nastavujeme s\u00fakromn\u00e9 prehliadky od Whatsapp:\u00a0<a href=\"tel:+18097206035\">+18097206035.<\/a><\/strong><\/p>\n\n\t\t<\/div>\n\t<\/div>\n<div class=\"vc_empty_space\"   style=\"height: 32px\"><span class=\"vc_empty_space_inner\"><\/span><\/div><\/div><\/div><\/div><\/div><div class=\"vc_row wpb_row vc_row-fluid\" ><div class=\"wpb_column vc_column_container vc_col-sm-12\"><div class=\"vc_column-inner\"><div class=\"wpb_wrapper\"><div class=\"vc_btn3-container vc_btn3-inline\" ><a class=\"vc_general vc_btn3 vc_btn3-size-md vc_btn3-shape-rounded vc_btn3-style-modern vc_btn3-color-green\" href=\"https:\/\/bookingadventures.tours\/booking.php?tour_id=36f9705bcc61386d84e226d0c35f8a49\" title=\"\" rel=\"noopener\">REZERVOVA\u0164<\/a><\/div><\/div><\/div><\/div><\/div>","protected":false},"excerpt":{"rendered":"<p>From Hotels in Cabarete, Sosua or Puerto Plata. This excursion from 27 waterfalls of Damajagua in Puerto Plata,\u00a0 Lunch and Excursion by the 27 waterfalls, hiking and jumping into the river. n nEcological Trip to the 27 waterfalls of Puerto Plata. Get your Tickets for a half day excursion here in the 27 Waterfall from Damajagua. Entrance tickets with Lunch and Excursion Include to Jump and swimming in the most beautiful waterfalls of the Dominican Republic. Hiking and Swimming with [&hellip;]<\/p>\n","protected":false},"author":2,"featured_media":0,"parent":0,"menu_order":0,"comment_status":"open","ping_status":"closed","template":"","meta":{"footnotes":""},"class_list":["post-15782","page","type-page","status-publish","hentry"],"_links":{"self":[{"href":"https:\/\/www.boattoursamana.com\/sk\/wp-json\/wp\/v2\/pages\/15782","targetHints":{"allow":["GET"]}}],"collection":[{"href":"https:\/\/www.boattoursamana.com\/sk\/wp-json\/wp\/v2\/pages"}],"about":[{"href":"https:\/\/www.boattoursamana.com\/sk\/wp-json\/wp\/v2\/types\/page"}],"author":[{"embeddable":true,"href":"https:\/\/www.boattoursamana.com\/sk\/wp-json\/wp\/v2\/users\/2"}],"replies":[{"embeddable":true,"href":"https:\/\/www.boattoursamana.com\/sk\/wp-json\/wp\/v2\/comments?post=15782"}],"version-history":[{"count":0,"href":"https:\/\/www.boattoursamana.com\/sk\/wp-json\/wp\/v2\/pages\/15782\/revisions"}],"wp:attachment":[{"href":"https:\/\/www.boattoursamana.com\/sk\/wp-json\/wp\/v2\/media?parent=15782"}],"curies":[{"name":"wp","href":"https:\/\/api.w.org\/{rel}","templated":true}]}}