{"id":15786,"date":"2023-07-15T07:43:40","date_gmt":"2023-07-15T07:43:40","guid":{"rendered":"https:\/\/www.ticketswhales.com\/saona-island-private-tour-from-boca-chica-hotels-boca-chica-lobby\/"},"modified":"2023-07-15T07:43:40","modified_gmt":"2023-07-15T07:43:40","slug":"saona-island-private-tour-from-boca-chica-hotels-boca-chica-lobby","status":"publish","type":"page","link":"https:\/\/www.boattoursamana.com\/sk\/sukromna-prehliadka-ostrova-saona-z-hotelov-boca-chica-lobby-boca-chica","title":{"rendered":"S\u00fakromn\u00e1 prehliadka ostrova Saona z hotelov Boca Chica \u2013 lobby Boca Chica"},"content":{"rendered":"<p><span style=\"vertical-align: inherit;\"><span style=\"vertical-align: inherit;\"><span style=\"vertical-align: inherit;\"><span style=\"vertical-align: inherit;\">Pase de un d\u00eda a la isla Saona desde el puerto de Bayahibe. <\/span><\/span><\/span><span style=\"vertical-align: inherit;\"><span style=\"vertical-align: inherit;\"><span style=\"vertical-align: inherit;\">Almuerzo y piscinas naturales incluidas. <\/span><\/span><\/span><span style=\"vertical-align: inherit;\"><span style=\"vertical-align: inherit;\"><span style=\"vertical-align: inherit;\">En caso de necesidad traslado desde cualquier parte de Rep\u00fablica Dominicana. <\/span><\/span><\/span><span style=\"vertical-align: inherit;\"><span style=\"vertical-align: inherit;\"><span style=\"vertical-align: inherit;\">Jednoduch\u00e9 kontakty a moje hlavn\u00e9 sk\u00fasenosti na ostrove Saona.<\/span><\/span><\/span><\/span><br \/>\nn<br \/>\nn&nbsp;<br \/>\nn<br \/>\nn<em><strong><span style=\"vertical-align: inherit;\"><span style=\"vertical-align: inherit;\"><span style=\"vertical-align: inherit;\"><span style=\"vertical-align: inherit;\">Vyberte si prehliadku\u00a0<\/span><\/span><\/span><\/span><\/strong><\/em><\/p>\n<p>&nbsp;<\/p>\n<div class=\"vc_row wpb_row vc_row-fluid\" ><div class=\"wpb_column vc_column_container vc_col-sm-12\"><div class=\"vc_column-inner\"><div class=\"wpb_wrapper\">\n\t<div class=\"wpb_text_column wpb_content_element\" >\n\t\t<div class=\"wpb_wrapper\">\n\t\t\t<p>\nn<\/p>\n<h2><b><i>S\u00fakromn\u00fd v\u00fdlet na ostrov Saona\u00a0<\/i><\/b><\/h2>\n<p>n<\/p>\n<h4><b><i>Preh\u013ead<\/i><\/b><\/h4>\n<p>n<\/p>\n<div>Odchod v Boats je z hlavn\u00e9ho m\u00f3la o <strong>Bayahibe<\/strong> o 9:00 a n\u00e1vrat o 17:00. Ak\u00a0<b>(prid\u00e1vate s\u00fakromn\u00fd transfer z in\u00fdch odletov do tejto cesty, \u010das sa m\u00f4\u017ee zmeni\u0165)<\/b> <span style=\"font-size: 16px;\">Tento v\u00fdlet v\u00e1s zavedie na tie najlep\u0161ie pl\u00e1\u017ee <strong>ostrov Saona<\/strong> (Isla Saona) z mesta Bayahibe, obed je na ostrove a zastav\u00edte sa pri pr\u00edrodn\u00fdch baz\u00e9noch<strong> N\u00e1rodn\u00fd park Cotubanama<\/strong>. U\u017eite si kr\u00e1sne juhov\u00fdchodn\u00e9 pobre\u017eie Dominik\u00e1nskej republiky, kde sa po naloden\u00ed budete plavi\u0165 pozd\u013a\u017e pobre\u017eia a pozorova\u0165 r\u00f4zne pl\u00e1\u017ee, krajinu, mangrovn\u00edky a v\u00e1pencov\u00e9 \u00fatvary tohto jedine\u010dn\u00e9ho miesta.\u00a0<\/span><\/div>\n<p>n<\/p>\n<div>\nn<br \/>\nn<span style=\"font-weight: 400;\">Cesta na ostrov trv\u00e1 asi 45 min\u00fat a po\u010das prehliadky budete ma\u0165 mo\u017enos\u0165 vidie\u0165 <strong>Mano Juan<\/strong>, ktor\u00e1 je jedinou komunitou zalo\u017eenou na ostrove, na tom istom mieste m\u00e1te mo\u017enos\u0165 obedova\u0165, ak sa nedostanete do Mano Juan, nav\u0161t\u00edvite r\u00f4zne pl\u00e1\u017ee v okol\u00ed a obed bude na pl\u00e1\u017ei, na ostrove budete ma\u0165 aj mo\u017enos\u0165 \u0161norchlova\u0165.<\/span><br \/>\nn<br \/>\nn<span style=\"font-weight: 400;\">Ke\u010f skon\u010d\u00edte v\u00fdlet na r\u00f4znych miestach na ostrove, vr\u00e1tite sa sp\u00e4\u0165 na miesto, kde sa stretnete s turistick\u00fdm sprievodcom.<\/span><br \/>\nn<\/p>\n<ul>\nn \t<\/p>\n<li style=\"font-weight: 400;\"><span style=\"font-weight: 400;\">Zah\u0155\u0148a obed formou bufetu na pl\u00e1\u017ei.<\/span><\/li>\n<p>n \t<\/p>\n<li style=\"font-weight: 400;\"><span style=\"font-weight: 400;\">Pr\u00edrodn\u00fd baz\u00e9n<\/span><\/li>\n<p>n \t<\/p>\n<li style=\"font-weight: 400;\"><span style=\"font-weight: 400;\">Transfer lo\u010fou alebo katamar\u00e1nom<\/span><\/li>\n<p>n \t<\/p>\n<li style=\"font-weight: 400;\"><span style=\"font-weight: 400;\">Kapit\u00e1n poskytuje pokyny a doh\u013ead<\/span><\/li>\n<p>n<\/ul>\n<p>n\n<\/p><\/div>\n<p>n&nbsp;<br \/>\nn<\/p>\n<h2><b>Inkl\u00fazie a vyl\u00fa\u010denia<\/b><\/h2>\n<p>n<b>Inkl\u00fazie<\/b><br \/>\nn<\/p>\n<ol>\nn \t<\/p>\n<li>V\u00fdlet motorov\u00fdm \u010dlnom alebo katamar\u00e1nom (v\u0161etko z\u00e1vis\u00ed od ve\u013ekosti skupiny)<\/li>\n<p>n \t<\/p>\n<li style=\"font-weight: 400;\"><span style=\"font-weight: 400;\">Obed formou bufetu na pl\u00e1\u017ei<\/span><\/li>\n<p>n \t<\/p>\n<li>Pr\u00edrodn\u00fd baz\u00e9n<\/li>\n<p>n \t<\/p>\n<li style=\"font-weight: 400;\"><span style=\"font-weight: 400;\">V\u0161etky dane, poplatky a manipula\u010dn\u00e9 poplatky<\/span><\/li>\n<p>n \t<\/p>\n<li style=\"font-weight: 400;\"><span style=\"font-weight: 400;\">Miestne dane<\/span><\/li>\n<p>n \t<\/p>\n<li style=\"font-weight: 400;\"><span style=\"font-weight: 400;\">N\u00e1poje<\/span><\/li>\n<p>n<\/ol>\n<p>n<b> Vyl\u00fa\u010denia<\/b><br \/>\nn<\/p>\n<ol>\nn \t<\/p>\n<li style=\"font-weight: 400;\"><span style=\"font-weight: 400;\">Spropitn\u00e9<\/span><\/li>\n<p>n \t<\/p>\n<li>Miestny sprievodca<\/li>\n<p>n<\/ol>\n<p>n&nbsp;<br \/>\nn<\/p>\n<h4><em><strong>Odchod a n\u00e1vrat<\/strong><\/em><\/h4>\n<p>n<span style=\"font-weight: 400;\">M\u00e1me rozvrh navrhnut\u00fd tak, aby sme v\u00e1s vyzdvihli a odviezli na z\u00e1klade oblasti, v ktorej sa nach\u00e1dzate. <\/span><span style=\"font-weight: 400;\">Cestuj\u00faci z\u00edska miesto stretnutia po procese rezerv\u00e1cie. Prehliadky za\u010d\u00ednaj\u00fa a kon\u010dia v miestach na\u0161ich stretnut\u00ed.<\/span><br \/>\nn<br \/>\nn&nbsp;<br \/>\nn<\/p>\n<h4><b><i>\u010co o\u010dak\u00e1va\u0165?<\/i><\/b><\/h4>\n<p>n&nbsp;<br \/>\nn<br \/>\nn<em><strong>Z\u00edskajte l\u00edstky<\/strong><\/em> jednod\u0148ov\u00fd vstup na ostrov Saona (Isla Saona) v Bayahibe plus \u00fa\u017easn\u00fd obed a \u010das na pl\u00e1\u017ei.<br \/>\nn<br \/>\nn<span style=\"font-weight: 400;\">Celodenn\u00fd v\u00fdlet, ktor\u00fd organizuje \u201eBooking Adventures\u201c, za\u010d\u00edna na mieste stretnutia s turistick\u00fdm sprievodcom. <\/span>Obed na pl\u00e1\u017ei a m\u00f4\u017eete zosta\u0165 tak dlho, ako chcete, k\u00fapa\u0165 sa. Ak ste veg\u00e1n, m\u00f4\u017eeme v\u00e1m tie\u017e pripravi\u0165 nejak\u00e9 jedlo.<br \/>\nn<br \/>\nnTento v\u00fdlet lo\u010fou za\u010d\u00edna v Bayahibe, ale za pr\u00edplatok pon\u00fakame s\u00fakromn\u00fd transfer v z\u00e1vislosti od toho, kde je skupina.<br \/>\nn<br \/>\nn<strong>Rozvrh hod\u00edn:<\/strong><br \/>\nn<br \/>\nn7:45 \u2013 18:00<br \/>\nn<br \/>\nn&nbsp;<br \/>\nn<\/p>\n<h4><em><strong>\u010co by ste si mali prinies\u0165?<\/strong><\/em><\/h4>\n<p>n<\/p>\n<ul>\nn \t<\/p>\n<li style=\"font-weight: 400;\"><span style=\"font-weight: 400;\">fotoapar\u00e1t<\/span><\/li>\n<p>n \t<\/p>\n<li style=\"font-weight: 400;\"><span style=\"font-weight: 400;\">Repelentn\u00e9 p\u00fa\u010diky<\/span><\/li>\n<p>n \t<\/p>\n<li style=\"font-weight: 400;\"><span style=\"font-weight: 400;\">opa\u013eovac\u00ed kr\u00e9m<\/span><\/li>\n<p>n \t<\/p>\n<li style=\"font-weight: 400;\"><span style=\"font-weight: 400;\">Klob\u00fak<\/span><\/li>\n<p>n \t<\/p>\n<li style=\"font-weight: 400;\"><span style=\"font-weight: 400;\">Pohodln\u00e9 nohavice<\/span><\/li>\n<p>n \t<\/p>\n<li style=\"font-weight: 400;\"><span style=\"font-weight: 400;\">Turistick\u00e1 obuv do lesa<\/span><\/li>\n<p>n \t<\/p>\n<li style=\"font-weight: 400;\"><span style=\"font-weight: 400;\">Sand\u00e1le na pl\u00e1\u017e<\/span><\/li>\n<p>n \t<\/p>\n<li style=\"font-weight: 400;\"><span style=\"font-weight: 400;\">Oble\u010denie na pl\u00e1vanie<\/span><\/li>\n<p>n \t<\/p>\n<li>Peniaze za suven\u00edry<\/li>\n<p>n<\/ul>\n<p>n&nbsp;<br \/>\nn<\/p>\n<h2><b><i>Hotel Pickup na celodenn\u00fd v\u00fdlet na ostrov Saona<\/i><\/b><\/h2>\n<p>n<span style=\"font-weight: 400;\">Toto je program, ktor\u00fd sme nastavili na z\u00e1klade va\u0161ich lokal\u00edt. Dajte n\u00e1m vedie\u0165 v\u00e1\u0161 konkr\u00e9tny hotel a my v\u00e1s budeme kontaktova\u0165, aby sme v\u00e1m povedali, kde sa s vami stretneme. Za tieto mo\u017enosti prevodu sa \u00fa\u010dtuje pr\u00edplatok. Tento v\u00fdlet za\u010d\u00edna v Bayahibe.<\/span><br \/>\nn<\/p>\n<table style=\"height: 487px;\" width=\"420\">\nn<\/p>\n<tbody>\nn<\/p>\n<tr>\nn<\/p>\n<td><b>Miesto<\/b><\/td>\n<p>n<\/p>\n<td><b>\u010das<\/b><\/td>\n<p>n<\/tr>\n<p>n<\/p>\n<tr>\nn<\/p>\n<td><b>Punta Cana<\/b><\/td>\n<p>n<\/p>\n<td><b>7:45 r\u00e1no<\/b><\/td>\n<p>n<\/tr>\n<p>n<\/p>\n<tr>\nn<\/p>\n<td><b>B\u00e1varo<\/b><\/td>\n<p>n<\/p>\n<td><b>7:30 r\u00e1no<\/b><\/td>\n<p>n<\/tr>\n<p>n<\/p>\n<tr>\nn<\/p>\n<td><b>Uvero Altos<\/b><\/td>\n<p>n<\/p>\n<td><b>07:00<\/b><\/td>\n<p>n<\/tr>\n<p>n<\/p>\n<tr>\nn<\/p>\n<td><b>Club Med<\/b><\/td>\n<p>n<\/p>\n<td><b>07:00<\/b><\/td>\n<p>n<\/tr>\n<p>n<\/p>\n<tr>\nn<\/p>\n<td><b>Boca Chica<\/b><\/td>\n<p>n<\/p>\n<td><b>07:00<\/b><\/td>\n<p>n<\/tr>\n<p>n<\/p>\n<tr>\nn<\/p>\n<td><b>Santo Domingo<\/b><\/td>\n<p>n<\/p>\n<td><b>6:40 r\u00e1no<\/b><\/td>\n<p>n<\/tr>\n<p>n<\/p>\n<tr>\nn<\/p>\n<td><b>Juan Doli\u00f3<\/b><\/td>\n<p>n<\/p>\n<td><b>07:00<\/b><\/td>\n<p>n<\/tr>\n<p>n<\/tbody>\n<p>n<\/table>\n<p>n&nbsp;<br \/>\nn<br \/>\nn<b>Pozn\u00e1mka:<\/b><span style=\"font-weight: 400;\"> ak si rezervujete do 24 hod\u00edn od \u010dasu odchodu z\u00e1jazdu\/exkurzie, m\u00f4\u017eeme zariadi\u0165 vyzdvihnutie v hoteli s dodato\u010dn\u00fdmi poplatkami. Po dokon\u010den\u00ed n\u00e1kupu v\u00e1m po\u0161leme kompletn\u00e9 kontaktn\u00e9 inform\u00e1cie (telef\u00f3nne \u010d\u00edslo, e-mailov\u00fa adresu at\u010f.) pre n\u00e1\u0161ho miestneho sprievodcu, aby sme mohli zorganizova\u0165 opatrenia na vyzdvihnutie.<\/span><br \/>\nn<\/p>\n<h4><b><i>Potvrdenie dodato\u010dn\u00fdch inform\u00e1ci\u00ed <\/i><\/b><\/h4>\n<p>n<\/p>\n<ol>\nn \t<\/p>\n<li>Vstupenky s\u00fa potvrden\u00edm po zaplaten\u00ed tohto z\u00e1jazdu. Platbu m\u00f4\u017eete zobrazi\u0165 na telef\u00f3ne.<\/li>\n<p>n \t<\/p>\n<li style=\"font-weight: 400;\"><span style=\"font-weight: 400;\">Miesto stretnutia bude prijat\u00e9 po procese rezerv\u00e1cie.<\/span><\/li>\n<p>n \t<\/p>\n<li style=\"font-weight: 400;\"><span style=\"font-weight: 400;\">Deti musia by\u0165 v sprievode dospelej osoby.<\/span><\/li>\n<p>n \t<\/p>\n<li style=\"font-weight: 400;\"><span style=\"font-weight: 400;\">bezbari\u00e9rov\u00fd pr\u00edstup <\/span><\/li>\n<p>n \t<\/p>\n<li style=\"font-weight: 400;\"><span style=\"font-weight: 400;\">Doj\u010dat\u00e1 musia sedie\u0165 na kolen\u00e1ch <\/span><\/li>\n<p>n \t<\/p>\n<li style=\"font-weight: 400;\"><span style=\"font-weight: 400;\">V\u00e4\u010d\u0161ina cestovate\u013eov sa m\u00f4\u017ee z\u00fa\u010dastni\u0165<\/span><\/li>\n<p>n<\/ol>\n<p>n<\/p>\n<h4><b><i>Podmienky zru\u0161enia<\/i><\/b><\/h4>\n<p>Ak chcete z\u00edska\u0165 pln\u00fa n\u00e1hradu, pre\u010d\u00edtajte si na\u0161e pravidl\u00e1 pre zru\u0161enie\u00a0<a href=\"https:\/\/www.boattoursamana.com\/sk\/online-rezervacia\/\" target=\"_blank\" rel=\"noopener\" data-saferedirecturl=\"https:\/\/www.google.com\/url?q=https:\/\/www.boattoursamana.com\/online-booking\/&amp;source=gmail&amp;ust=1672449202351000&amp;usg=AOvVaw1yAeVAPktmaVCqDujgUn90\">Kliknite tu<\/a>. Finan\u010dn\u00e9 prostriedky bud\u00fa straten\u00e9, ak bude rezerv\u00e1cia zru\u0161en\u00e1 v ten ist\u00fd de\u0148 z\u00e1jazdu.<br \/>\nn<br \/>\nPOZN\u00c1MKA: Ak by ste chceli t\u00fato exkurziu absolvova\u0165 a chceli by ste vedie\u0165 nejak\u00e9 \u010fal\u0161ie podrobnosti, m\u00f4\u017eete<a href=\"mailto:info@bookingadventures.com.do\">\u00a0kontaktujte n\u00e1s e-mailom<\/a>l<strong>\u00a0<\/strong>alebo prostredn\u00edctvom n\u00e1\u0161ho priameho servisn\u00e9ho chatu Whatsapp na tomto \u010d\u00edsle:\u00a0<strong>+1 809-720-6035<\/strong>. Okam\u017eite sa V\u00e1m z\u00fa\u010dastn\u00edme a vieme V\u00e1m vypracova\u0165 ponuku s \u00fapravou ceny pod\u013ea po\u010dtu os\u00f4b.<br \/>\nn<br \/>\nn (Po\u017eadujeme minim\u00e1lne 4 osoby na s\u00fakromn\u00e9 dohodnutie prehliadky. Pre menej os\u00f4b vieme zabezpe\u010di\u0165 polos\u00fakromn\u00fa prehliadku s maxim\u00e1lnym po\u010dtom 15 os\u00f4b).<br \/>\nn<\/p>\n<div id=\"gtx-trans\" style=\"position: absolute; left: -1px; top: 1055.03px;\">\nn<\/p>\n<div class=\"gtx-trans-icon\"><\/div>\n<p>n\n<\/p><\/div>\n<p>n<\/p>\n\n\t\t<\/div>\n\t<\/div>\n<\/div><\/div><\/div><\/div><div class=\"vc_row wpb_row vc_row-fluid\" ><div class=\"wpb_column vc_column_container vc_col-sm-12\"><div class=\"vc_column-inner\"><div class=\"wpb_wrapper\"><\/div><\/div><\/div><\/div><div class=\"vc_row wpb_row vc_row-fluid\" ><div class=\"wpb_column vc_column_container vc_col-sm-12\"><div class=\"vc_column-inner\"><div class=\"wpb_wrapper\"><div class=\"vc_empty_space\"   style=\"height: 32px\"><span class=\"vc_empty_space_inner\"><\/span><\/div>\n\t<div class=\"wpb_video_widget wpb_content_element vc_clearfix   vc_video-aspect-ratio-169 vc_video-el-width-100 vc_video-align-left\" >\n\t\t<div class=\"wpb_wrapper\">\n\t\t\t<h2 class=\"wpb_heading wpb_video_heading\">Video v\u00fdletov a v\u00fdletov na ostrov Saona:<\/h2>\n\t\t\t<div class=\"wpb_video_wrapper\"><iframe loading=\"lazy\" title=\"Ostrov Saola Cel\u00fd de\u0148 od Booking Adventures, Travel Dominik\u00e1nska republika\" width=\"1100\" height=\"619\" src=\"https:\/\/www.youtube.com\/embed\/sas91N4zMHo?feature=oembed\" frameborder=\"0\" allow=\"accelerometer; autoplay; clipboard-write; encrypted-media; gyroscope; picture-in-picture; web-share\" allowfullscreen><\/iframe><\/div>\n\t\t<\/div>\n\t<\/div>\n<div class=\"vc_empty_space\"   style=\"height: 32px\"><span class=\"vc_empty_space_inner\"><\/span><\/div><\/div><\/div><\/div><\/div><div class=\"vc_row wpb_row vc_row-fluid\" ><\/div><div class=\"wpb_column vc_column_container vc_col-sm-12\"><div class=\"vc_column-inner\"><div class=\"wpb_wrapper\"><\/div><\/div><\/div><div class=\"vc_empty_space\"   style=\"height: 32px\"><span class=\"vc_empty_space_inner\"><\/span><\/div><div class=\"vc_empty_space\"   style=\"height: 32px\"><span class=\"vc_empty_space_inner\"><\/span><\/div>","protected":false},"excerpt":{"rendered":"<p>Un pase de un d\u00eda a la isla Saona desde el puerto de Bayahibe. Almuerzo y piscinas naturales incluidas. En caso de necesidad traslado desde cualquier parte de Rep\u00fablica Dominicana. Jednoduch\u00e9 kontakty a moje hlavn\u00e9 sk\u00fasenosti na ostrove Saona. n n n nSeleccione la fecha para el tour\u00a0 &nbsp;<\/p>","protected":false},"author":2,"featured_media":0,"parent":0,"menu_order":0,"comment_status":"open","ping_status":"closed","template":"","meta":{"footnotes":""},"class_list":["post-15786","page","type-page","status-publish","hentry"],"_links":{"self":[{"href":"https:\/\/www.boattoursamana.com\/sk\/wp-json\/wp\/v2\/pages\/15786","targetHints":{"allow":["GET"]}}],"collection":[{"href":"https:\/\/www.boattoursamana.com\/sk\/wp-json\/wp\/v2\/pages"}],"about":[{"href":"https:\/\/www.boattoursamana.com\/sk\/wp-json\/wp\/v2\/types\/page"}],"author":[{"embeddable":true,"href":"https:\/\/www.boattoursamana.com\/sk\/wp-json\/wp\/v2\/users\/2"}],"replies":[{"embeddable":true,"href":"https:\/\/www.boattoursamana.com\/sk\/wp-json\/wp\/v2\/comments?post=15786"}],"version-history":[{"count":0,"href":"https:\/\/www.boattoursamana.com\/sk\/wp-json\/wp\/v2\/pages\/15786\/revisions"}],"wp:attachment":[{"href":"https:\/\/www.boattoursamana.com\/sk\/wp-json\/wp\/v2\/media?parent=15786"}],"curies":[{"name":"wp","href":"https:\/\/api.w.org\/{rel}","templated":true}]}}