{"id":15797,"date":"2023-07-15T07:43:59","date_gmt":"2023-07-15T07:43:59","guid":{"rendered":"https:\/\/www.ticketswhales.com\/private-catamaran-samana-bay-felipe-2\/"},"modified":"2023-07-15T07:43:59","modified_gmt":"2023-07-15T07:43:59","slug":"private-catamaran-samana-bay-felipe-2","status":"publish","type":"page","link":"https:\/\/www.boattoursamana.com\/sk\/sukromny-katamaran-samana-bay-felipe-2","title":{"rendered":"S\u00fakromn\u00fd katamar\u00e1n Saman\u00e1 Bay \u2013 Felipe 2"},"content":{"rendered":"<p>&nbsp;<\/p>\n<div class=\"vc_row wpb_row vc_row-fluid\" ><div class=\"wpb_column vc_column_container vc_col-sm-12\"><div class=\"vc_column-inner\"><div class=\"wpb_wrapper\"><div class=\"vc_tta-container\" data-vc-action=\"collapse\"><div class=\"vc_general vc_tta vc_tta-tabs vc_tta-color-sandy-brown vc_tta-style-modern vc_tta-shape-square vc_tta-spacing-1 vc_tta-tabs-position-top vc_tta-controls-align-left\"><div class=\"vc_tta-tabs-container\"><ul class=\"vc_tta-tabs-list\"><li class=\"vc_tta-tab vc_active\" data-vc-tab><a href=\"#1658558043421-55144174-f505\" data-vc-tabs data-vc-container=\".vc_tta\"><span class=\"vc_tta-title-text\">O lodi<\/span><\/a><\/li><li class=\"vc_tta-tab\" data-vc-tab><a href=\"#1658558043429-9adef37c-3c9f\" data-vc-tabs data-vc-container=\".vc_tta\"><span class=\"vc_tta-title-text\">Vybavenie lod\u00ed<\/span><\/a><\/li><li class=\"vc_tta-tab\" data-vc-tab><a href=\"#1658558311759-f1fb6ddd-50cd\" data-vc-tabs data-vc-container=\".vc_tta\"><span class=\"vc_tta-title-text\">Viac<\/span><\/a><\/li><\/ul><\/div><div class=\"vc_tta-panels-container\"><div class=\"vc_tta-panels\"><div class=\"vc_tta-panel vc_active\" id=\"1658558043421-55144174-f505\" data-vc-content=\".vc_tta-panel-body\"><div class=\"vc_tta-panel-heading\"><h4 class=\"vc_tta-panel-title\"><a href=\"#1658558043421-55144174-f505\" data-vc-accordion data-vc-container=\".vc_tta-container\"><span class=\"vc_tta-title-text\">O lodi<\/span><\/a><\/h4><\/div><div class=\"vc_tta-panel-body\">\n\t<div class=\"wpb_text_column wpb_content_element\" >\n\t\t<div class=\"wpb_wrapper\">\n\t\t\t<p>\nn<\/p>\n<h6>Meno: Felipe 2<\/h6>\n<p>n<\/p>\n<h6>Model: Katamar\u00e1n<\/h6>\n<p>n<\/p>\n<h6>rok:<\/h6>\n<p>n<\/p>\n<h6>d\u013a\u017eka:<\/h6>\n<p>n<\/p>\n<h6>\u010c\u00edslo motora: 2<\/h6>\n<p>n<\/p>\n<h6>V\u00fdkon: 500 HP<\/h6>\n<p>n<\/p>\n\n\t\t<\/div>\n\t<\/div>\n<\/div><\/div><div class=\"vc_tta-panel\" id=\"1658558043429-9adef37c-3c9f\" data-vc-content=\".vc_tta-panel-body\"><div class=\"vc_tta-panel-heading\"><h4 class=\"vc_tta-panel-title\"><a href=\"#1658558043429-9adef37c-3c9f\" data-vc-accordion data-vc-container=\".vc_tta-container\"><span class=\"vc_tta-title-text\">Vybavenie lod\u00ed<\/span><\/a><\/h4><\/div><div class=\"vc_tta-panel-body\">\n\t<div class=\"wpb_text_column wpb_content_element\" >\n\t\t<div class=\"wpb_wrapper\">\n\t\t\t<p>\nn<\/p>\n<h6>R\u00e1dio VHS<\/h6>\n<p>n<\/p>\n<h6>Toaleta, WC<\/h6>\n<p>n<\/p>\n<h6>Chladi\u010d \u013eadu<\/h6>\n<p>n<\/p>\n<h6>Z\u00e1chrann\u00e9 vesty<\/h6>\n<p>n<\/p>\n<h6>Hudobn\u00e9 vybavenie<\/h6>\n<p>n<\/p>\n\n\t\t<\/div>\n\t<\/div>\n<\/div><\/div><div class=\"vc_tta-panel\" id=\"1658558311759-f1fb6ddd-50cd\" data-vc-content=\".vc_tta-panel-body\"><div class=\"vc_tta-panel-heading\"><h4 class=\"vc_tta-panel-title\"><a href=\"#1658558311759-f1fb6ddd-50cd\" data-vc-accordion data-vc-container=\".vc_tta-container\"><span class=\"vc_tta-title-text\">Viac<\/span><\/a><\/h4><\/div><div class=\"vc_tta-panel-body\">\n\t<div class=\"wpb_text_column wpb_content_element\" >\n\t\t<div class=\"wpb_wrapper\">\n\t\t\t<p>\nn<\/p>\n<div class=\"info_content_label\">\nn<\/p>\n<h4>V cene:<\/h4>\n<p>n<\/p>\n<h6>Pos\u00e1dka na palube<\/h6>\n<p>n<\/p>\n<h6>Palivo<\/h6>\n<p>n<\/p>\n<h4>\u010eal\u0161ie inform\u00e1cie:<\/h4>\n<p>n<\/p>\n<h6>Lo\u010f je k dispoz\u00edcii od 6:00 do 16:30.<\/h6>\n<p>n<strong>Mo\u017enosti n\u00e1pojov a jedla s\u00fa k dispoz\u00edcii za pr\u00edplatok:<\/strong><br \/>\nn<br \/>\nnPodrobnosti o tradi\u010dnom obede formou bufetu na ostrove Cayo Levantado, $15 USD\/ os.<br \/>\nn<br \/>\nn-Zelen\u00fd \u0161al\u00e1t<br \/>\nn-Chlieb<br \/>\nn-Moro de Guandule (ry\u017ea na dominik\u00e1nsky sp\u00f4sob) s kokosom<br \/>\nn\u2013 Cestoviny v paradajkovej om\u00e1\u010dke<br \/>\nn-Yuca kastr\u00f3ly<br \/>\n-Grilovan\u00e1 ryba a kuracie m\u00e4so (dorado) + volite\u013en\u00e1 om\u00e1\u010dka z kokosov\u00e9ho mlieka<br \/>\nn-\u010cerstv\u00e9 ovocie<br \/>\nn-1 nealkoholick\u00fd n\u00e1poj (s\u00f3da alebo voda)<br \/>\nn-K\u00e1va<br \/>\nn<br \/>\nn<strong>Dodato\u010dn\u00e1 slu\u017eba hom\u00e1ra + kokosov\u00e9 cukr\u00edky $19 USD (dodato\u010dn\u00e9).<\/strong><br \/>\nn<br \/>\nn<\/div>\n<p>nN\u00e1poje a jedlo je mo\u017en\u00e9 zabezpe\u010di\u0165 aj na palube za pr\u00edplatok.<\/p>\n\n\t\t<\/div>\n\t<\/div>\n<\/div><\/div><\/div><\/div><\/div><\/div>\n\t<div class=\"wpb_text_column wpb_content_element\" >\n\t\t<div class=\"wpb_wrapper\">\n\t\t\t<p><strong>Kontaktujte n\u00e1s cez Whatsapp: +1-809-720-6035 alebo livechat.<\/strong><br \/>\nn<br \/>\nn<strong>Najlep\u0161ia online mo\u017enos\u0165 v Samane!<\/strong><br \/>\nn<br \/>\nn&nbsp;<br \/>\nn<\/p>\n<h4><b><i>Podmienky zru\u0161enia<\/i><\/b><\/h4>\n<p>Ak chcete z\u00edska\u0165 pln\u00fa n\u00e1hradu, pre\u010d\u00edtajte si na\u0161e pravidl\u00e1 pre zru\u0161enie\u00a0<a href=\"https:\/\/www.boattoursamana.com\/sk\/online-rezervacia\/\" target=\"_blank\" rel=\"noopener\" data-saferedirecturl=\"https:\/\/www.google.com\/url?q=https:\/\/www.boattoursamana.com\/online-booking\/&amp;source=gmail&amp;ust=1672449202351000&amp;usg=AOvVaw1yAeVAPktmaVCqDujgUn90\">Kliknite tu<\/a>. Finan\u010dn\u00e9 prostriedky bud\u00fa straten\u00e9, ak bude rezerv\u00e1cia zru\u0161en\u00e1 v ten ist\u00fd de\u0148 z\u00e1jazdu.<\/p>\n\n\t\t<\/div>\n\t<\/div>\n<\/div><\/div><\/div><\/div><div class=\"vc_row wpb_row vc_row-fluid\" ><div class=\"wpb_column vc_column_container vc_col-sm-12\"><div class=\"vc_column-inner\"><div class=\"wpb_wrapper\"><div class=\"vc_empty_space\"   style=\"height: 32px\"><span class=\"vc_empty_space_inner\"><\/span><\/div><\/div><\/div><\/div><\/div><div class=\"vc_row wpb_row vc_row-fluid\" ><div class=\"wpb_column vc_column_container vc_col-sm-12\"><div class=\"vc_column-inner\"><div class=\"wpb_wrapper\">\n\t<div class=\"wpb_video_widget wpb_content_element vc_clearfix   vc_video-aspect-ratio-169 vc_video-el-width-100 vc_video-align-left\" >\n\t\t<div class=\"wpb_wrapper\">\n\t\t\t<h2 class=\"wpb_heading wpb_video_heading\">Pren\u00e1jom katamar\u00e1nu v Samane, Dominik\u00e1nska republika - kr\u00e1tke video<\/h2>\n\t\t\t<div class=\"wpb_video_wrapper\"><iframe loading=\"lazy\" title=\"Po\u017ei\u010dov\u0148a lod\u00ed Samana Dominik\u00e1nska republika a v\u00fdlety a exkurzie\" width=\"1100\" height=\"619\" src=\"https:\/\/www.youtube.com\/embed\/hTRV6m-SkNU?feature=oembed\" frameborder=\"0\" allow=\"accelerometer; autoplay; clipboard-write; encrypted-media; gyroscope; picture-in-picture; web-share\" allowfullscreen><\/iframe><\/div>\n\t\t<\/div>\n\t<\/div>\n<\/div><\/div><\/div><\/div><div class=\"vc_row wpb_row vc_row-fluid\" ><div class=\"wpb_column vc_column_container vc_col-sm-12\"><div class=\"vc_column-inner\"><div class=\"wpb_wrapper\"><div class=\"vc_empty_space\"   style=\"height: 32px\"><span class=\"vc_empty_space_inner\"><\/span><\/div><div class=\"mkdf-section-title-holder\" style=\"text-align: center\">\n\t<div class=\"mkdf-st-inner\">\n\t\t\t\t\t<h5 class=\"mkdf-st-subtitle\" >\n\t\t\t\tSamana, Dominik\u00e1nska republika\t\t\t<\/h5>\n\t\t\t\t\t\t\t<h3 class=\"mkdf-st-title\" >\n\t\t\t\tViac mo\u017enost\u00ed pren\u00e1jmu \u010dlnov\t\t\t<\/h3>\n\t\t\t\t\t<\/div>\n<\/div><\/div><\/div><\/div><\/div><div class=\"vc_row wpb_row vc_row-fluid\" ><div class=\"wpb_column vc_column_container vc_col-sm-12\"><div class=\"vc_column-inner\"><div class=\"wpb_wrapper\"><div class=\"vc_empty_space\"   style=\"height: 32px\"><span class=\"vc_empty_space_inner\"><\/span><\/div><div class=\"mkdf-section-title-holder\" style=\"text-align: center\">\n\t<div class=\"mkdf-st-inner\">\n\t\t\t\t\t<h5 class=\"mkdf-st-subtitle\" >\n\t\t\t\tSkupinov\u00e9 a s\u00fakromn\u00e9 mo\u017enosti\t\t\t<\/h5>\n\t\t\t\t\t\t\t<h3 class=\"mkdf-st-title\" >\n\t\t\t\tPrehliadky a exkurzie\t\t\t<\/h3>\n\t\t\t\t\t<\/div>\n<\/div><\/div><\/div><\/div><\/div>","protected":false},"excerpt":{"rendered":"<p>&nbsp;<\/p>","protected":false},"author":2,"featured_media":0,"parent":0,"menu_order":0,"comment_status":"open","ping_status":"closed","template":"","meta":{"footnotes":""},"class_list":["post-15797","page","type-page","status-publish","hentry"],"_links":{"self":[{"href":"https:\/\/www.boattoursamana.com\/sk\/wp-json\/wp\/v2\/pages\/15797","targetHints":{"allow":["GET"]}}],"collection":[{"href":"https:\/\/www.boattoursamana.com\/sk\/wp-json\/wp\/v2\/pages"}],"about":[{"href":"https:\/\/www.boattoursamana.com\/sk\/wp-json\/wp\/v2\/types\/page"}],"author":[{"embeddable":true,"href":"https:\/\/www.boattoursamana.com\/sk\/wp-json\/wp\/v2\/users\/2"}],"replies":[{"embeddable":true,"href":"https:\/\/www.boattoursamana.com\/sk\/wp-json\/wp\/v2\/comments?post=15797"}],"version-history":[{"count":0,"href":"https:\/\/www.boattoursamana.com\/sk\/wp-json\/wp\/v2\/pages\/15797\/revisions"}],"wp:attachment":[{"href":"https:\/\/www.boattoursamana.com\/sk\/wp-json\/wp\/v2\/media?parent=15797"}],"curies":[{"name":"wp","href":"https:\/\/api.w.org\/{rel}","templated":true}]}}