{"id":15800,"date":"2023-07-15T07:43:59","date_gmt":"2023-07-15T07:43:59","guid":{"rendered":"https:\/\/www.ticketswhales.com\/punta-cana-cap-cana-excursion-whale-watching-cayo-levantado-private-tour\/"},"modified":"2023-07-15T07:43:59","modified_gmt":"2023-07-15T07:43:59","slug":"punta-cana-cap-cana-excursion-whale-watching-cayo-levantado-private-tour","status":"publish","type":"page","link":"https:\/\/www.boattoursamana.com\/sk\/punta-cana-cap-cana-excursion-whale-watching-cayo-levantado-private-tour","title":{"rendered":"Punta Cana \/ Cap Cana: V\u00fdletn\u00e9 pozorovanie ve\u013er\u00fdb + Cayo Levantado (s\u00fakromn\u00e1 prehliadka)"},"content":{"rendered":"<p><span style=\"vertical-align: inherit;\"><span style=\"vertical-align: inherit;\">Reserve su viaje para una experiencia de avistamiento de ballenas comenzando desde Cap Cana en un viaje privado con gu\u00edas profesionales ecologistas. <\/span><span style=\"vertical-align: inherit;\">Si desea ponerse en contacto con nosotros para recibir asesoramiento, env\u00ede un correo electr\u00f3nico, Whatsapp o Llamadas disponibles. <\/span><span style=\"vertical-align: inherit;\">Por favor reserve con tiempo sus entradas. <\/span><span style=\"vertical-align: inherit;\">En la temporada de ballenas hay muchas reservas y nos gustar\u00eda tener sus entradas a salvo para usted.<\/span><\/span><br \/>\nn<br \/>\nn<span style=\"vertical-align: inherit;\"><span style=\"vertical-align: inherit;\">Nota: Este es un Tour Privado con un pago m\u00ednimo de 540 USD. <\/span><span style=\"vertical-align: inherit;\">Si son menos de 4 personas, cont\u00e1ctenos y le enviaremos un enlace donde puede reservar este Tour. <\/span><span style=\"vertical-align: inherit;\">Para unirse a un grupo de observaci\u00f3n de ballenas con recogida en su hotel, <\/span><\/span><a href=\"https:\/\/www.boattoursamana.com\/sk\/Tours-Excursions\/tours-excursions-samana-bay-dominican-republic\/whale-watching-2020-in-punta-cana-to-samana-bay-cayo-levantado-bacardi-island-from-hotels\/\"><span style=\"vertical-align: inherit;\"><span style=\"vertical-align: inherit;\">HAGA CLIC AQU\u00cd.<\/span><\/span><\/a><br \/>\nn<br \/>\nn<strong><span style=\"vertical-align: inherit;\"><span style=\"vertical-align: inherit;\">Tenga en cuenta<\/span><\/span><\/strong><span style=\"vertical-align: inherit;\"><span style=\"vertical-align: inherit;\"> : <\/span><\/span><em><span style=\"vertical-align: inherit;\"><span style=\"vertical-align: inherit;\">Beb\u00e9s<\/span><\/span><\/em><span style=\"vertical-align: inherit;\"><span style=\"vertical-align: inherit;\"> (0 &#8211; 23 meses) gratis, <\/span><\/span><em><span style=\"vertical-align: inherit;\"><span style=\"vertical-align: inherit;\">Ni\u00f1os<\/span><\/span><\/em><span style=\"vertical-align: inherit;\"><span style=\"vertical-align: inherit;\"> (2 &#8211; 10 <\/span><\/span><em><span style=\"vertical-align: inherit;\"><span style=\"vertical-align: inherit;\">a\u00f1os<\/span><\/span><\/em><span style=\"vertical-align: inherit;\"><span style=\"vertical-align: inherit;\"> )<\/span><\/span><br \/>\nn<br \/>\nn<em><strong><span style=\"vertical-align: inherit;\"><span style=\"vertical-align: inherit;\">V\u00fdber v\u00fdletu:<\/span><\/span><\/strong><\/em><\/p>\n<p>&nbsp;<\/p>\n<div class=\"wpb_column vc_column_container vc_col-sm-12\"><div class=\"vc_column-inner\"><div class=\"wpb_wrapper\"><div class=\"vc_btn3-container vc_btn3-inline\" ><a class=\"vc_general vc_btn3 vc_btn3-size-md vc_btn3-shape-rounded vc_btn3-style-modern vc_btn3-color-green\" href=\"https:\/\/bookingadventures.tours\/booking.php?tour_id=6ed21424a849c63fc6398949d1f80266\" title=\"\" rel=\"noopener\">REZERVOVA\u0164<\/a><\/div><\/div><\/div><\/div><div class=\"vc_row wpb_row vc_row-fluid\" ><div class=\"wpb_column vc_column_container vc_col-sm-12\"><div class=\"vc_column-inner\"><div class=\"wpb_wrapper\">\n\t<div class=\"wpb_text_column wpb_content_element\" >\n\t\t<div class=\"wpb_wrapper\">\n\t\t\t<p>\nn<\/p>\n<div class=\"vc_row wpb_row vc_row-fluid\">\nn<\/p>\n<div class=\"wpb_column vc_column_container vc_col-sm-12\">\nn<\/p>\n<div class=\"vc_column-inner\">\nn<\/p>\n<div class=\"wpb_wrapper\">\nn<\/p>\n<div class=\"wpb_text_column wpb_content_element\">\nn<\/p>\n<div class=\"wpb_wrapper\">\nn<\/p>\n<h3>V\u00fdlet na pozorovanie ve\u013er\u00fdb + Cayo Levantado z Punta Cana\/Cap Cana (s\u00fakromn\u00e1 prehliadka)<\/h3>\n<p>nWhale watching in Samana bay starting from Punta Cana\/Cap Cana hotels in Private transportation. This Trip starts between 6:00 \u2013 8:00 Am and finishes around 7:00 Pm. After aborting our boat to visit the Whales in their own habitat. After this Whale trip we will visit Bacardi Island \/ Cayo Levantado (optional). In Bacardi Island, Lunch Buffet from a typical Dominican Style will be provided. When lunch is finished you are allowed to swim until 4:00 pm. Tour will be finished at the same port from where it will start at 5:00 pm. After this, we take you back to your hotel.<br \/>\nn<br \/>\nnNote: This is a Private Tour with a minimum payment of 540 USD. If you are less then 4 people, please contact us and we will send you a link where you can book this Tour.\u00a0<strong><em>Ak sa chcete pripoji\u0165 ku skupine na pozorovanie ve\u013er\u00fdb s vyzdvihnut\u00edm vo va\u0161om hoteli, pros\u00edm<\/em>\u00a0<\/strong><a href=\"https:\/\/www.boattoursamana.com\/sk\/Tours-Excursions\/tours-excursions-samana-bay-dominican-republic\/whale-watching-2020-in-punta-cana-to-samana-bay-cayo-levantado-bacardi-island-from-hotels\/\" data-mil=\"12004\">KLIKNITE TU.<\/a><br \/>\nn<\/p>\n<ul>\nn \t<\/p>\n<li>Pozorovanie ve\u013er\u00fdb S\u00fakromn\u00fd v\u00fdlet<\/li>\n<p>n \t<\/p>\n<li>Vstupn\u00e9 do observat\u00f3ria<\/li>\n<p>n \t<\/p>\n<li>Zah\u0155\u0148a obed formou bufetu na pl\u00e1\u017ei<\/li>\n<p>n \t<\/p>\n<li>S\u00fakromn\u00fd transfer z hotelov<\/li>\n<p>n \t<\/p>\n<li>S\u00fakromn\u00fd transfer lo\u010fou<\/li>\n<p>n \t<\/p>\n<li>Kapit\u00e1n poskytuje pokyny a dozor<\/li>\n<p>n \t<\/p>\n<li>Turistick\u00fd sprievodca<\/li>\n<p>n<\/ul>\n<p>n&nbsp;<br \/>\nn<\/p>\n<h4><b>Inkl\u00fazie a vyl\u00fa\u010denia<\/b><\/h4>\n<p>n&nbsp;<br \/>\nn<br \/>\nn<b>Inkl\u00fazie<\/b><br \/>\nn<\/p>\n<ol>\nn \t<\/p>\n<li>Obed formou bufetu na pl\u00e1\u017ei<\/li>\n<p>n \t<\/p>\n<li>Turistick\u00fd sprievodca<\/li>\n<p>n \t<\/p>\n<li>Presun auta<\/li>\n<p>n \t<\/p>\n<li>V\u00fdlet na lodi<\/li>\n<p>n \t<\/p>\n<li>V\u0161etky dane, poplatky a manipula\u010dn\u00e9 poplatky<\/li>\n<p>n \t<\/p>\n<li>Miestne dane<\/li>\n<p>n \t<\/p>\n<li>N\u00e1poje<\/li>\n<p>n<\/ol>\n<p>n<b>Vyl\u00fa\u010denia<\/b><br \/>\nn<\/p>\n<ol>\nn \t<\/p>\n<li>Spropitn\u00e9<\/li>\n<p>n \t<\/p>\n<li>Alkoholick\u00e9 n\u00e1poje<\/li>\n<p>n<\/ol>\n<p>n&nbsp;<br \/>\nn<\/p>\n<h4><em><strong>Odchod a n\u00e1vrat<\/strong><\/em><\/h4>\n<p>nThe traveler will get a meeting point after the Reservation Process. Tours start and finished at the meeting point.<br \/>\nn<br \/>\nn&nbsp;<br \/>\nn<\/p>\n<h4><b><i>\u010co o\u010dak\u00e1va\u0165?<\/i><\/b><\/h4>\n<p>n&nbsp;<br \/>\nn<br \/>\nn<em><strong>Z\u00edskajte l\u00edstky<\/strong><\/em>\u00a0na jeden de\u0148 s\u00fakromn\u00e9 pozorovanie ve\u013er\u00fdb z Cap Cana do z\u00e1livu Samana plus \u00fa\u017easn\u00fd obed a \u010das na pl\u00e1\u017ei.<br \/>\nn<br \/>\nV\u00fdlety za pozorovan\u00edm ve\u013er\u00fdb organizuje \u201eBooking Adventures\u201c a za\u010d\u00edna na mieste stretnutia s turistick\u00fdm sprievodcom. Obed na pl\u00e1\u017ei a m\u00f4\u017eete zosta\u0165 tak dlho, ako chcete, k\u00fapa\u0165 sa. Ak ste veg\u00e1n, m\u00f4\u017eeme v\u00e1m tie\u017e pripravi\u0165 nejak\u00e9 jedlo.<br \/>\nn<br \/>\nn<strong>Rozvrh hod\u00edn:<\/strong><br \/>\nn<br \/>\nnFlexible<br \/>\nn<br \/>\nn&nbsp;<br \/>\nn<\/p>\n<h4><em><strong>\u010co by ste si mali prinies\u0165?<\/strong><\/em><\/h4>\n<p>n<\/p>\n<ul>\nn \t<\/p>\n<li>fotoapar\u00e1t<\/li>\n<p>n \t<\/p>\n<li>Repelentn\u00e9 p\u00fa\u010diky<\/li>\n<p>n \t<\/p>\n<li>Opa\u013eovac\u00ed kr\u00e9m<\/li>\n<p>n \t<\/p>\n<li>Klob\u00fak<\/li>\n<p>n \t<\/p>\n<li>Pohodln\u00e9 nohavice<\/li>\n<p>n \t<\/p>\n<li>Sand\u00e1le na pl\u00e1\u017e<\/li>\n<p>n \t<\/p>\n<li>Oble\u010denie na pl\u00e1vanie<\/li>\n<p>n \t<\/p>\n<li>Peniaze za suven\u00edry<\/li>\n<p>n<\/ul>\n<p>n&nbsp;<br \/>\nn<\/p>\n<h4><b><i>Vyzdvihnutie v hoteli<\/i><\/b><\/h4>\n<p>nHotel pick-up is included for this tour. We Pick up in any hotel in Punta Cana\/ Cap Cana area.<br \/>\nn<br \/>\nn&nbsp;<br \/>\nn<br \/>\nn<b>Pozn\u00e1mka:<\/b>\u00a0ak si rezervujete do 24 hod\u00edn od \u010dasu odchodu z\u00e1jazdu\/exkurzie, m\u00f4\u017eeme zariadi\u0165 vyzdvihnutie v hoteli s dodato\u010dn\u00fdmi poplatkami. Po dokon\u010den\u00ed n\u00e1kupu v\u00e1m po\u0161leme kompletn\u00e9 kontaktn\u00e9 inform\u00e1cie (telef\u00f3nne \u010d\u00edslo, e-mailov\u00fa adresu at\u010f.) pre n\u00e1\u0161ho miestneho sprievodcu, aby sme mohli zorganizova\u0165 opatrenia na vyzdvihnutie.<br \/>\nn<\/p>\n<h4><b><i>Potvrdenie dodato\u010dn\u00fdch inform\u00e1ci\u00ed<\/i><\/b><\/h4>\n<p>n<\/p>\n<ol>\nn \t<\/p>\n<li>Vstupenky s\u00fa potvrden\u00edm po zaplaten\u00ed tohto z\u00e1jazdu. Platbu m\u00f4\u017eete zobrazi\u0165 na telef\u00f3ne.<\/li>\n<p>n \t<\/p>\n<li>Miesto stretnutia bude prijat\u00e9 po procese rezerv\u00e1cie.<\/li>\n<p>n \t<\/p>\n<li>Deti musia by\u0165 v sprievode dospelej osoby.<\/li>\n<p>n \t<\/p>\n<li>bezbari\u00e9rov\u00fd pr\u00edstup<\/li>\n<p>n \t<\/p>\n<li>Doj\u010dat\u00e1 musia sedie\u0165 na kolen\u00e1ch<\/li>\n<p>n \t<\/p>\n<li>V\u00e4\u010d\u0161ina cestovate\u013eov sa m\u00f4\u017ee z\u00fa\u010dastni\u0165<\/li>\n<p>n<\/ol>\n<p>n<\/p>\n<h4><b><i>Podmienky zru\u0161enia<\/i><\/b><\/h4>\n<p>nPre vr\u00e1tenie plnej sumy zru\u0161te aspo\u0148 24 hod\u00edn pred d\u00e1tumom za\u010diatku z\u00e1\u017eitku.<br \/>\nn<br \/>\nn\n<\/div>\n<p>n\n<\/p><\/div>\n<p>n\n<\/p><\/div>\n<p>n\n<\/p><\/div>\n<p>n\n<\/p><\/div>\n<p>n\n<\/p><\/div>\n<p>n<\/p>\n<div class=\"vc_row wpb_row vc_row-fluid\">\nn<\/p>\n<div class=\"wpb_column vc_column_container vc_col-sm-12\">\nn<\/p>\n<div class=\"vc_column-inner\">\nn<\/p>\n<div class=\"wpb_wrapper\">\nn<\/p>\n<div class=\"wpb_text_column wpb_content_element\">\nn<\/p>\n<div class=\"wpb_wrapper\">\nn<\/p>\n<h4>Kontaktuj n\u00e1s?<\/h4>\n<p>n<\/p>\n<h5><b><i>PREHLIADKA VE\u013dRYB SAMANA<\/i><\/b><\/h5>\n<p>n<em><strong>Miestni obyvatelia<\/strong>\u00a0a\u00a0<strong>\u0160t\u00e1tni pr\u00edslu\u0161n\u00edci<\/strong>\u00a0Sprievodcovia a slu\u017eby pre host\u00ed<\/em><br \/>\nn<br \/>\nn<span class=\"text-turquoise\">Rezerv\u00e1cie:<\/span>\u00a0\u00a0Tours y Excursiones en Dom. Res.<br \/>\nn<br \/>\nn<img decoding=\"async\" class=\"emoji\" draggable=\"false\" src=\"https:\/\/s.w.org\/images\/core\/emoji\/11.2.0\/svg\/1f4de.svg\" alt=\" \" title=\"\">\u00a0Tel \/ Whatsapp\u00a0\u00a0\u00a0<a href=\"tel:+1-809-720-6035\">+ 1-809-720-6035<\/a>\u00a0.<br \/>\nn<\/p>\n<p data-wp-editing=\"1\"><a href=\"mailto:Reservabatour@gmail.com\"><img decoding=\"async\" class=\"emoji\" draggable=\"false\" src=\"https:\/\/s.w.org\/images\/core\/emoji\/11.2.0\/svg\/1f4e9.svg\" alt=\" \" title=\"\"> Reservabatour@gmail.com<\/a><\/p>\n<p>n&nbsp;<br \/>\nn<br \/>\nn\n<\/div>\n<p>n\n<\/p><\/div>\n<p>n\n<\/p><\/div>\n<p>n\n<\/p><\/div>\n<p>n\n<\/p><\/div>\n<p>n\n<\/p><\/div>\n<p>n<\/p>\n\n\t\t<\/div>\n\t<\/div>\n<div class=\"vc_btn3-container vc_btn3-inline\" ><a class=\"vc_general vc_btn3 vc_btn3-size-md vc_btn3-shape-rounded vc_btn3-style-modern vc_btn3-color-green\" href=\"https:\/\/bookingadventures.tours\/booking.php?tour_id=6ed21424a849c63fc6398949d1f80266\" title=\"\" rel=\"noopener\">REZERVOVA\u0164<\/a><\/div><\/div><\/div><\/div><\/div>","protected":false},"excerpt":{"rendered":"<p>Reserve su viaje para una experiencia de avistamiento de ballenas comenzando desde Cap Cana en un viaje privado con gu\u00edas profesionales ecologistas. Si desea ponerse en contacto con nosotros para recibir asesoramiento, env\u00ede un correo electr\u00f3nico, Whatsapp o Llamadas disponibles. Por favor reserve con tiempo sus entradas. En la temporada de ballenas hay muchas reservas y nos gustar\u00eda tener sus entradas a salvo para usted. n nNota: Este es un Tour Privado con un pago m\u00ednimo de 540 USD. Si [&hellip;]<\/p>\n","protected":false},"author":2,"featured_media":0,"parent":0,"menu_order":0,"comment_status":"open","ping_status":"closed","template":"","meta":{"footnotes":""},"class_list":["post-15800","page","type-page","status-publish","hentry"],"_links":{"self":[{"href":"https:\/\/www.boattoursamana.com\/sk\/wp-json\/wp\/v2\/pages\/15800","targetHints":{"allow":["GET"]}}],"collection":[{"href":"https:\/\/www.boattoursamana.com\/sk\/wp-json\/wp\/v2\/pages"}],"about":[{"href":"https:\/\/www.boattoursamana.com\/sk\/wp-json\/wp\/v2\/types\/page"}],"author":[{"embeddable":true,"href":"https:\/\/www.boattoursamana.com\/sk\/wp-json\/wp\/v2\/users\/2"}],"replies":[{"embeddable":true,"href":"https:\/\/www.boattoursamana.com\/sk\/wp-json\/wp\/v2\/comments?post=15800"}],"version-history":[{"count":0,"href":"https:\/\/www.boattoursamana.com\/sk\/wp-json\/wp\/v2\/pages\/15800\/revisions"}],"wp:attachment":[{"href":"https:\/\/www.boattoursamana.com\/sk\/wp-json\/wp\/v2\/media?parent=15800"}],"curies":[{"name":"wp","href":"https:\/\/api.w.org\/{rel}","templated":true}]}}