{"id":15805,"date":"2023-07-15T07:43:59","date_gmt":"2023-07-15T07:43:59","guid":{"rendered":"https:\/\/www.ticketswhales.com\/mountain-bikes-4-hours-kayaks-los-haitises\/"},"modified":"2023-07-15T07:43:59","modified_gmt":"2023-07-15T07:43:59","slug":"mountain-bikes-4-hours-kayaks-los-haitises","status":"publish","type":"page","link":"https:\/\/www.boattoursamana.com\/sk\/mountain-bikes-4-hours-kayaks-los-haitises","title":{"rendered":"Horsk\u00e9 bicykle + 4 hodiny kajakov Los Haitises"},"content":{"rendered":"<p><span style=\"font-weight: 400;\"><span style=\"vertical-align: inherit;\"><span style=\"vertical-align: inherit;\"><span style=\"vertical-align: inherit;\"><span style=\"vertical-align: inherit;\">Viaje con un experto local y obtenga la experiencia \u00fanica de andar en bicicleta comenzando desde Sabana de la Mar, este tour lo llevar\u00e1 a ver el hermoso paisaje del campo de la Rep\u00fablica Dominicana. <\/span><\/span><\/span><span style=\"vertical-align: inherit;\"><span style=\"vertical-align: inherit;\"><span style=\"vertical-align: inherit;\">\u00a1Mientras andas en bicicleta podr\u00e1s saludar! <\/span><\/span><\/span><span style=\"vertical-align: inherit;\"><span style=\"vertical-align: inherit;\"><span style=\"vertical-align: inherit;\">los agricultores montando sus caballos o motocicletas a su propiedad y durante el recorrido, podr\u00e1 emerger en la aventura y la culture local de Sabana de la Mar. \u00a1Experiencia \u00fanica en bicicleta de monta\u00f1a!<\/span><\/span><\/span><\/span><\/span><br \/>\nn<br \/>\nn&nbsp;<br \/>\nn<br \/>\nn<strong><span style=\"vertical-align: inherit;\"><span style=\"vertical-align: inherit;\"><span style=\"vertical-align: inherit;\"><span style=\"vertical-align: inherit;\">Seleccione la fecha para el Tour:<\/span><\/span><\/span><\/span><\/strong><\/p>\n<p>&nbsp;<\/p>\n<div class=\"vc_row wpb_row vc_row-fluid\" ><div class=\"wpb_column vc_column_container vc_col-sm-12\"><div class=\"vc_column-inner\"><div class=\"wpb_wrapper\"><div class=\"vc_empty_space\"   style=\"height: 32px\"><span class=\"vc_empty_space_inner\"><\/span><\/div><\/div><\/div><\/div><\/div><div class=\"vc_row wpb_row vc_row-fluid\" ><div class=\"wpb_column vc_column_container vc_col-sm-12\"><div class=\"vc_column-inner\"><div class=\"wpb_wrapper\"><div class=\"mkdf-section-title-holder\" style=\"text-align: left\">\n\t<div class=\"mkdf-st-inner\">\n\t\t\t\t\t<h5 class=\"mkdf-st-subtitle\" >\n\t\t\t\tBicykel, mangrovy, kajaky, jaskyne a \u010fal\u0161ie.\t\t\t<\/h5>\n\t\t\t\t\t\t\t<h3 class=\"mkdf-st-title\" >\n\t\t\t\tHorsk\u00fd bicykel Los Haitises + kajaky\t\t\t<\/h3>\n\t\t\t\t\t<\/div>\n<\/div><\/div><\/div><\/div><\/div><div class=\"vc_row wpb_row vc_row-fluid\" ><div class=\"wpb_column vc_column_container vc_col-sm-12\"><div class=\"vc_column-inner\"><div class=\"wpb_wrapper\"><div class=\"vc_empty_space\"   style=\"height: 32px\"><span class=\"vc_empty_space_inner\"><\/span><\/div><\/div><\/div><\/div><\/div><div class=\"vc_row wpb_row vc_row-fluid\" ><div class=\"wpb_column vc_column_container vc_col-sm-12\"><div class=\"vc_column-inner\"><div class=\"wpb_wrapper\">\n\t<div class=\"wpb_text_column wpb_content_element\" >\n\t\t<div class=\"wpb_wrapper\">\n\t\t\t<p>\nn<\/p>\n<h5><strong>Preh\u013ead<\/strong><\/h5>\n<p>n<span style=\"font-weight: 400;\">Cestujte s miestnym odborn\u00edkom a z\u00edskajte jedine\u010dn\u00fd z\u00e1\u017eitok z jazdy na bicykli zo Sabana de la Mar. T\u00e1to prehliadka v\u00e1s prevedie kr\u00e1snou krajinou Dominik\u00e1nskej republiky. Ke\u010f budete jazdi\u0165 na bicykli, budete sa m\u00f4c\u0165 pozdravi\u0165! farm\u00e1ri jazdia na svojich ko\u0148och alebo motork\u00e1ch na svoj pozemok a po\u010das prehliadky sa budete m\u00f4c\u0165 objavi\u0165 v dobrodru\u017estve a miestnej kult\u00fare zo Sabana de la Mar. Nieko\u013eko faktov o Los Haitises: je jedn\u00fdm z najv\u00e4\u010d\u0161\u00edch v\u00e1pencov\u00fdch \u00fatvarov na svete, a miesto na ochranu endemick\u00fdch druhov, Lokalita s v\u00e4\u010d\u0161inou biodiverzity ostrova a je tu jeden z najv\u00e4\u010d\u0161\u00edch mangrovov\u00fdch lesov Quisqueya.<\/span><br \/>\nn<br \/>\nn&nbsp;<br \/>\nn<br \/>\nn<strong>Inkl\u00fazie a vyl\u00fa\u010denia<\/strong><br \/>\nn<br \/>\nn&nbsp;<br \/>\nn<br \/>\nn<strong>Inkl\u00fazie<\/strong><br \/>\nn<br \/>\nn<span style=\"font-weight: 400;\">Bicyklovanie<\/span><br \/>\nn<br \/>\nn<span style=\"font-weight: 400;\">Jazda na kajaku<\/span><br \/>\nn<br \/>\nn<span style=\"font-weight: 400;\">Ob\u010derstvenie<\/span><br \/>\nn<br \/>\nn<span style=\"font-weight: 400;\">1 f\u013ea\u0161a s vodou\u00a0<\/span><br \/>\nn<br \/>\nn<span style=\"font-weight: 400;\">S\u00faprava prvej pomoci\u00a0<\/span><br \/>\nn<br \/>\nn<span style=\"font-weight: 400;\">V\u0161etky dane, poplatky a manipula\u010dn\u00e9 poplatky<\/span><br \/>\nn<br \/>\nn<span style=\"font-weight: 400;\">Miestne dane<\/span><br \/>\nn<br \/>\nn<span style=\"font-weight: 400;\">\u00daradn\u00edci Ekol\u00f3govia Sprievodcovia anglicky\/\u0161panielsky<\/span><br \/>\nn<br \/>\nn&nbsp;<br \/>\nn<br \/>\nn<strong>Vyl\u00fa\u010denia<\/strong><br \/>\nn<br \/>\nn<span style=\"font-weight: 400;\">Spropitn\u00e9<\/span><br \/>\nn<br \/>\nn<span style=\"font-weight: 400;\">Prestup<\/span><br \/>\nn<br \/>\nn<span style=\"font-weight: 400;\">N\u00e1poj<\/span><br \/>\nn<br \/>\nn<span style=\"font-weight: 400;\">\u00a0<\/span><br \/>\nn<br \/>\nn&nbsp;<br \/>\nn<br \/>\nn<span style=\"font-weight: 400;\">Odchod a n\u00e1vrat<\/span><br \/>\nn<br \/>\nn&nbsp;<br \/>\nn<br \/>\nn<span style=\"font-weight: 400;\">Prehliadka organizovan\u00e1 \u201eBooking Adventures\u201c za\u010d\u00edna na mieste stretnutia s turistick\u00fdm sprievodcom. Cestuj\u00faci dostane miesto stretnutia po procese rezerv\u00e1cie. Prehliadky za\u010d\u00ednaj\u00fa a kon\u010dia v miestach na\u0161ich stretnut\u00ed.<\/span><br \/>\nn<br \/>\nn&nbsp;<br \/>\nn<br \/>\nn<span style=\"font-weight: 400;\">\u010co o\u010dak\u00e1va\u0165?<\/span><br \/>\nn<br \/>\nn&nbsp;<br \/>\nn<br \/>\nn<span style=\"font-weight: 400;\">Z\u00edskajte l\u00edstok na jazdu na bicykli a kajaku zo Sabana de la Mar\u00a0<\/span><br \/>\nn<br \/>\nn&nbsp;<br \/>\nn<br \/>\nn<span style=\"font-weight: 400;\">T\u00e1to exkurzia sa za\u010d\u00edna na mieste stretnutia, ktor\u00e9 mus\u00edte potvrdi\u0165 na\u0161im cestovn\u00fdm kancel\u00e1ri\u00e1m alebo v\u00e1\u0161mu sprievodcovi, k\u00fdm sa vyd\u00e1te na ak\u00e9ko\u013evek miesto. Ke\u010f sa stretnete so svoj\u00edm sprievodcom, budete ma\u0165 preh\u013ead o prehliadke a v\u0161etkom, \u010do s\u00favis\u00ed s va\u0161\u00edm d\u0148om.<\/span><br \/>\nn<br \/>\nn&nbsp;<br \/>\nn<br \/>\nn<span style=\"font-weight: 400;\">Ke\u010f s\u00fa v\u0161etci pripraven\u00ed, zamierime do pr\u00edstavu n\u00e1rodn\u00e9ho parku Los Haitises, kde za\u010dnete na kajaku na rieke Cano Hondo, ktor\u00e1 kon\u010d\u00ed v z\u00e1live San Lorenzo, toto je mal\u00e1 z\u00e1toka s rozlohou iba 10 km2 a na dve hodiny sa vynor\u00edte sami. v r\u00f4znych ekosyst\u00e9moch Los Haitises.\u00a0<\/span><br \/>\nn<br \/>\nn&nbsp;<br \/>\nn<br \/>\nn<span style=\"font-weight: 400;\">Po\u010das tejto \u010dasti v\u00fdletu budete p\u00e1dlova\u0165 okolo mangrovov\u00e9ho lesa, ktor\u00fd je druh\u00fd najv\u00e4\u010d\u0161\u00ed na ostrove s rozlohou viac ako 90 km2 a ke\u010f sa dostanete do z\u00e1livu San Lorenzo, uvid\u00edte polostrov a z\u00e1liv Samana.\u00a0<\/span><br \/>\nn<br \/>\nn&nbsp;<br \/>\nn<br \/>\nn<span style=\"font-weight: 400;\">Po\u010das pobytu m\u00e1te mo\u017enos\u0165 vidie\u0165 delf\u00edny, vt\u00e1ky ako volavka modr\u00e1, volavka popolav\u00e1, vrana, pelik\u00e1n hned\u00fd, ryb\u00e1k kr\u00e1\u013eovsk\u00fd, fregatka ve\u013ekolep\u00e1 a jedine\u010dn\u00fd v\u00fdh\u013ead na n\u00e1rodn\u00fd park Los Haitises. Po 4 hodin\u00e1ch a pol hodin\u00e1ch aktiv\u00edt v n\u00e1rodnom parku Los Haitises a Sabana de la Mar t\u00e1to exkurzia kon\u010d\u00ed na rovnakom mieste, ako za\u010dala.<\/span><br \/>\nn<br \/>\nn&nbsp;<br \/>\nn<br \/>\nn<span style=\"font-weight: 400;\">Pozn\u00e1mka: Tieto z\u00e1jazdy s\u00fa s ofici\u00e1lnymi ekologick\u00fdmi sprievodcami. Pros\u00edm, rezervujte si \u010das, preto\u017ee v parku nie je pr\u00edli\u0161 ve\u013ea \u0161pecialistov.<\/span><br \/>\nn<br \/>\nn&nbsp;<br \/>\nn<br \/>\nn<span style=\"font-weight: 400;\">\u00a0<\/span><br \/>\nn<br \/>\nn&nbsp;<br \/>\nn<br \/>\nn<span style=\"font-weight: 400;\">\u010co by ste si mali prinies\u0165?<\/span><br \/>\nn<\/p>\n<ul>\nn \t<\/p>\n<li style=\"font-weight: 400;\" aria-level=\"1\"><span style=\"font-weight: 400;\">fotoapar\u00e1t<\/span><\/li>\n<p>n \t<\/p>\n<li style=\"font-weight: 400;\" aria-level=\"1\"><span style=\"font-weight: 400;\">Repelentn\u00e9 p\u00fa\u010diky<\/span><\/li>\n<p>n \t<\/p>\n<li style=\"font-weight: 400;\" aria-level=\"1\"><span style=\"font-weight: 400;\">opa\u013eovac\u00ed kr\u00e9m<\/span><\/li>\n<p>n \t<\/p>\n<li style=\"font-weight: 400;\" aria-level=\"1\"><span style=\"font-weight: 400;\">Klob\u00fak<\/span><\/li>\n<p>n \t<\/p>\n<li style=\"font-weight: 400;\" aria-level=\"1\"><span style=\"font-weight: 400;\">Pohodln\u00e9 nohavice<\/span><\/li>\n<p>n \t<\/p>\n<li style=\"font-weight: 400;\" aria-level=\"1\"><span style=\"font-weight: 400;\">Be\u017eeck\u00e9 top\u00e1nky\u00a0<\/span><\/li>\n<p>n \t<\/p>\n<li style=\"font-weight: 400;\" aria-level=\"1\"><span style=\"font-weight: 400;\">Sand\u00e1le na kajak\u00a0<\/span><\/li>\n<p>n \t<\/p>\n<li style=\"font-weight: 400;\" aria-level=\"1\"><span style=\"font-weight: 400;\">Oble\u010denie na pl\u00e1vanie<\/span><\/li>\n<p>n \t<\/p>\n<li style=\"font-weight: 400;\" aria-level=\"1\"><span style=\"font-weight: 400;\">Uter\u00e1ky\u00a0<\/span><\/li>\n<p>n<\/ul>\n<p>n&nbsp;<br \/>\nn<\/p>\n<h4><b><i>Vyzdvihnutie v hoteli <\/i><\/b><\/h4>\n<p>n<span style=\"font-weight: 400;\">Vyzdvihnutie v hoteli sa pre tento z\u00e1jazd nepon\u00faka. <\/span><br \/>\nn<br \/>\nn&nbsp;<br \/>\nn<br \/>\nn<b>Pozn\u00e1mka:<\/b><span style=\"font-weight: 400;\"> ak si rezervujete do 24 hod\u00edn od \u010dasu odchodu z\u00e1jazdu\/exkurzie, m\u00f4\u017eeme zariadi\u0165 vyzdvihnutie v hoteli s dodato\u010dn\u00fdmi poplatkami. Po dokon\u010den\u00ed n\u00e1kupu v\u00e1m po\u0161leme kompletn\u00e9 kontaktn\u00e9 inform\u00e1cie (telef\u00f3nne \u010d\u00edslo, e-mailov\u00fa adresu at\u010f.) pre n\u00e1\u0161ho miestneho sprievodcu, aby sme mohli zorganizova\u0165 opatrenia na vyzdvihnutie.<\/span><br \/>\nn<\/p>\n<h4><b><i>Potvrdenie dodato\u010dn\u00fdch inform\u00e1ci\u00ed <\/i><\/b><\/h4>\n<p>n<\/p>\n<ol>\nn \t<\/p>\n<li>Vstupenky s\u00fa potvrden\u00edm po zaplaten\u00ed tohto z\u00e1jazdu. Platbu m\u00f4\u017eete zobrazi\u0165 na telef\u00f3ne.<\/li>\n<p>n \t<\/p>\n<li style=\"font-weight: 400;\"><span style=\"font-weight: 400;\">Miesto stretnutia bude prijat\u00e9 po procese rezerv\u00e1cie.<\/span><\/li>\n<p>n \t<\/p>\n<li style=\"font-weight: 400;\"><span style=\"font-weight: 400;\">Deti musia by\u0165 v sprievode dospelej osoby.<\/span><\/li>\n<p>n \t<\/p>\n<li style=\"font-weight: 400;\"><span style=\"font-weight: 400;\"> Bezbari\u00e9rov\u00fd pr\u00edstup <\/span><\/li>\n<p>n \t<\/p>\n<li style=\"font-weight: 400;\"><span style=\"font-weight: 400;\">Doj\u010dat\u00e1 musia sedie\u0165 na kolen\u00e1ch <\/span><\/li>\n<p>n \t<\/p>\n<li style=\"font-weight: 400;\"><span style=\"font-weight: 400;\">Neodpor\u00fa\u010da sa pre cestuj\u00facich s probl\u00e9mami s chrbtom<\/span><\/li>\n<p>n \t<\/p>\n<li style=\"font-weight: 400;\"><span style=\"font-weight: 400;\">Neodpor\u00fa\u010da sa pre tehotn\u00e9 cestovate\u013eky <\/span><\/li>\n<p>n \t<\/p>\n<li style=\"font-weight: 400;\"><span style=\"font-weight: 400;\"> \u017diadne srdcov\u00e9 probl\u00e9my ani in\u00e9 v\u00e1\u017ene zdravotn\u00e9 \u0165a\u017ekosti <\/span><\/li>\n<p>n \t<\/p>\n<li style=\"font-weight: 400;\"><span style=\"font-weight: 400;\">V\u00e4\u010d\u0161ina cestovate\u013eov sa m\u00f4\u017ee z\u00fa\u010dastni\u0165<\/span><\/li>\n<p>n<\/ol>\n<p>n<\/p>\n<h4><b><i>Podmienky zru\u0161enia<\/i><\/b><\/h4>\n<p>Ak chcete z\u00edska\u0165 pln\u00fa n\u00e1hradu, pre\u010d\u00edtajte si na\u0161e pravidl\u00e1 pre zru\u0161enie\u00a0<a href=\"https:\/\/www.boattoursamana.com\/sk\/online-rezervacia\/\" target=\"_blank\" rel=\"noopener\" data-saferedirecturl=\"https:\/\/www.google.com\/url?q=https:\/\/www.boattoursamana.com\/online-booking\/&amp;source=gmail&amp;ust=1672449202351000&amp;usg=AOvVaw1yAeVAPktmaVCqDujgUn90\">Kliknite tu<\/a>. Finan\u010dn\u00e9 prostriedky bud\u00fa straten\u00e9, ak bude rezerv\u00e1cia zru\u0161en\u00e1 v ten ist\u00fd de\u0148 z\u00e1jazdu.<\/p>\n\n\t\t<\/div>\n\t<\/div>\n<\/div><\/div><\/div><\/div><div class=\"vc_row wpb_row vc_row-fluid\" ><\/div><div class=\"wpb_column vc_column_container vc_col-sm-12\"><div class=\"vc_column-inner\"><div class=\"wpb_wrapper\"><\/div><\/div><\/div><div class=\"vc_empty_space\"   style=\"height: 32px\"><span class=\"vc_empty_space_inner\"><\/span><\/div>\n\t<div class=\"wpb_text_column wpb_content_element\" >\n\t\t<div class=\"wpb_wrapper\">\n\t\t\t<p>\nn<br \/>\nnSom textov\u00fd blok. Kliknut\u00edm na tla\u010didlo upravi\u0165 tento text zmen\u00edte. Lorem ipsum dolor sit amet, consectetur adipiscing elit. Ut elit tellus, luctus nec ullamcorper mattis, pulvinar dapibus leo.<br \/>\nn<br \/>\nn<\/p>\n\n\t\t<\/div>\n\t<\/div>\n<div class=\"vc_empty_space\"   style=\"height: 32px\"><span class=\"vc_empty_space_inner\"><\/span><\/div>","protected":false},"excerpt":{"rendered":"<p>Viaje con un experto local y obtenga la experiencia \u00fanica de andar en bicicleta comenzando desde Sabana de la Mar, este tour lo llevar\u00e1 a ver el hermoso paisaje del campo de la Rep\u00fablica Dominicana. \u00a1Mientras andas en bicicleta podr\u00e1s saludar! los agricultores montando sus caballos o motocicletas a su propiedad y durante el recorrido, podr\u00e1 emerger en la aventura y la cultura local de Sabana de la Mar. \u00a1Experiencia \u00fanica en bicicleta de monta\u00f1a! n n&nbsp; n nSeleccione la [&hellip;]<\/p>\n","protected":false},"author":2,"featured_media":0,"parent":0,"menu_order":0,"comment_status":"open","ping_status":"closed","template":"","meta":{"footnotes":""},"class_list":["post-15805","page","type-page","status-publish","hentry"],"_links":{"self":[{"href":"https:\/\/www.boattoursamana.com\/sk\/wp-json\/wp\/v2\/pages\/15805","targetHints":{"allow":["GET"]}}],"collection":[{"href":"https:\/\/www.boattoursamana.com\/sk\/wp-json\/wp\/v2\/pages"}],"about":[{"href":"https:\/\/www.boattoursamana.com\/sk\/wp-json\/wp\/v2\/types\/page"}],"author":[{"embeddable":true,"href":"https:\/\/www.boattoursamana.com\/sk\/wp-json\/wp\/v2\/users\/2"}],"replies":[{"embeddable":true,"href":"https:\/\/www.boattoursamana.com\/sk\/wp-json\/wp\/v2\/comments?post=15805"}],"version-history":[{"count":0,"href":"https:\/\/www.boattoursamana.com\/sk\/wp-json\/wp\/v2\/pages\/15805\/revisions"}],"wp:attachment":[{"href":"https:\/\/www.boattoursamana.com\/sk\/wp-json\/wp\/v2\/media?parent=15805"}],"curies":[{"name":"wp","href":"https:\/\/api.w.org\/{rel}","templated":true}]}}