{"id":15807,"date":"2023-07-15T07:43:59","date_gmt":"2023-07-15T07:43:59","guid":{"rendered":"https:\/\/www.ticketswhales.com\/saona-island-rentals-rent-a-private-boat\/"},"modified":"2023-07-15T07:43:59","modified_gmt":"2023-07-15T07:43:59","slug":"saona-island-rentals-rent-a-private-boat","status":"publish","type":"page","link":"https:\/\/www.boattoursamana.com\/sk\/saona-ostrov-pozicovne-pozicovne-sukromnej-lode","title":{"rendered":"Pren\u00e1jom ostrova Saona \u2013 Prenajmite si s\u00fakromn\u00fa lo\u010f"},"content":{"rendered":"<p>&nbsp;<\/p>\n<div class=\"vc_row wpb_row vc_row-fluid\" > <div class=\"wpb_column vc_column_container vc_col-sm-12\"><div class=\"vc_column-inner\"><div class=\"wpb_wrapper\"> \n\t<div class=\"wpb_text_column wpb_content_element\" >\n\t\t<div class=\"wpb_wrapper\">\n\t\t\t\n\t\t<\/div>\n\t<\/div>\n <\/div><\/div><\/div> <\/div> <div class=\"wpb_column vc_column_container vc_col-sm-12\"><div class=\"vc_column-inner\"><div class=\"wpb_wrapper\"> <div class=\"vc_btn3-container vc_btn3-inline\" ><button class=\"vc_general vc_btn3 vc_btn3-size-md vc_btn3-shape-rounded vc_btn3-style-modern vc_btn3-color-green\">REZERVOVA\u0164<\/button><\/div> <\/div><\/div><\/div> <div class=\"vc_tta-container\" data-vc-action=\"collapse\"><div class=\"vc_general vc_tta vc_tta-tabs vc_tta-color-grey vc_tta-style-classic vc_tta-shape-rounded vc_tta-spacing-1 vc_tta-tabs-position-top vc_tta-controls-align-left\"><div class=\"vc_tta-tabs-container\"><ul class=\"vc_tta-tabs-list\"><\/ul><\/div><div class=\"vc_tta-panels-container\"><div class=\"vc_tta-panels\"> <\/div><\/div><\/div><\/div> <div class=\"vc_tta-panel vc_active\" id=\"1616582286467-74629ea8-fd69\" data-vc-content=\".vc_tta-panel-body\"><div class=\"vc_tta-panel-heading\"><h4 class=\"vc_tta-panel-title\"><a href=\"#1616582286467-74629ea8-fd69\" data-vc-accordion data-vc-container=\".vc_tta-container\"><span class=\"vc_tta-title-text\">Popis<\/span><\/a><\/h4><\/div><div class=\"vc_tta-panel-body\"> \n\t<div class=\"wpb_text_column wpb_content_element\" >\n\t\t<div class=\"wpb_wrapper\">\n\t\t\t<p>\nn<\/p>\n<div class=\"custom-left\">\nn<\/p>\n<div class=\"row\">\nn<\/p>\n<div class=\"col-md-12 cust-clas\">\nn<\/p>\n<div class=\"product-header alignleft\">\nn<br \/>\nOSTROV nSAONA \u2013 LO\u010e \u2013 PO\u017dI\u010cOV\u0147A<br \/>\nn<br \/>\nnCELODENN\u00c1 S\u00daKROMN\u00c1 CHARTER NA OSTROV SAONA<br \/>\nn<br \/>\nnFLEXIBILN\u00c9 TRVANIE \u2013 PONDELOK A\u017d NEDE\u013dA<br \/>\nn<br \/>\nn<\/div>\n<p>n\n<\/p><\/div>\n<p>n\n<\/p><\/div>\n<p>n\n<\/p><\/div>\n<p>n<\/p>\n<div class=\"custom-left para-p\">\nn<\/p>\n<div class=\"info_content_label\">\nn<br \/>\nn&nbsp;<br \/>\nn<br \/>\nn&nbsp;<br \/>\nn<br \/>\nn&nbsp;<br \/>\nn<br \/>\nn&nbsp;<br \/>\nn<br \/>\nPrenajmite si t\u00fato b\u00e1je\u010dn\u00fa lo\u010f na cel\u00fd de\u0148 a\u017e pre 16 os\u00f4b a nav\u0161t\u00edvte ostrov Saona.<br \/>\nn<br \/>\nn<strong>VR\u00c1TANE<\/strong><br \/>\nn<\/p>\n<ul>\nn \t<\/p>\n<li>Pos\u00e1dka (kapit\u00e1n a asistent kapit\u00e1na)<\/li>\n<p>n \t<\/p>\n<li>Palivo<\/li>\n<p>n \t<\/p>\n<li>\u013dadov\u00fd chladi\u010d s \u013eadom<\/li>\n<p>n<\/ul>\n<p>nFood je k dispoz\u00edcii za pr\u00edplatok:<br \/>\nn<br \/>\nn<strong>Podrobnosti o tradi\u010dnom obede formou bufetu, $15 USD p\/p:<\/strong><br \/>\nn<br \/>\nn-Zelen\u00fd \u0161al\u00e1t, rusk\u00fd \u0161al\u00e1t<br \/>\nn<br \/>\nn-rytier<br \/>\nn<br \/>\n-Moro de Guandule (ry\u017ea na dominik\u00e1nsky sp\u00f4sob) s kokosom<br \/>\nn<br \/>\nn-cestoviny v paradajkovej om\u00e1\u010dke-maniok<br \/>\nn<br \/>\n-Grilovan\u00e1 ryba a kuracie m\u00e4so (dorado) + volite\u013en\u00e1 om\u00e1\u010dka z kokosov\u00e9ho mlieka<br \/>\nn<br \/>\n- \u010cerstv\u00e9 ovocie - 1 nealkoholick\u00fd n\u00e1poj (nealkoholick\u00fd n\u00e1poj alebo voda)<br \/>\nn-Cafeteria<br \/>\nn<br \/>\nn<strong>Dodato\u010dn\u00e1 slu\u017eba hom\u00e1rov + kokosov\u00fd fond\u00e1n $19 USD (dodato\u010dn\u00fd).<\/strong><br \/>\nn<br \/>\nn<\/div>\n<p>n<strong><label>Nezah\u0155\u0148a:<\/label><\/strong> N\u00e1poje a jedlo NIE s\u00fa zahrnut\u00e9 v cene a je mo\u017en\u00e9 ich zabezpe\u010di\u0165 za pr\u00edplatok.<br \/>\nn<br \/>\nn&nbsp;<br \/>\nn<br \/>\nn<\/div>\n<p>Ak potrebujete viac inform\u00e1ci\u00ed alebo m\u00e1te nejak\u00e9 ot\u00e1zky, nev\u00e1hajte n\u00e1s kontaktova\u0165 cez Whatsapp: +1-809-720-6035 alebo live chat. Pon\u00fakame najlep\u0161iu cenu online!<br \/>\nn<br \/>\nn&nbsp;<br \/>\nn<\/p>\n<h4><b><i>Podmienky zru\u0161enia<\/i><\/b><\/h4>\n<p>Ak chcete z\u00edska\u0165 pln\u00fa n\u00e1hradu, pre\u010d\u00edtajte si na\u0161e pravidl\u00e1 pre zru\u0161enie <a href=\"https:\/\/www.boattoursamana.com\/sk\/online-rezervacia\/\" target=\"_blank\" rel=\"noopener\" data-saferedirecturl=\"https:\/\/www.google.com\/url?q=https:\/\/www.boattoursamana.com\/online-booking\/&amp;source=gmail&amp;ust=1672449202351000&amp;usg=AOvVaw1yAeVAPktmaVCqDujgUn90\">Kliknite tu<\/a>. Ak bude rezerv\u00e1cia zru\u0161en\u00e1 v ten ist\u00fd de\u0148, finan\u010dn\u00e9 prostriedky prepadn\u00fa. <\/p>\n\n\t\t<\/div>\n\t<\/div>\n <\/div><\/div> <div class=\"vc_tta-panel\" id=\"1616580432722-00be9baf-46e3\" data-vc-content=\".vc_tta-panel-body\"><div class=\"vc_tta-panel-heading\"><h4 class=\"vc_tta-panel-title\"><a href=\"#1616580432722-00be9baf-46e3\" data-vc-accordion data-vc-container=\".vc_tta-container\"><span class=\"vc_tta-title-text\">Ceny<\/span><\/a><\/h4><\/div><div class=\"vc_tta-panel-body\"> <\/div><\/div> <div class=\"mkdf-section-title-holder\" style=\"text-align: center\">\n\t<div class=\"mkdf-st-inner\">\n\t\t\t\t\t\t\t<h3 class=\"mkdf-st-title\" >\n\t\t\t\tCENY\t\t\t<\/h3>\n\t\t\t\t\t<\/div>\n<\/div> <div class=\"vc_empty_space\"   style=\"height: 32px\"><span class=\"vc_empty_space_inner\"><\/span><\/div> <div class=\"vc_row wpb_row vc_row-fluid\" > <div class=\"wpb_column vc_column_container vc_col-sm-12\"><div class=\"vc_column-inner\"><div class=\"wpb_wrapper\"> <div class=\"vc_btn3-container vc_btn3-inline\" ><button class=\"vc_general vc_btn3 vc_btn3-size-md vc_btn3-shape-rounded vc_btn3-style-modern vc_btn3-color-green\">REZERVOVA\u0164<\/button><\/div> <\/div><\/div><\/div> <\/div>","protected":false},"excerpt":{"rendered":"<p>&nbsp;<\/p>","protected":false},"author":2,"featured_media":0,"parent":0,"menu_order":0,"comment_status":"open","ping_status":"closed","template":"","meta":{"footnotes":""},"class_list":["post-15807","page","type-page","status-publish","hentry"],"_links":{"self":[{"href":"https:\/\/www.boattoursamana.com\/sk\/wp-json\/wp\/v2\/pages\/15807","targetHints":{"allow":["GET"]}}],"collection":[{"href":"https:\/\/www.boattoursamana.com\/sk\/wp-json\/wp\/v2\/pages"}],"about":[{"href":"https:\/\/www.boattoursamana.com\/sk\/wp-json\/wp\/v2\/types\/page"}],"author":[{"embeddable":true,"href":"https:\/\/www.boattoursamana.com\/sk\/wp-json\/wp\/v2\/users\/2"}],"replies":[{"embeddable":true,"href":"https:\/\/www.boattoursamana.com\/sk\/wp-json\/wp\/v2\/comments?post=15807"}],"version-history":[{"count":0,"href":"https:\/\/www.boattoursamana.com\/sk\/wp-json\/wp\/v2\/pages\/15807\/revisions"}],"wp:attachment":[{"href":"https:\/\/www.boattoursamana.com\/sk\/wp-json\/wp\/v2\/media?parent=15807"}],"curies":[{"name":"wp","href":"https:\/\/api.w.org\/{rel}","templated":true}]}}