{"id":15814,"date":"2023-07-15T07:44:18","date_gmt":"2023-07-15T07:44:18","guid":{"rendered":"https:\/\/www.ticketswhales.com\/jarabacoa-buggy-with-baiguate-waterfall\/"},"modified":"2023-07-15T07:44:18","modified_gmt":"2023-07-15T07:44:18","slug":"jarabacoa-buggy-with-baiguate-waterfall","status":"publish","type":"page","link":"https:\/\/www.boattoursamana.com\/sk\/bugina-jarabacoa-s-vodopadom-baiguate","title":{"rendered":"Ko\u010d\u00edk Jarabacoa s vodop\u00e1dom Baiguate"},"content":{"rendered":"<p><span style=\"font-weight: 400;\"><span style=\"vertical-align: inherit;\"><span style=\"vertical-align: inherit;\">\u00danase a nosotros y viaje con un experto local de Jarabacoa y obtenga la experiencia \u00fanica de visitar los mejores lugares de la capital del ecoturismo a partir de Jarabacoa, este tour lo llevar\u00e1 a conocer el hermoso paisaje del rancho de Dominica grandnae\u00f1os <\/span><span style=\"vertical-align: inherit;\">Mientras conduce por los diferentes lugares, sentir\u00e1 el aire de la monta\u00f1a y disfrutar\u00e1 de la belleza del campo.\u00a0<\/span><\/span><\/span><br \/>\nn<br \/>\nn<strong><span style=\"vertical-align: inherit;\"><span style=\"vertical-align: inherit;\">Seleccione la fecha para el Tour:\u00a0<\/span><\/span><\/strong><\/p>\n<p>&nbsp;<\/p>\n<div class=\"vc_row wpb_row vc_row-fluid\" ><div class=\"wpb_column vc_column_container vc_col-sm-12\"><div class=\"vc_column-inner\"><div class=\"wpb_wrapper\">\n\t<div class=\"wpb_text_column wpb_content_element\" >\n\t\t<div class=\"wpb_wrapper\">\n\t\t\t<p>Jarabacoa s Jimenoa a Baiguate WaterfallsBuggy<\/p>\n\n\t\t<\/div>\n\t<\/div>\n<div class=\"vc_btn3-container vc_btn3-inline\" ><button class=\"vc_general vc_btn3 vc_btn3-size-md vc_btn3-shape-rounded vc_btn3-style-modern vc_btn3-color-green\">REZERVOVA\u0164<\/button><\/div><\/div><\/div><\/div><\/div><div class=\"vc_row wpb_row vc_row-fluid\" ><div class=\"wpb_column vc_column_container vc_col-sm-12\"><div class=\"vc_column-inner\"><div class=\"wpb_wrapper\">\n\t<div class=\"wpb_text_column wpb_content_element\" >\n\t\t<div class=\"wpb_wrapper\">\n\t\t\t<p>\nn<\/p>\n<h3 class=\"ui_header h1 attractions-product-info-ProductTitle__title--1qM0o\">Jarabacoa Buggy a vodop\u00e1d Baiguate<\/h3>\n<p>n<\/p>\n<h4><b><i>Preh\u013ead <\/i><\/b><\/h4>\n<p>n<span style=\"font-weight: 400;\">Pridajte sa k n\u00e1m a cestujte s miestnym odborn\u00edkom z Jarabacoa a z\u00edskajte jedine\u010dn\u00fd z\u00e1\u017eitok z n\u00e1v\u0161tevy najlep\u0161\u00edch miest z hlavn\u00e9ho mesta ekoturistiky po\u010dn\u00fac od Jarabacoa. T\u00e1to prehliadka v\u00e1s prevedie poh\u013eadom na n\u00e1dhern\u00fa krajinu najv\u00e4\u010d\u0161ieho horsk\u00e9ho ran\u010da Dominik\u00e1nskej republiky. Ke\u010f budete jazdi\u0165 do r\u00f4znych miest, budete c\u00edti\u0165 horsk\u00fd vzduch a u\u017e\u00edva\u0165 si kr\u00e1su krajiny.\u00a0<\/span><br \/>\nn<br \/>\nn<span style=\"font-weight: 400;\">Na toto turn\u00e9 sa m\u00f4\u017eeme dosta\u0165 na r\u00f4zne miesta. Budete ma\u0165 mo\u017enosti: Bicyklovanie, Jazda na koni, Safari, \u0160tyri koles\u00e1 alebo Buggy. K\u00fapte si l\u00edstok online u\u017e teraz a zabavte sa spozn\u00e1van\u00edm kult\u00fary Jarabacoa a Dominik\u00e1nskej republiky, ke\u010f budete cestova\u0165 po najlep\u0161\u00edch miestach mesta.<\/span><br \/>\nn<br \/>\nn<span style=\"font-weight: 400;\">Jarabacoa je mesto ve\u010dn\u00fdch jarn\u00fdch pr\u00e1zdnin kv\u00f4li po\u010dasiu a druh\u00e1 najv\u00fdznamnej\u0161ia obec z provincie la Vega. Pod\u013ea hist\u00f3rie znamen\u00e1 Jarabacoa \u201emiesto ve\u013ek\u00e9ho mno\u017estva vody\u201c. 27. septembra 1858 za\u010dala Jarabacoa svoj \u017eivot ako obec, kateg\u00f3ria z\u00edskan\u00e1 po kari\u00e9re, ktor\u00e1 pri\u0161la zo za\u010diatku 19. storo\u010dia. Cestujte s nami a spoznajte viac o hor\u00e1ch, pr\u00edrode, kult\u00fare a \u013eu\u010foch severn\u00e9ho regi\u00f3nu Dominik\u00e1nskej republiky.\u00a0<\/span><br \/>\nn<\/p>\n<ul>\nn \t<\/p>\n<li style=\"font-weight: 400;\">Vr\u00e1tane poplatkov<\/li>\n<p>n \t<\/p>\n<li>obed<\/li>\n<p>n \t<\/p>\n<li>Ob\u010derstvenie<\/li>\n<p>n \t<\/p>\n<li style=\"font-weight: 400;\">Miestny turistick\u00fd sprievodca v angli\u010dtine<\/li>\n<p>n<\/ul>\n<p>n<\/p>\n<h4><b>Inkl\u00fazie a vyl\u00fa\u010denia<\/b><\/h4>\n<p>n<b>Inkl\u00fazie<\/b><br \/>\nn<\/p>\n<ol>\nn \t<\/p>\n<li>obed<\/li>\n<p>n \t<\/p>\n<li style=\"font-weight: 400;\"><span style=\"font-weight: 400;\">V\u0161etky dane, poplatky a manipula\u010dn\u00e9 poplatky<\/span><\/li>\n<p>n \t<\/p>\n<li style=\"font-weight: 400;\"><span style=\"font-weight: 400;\">Miestne dane<\/span><\/li>\n<p>n \t<\/p>\n<li style=\"font-weight: 400;\"><span style=\"font-weight: 400;\">N\u00e1poje<\/span><\/li>\n<p>n \t<\/p>\n<li>Ob\u010derstvenie<\/li>\n<p>n \t<\/p>\n<li style=\"font-weight: 400;\"><span style=\"font-weight: 400;\">V\u0161etky aktivity<\/span><\/li>\n<p>n \t<\/p>\n<li style=\"font-weight: 400;\"><span style=\"font-weight: 400;\">Miestny sprievodca<\/span><\/li>\n<p>n<\/ol>\n<p>n<b> Vyl\u00fa\u010denia<\/b><br \/>\nn<\/p>\n<ol>\nn \t<\/p>\n<li style=\"font-weight: 400;\"><span style=\"font-weight: 400;\">Spropitn\u00e9<\/span><\/li>\n<p>n \t<\/p>\n<li>doprava (nastav\u00edte n\u00e1s kontaktovan\u00edm)<\/li>\n<p>n \t<\/p>\n<li style=\"font-weight: 400;\"><span style=\"font-weight: 400;\">Alkoholick\u00e9 n\u00e1poje<\/span><\/li>\n<p>n<\/ol>\n<p>n<\/p>\n<h4><em><strong>Odchod a n\u00e1vrat<\/strong><\/em><\/h4>\n<p>n<span style=\"font-weight: 400;\">Cestuj\u00faci z\u00edska miesto stretnutia po procese rezerv\u00e1cie. Prehliadky za\u010d\u00ednaj\u00fa a kon\u010dia v miestach na\u0161ich stretnut\u00ed.<\/span><br \/>\nn<\/p>\n<h3 class=\"ui_header h1 attractions-product-info-ProductTitle__title--1qM0o\">Ko\u010d\u00edk Jarabacoa a vodop\u00e1d Baiguate<\/h3>\n<p>n<\/p>\n<h4><b><i>\u010co o\u010dak\u00e1va\u0165?<\/i><\/b><\/h4>\n<p>n<span style=\"font-weight: 400;\">Z\u00edskajte l\u00edstok na vodop\u00e1dy Baiguate z mesta Jarabacoa od Buggy.\u00a0<\/span><br \/>\nn<br \/>\nn<span style=\"font-weight: 400;\">Ke\u010f hovor\u00edme o bugin\u00e1ch, hovor\u00edme o ter\u00e9nnom vozidle, ktor\u00e9 pon\u00faka bezpe\u010dnos\u0165 a jednoduchos\u0165 ovl\u00e1dania a z\u00e1rove\u0148 umo\u017e\u0148uje u\u017e\u00edvate\u013eovi v\u00e4\u010d\u0161\u00ed kontakt s ter\u00e9nom a pr\u00edrodou, ktor\u00e1 ho po\u010das jazdy obklopuje. C\u00edti\u0165 v\u00e1nok, slnko, d\u00e1\u017e\u010f, vidie\u0165 krajinu po svojom boku v pohodlnom a bezpe\u010dnom zariaden\u00ed navrhnutom tak, aby si si u\u017eil lesn\u00fa cestu a ter\u00e9n.<\/span><br \/>\nn<br \/>\nn<span style=\"font-weight: 400;\">T\u00e1to exkurzia sa za\u010d\u00edna na mieste stretnutia, ktor\u00e9 mus\u00edte potvrdi\u0165 na\u0161im cestovn\u00fdm kancel\u00e1ri\u00e1m alebo v\u00e1\u0161mu sprievodcovi, k\u00fdm sa vyd\u00e1te na ak\u00e9ko\u013evek miesto. Ke\u010f sa stretnete so svoj\u00edm sprievodcom, budete ma\u0165 preh\u013ead o prehliadke a v\u0161etkom, \u010do s\u00favis\u00ed s va\u0161\u00edm d\u0148om.<\/span><br \/>\nn<br \/>\nn<span style=\"font-weight: 400;\">Ke\u010f s\u00fa v\u0161etci pripraven\u00ed, za\u010dneme na\u0161u jazdu do niektor\u00fdch vidieckych oblast\u00ed mesta Jarabacoa, pri\u010dom po\u010das jazdy na bugine v\u00e1m hrbo\u013eat\u00e9 cesty a horsk\u00fd vzduch krajiny z centr\u00e1lneho severu krajiny uk\u00e1\u017eu kr\u00e1su a pr\u00edrodu prostredn\u00edctvom tohto dobrodru\u017estva.<\/span><br \/>\nn<br \/>\nn<span style=\"font-weight: 400;\">Niektor\u00e9 z miest, ktor\u00e9 po\u010das tohto v\u00fdletu nav\u0161t\u00edvite, s\u00fa La Confluencia, kde sa stret\u00e1vaj\u00fa rieky Jimenoa a Yaque Del Norte, Cieneguita a Monte Arriba.\u00a0<\/span><br \/>\nn<br \/>\nn<span style=\"font-weight: 400;\">Po prejden\u00ed asi 30 kilometrov sa vyberieme k vodop\u00e1du Baiguate na 10 min\u00fatov\u00fa t\u00faru a k\u00fapanie v pr\u00edrodn\u00fdch baz\u00e9noch.\u00a0<\/span><br \/>\nn<br \/>\nn<span style=\"font-weight: 400;\">Po\u010das tejto \u010dasti v\u00fdletu si budete m\u00f4c\u0165 zapl\u00e1va\u0165 asi 1 hodinu a urobi\u0165 si prest\u00e1vku, aby ste si ka\u017ed\u00fd de\u0148 vysk\u00fa\u0161ali \u010derstv\u00e9 ovocie zozbieran\u00e9 z farm\u00e1rskej p\u00f4dy Jarabacoa. Baiguate m\u00e1 82 st\u00f4p vysok\u00fd p\u00e1d a je ide\u00e1lnym miestom na oddych pred n\u00e1vratom do mesta.\u00a0\u00a0<\/span><br \/>\nn<br \/>\nn<span style=\"font-weight: 400;\">Po\u010das tejto \u010dasti v\u00fdletu si budete m\u00f4c\u0165 zapl\u00e1va\u0165 asi 1 hodinu a urobi\u0165 si prest\u00e1vku, aby ste si ka\u017ed\u00fd de\u0148 vysk\u00fa\u0161ali \u010derstv\u00e9 ovocie zozbieran\u00e9 z farm\u00e1rskej p\u00f4dy Jarabacoa. Baiguate m\u00e1 82 st\u00f4p vysok\u00fd p\u00e1d a je ide\u00e1lnym miestom na oddych pred n\u00e1vratom do mesta.\u00a0\u00a0<\/span><br \/>\nn<br \/>\nn<span style=\"font-weight: 400;\">Nesk\u00f4r po vodop\u00e1de Baiguate zamierime do Ivon&#039;s, aby sme ochutnali najlep\u0161iu miestnu pr\u00edchu\u0165 zmrzliny, ktor\u00fa pripravil miestny odborn\u00edk, a na posledn\u00fa \u010das\u0165 v\u00fdletu sa prejdeme do Duarte Central Parku, toto je 6-hodinov\u00e1 prehliadka, ktor\u00e1 v\u00e1m d\u00e1va pr\u00edle\u017eitos\u0165 dohliada\u0165 na Jarabacoa, t\u00e1to exkurzia kon\u010d\u00ed na rovnakom mieste, ako za\u010dala.<\/span><br \/>\nn<br \/>\nn<span style=\"font-weight: 400;\">Pozn\u00e1mka: Tieto z\u00e1jazdy s\u00fa s ofici\u00e1lnymi ekologick\u00fdmi sprievodcami. Pros\u00edm, rezervujte si \u010das, preto\u017ee v parku nie je pr\u00edli\u0161 ve\u013ea \u0161pecialistov.<\/span><br \/>\nn<\/p>\n<h4><em><strong>\u010co by ste si mali prinies\u0165?<\/strong><\/em><\/h4>\n<p>n<\/p>\n<ul>\nn \t<\/p>\n<li style=\"font-weight: 400;\"><span style=\"font-weight: 400;\">fotoapar\u00e1t<\/span><\/li>\n<p>n \t<\/p>\n<li style=\"font-weight: 400;\"><span style=\"font-weight: 400;\">Repelentn\u00e9 p\u00fa\u010diky<\/span><\/li>\n<p>n \t<\/p>\n<li style=\"font-weight: 400;\"><span style=\"font-weight: 400;\">Opa\u013eovac\u00ed kr\u00e9m<\/span><\/li>\n<p>n \t<\/p>\n<li style=\"font-weight: 400;\"><span style=\"font-weight: 400;\">Klob\u00fak<\/span><\/li>\n<p>n \t<\/p>\n<li style=\"font-weight: 400;\"><span style=\"font-weight: 400;\">Pohodln\u00e9 nohavice<\/span><\/li>\n<p>n \t<\/p>\n<li style=\"font-weight: 400;\"><span style=\"font-weight: 400;\">Turistick\u00e1 obuv do lesa<\/span><\/li>\n<p>n \t<\/p>\n<li style=\"font-weight: 400;\"><span style=\"font-weight: 400;\">Sand\u00e1le do jarn\u00fdch oblast\u00ed.<\/span><\/li>\n<p>n \t<\/p>\n<li style=\"font-weight: 400;\"><span style=\"font-weight: 400;\">Oble\u010denie na pl\u00e1vanie<\/span><\/li>\n<p>n<\/ul>\n<p>n<\/p>\n<h4><b><i>Vyzdvihnutie v hoteli <\/i><\/b><\/h4>\n<p>n<span style=\"font-weight: 400;\">Vyzdvihnutie v hoteli sa pre tento z\u00e1jazd nepon\u00faka. Vyzdvihnutie sme nastavili tak, \u017ee n\u00e1s kontaktujete cez Whatsapp.<\/span><br \/>\nn<br \/>\nn<b>Pozn\u00e1mka:<\/b><span style=\"font-weight: 400;\"> ak si rezervujete do 24 hod\u00edn od \u010dasu odchodu z\u00e1jazdu\/exkurzie, m\u00f4\u017eeme zariadi\u0165 vyzdvihnutie v hoteli s dodato\u010dn\u00fdmi poplatkami. Po dokon\u010den\u00ed n\u00e1kupu v\u00e1m po\u0161leme kompletn\u00e9 kontaktn\u00e9 inform\u00e1cie (telef\u00f3nne \u010d\u00edslo, e-mailov\u00fa adresu at\u010f.) pre n\u00e1\u0161ho miestneho sprievodcu, aby sme mohli zorganizova\u0165 opatrenia na vyzdvihnutie.<\/span><br \/>\nn<\/p>\n<h4><b><i>Potvrdenie dodato\u010dn\u00fdch inform\u00e1ci\u00ed <\/i><\/b><\/h4>\n<p>n<\/p>\n<ol>\nn \t<\/p>\n<li>Vstupenky s\u00fa potvrden\u00edm po zaplaten\u00ed tohto z\u00e1jazdu. Platbu m\u00f4\u017eete zobrazi\u0165 na telef\u00f3ne.<\/li>\n<p>n \t<\/p>\n<li style=\"font-weight: 400;\"><span style=\"font-weight: 400;\">Miesto stretnutia bude prijat\u00e9 po procese rezerv\u00e1cie.<\/span><\/li>\n<p>n \t<\/p>\n<li style=\"font-weight: 400;\"><span style=\"font-weight: 400;\">Deti musia by\u0165 v sprievode dospelej osoby.<\/span><\/li>\n<p>n \t<\/p>\n<li style=\"font-weight: 400;\"><span style=\"font-weight: 400;\"> Bezbari\u00e9rov\u00fd pr\u00edstup <\/span><\/li>\n<p>n \t<\/p>\n<li style=\"font-weight: 400;\"><span style=\"font-weight: 400;\">Doj\u010dat\u00e1 musia sedie\u0165 na kolen\u00e1ch <\/span><\/li>\n<p>n \t<\/p>\n<li style=\"font-weight: 400;\"><span style=\"font-weight: 400;\">Neodpor\u00fa\u010da sa pre cestuj\u00facich s probl\u00e9mami s chrbtom<\/span><\/li>\n<p>n \t<\/p>\n<li style=\"font-weight: 400;\"><span style=\"font-weight: 400;\">Neodpor\u00fa\u010da sa pre tehotn\u00e9 cestovate\u013eky <\/span><\/li>\n<p>n \t<\/p>\n<li style=\"font-weight: 400;\"><span style=\"font-weight: 400;\"> \u017diadne srdcov\u00e9 probl\u00e9my ani in\u00e9 v\u00e1\u017ene zdravotn\u00e9 \u0165a\u017ekosti <\/span><\/li>\n<p>n \t<\/p>\n<li style=\"font-weight: 400;\"><span style=\"font-weight: 400;\">V\u00e4\u010d\u0161ina cestovate\u013eov sa m\u00f4\u017ee z\u00fa\u010dastni\u0165<\/span><\/li>\n<p>n<\/ol>\n<p>n<\/p>\n<h4><b><i>Podmienky zru\u0161enia<\/i><\/b><\/h4>\n<p>Ak chcete z\u00edska\u0165 pln\u00fa n\u00e1hradu, pre\u010d\u00edtajte si na\u0161e pravidl\u00e1 pre zru\u0161enie\u00a0<a href=\"https:\/\/www.boattoursamana.com\/sk\/online-rezervacia\/\" target=\"_blank\" rel=\"noopener\" data-saferedirecturl=\"https:\/\/www.google.com\/url?q=https:\/\/www.boattoursamana.com\/online-booking\/&amp;source=gmail&amp;ust=1672449202351000&amp;usg=AOvVaw1yAeVAPktmaVCqDujgUn90\">Kliknite tu<\/a>. Finan\u010dn\u00e9 prostriedky bud\u00fa straten\u00e9, ak bude rezerv\u00e1cia zru\u0161en\u00e1 v ten ist\u00fd de\u0148 z\u00e1jazdu.<\/p>\n\n\t\t<\/div>\n\t<\/div>\n<div class=\"vc_btn3-container vc_btn3-inline\" ><button class=\"vc_general vc_btn3 vc_btn3-size-md vc_btn3-shape-rounded vc_btn3-style-modern vc_btn3-color-green\">REZERVOVA\u0164<\/button><\/div><\/div><\/div><\/div><\/div><div class=\"vc_row wpb_row vc_row-fluid\" ><div class=\"wpb_column vc_column_container vc_col-sm-12\"><div class=\"vc_column-inner\"><div class=\"wpb_wrapper\">\n\t<div class=\"wpb_video_widget wpb_content_element vc_clearfix   vc_video-aspect-ratio-169 vc_video-el-width-100 vc_video-align-left\" >\n\t\t<div class=\"wpb_wrapper\">\n\t\t\t<h2 class=\"wpb_heading wpb_video_heading\">Video z mesta Jarabacoa:<\/h2>\n\t\t\t<div class=\"wpb_video_wrapper\"><iframe loading=\"lazy\" title=\"Jarabacoa | Puro Turismo de Monta\u00f1a\" width=\"1100\" height=\"619\" src=\"https:\/\/www.youtube.com\/embed\/FRHfK4RS39A?feature=oembed\" frameborder=\"0\" allow=\"accelerometer; autoplay; clipboard-write; encrypted-media; gyroscope; picture-in-picture; web-share\" allowfullscreen><\/iframe><\/div>\n\t\t<\/div>\n\t<\/div>\n<\/div><\/div><\/div><\/div><div class=\"vc_row wpb_row vc_row-fluid\" ><\/div><div class=\"wpb_column vc_column_container vc_col-sm-12\"><div class=\"vc_column-inner\"><div class=\"wpb_wrapper\"><\/div><\/div><\/div><div class=\"vc_empty_space\"   style=\"height: 32px\"><span class=\"vc_empty_space_inner\"><\/span><\/div><div class=\"vc_empty_space\"   style=\"height: 32px\"><span class=\"vc_empty_space_inner\"><\/span><\/div><div class=\"vc_row wpb_row vc_row-fluid\" ><div class=\"wpb_column vc_column_container vc_col-sm-12\"><div class=\"vc_column-inner\"><div class=\"wpb_wrapper\"><div class=\"vc_btn3-container vc_btn3-inline\" ><button class=\"vc_general vc_btn3 vc_btn3-size-md vc_btn3-shape-rounded vc_btn3-style-modern vc_btn3-color-green\">REZERVOVA\u0164<\/button><\/div><\/div><\/div><\/div><\/div>","protected":false},"excerpt":{"rendered":"<p>\u00danase a nosotros y viaje con un experto local de Jarabacoa y obtenga la experiencia \u00fanica de visitar los mejores lugares de la capital del ecoturismo a partir de Jarabacoa, este tour lo llevar\u00e1 a conocer el hermoso paisaje del rancho de Dominica grandnae\u00f1os Mientras conduce por los diferentes lugares, sentir\u00e1 el aire de la monta\u00f1a y disfrutar\u00e1 de la belleza del campo. n nSeleccione la fecha para el Tour:\u00a0 &nbsp;<\/p>","protected":false},"author":2,"featured_media":0,"parent":0,"menu_order":0,"comment_status":"open","ping_status":"closed","template":"","meta":{"footnotes":""},"class_list":["post-15814","page","type-page","status-publish","hentry"],"_links":{"self":[{"href":"https:\/\/www.boattoursamana.com\/sk\/wp-json\/wp\/v2\/pages\/15814","targetHints":{"allow":["GET"]}}],"collection":[{"href":"https:\/\/www.boattoursamana.com\/sk\/wp-json\/wp\/v2\/pages"}],"about":[{"href":"https:\/\/www.boattoursamana.com\/sk\/wp-json\/wp\/v2\/types\/page"}],"author":[{"embeddable":true,"href":"https:\/\/www.boattoursamana.com\/sk\/wp-json\/wp\/v2\/users\/2"}],"replies":[{"embeddable":true,"href":"https:\/\/www.boattoursamana.com\/sk\/wp-json\/wp\/v2\/comments?post=15814"}],"version-history":[{"count":0,"href":"https:\/\/www.boattoursamana.com\/sk\/wp-json\/wp\/v2\/pages\/15814\/revisions"}],"wp:attachment":[{"href":"https:\/\/www.boattoursamana.com\/sk\/wp-json\/wp\/v2\/media?parent=15814"}],"curies":[{"name":"wp","href":"https:\/\/api.w.org\/{rel}","templated":true}]}}