{"id":15819,"date":"2023-07-15T07:44:18","date_gmt":"2023-07-15T07:44:18","guid":{"rendered":"https:\/\/www.ticketswhales.com\/salto-del-limon-el-limon-waterfalls-tour-from-sabana-de-la-mar\/"},"modified":"2023-07-15T07:44:18","modified_gmt":"2023-07-15T07:44:18","slug":"salto-del-limon-el-limon-waterfalls-tour-from-sabana-de-la-mar","status":"publish","type":"page","link":"https:\/\/www.boattoursamana.com\/sk\/salto-del-limon-prehliadka-vodopadov-el-limon-zo-sabana-de-la-mar","title":{"rendered":"Salto Del Lim\u00f3n \u2013 prehliadka vodop\u00e1dov El Lim\u00f3n zo Sabana de La Mar"},"content":{"rendered":"<p><strong><span style=\"vertical-align: inherit;\"><span style=\"vertical-align: inherit;\">Vyberte si prehliadku\u00a0<\/span><\/span><\/strong><\/p>\n<p>&nbsp;<\/p>\n<div class=\"vc_row wpb_row vc_row-fluid\" ><div class=\"wpb_column vc_column_container vc_col-sm-12\"><div class=\"vc_column-inner\"><div class=\"wpb_wrapper\"><div class=\"vc_btn3-container vc_btn3-inline\" ><button class=\"vc_general vc_btn3 vc_btn3-size-md vc_btn3-shape-rounded vc_btn3-style-modern vc_btn3-color-green\">REZERVOVA\u0164<\/button><\/div>\n\t<div class=\"wpb_text_column wpb_content_element\" >\n\t\t<div class=\"wpb_wrapper\">\n\t\t\t<p>Del Limon \u2013 prehliadka vodop\u00e1dov El Lim\u00f3n zo Sabana de La Mar, s\u00fakromn\u00e1 prehliadka<\/p>\n\n\t\t<\/div>\n\t<\/div>\n<\/div><\/div><\/div><\/div><div class=\"vc_row wpb_row vc_row-fluid\" ><div class=\"wpb_column vc_column_container vc_col-sm-12\"><div class=\"vc_column-inner\"><div class=\"wpb_wrapper\">\n\t<div class=\"wpb_text_column wpb_content_element\" >\n\t\t<div class=\"wpb_wrapper\">\n\t\t\t<p>\nn<\/p>\n<h4><b><i>Preh\u013ead <\/i><\/b><\/h4>\n<p>nToto je s\u00fakromn\u00e1 prehliadka <strong>Vodop\u00e1dy El Lim\u00f3n<\/strong> s jazdou na ko\u0148och alebo pe\u0161ia turistika od Sabana de la mar prechod cez z\u00e1liv Samana na s\u00fakromnej lodi a s\u00fakromn\u00fd transfer, ktor\u00fd n\u00e1s \u010dak\u00e1, k\u00fdm p\u00f4jdeme k vodop\u00e1dom. N\u00e1v\u0161teva kakaov\u00e9ho a k\u00e1vov\u00e9ho lesa pod Coconuts Palms Canopy. Ke\u010f doraz\u00edte k vodop\u00e1dom, m\u00f4\u017eete si zapl\u00e1va\u0165 a nastavi\u0165 \u010das so svoj\u00edm miestnym sprievodcom. Po vychutnan\u00ed si typick\u00e9ho obeda v komunite El Lim\u00f3n.<br \/>\nn<br \/>\nnU\u010dte sa s miestnymi obyvate\u013emi a z\u00edskajte bezpe\u010dn\u00fd v\u00fdlet. Z\u00edskajte svoje vstupenky v ponuke e\u0161te dnes.<br \/>\nn<\/p>\n<ul>\nn \t<\/p>\n<li style=\"font-weight: 400;\"><span style=\"font-weight: 400;\">Zah\u0155\u0148a obed\u00a0<\/span><\/li>\n<p>n \t<\/p>\n<li>Jazda na koni alebo turistika<\/li>\n<p>n \t<\/p>\n<li style=\"font-weight: 400;\"><span style=\"font-weight: 400;\">Sprievodca poskytuje pokyny a doh\u013ead<\/span><\/li>\n<p>n \t<\/p>\n<li>Poplatky do n\u00e1rodn\u00e9ho parku<\/li>\n<p>n<\/ul>\n<p>n&nbsp;<br \/>\nn<\/p>\n<h4><b>Inkl\u00fazie a vyl\u00fa\u010denia<\/b><\/h4>\n<p>n&nbsp;<br \/>\nn<br \/>\nn<b>Inkl\u00fazie<\/b><br \/>\nn<\/p>\n<ol>\nn \t<\/p>\n<li style=\"font-weight: 400;\"><span style=\"font-weight: 400;\">Obed formou bufetu v El Lim\u00f3n<\/span><\/li>\n<p>n \t<\/p>\n<li style=\"font-weight: 400;\"><span style=\"font-weight: 400;\">Pe\u0161ia turistika alebo jazda na koni<\/span><\/li>\n<p>n \t<\/p>\n<li style=\"font-weight: 400;\"><span style=\"font-weight: 400;\">V\u0161etky dane, poplatky a manipula\u010dn\u00e9 poplatky<\/span><\/li>\n<p>n \t<\/p>\n<li style=\"font-weight: 400;\"><span style=\"font-weight: 400;\">Miestne dane<\/span><\/li>\n<p>n \t<\/p>\n<li style=\"font-weight: 400;\"><span style=\"font-weight: 400;\">N\u00e1poje<\/span><\/li>\n<p>n \t<\/p>\n<li style=\"font-weight: 400;\"><span style=\"font-weight: 400;\">V\u0161etky aktivity<\/span><\/li>\n<p>n \t<\/p>\n<li style=\"font-weight: 400;\"><span style=\"font-weight: 400;\">Miestny sprievodca<\/span><\/li>\n<p>n \t<\/p>\n<li>prevody<\/li>\n<p>n \t<\/p>\n<li>V\u00fdlet na lodi<\/li>\n<p>n<\/ol>\n<p>n<b> Vyl\u00fa\u010denia<\/b><br \/>\nn<\/p>\n<ol>\nn \t<\/p>\n<li style=\"font-weight: 400;\"><span style=\"font-weight: 400;\">Spropitn\u00e9<\/span><\/li>\n<p>n \t<\/p>\n<li style=\"font-weight: 400;\"><span style=\"font-weight: 400;\">Alkoholick\u00e9 n\u00e1poje<\/span><\/li>\n<p>n<\/ol>\n<p>n&nbsp;<br \/>\nn<\/p>\n<h4><em><strong>Odchod a n\u00e1vrat<\/strong><\/em><\/h4>\n<p>n<span style=\"font-weight: 400;\">Cestuj\u00faci z\u00edska miesto stretnutia po procese rezerv\u00e1cie. Prehliadky za\u010d\u00ednaj\u00fa a kon\u010dia v miestach na\u0161ich stretnut\u00ed.<\/span><br \/>\nn<br \/>\nn&nbsp;<br \/>\nn<\/p>\n<h4><b><i>\u010co o\u010dak\u00e1va\u0165?<\/i><\/b><\/h4>\n<p>n&nbsp;<br \/>\nn<br \/>\nn<em><strong>Z\u00edskajte l\u00edstky<\/strong><\/em> za n\u00e1v\u0161tevu The Waterfalls El Lim\u00f3n v Saman\u00e1 plus \u00fa\u017easn\u00fd obed v re\u0161taur\u00e1cii El Lim\u00f3n zo Sabana de la Mar.<br \/>\nn<br \/>\nn<span style=\"font-weight: 400;\">Prehliadka organizovan\u00e1 \u201eBooking Adventures\u201c za\u010d\u00edna na mieste stretnutia s turistick\u00fdm sprievodcom.<\/span><br \/>\nn<br \/>\nnNajlep\u0161ie s\u00fakromn\u00e9 v\u00fdlety k vodop\u00e1dom El Limon s miestnym sprievodcom. Objednajte si v\u00fdlet na koni lesom okolo okraja rieky Lim\u00f3n a nav\u0161t\u00edvte kakaov\u00e9 a k\u00e1vov\u00e9 plant\u00e1\u017ee pod kokosov\u00fdmi palmami v tieni paliem.<br \/>\nn<br \/>\nnNajsk\u00f4r sa zastavte pri Malom vodop\u00e1de, kde v\u00e4\u010d\u0161inou neb\u00fdva ve\u013ea \u013eud\u00ed a d\u00e1 sa tam aj ok\u00fapa\u0165. Potom pokra\u010dujeme k ve\u013ek\u00e9mu vodop\u00e1du, kde zostaneme hodinu alebo viac, ak chcete.<br \/>\nn<br \/>\nDostaneme kone sp\u00e4\u0165 do re\u0161taur\u00e1cie, kde si vychutn\u00e1me typick\u00fd obed na pl\u00e1\u017ei. Frite fish s Tostones a \u0161al\u00e1tom alebo in\u00e9 mo\u017enosti v ponuke za pr\u00edplatok.<br \/>\nn<br \/>\nnObed v re\u0161taur\u00e1cii v komunite El Lim\u00f3n a m\u00f4\u017eete zosta\u0165 tak dlho, ako chcete. Ak ste veg\u00e1n, m\u00f4\u017eeme v\u00e1m tie\u017e pripravi\u0165 nejak\u00e9 jedlo.<br \/>\nn<br \/>\npo tomto z\u00e1\u017eitku kon\u010d\u00edme n\u00e1\u0161 v\u00fdlet sp\u00e4\u0165 na miesto stretnutia Sabana de la mar.<br \/>\nn<br \/>\nn&nbsp;<br \/>\nn<\/p>\n<h4><em><strong>\u010co by ste si mali prinies\u0165?<\/strong><\/em><\/h4>\n<p>n<\/p>\n<ul>\nn \t<\/p>\n<li style=\"font-weight: 400;\"><span style=\"font-weight: 400;\">fotoapar\u00e1t<\/span><\/li>\n<p>n \t<\/p>\n<li style=\"font-weight: 400;\"><span style=\"font-weight: 400;\">Repelentn\u00e9 p\u00fa\u010diky<\/span><\/li>\n<p>n \t<\/p>\n<li style=\"font-weight: 400;\"><span style=\"font-weight: 400;\">opa\u013eovac\u00ed kr\u00e9m<\/span><\/li>\n<p>n \t<\/p>\n<li style=\"font-weight: 400;\"><span style=\"font-weight: 400;\"><span style=\"vertical-align: inherit;\"><span style=\"vertical-align: inherit;\">Sombrero<\/span><\/span><\/span><\/li>\n<p>n \t<\/p>\n<li style=\"font-weight: 400;\"><span style=\"font-weight: 400;\"><span style=\"vertical-align: inherit;\"><span style=\"vertical-align: inherit;\">Pantalones comodos<\/span><\/span><\/span><\/li>\n<p>n \t<\/p>\n<li style=\"font-weight: 400;\"><span style=\"font-weight: 400;\"><span style=\"vertical-align: inherit;\"><span style=\"vertical-align: inherit;\">Zapatos de senderismo pre el bosque<\/span><\/span><\/span><\/li>\n<p>n \t<\/p>\n<li style=\"font-weight: 400;\"><span style=\"font-weight: 400;\"><span style=\"vertical-align: inherit;\"><span style=\"vertical-align: inherit;\">Vestido nadador<\/span><\/span><\/span><\/li>\n<p>n<\/ul>\n<p>n&nbsp;<br \/>\nn<\/p>\n<h4><b><i><span style=\"vertical-align: inherit;\"><span style=\"vertical-align: inherit;\">Hotel Recogida en el <\/span><\/span><\/i><\/b><\/h4>\n<p>n<span style=\"font-weight: 400;\"><span style=\"vertical-align: inherit;\"><span style=\"vertical-align: inherit;\">\u017diadna mo\u017enos\u0165 uznania v hoteli pre t\u00fato prehliadku. <\/span><\/span><\/span><br \/>\nn<br \/>\nn&nbsp;<br \/>\nn<br \/>\nn<b><span style=\"vertical-align: inherit;\"><span style=\"vertical-align: inherit;\">Pozn\u00e1mka:<\/span><\/span><\/b><span style=\"font-weight: 400;\"> ak si rezervujete do 24 hod\u00edn od \u010dasu odchodu z\u00e1jazdu\/exkurzie, m\u00f4\u017eeme zariadi\u0165 vyzdvihnutie v hoteli s dodato\u010dn\u00fdmi poplatkami. Po dokon\u010den\u00ed n\u00e1kupu v\u00e1m po\u0161leme kompletn\u00e9 kontaktn\u00e9 inform\u00e1cie (telef\u00f3nne \u010d\u00edslo, e-mailov\u00fa adresu at\u010f.) pre n\u00e1\u0161ho miestneho sprievodcu, aby sme mohli zorganizova\u0165 opatrenia na vyzdvihnutie.<\/span><br \/>\nn<\/p>\n<h4><b><i><span style=\"vertical-align: inherit;\"><span style=\"vertical-align: inherit;\">Potvrdenie \u010fal\u0161\u00edch inform\u00e1ci\u00ed <\/span><\/span><\/i><\/b><\/h4>\n<p>n<\/p>\n<ol>\nn \t<\/p>\n<li>Vstupenky s\u00fa potvrden\u00edm po zaplaten\u00ed tohto z\u00e1jazdu. Platbu m\u00f4\u017eete zobrazi\u0165 na telef\u00f3ne.<\/li>\n<p>n \t<\/p>\n<li style=\"font-weight: 400;\"><span style=\"font-weight: 400;\"><span style=\"vertical-align: inherit;\"><span style=\"vertical-align: inherit;\">El punto de encuentro sa recibir\u00e1 despu\u00e9s del processo de reserva.<\/span><\/span><\/span><\/li>\n<p>n \t<\/p>\n<li style=\"font-weight: 400;\"><span style=\"font-weight: 400;\"><span style=\"vertical-align: inherit;\"><span style=\"vertical-align: inherit;\">Los ni\u00f1os deben estar acompa\u00f1ados por un adulto.<\/span><\/span><\/span><\/li>\n<p>n \t<\/p>\n<li style=\"font-weight: 400;\"><span style=\"font-weight: 400;\"><span style=\"vertical-align: inherit;\"><span style=\"vertical-align: inherit;\"> \u017diadne pr\u00edstupn\u00e9 para sillas de ruedas <\/span><\/span><\/span><\/li>\n<p>n \t<\/p>\n<li style=\"font-weight: 400;\"><span style=\"font-weight: 400;\"><span style=\"vertical-align: inherit;\"><span style=\"vertical-align: inherit;\">Los beb\u00e9s deben sentarse en el regazo <\/span><\/span><\/span><\/li>\n<p>n \t<\/p>\n<li style=\"font-weight: 400;\"><span style=\"font-weight: 400;\"><span style=\"vertical-align: inherit;\"><span style=\"vertical-align: inherit;\">\u017diadne odpor\u00fa\u010danie pre cestovanie s probl\u00e9mami v \u0160panielsku.<\/span><\/span><\/span><\/li>\n<p>n \t<\/p>\n<li style=\"font-weight: 400;\"><span style=\"font-weight: 400;\"><span style=\"vertical-align: inherit;\"><span style=\"vertical-align: inherit;\">\u017diadne odpor\u00fa\u010danie pre cestn\u00e9 embarazadas. <\/span><\/span><\/span><\/li>\n<p>n \t<\/p>\n<li style=\"font-weight: 400;\"><span style=\"font-weight: 400;\"><span style=\"vertical-align: inherit;\"><span style=\"vertical-align: inherit;\"> Sin problemas card\u00edacos ni otras afecciones m\u00e9dicas graves <\/span><\/span><\/span><\/li>\n<p>n \t<\/p>\n<li style=\"font-weight: 400;\"><span style=\"font-weight: 400;\"><span style=\"vertical-align: inherit;\"><span style=\"vertical-align: inherit;\">La Mayor\u00eda de los viajeros pueden participar<\/span><\/span><\/span><\/li>\n<p>n<\/ol>\n<p>nPol\u00edtica de cancelaci\u00f3n<br \/>\nn<br \/>\nnPara obtener un reembolso completo, lea nuestras Pol\u00edticas de cancelaci\u00f3n\u00a0<a href=\"https:\/\/www.boattoursamana.com\/sk\/online-rezervacia\/\" target=\"_blank\" rel=\"noopener\" data-saferedirecturl=\"https:\/\/www.google.com\/url?q=https:\/\/www.boattoursamana.com\/online-booking\/&amp;source=gmail&amp;ust=1672449202351000&amp;usg=AOvVaw1yAeVAPktmaVCqDujgUn90\">haga clic aqu\u00ed<\/a>. Los fondos se perder\u00e1n si la reserva se cancela el mismo d\u00eda del viaje.<\/p>\n\n\t\t<\/div>\n\t<\/div>\n<\/div><\/div><\/div><\/div><div class=\"vc_row wpb_row vc_row-fluid\" ><\/div><div class=\"wpb_column vc_column_container vc_col-sm-12\"><div class=\"vc_column-inner\"><div class=\"wpb_wrapper\"><\/div><\/div><\/div><div class=\"vc_empty_space\"   style=\"height: 32px\"><span class=\"vc_empty_space_inner\"><\/span><\/div><div class=\"vc_empty_space\"   style=\"height: 32px\"><span class=\"vc_empty_space_inner\"><\/span><\/div><div class=\"vc_row wpb_row vc_row-fluid\" ><div class=\"wpb_column vc_column_container vc_col-sm-12\"><div class=\"vc_column-inner\"><div class=\"wpb_wrapper\"><div class=\"vc_btn3-container vc_btn3-inline\" ><button class=\"vc_general vc_btn3 vc_btn3-size-md vc_btn3-shape-rounded vc_btn3-style-modern vc_btn3-color-green\">REZERVOVA\u0164<\/button><\/div><\/div><\/div><\/div><\/div>","protected":false},"excerpt":{"rendered":"<p>Vyberte si prehliadku\u00a0 &nbsp;<\/p>","protected":false},"author":2,"featured_media":0,"parent":0,"menu_order":0,"comment_status":"open","ping_status":"closed","template":"","meta":{"footnotes":""},"class_list":["post-15819","page","type-page","status-publish","hentry"],"_links":{"self":[{"href":"https:\/\/www.boattoursamana.com\/sk\/wp-json\/wp\/v2\/pages\/15819","targetHints":{"allow":["GET"]}}],"collection":[{"href":"https:\/\/www.boattoursamana.com\/sk\/wp-json\/wp\/v2\/pages"}],"about":[{"href":"https:\/\/www.boattoursamana.com\/sk\/wp-json\/wp\/v2\/types\/page"}],"author":[{"embeddable":true,"href":"https:\/\/www.boattoursamana.com\/sk\/wp-json\/wp\/v2\/users\/2"}],"replies":[{"embeddable":true,"href":"https:\/\/www.boattoursamana.com\/sk\/wp-json\/wp\/v2\/comments?post=15819"}],"version-history":[{"count":0,"href":"https:\/\/www.boattoursamana.com\/sk\/wp-json\/wp\/v2\/pages\/15819\/revisions"}],"wp:attachment":[{"href":"https:\/\/www.boattoursamana.com\/sk\/wp-json\/wp\/v2\/media?parent=15819"}],"curies":[{"name":"wp","href":"https:\/\/api.w.org\/{rel}","templated":true}]}}