{"id":15830,"date":"2023-07-15T07:44:42","date_gmt":"2023-07-15T07:44:42","guid":{"rendered":"https:\/\/www.ticketswhales.com\/las-galeras-las-7-playas-escondidas-de-samana-the-7-hidden-beaches-in-samana\/"},"modified":"2023-07-15T07:44:42","modified_gmt":"2023-07-15T07:44:42","slug":"las-galeras-las-7-playas-escondidas-de-samana-the-7-hidden-beaches-in-samana","status":"publish","type":"page","link":"https:\/\/www.boattoursamana.com\/sk\/las-galeras-las-7-playas-escondidas-de-samana-the-7-hidden-beaches-in-samana","title":{"rendered":"Las Galeras: Las 7 Playas Escondidas de Saman\u00e1 \u2013 7 skryt\u00fdch pl\u00e1\u017e\u00ed v Saman\u00e1"},"content":{"rendered":"<p><span style=\"vertical-align: inherit;\"><span style=\"vertical-align: inherit;\">Si est\u00e1 visitando Saman\u00e1 y le gustar\u00eda tener una verdadera experiencia local haciendo senderismo, un viaje en barco m\u00e1s un almuerzo en la playa de Rinc\u00f3n, este es el viaje que necesita hacer. <\/span><span style=\"vertical-align: inherit;\">Nav\u0161t\u00edvte 7 escondidas Playas de Saman\u00e1 v oblasti Las Galeras, pozrite sa na neuverite\u013en\u00e9 vide\u00e1 a fotografie z r\u00f4znych zdrojov.<\/span><\/span><br \/>\nn<br \/>\nn<strong><span style=\"vertical-align: inherit;\"><span style=\"vertical-align: inherit;\">Seleccione la fecha para el Tour:\u00a0<\/span><\/span><\/strong><\/p>\n<p>&nbsp;<\/p>\n<div class=\"vc_row wpb_row vc_row-fluid\" ><div class=\"wpb_column vc_column_container vc_col-sm-12\"><div class=\"vc_column-inner\"><div class=\"wpb_wrapper\"><div class=\"mkdf-section-title-holder\" style=\"text-align: left\">\n\t<div class=\"mkdf-st-inner\">\n\t\t\t\t\t<h5 class=\"mkdf-st-subtitle\" >\n\t\t\t\tObed, jazda lo\u010fou a s\u00fakromn\u00e1 doprava z hotelov.\t\t\t<\/h5>\n\t\t\t\t\t\t\t<h3 class=\"mkdf-st-title\" >\n\t\t\t\tPlaya Rinc\u00f3n, Playa Fronton + Playa Madame Beach, Saman\u00e1 - Dominik\u00e1nska republika.\t\t\t<\/h3>\n\t\t\t\t\t<\/div>\n<\/div>\n\t<div class=\"wpb_text_column wpb_content_element\" >\n\t\t<div class=\"wpb_wrapper\">\n\t\t\t<p>\nn<\/p>\n<h3>Playa Calet\u00f3n, Playa Escondida, Playa Colorado, Playa del Amor, Playa La Vaca, Playa la Playita Playa Brem\u00e1n.<\/h3>\n<p>n<\/p>\n<h4><b><i>Preh\u013ead <\/i><\/b><\/h4>\n<p>Jeden z najkraj\u0161\u00edch v\u00fdletov na polostrove Saman\u00e1.<br \/>\nn<br \/>\nn<span class=\"Y2IQFc\" lang=\"en\">7 skryt\u00fdch pl\u00e1\u017e\u00ed v Saman\u00e1, ktor\u00e9 sa nach\u00e1dzaj\u00fa na polostrove Saman\u00e1 a uchov\u00e1vaj\u00fa kr\u00e1sne tajomstv\u00e1 hist\u00f3rie, a tie\u017e poznan\u00edm t\u00fdchto miest prispievame k miestnej ekonomike, ktor\u00e1 je \u017eivotne d\u00f4le\u017eit\u00e1 pre \u017eivobytie \u013eud\u00ed.<\/span><br \/>\nn<br \/>\nnVst\u00fapte do jedine\u010dnej atmosf\u00e9ry n\u00e1v\u0161tevou 7 pl\u00e1\u017e\u00ed na lodi, tie\u017e turistikou v jednej malej jaskyni na pobre\u017e\u00ed. Niektor\u00e9 pl\u00e1\u017ee s\u00fa dostupn\u00e9 iba lo\u010fou obklopenou koralov\u00fdm \u00fatesom, okolo ktor\u00e9ho m\u00f4\u017eete \u0161norchlova\u0165, pl\u00e1va\u0165 s rybami a objavova\u0165 jeho koraly a relaxova\u0165 a u\u017e\u00edva\u0165 si \u00fa\u017easn\u00fa scen\u00e9riu. Oddych, pl\u00e1vanie a potom odchod do Playa Colorado, \u010fal\u0161ej izolovanej pl\u00e1\u017ee na \u0161norchlovanie, kde m\u00f4\u017eete nav\u0161t\u00edvi\u0165 aj jasky\u0148u a nasn\u00edma\u0165 si skvel\u00e9 vide\u00e1 alebo fotografie na \u00fa\u017easn\u00e9 spomienky.<br \/>\nn<br \/>\nnObed s prstami na noh\u00e1ch v piesku za zvukov Merengue a Bachaty budete ma\u0165 v \u201eEl Paraiso\u201c \u2013 poslednej re\u0161taur\u00e1cii pred d\u017eung\u013eou \u2013 kde v\u00e1m naserv\u00edruj\u00fa kompletn\u00e9 jedlo vr\u00e1tane rybieho pokrmu doplnen\u00e9ho miestnymi n\u00e1pojmi a kokteilmi. Cestou sp\u00e4\u0165 sa zastav\u00edme na pl\u00e1\u017ei El Rincon, tu n\u00e1jdete pr\u00edrodn\u00fa perlu, ktor\u00e1 je pova\u017eovan\u00e1 za jednu z najkraj\u0161\u00edch pl\u00e1\u017e\u00ed v krajine. Biely jemn\u00fd piesok, tyrkysov\u00e9 more a metrov\u00e9 palmy hovoria za v\u0161etko.<br \/>\nn<br \/>\nn&nbsp;<br \/>\nn<\/p>\n<ul>\nn \t<\/p>\n<li><span style=\"font-weight: 400;\">Miestny sprievodca so sk\u00fasenos\u0165ami s bezpe\u010dnos\u0165ou v tejto oblasti.<\/span><\/li>\n<p>n \t<\/p>\n<li style=\"font-weight: 400;\">Vr\u00e1tane poplatkov<\/li>\n<p>n \t<\/p>\n<li>Obed na Pl\u00e1\u017ei<\/li>\n<p>n \t<\/p>\n<li>Plavba na lodi<\/li>\n<p>n \t<\/p>\n<li style=\"font-weight: 400;\">Miestny turistick\u00fd sprievodca v \u0161paniel\u010dine, angli\u010dtine alebo franc\u00faz\u0161tine.<\/li>\n<p>n \t<\/p>\n<li>Turistika<\/li>\n<p>n \t<\/p>\n<li>pl\u00e1vanie<\/li>\n<p>n<\/ul>\n<p>n&nbsp;<br \/>\nn<\/p>\n<h4><b>Inkl\u00fazie a vyl\u00fa\u010denia<\/b><\/h4>\n<p>n&nbsp;<br \/>\nn<br \/>\nn<b>Inkl\u00fazie<\/b><br \/>\nn<\/p>\n<ol>\nn \t<\/p>\n<li><span style=\"font-weight: 400;\">Miestny sprievodca so sk\u00fasenos\u0165ami s bezpe\u010dnos\u0165ou v tejto oblasti.<\/span><\/li>\n<p>n \t<\/p>\n<li style=\"font-weight: 400;\">Pl\u00e1\u017e El Rincon<\/li>\n<p>n \t<\/p>\n<li>Pl\u00e1\u017e Colorado<\/li>\n<p>n \t<\/p>\n<li>Pl\u00e1\u017e La Playita<\/li>\n<p>n \t<\/p>\n<li>Pl\u00e1\u017e La Vaca<\/li>\n<p>n \t<\/p>\n<li>Bremansk\u00e1 pl\u00e1\u017e<\/li>\n<p>n \t<\/p>\n<li>Pl\u00e1\u017e Mariano<\/li>\n<p>n \t<\/p>\n<li>Pl\u00e1\u017e Caleton<\/li>\n<p>n \t<\/p>\n<li style=\"font-weight: 400;\"><span style=\"font-weight: 400;\">V\u0161etky dane, poplatky a manipula\u010dn\u00e9 poplatky<\/span><\/li>\n<p>n \t<\/p>\n<li style=\"font-weight: 400;\"><span style=\"font-weight: 400;\">Miestne dane<\/span><\/li>\n<p>n \t<\/p>\n<li>Obed na Pl\u00e1\u017ei<\/li>\n<p>n \t<\/p>\n<li>Turistika<\/li>\n<p>n \t<\/p>\n<li style=\"font-weight: 400;\"><span style=\"font-weight: 400;\">V\u0161etky aktivity<\/span><\/li>\n<p>n<\/ol>\n<p>n<b> Vyl\u00fa\u010denia<\/b><br \/>\nn<\/p>\n<ol>\nn \t<\/p>\n<li style=\"font-weight: 400;\"><span style=\"font-weight: 400;\">Spropitn\u00e9<\/span><\/li>\n<p>n<\/ol>\n<p>n<\/p>\n<h4><em><strong>Odchod a n\u00e1vrat<\/strong><\/em><\/h4>\n<p>n<span style=\"font-weight: 400;\">Cestuj\u00faci z\u00edska miesto stretnutia po procese rezerv\u00e1cie. Prehliadky za\u010d\u00ednaj\u00fa a kon\u010dia v miestach na\u0161ich stretnut\u00ed.<\/span><br \/>\nn<\/p>\n<h3>Playa Calet\u00f3n, Playa Escondida, Playa Colorado, Playa del Amor, Playa La Vaca, Playa la Playita Playa Brem\u00e1n.<\/h3>\n<p>n<\/p>\n<h4><b><i>\u010co o\u010dak\u00e1va\u0165?<\/i><\/b><\/h4>\n<p>n<em><strong>Z\u00edskajte l\u00edstky<\/strong><\/em> za n\u00e1v\u0161tevu 7 z najunik\u00e1tnej\u0161\u00edch pl\u00e1\u017e\u00ed v Dominik\u00e1nskej republike. V\u00fdchodiskov\u00fdm bodom stretnutia je v oblasti Las Galeras turistika a k\u00fapanie za jeden de\u0148 7 pl\u00e1\u017e\u00ed plus pl\u00e1\u017e el Rincon. Najprv nav\u0161t\u00edvime jasky\u0148u Duarte, turistiku a uvid\u00edme najkraj\u0161iu jasky\u0148u v las Galeras. T\u00e1to jasky\u0148a m\u00e1 900 metrov a m\u00e1 2 r\u00f4zne vchody, aby sa neopakovala t\u00e1 ist\u00e1 scen\u00e9ria.<br \/>\nn<br \/>\nnPo n\u00e1v\u0161teve jaskyne sa vraciame sp\u00e4\u0165 na motorov\u00fd \u010dln, aby sme nav\u0161t\u00edvili Playa Caleton, je to jedna z najzn\u00e1mej\u0161\u00edch pl\u00e1\u017e\u00ed v Samane kv\u00f4li priezra\u010dnej vode. Najprv si zapl\u00e1vame a vychutn\u00e1me si t\u00fato pl\u00e1\u017e, aby sme pokra\u010dovali v na\u0161om v\u00fdlete po Playa del Amor.<br \/>\nn<br \/>\nn<strong>hra\u0165 7<\/strong><br \/>\nn<br \/>\nnPlaya Rinc\u00f3n je neporu\u0161en\u00fd p\u00e1s bieleho piesku, ktor\u00fd sa tiahne v d\u013a\u017eke asi 4 kilometre pozd\u013a\u017e nezastavanej \u010dasti pobre\u017eia. T\u00e1to od\u013eahl\u00e1 pl\u00e1\u017e, lemovan\u00e1 hranicou kokosov\u00fdch paliem a na oboch koncoch obklopen\u00e1 vrcholmi h\u00f4r a \u00fatesov, p\u00f4sob\u00ed ako skuto\u010dn\u00e1 ut\u00f3pia, odrezan\u00e1 od civiliz\u00e1cie.<br \/>\nn<br \/>\nnPo pl\u00e1\u017ei El Rincon sa vr\u00e1time na motorovom \u010dlne na miesto stretnutia Las Galeras!<br \/>\nn<br \/>\nnPrehliadka organizovan\u00e1 organiz\u00e1ciou \u201eBooking Adventures\u201c za\u010d\u00edna na mieste stretnutia s na\u0161\u00edm sprievodcom. Pr\u00ed\u010fte s Booking Adventures a dajte si obed na pl\u00e1\u017ei a u\u017eite si 7 naj\u00fa\u017easnej\u0161\u00edch pl\u00e1\u017e\u00ed v Samane v Dominik\u00e1nskej republike.<br \/>\nn<\/p>\n<div class=\"body-description secondary\">\nn<br \/>\nn&nbsp;<br \/>\nn<br \/>\nn<\/div>\n<p>n<\/p>\n<h4><em><strong>\u010co by ste si mali prinies\u0165?<\/strong><\/em><\/h4>\n<p>n<\/p>\n<ul>\nn \t<\/p>\n<li style=\"font-weight: 400;\"><span style=\"font-weight: 400;\">fotoapar\u00e1t<\/span><\/li>\n<p>n \t<\/p>\n<li style=\"font-weight: 400;\"><span style=\"font-weight: 400;\">Repelentn\u00e9 p\u00fa\u010diky<\/span><\/li>\n<p>n \t<\/p>\n<li style=\"font-weight: 400;\"><span style=\"font-weight: 400;\">Opa\u013eovac\u00ed kr\u00e9m<\/span><\/li>\n<p>n \t<\/p>\n<li>Voda<\/li>\n<p>n \t<\/p>\n<li style=\"font-weight: 400;\"><span style=\"font-weight: 400;\">Klob\u00fak<\/span><\/li>\n<p>n \t<\/p>\n<li style=\"font-weight: 400;\"><span style=\"font-weight: 400;\">Pohodln\u00e9 nohavice<\/span><\/li>\n<p>n \t<\/p>\n<li style=\"font-weight: 400;\"><span style=\"font-weight: 400;\">Turistick\u00e1 obuv do lesa<\/span><\/li>\n<p>n \t<\/p>\n<li style=\"font-weight: 400;\"><span style=\"font-weight: 400;\">Sand\u00e1le do jarn\u00fdch oblast\u00ed.<\/span><\/li>\n<p>n \t<\/p>\n<li style=\"font-weight: 400;\"><span style=\"font-weight: 400;\">Oble\u010denie na pl\u00e1vanie<\/span><\/li>\n<p>n<\/ul>\n<p>n&nbsp;<br \/>\nn<\/p>\n<h4><b><i>Vyzdvihnutie v hoteli <\/i><\/b><\/h4>\n<p>n<span style=\"font-weight: 400;\">Vyzdvihnutie v hoteli nie je zahrnut\u00e9 v tomto z\u00e1jazde. <\/span><br \/>\nn<br \/>\nn&nbsp;<br \/>\nn<br \/>\nn<b>Pozn\u00e1mka:<\/b><span style=\"font-weight: 400;\"> Ak si rezervujete do 24 hod\u00edn od \u010dasu odchodu z\u00e1jazdu\/exkurzie, m\u00f4\u017eeme v\u00e1m za pr\u00edplatok zabezpe\u010di\u0165 vyzdvihnutie v hoteli. Pr\u00e1ve sme si to vyzdvihli v oblasti Samana. Po dokon\u010den\u00ed n\u00e1kupu v\u00e1m po\u0161leme kompletn\u00e9 kontaktn\u00e9 inform\u00e1cie (telef\u00f3nne \u010d\u00edslo, e-mailov\u00fa adresu at\u010f.) pre n\u00e1\u0161ho miestneho sprievodcu, aby sme mohli zabezpe\u010di\u0165 vyzdvihnutie.<\/span><br \/>\nn<\/p>\n<h4><b><i>Potvrdenie dodato\u010dn\u00fdch inform\u00e1ci\u00ed <\/i><\/b><\/h4>\n<p>n<\/p>\n<ol>\nn \t<\/p>\n<li>Vstupenky s\u00fa potvrden\u00edm po zaplaten\u00ed tohto z\u00e1jazdu. Platbu m\u00f4\u017eete zobrazi\u0165 na telef\u00f3ne.<\/li>\n<p>n \t<\/p>\n<li style=\"font-weight: 400;\"><span style=\"font-weight: 400;\">Miesto stretnutia bude prijat\u00e9 po procese rezerv\u00e1cie.<\/span><\/li>\n<p>n \t<\/p>\n<li style=\"font-weight: 400;\"><span style=\"font-weight: 400;\">Deti musia by\u0165 v sprievode dospelej osoby.<\/span><\/li>\n<p>n \t<\/p>\n<li style=\"font-weight: 400;\"><span style=\"font-weight: 400;\"> Bezbari\u00e9rov\u00fd pr\u00edstup <\/span><\/li>\n<p>n \t<\/p>\n<li style=\"font-weight: 400;\"><span style=\"font-weight: 400;\">Doj\u010dat\u00e1 musia sedie\u0165 na kolen\u00e1ch <\/span><\/li>\n<p>n \t<\/p>\n<li style=\"font-weight: 400;\"><span style=\"font-weight: 400;\">Neodpor\u00fa\u010da sa pre cestuj\u00facich s probl\u00e9mami s chrbtom<\/span><\/li>\n<p>n \t<\/p>\n<li style=\"font-weight: 400;\"><span style=\"font-weight: 400;\">Neodpor\u00fa\u010da sa pre tehotn\u00e9 cestovate\u013eky <\/span><\/li>\n<p>n \t<\/p>\n<li style=\"font-weight: 400;\"><span style=\"font-weight: 400;\"> \u017diadne srdcov\u00e9 probl\u00e9my ani in\u00e9 v\u00e1\u017ene zdravotn\u00e9 \u0165a\u017ekosti <\/span><\/li>\n<p>n \t<\/p>\n<li style=\"font-weight: 400;\"><span style=\"font-weight: 400;\">V\u00e4\u010d\u0161ina cestovate\u013eov sa m\u00f4\u017ee z\u00fa\u010dastni\u0165<\/span><\/li>\n<p>n<\/ol>\n<p>n<\/p>\n<h4><b><i>Podmienky zru\u0161enia<\/i><\/b><\/h4>\n<p>Ak chcete z\u00edska\u0165 pln\u00fa n\u00e1hradu, pre\u010d\u00edtajte si na\u0161e pravidl\u00e1 pre zru\u0161enie\u00a0<a href=\"https:\/\/www.boattoursamana.com\/sk\/online-rezervacia\/\" target=\"_blank\" rel=\"noopener\" data-saferedirecturl=\"https:\/\/www.google.com\/url?q=https:\/\/www.boattoursamana.com\/online-booking\/&amp;source=gmail&amp;ust=1672449202351000&amp;usg=AOvVaw1yAeVAPktmaVCqDujgUn90\">Kliknite tu<\/a>. Finan\u010dn\u00e9 prostriedky bud\u00fa straten\u00e9, ak bude rezerv\u00e1cia zru\u0161en\u00e1 v ten ist\u00fd de\u0148 z\u00e1jazdu.<\/p>\n\n\t\t<\/div>\n\t<\/div>\n<\/div><\/div><\/div><\/div><div class=\"vc_row wpb_row vc_row-fluid\" ><div class=\"wpb_column vc_column_container vc_col-sm-12\"><div class=\"vc_column-inner\"><div class=\"wpb_wrapper\">\n\t<div class=\"wpb_video_widget wpb_content_element vc_clearfix   vc_video-aspect-ratio-169 vc_video-el-width-100 vc_video-align-left\" >\n\t\t<div class=\"wpb_wrapper\">\n\t\t\t<h2 class=\"wpb_heading wpb_video_heading\">Boca del diablo a pl\u00e1\u017e Fronton<\/h2>\n\t\t\t<div class=\"wpb_video_wrapper\"><iframe loading=\"lazy\" title=\"Polostrov Saman\u00e1, Dominik\u00e1nska republika (DJI Phantom 4 4K)\" width=\"1100\" height=\"619\" src=\"https:\/\/www.youtube.com\/embed\/DYDXVm8Q_iM?feature=oembed\" frameborder=\"0\" allow=\"accelerometer; autoplay; clipboard-write; encrypted-media; gyroscope; picture-in-picture; web-share\" allowfullscreen><\/iframe><\/div>\n\t\t<\/div>\n\t<\/div>\n<\/div><\/div><\/div><\/div><div class=\"vc_row wpb_row vc_row-fluid\" ><\/div><div class=\"wpb_column vc_column_container vc_col-sm-12\"><div class=\"vc_column-inner\"><div class=\"wpb_wrapper\"><\/div><\/div><\/div><div class=\"vc_empty_space\"   style=\"height: 32px\"><span class=\"vc_empty_space_inner\"><\/span><\/div>\n\t<div class=\"wpb_text_column wpb_content_element\" >\n\t\t<div class=\"wpb_wrapper\">\n\t\t\t<p>\nn<br \/>\nnSom textov\u00fd blok. Kliknut\u00edm na tla\u010didlo upravi\u0165 tento text zmen\u00edte. Lorem ipsum dolor sit amet, consectetur adipiscing elit. Ut elit tellus, luctus nec ullamcorper mattis, pulvinar dapibus leo.<br \/>\nn<br \/>\nn<\/p>\n\n\t\t<\/div>\n\t<\/div>\n<div class=\"vc_empty_space\"   style=\"height: 32px\"><span class=\"vc_empty_space_inner\"><\/span><\/div>","protected":false},"excerpt":{"rendered":"<p>Si est\u00e1 visitando Saman\u00e1 y le gustar\u00eda tener una verdadera experiencia local haciendo senderismo, un viaje en barco m\u00e1s un almuerzo en la playa de Rinc\u00f3n, este es el viaje que necesita hacer. Nav\u0161t\u00edvte 7 escondidas Playas de Saman\u00e1 v oblasti Las Galeras, nav\u0161t\u00edvte neuverite\u013en\u00e9 vide\u00e1 a fotky z \u00fa\u017easn\u00fdch zdrojov. n nSeleccione la fecha para el Tour:\u00a0 &nbsp;<\/p>","protected":false},"author":2,"featured_media":0,"parent":0,"menu_order":0,"comment_status":"open","ping_status":"closed","template":"","meta":{"footnotes":""},"class_list":["post-15830","page","type-page","status-publish","hentry"],"_links":{"self":[{"href":"https:\/\/www.boattoursamana.com\/sk\/wp-json\/wp\/v2\/pages\/15830","targetHints":{"allow":["GET"]}}],"collection":[{"href":"https:\/\/www.boattoursamana.com\/sk\/wp-json\/wp\/v2\/pages"}],"about":[{"href":"https:\/\/www.boattoursamana.com\/sk\/wp-json\/wp\/v2\/types\/page"}],"author":[{"embeddable":true,"href":"https:\/\/www.boattoursamana.com\/sk\/wp-json\/wp\/v2\/users\/2"}],"replies":[{"embeddable":true,"href":"https:\/\/www.boattoursamana.com\/sk\/wp-json\/wp\/v2\/comments?post=15830"}],"version-history":[{"count":0,"href":"https:\/\/www.boattoursamana.com\/sk\/wp-json\/wp\/v2\/pages\/15830\/revisions"}],"wp:attachment":[{"href":"https:\/\/www.boattoursamana.com\/sk\/wp-json\/wp\/v2\/media?parent=15830"}],"curies":[{"name":"wp","href":"https:\/\/api.w.org\/{rel}","templated":true}]}}