{"id":15853,"date":"2023-07-15T07:45:08","date_gmt":"2023-07-15T07:45:08","guid":{"rendered":"https:\/\/www.ticketswhales.com\/private-speed-boat-lancha-samana-bay\/"},"modified":"2023-07-15T07:45:08","modified_gmt":"2023-07-15T07:45:08","slug":"private-speed-boat-lancha-samana-bay","status":"publish","type":"page","link":"https:\/\/www.boattoursamana.com\/sk\/private-speed-boat-lancha-samana-bay","title":{"rendered":"S\u00fakromn\u00fd motorov\u00fd \u010dln (Lancha) Saman\u00e1 Bay"},"content":{"rendered":"<p>Private Speed Boat ( Lancha) Samana Bay Rent this fabulous speed boat\u00a0 for the full day for up to 5 people to visit the <a href=\"https:\/\/www.boattoursamana.com\/sk\/\/los-haitises-national-park-tickets-tours\/\" target=\"_blank\" rel=\"noopener\" data-saferedirecturl=\"https:\/\/www.google.com\/url?q=https:\/\/www.boattoursamana.com\/destinations\/los-haitises-national-park-tickets-tours\/&amp;source=gmail&amp;ust=1637749313206000&amp;usg=AOvVaw2iM1LFDbYv-Gthna0qZt2n\">Haitises<\/a> and Cayo Levantado. Also in whale watching season you can use the boat to see the whales in Samana bay.<\/p>\n<p>&nbsp;<\/p>\n<div class=\"vc_row wpb_row vc_row-fluid\" ><div class=\"wpb_column vc_column_container vc_col-sm-12\"><div class=\"vc_column-inner\"><div class=\"wpb_wrapper\"><div class=\"vc_btn3-container vc_btn3-inline\" ><button class=\"vc_general vc_btn3 vc_btn3-size-md vc_btn3-shape-rounded vc_btn3-style-modern vc_btn3-color-green\">REZERVOVA\u0164<\/button><\/div>\n\t<div class=\"wpb_text_column wpb_content_element\" >\n\t\t<div class=\"wpb_wrapper\">\n\t\t\t<p>\nn<\/p>\n<div class=\"custom-left\">\nn<\/p>\n<div class=\"row\">\nn<\/p>\n<div class=\"col-md-12 cust-clas\">\nn<\/p>\n<div class=\"product-header alignleft\">\nn<br \/>\nnSAMANA\u00a0 BOAT &#8211; RENTAL<br \/>\nn<br \/>\nnPRIVATE FULL DAY CHARTER SAMANA BAY<br \/>\nn<br \/>\nn8 HOUR TRIP- MONDAY TO SUNDAY<br \/>\nn<br \/>\nn<\/div>\n<p>n\n<\/p><\/div>\n<p>n\n<\/p><\/div>\n<p>n\n<\/p><\/div>\n<p>n<\/p>\n<div class=\"custom-left para-p\">\nn<\/p>\n<div class=\"info_content_label\">\nn<br \/>\nn<label>Info:<\/label><br \/>\nn<br \/>\nnRent this fabulous speed boat\u00a0 for the full day for up to 5 people to visit the <a href=\"https:\/\/www.boattoursamana.com\/sk\/\/los-haitises-national-park-tickets-tours\/\" target=\"_blank\" rel=\"noopener\" data-saferedirecturl=\"https:\/\/www.google.com\/url?q=https:\/\/www.boattoursamana.com\/destinations\/los-haitises-national-park-tickets-tours\/&amp;source=gmail&amp;ust=1637749313206000&amp;usg=AOvVaw2iM1LFDbYv-Gthna0qZt2n\">Haitises<\/a> and Cayo Levantado. Also in whale watching season you can use the boat to see the whales in Samana bay.<br \/>\nn<br \/>\nnIncludes crew, fuel and ice cooler.<br \/>\nn<br \/>\nnFood Options available for an extra price:<br \/>\nn<br \/>\nn<strong>Podrobnosti o tradi\u010dnom obede formou bufetu, $15 USD p\/p:<\/strong><br \/>\nn<br \/>\nn-Zelen\u00fd \u0161al\u00e1t<br \/>\nn-Chlieb<br \/>\nn-Moro de Guandule (ry\u017ea na dominik\u00e1nsky sp\u00f4sob) s kokosom<br \/>\nn\u2013 Cestoviny v paradajkovej om\u00e1\u010dke<br \/>\nn-Yuca kastr\u00f3ly<br \/>\n-Grilovan\u00e1 ryba a kuracie m\u00e4so (dorado) + volite\u013en\u00e1 om\u00e1\u010dka z kokosov\u00e9ho mlieka<br \/>\nn-\u010cerstv\u00e9 ovocie<br \/>\nn-1 nealkoholick\u00fd n\u00e1poj (s\u00f3da alebo voda)<br \/>\nn-K\u00e1va<br \/>\nn<br \/>\nn<strong>Dodato\u010dn\u00e1 slu\u017eba hom\u00e1ra + kokosov\u00e9 cukr\u00edky $19 USD (dodato\u010dn\u00e9).<\/strong><br \/>\nn<br \/>\nn<\/div>\n<p>n<label>Includes:<\/label>\u00a0Other services included (Crew, Fuel and Cooler with ice is included)<br \/>\nn<br \/>\nn<label>Nezah\u0155\u0148a:<\/label>\u00a0Drinks or Food are NOT included<br \/>\nn<br \/>\nn<label>Include Fuel:<\/label>\u00a0Yes<br \/>\nn<br \/>\nn<\/div>\n<p>nContact us by Whatsapp: +1-809-720-6035. Best price online&#8230;<br \/>\nn<br \/>\nn&nbsp;<br \/>\nn<\/p>\n<h4><b><i>Podmienky zru\u0161enia<\/i><\/b><\/h4>\n<p>Ak chcete z\u00edska\u0165 pln\u00fa n\u00e1hradu, pre\u010d\u00edtajte si na\u0161e pravidl\u00e1 pre zru\u0161enie\u00a0<a href=\"https:\/\/www.boattoursamana.com\/sk\/online-rezervacia\/\" target=\"_blank\" rel=\"noopener\" data-saferedirecturl=\"https:\/\/www.google.com\/url?q=https:\/\/www.boattoursamana.com\/online-booking\/&amp;source=gmail&amp;ust=1672449202351000&amp;usg=AOvVaw1yAeVAPktmaVCqDujgUn90\">Kliknite tu<\/a>. Finan\u010dn\u00e9 prostriedky bud\u00fa straten\u00e9, ak bude rezerv\u00e1cia zru\u0161en\u00e1 v ten ist\u00fd de\u0148 z\u00e1jazdu.<\/p>\n\n\t\t<\/div>\n\t<\/div>\n<\/div><\/div><\/div><\/div><div class=\"vc_row wpb_row vc_row-fluid\" ><div class=\"wpb_column vc_column_container vc_col-sm-12\"><div class=\"vc_column-inner\"><div class=\"wpb_wrapper\"><div class=\"vc_btn3-container vc_btn3-inline\" ><button class=\"vc_general vc_btn3 vc_btn3-size-md vc_btn3-shape-rounded vc_btn3-style-modern vc_btn3-color-green\">REZERVOVA\u0164<\/button><\/div><\/div><\/div><\/div><\/div>","protected":false},"excerpt":{"rendered":"<p>S\u00fakromn\u00fd motorov\u00fd \u010dln (Lancha) Samana Bay Prenajmite si tento b\u00e1je\u010dn\u00fd motorov\u00fd \u010dln na cel\u00fd de\u0148 a\u017e pre 5 os\u00f4b na n\u00e1v\u0161tevu Haitises a Cayo Levantado. Aj v sez\u00f3ne pozorovania ve\u013er\u00fdb m\u00f4\u017eete lo\u010f vyu\u017ei\u0165 na pozorovanie ve\u013er\u00fdb v z\u00e1live Samana. &nbsp;<\/p>","protected":false},"author":2,"featured_media":0,"parent":0,"menu_order":0,"comment_status":"open","ping_status":"closed","template":"","meta":{"footnotes":""},"class_list":["post-15853","page","type-page","status-publish","hentry"],"_links":{"self":[{"href":"https:\/\/www.boattoursamana.com\/sk\/wp-json\/wp\/v2\/pages\/15853","targetHints":{"allow":["GET"]}}],"collection":[{"href":"https:\/\/www.boattoursamana.com\/sk\/wp-json\/wp\/v2\/pages"}],"about":[{"href":"https:\/\/www.boattoursamana.com\/sk\/wp-json\/wp\/v2\/types\/page"}],"author":[{"embeddable":true,"href":"https:\/\/www.boattoursamana.com\/sk\/wp-json\/wp\/v2\/users\/2"}],"replies":[{"embeddable":true,"href":"https:\/\/www.boattoursamana.com\/sk\/wp-json\/wp\/v2\/comments?post=15853"}],"version-history":[{"count":0,"href":"https:\/\/www.boattoursamana.com\/sk\/wp-json\/wp\/v2\/pages\/15853\/revisions"}],"wp:attachment":[{"href":"https:\/\/www.boattoursamana.com\/sk\/wp-json\/wp\/v2\/media?parent=15853"}],"curies":[{"name":"wp","href":"https:\/\/api.w.org\/{rel}","templated":true}]}}