{"id":15862,"date":"2023-07-15T07:45:08","date_gmt":"2023-07-15T07:45:08","guid":{"rendered":"https:\/\/www.ticketswhales.com\/zipline-punta-cana-ziplining-in-the-jungle\/"},"modified":"2023-07-15T07:45:08","modified_gmt":"2023-07-15T07:45:08","slug":"zipline-punta-cana-ziplining-in-the-jungle","status":"publish","type":"page","link":"https:\/\/www.boattoursamana.com\/sk\/zipline-punta-cana-ziplining-v-dzungli-2","title":{"rendered":"Zipline Punta Cana \u2013 Ziplining v d\u017eungli"},"content":{"rendered":"<p>Pre dokonal\u00e9 dobrodru\u017estvo v Punta Cana vysk\u00fa\u0161ajte n\u00e1\u0161 12-riadkov\u00fd zip line kurz! Na\u0161e horsk\u00e9 ihrisko m\u00e1 tie\u017e 18 plo\u0161\u00edn a je domovom dvoch najdlh\u0161\u00edch trat\u00ed v Dominik\u00e1nskej republike a v Karibiku. Ste bezpe\u010dne pripevnen\u00ed pomocou horolezeck\u00e9ho vybavenia k dvojit\u00fdm lan\u00e1m, pri\u010dom najdlh\u0161\u00ed z nich m\u00e1 d\u013a\u017eku 800 metrov!<br \/>\nn<br \/>\nn<em><strong>Vyberte d\u00e1tum turn\u00e9\u00a0<\/strong><\/em><\/p>\n<p>&nbsp;<\/p>\n<div class=\"vc_row wpb_row vc_row-fluid\" ><div class=\"wpb_column vc_column_container vc_col-sm-12\"><div class=\"vc_column-inner\"><div class=\"wpb_wrapper\"><div class=\"mkdf-section-title-holder\" style=\"text-align: left\">\n\t<div class=\"mkdf-st-inner\">\n\t\t\t\t\t<h5 class=\"mkdf-st-subtitle\" >\n\t\t\t\tZ hotelov Punta Cana\t\t\t<\/h5>\n\t\t\t\t\t\t\t<h3 class=\"mkdf-st-title\" >\n\t\t\t\tZipline Punta Cana - Ziplining v d\u017eungli\t\t\t<\/h3>\n\t\t\t\t\t\t\t<p class=\"mkdf-st-text\" >\n\t\t\t\tPozn\u00e1mka: T\u00e1to prehliadka za\u010d\u00edna o 7:00 V z\u00e1vislosti od toho, kde je \u010das vyzdvihnutia hotelov, sa m\u00f4\u017ee zmeni\u0165. Pr\u00edplatky za vyzdvihnutie v oblastiach, ktor\u00e9 nie s\u00fa uveden\u00e9 v na\u0161om popise.\t\t\t<\/p>\n\t\t\t<\/div>\n<\/div><\/div><\/div><\/div><\/div><div class=\"vc_row wpb_row vc_row-fluid\" ><div class=\"wpb_column vc_column_container vc_col-sm-12\"><div class=\"vc_column-inner\"><div class=\"wpb_wrapper\"><div class=\"vc_empty_space\"   style=\"height: 32px\"><span class=\"vc_empty_space_inner\"><\/span><\/div><\/div><\/div><\/div><\/div><div class=\"vc_row wpb_row vc_row-fluid\" ><div class=\"wpb_column vc_column_container vc_col-sm-12\"><div class=\"vc_column-inner\"><div class=\"wpb_wrapper\"><div class=\"vc_btn3-container vc_btn3-inline\" ><button class=\"vc_general vc_btn3 vc_btn3-size-md vc_btn3-shape-rounded vc_btn3-style-modern vc_btn3-color-green\">REZERVOVA\u0164<\/button><\/div>\n\t<div class=\"wpb_text_column wpb_content_element\" >\n\t\t<div class=\"wpb_wrapper\">\n\t\t\t<p>\nn<\/p>\n<h4><b><i>Preh\u013ead <\/i><\/b><\/h4>\n<p>n<\/p>\n<div>\nn<br \/>\nPrele\u0165te sa cez baldach\u00fdn da\u017e\u010fov\u00e9ho pralesa na niektor\u00fdch z najdlh\u0161\u00edch zipline v Karibiku. Prejdite sa z plo\u0161iny na plo\u0161inu v lese cez 12 k\u00e1blov umiestnen\u00fdch ved\u013ea seba, aby ste sa mohli zipsova\u0165 s partnerom.<br \/>\nn<br \/>\nOdborn\u00ed sprievodcovia dobrodru\u017estiev poskytuj\u00fa bezpe\u010dnostn\u00fa in\u0161trukt\u00e1\u017e a pred letom vykonaj\u00fa \u00fapln\u00fa bezpe\u010dnostn\u00fa kontrolu. Po ceste d\u00e1vajte pozor na p\u00f4vodn\u00fa fl\u00f3ru a faunu v tropickom lese.<br \/>\nn<\/p>\n<ul>\nn \t<\/p>\n<li>Leteck\u00e9 poh\u013eady z niektor\u00fdch najdlh\u0161\u00edch zipline v Karibiku<\/li>\n<p>n \t<\/p>\n<li>Pozrite si p\u00f4vodn\u00fa fl\u00f3ru a faunu v da\u017e\u010fovom pralese<\/li>\n<p>n \t<\/p>\n<li>Profesion\u00e1lni sprievodcovia poskytuj\u00fa bezpe\u010dnostn\u00e9 pokyny a vybavenie<\/li>\n<p>n \t<\/p>\n<li>Vyzdvihnutie a odvoz z hotela v cene<\/li>\n<p>n<\/ul>\n<p>n\n<\/p><\/div>\n<p>n&nbsp;<br \/>\nn<\/p>\n<h4><b>Inkl\u00fazie a vyl\u00fa\u010denia<\/b><\/h4>\n<p>n&nbsp;<br \/>\nn<br \/>\nn<b>Inkl\u00fazie<\/b><br \/>\nn<br \/>\nn&nbsp;<br \/>\nn<\/p>\n<ol>\nn \t<\/p>\n<li>Prehliadka ZIPLINE<\/li>\n<p>n \t<\/p>\n<li>Vyzdvihnutie autobusom z V\u00e1\u0161ho hotela<\/li>\n<p>n \t<\/p>\n<li style=\"font-weight: 400;\"><span style=\"font-weight: 400;\">V\u0161etky dane, poplatky a manipula\u010dn\u00e9 poplatky<\/span><\/li>\n<p>n \t<\/p>\n<li style=\"font-weight: 400;\"><span style=\"font-weight: 400;\">Miestne dane<\/span><\/li>\n<p>n \t<\/p>\n<li style=\"font-weight: 400;\"><span style=\"font-weight: 400;\">N\u00e1poje<\/span><\/li>\n<p>n<\/ol>\n<p>n<b> Vyl\u00fa\u010denia<\/b><br \/>\nn<\/p>\n<ol>\nn \t<\/p>\n<li style=\"font-weight: 400;\"><span style=\"font-weight: 400;\">Spropitn\u00e9<\/span><\/li>\n<p>n \t<\/p>\n<li>\nn<\/p>\n<div class=\"py-1 inclusions-exclusions-item d-flex\">\nn<\/p>\n<div class=\"d-inline-block inclusions-exclusions-text\">Alkoholick\u00e9 n\u00e1poje (mo\u017eno zak\u00fapi\u0165)<\/div>\n<p>n\n<\/p><\/div>\n<\/li>\n<p>n \t<\/p>\n<li>obed<\/li>\n<p>n<\/ol>\n<p>n&nbsp;<br \/>\nn<\/p>\n<h4><em><strong>Odchod a n\u00e1vrat<\/strong><\/em><\/h4>\n<p>n<span style=\"font-weight: 400;\">Cestuj\u00faci z\u00edska miesto stretnutia po procese rezerv\u00e1cie. Prehliadky za\u010d\u00ednaj\u00fa a kon\u010dia v miestach na\u0161ich stretnut\u00ed.<\/span><br \/>\nn<br \/>\nn&nbsp;<br \/>\nn<\/p>\n<h4><b><i>\u010co o\u010dak\u00e1va\u0165?<\/i><\/b><\/h4>\n<p>Nav\u0161t\u00edvte prv\u00fa prehliadku Zip Line Tour v Dominik\u00e1nskej republike, ktor\u00fa skon\u0161truoval jeden z najsk\u00fasenej\u0161\u00edch stavite\u013eov okruhov Zip Lines v Kostarike a je certifikovan\u00e1 technol\u00f3giou ACCT (Association for Challenge Courses). U\u017eite si kr\u00e1snu krajinu a zauj\u00edmav\u00fa kult\u00faru za 45 min\u00fat jazdy do na\u0161ich zariaden\u00ed.<br \/>\nn<br \/>\nTam v\u00e1m na\u0161i odborn\u00ed sprievodcovia baldach\u00fdnom povedia, \u010do potrebujete vedie\u0165 o aktivite a vybaven\u00ed. Po bezpe\u010dnostnej in\u0161trukt\u00e1\u017ei a na\u0161ej \u0161kolskej linke ste pripraven\u00ed na prv\u00e9 n\u00e1stupi\u0161te. Bezpe\u010dne pripevnen\u00fd horolezeckou v\u00fdbavou k dvojit\u00fdm lank\u00e1m, sta\u010d\u00ed len sk\u00e1ka\u0165 a u\u017e\u00edva\u0165 si jazdu.<br \/>\nn<br \/>\nPrehliadka pozost\u00e1va z 12 liniek rozmiestnen\u00fdch medzi 18 n\u00e1stupi\u0161\u0165ami. Na dokon\u010denie kurzu budete potrebova\u0165 jednu hodinu a\u017e jednu hodinu a 30 min\u00fat, ale nebojte sa, prv\u00e9 k\u00e1ble nie s\u00fa pr\u00edli\u0161 dlh\u00e9 ani r\u00fdchle, aby si vybudovali sebavedomie.<br \/>\nn<br \/>\nKe\u010f sa dostanete na k\u00e1bel 6, m\u00f4\u017eete dosiahnu\u0165 r\u00fdchlos\u0165 55 km za hodinu. K\u00e1bel \u010d\u00edslo 9 je n\u00e1\u0161 najvy\u0161\u0161\u00ed a k\u00e1bel 11 je jedin\u00fd k\u00e1bel ved\u013ea seba v krajine s d\u013a\u017ekou 800 metrov. Na z\u00e1ver pod\u00e1vame \u010derstv\u00e9 ovocie.<br \/>\nn<br \/>\nn<strong>Rozvrh hod\u00edn:<\/strong><br \/>\nn<br \/>\nn7:00 \u2013 14:00\u2026 Zmena \u010dasu v z\u00e1vislosti od toho, kde sa nach\u00e1dzate v Punta Cana.<br \/>\nn<br \/>\nn&nbsp;<br \/>\nn<\/p>\n<h4><em><strong>\u010co by ste si mali prinies\u0165?<\/strong><\/em><\/h4>\n<p>n<\/p>\n<ul>\nn \t<\/p>\n<li style=\"font-weight: 400;\"><span style=\"font-weight: 400;\">fotoapar\u00e1t<\/span><\/li>\n<p>n \t<\/p>\n<li style=\"font-weight: 400;\"><span style=\"font-weight: 400;\">Repelentn\u00e9 p\u00fa\u010diky<\/span><\/li>\n<p>n \t<\/p>\n<li style=\"font-weight: 400;\"><span style=\"font-weight: 400;\">opa\u013eovac\u00ed kr\u00e9m<\/span><\/li>\n<p>n \t<\/p>\n<li style=\"font-weight: 400;\"><span style=\"font-weight: 400;\">Klob\u00fak<\/span><\/li>\n<p>n \t<\/p>\n<li style=\"font-weight: 400;\"><span style=\"font-weight: 400;\">Pohodln\u00e9 nohavice<\/span><\/li>\n<p>n \t<\/p>\n<li style=\"font-weight: 400;\"><span style=\"font-weight: 400;\">Turistick\u00e1 obuv do lesa<\/span><\/li>\n<p>n \t<\/p>\n<li style=\"font-weight: 400;\"><span style=\"font-weight: 400;\">Sand\u00e1le na pl\u00e1\u017e<\/span><\/li>\n<p>n \t<\/p>\n<li style=\"font-weight: 400;\"><span style=\"font-weight: 400;\">Oble\u010denie na pl\u00e1vanie<\/span><\/li>\n<p>n \t<\/p>\n<li>Peniaze za suven\u00edry<\/li>\n<p>n<\/ul>\n<p>n&nbsp;<br \/>\nn<\/p>\n<h4><b><i>Vyzdvihnutie v hoteli <\/i><\/b><\/h4>\n<p>n<span style=\"font-weight: 400;\">Cestovate\u013esk\u00e9 vyzdvihnutie je pon\u00fakan\u00e9!<\/span><br \/>\nn<br \/>\nn<span style=\"font-weight: 400;\">Vyzdvihujeme zo v\u0161etk\u00fdch hotelov v Punta Cana. Miesto vyzdvihnutia je hotelov\u00e1 hala<br \/>\nAk ste ubytovan\u00ed v byte v tejto oblasti, vyzdvihneme v\u00e1s v byte alebo pri vchode do najbli\u017e\u0161ieho rezortu. Nastavili sme vyzdvihnutie, aby n\u00e1s kontaktovalo cez WhatsApp.<\/span><br \/>\nn<br \/>\nn<b>Pozn\u00e1mka:<\/b><span style=\"font-weight: 400;\"> Ak si rezervujete do 24 hod\u00edn od \u010dasu odchodu z\u00e1jazdu\/exkurzie, m\u00f4\u017eeme zabezpe\u010di\u0165 vyzdvihnutie v hoteli. Po dokon\u010den\u00ed n\u00e1kupu v\u00e1m po\u0161leme kompletn\u00e9 kontaktn\u00e9 inform\u00e1cie (telef\u00f3nne \u010d\u00edslo, e-mailov\u00fa adresu at\u010f.) pre n\u00e1\u0161ho miestneho sprievodcu, aby sme mohli zorganizova\u0165 opatrenia na vyzdvihnutie.<\/span><br \/>\nn<\/p>\n<h4><b><i>Potvrdenie dodato\u010dn\u00fdch inform\u00e1ci\u00ed <\/i><\/b><\/h4>\n<p>n<\/p>\n<ol>\nn \t<\/p>\n<li>Vstupenky s\u00fa potvrden\u00edm po zaplaten\u00ed tohto z\u00e1jazdu. Platbu m\u00f4\u017eete zobrazi\u0165 na telef\u00f3ne.<\/li>\n<p>n \t<\/p>\n<li style=\"font-weight: 400;\"><span style=\"font-weight: 400;\">Miesto stretnutia bude prijat\u00e9 po procese rezerv\u00e1cie.<\/span><\/li>\n<p>n \t<\/p>\n<li style=\"font-weight: 400;\"><span style=\"font-weight: 400;\">bezbari\u00e9rov\u00fd pr\u00edstup <\/span><\/li>\n<p>n \t<\/p>\n<li style=\"font-weight: 400;\"><span style=\"font-weight: 400;\">Doj\u010dat\u00e1 musia sedie\u0165 na kolen\u00e1ch <\/span><\/li>\n<p>n \t<\/p>\n<li style=\"font-weight: 400;\"><span style=\"font-weight: 400;\">V\u00e4\u010d\u0161ina cestovate\u013eov sa m\u00f4\u017ee z\u00fa\u010dastni\u0165<\/span><\/li>\n<p>n \t<\/p>\n<li><strong>Tehotn\u00e1 \u017eena<\/strong>\u00a0sa tejto \u010dinnosti nem\u00f4\u017ee z\u00fa\u010dastni\u0165.<\/li>\n<p>n<\/ol>\n<p>n<\/p>\n<h4><b><i>Podmienky zru\u0161enia<\/i><\/b><\/h4>\n<p>Ak chcete z\u00edska\u0165 pln\u00fa n\u00e1hradu, pre\u010d\u00edtajte si na\u0161e pravidl\u00e1 pre zru\u0161enie\u00a0<a href=\"https:\/\/www.boattoursamana.com\/sk\/online-rezervacia\/\" target=\"_blank\" rel=\"noopener\" data-saferedirecturl=\"https:\/\/www.google.com\/url?q=https:\/\/www.boattoursamana.com\/online-booking\/&amp;source=gmail&amp;ust=1672449202351000&amp;usg=AOvVaw1yAeVAPktmaVCqDujgUn90\">Kliknite tu<\/a>. Finan\u010dn\u00e9 prostriedky bud\u00fa straten\u00e9, ak bude rezerv\u00e1cia zru\u0161en\u00e1 v ten ist\u00fd de\u0148 z\u00e1jazdu.<\/p>\n\n\t\t<\/div>\n\t<\/div>\n<div class=\"vc_btn3-container vc_btn3-inline\" ><button class=\"vc_general vc_btn3 vc_btn3-size-md vc_btn3-shape-rounded vc_btn3-style-modern vc_btn3-color-green\">REZERVOVA\u0164<\/button><\/div><\/div><\/div><\/div><\/div><div class=\"vc_row wpb_row vc_row-fluid\" ><div class=\"wpb_column vc_column_container vc_col-sm-12\"><div class=\"vc_column-inner\"><div class=\"wpb_wrapper\">\n\t<div class=\"wpb_text_column wpb_content_element\" >\n\t\t<div class=\"wpb_wrapper\">\n\t\t\t<p>\nn<\/p>\n<h4>Kontaktuj n\u00e1s?<\/h4>\n<p>n<\/p>\n<h5><em><strong>Rezerva\u010dn\u00e9 dobrodru\u017estv\u00e1<\/strong><\/em><\/h5>\n<p>n<em><strong>Miestni obyvatelia<\/strong> a <strong>\u0160t\u00e1tni pr\u00edslu\u0161n\u00edci<\/strong> Sprievodcovia a slu\u017eby pre host\u00ed<\/em><br \/>\nn<br \/>\nn<span class=\"text-turquoise\">Rezerv\u00e1cie:<\/span> Prehliadky a exkurzie v Dom. Rep.<\/p>\n\n\t\t<\/div>\n\t<\/div>\n<\/div><\/div><\/div><\/div><div class=\"vc_row wpb_row vc_row-fluid\" ><div class=\"wpb_column vc_column_container vc_col-sm-12\"><div class=\"vc_column-inner\"><div class=\"wpb_wrapper\"><div class=\"vc_empty_space\"   style=\"height: 32px\"><span class=\"vc_empty_space_inner\"><\/span><\/div>\n\t<div class=\"wpb_text_column wpb_content_element\" >\n\t\t<div class=\"wpb_wrapper\">\n\t\t\t<p>\nn<\/p>\n<h4>Kontaktuj n\u00e1s?<\/h4>\n<p>n<\/p>\n<h5>Rezerva\u010dn\u00e9 dobrodru\u017estv\u00e1<\/h5>\n<p>n<em><strong>Miestni obyvatelia<\/strong>\u00a0a\u00a0<strong>\u0160t\u00e1tni pr\u00edslu\u0161n\u00edci<\/strong>\u00a0Sprievodcovia a slu\u017eby pre host\u00ed<\/em><br \/>\nn<br \/>\nn<span class=\"text-turquoise\">Rezerv\u00e1cie:<\/span>\u00a0Prehliadky a exkurzie v Dom. Rep.<br \/>\nn<br \/>\nn<img decoding=\"async\" class=\"emoji\" draggable=\"false\" src=\"https:\/\/s.w.org\/images\/core\/emoji\/11.2.0\/svg\/1f4de.svg\" alt=\" \" title=\"\">\u00a0Tel \/ Whatsapp\u00a0\u00a0<a href=\"tel:+1-809-720-6035\">+1-809-720-6035<\/a>.<br \/>\nn<br \/>\nn<img decoding=\"async\" class=\"emoji\" draggable=\"false\" src=\"https:\/\/s.w.org\/images\/core\/emoji\/11.2.0\/svg\/1f4e9.svg\" alt=\" \" title=\"\">\u00a0<a href=\"mailto:info@bookingadventures.com.do\">info@bookingadventures.com.do<\/a><br \/>\nn<br \/>\nn<strong>Flexibilne nastavujeme s\u00fakromn\u00e9 prehliadky od Whatsapp:\u00a0<a href=\"tel:+18097206035\">+18097206035.<\/a><\/strong><\/p>\n\n\t\t<\/div>\n\t<\/div>\n<div class=\"vc_empty_space\"   style=\"height: 32px\"><span class=\"vc_empty_space_inner\"><\/span><\/div><\/div><\/div><\/div><\/div><div class=\"vc_row wpb_row vc_row-fluid\" ><div class=\"wpb_column vc_column_container vc_col-sm-12\"><div class=\"vc_column-inner\"><div class=\"wpb_wrapper\"><div class=\"vc_btn3-container vc_btn3-inline\" ><button class=\"vc_general vc_btn3 vc_btn3-size-md vc_btn3-shape-rounded vc_btn3-style-modern vc_btn3-color-green\">REZERVOVA\u0164<\/button><\/div><\/div><\/div><\/div><\/div>","protected":false},"excerpt":{"rendered":"<p>Pre dokonal\u00e9 dobrodru\u017estvo v Punta Cana vysk\u00fa\u0161ajte n\u00e1\u0161 12-riadkov\u00fd zip line kurz! Na\u0161e horsk\u00e9 ihrisko m\u00e1 tie\u017e 18 plo\u0161\u00edn a je domovom dvoch najdlh\u0161\u00edch trat\u00ed v Dominik\u00e1nskej republike a v Karibiku. Ste bezpe\u010dne pripevnen\u00ed pomocou horolezeck\u00e9ho vybavenia k dvojit\u00fdm lan\u00e1m, pri\u010dom najdlh\u0161\u00ed z nich m\u00e1 d\u013a\u017eku 800 metrov! n nVyberte d\u00e1tum prehliadky\u00a0 &nbsp;<\/p>","protected":false},"author":2,"featured_media":0,"parent":0,"menu_order":0,"comment_status":"open","ping_status":"closed","template":"","meta":{"footnotes":""},"class_list":["post-15862","page","type-page","status-publish","hentry"],"_links":{"self":[{"href":"https:\/\/www.boattoursamana.com\/sk\/wp-json\/wp\/v2\/pages\/15862","targetHints":{"allow":["GET"]}}],"collection":[{"href":"https:\/\/www.boattoursamana.com\/sk\/wp-json\/wp\/v2\/pages"}],"about":[{"href":"https:\/\/www.boattoursamana.com\/sk\/wp-json\/wp\/v2\/types\/page"}],"author":[{"embeddable":true,"href":"https:\/\/www.boattoursamana.com\/sk\/wp-json\/wp\/v2\/users\/2"}],"replies":[{"embeddable":true,"href":"https:\/\/www.boattoursamana.com\/sk\/wp-json\/wp\/v2\/comments?post=15862"}],"version-history":[{"count":0,"href":"https:\/\/www.boattoursamana.com\/sk\/wp-json\/wp\/v2\/pages\/15862\/revisions"}],"wp:attachment":[{"href":"https:\/\/www.boattoursamana.com\/sk\/wp-json\/wp\/v2\/media?parent=15862"}],"curies":[{"name":"wp","href":"https:\/\/api.w.org\/{rel}","templated":true}]}}