{"id":15863,"date":"2023-07-15T07:45:08","date_gmt":"2023-07-15T07:45:08","guid":{"rendered":"https:\/\/www.ticketswhales.com\/las-terrenas-atv-samana-adventures-atv-tours-excursions-in-coffee-trail-cultural-tour\/"},"modified":"2023-07-15T07:45:08","modified_gmt":"2023-07-15T07:45:08","slug":"las-terrenas-atv-samana-adventures-atv-tours-excursions-in-coffee-trail-cultural-tour","status":"publish","type":"page","link":"https:\/\/www.boattoursamana.com\/sk\/las-terrenas-atv-samana-dobrodruzstva-atv-tours-exkurzie-na-kavovom-chodniku-kulturne-turne","title":{"rendered":"Las Terrenas: ATV Saman\u00e1 Adventures \u2013 ATV Tours &amp; Excursions in Coffee Trail Cultural Tour"},"content":{"rendered":"<div class=\"ui_columns is-desktop\">\nn<\/p>\n<div class=\"ui_column\">\nn<br \/>\nnTento z\u00e1\u017eitok v ATV za\u010d\u00edna v komunite El LImon. Po\u010das prvej \u010dasti d\u0148a objav\u00edte \u201e<b>Ruta del Caf\u00e9<\/b>\u201d na \u0161tvorkolke a jej kr\u00e1snej a zachovalej pr\u00edrode. Prv\u00e1 zast\u00e1vka bude na\u00a0<b>Kaviare\u0148 Parada del\u00a0<\/b>kde v\u00e1m Olivo a jeho rodina uk\u00e1\u017eu remeseln\u00e9 met\u00f3dy, ktor\u00e9 pou\u017e\u00edvaj\u00fa\u00a0<strong>k\u00e1va a kakao<\/strong>. A\u00a0<b>ochutn\u00e1vka<\/b>\u00a0je pl\u00e1novan\u00e1, ale len pre t\u00fdch najchtivej\u0161\u00edch !!!<br \/>\nn<br \/>\nnCestou sa zastav\u00edte aj na\u00a0<b>tov\u00e1re\u0148 na cigary<\/b>\u00a0a na obed a\u00a0<b>Dominik\u00e1nske jedlo<\/b> v typickom ran\u010di. Po jedle budete pokra\u010dova\u0165 v ceste na n\u00e1dhern\u00fa pl\u00e1\u017e\u00a0<strong>Kret\u00e9n<\/strong>\u00a0s<b>\u00a0tr\u00e1va a\u017e po okraj<\/b><b>\u00a0, jej kri\u0161t\u00e1\u013eov\u00e9 a nedotknut\u00e9 vody\u00a0<\/b>kde sa v\u00e1m bude p\u00e1\u010di\u0165\u00a0<b>pl\u00e1va\u0165 <\/b>Pe\u0161ia turistika a pl\u00e1vanie s bezpe\u010dnostn\u00fdm vybaven\u00edm, aby ste mali ten najlep\u0161\u00ed z\u00e1\u017eitok!<br \/>\nn<br \/>\nn<\/div>\n<p>n<\/p><\/div>\n<p>n&nbsp;<br \/>\nn<br \/>\nn<strong>Vyberte d\u00e1tum prehliadky:\u00a0<\/strong><\/p>\n<p>&nbsp;<\/p>\n<div class=\"vc_row wpb_row vc_row-fluid\" ><div class=\"wpb_column vc_column_container vc_col-sm-12\"><div class=\"vc_column-inner\"><div class=\"wpb_wrapper\"><div class=\"mkdf-section-title-holder\" style=\"text-align: left\">\n\t<div class=\"mkdf-st-inner\">\n\t\t\t\t\t<h5 class=\"mkdf-st-subtitle\" >\n\t\t\t\tObed v cene na pl\u00e1\u017ei\t\t\t<\/h5>\n\t\t\t\t\t\t\t<h3 class=\"mkdf-st-title\" >\n\t\t\t\tATV Samana Adventures - ATV Tours &amp; Excursions in Coffee Trail Cultural Tour\t\t\t<\/h3>\n\t\t\t\t\t<\/div>\n<\/div><\/div><\/div><\/div><\/div><div class=\"vc_row wpb_row vc_row-fluid\" ><div class=\"wpb_column vc_column_container vc_col-sm-12\"><div class=\"vc_column-inner\"><div class=\"wpb_wrapper\"><div class=\"vc_btn3-container vc_btn3-inline\" ><button class=\"vc_general vc_btn3 vc_btn3-size-md vc_btn3-shape-rounded vc_btn3-style-modern vc_btn3-color-green\">REZERVOVA\u0164<\/button><\/div>\n\t<div class=\"wpb_text_column wpb_content_element\" >\n\t\t<div class=\"wpb_wrapper\">\n\t\t\t<p>\nn<\/p>\n<h3 class=\"ui_header h1 attractions-product-info-ProductTitle__title--1qM0o\">ATV Samana Adventures \u2013 ATV Tours &amp; Excursions in Coffee Trail Cultural Tour.<\/h3>\n<p>n<\/p>\n<h4><b><i>Preh\u013ead <\/i><\/b><\/h4>\n<p>Z\u00edskajte vstupenky na poldenn\u00fa exkurziu v Samane na ATV Tours.<br \/>\nn<br \/>\nnThe\u00a0<strong>Kult\u00farna prehliadka ATV Coffee Trail<\/strong> je dokonal\u00fdm spojen\u00edm adrenal\u00ednu, pr\u00edrody a kult\u00fary. Jazdite pozd\u013a\u017e kaviarne Ruta del Caf\u00e9, zab\u00e1vajte sa na po\u013en\u00fdch cest\u00e1ch jazdou na \u0161tvorkolke a objavujte krajinu Samany a dominik\u00e1nsku kult\u00faru a sp\u00f4sob \u017eivota.<br \/>\nn<br \/>\nnPrehliadka v\u00e1s prevedie vidieckymi cestami lemovan\u00fdmi po\u013eami kakaa a k\u00e1vy, n\u00e1dhern\u00fdm v\u00fdh\u013eadom na z\u00e1liv Samana a miestne farmy. Zastav\u00edme sa na klasickej horskej farme a podel\u00edme sa o chv\u00ed\u013eu s rodinou farm\u00e1rov. Budete m\u00f4c\u0165 ochutna\u0165 niektor\u00e9 z produktov, ktor\u00e9 vyr\u00e1baj\u00fa, a nav\u0161t\u00edvi\u0165 ich farmu a dozvedie\u0165 sa viac o ekologickom po\u013enohospod\u00e1rstve a rastlin\u00e1ch.<br \/>\nn<br \/>\nn&nbsp;<br \/>\nn<\/p>\n<h4><b>Inkl\u00fazie a vyl\u00fa\u010denia<\/b><\/h4>\n<p>n&nbsp;<br \/>\nn<br \/>\nn<b>Inkl\u00fazie<\/b><br \/>\nn<\/p>\n<ol>\nn \t<\/p>\n<li style=\"font-weight: 400;\">Atv 2 osoby v jednom.<\/li>\n<p>n \t<\/p>\n<li>Obed na vidieckej strane<\/li>\n<p>n \t<\/p>\n<li style=\"font-weight: 400;\"><span style=\"font-weight: 400;\">V\u0161etky dane, poplatky a manipula\u010dn\u00e9 poplatky<\/span><\/li>\n<p>n \t<\/p>\n<li style=\"font-weight: 400;\"><span style=\"font-weight: 400;\">Miestne dane<\/span><\/li>\n<p>n \t<\/p>\n<li style=\"font-weight: 400;\"><span style=\"font-weight: 400;\">N\u00e1poje<\/span><\/li>\n<p>n \t<\/p>\n<li>Ob\u010derstvenie<\/li>\n<p>n \t<\/p>\n<li>N\u00e1v\u0161teva Limonsk\u00fdch vodop\u00e1dov<\/li>\n<p>n \t<\/p>\n<li style=\"font-weight: 400;\"><span style=\"font-weight: 400;\">V\u0161etky aktivity<\/span><\/li>\n<p>n \t<\/p>\n<li style=\"font-weight: 400;\"><span style=\"font-weight: 400;\">Miestny sprievodca<\/span><\/li>\n<p>n<\/ol>\n<p>n<b> Vyl\u00fa\u010denia<\/b><br \/>\nn<\/p>\n<ol>\nn \t<\/p>\n<li style=\"font-weight: 400;\"><span style=\"font-weight: 400;\">Spropitn\u00e9<\/span><\/li>\n<p>n \t<\/p>\n<li>doprava z hotelov (nastav\u00edte n\u00e1s kontaktovan\u00edm).<\/li>\n<p>n \t<\/p>\n<li style=\"font-weight: 400;\"><span style=\"font-weight: 400;\">Alkoholick\u00e9 n\u00e1poje<\/span><\/li>\n<p>n<\/ol>\n<p>n&nbsp;<br \/>\nn<\/p>\n<h4><em><strong>Odchod a n\u00e1vrat<\/strong><\/em><\/h4>\n<p>n<span style=\"font-weight: 400;\">Cestuj\u00faci z\u00edska miesto stretnutia po procese rezerv\u00e1cie. Prehliadky za\u010d\u00ednaj\u00fa a kon\u010dia v miestach na\u0161ich stretnut\u00ed.<\/span><br \/>\nn<\/p>\n<h4><\/h4>\n<p>n<\/p>\n<h3 class=\"ui_header h1 attractions-product-info-ProductTitle__title--1qM0o\">A<\/h3>\n<p>n<\/p>\n<h4><b><i>\u010co o\u010dak\u00e1va\u0165?<\/i><\/b><\/h4>\n<p>n<\/p>\n<div data-tab=\"TABS_WHAT_TO_EXPECT\">\nn<\/p>\n<div class=\"ui_card attractions-card-CollapsibleProductDetailsCard__cardContainer--3r2wk attractions-card-CollapsibleProductDetailsCard__cleanslateOverrideDT--2AJh0\">\nn<\/p>\n<div class=\"attractions-card-CollapsibleCard__header--IDA3r\">\nn<\/p>\n<div class=\"attractions-card-CollapsibleCard__headerSection--3gTKb\"><\/div>\n<p>n\n<\/p><\/div>\n<p>n<\/p>\n<div class=\"attractions-card-CollapsibleCard__content--2Ws8q\">\nn<\/p>\n<div class=\"attractions-card-CollapsibleCard__contentWrap--374jk attractions-card-CollapsibleCard__titleUnderline--1uHze\">\nn<\/p>\n<div class=\"attractions-card-CollapsibleProductDetailsCard__cardContent--23ext\">\nn<\/p>\n<div class=\"common-text-ReadMore__readMore--3Iu8c common-text-ReadMore__variantFadeOut--1tInd\">\nn<\/p>\n<div class=\"common-text-ReadMore__content--2X4LR\">\nn<\/p>\n<div class=\"ui_columns is-desktop\">\nn<\/p>\n<div class=\"ui_column\">\nn<br \/>\nnSpustenie v\u00e1\u0161ho ATV. Budete svedkami rozdielu medzi Las Terrenas, ru\u0161nou pl\u00e1\u017eovou destin\u00e1ciou, a vidiekom s \u010dist\u00fdm vzduchom a pomal\u00fdm sp\u00f4sobom \u017eivota. Ak chcete, farm\u00e1ri v\u00e1m uk\u00e1\u017eu, ako sa vyr\u00e1ba k\u00e1va alebo kakao zo stromu. k v\u00e1\u0161mu stolu. Potom m\u00f4\u017eete pop\u00edja\u0165 \u0161\u00e1lku k\u00e1vy alebo hor\u00faceho kakaa. Nebojte sa, ak nehovor\u00edte \u0161panielsky, n\u00e1\u0161 miestny sprievodca v\u00e1m v\u0161etko prelo\u017e\u00ed. \u010eal\u0161ou zast\u00e1vkou je mal\u00e1 pl\u00e1\u017e v z\u00e1live Samana, kde sa m\u00f4\u017eete ok\u00fapa\u0165 a na chv\u00ed\u013eu schladi\u0165. Cestou prejdeme cez mnoh\u00e9 polia, farmy a vyhliadky.<br \/>\nn<br \/>\nnM\u00f4\u017eeme tam zorganizova\u0165 piknik z \u010derstv\u00fdch morsk\u00fdch plodov alebo r\u00fdb a miestnej zeleniny a ovocia.<br \/>\nn<br \/>\nn<\/div>\n<p>n\n<\/p><\/div>\n<p>n<\/p>\n<div class=\"ui_columns is-desktop\">\nn<\/p>\n<div class=\"ui_column\">\nn<br \/>\nnV\u00e4\u010d\u0161ina cesty je po po\u013en\u00fdch cest\u00e1ch, je to z\u00e1bava jazdi\u0165 tam na \u0161tvorkolke, hore-dole, cez nerovnosti a diery. Ak v\u00e1m nie je 100% pohodln\u00e9 riadi\u0165 \u0161tvorkolku alebo ak r\u00fdchlos\u0165 nie je va\u0161a vec, nebojte sa, m\u00f4\u017eete jazdi\u0165 pomaly (viac \u010dasu na vychutn\u00e1vanie si v\u00fdh\u013eadu!) alebo m\u00f4\u017eete jazdi\u0165 s niek\u00fdm, v\u00e4\u010d\u0161ina \u0161tvorkoliek m\u00f4\u017ee sedie\u0165 dvoch \u013eud\u00ed. Riadenie \u0161tvorkolky je celkom jednoduch\u00e9 a aj ke\u010f je to prv\u00fdkr\u00e1t, mali by ste sa do toho r\u00fdchlo dosta\u0165.<br \/>\nn<br \/>\nnT\u00fara zvy\u010dajne trv\u00e1 pol d\u0148a, ale m\u00f4\u017eeme si napl\u00e1nova\u0165 aj celodenn\u00fa t\u00faru, \u00eds\u0165 hlb\u0161ie do pohoria Samana a bujnej d\u017eungle, objavova\u0165 vzdialenej\u0161ie pl\u00e1\u017ee a dediny na ceste. Cestou sp\u00e4\u0165 sa m\u00f4\u017eeme zastavi\u0165 o\u00a0<strong>Vodop\u00e1d El Limon<\/strong>, len 30 min\u00fat ch\u00f4dze od hlavnej cesty.<br \/>\nn<br \/>\nn<\/div>\n<p>n\n<\/p><\/div>\n<p>n\n<\/p><\/div>\n<p>n\n<\/p><\/div>\n<p>n\n<\/p><\/div>\n<p>n\n<\/p><\/div>\n<p>n\n<\/p><\/div>\n<p>n\n<\/p><\/div>\n<p>n\n<\/p><\/div>\n<p>n<\/p>\n<h4><em><strong>\u010co by ste si mali prinies\u0165?<\/strong><\/em><\/h4>\n<p>n<\/p>\n<ul>\nn \t<\/p>\n<li style=\"font-weight: 400;\"><span style=\"font-weight: 400;\">fotoapar\u00e1t<\/span><\/li>\n<p>n \t<\/p>\n<li style=\"font-weight: 400;\"><span style=\"font-weight: 400;\">Repelentn\u00e9 p\u00fa\u010diky<\/span><\/li>\n<p>n \t<\/p>\n<li style=\"font-weight: 400;\"><span style=\"font-weight: 400;\">Opa\u013eovac\u00ed kr\u00e9m<\/span><\/li>\n<p>n \t<\/p>\n<li style=\"font-weight: 400;\"><span style=\"font-weight: 400;\">Klob\u00fak<\/span><\/li>\n<p>n \t<\/p>\n<li style=\"font-weight: 400;\"><span style=\"font-weight: 400;\">Pohodln\u00e9 nohavice<\/span><\/li>\n<p>n \t<\/p>\n<li style=\"font-weight: 400;\"><span style=\"font-weight: 400;\">Turistick\u00e1 obuv do lesa<\/span><\/li>\n<p>n \t<\/p>\n<li style=\"font-weight: 400;\"><span style=\"font-weight: 400;\">Sand\u00e1le do jarn\u00fdch oblast\u00ed.<\/span><\/li>\n<p>n \t<\/p>\n<li style=\"font-weight: 400;\"><span style=\"font-weight: 400;\">Oble\u010denie na pl\u00e1vanie<\/span><\/li>\n<p>n<\/ul>\n<p>n&nbsp;<br \/>\nn<\/p>\n<h4><b><i>Vyzdvihnutie v hoteli <\/i><\/b><\/h4>\n<p>n<span style=\"font-weight: 400;\">Vyzdvihnutie v hoteli sa pre tento z\u00e1jazd nepon\u00faka. Nastavili sme Pick up, aby n\u00e1s kontaktoval cez Whatsapp.<\/span><br \/>\nn<br \/>\nn&nbsp;<br \/>\nn<br \/>\nn<b>Pozn\u00e1mka:<\/b><span style=\"font-weight: 400;\"> ak si rezervujete do 24 hod\u00edn od \u010dasu odchodu z\u00e1jazdu\/exkurzie, m\u00f4\u017eeme zariadi\u0165 vyzdvihnutie v hoteli s dodato\u010dn\u00fdmi poplatkami. Po dokon\u010den\u00ed n\u00e1kupu v\u00e1m po\u0161leme kompletn\u00e9 kontaktn\u00e9 inform\u00e1cie (telef\u00f3nne \u010d\u00edslo, e-mailov\u00fa adresu at\u010f.) pre n\u00e1\u0161ho miestneho sprievodcu, aby sme mohli zorganizova\u0165 opatrenia na vyzdvihnutie.<\/span><br \/>\nn<\/p>\n<h4><b><i>Potvrdenie dodato\u010dn\u00fdch inform\u00e1ci\u00ed <\/i><\/b><\/h4>\n<p>n<\/p>\n<ol>\nn \t<\/p>\n<li>Vstupenky s\u00fa potvrden\u00edm po zaplaten\u00ed tohto z\u00e1jazdu. Platbu m\u00f4\u017eete zobrazi\u0165 na telef\u00f3ne.<\/li>\n<p>n \t<\/p>\n<li style=\"font-weight: 400;\"><span style=\"font-weight: 400;\">Miesto stretnutia bude prijat\u00e9 po procese rezerv\u00e1cie.<\/span><\/li>\n<p>n \t<\/p>\n<li style=\"font-weight: 400;\"><span style=\"font-weight: 400;\">Deti musia by\u0165 v sprievode dospelej osoby.<\/span><\/li>\n<p>n \t<\/p>\n<li style=\"font-weight: 400;\"><span style=\"font-weight: 400;\"> Bezbari\u00e9rov\u00fd pr\u00edstup <\/span><\/li>\n<p>n \t<\/p>\n<li style=\"font-weight: 400;\"><span style=\"font-weight: 400;\">Doj\u010dat\u00e1 musia sedie\u0165 na kolen\u00e1ch <\/span><\/li>\n<p>n \t<\/p>\n<li style=\"font-weight: 400;\"><span style=\"font-weight: 400;\">Neodpor\u00fa\u010da sa pre cestuj\u00facich s probl\u00e9mami s chrbtom<\/span><\/li>\n<p>n \t<\/p>\n<li style=\"font-weight: 400;\"><span style=\"font-weight: 400;\">Neodpor\u00fa\u010da sa pre tehotn\u00e9 cestovate\u013eky <\/span><\/li>\n<p>n \t<\/p>\n<li style=\"font-weight: 400;\"><span style=\"font-weight: 400;\"> \u017diadne srdcov\u00e9 probl\u00e9my ani in\u00e9 v\u00e1\u017ene zdravotn\u00e9 \u0165a\u017ekosti <\/span><\/li>\n<p>n \t<\/p>\n<li style=\"font-weight: 400;\"><span style=\"font-weight: 400;\">V\u00e4\u010d\u0161ina cestovate\u013eov sa m\u00f4\u017ee z\u00fa\u010dastni\u0165<\/span><\/li>\n<p>n<\/ol>\n<p>n<\/p>\n<h4><b><i>Podmienky zru\u0161enia<\/i><\/b><\/h4>\n<p>Ak chcete z\u00edska\u0165 pln\u00fa n\u00e1hradu, pre\u010d\u00edtajte si na\u0161e pravidl\u00e1 pre zru\u0161enie\u00a0<a href=\"https:\/\/www.boattoursamana.com\/sk\/online-rezervacia\/\" target=\"_blank\" rel=\"noopener\" data-saferedirecturl=\"https:\/\/www.google.com\/url?q=https:\/\/www.boattoursamana.com\/online-booking\/&amp;source=gmail&amp;ust=1672449202351000&amp;usg=AOvVaw1yAeVAPktmaVCqDujgUn90\">Kliknite tu<\/a>. Finan\u010dn\u00e9 prostriedky bud\u00fa straten\u00e9, ak bude rezerv\u00e1cia zru\u0161en\u00e1 v ten ist\u00fd de\u0148 z\u00e1jazdu.<\/p>\n\n\t\t<\/div>\n\t<\/div>\n<div class=\"vc_btn3-container vc_btn3-inline\" ><button class=\"vc_general vc_btn3 vc_btn3-size-md vc_btn3-shape-rounded vc_btn3-style-modern vc_btn3-color-green\">REZERVOVA\u0164<\/button><\/div><\/div><\/div><\/div><\/div><div class=\"vc_row wpb_row vc_row-fluid\" ><div class=\"wpb_column vc_column_container vc_col-sm-12\"><div class=\"vc_column-inner\"><div class=\"wpb_wrapper\">\n\t<div class=\"wpb_video_widget wpb_content_element vc_clearfix   vc_video-aspect-ratio-169 vc_video-el-width-100 vc_video-align-left\" >\n\t\t<div class=\"wpb_wrapper\">\n\t\t\t<h2 class=\"wpb_heading wpb_video_heading\">Samana s dobrodru\u017estvom pri rezerv\u00e1cii:<\/h2>\n\t\t\t<div class=\"wpb_video_wrapper\"><iframe loading=\"lazy\" title=\"Dominik\u00e1nska destin\u00e1cia Samana Zipline, ATV v\u00fdlety\" width=\"1100\" height=\"619\" src=\"https:\/\/www.youtube.com\/embed\/8Ybh1xtnr2M?feature=oembed\" frameborder=\"0\" allow=\"accelerometer; autoplay; clipboard-write; encrypted-media; gyroscope; picture-in-picture; web-share\" allowfullscreen><\/iframe><\/div>\n\t\t<\/div>\n\t<\/div>\n<\/div><\/div><\/div><\/div><div class=\"vc_row wpb_row vc_row-fluid\" ><div class=\"wpb_column vc_column_container vc_col-sm-12\"><div class=\"vc_column-inner\"><div class=\"wpb_wrapper\"><div class=\"vc_empty_space\"   style=\"height: 32px\"><span class=\"vc_empty_space_inner\"><\/span><\/div>\n\t<div class=\"wpb_text_column wpb_content_element\" >\n\t\t<div class=\"wpb_wrapper\">\n\t\t\t<p>\nn<\/p>\n<h4>Kontaktuj n\u00e1s?<\/h4>\n<p>n<\/p>\n<h5><em><strong>Rezerva\u010dn\u00e9 dobrodru\u017estv\u00e1<\/strong><\/em><\/h5>\n<p>n<em><strong>Miestni obyvatelia<\/strong>\u00a0a\u00a0<strong>\u0160t\u00e1tni pr\u00edslu\u0161n\u00edci<\/strong>\u00a0Sprievodcovia a slu\u017eby pre host\u00ed<\/em><br \/>\nn<br \/>\nn<span class=\"text-turquoise\">Rezerv\u00e1cie:<\/span>\u00a0Prehliadky a exkurzie v Dom. Rep.<br \/>\nn<br \/>\nn<img decoding=\"async\" class=\"emoji\" draggable=\"false\" src=\"https:\/\/s.w.org\/images\/core\/emoji\/11.2.0\/svg\/1f4de.svg\" alt=\" \" title=\"\">\u00a0Tel \/ Whatsapp\u00a0\u00a0<a href=\"tel:+1-809-720-6035\">+1-809-720-6035<\/a>.<br \/>\nn<br \/>\nn<img decoding=\"async\" class=\"emoji\" draggable=\"false\" src=\"https:\/\/s.w.org\/images\/core\/emoji\/11.2.0\/svg\/1f4e9.svg\" alt=\" \" title=\"\">\u00a0<a href=\"mailto:info@bookingadventures.com.do\">info@bookingadventures.com.do<\/a><br \/>\nn<br \/>\nn<strong>Flexibilne nastavujeme s\u00fakromn\u00e9 prehliadky od Whatsapp:\u00a0<a href=\"tel:+18097206035\">+18097206035.<\/a><\/strong><\/p>\n\n\t\t<\/div>\n\t<\/div>\n<div class=\"vc_empty_space\"   style=\"height: 32px\"><span class=\"vc_empty_space_inner\"><\/span><\/div><\/div><\/div><\/div><\/div><div class=\"vc_row wpb_row vc_row-fluid\" ><div class=\"wpb_column vc_column_container vc_col-sm-12\"><div class=\"vc_column-inner\"><div class=\"wpb_wrapper\"><div class=\"vc_btn3-container vc_btn3-inline\" ><button class=\"vc_general vc_btn3 vc_btn3-size-md vc_btn3-shape-rounded vc_btn3-style-modern vc_btn3-color-green\">REZERVOVA\u0164<\/button><\/div><\/div><\/div><\/div><\/div>","protected":false},"excerpt":{"rendered":"<p>n n nThis experience in Atv starts in El LImon comunity.During the first part of the day, you will discover the \u201cRuta del Caf\u00e9\u201d on quad and its beautiful and preserved nature. The first stop will be at\u00a0 the\u00a0Parada del caf\u00e9\u00a0where Olivo and his family will show you the artisanal methods they use for\u00a0coffee and cocoa. A\u00a0tasting\u00a0is planned, but only for the greediest !!! n nOn the way, you will also stop at the\u00a0cigars factory\u00a0and for lunch a\u00a0Dominican meal in [&hellip;]<\/p>\n","protected":false},"author":2,"featured_media":0,"parent":0,"menu_order":0,"comment_status":"open","ping_status":"closed","template":"","meta":{"footnotes":""},"class_list":["post-15863","page","type-page","status-publish","hentry"],"_links":{"self":[{"href":"https:\/\/www.boattoursamana.com\/sk\/wp-json\/wp\/v2\/pages\/15863","targetHints":{"allow":["GET"]}}],"collection":[{"href":"https:\/\/www.boattoursamana.com\/sk\/wp-json\/wp\/v2\/pages"}],"about":[{"href":"https:\/\/www.boattoursamana.com\/sk\/wp-json\/wp\/v2\/types\/page"}],"author":[{"embeddable":true,"href":"https:\/\/www.boattoursamana.com\/sk\/wp-json\/wp\/v2\/users\/2"}],"replies":[{"embeddable":true,"href":"https:\/\/www.boattoursamana.com\/sk\/wp-json\/wp\/v2\/comments?post=15863"}],"version-history":[{"count":0,"href":"https:\/\/www.boattoursamana.com\/sk\/wp-json\/wp\/v2\/pages\/15863\/revisions"}],"wp:attachment":[{"href":"https:\/\/www.boattoursamana.com\/sk\/wp-json\/wp\/v2\/media?parent=15863"}],"curies":[{"name":"wp","href":"https:\/\/api.w.org\/{rel}","templated":true}]}}