{"id":15878,"date":"2023-07-15T07:45:29","date_gmt":"2023-07-15T07:45:29","guid":{"rendered":"https:\/\/www.ticketswhales.com\/los-haitises-all-in-one-kayaking-hiking-boating-caving-swimming-natural-pool-lunch-from-las-terrenas\/"},"modified":"2023-07-15T07:45:29","modified_gmt":"2023-07-15T07:45:29","slug":"los-haitises-all-in-one-kayaking-hiking-boating-caving-swimming-natural-pool-lunch-from-las-terrenas","status":"publish","type":"page","link":"https:\/\/www.boattoursamana.com\/sk\/los-haitises-vsetko-v-jednom-kajak-turistika-clnkovanie-jaskyniarstvo-kupanie-prirodny-bazen-obed-z-las-terrenas","title":{"rendered":"Los Haitises v\u0161etko v jednom (jazda na kajaku, turistika, \u010dlnkovanie, jaskyniarstvo, pr\u00edrodn\u00fd baz\u00e9n a obed) z Las Terrenas"},"content":{"rendered":"<p><span style=\"font-weight: 400;\">Ute\u010dte z mesta a ponorte sa medzi historick\u00e9 a ryb\u00e1rske mesto Sanchez a hlavn\u00e9 mesto Los HaitisesSabana de la Mar. Sanchez je zn\u00e1my ako centrum exportu a na konci roku 1800 bol postaven\u00fd vlak prich\u00e1dzaj\u00faci z provincie La vega. Po\u010fte s nami a u\u017eite si sladk\u00e9 vody jednej z nepreb\u00e1dan\u00fdch pl\u00e1\u017e\u00ed n\u00e1rodn\u00e9ho parku Los Haitises, kde sa nach\u00e1dza z\u00e1liv San Lorenzo. Miesto je dostupn\u00e9 lo\u010fou, obklopen\u00e9 da\u017e\u010fov\u00fdm pralesom a mangrovov\u00fdmi lesmi. Po\u010das plavby zo Sanchezu do Los Haitises sa dostanete do kontaktu s pr\u00edrodou a nezabudnute\u013enou krajinou tohto parku. T\u00e1to prehliadka bude kombin\u00e1ciou jazdy na kajaku, plavby lo\u010fou, n\u00e1v\u0161tevy jednej jaskyne a pl\u00e1vania v jednom z najd\u00f4le\u017eitej\u0161\u00edch n\u00e1rodn\u00fdch parkov v krajine, tu je v\u00e4\u010d\u0161ina biodiverzity ostrova a druh\u00fd najv\u00e4\u010d\u0161\u00ed mangrovov\u00fd les s viac ako 98 km2.\u00a0<\/span><br \/>\nn<br \/>\nn&nbsp;<br \/>\nn<br \/>\nn<strong><span style=\"vertical-align: inherit;\"><span style=\"vertical-align: inherit;\">Vyberte si d\u00e1tum pre toto dobrodru\u017estvo:<\/span><\/span><\/strong><\/p>\n<p>&nbsp;<\/p>\n<div class=\"vc_row wpb_row vc_row-fluid\" ><div class=\"wpb_column vc_column_container vc_col-sm-12\"><div class=\"vc_column-inner\"><div class=\"wpb_wrapper\">\n\t<div class=\"wpb_text_column wpb_content_element\" >\n\t\t<div class=\"wpb_wrapper\">\n\t\t\t<p>\nn<\/p>\n<h2>Los Haitises v\u0161etko v jednom (jazda na kajaku, turistika, \u010dlnkovanie, jaskyniarstvo, pr\u00edrodn\u00fd baz\u00e9n a obed) z Las Terrenas<\/h2>\n<p>n<\/p>\n<h4><b><i>Preh\u013ead <\/i><\/b><\/h4>\n<p>n<span style=\"font-weight: 400;\">Los Haitises All In One je \u00fatek z mesta, aby ste sa ponorili medzi historick\u00e9 a ryb\u00e1rske mesto Sanchez a hlavn\u00e9 mesto Los Haitises Sabana de la Mar. Sanchez je zn\u00e1my ako centrum exportu a v\u010faka vlaku, ktor\u00fd prich\u00e1dzal z Provincia La vega postaven\u00e1 koncom roku 1800. Po\u010fte s nami a u\u017eite si sladk\u00e9 vody jednej z nepreb\u00e1dan\u00fdch pl\u00e1\u017e\u00ed n\u00e1rodn\u00e9ho parku Los Haitises, kde sa nach\u00e1dza z\u00e1liv San Lorenzo. <\/span><br \/>\nn<br \/>\nn<span style=\"font-weight: 400;\">Miesto je dostupn\u00e9 lo\u010fou, obklopen\u00e9 da\u017e\u010fov\u00fdm pralesom a mangrovov\u00fdmi lesmi. Po\u010das plavby zo Sanchezu do Los Haitises sa dostanete do kontaktu s pr\u00edrodou a nezabudnute\u013enou krajinou tohto parku. T\u00e1to prehliadka bude kombin\u00e1ciou jazdy na kajaku, plavby lo\u010fou, n\u00e1v\u0161tevy jednej jaskyne a pl\u00e1vania v jednom z najd\u00f4le\u017eitej\u0161\u00edch n\u00e1rodn\u00fdch parkov v krajine, tu je v\u00e4\u010d\u0161ina biodiverzity ostrova a druh\u00fd najv\u00e4\u010d\u0161\u00ed mangrovov\u00fd les s viac ako 98 km2.\u00a0<\/span><br \/>\nn<br \/>\nn<span style=\"font-weight: 400;\">N\u00e1\u0161 miestny a odborn\u00fd person\u00e1l sa postar\u00e1 o to, aby ste skuto\u010dne spoznali kult\u00faru Taino, ich hist\u00f3riu v Los Haitises a ich spojenie s pr\u00edrodou. T\u00e1to prehliadka je v re\u017eime ekoturistiky, kde komunita zohr\u00e1va ve\u013emi d\u00f4le\u017eit\u00fa \u00falohu, s\u00fa to sprievodcovia, kapit\u00e1nske lode a vodi\u010di.<\/span><br \/>\nn<br \/>\nn<span style=\"font-weight: 400;\">Prioritou Booking Adventure je uisti\u0165 sa, \u017ee dostanete to najlep\u0161ie z najlep\u0161ieho od chv\u00edle, ke\u010f si k\u00fapite l\u00edstok, a\u017e po ukon\u010denie cesty. Na\u0161e z\u00e1jazdy s\u00fa zameran\u00e9 na environment\u00e1lnu v\u00fdchovu, dobrodru\u017estvo a miestnu hist\u00f3riu a po\u010das tohto v\u00fdletu uvid\u00edte zo v\u0161etk\u00e9ho trochu.\u00a0<\/span><br \/>\nn<\/p>\n<h3><span style=\"font-weight: 400;\">Inkl\u00fazie a vyl\u00fa\u010denia<\/span><\/h3>\n<p>n<\/p>\n<h6><strong>Inkl\u00fazie<\/strong><\/h6>\n<p>n<\/p>\n<ul>\nn \t<\/p>\n<li><span style=\"font-weight: 400;\">R\u00fdchlostn\u00fd \u010dln a kapit\u00e1n\u00a0<\/span><\/li>\n<p>n \t<\/p>\n<li><span style=\"font-weight: 400;\">Jazda na kajaku\u00a0<\/span><\/li>\n<p>n \t<\/p>\n<li>Turisticky chodnik<\/li>\n<p>n \t<\/p>\n<li><span style=\"font-weight: 400;\">Ob\u010derstvenie (voda, ovocie, s\u00f3da)<\/span><\/li>\n<p>n \t<\/p>\n<li>Miestny obed<\/li>\n<p>n \t<\/p>\n<li><span style=\"font-weight: 400;\">V\u0161etky dane, poplatky a manipula\u010dn\u00e9 poplatky<\/span><\/li>\n<p>n \t<\/p>\n<li><span style=\"font-weight: 400;\">\u00daradn\u00edci Ekol\u00f3govia Sprievodcovia anglicky\/\u0161panielsky<\/span><\/li>\n<p>n \t<\/p>\n<li><span style=\"font-weight: 400;\">K\u00fapanie v pr\u00edrodn\u00fdch baz\u00e9noch alebo nepreb\u00e1danej pl\u00e1\u017ei\u00a0<\/span><\/li>\n<p>n \t<\/p>\n<li><span style=\"font-weight: 400;\">Jaskyniarstvo<\/span><\/li>\n<p>n \t<\/p>\n<li>Vyzdvihnutie z hotela<\/li>\n<p>n<\/ul>\n<p>n<\/p>\n<h6><strong>Vyl\u00fa\u010denia<\/strong><\/h6>\n<p>n<\/p>\n<ul>\nn \t<\/p>\n<li><span style=\"font-weight: 400;\">Spropitn\u00e9<\/span><\/li>\n<p>n \t<\/p>\n<li><span style=\"font-weight: 400;\">N\u00e1poj<\/span><\/li>\n<p>n<\/ul>\n<p>n<\/p>\n<h6><strong>Odchod a n\u00e1vrat<\/strong><\/h6>\n<p>n<span style=\"font-weight: 400;\">Prehliadka organizovan\u00e1 \u201eBooking Adventures\u201c za\u010d\u00edna na mieste stretnutia s turistick\u00fdm sprievodcom. Cestuj\u00faci z\u00edska miesto stretnutia po procese rezerv\u00e1cie. Prehliadky za\u010d\u00ednaj\u00fa a kon\u010dia na na\u0161ich miestach stretnutia.<\/span><br \/>\nn<\/p>\n<h2>Los Haitises v\u0161etko v jednom (jazda na kajaku, turistika, \u010dlnkovanie, jaskyniarstvo, pr\u00edrodn\u00fd baz\u00e9n a obed) z Las Terrenas<\/h2>\n<p>n<span style=\"font-weight: 400;\">\u010co o\u010dak\u00e1va\u0165?<\/span><br \/>\nn<br \/>\nn<span style=\"font-weight: 400;\">Z\u00edskajte l\u00edstok na eko-dobrodru\u017en\u00fa prehliadku n\u00e1rodn\u00e9ho parku Los Haitises All In One\u00a0<\/span><br \/>\nn<br \/>\nn<span style=\"font-weight: 400;\">T\u00e1to exkurzia sa za\u010d\u00edna na mieste stretnutia, ktor\u00e9 mus\u00edte potvrdi\u0165 na\u0161im cestovn\u00fdm kancel\u00e1ri\u00e1m alebo v\u00e1\u0161mu sprievodcovi, k\u00fdm sa vyd\u00e1te na ak\u00e9ko\u013evek miesto. Ke\u010f sa stretnete so svoj\u00edm sprievodcom, budete ma\u0165 preh\u013ead o prehliadke a v\u0161etkom, \u010do s\u00favis\u00ed s va\u0161\u00edm d\u0148om.<\/span><br \/>\nn<br \/>\nn<span style=\"font-weight: 400;\">Ke\u010f bud\u00fa v\u0161etci pripraven\u00ed, zamierime na prv\u00e9 miesto, ktor\u00fdm je Los Haitises Trail, kde budete ma\u0165 30-min\u00fatov\u00fa t\u00faru, po\u010das ktorej uvid\u00edme r\u00f4zne druhy endemick\u00fdch rastl\u00edn a vt\u00e1kov.\u00a0<\/span><br \/>\nn<br \/>\nn<span style=\"font-weight: 400;\">Po turistike sa vr\u00e1time na lo\u010f a odvezieme sa do Playita Las Almejas, kde s\u00fa pr\u00edrodn\u00e9 baz\u00e9ny, zatia\u013e \u010do sa budeme pohybova\u0165 mangrovov\u00fdm lesom a pl\u00e1\u0161\u0165om z\u00e1livu San Lorenzo, podel\u00edme sa s vami o pr\u00edbehy o Los Haitises, geol\u00f3gii a prejdeme si druhy mangrovov s v okol\u00ed z\u00e1livu San Lorenzo.\u00a0<\/span><br \/>\nn<br \/>\nn<span style=\"font-weight: 400;\">Ke\u010f pr\u00eddeme do Las Almejas, mali by ste si pripravi\u0165 plavky, aby ste mohli \u00eds\u0165 na kajak a p\u00e1dlova\u0165 so sprievodcom do Cave of the Line, zvy\u0161ok person\u00e1lu na v\u00e1s po\u010dk\u00e1, k\u00fdm nedokon\u010d\u00edte prv\u00fa \u010das\u0165 aktivity.<\/span><br \/>\nn<br \/>\nn<span style=\"font-weight: 400;\">Po\u010das tejto \u010dasti v\u00fdletu budete m\u00f4c\u0165 prejs\u0165 okolo star\u00e9ho pr\u00edstavu Las Perlas, ktor\u00fd je jednou z prv\u00fdch stavieb postaven\u00fdch Eur\u00f3panmi v tejto oblasti, okolo roku 1876, a bol spojen\u00fd s \u017eelezni\u010dnou tra\u0165ou, ktor\u00e1 bola k\u00e1vu, ban\u00e1ny a v\u0161etko, \u010do t\u00e1to skupina Eur\u00f3panov pestovala na \u00fazem\u00ed dne\u0161n\u00e9ho Los Haitises.\u00a0<\/span><br \/>\nn<br \/>\nn<span style=\"font-weight: 400;\">V jaskyni, ktor\u00fa nav\u0161t\u00edvite, je viac ako 1200 piktogramov, ktor\u00e9 nama\u013eovali Tainos, toto bol sp\u00f4sob, ako sa vyjadri\u0165, a dnes n\u00e1m toto umenie rozpr\u00e1va pr\u00edbehy, o ktor\u00fdch sme si ani nemysleli, \u017ee ich dnes n\u00e1jdeme. Ke\u010f tu skon\u010d\u00edte, vr\u00e1time sa sp\u00e4\u0165 do Playa de las Almejas na ob\u010derstvenie a k\u00fapanie.\u00a0<\/span><br \/>\nn<br \/>\nn<span style=\"font-weight: 400;\">Na spiato\u010dnej ceste z tejto oblasti v\u00e1m uk\u00e1\u017eeme nieko\u013eko druhov mangrovn\u00edkov a porozpr\u00e1vame sa o v\u00fdzname mangrovov\u00e9ho lesa pre ekol\u00f3giu ako ekosyst\u00e9m.<\/span><br \/>\nn<br \/>\nn<span style=\"font-weight: 400;\">Ke\u010f skon\u010d\u00edme s kajakom a pl\u00e1van\u00edm, d\u00e1me si prest\u00e1vku na miestny obed, aby sme prijali miestnu kuchy\u0148u a ochutnali najlep\u0161iu bielu ry\u017eu a \u010derven\u00fa fazu\u013eu na Karibskom ostrove.\u00a0<\/span><br \/>\nn<br \/>\nn<span style=\"font-weight: 400;\">Po obede a troche k\u00fapania v n\u00e1rodnom parku Los Haitises sa vraciame sp\u00e4\u0165 do Sanchezu, na spiato\u010dnej ceste si u\u017eijeme 30 min\u00fat jazdy na polostrov Samana, tento v\u00fdlet kon\u010d\u00ed na tom istom mieste, kde za\u010dal.<\/span><br \/>\nn<br \/>\nn<span style=\"font-weight: 400;\">Pozn\u00e1mka: Tieto z\u00e1jazdy s\u00fa s ofici\u00e1lnymi ekologick\u00fdmi sprievodcami. Pros\u00edm, rezervujte si \u010das, preto\u017ee v parku nie je pr\u00edli\u0161 ve\u013ea \u0161pecialistov.<\/span><br \/>\nn<\/p>\n<h6><strong>\u010co by ste si mali prinies\u0165?<\/strong><\/h6>\n<p>n<\/p>\n<ul>\nn \t<\/p>\n<li style=\"font-weight: 400;\" aria-level=\"1\"><span style=\"font-weight: 400;\">fotoapar\u00e1t<\/span><\/li>\n<p>n \t<\/p>\n<li style=\"font-weight: 400;\" aria-level=\"1\"><span style=\"font-weight: 400;\">Bug Spray\u00a0<\/span><\/li>\n<p>n \t<\/p>\n<li style=\"font-weight: 400;\" aria-level=\"1\"><span style=\"font-weight: 400;\">Opa\u013eovac\u00ed kr\u00e9m<\/span><\/li>\n<p>n \t<\/p>\n<li style=\"font-weight: 400;\" aria-level=\"1\"><span style=\"font-weight: 400;\">Pohodln\u00e9 nohavice<\/span><\/li>\n<p>n \t<\/p>\n<li style=\"font-weight: 400;\" aria-level=\"1\"><span style=\"font-weight: 400;\">Turistick\u00e1 obuv<\/span><\/li>\n<p>n \t<\/p>\n<li style=\"font-weight: 400;\" aria-level=\"1\"><span style=\"font-weight: 400;\">Pr\u0161ipl\u00e1\u0161\u0165\u00a0<\/span><\/li>\n<p>n \t<\/p>\n<li style=\"font-weight: 400;\" aria-level=\"1\"><span style=\"font-weight: 400;\">Plavky\u00a0<\/span><\/li>\n<p>n \t<\/p>\n<li style=\"font-weight: 400;\" aria-level=\"1\"><span style=\"font-weight: 400;\">Uter\u00e1k<\/span><\/li>\n<p>n \t<\/p>\n<li style=\"font-weight: 400;\" aria-level=\"1\"><span style=\"font-weight: 400;\">Such\u00fd vak\u00a0\u00a0<\/span><\/li>\n<p>n<\/ul>\n<p>n<\/p>\n<h4><b><i>Vyzdvihnutie v hoteli <\/i><\/b><\/h4>\n<p>n<span style=\"font-weight: 400;\">Pre tento z\u00e1jazd je k dispoz\u00edcii vyzdvihnutie v hoteli. Pr\u00e1ve ste v Santa Barbara de Samana, Las Terrenas, Las Galeras a Sanchez\u00a0<\/span><br \/>\nn<br \/>\nn<b>Pozn\u00e1mka:<\/b><span style=\"font-weight: 400;\"> Ak si rezervujete do 72 hod\u00edn od \u010dasu odchodu z\u00e1jazdu\/exkurzie, m\u00f4\u017eeme zariadi\u0165 vyzdvihnutie v hoteli za pr\u00edplatok z ak\u00e9hoko\u013evek miesta Dominik\u00e1nskej republiky. Po dokon\u010den\u00ed n\u00e1kupu v\u00e1m po\u0161leme kompletn\u00e9 kontaktn\u00e9 inform\u00e1cie (telef\u00f3nne \u010d\u00edslo, e-mailov\u00fa adresu at\u010f.) pre n\u00e1\u0161ho miestneho sprievodcu, aby sme mohli zorganizova\u0165 opatrenia na vyzdvihnutie.<\/span><br \/>\nn<\/p>\n<h4><b><i>Potvrdenie dodato\u010dn\u00fdch inform\u00e1ci\u00ed <\/i><\/b><\/h4>\n<p>n<\/p>\n<ol>\nn \t<\/p>\n<li>Vstupenky s\u00fa potvrden\u00edm po zaplaten\u00ed tohto z\u00e1jazdu. Platbu m\u00f4\u017eete zobrazi\u0165 na telef\u00f3ne.<\/li>\n<p>n \t<\/p>\n<li style=\"font-weight: 400;\"><span style=\"font-weight: 400;\">Miesto stretnutia bude prijat\u00e9 po procese rezerv\u00e1cie.<\/span><\/li>\n<p>n \t<\/p>\n<li style=\"font-weight: 400;\"><span style=\"font-weight: 400;\">Deti musia by\u0165 v sprievode dospelej osoby.<\/span><\/li>\n<p>n \t<\/p>\n<li style=\"font-weight: 400;\"><span style=\"font-weight: 400;\"> Bezbari\u00e9rov\u00fd pr\u00edstup <\/span><\/li>\n<p>n \t<\/p>\n<li style=\"font-weight: 400;\"><span style=\"font-weight: 400;\">Doj\u010dat\u00e1 musia sedie\u0165 na kolen\u00e1ch <\/span><\/li>\n<p>n \t<\/p>\n<li style=\"font-weight: 400;\"><span style=\"font-weight: 400;\">Neodpor\u00fa\u010da sa pre cestuj\u00facich s probl\u00e9mami s chrbtom<\/span><\/li>\n<p>n \t<\/p>\n<li style=\"font-weight: 400;\"><span style=\"font-weight: 400;\">Neodpor\u00fa\u010da sa pre tehotn\u00e9 cestovate\u013eky <\/span><\/li>\n<p>n \t<\/p>\n<li style=\"font-weight: 400;\"><span style=\"font-weight: 400;\"> \u017diadne srdcov\u00e9 probl\u00e9my ani in\u00e9 v\u00e1\u017ene zdravotn\u00e9 \u0165a\u017ekosti <\/span><\/li>\n<p>n \t<\/p>\n<li style=\"font-weight: 400;\"><span style=\"font-weight: 400;\">V\u00e4\u010d\u0161ina cestovate\u013eov sa m\u00f4\u017ee z\u00fa\u010dastni\u0165<\/span><\/li>\n<p>n<\/ol>\n<p>n<\/p>\n<h4><b><i>Podmienky zru\u0161enia<\/i><\/b><\/h4>\n<p>n<span style=\"font-weight: 400;\">Ak chcete z\u00edska\u0165 pln\u00fa n\u00e1hradu, pre\u010d\u00edtajte si na\u0161e pravidl\u00e1 pre zru\u0161enie\u00a0<a href=\"https:\/\/www.boattoursamana.com\/sk\/online-rezervacia\/\" target=\"_blank\" rel=\"noopener\" data-saferedirecturl=\"https:\/\/www.google.com\/url?q=https:\/\/www.boattoursamana.com\/online-booking\/&amp;source=gmail&amp;ust=1672449202351000&amp;usg=AOvVaw1yAeVAPktmaVCqDujgUn90\">Kliknite tu<\/a>. Finan\u010dn\u00e9 prostriedky bud\u00fa straten\u00e9, ak bude rezerv\u00e1cia zru\u0161en\u00e1 v ten ist\u00fd de\u0148 z\u00e1jazdu.<\/span><\/p>\n\n\t\t<\/div>\n\t<\/div>\n<div class=\"mkdf-section-title-holder\" style=\"text-align: left\">\n\t<div class=\"mkdf-st-inner\">\n\t\t\t\t\t<h5 class=\"mkdf-st-subtitle\" >\n\t\t\t\t( V\u0161etko v jednom )\t\t\t<\/h5>\n\t\t\t\t\t\t\t<h3 class=\"mkdf-st-title\" >\n\t\t\t\tLos Haitises v\u0161etko v jednom (jazda na kajaku, turistika, \u010dlnkovanie, jaskyniarstvo, pr\u00edrodn\u00fd baz\u00e9n a obed) z Las Terrenas\t\t\t<\/h3>\n\t\t\t\t\t\t\t<p class=\"mkdf-st-text\" >\n\t\t\t\tT\u00e1to sk\u00fasenos\u0165 vy\u017eaduje minim\u00e1lne 2 \u00fa\u010dastn\u00edkov. Ak nie ste 2, nev\u00e1hajte n\u00e1s kontaktova\u0165!\t\t\t<\/p>\n\t\t\t<\/div>\n<\/div><\/div><\/div><\/div><\/div><div class=\"vc_row wpb_row vc_row-fluid\" ><div class=\"wpb_column vc_column_container vc_col-sm-12\"><div class=\"vc_column-inner\"><div class=\"wpb_wrapper\"><\/div><\/div><\/div><\/div><div class=\"vc_row wpb_row vc_row-fluid\" ><\/div><div class=\"wpb_column vc_column_container vc_col-sm-12\"><div class=\"vc_column-inner\"><div class=\"wpb_wrapper\"><\/div><\/div><\/div><div class=\"vc_empty_space\"   style=\"height: 32px\"><span class=\"vc_empty_space_inner\"><\/span><\/div><div class=\"vc_empty_space\"   style=\"height: 32px\"><span class=\"vc_empty_space_inner\"><\/span><\/div>","protected":false},"excerpt":{"rendered":"<p>Escape the city to immerse yourself between the historical and fishing town of Sanchez and the capital of Los HaitisesSabana de la Mar. Sanchez is known as a center of exportation and for having a train that was coming from La vega province built a the end of 1800. Come with us and enjoy the fresh waters of one of the unexplored beaches of Los Haitises National Park, where San Lorenzo Bay is located. The place is accessible by boat, [&hellip;]<\/p>\n","protected":false},"author":2,"featured_media":0,"parent":0,"menu_order":0,"comment_status":"open","ping_status":"closed","template":"","meta":{"footnotes":""},"class_list":["post-15878","page","type-page","status-publish","hentry"],"_links":{"self":[{"href":"https:\/\/www.boattoursamana.com\/sk\/wp-json\/wp\/v2\/pages\/15878","targetHints":{"allow":["GET"]}}],"collection":[{"href":"https:\/\/www.boattoursamana.com\/sk\/wp-json\/wp\/v2\/pages"}],"about":[{"href":"https:\/\/www.boattoursamana.com\/sk\/wp-json\/wp\/v2\/types\/page"}],"author":[{"embeddable":true,"href":"https:\/\/www.boattoursamana.com\/sk\/wp-json\/wp\/v2\/users\/2"}],"replies":[{"embeddable":true,"href":"https:\/\/www.boattoursamana.com\/sk\/wp-json\/wp\/v2\/comments?post=15878"}],"version-history":[{"count":0,"href":"https:\/\/www.boattoursamana.com\/sk\/wp-json\/wp\/v2\/pages\/15878\/revisions"}],"wp:attachment":[{"href":"https:\/\/www.boattoursamana.com\/sk\/wp-json\/wp\/v2\/media?parent=15878"}],"curies":[{"name":"wp","href":"https:\/\/api.w.org\/{rel}","templated":true}]}}